{"id":170508,"date":"2024-10-07T12:32:10","date_gmt":"2024-10-07T17:32:10","guid":{"rendered":"https:\/\/www.lasikvisioninstitute.com\/todo-sobre-el-lasik-con-el-dr-jeffrey-machat\/"},"modified":"2026-02-27T13:28:40","modified_gmt":"2026-02-27T18:28:40","slug":"todo-sobre-el-lasik-con-el-dr-jeffrey-machat","status":"publish","type":"page","link":"https:\/\/www.lasikvisioninstitute.com\/es\/todo-sobre-el-lasik-con-el-dr-jeffrey-machat\/","title":{"rendered":"Todo sobre el LASIK con el Dr. Jeffrey Machat"},"content":{"rendered":"\n<div class=\"wp-block-media-text alignfull is-stacked-on-mobile is-image-fill-element has-light-gray-background-color has-background\"><figure class=\"wp-block-media-text__media\"><img decoding=\"async\" width=\"1080\" height=\"1080\" src=\"https:\/\/www.lasikvisioninstitute.com\/wp-content\/uploads\/2024\/10\/Machat.png\" alt=\"\" class=\"wp-image-170112 size-full\" style=\"object-position:60% 14%\" srcset=\"https:\/\/www.lasikvisioninstitute.com\/wp-content\/uploads\/2024\/10\/Machat.png 1080w, https:\/\/www.lasikvisioninstitute.com\/wp-content\/uploads\/2024\/10\/Machat-600x600.png 600w, https:\/\/www.lasikvisioninstitute.com\/wp-content\/uploads\/2024\/10\/Machat-150x150.png 150w, https:\/\/www.lasikvisioninstitute.com\/wp-content\/uploads\/2024\/10\/Machat-768x768.png 768w\" sizes=\"(max-width: 1080px) 100vw, 1080px\" \/><\/figure><div class=\"wp-block-media-text__content\">\n<div style=\"height:100px\" aria-hidden=\"true\" class=\"wp-block-spacer\"><\/div>\n\n\n\n<p class=\"has-green-color has-text-color\" style=\"font-size:clamp(14px, 0.875rem + ((1vw - 3.2px) * 0.625), 20px);\"><p class=\"has-green-color has-text-color\" style=\"font-size:20px\"><\/p><p class=\"h6 letter-spacing has-teal-color has-text-color\" style=\"font-size:20px\">tus preguntas, respondidas<\/p><\/p>\n\n\n\n<h1 class=\"wp-block-heading\">Sea cual sea tu pregunta sobre LASIK, tenemos una respuesta<\/h1>\n\n\n\n<div style=\"height:10px\" aria-hidden=\"true\" class=\"wp-block-spacer\"><\/div>\n\n\n\n<p class=\"has-normal-font-size\"><meta charset=\"utf-8\">El Dr. Machat disipa algunos mitos sobre el LASIK, responde a las preguntas m\u00e1s frecuentes de los pacientes y proporciona informaci\u00f3n general sobre el LASIK y la PRK.<\/p>\n\n\n\n<div class=\"wp-block-buttons is-layout-flex wp-block-buttons-is-layout-flex\">\n<div class=\"wp-block-button\"><a class=\"wp-block-button__link wp-element-button\" href=\"https:\/\/www.lasikvisioninstitute.com\/es\/ischedule\/\">Programa una consulta gratuita<\/a><\/div>\n<\/div>\n\n\n\n<div style=\"height:100px\" aria-hidden=\"true\" class=\"wp-block-spacer\"><\/div>\n<\/div><\/div>\n\n\n\n<div style=\"height:100px\" aria-hidden=\"true\" class=\"wp-block-spacer\"><\/div>\n\n\n\n<div class=\"wp-block-media-text is-stacked-on-mobile\"><figure class=\"wp-block-media-text__media\"><video controls src=\"https:\/\/www.lasikvisioninstitute.com\/wp-content\/uploads\/2024\/10\/charlotte_lvi_dr_machat_myths_debunked_edits_captions_horizontal-1080p.mp4\"><\/video><\/figure><div class=\"wp-block-media-text__content\">\n<p>El Dr. Machat responde a nuestras dos preguntas m\u00e1s frecuentes; &#8220;\u00bfY si parpadeo?&#8221; y &#8220;\u00bfY si mi ojo se mueve durante la intervenci\u00f3n?&#8221;<\/p>\n<\/div><\/div>\n\n\n\n<div class=\"wp-block-media-text has-media-on-the-right is-stacked-on-mobile\"><div class=\"wp-block-media-text__content\">\n<p>El Dr. Machat explica la importancia y la precisi\u00f3n del LASIK personalizado sin bistur\u00ed.  <\/p>\n<\/div><figure class=\"wp-block-media-text__media\"><video controls src=\"https:\/\/www.lasikvisioninstitute.com\/wp-content\/uploads\/2024\/10\/the_importance__accuracy_of_custom_lasik_-_dr._machat-720p-1.mp4\"><\/video><\/figure><\/div>\n\n\n\n<div style=\"height:100px\" aria-hidden=\"true\" class=\"wp-block-spacer\"><\/div>\n\n\n\n<section class=\"blocks block-offer-cta alignfull \" id=\"block_ea987e977cee15fe7bf9fe61f8322a87\">\n    <div class=\"container\">\n        <div class=\"content\">\n            \n                            <h2 class=\"h1\"><span class=\"offer_line1\"><\/span> <span class=\"offer_line2\"><\/span> <span class=\"offer_line3\"><\/span>!<\/h2>\n                <p>\u00a1Programe una Consulta GRATUITA Hoy!<\/p>\n                        \n            <div class=\"button-holder\">\n                <a class=\"button button--neon-green\" href=\"\/ischedule\/\">Empieza Ahora<i class=\"fa-sharp fa-solid fa-arrow-right\"><\/i><\/a>\n                <a class=\"button button--outline button--outline--white\" href=\"\/quiz\/\">\u00bfSoy un Candidato?<\/a>\n            <\/div>\n            \n            <div class=\"offer_footer_cta_disclaimer\"><\/div>\n        <\/div>\n    <\/div>\n<\/section>\n\n\n\n<div style=\"height:100px\" aria-hidden=\"true\" class=\"wp-block-spacer\"><\/div>\n","protected":false},"excerpt":{"rendered":"<p>El Dr. Machat responde a nuestras dos preguntas m\u00e1s frecuentes; &#8220;\u00bfY si parpadeo?&#8221; y &#8220;\u00bfY si mi ojo se mueve durante la intervenci\u00f3n?&#8221; El Dr. Machat explica la importancia y la precisi\u00f3n del LASIK personalizado sin bistur\u00ed.<\/p>\n","protected":false},"author":33,"featured_media":0,"parent":0,"menu_order":0,"comment_status":"closed","ping_status":"closed","template":"","meta":{"_acf_changed":false,"footnotes":""},"class_list":["post-170508","page","type-page","status-publish"],"acf":[],"yoast_head":"<!-- This site is optimized with the Yoast SEO plugin v27.6 - https:\/\/yoast.com\/product\/yoast-seo-wordpress\/ -->\n<title>Todo sobre el LASIK con el Dr. Jeffrey Machat - The LASIK Vision Institute<\/title>\n<meta name=\"description\" content=\"El Dr. Jeffrey Machat, cirujano experto en LASIK, responde a las preguntas m\u00e1s frecuentes de los pacientes y ofrece informaci\u00f3n para ayudarles a tomar una decisi\u00f3n informada.\" \/>\n<meta name=\"robots\" content=\"index, follow, max-snippet:-1, max-image-preview:large, max-video-preview:-1\" \/>\n<link rel=\"canonical\" href=\"https:\/\/www.lasikvisioninstitute.com\/es\/todo-sobre-el-lasik-con-el-dr-jeffrey-machat\/\" \/>\n<meta property=\"og:locale\" content=\"es_ES\" \/>\n<meta property=\"og:type\" content=\"article\" \/>\n<meta property=\"og:title\" content=\"Todo sobre el LASIK con el Dr. Jeffrey Machat - The LASIK Vision Institute\" \/>\n<meta property=\"og:description\" content=\"El Dr. Jeffrey Machat, cirujano experto en LASIK, responde a las preguntas m\u00e1s frecuentes de los pacientes y ofrece informaci\u00f3n para ayudarles a tomar una decisi\u00f3n informada.\" \/>\n<meta property=\"og:url\" content=\"https:\/\/www.lasikvisioninstitute.com\/es\/todo-sobre-el-lasik-con-el-dr-jeffrey-machat\/\" \/>\n<meta property=\"og:site_name\" content=\"The LASIK Vision Institute\" \/>\n<meta property=\"article:modified_time\" content=\"2026-02-27T18:28:40+00:00\" \/>\n<meta property=\"og:image\" content=\"https:\/\/www.lasikvisioninstitute.com\/wp-content\/uploads\/2024\/10\/Machat.png\" \/>\n\t<meta property=\"og:image:width\" content=\"1080\" \/>\n\t<meta property=\"og:image:height\" content=\"1080\" \/>\n\t<meta property=\"og:image:type\" content=\"image\/png\" \/>\n<meta name=\"twitter:card\" content=\"summary_large_image\" \/>\n<script type=\"application\/ld+json\" class=\"yoast-schema-graph\">{\"@context\":\"https:\\\/\\\/schema.org\",\"@graph\":[{\"@type\":\"WebPage\",\"@id\":\"https:\\\/\\\/www.lasikvisioninstitute.com\\\/es\\\/todo-sobre-el-lasik-con-el-dr-jeffrey-machat\\\/\",\"url\":\"https:\\\/\\\/www.lasikvisioninstitute.com\\\/es\\\/todo-sobre-el-lasik-con-el-dr-jeffrey-machat\\\/\",\"name\":\"Todo sobre el LASIK con el Dr. Jeffrey Machat - The LASIK Vision Institute\",\"isPartOf\":{\"@id\":\"https:\\\/\\\/www.lasikvisioninstitute.com\\\/es\\\/#website\"},\"primaryImageOfPage\":{\"@id\":\"https:\\\/\\\/www.lasikvisioninstitute.com\\\/es\\\/todo-sobre-el-lasik-con-el-dr-jeffrey-machat\\\/#primaryimage\"},\"image\":{\"@id\":\"https:\\\/\\\/www.lasikvisioninstitute.com\\\/es\\\/todo-sobre-el-lasik-con-el-dr-jeffrey-machat\\\/#primaryimage\"},\"thumbnailUrl\":\"https:\\\/\\\/www.lasikvisioninstitute.com\\\/wp-content\\\/uploads\\\/2024\\\/10\\\/Machat.png\",\"datePublished\":\"2024-10-07T17:32:10+00:00\",\"dateModified\":\"2026-02-27T18:28:40+00:00\",\"description\":\"El Dr. Jeffrey Machat, cirujano experto en LASIK, responde a las preguntas m\u00e1s frecuentes de los pacientes y ofrece informaci\u00f3n para ayudarles a tomar una decisi\u00f3n informada.\",\"breadcrumb\":{\"@id\":\"https:\\\/\\\/www.lasikvisioninstitute.com\\\/es\\\/todo-sobre-el-lasik-con-el-dr-jeffrey-machat\\\/#breadcrumb\"},\"inLanguage\":\"es-ES\",\"potentialAction\":[{\"@type\":\"ReadAction\",\"target\":[\"https:\\\/\\\/www.lasikvisioninstitute.com\\\/es\\\/todo-sobre-el-lasik-con-el-dr-jeffrey-machat\\\/\"]}]},{\"@type\":\"ImageObject\",\"inLanguage\":\"es-ES\",\"@id\":\"https:\\\/\\\/www.lasikvisioninstitute.com\\\/es\\\/todo-sobre-el-lasik-con-el-dr-jeffrey-machat\\\/#primaryimage\",\"url\":\"https:\\\/\\\/www.lasikvisioninstitute.com\\\/wp-content\\\/uploads\\\/2024\\\/10\\\/Machat.png\",\"contentUrl\":\"https:\\\/\\\/www.lasikvisioninstitute.com\\\/wp-content\\\/uploads\\\/2024\\\/10\\\/Machat.png\"},{\"@type\":\"BreadcrumbList\",\"@id\":\"https:\\\/\\\/www.lasikvisioninstitute.com\\\/es\\\/todo-sobre-el-lasik-con-el-dr-jeffrey-machat\\\/#breadcrumb\",\"itemListElement\":[{\"@type\":\"ListItem\",\"position\":1,\"name\":\"Portada\",\"item\":\"https:\\\/\\\/www.lasikvisioninstitute.com\\\/es\\\/\"},{\"@type\":\"ListItem\",\"position\":2,\"name\":\"Todo sobre el LASIK con el Dr. Jeffrey Machat\"}]},{\"@type\":\"WebSite\",\"@id\":\"https:\\\/\\\/www.lasikvisioninstitute.com\\\/es\\\/#website\",\"url\":\"https:\\\/\\\/www.lasikvisioninstitute.com\\\/es\\\/\",\"name\":\"The LASIK Vision Institute\",\"description\":\"1.4 Million LASIK Eye Surgeries and Counting\",\"publisher\":{\"@id\":\"https:\\\/\\\/www.lasikvisioninstitute.com\\\/es\\\/#organization\"},\"potentialAction\":[{\"@type\":\"SearchAction\",\"target\":{\"@type\":\"EntryPoint\",\"urlTemplate\":\"https:\\\/\\\/www.lasikvisioninstitute.com\\\/es\\\/?s={search_term_string}\"},\"query-input\":{\"@type\":\"PropertyValueSpecification\",\"valueRequired\":true,\"valueName\":\"search_term_string\"}}],\"inLanguage\":\"es-ES\"},{\"@type\":\"Organization\",\"@id\":\"https:\\\/\\\/www.lasikvisioninstitute.com\\\/es\\\/#organization\",\"name\":\"The LASIK Vision Institute\",\"url\":\"https:\\\/\\\/www.lasikvisioninstitute.com\\\/es\\\/\",\"logo\":{\"@type\":\"ImageObject\",\"inLanguage\":\"es-ES\",\"@id\":\"https:\\\/\\\/www.lasikvisioninstitute.com\\\/es\\\/#\\\/schema\\\/logo\\\/image\\\/\",\"url\":\"https:\\\/\\\/www.lasikvisioninstitute.com\\\/wp-content\\\/uploads\\\/2019\\\/10\\\/The-LASIK-Vision-Institute-Logo.png\",\"contentUrl\":\"https:\\\/\\\/www.lasikvisioninstitute.com\\\/wp-content\\\/uploads\\\/2019\\\/10\\\/The-LASIK-Vision-Institute-Logo.png\",\"width\":1000,\"height\":289,\"caption\":\"The LASIK Vision Institute\"},\"image\":{\"@id\":\"https:\\\/\\\/www.lasikvisioninstitute.com\\\/es\\\/#\\\/schema\\\/logo\\\/image\\\/\"}}]}<\/script>\n<!-- \/ Yoast SEO plugin. -->","yoast_head_json":{"title":"Todo sobre el LASIK con el Dr. Jeffrey Machat - The LASIK Vision Institute","description":"El Dr. Jeffrey Machat, cirujano experto en LASIK, responde a las preguntas m\u00e1s frecuentes de los pacientes y ofrece informaci\u00f3n para ayudarles a tomar una decisi\u00f3n informada.","robots":{"index":"index","follow":"follow","max-snippet":"max-snippet:-1","max-image-preview":"max-image-preview:large","max-video-preview":"max-video-preview:-1"},"canonical":"https:\/\/www.lasikvisioninstitute.com\/es\/todo-sobre-el-lasik-con-el-dr-jeffrey-machat\/","og_locale":"es_ES","og_type":"article","og_title":"Todo sobre el LASIK con el Dr. Jeffrey Machat - The LASIK Vision Institute","og_description":"El Dr. Jeffrey Machat, cirujano experto en LASIK, responde a las preguntas m\u00e1s frecuentes de los pacientes y ofrece informaci\u00f3n para ayudarles a tomar una decisi\u00f3n informada.","og_url":"https:\/\/www.lasikvisioninstitute.com\/es\/todo-sobre-el-lasik-con-el-dr-jeffrey-machat\/","og_site_name":"The LASIK Vision Institute","article_modified_time":"2026-02-27T18:28:40+00:00","og_image":[{"width":1080,"height":1080,"url":"https:\/\/www.lasikvisioninstitute.com\/wp-content\/uploads\/2024\/10\/Machat.png","type":"image\/png"}],"twitter_card":"summary_large_image","schema":{"@context":"https:\/\/schema.org","@graph":[{"@type":"WebPage","@id":"https:\/\/www.lasikvisioninstitute.com\/es\/todo-sobre-el-lasik-con-el-dr-jeffrey-machat\/","url":"https:\/\/www.lasikvisioninstitute.com\/es\/todo-sobre-el-lasik-con-el-dr-jeffrey-machat\/","name":"Todo sobre el LASIK con el Dr. Jeffrey Machat - The LASIK Vision Institute","isPartOf":{"@id":"https:\/\/www.lasikvisioninstitute.com\/es\/#website"},"primaryImageOfPage":{"@id":"https:\/\/www.lasikvisioninstitute.com\/es\/todo-sobre-el-lasik-con-el-dr-jeffrey-machat\/#primaryimage"},"image":{"@id":"https:\/\/www.lasikvisioninstitute.com\/es\/todo-sobre-el-lasik-con-el-dr-jeffrey-machat\/#primaryimage"},"thumbnailUrl":"https:\/\/www.lasikvisioninstitute.com\/wp-content\/uploads\/2024\/10\/Machat.png","datePublished":"2024-10-07T17:32:10+00:00","dateModified":"2026-02-27T18:28:40+00:00","description":"El Dr. Jeffrey Machat, cirujano experto en LASIK, responde a las preguntas m\u00e1s frecuentes de los pacientes y ofrece informaci\u00f3n para ayudarles a tomar una decisi\u00f3n informada.","breadcrumb":{"@id":"https:\/\/www.lasikvisioninstitute.com\/es\/todo-sobre-el-lasik-con-el-dr-jeffrey-machat\/#breadcrumb"},"inLanguage":"es-ES","potentialAction":[{"@type":"ReadAction","target":["https:\/\/www.lasikvisioninstitute.com\/es\/todo-sobre-el-lasik-con-el-dr-jeffrey-machat\/"]}]},{"@type":"ImageObject","inLanguage":"es-ES","@id":"https:\/\/www.lasikvisioninstitute.com\/es\/todo-sobre-el-lasik-con-el-dr-jeffrey-machat\/#primaryimage","url":"https:\/\/www.lasikvisioninstitute.com\/wp-content\/uploads\/2024\/10\/Machat.png","contentUrl":"https:\/\/www.lasikvisioninstitute.com\/wp-content\/uploads\/2024\/10\/Machat.png"},{"@type":"BreadcrumbList","@id":"https:\/\/www.lasikvisioninstitute.com\/es\/todo-sobre-el-lasik-con-el-dr-jeffrey-machat\/#breadcrumb","itemListElement":[{"@type":"ListItem","position":1,"name":"Portada","item":"https:\/\/www.lasikvisioninstitute.com\/es\/"},{"@type":"ListItem","position":2,"name":"Todo sobre el LASIK con el Dr. Jeffrey Machat"}]},{"@type":"WebSite","@id":"https:\/\/www.lasikvisioninstitute.com\/es\/#website","url":"https:\/\/www.lasikvisioninstitute.com\/es\/","name":"The LASIK Vision Institute","description":"1.4 Million LASIK Eye Surgeries and Counting","publisher":{"@id":"https:\/\/www.lasikvisioninstitute.com\/es\/#organization"},"potentialAction":[{"@type":"SearchAction","target":{"@type":"EntryPoint","urlTemplate":"https:\/\/www.lasikvisioninstitute.com\/es\/?s={search_term_string}"},"query-input":{"@type":"PropertyValueSpecification","valueRequired":true,"valueName":"search_term_string"}}],"inLanguage":"es-ES"},{"@type":"Organization","@id":"https:\/\/www.lasikvisioninstitute.com\/es\/#organization","name":"The LASIK Vision Institute","url":"https:\/\/www.lasikvisioninstitute.com\/es\/","logo":{"@type":"ImageObject","inLanguage":"es-ES","@id":"https:\/\/www.lasikvisioninstitute.com\/es\/#\/schema\/logo\/image\/","url":"https:\/\/www.lasikvisioninstitute.com\/wp-content\/uploads\/2019\/10\/The-LASIK-Vision-Institute-Logo.png","contentUrl":"https:\/\/www.lasikvisioninstitute.com\/wp-content\/uploads\/2019\/10\/The-LASIK-Vision-Institute-Logo.png","width":1000,"height":289,"caption":"The LASIK Vision Institute"},"image":{"@id":"https:\/\/www.lasikvisioninstitute.com\/es\/#\/schema\/logo\/image\/"}}]}},"_links":{"self":[{"href":"https:\/\/www.lasikvisioninstitute.com\/es\/wp-json\/wp\/v2\/pages\/170508","targetHints":{"allow":["GET"]}}],"collection":[{"href":"https:\/\/www.lasikvisioninstitute.com\/es\/wp-json\/wp\/v2\/pages"}],"about":[{"href":"https:\/\/www.lasikvisioninstitute.com\/es\/wp-json\/wp\/v2\/types\/page"}],"author":[{"embeddable":true,"href":"https:\/\/www.lasikvisioninstitute.com\/es\/wp-json\/wp\/v2\/users\/33"}],"replies":[{"embeddable":true,"href":"https:\/\/www.lasikvisioninstitute.com\/es\/wp-json\/wp\/v2\/comments?post=170508"}],"version-history":[{"count":1,"href":"https:\/\/www.lasikvisioninstitute.com\/es\/wp-json\/wp\/v2\/pages\/170508\/revisions"}],"predecessor-version":[{"id":177381,"href":"https:\/\/www.lasikvisioninstitute.com\/es\/wp-json\/wp\/v2\/pages\/170508\/revisions\/177381"}],"wp:attachment":[{"href":"https:\/\/www.lasikvisioninstitute.com\/es\/wp-json\/wp\/v2\/media?parent=170508"}],"curies":[{"name":"wp","href":"https:\/\/api.w.org\/{rel}","templated":true}]}}