{"id":170358,"date":"2024-10-18T14:36:58","date_gmt":"2024-10-18T19:36:58","guid":{"rendered":"https:\/\/www.lasikvisioninstitute.com\/?page_id=170358"},"modified":"2026-02-27T13:27:35","modified_gmt":"2026-02-27T18:27:35","slug":"cobertura-del-seguro-lasik-para-miembros-de-unitedhealthcare","status":"publish","type":"page","link":"https:\/\/www.lasikvisioninstitute.com\/es\/cobertura-del-seguro-lasik-para-miembros-de-unitedhealthcare\/","title":{"rendered":"Cobertura del seguro LASIK para miembros de UnitedHealthcare"},"content":{"rendered":"\n<div class=\"wp-block-media-text alignfull is-stacked-on-mobile is-image-fill-element has-light-gray-background-color has-background\"><figure class=\"wp-block-media-text__media\"><img decoding=\"async\" width=\"1400\" height=\"934\" src=\"https:\/\/www.lasikvisioninstitute.com\/wp-content\/uploads\/2024\/09\/2148461428-1400x934.jpg\" alt=\"\u00bfCubre el seguro el LASIK?\" class=\"wp-image-169724 size-full\" style=\"object-position:69% 33%\" srcset=\"https:\/\/www.lasikvisioninstitute.com\/wp-content\/uploads\/2024\/09\/2148461428-1400x934.jpg 1400w, https:\/\/www.lasikvisioninstitute.com\/wp-content\/uploads\/2024\/09\/2148461428-600x400.jpg 600w, https:\/\/www.lasikvisioninstitute.com\/wp-content\/uploads\/2024\/09\/2148461428-768x513.jpg 768w, https:\/\/www.lasikvisioninstitute.com\/wp-content\/uploads\/2024\/09\/2148461428.jpg 1500w\" sizes=\"(max-width: 1400px) 100vw, 1400px\" \/><\/figure><div class=\"wp-block-media-text__content\">\n<div style=\"height:50px\" aria-hidden=\"true\" class=\"wp-block-spacer\"><\/div>\n\n\n\n<h1 class=\"wp-block-heading\" id=\"am-i-a-candidate-for-lasik-eye-surgery\" style=\"margin-top:0.25em\">Descubre c\u00f3mo UnitedHealthcare puede ahorrarte dinero en la cirug\u00eda ocular LASIK  <\/h1>\n\n\n\n<div style=\"height:10px\" aria-hidden=\"true\" class=\"wp-block-spacer\"><\/div>\n\n\n\n<p class=\"has-normal-font-size\">UnitedHealthcare (UHC) te permite ahorrar en cirug\u00eda ocular LASIK en The LASIK Vision Institute, tu proveedor de LASIK destacado. Descubre c\u00f3mo las prestaciones de tu seguro pueden ayudarte a conseguir una visi\u00f3n natural mejorada sin arruinarte.   <\/p>\n\n\n\n<div class=\"wp-block-buttons is-layout-flex wp-block-buttons-is-layout-flex\">\n<div class=\"wp-block-button\"><a class=\"wp-block-button__link wp-element-button\" href=\"https:\/\/www.lasikvisioninstitute.com\/es\/ischedule\/\">Programa una consulta gratuita<\/a><\/div>\n<\/div>\n\n\n\n<div style=\"height:50px\" aria-hidden=\"true\" class=\"wp-block-spacer\"><\/div>\n<\/div><\/div>\n\n\n\n<div style=\"height:100px\" aria-hidden=\"true\" class=\"wp-block-spacer\"><\/div>\n\n\n\n<p><\/p>\n\n\n\n<div class=\"wp-block-media-text alignwide is-stacked-on-mobile is-image-fill-element\"><figure class=\"wp-block-media-text__media\"><img decoding=\"async\" width=\"1400\" height=\"934\" src=\"https:\/\/www.lasikvisioninstitute.com\/wp-content\/uploads\/2024\/09\/19758-1400x934.jpg\" alt=\"LASIK y cobertura del seguro\" class=\"wp-image-169726 size-full\" style=\"object-position:56% 0%\" srcset=\"https:\/\/www.lasikvisioninstitute.com\/wp-content\/uploads\/2024\/09\/19758-1400x934.jpg 1400w, https:\/\/www.lasikvisioninstitute.com\/wp-content\/uploads\/2024\/09\/19758-600x400.jpg 600w, https:\/\/www.lasikvisioninstitute.com\/wp-content\/uploads\/2024\/09\/19758-768x513.jpg 768w, https:\/\/www.lasikvisioninstitute.com\/wp-content\/uploads\/2024\/09\/19758.jpg 1500w\" sizes=\"(max-width: 1400px) 100vw, 1400px\" \/><\/figure><div class=\"wp-block-media-text__content\">\n<div style=\"height:50px\" aria-hidden=\"true\" class=\"wp-block-spacer\"><\/div>\n\n\n\n<h2 class=\"wp-block-heading\" id=\"lasik-candidates-should-have-good-eye-health\"><strong>Comprender la cobertura de UnitedHealthcare para LASIK<\/strong><\/h2>\n\n\n\n<p><strong>Aunque UHC no proporciona cobertura LASIK, los afiliados pueden disfrutar de ahorros sustanciales:  <\/strong><\/p>\n\n\n\n<p>Los afiliados a UHC pueden acceder a valiosos descuentos en LASIK a trav\u00e9s de su seguro de visi\u00f3n o plan m\u00e9dico. La cirug\u00eda LASIK se considera un procedimiento electivo, por lo que la cobertura completa de los planes de seguro m\u00e9dico est\u00e1ndar es poco frecuente, UHC ofrece importantes ahorros a sus afiliados. <\/p>\n\n\n\n<div style=\"height:50px\" aria-hidden=\"true\" class=\"wp-block-spacer\"><\/div>\n<\/div><\/div>\n\n\n\n<div style=\"height:100px\" aria-hidden=\"true\" class=\"wp-block-spacer\"><\/div>\n\n\n\n<div class=\"wp-block-media-text alignwide is-stacked-on-mobile is-image-fill-element\"><figure class=\"wp-block-media-text__media\"><img decoding=\"async\" width=\"1400\" height=\"934\" src=\"https:\/\/www.lasikvisioninstitute.com\/wp-content\/uploads\/2024\/09\/2149153822-1400x934.jpg\" alt=\"Reserva tu cita para LASIK\" class=\"wp-image-169728 size-full\" style=\"object-position:50% 50%\" srcset=\"https:\/\/www.lasikvisioninstitute.com\/wp-content\/uploads\/2024\/09\/2149153822-1400x934.jpg 1400w, https:\/\/www.lasikvisioninstitute.com\/wp-content\/uploads\/2024\/09\/2149153822-600x400.jpg 600w, https:\/\/www.lasikvisioninstitute.com\/wp-content\/uploads\/2024\/09\/2149153822-768x513.jpg 768w, https:\/\/www.lasikvisioninstitute.com\/wp-content\/uploads\/2024\/09\/2149153822.jpg 1500w\" sizes=\"(max-width: 1400px) 100vw, 1400px\" \/><\/figure><div class=\"wp-block-media-text__content\">\n<h2 class=\"wp-block-heading\" id=\"lasik-candidates-should-have-good-eye-health\">Cobertura LASIK de UnitedHealthcare: Lo que debes saber<\/h2>\n\n\n\n<ul class=\"wp-block-list\">\n<li>Ahorros exclusivos: Como miembro de UHC, puedes ahorrar cientos de euros en tu intervenci\u00f3n LASIK en The LASIK Vision Institute.<\/li>\n\n\n\n<li>Examen LASIK completo gratuito: Un valor de 120 $, incluido en tu consulta.<\/li>\n\n\n\n<li>Mejoras de por vida: Disfruta de mejoras gratuitas en la mayor\u00eda de los procedimientos de por vida.<\/li>\n\n\n\n<li>Opciones de financiaci\u00f3n: Ofrecemos <a href=\"https:\/\/www.lasikvisioninstitute.com\/es\/puedes-permitirte-la-cirugia-ocular-lasik\/financiacion-lasik\/\" target=\"_blank\" rel=\"noreferrer noopener\">financiaci\u00f3n garantizada<\/a> a todos los pacientes, lo que hace que el LASIK sea m\u00e1s accesible.<\/li>\n\n\n\n<li>Procedimientos LASIK personalizados totalmente l\u00e1ser: Benef\u00edciate de nuestra tecnolog\u00eda y experiencia de vanguardia.<\/li>\n<\/ul>\n<\/div><\/div>\n\n\n\n<div class=\"wp-block-group alignfull has-polar-white-background-color has-light-green-background-color has-background is-layout-flow wp-block-group-is-layout-flow\">\n<div style=\"height:47px\" aria-hidden=\"true\" class=\"wp-block-spacer\"><\/div>\n\n\n\n<div class=\"wp-block-media-text alignwide has-media-on-the-right is-stacked-on-mobile is-image-fill-element\"><div class=\"wp-block-media-text__content\">\n<div style=\"height:100px\" aria-hidden=\"true\" class=\"wp-block-spacer\"><\/div>\n\n\n\n<h2 class=\"wp-block-heading\">\u00bfPor qu\u00e9 elegir el Instituto de la Visi\u00f3n LASIK?  <\/h2>\n\n\n\n<p>En el LASIK Vision Institute, somos proveedores del plan UHC y ofrecemos procedimientos a precios competitivos. Nuestros expertos cirujanos, m\u00e9dicos y dedicados miembros del equipo te guiar\u00e1n a trav\u00e9s de los tipos de procedimiento y el coste para los miembros de UHC, garantizando una clara comprensi\u00f3n de tus prestaciones. <\/p>\n\n\n\n<div style=\"height:100px\" aria-hidden=\"true\" class=\"wp-block-spacer\"><\/div>\n<\/div><figure class=\"wp-block-media-text__media\"><img decoding=\"async\" width=\"1400\" height=\"933\" src=\"https:\/\/www.lasikvisioninstitute.com\/wp-content\/uploads\/2024\/09\/2149003084-1400x933.jpg\" alt=\"Happy people who've had LASIK \" class=\"wp-image-169730 size-full\" style=\"object-position:50% 50%\" srcset=\"https:\/\/www.lasikvisioninstitute.com\/wp-content\/uploads\/2024\/09\/2149003084-1400x933.jpg 1400w, https:\/\/www.lasikvisioninstitute.com\/wp-content\/uploads\/2024\/09\/2149003084-600x400.jpg 600w, https:\/\/www.lasikvisioninstitute.com\/wp-content\/uploads\/2024\/09\/2149003084-768x512.jpg 768w, https:\/\/www.lasikvisioninstitute.com\/wp-content\/uploads\/2024\/09\/2149003084.jpg 1500w\" sizes=\"(max-width: 1400px) 100vw, 1400px\" \/><\/figure><\/div>\n\n\n\n<div style=\"height:58px\" aria-hidden=\"true\" class=\"wp-block-spacer\"><\/div>\n<\/div>\n\n\n\n<div style=\"height:100px\" aria-hidden=\"true\" class=\"wp-block-spacer\"><\/div>\n\n\n\n<div class=\"wp-block-media-text alignwide is-stacked-on-mobile is-image-fill-element\"><figure class=\"wp-block-media-text__media\"><img decoding=\"async\" width=\"1400\" height=\"933\" src=\"https:\/\/www.lasikvisioninstitute.com\/wp-content\/uploads\/2024\/09\/51092-1400x933.jpg\" alt=\"Seguro LASIK que debes conocer\" class=\"wp-image-169732 size-full\" style=\"object-position:34% 37%\" srcset=\"https:\/\/www.lasikvisioninstitute.com\/wp-content\/uploads\/2024\/09\/51092-1400x933.jpg 1400w, https:\/\/www.lasikvisioninstitute.com\/wp-content\/uploads\/2024\/09\/51092-600x400.jpg 600w, https:\/\/www.lasikvisioninstitute.com\/wp-content\/uploads\/2024\/09\/51092-768x512.jpg 768w, https:\/\/www.lasikvisioninstitute.com\/wp-content\/uploads\/2024\/09\/51092.jpg 1500w\" sizes=\"(max-width: 1400px) 100vw, 1400px\" \/><\/figure><div class=\"wp-block-media-text__content\">\n<div style=\"height:50px\" aria-hidden=\"true\" class=\"wp-block-spacer\"><\/div>\n\n\n\n<h2 class=\"wp-block-heading\">C\u00f3mo acceder a tu oferta de UnitedHealthcare  <\/h2>\n\n\n\n<ul class=\"wp-block-list\">\n<li>Visita el sitio web de Correcci\u00f3n de la Visi\u00f3n con L\u00e1ser de UnitedHealthcare para revisar los descuentos disponibles.<\/li>\n\n\n\n<li>Ponte en contacto con el gestor del programa LASIK de UHC llamando al 1-855-321-2020 para conocer los detalles espec\u00edficos de la cobertura y nuestro equipo podr\u00e1 verificar tus prestaciones.<\/li>\n<\/ul>\n\n\n\n<div style=\"height:50px\" aria-hidden=\"true\" class=\"wp-block-spacer\"><\/div>\n\n\n\n<div class=\"wp-block-buttons is-layout-flex wp-block-buttons-is-layout-flex\">\n<div class=\"wp-block-button\"><a class=\"wp-block-button__link wp-element-button\" href=\"https:\/\/uhc.qualsight.com\/\" target=\"_blank\" rel=\"noreferrer noopener\">Programa una consulta gratuita<\/a><\/div>\n<\/div>\n\n\n\n<div style=\"height:100px\" aria-hidden=\"true\" class=\"wp-block-spacer\"><\/div>\n<\/div><\/div>\n\n\n\n<div style=\"height:100px\" aria-hidden=\"true\" class=\"wp-block-spacer\"><\/div>\n\n\n\n<p>No dejes que las preocupaciones sobre la cobertura del seguro te disuadan de explorar el LASIK. Programa tu consulta gratuita hoy mismo en para determinar tu candidatura y obtener m\u00e1s informaci\u00f3n sobre c\u00f3mo puedes aprovechar tus beneficios para ahorrar en este procedimiento que te cambiar\u00e1 la vida. <\/p>\n\n\n\n<div style=\"height:100px\" aria-hidden=\"true\" class=\"wp-block-spacer\"><\/div>\n","protected":false},"excerpt":{"rendered":"<p>\u00bfPor qu\u00e9 elegir el Instituto de la Visi\u00f3n LASIK? En el LASIK Vision Institute, somos proveedores del plan UHC y ofrecemos procedimientos a precios competitivos. Nuestros expertos cirujanos, m\u00e9dicos y dedicados miembros del equipo te guiar\u00e1n a trav\u00e9s de los tipos de procedimiento y el coste para los miembros de UHC, garantizando una clara comprensi\u00f3n [&hellip;]<\/p>\n","protected":false},"author":33,"featured_media":0,"parent":0,"menu_order":0,"comment_status":"closed","ping_status":"closed","template":"","meta":{"_acf_changed":false,"footnotes":""},"class_list":["post-170358","page","type-page","status-publish"],"acf":[],"yoast_head":"<!-- This site is optimized with the Yoast SEO plugin v27.4 - https:\/\/yoast.com\/product\/yoast-seo-wordpress\/ -->\n<title>Cobertura del seguro LASIK para afiliados a UHC<\/title>\n<meta name=\"description\" content=\"Descubre c\u00f3mo el seguro UHC puede ayudarte a ahorrar en la cirug\u00eda ocular LASIK. Disfruta de un descuento exclusivo y una consulta gratuita.\" \/>\n<meta name=\"robots\" content=\"index, follow, max-snippet:-1, max-image-preview:large, max-video-preview:-1\" \/>\n<link rel=\"canonical\" href=\"https:\/\/www.lasikvisioninstitute.com\/es\/cobertura-del-seguro-lasik-para-miembros-de-unitedhealthcare\/\" \/>\n<meta property=\"og:locale\" content=\"es_ES\" \/>\n<meta property=\"og:type\" content=\"article\" \/>\n<meta property=\"og:title\" content=\"Cobertura del seguro LASIK para afiliados a UHC\" \/>\n<meta property=\"og:description\" content=\"Descubre c\u00f3mo el seguro UHC puede ayudarte a ahorrar en la cirug\u00eda ocular LASIK. Disfruta de un descuento exclusivo y una consulta gratuita.\" \/>\n<meta property=\"og:url\" content=\"https:\/\/www.lasikvisioninstitute.com\/es\/cobertura-del-seguro-lasik-para-miembros-de-unitedhealthcare\/\" \/>\n<meta property=\"og:site_name\" content=\"The LASIK Vision Institute\" \/>\n<meta property=\"article:modified_time\" content=\"2026-02-27T18:27:35+00:00\" \/>\n<meta property=\"og:image\" content=\"https:\/\/www.lasikvisioninstitute.com\/wp-content\/uploads\/2024\/09\/2148461428.jpg\" \/>\n\t<meta property=\"og:image:width\" content=\"1500\" \/>\n\t<meta property=\"og:image:height\" content=\"1001\" \/>\n\t<meta property=\"og:image:type\" content=\"image\/jpeg\" \/>\n<meta name=\"twitter:card\" content=\"summary_large_image\" \/>\n<script type=\"application\/ld+json\" class=\"yoast-schema-graph\">{\"@context\":\"https:\\\/\\\/schema.org\",\"@graph\":[{\"@type\":\"WebPage\",\"@id\":\"https:\\\/\\\/www.lasikvisioninstitute.com\\\/es\\\/cobertura-del-seguro-lasik-para-miembros-de-unitedhealthcare\\\/\",\"url\":\"https:\\\/\\\/www.lasikvisioninstitute.com\\\/es\\\/cobertura-del-seguro-lasik-para-miembros-de-unitedhealthcare\\\/\",\"name\":\"Cobertura del seguro LASIK para afiliados a UHC\",\"isPartOf\":{\"@id\":\"https:\\\/\\\/www.lasikvisioninstitute.com\\\/es\\\/#website\"},\"primaryImageOfPage\":{\"@id\":\"https:\\\/\\\/www.lasikvisioninstitute.com\\\/es\\\/cobertura-del-seguro-lasik-para-miembros-de-unitedhealthcare\\\/#primaryimage\"},\"image\":{\"@id\":\"https:\\\/\\\/www.lasikvisioninstitute.com\\\/es\\\/cobertura-del-seguro-lasik-para-miembros-de-unitedhealthcare\\\/#primaryimage\"},\"thumbnailUrl\":\"https:\\\/\\\/www.lasikvisioninstitute.com\\\/wp-content\\\/uploads\\\/2024\\\/09\\\/2148461428-1400x934.jpg\",\"datePublished\":\"2024-10-18T19:36:58+00:00\",\"dateModified\":\"2026-02-27T18:27:35+00:00\",\"description\":\"Descubre c\u00f3mo el seguro UHC puede ayudarte a ahorrar en la cirug\u00eda ocular LASIK. Disfruta de un descuento exclusivo y una consulta gratuita.\",\"breadcrumb\":{\"@id\":\"https:\\\/\\\/www.lasikvisioninstitute.com\\\/es\\\/cobertura-del-seguro-lasik-para-miembros-de-unitedhealthcare\\\/#breadcrumb\"},\"inLanguage\":\"es-ES\",\"potentialAction\":[{\"@type\":\"ReadAction\",\"target\":[\"https:\\\/\\\/www.lasikvisioninstitute.com\\\/es\\\/cobertura-del-seguro-lasik-para-miembros-de-unitedhealthcare\\\/\"]}]},{\"@type\":\"ImageObject\",\"inLanguage\":\"es-ES\",\"@id\":\"https:\\\/\\\/www.lasikvisioninstitute.com\\\/es\\\/cobertura-del-seguro-lasik-para-miembros-de-unitedhealthcare\\\/#primaryimage\",\"url\":\"https:\\\/\\\/www.lasikvisioninstitute.com\\\/wp-content\\\/uploads\\\/2024\\\/09\\\/2148461428-1400x934.jpg\",\"contentUrl\":\"https:\\\/\\\/www.lasikvisioninstitute.com\\\/wp-content\\\/uploads\\\/2024\\\/09\\\/2148461428-1400x934.jpg\"},{\"@type\":\"BreadcrumbList\",\"@id\":\"https:\\\/\\\/www.lasikvisioninstitute.com\\\/es\\\/cobertura-del-seguro-lasik-para-miembros-de-unitedhealthcare\\\/#breadcrumb\",\"itemListElement\":[{\"@type\":\"ListItem\",\"position\":1,\"name\":\"Portada\",\"item\":\"https:\\\/\\\/www.lasikvisioninstitute.com\\\/es\\\/\"},{\"@type\":\"ListItem\",\"position\":2,\"name\":\"Cobertura del seguro LASIK para miembros de UnitedHealthcare\"}]},{\"@type\":\"WebSite\",\"@id\":\"https:\\\/\\\/www.lasikvisioninstitute.com\\\/es\\\/#website\",\"url\":\"https:\\\/\\\/www.lasikvisioninstitute.com\\\/es\\\/\",\"name\":\"The LASIK Vision Institute\",\"description\":\"1.4 Million LASIK Eye Surgeries and Counting\",\"publisher\":{\"@id\":\"https:\\\/\\\/www.lasikvisioninstitute.com\\\/es\\\/#organization\"},\"potentialAction\":[{\"@type\":\"SearchAction\",\"target\":{\"@type\":\"EntryPoint\",\"urlTemplate\":\"https:\\\/\\\/www.lasikvisioninstitute.com\\\/es\\\/?s={search_term_string}\"},\"query-input\":{\"@type\":\"PropertyValueSpecification\",\"valueRequired\":true,\"valueName\":\"search_term_string\"}}],\"inLanguage\":\"es-ES\"},{\"@type\":\"Organization\",\"@id\":\"https:\\\/\\\/www.lasikvisioninstitute.com\\\/es\\\/#organization\",\"name\":\"The LASIK Vision Institute\",\"url\":\"https:\\\/\\\/www.lasikvisioninstitute.com\\\/es\\\/\",\"logo\":{\"@type\":\"ImageObject\",\"inLanguage\":\"es-ES\",\"@id\":\"https:\\\/\\\/www.lasikvisioninstitute.com\\\/es\\\/#\\\/schema\\\/logo\\\/image\\\/\",\"url\":\"https:\\\/\\\/www.lasikvisioninstitute.com\\\/wp-content\\\/uploads\\\/2019\\\/10\\\/The-LASIK-Vision-Institute-Logo.png\",\"contentUrl\":\"https:\\\/\\\/www.lasikvisioninstitute.com\\\/wp-content\\\/uploads\\\/2019\\\/10\\\/The-LASIK-Vision-Institute-Logo.png\",\"width\":1000,\"height\":289,\"caption\":\"The LASIK Vision Institute\"},\"image\":{\"@id\":\"https:\\\/\\\/www.lasikvisioninstitute.com\\\/es\\\/#\\\/schema\\\/logo\\\/image\\\/\"}}]}<\/script>\n<!-- \/ Yoast SEO plugin. -->","yoast_head_json":{"title":"Cobertura del seguro LASIK para afiliados a UHC","description":"Descubre c\u00f3mo el seguro UHC puede ayudarte a ahorrar en la cirug\u00eda ocular LASIK. Disfruta de un descuento exclusivo y una consulta gratuita.","robots":{"index":"index","follow":"follow","max-snippet":"max-snippet:-1","max-image-preview":"max-image-preview:large","max-video-preview":"max-video-preview:-1"},"canonical":"https:\/\/www.lasikvisioninstitute.com\/es\/cobertura-del-seguro-lasik-para-miembros-de-unitedhealthcare\/","og_locale":"es_ES","og_type":"article","og_title":"Cobertura del seguro LASIK para afiliados a UHC","og_description":"Descubre c\u00f3mo el seguro UHC puede ayudarte a ahorrar en la cirug\u00eda ocular LASIK. Disfruta de un descuento exclusivo y una consulta gratuita.","og_url":"https:\/\/www.lasikvisioninstitute.com\/es\/cobertura-del-seguro-lasik-para-miembros-de-unitedhealthcare\/","og_site_name":"The LASIK Vision Institute","article_modified_time":"2026-02-27T18:27:35+00:00","og_image":[{"width":1500,"height":1001,"url":"https:\/\/www.lasikvisioninstitute.com\/wp-content\/uploads\/2024\/09\/2148461428.jpg","type":"image\/jpeg"}],"twitter_card":"summary_large_image","schema":{"@context":"https:\/\/schema.org","@graph":[{"@type":"WebPage","@id":"https:\/\/www.lasikvisioninstitute.com\/es\/cobertura-del-seguro-lasik-para-miembros-de-unitedhealthcare\/","url":"https:\/\/www.lasikvisioninstitute.com\/es\/cobertura-del-seguro-lasik-para-miembros-de-unitedhealthcare\/","name":"Cobertura del seguro LASIK para afiliados a UHC","isPartOf":{"@id":"https:\/\/www.lasikvisioninstitute.com\/es\/#website"},"primaryImageOfPage":{"@id":"https:\/\/www.lasikvisioninstitute.com\/es\/cobertura-del-seguro-lasik-para-miembros-de-unitedhealthcare\/#primaryimage"},"image":{"@id":"https:\/\/www.lasikvisioninstitute.com\/es\/cobertura-del-seguro-lasik-para-miembros-de-unitedhealthcare\/#primaryimage"},"thumbnailUrl":"https:\/\/www.lasikvisioninstitute.com\/wp-content\/uploads\/2024\/09\/2148461428-1400x934.jpg","datePublished":"2024-10-18T19:36:58+00:00","dateModified":"2026-02-27T18:27:35+00:00","description":"Descubre c\u00f3mo el seguro UHC puede ayudarte a ahorrar en la cirug\u00eda ocular LASIK. Disfruta de un descuento exclusivo y una consulta gratuita.","breadcrumb":{"@id":"https:\/\/www.lasikvisioninstitute.com\/es\/cobertura-del-seguro-lasik-para-miembros-de-unitedhealthcare\/#breadcrumb"},"inLanguage":"es-ES","potentialAction":[{"@type":"ReadAction","target":["https:\/\/www.lasikvisioninstitute.com\/es\/cobertura-del-seguro-lasik-para-miembros-de-unitedhealthcare\/"]}]},{"@type":"ImageObject","inLanguage":"es-ES","@id":"https:\/\/www.lasikvisioninstitute.com\/es\/cobertura-del-seguro-lasik-para-miembros-de-unitedhealthcare\/#primaryimage","url":"https:\/\/www.lasikvisioninstitute.com\/wp-content\/uploads\/2024\/09\/2148461428-1400x934.jpg","contentUrl":"https:\/\/www.lasikvisioninstitute.com\/wp-content\/uploads\/2024\/09\/2148461428-1400x934.jpg"},{"@type":"BreadcrumbList","@id":"https:\/\/www.lasikvisioninstitute.com\/es\/cobertura-del-seguro-lasik-para-miembros-de-unitedhealthcare\/#breadcrumb","itemListElement":[{"@type":"ListItem","position":1,"name":"Portada","item":"https:\/\/www.lasikvisioninstitute.com\/es\/"},{"@type":"ListItem","position":2,"name":"Cobertura del seguro LASIK para miembros de UnitedHealthcare"}]},{"@type":"WebSite","@id":"https:\/\/www.lasikvisioninstitute.com\/es\/#website","url":"https:\/\/www.lasikvisioninstitute.com\/es\/","name":"The LASIK Vision Institute","description":"1.4 Million LASIK Eye Surgeries and Counting","publisher":{"@id":"https:\/\/www.lasikvisioninstitute.com\/es\/#organization"},"potentialAction":[{"@type":"SearchAction","target":{"@type":"EntryPoint","urlTemplate":"https:\/\/www.lasikvisioninstitute.com\/es\/?s={search_term_string}"},"query-input":{"@type":"PropertyValueSpecification","valueRequired":true,"valueName":"search_term_string"}}],"inLanguage":"es-ES"},{"@type":"Organization","@id":"https:\/\/www.lasikvisioninstitute.com\/es\/#organization","name":"The LASIK Vision Institute","url":"https:\/\/www.lasikvisioninstitute.com\/es\/","logo":{"@type":"ImageObject","inLanguage":"es-ES","@id":"https:\/\/www.lasikvisioninstitute.com\/es\/#\/schema\/logo\/image\/","url":"https:\/\/www.lasikvisioninstitute.com\/wp-content\/uploads\/2019\/10\/The-LASIK-Vision-Institute-Logo.png","contentUrl":"https:\/\/www.lasikvisioninstitute.com\/wp-content\/uploads\/2019\/10\/The-LASIK-Vision-Institute-Logo.png","width":1000,"height":289,"caption":"The LASIK Vision Institute"},"image":{"@id":"https:\/\/www.lasikvisioninstitute.com\/es\/#\/schema\/logo\/image\/"}}]}},"_links":{"self":[{"href":"https:\/\/www.lasikvisioninstitute.com\/es\/wp-json\/wp\/v2\/pages\/170358","targetHints":{"allow":["GET"]}}],"collection":[{"href":"https:\/\/www.lasikvisioninstitute.com\/es\/wp-json\/wp\/v2\/pages"}],"about":[{"href":"https:\/\/www.lasikvisioninstitute.com\/es\/wp-json\/wp\/v2\/types\/page"}],"author":[{"embeddable":true,"href":"https:\/\/www.lasikvisioninstitute.com\/es\/wp-json\/wp\/v2\/users\/33"}],"replies":[{"embeddable":true,"href":"https:\/\/www.lasikvisioninstitute.com\/es\/wp-json\/wp\/v2\/comments?post=170358"}],"version-history":[{"count":1,"href":"https:\/\/www.lasikvisioninstitute.com\/es\/wp-json\/wp\/v2\/pages\/170358\/revisions"}],"predecessor-version":[{"id":177379,"href":"https:\/\/www.lasikvisioninstitute.com\/es\/wp-json\/wp\/v2\/pages\/170358\/revisions\/177379"}],"wp:attachment":[{"href":"https:\/\/www.lasikvisioninstitute.com\/es\/wp-json\/wp\/v2\/media?parent=170358"}],"curies":[{"name":"wp","href":"https:\/\/api.w.org\/{rel}","templated":true}]}}