{"id":170349,"date":"2024-10-18T14:07:43","date_gmt":"2024-10-18T19:07:43","guid":{"rendered":"https:\/\/www.lasikvisioninstitute.com\/?page_id=170349"},"modified":"2026-02-27T13:27:29","modified_gmt":"2026-02-27T18:27:29","slug":"cobertura-del-seguro-lasik-para-afiliados-a-cigna","status":"publish","type":"page","link":"https:\/\/www.lasikvisioninstitute.com\/es\/cobertura-del-seguro-lasik-para-afiliados-a-cigna\/","title":{"rendered":"Cobertura del seguro LASIK para afiliados a Cigna"},"content":{"rendered":"\n<div class=\"wp-block-media-text alignfull is-stacked-on-mobile is-image-fill-element has-light-gray-background-color has-background\"><figure class=\"wp-block-media-text__media\"><img decoding=\"async\" width=\"1400\" height=\"934\" src=\"https:\/\/www.lasikvisioninstitute.com\/wp-content\/uploads\/2024\/09\/2148461428-1400x934.jpg\" alt=\"\u00bfCubre el seguro el LASIK?\" class=\"wp-image-169724 size-full\" style=\"object-position:69% 33%\" srcset=\"https:\/\/www.lasikvisioninstitute.com\/wp-content\/uploads\/2024\/09\/2148461428-1400x934.jpg 1400w, https:\/\/www.lasikvisioninstitute.com\/wp-content\/uploads\/2024\/09\/2148461428-600x400.jpg 600w, https:\/\/www.lasikvisioninstitute.com\/wp-content\/uploads\/2024\/09\/2148461428-768x513.jpg 768w, https:\/\/www.lasikvisioninstitute.com\/wp-content\/uploads\/2024\/09\/2148461428.jpg 1500w\" sizes=\"(max-width: 1400px) 100vw, 1400px\" \/><\/figure><div class=\"wp-block-media-text__content\">\n<div style=\"height:50px\" aria-hidden=\"true\" class=\"wp-block-spacer\"><\/div>\n\n\n\n<p class=\"has-green-color has-text-color\" style=\"font-size:clamp(14px, 0.875rem + ((1vw - 3.2px) * 0.104), 15px);\">Cobertura del seguro LASIK:<\/p>\n\n\n\n<h1 class=\"wp-block-heading\" id=\"am-i-a-candidate-for-lasik-eye-surgery\" style=\"margin-top:0.25em\">Lo que los afiliados de Cigna deben saber  <\/h1>\n\n\n\n<div style=\"height:10px\" aria-hidden=\"true\" class=\"wp-block-spacer\"><\/div>\n\n\n\n<p class=\"has-normal-font-size\">\u00bfEres miembro de Cigna y est\u00e1s pensando en operarte de la vista con LASIK? Descubre c\u00f3mo Cigna colabora con The LASIK Vision Institute para ahorrarte dinero en este procedimiento que te cambiar\u00e1 la vida.  <\/p>\n\n\n\n<div class=\"wp-block-buttons is-layout-flex wp-block-buttons-is-layout-flex\">\n<div class=\"wp-block-button\"><a class=\"wp-block-button__link wp-element-button\" href=\"https:\/\/www.lasikvisioninstitute.com\/es\/ischedule\/\">Programa una consulta gratuita<\/a><\/div>\n<\/div>\n\n\n\n<div style=\"height:50px\" aria-hidden=\"true\" class=\"wp-block-spacer\"><\/div>\n<\/div><\/div>\n\n\n\n<div style=\"height:100px\" aria-hidden=\"true\" class=\"wp-block-spacer\"><\/div>\n\n\n\n<div class=\"wp-block-media-text alignwide is-stacked-on-mobile is-image-fill-element\"><figure class=\"wp-block-media-text__media\"><img decoding=\"async\" width=\"1400\" height=\"934\" src=\"https:\/\/www.lasikvisioninstitute.com\/wp-content\/uploads\/2024\/09\/19758-1400x934.jpg\" alt=\"LASIK y cobertura del seguro\" class=\"wp-image-169726 size-full\" style=\"object-position:56% 0%\" srcset=\"https:\/\/www.lasikvisioninstitute.com\/wp-content\/uploads\/2024\/09\/19758-1400x934.jpg 1400w, https:\/\/www.lasikvisioninstitute.com\/wp-content\/uploads\/2024\/09\/19758-600x400.jpg 600w, https:\/\/www.lasikvisioninstitute.com\/wp-content\/uploads\/2024\/09\/19758-768x513.jpg 768w, https:\/\/www.lasikvisioninstitute.com\/wp-content\/uploads\/2024\/09\/19758.jpg 1500w\" sizes=\"(max-width: 1400px) 100vw, 1400px\" \/><\/figure><div class=\"wp-block-media-text__content\">\n<h2 class=\"wp-block-heading\">Opciones LASIK con el seguro m\u00e9dico Cigna<\/h2>\n\n\n\n<p>At The LASIK Vision Institute, we offer personalized LASIK solutions to Cigna health members. Our dedicated team of eye care professionals will support your LASIK journey, ensuring the process is smooth and tailored to you.<\/p>\n\n\n\n<ul class=\"wp-block-list\">\n<li><strong>Proveedores de la red:<\/strong> Descubre una serie de cirujanos oftalm\u00f3logos acreditados por el NCQA dentro del programa nacional LASIK Healthy Rewards de Cigna, todos ellos con precios competitivos para los procedimientos LASIK.<\/li>\n\n\n\n<li><strong>Comprender tu cobertura:<\/strong> T\u00f3mate el tiempo necesario para revisar tu plan de seguro m\u00e9dico, FSA y HSA de Cigna para conocer los detalles o limitaciones relativos a la cirug\u00eda LASIK.<\/li>\n\n\n\n<li><strong>Beneficios adicionales:<\/strong> Investiga cualquier prestaci\u00f3n adicional que pueda ofrecer tu empresa, como el uso de <a href=\"https:\/\/www.lasikvisioninstitute.com\/es\/puedes-permitirte-la-cirugia-ocular-lasik\/cubre-el-seguro-el-lasik-2\/\" target=\"_blank\" rel=\"noreferrer noopener\">Cuentas de Gastos Flexibles (FSA)<\/a> o Cuentas de Ahorros Sanitarios (HSA) para maximizar tus ahorros.<\/li>\n<\/ul>\n<\/div><\/div>\n\n\n\n<div style=\"height:100px\" aria-hidden=\"true\" class=\"wp-block-spacer\"><\/div>\n\n\n\n<div class=\"wp-block-media-text alignwide is-stacked-on-mobile is-image-fill-element\"><figure class=\"wp-block-media-text__media\"><img decoding=\"async\" width=\"1400\" height=\"934\" src=\"https:\/\/www.lasikvisioninstitute.com\/wp-content\/uploads\/2024\/09\/2149153822-1400x934.jpg\" alt=\"Reserva tu cita para LASIK\" class=\"wp-image-169728 size-full\" style=\"object-position:50% 50%\" srcset=\"https:\/\/www.lasikvisioninstitute.com\/wp-content\/uploads\/2024\/09\/2149153822-1400x934.jpg 1400w, https:\/\/www.lasikvisioninstitute.com\/wp-content\/uploads\/2024\/09\/2149153822-600x400.jpg 600w, https:\/\/www.lasikvisioninstitute.com\/wp-content\/uploads\/2024\/09\/2149153822-768x513.jpg 768w, https:\/\/www.lasikvisioninstitute.com\/wp-content\/uploads\/2024\/09\/2149153822.jpg 1500w\" sizes=\"(max-width: 1400px) 100vw, 1400px\" \/><\/figure><div class=\"wp-block-media-text__content\">\n<div style=\"height:100px\" aria-hidden=\"true\" class=\"wp-block-spacer\"><\/div>\n\n\n\n<h2 class=\"wp-block-heading\" id=\"considerations-expectations\"><strong>Ventajas de la cirug\u00eda ocular LASIK<\/strong> <meta charset=\"utf-8\"><\/h2>\n\n\n\n<ul class=\"wp-block-list\">\n<li><strong>Mejora de la visi\u00f3n:<\/strong> Experimenta una mejora significativa de tu calidad de vida, que puede reducir las limitaciones de las gafas o lentes de contacto.<\/li>\n\n\n\n<li><strong>Beneficios econ\u00f3micos a largo plazo:<\/strong> Invertir en LASIK puede suponer un ahorro sustancial a largo plazo al eliminar los gastos recurrentes en gafas de contacto y.<\/li>\n\n\n\n<li><strong>Estilo de vida mejorado:<\/strong> Con el LASIK, podr\u00e1s disfrutar de tus actividades sin los obst\u00e1culos y molestias de las gafas correctoras.<\/li>\n<\/ul>\n\n\n\n<div style=\"height:100px\" aria-hidden=\"true\" class=\"wp-block-spacer\"><\/div>\n<\/div><\/div>\n\n\n\n<div class=\"wp-block-group alignfull has-polar-white-background-color has-light-green-background-color has-background is-layout-flow wp-block-group-is-layout-flow\">\n<div style=\"height:47px\" aria-hidden=\"true\" class=\"wp-block-spacer\"><\/div>\n\n\n\n<div class=\"wp-block-media-text alignwide has-media-on-the-right is-stacked-on-mobile is-image-fill-element\"><div class=\"wp-block-media-text__content\">\n<div style=\"height:100px\" aria-hidden=\"true\" class=\"wp-block-spacer\"><\/div>\n\n\n\n<h2 class=\"wp-block-heading\">\u00bfPor qu\u00e9 elegir el Instituto de la Visi\u00f3n LASIK?  <\/h2>\n\n\n\n<ol start=\"1\" class=\"wp-block-list\">\n<li>Experiencia en el tratamiento de la miop\u00eda, la hipermetrop\u00eda y el astigmatismo  <\/li>\n\n\n\n<li>Moderna tecnolog\u00eda LASIK personalizada totalmente l\u00e1ser  <\/li>\n\n\n\n<li>Opciones de financiaci\u00f3n flexibles para todos los presupuestos  <\/li>\n\n\n\n<li>Cirujanos experimentados con credenciales NCQA  <\/li>\n\n\n\n<li>Historial probado de pacientes satisfechos  <\/li>\n<\/ol>\n\n\n\n<div style=\"height:100px\" aria-hidden=\"true\" class=\"wp-block-spacer\"><\/div>\n<\/div><figure class=\"wp-block-media-text__media\"><img decoding=\"async\" width=\"1400\" height=\"933\" src=\"https:\/\/www.lasikvisioninstitute.com\/wp-content\/uploads\/2024\/09\/2149003084-1400x933.jpg\" alt=\"Happy people who've had LASIK \" class=\"wp-image-169730 size-full\" style=\"object-position:50% 50%\" srcset=\"https:\/\/www.lasikvisioninstitute.com\/wp-content\/uploads\/2024\/09\/2149003084-1400x933.jpg 1400w, https:\/\/www.lasikvisioninstitute.com\/wp-content\/uploads\/2024\/09\/2149003084-600x400.jpg 600w, https:\/\/www.lasikvisioninstitute.com\/wp-content\/uploads\/2024\/09\/2149003084-768x512.jpg 768w, https:\/\/www.lasikvisioninstitute.com\/wp-content\/uploads\/2024\/09\/2149003084.jpg 1500w\" sizes=\"(max-width: 1400px) 100vw, 1400px\" \/><\/figure><\/div>\n\n\n\n<div style=\"height:58px\" aria-hidden=\"true\" class=\"wp-block-spacer\"><\/div>\n<\/div>\n\n\n\n<div class=\"wp-block-media-text alignwide is-stacked-on-mobile is-image-fill-element\"><figure class=\"wp-block-media-text__media\"><img decoding=\"async\" width=\"1400\" height=\"933\" src=\"https:\/\/www.lasikvisioninstitute.com\/wp-content\/uploads\/2024\/09\/51092-1400x933.jpg\" alt=\"\" class=\"wp-image-169732 size-full\" style=\"object-position:34% 37%\" srcset=\"https:\/\/www.lasikvisioninstitute.com\/wp-content\/uploads\/2024\/09\/51092-1400x933.jpg 1400w, https:\/\/www.lasikvisioninstitute.com\/wp-content\/uploads\/2024\/09\/51092-600x400.jpg 600w, https:\/\/www.lasikvisioninstitute.com\/wp-content\/uploads\/2024\/09\/51092-768x512.jpg 768w, https:\/\/www.lasikvisioninstitute.com\/wp-content\/uploads\/2024\/09\/51092.jpg 1500w\" sizes=\"(max-width: 1400px) 100vw, 1400px\" \/><\/figure><div class=\"wp-block-media-text__content\">\n<div style=\"height:100px\" aria-hidden=\"true\" class=\"wp-block-spacer\"><\/div>\n\n\n\n<p>El LASIK es una cirug\u00eda refractiva aprobada por la FDA y dise\u00f1ada para corregir problemas de visi\u00f3n como la miop\u00eda, la hipermetrop\u00eda y el astigmatismo. Familiarizarte con los detalles de <a href=\"https:\/\/www.cigna.com\/\" target=\"_blank\" rel=\"noreferrer noopener\">la cobertura de<\/a> tu <a href=\"https:\/\/www.cigna.com\/\" target=\"_blank\" rel=\"noreferrer noopener\">plan Cigna<\/a>, especialmente a trav\u00e9s del programa Healthy Rewards, puede ayudarte a tomar decisiones informadas sobre tu correcci\u00f3n visual. <\/p>\n\n\n\n<div style=\"height:100px\" aria-hidden=\"true\" class=\"wp-block-spacer\"><\/div>\n<\/div><\/div>\n\n\n\n<div style=\"height:100px\" aria-hidden=\"true\" class=\"wp-block-spacer\"><\/div>\n\n\n\n<p><\/p>\n","protected":false},"excerpt":{"rendered":"<p>\u00bfPor qu\u00e9 elegir el Instituto de la Visi\u00f3n LASIK?<\/p>\n","protected":false},"author":33,"featured_media":0,"parent":0,"menu_order":0,"comment_status":"closed","ping_status":"closed","template":"","meta":{"_acf_changed":false,"footnotes":""},"class_list":["post-170349","page","type-page","status-publish"],"acf":[],"yoast_head":"<!-- This site is optimized with the Yoast SEO plugin v27.5 - https:\/\/yoast.com\/product\/yoast-seo-wordpress\/ -->\n<title>Cobertura del seguro LASIK para afiliados a Cigna<\/title>\n<meta name=\"description\" content=\"Descubre c\u00f3mo el seguro Cigna puede ayudarte a ahorrar en la cirug\u00eda ocular LASIK y c\u00f3mo The LASIK Vision Institute es un proveedor de confianza.\" \/>\n<meta name=\"robots\" content=\"index, follow, max-snippet:-1, max-image-preview:large, max-video-preview:-1\" \/>\n<link rel=\"canonical\" href=\"https:\/\/www.lasikvisioninstitute.com\/es\/cobertura-del-seguro-lasik-para-afiliados-a-cigna\/\" \/>\n<meta property=\"og:locale\" content=\"es_ES\" \/>\n<meta property=\"og:type\" content=\"article\" \/>\n<meta property=\"og:title\" content=\"Cobertura del seguro LASIK para afiliados a Cigna\" \/>\n<meta property=\"og:description\" content=\"Descubre c\u00f3mo el seguro Cigna puede ayudarte a ahorrar en la cirug\u00eda ocular LASIK y c\u00f3mo The LASIK Vision Institute es un proveedor de confianza.\" \/>\n<meta property=\"og:url\" content=\"https:\/\/www.lasikvisioninstitute.com\/es\/cobertura-del-seguro-lasik-para-afiliados-a-cigna\/\" \/>\n<meta property=\"og:site_name\" content=\"The LASIK Vision Institute\" \/>\n<meta property=\"article:modified_time\" content=\"2026-02-27T18:27:29+00:00\" \/>\n<meta property=\"og:image\" content=\"https:\/\/www.lasikvisioninstitute.com\/wp-content\/uploads\/2024\/09\/2148461428.jpg\" \/>\n\t<meta property=\"og:image:width\" content=\"1500\" \/>\n\t<meta property=\"og:image:height\" content=\"1001\" \/>\n\t<meta property=\"og:image:type\" content=\"image\/jpeg\" \/>\n<meta name=\"twitter:card\" content=\"summary_large_image\" \/>\n<script type=\"application\/ld+json\" class=\"yoast-schema-graph\">{\"@context\":\"https:\\\/\\\/schema.org\",\"@graph\":[{\"@type\":\"WebPage\",\"@id\":\"https:\\\/\\\/www.lasikvisioninstitute.com\\\/es\\\/cobertura-del-seguro-lasik-para-afiliados-a-cigna\\\/\",\"url\":\"https:\\\/\\\/www.lasikvisioninstitute.com\\\/es\\\/cobertura-del-seguro-lasik-para-afiliados-a-cigna\\\/\",\"name\":\"Cobertura del seguro LASIK para afiliados a Cigna\",\"isPartOf\":{\"@id\":\"https:\\\/\\\/www.lasikvisioninstitute.com\\\/es\\\/#website\"},\"primaryImageOfPage\":{\"@id\":\"https:\\\/\\\/www.lasikvisioninstitute.com\\\/es\\\/cobertura-del-seguro-lasik-para-afiliados-a-cigna\\\/#primaryimage\"},\"image\":{\"@id\":\"https:\\\/\\\/www.lasikvisioninstitute.com\\\/es\\\/cobertura-del-seguro-lasik-para-afiliados-a-cigna\\\/#primaryimage\"},\"thumbnailUrl\":\"https:\\\/\\\/www.lasikvisioninstitute.com\\\/wp-content\\\/uploads\\\/2024\\\/09\\\/2148461428-1400x934.jpg\",\"datePublished\":\"2024-10-18T19:07:43+00:00\",\"dateModified\":\"2026-02-27T18:27:29+00:00\",\"description\":\"Descubre c\u00f3mo el seguro Cigna puede ayudarte a ahorrar en la cirug\u00eda ocular LASIK y c\u00f3mo The LASIK Vision Institute es un proveedor de confianza.\",\"breadcrumb\":{\"@id\":\"https:\\\/\\\/www.lasikvisioninstitute.com\\\/es\\\/cobertura-del-seguro-lasik-para-afiliados-a-cigna\\\/#breadcrumb\"},\"inLanguage\":\"es-ES\",\"potentialAction\":[{\"@type\":\"ReadAction\",\"target\":[\"https:\\\/\\\/www.lasikvisioninstitute.com\\\/es\\\/cobertura-del-seguro-lasik-para-afiliados-a-cigna\\\/\"]}]},{\"@type\":\"ImageObject\",\"inLanguage\":\"es-ES\",\"@id\":\"https:\\\/\\\/www.lasikvisioninstitute.com\\\/es\\\/cobertura-del-seguro-lasik-para-afiliados-a-cigna\\\/#primaryimage\",\"url\":\"https:\\\/\\\/www.lasikvisioninstitute.com\\\/wp-content\\\/uploads\\\/2024\\\/09\\\/2148461428-1400x934.jpg\",\"contentUrl\":\"https:\\\/\\\/www.lasikvisioninstitute.com\\\/wp-content\\\/uploads\\\/2024\\\/09\\\/2148461428-1400x934.jpg\"},{\"@type\":\"BreadcrumbList\",\"@id\":\"https:\\\/\\\/www.lasikvisioninstitute.com\\\/es\\\/cobertura-del-seguro-lasik-para-afiliados-a-cigna\\\/#breadcrumb\",\"itemListElement\":[{\"@type\":\"ListItem\",\"position\":1,\"name\":\"Portada\",\"item\":\"https:\\\/\\\/www.lasikvisioninstitute.com\\\/es\\\/\"},{\"@type\":\"ListItem\",\"position\":2,\"name\":\"Cobertura del seguro LASIK para afiliados a Cigna\"}]},{\"@type\":\"WebSite\",\"@id\":\"https:\\\/\\\/www.lasikvisioninstitute.com\\\/es\\\/#website\",\"url\":\"https:\\\/\\\/www.lasikvisioninstitute.com\\\/es\\\/\",\"name\":\"The LASIK Vision Institute\",\"description\":\"1.4 Million LASIK Eye Surgeries and Counting\",\"publisher\":{\"@id\":\"https:\\\/\\\/www.lasikvisioninstitute.com\\\/es\\\/#organization\"},\"potentialAction\":[{\"@type\":\"SearchAction\",\"target\":{\"@type\":\"EntryPoint\",\"urlTemplate\":\"https:\\\/\\\/www.lasikvisioninstitute.com\\\/es\\\/?s={search_term_string}\"},\"query-input\":{\"@type\":\"PropertyValueSpecification\",\"valueRequired\":true,\"valueName\":\"search_term_string\"}}],\"inLanguage\":\"es-ES\"},{\"@type\":\"Organization\",\"@id\":\"https:\\\/\\\/www.lasikvisioninstitute.com\\\/es\\\/#organization\",\"name\":\"The LASIK Vision Institute\",\"url\":\"https:\\\/\\\/www.lasikvisioninstitute.com\\\/es\\\/\",\"logo\":{\"@type\":\"ImageObject\",\"inLanguage\":\"es-ES\",\"@id\":\"https:\\\/\\\/www.lasikvisioninstitute.com\\\/es\\\/#\\\/schema\\\/logo\\\/image\\\/\",\"url\":\"https:\\\/\\\/www.lasikvisioninstitute.com\\\/wp-content\\\/uploads\\\/2019\\\/10\\\/The-LASIK-Vision-Institute-Logo.png\",\"contentUrl\":\"https:\\\/\\\/www.lasikvisioninstitute.com\\\/wp-content\\\/uploads\\\/2019\\\/10\\\/The-LASIK-Vision-Institute-Logo.png\",\"width\":1000,\"height\":289,\"caption\":\"The LASIK Vision Institute\"},\"image\":{\"@id\":\"https:\\\/\\\/www.lasikvisioninstitute.com\\\/es\\\/#\\\/schema\\\/logo\\\/image\\\/\"}}]}<\/script>\n<!-- \/ Yoast SEO plugin. -->","yoast_head_json":{"title":"Cobertura del seguro LASIK para afiliados a Cigna","description":"Descubre c\u00f3mo el seguro Cigna puede ayudarte a ahorrar en la cirug\u00eda ocular LASIK y c\u00f3mo The LASIK Vision Institute es un proveedor de confianza.","robots":{"index":"index","follow":"follow","max-snippet":"max-snippet:-1","max-image-preview":"max-image-preview:large","max-video-preview":"max-video-preview:-1"},"canonical":"https:\/\/www.lasikvisioninstitute.com\/es\/cobertura-del-seguro-lasik-para-afiliados-a-cigna\/","og_locale":"es_ES","og_type":"article","og_title":"Cobertura del seguro LASIK para afiliados a Cigna","og_description":"Descubre c\u00f3mo el seguro Cigna puede ayudarte a ahorrar en la cirug\u00eda ocular LASIK y c\u00f3mo The LASIK Vision Institute es un proveedor de confianza.","og_url":"https:\/\/www.lasikvisioninstitute.com\/es\/cobertura-del-seguro-lasik-para-afiliados-a-cigna\/","og_site_name":"The LASIK Vision Institute","article_modified_time":"2026-02-27T18:27:29+00:00","og_image":[{"width":1500,"height":1001,"url":"https:\/\/www.lasikvisioninstitute.com\/wp-content\/uploads\/2024\/09\/2148461428.jpg","type":"image\/jpeg"}],"twitter_card":"summary_large_image","schema":{"@context":"https:\/\/schema.org","@graph":[{"@type":"WebPage","@id":"https:\/\/www.lasikvisioninstitute.com\/es\/cobertura-del-seguro-lasik-para-afiliados-a-cigna\/","url":"https:\/\/www.lasikvisioninstitute.com\/es\/cobertura-del-seguro-lasik-para-afiliados-a-cigna\/","name":"Cobertura del seguro LASIK para afiliados a Cigna","isPartOf":{"@id":"https:\/\/www.lasikvisioninstitute.com\/es\/#website"},"primaryImageOfPage":{"@id":"https:\/\/www.lasikvisioninstitute.com\/es\/cobertura-del-seguro-lasik-para-afiliados-a-cigna\/#primaryimage"},"image":{"@id":"https:\/\/www.lasikvisioninstitute.com\/es\/cobertura-del-seguro-lasik-para-afiliados-a-cigna\/#primaryimage"},"thumbnailUrl":"https:\/\/www.lasikvisioninstitute.com\/wp-content\/uploads\/2024\/09\/2148461428-1400x934.jpg","datePublished":"2024-10-18T19:07:43+00:00","dateModified":"2026-02-27T18:27:29+00:00","description":"Descubre c\u00f3mo el seguro Cigna puede ayudarte a ahorrar en la cirug\u00eda ocular LASIK y c\u00f3mo The LASIK Vision Institute es un proveedor de confianza.","breadcrumb":{"@id":"https:\/\/www.lasikvisioninstitute.com\/es\/cobertura-del-seguro-lasik-para-afiliados-a-cigna\/#breadcrumb"},"inLanguage":"es-ES","potentialAction":[{"@type":"ReadAction","target":["https:\/\/www.lasikvisioninstitute.com\/es\/cobertura-del-seguro-lasik-para-afiliados-a-cigna\/"]}]},{"@type":"ImageObject","inLanguage":"es-ES","@id":"https:\/\/www.lasikvisioninstitute.com\/es\/cobertura-del-seguro-lasik-para-afiliados-a-cigna\/#primaryimage","url":"https:\/\/www.lasikvisioninstitute.com\/wp-content\/uploads\/2024\/09\/2148461428-1400x934.jpg","contentUrl":"https:\/\/www.lasikvisioninstitute.com\/wp-content\/uploads\/2024\/09\/2148461428-1400x934.jpg"},{"@type":"BreadcrumbList","@id":"https:\/\/www.lasikvisioninstitute.com\/es\/cobertura-del-seguro-lasik-para-afiliados-a-cigna\/#breadcrumb","itemListElement":[{"@type":"ListItem","position":1,"name":"Portada","item":"https:\/\/www.lasikvisioninstitute.com\/es\/"},{"@type":"ListItem","position":2,"name":"Cobertura del seguro LASIK para afiliados a Cigna"}]},{"@type":"WebSite","@id":"https:\/\/www.lasikvisioninstitute.com\/es\/#website","url":"https:\/\/www.lasikvisioninstitute.com\/es\/","name":"The LASIK Vision Institute","description":"1.4 Million LASIK Eye Surgeries and Counting","publisher":{"@id":"https:\/\/www.lasikvisioninstitute.com\/es\/#organization"},"potentialAction":[{"@type":"SearchAction","target":{"@type":"EntryPoint","urlTemplate":"https:\/\/www.lasikvisioninstitute.com\/es\/?s={search_term_string}"},"query-input":{"@type":"PropertyValueSpecification","valueRequired":true,"valueName":"search_term_string"}}],"inLanguage":"es-ES"},{"@type":"Organization","@id":"https:\/\/www.lasikvisioninstitute.com\/es\/#organization","name":"The LASIK Vision Institute","url":"https:\/\/www.lasikvisioninstitute.com\/es\/","logo":{"@type":"ImageObject","inLanguage":"es-ES","@id":"https:\/\/www.lasikvisioninstitute.com\/es\/#\/schema\/logo\/image\/","url":"https:\/\/www.lasikvisioninstitute.com\/wp-content\/uploads\/2019\/10\/The-LASIK-Vision-Institute-Logo.png","contentUrl":"https:\/\/www.lasikvisioninstitute.com\/wp-content\/uploads\/2019\/10\/The-LASIK-Vision-Institute-Logo.png","width":1000,"height":289,"caption":"The LASIK Vision Institute"},"image":{"@id":"https:\/\/www.lasikvisioninstitute.com\/es\/#\/schema\/logo\/image\/"}}]}},"_links":{"self":[{"href":"https:\/\/www.lasikvisioninstitute.com\/es\/wp-json\/wp\/v2\/pages\/170349","targetHints":{"allow":["GET"]}}],"collection":[{"href":"https:\/\/www.lasikvisioninstitute.com\/es\/wp-json\/wp\/v2\/pages"}],"about":[{"href":"https:\/\/www.lasikvisioninstitute.com\/es\/wp-json\/wp\/v2\/types\/page"}],"author":[{"embeddable":true,"href":"https:\/\/www.lasikvisioninstitute.com\/es\/wp-json\/wp\/v2\/users\/33"}],"replies":[{"embeddable":true,"href":"https:\/\/www.lasikvisioninstitute.com\/es\/wp-json\/wp\/v2\/comments?post=170349"}],"version-history":[{"count":1,"href":"https:\/\/www.lasikvisioninstitute.com\/es\/wp-json\/wp\/v2\/pages\/170349\/revisions"}],"predecessor-version":[{"id":177378,"href":"https:\/\/www.lasikvisioninstitute.com\/es\/wp-json\/wp\/v2\/pages\/170349\/revisions\/177378"}],"wp:attachment":[{"href":"https:\/\/www.lasikvisioninstitute.com\/es\/wp-json\/wp\/v2\/media?parent=170349"}],"curies":[{"name":"wp","href":"https:\/\/api.w.org\/{rel}","templated":true}]}}