{"id":169746,"date":"2024-09-13T14:24:04","date_gmt":"2024-09-13T19:24:04","guid":{"rendered":"https:\/\/www.lasikvisioninstitute.com\/?page_id=169746"},"modified":"2026-02-27T13:27:05","modified_gmt":"2026-02-27T18:27:05","slug":"cobertura-del-seguro-lasik-para-afiliados-a-anthem-blue-cross-blue-shield","status":"publish","type":"page","link":"https:\/\/www.lasikvisioninstitute.com\/es\/cobertura-del-seguro-lasik-para-afiliados-a-anthem-blue-cross-blue-shield\/","title":{"rendered":"Cobertura del seguro LASIK para afiliados a Anthem Blue Cross Blue Shield"},"content":{"rendered":"\n<div class=\"wp-block-media-text alignfull is-stacked-on-mobile is-image-fill-element has-light-gray-background-color has-background\"><figure class=\"wp-block-media-text__media\"><img decoding=\"async\" width=\"1400\" height=\"934\" src=\"https:\/\/www.lasikvisioninstitute.com\/wp-content\/uploads\/2024\/09\/2148461428-1400x934.jpg\" alt=\"\u00bfCubre el seguro el LASIK?\" class=\"wp-image-169724 size-full\" style=\"object-position:69% 33%\" srcset=\"https:\/\/www.lasikvisioninstitute.com\/wp-content\/uploads\/2024\/09\/2148461428-1400x934.jpg 1400w, https:\/\/www.lasikvisioninstitute.com\/wp-content\/uploads\/2024\/09\/2148461428-600x400.jpg 600w, https:\/\/www.lasikvisioninstitute.com\/wp-content\/uploads\/2024\/09\/2148461428-768x513.jpg 768w, https:\/\/www.lasikvisioninstitute.com\/wp-content\/uploads\/2024\/09\/2148461428.jpg 1500w\" sizes=\"(max-width: 1400px) 100vw, 1400px\" \/><\/figure><div class=\"wp-block-media-text__content\">\n<div style=\"height:50px\" aria-hidden=\"true\" class=\"wp-block-spacer\"><\/div>\n\n\n\n<p class=\"has-green-color has-text-color\" style=\"font-size:clamp(14px, 0.875rem + ((1vw - 3.2px) * 0.104), 15px);\">Cobertura del seguro LASIK:<\/p>\n\n\n\n<h1 class=\"wp-block-heading\" id=\"am-i-a-candidate-for-lasik-eye-surgery\" style=\"margin-top:0.25em\">Lo que deben saber los miembros de Anthem Blue Cross Blue Shield  <\/h1>\n\n\n\n<div style=\"height:10px\" aria-hidden=\"true\" class=\"wp-block-spacer\"><\/div>\n\n\n\n<p class=\"has-normal-font-size\">\u00bfEres miembro de Anthem y est\u00e1s considerando la cirug\u00eda ocular LASIK?\nDescubre c\u00f3mo Anthem colabora con Premier Lasik Network y The LASIK Vision Institute para ahorrarte dinero en este procedimiento que te cambiar\u00e1 la vida.   <\/p>\n\n\n\n<div class=\"wp-block-buttons is-layout-flex wp-block-buttons-is-layout-flex\">\n<div class=\"wp-block-button\"><a class=\"wp-block-button__link wp-element-button\" href=\"https:\/\/www.lasikvisioninstitute.com\/es\/ischedule\/\">Programa una consulta gratuita<\/a><\/div>\n<\/div>\n\n\n\n<div style=\"height:50px\" aria-hidden=\"true\" class=\"wp-block-spacer\"><\/div>\n<\/div><\/div>\n\n\n\n<div style=\"height:100px\" aria-hidden=\"true\" class=\"wp-block-spacer\"><\/div>\n\n\n\n<div style=\"height:50px\" aria-hidden=\"true\" class=\"wp-block-spacer\"><\/div>\n\n\n\n<div class=\"wp-block-media-text alignwide is-stacked-on-mobile is-image-fill-element\"><figure class=\"wp-block-media-text__media\"><img decoding=\"async\" width=\"1400\" height=\"934\" src=\"https:\/\/www.lasikvisioninstitute.com\/wp-content\/uploads\/2024\/09\/19758-1400x934.jpg\" alt=\"LASIK y cobertura del seguro\" class=\"wp-image-169726 size-full\" style=\"object-position:56% 0%\" srcset=\"https:\/\/www.lasikvisioninstitute.com\/wp-content\/uploads\/2024\/09\/19758-1400x934.jpg 1400w, https:\/\/www.lasikvisioninstitute.com\/wp-content\/uploads\/2024\/09\/19758-600x400.jpg 600w, https:\/\/www.lasikvisioninstitute.com\/wp-content\/uploads\/2024\/09\/19758-768x513.jpg 768w, https:\/\/www.lasikvisioninstitute.com\/wp-content\/uploads\/2024\/09\/19758.jpg 1500w\" sizes=\"(max-width: 1400px) 100vw, 1400px\" \/><\/figure><div class=\"wp-block-media-text__content\">\n<h2 class=\"wp-block-heading\" id=\"lasik-candidates-should-have-good-eye-health\">Conoce tus prestaciones Anthem para LASIK<\/h2>\n\n\n\n<p>Aunque Anthem no cubre la cirug\u00eda LASIK, los afiliados pueden disfrutar de importantes ahorros a trav\u00e9s de su Programa de Ofertas Especiales:  <\/p>\n\n\n\n<ul class=\"wp-block-list\">\n<li>Descuento exclusivo: Los miembros de Anthem ahorran 1.000 $ en LASIK* con el procedimiento Wavefront Bladeless<\/li>\n\n\n\n<li>Examen LASIK completo gratuito: Valor superior a 120  <\/li>\n\n\n\n<li>Mejoras de por vida: Gratis en la mayor\u00eda de los procedimientos  <\/li>\n\n\n\n<li>Financiaci\u00f3n garantizada: Disponible para todos los pacientes  <\/li>\n<\/ul>\n\n\n\n<div style=\"height:100px\" aria-hidden=\"true\" class=\"wp-block-spacer\"><\/div>\n<\/div><\/div>\n\n\n\n<div style=\"height:100px\" aria-hidden=\"true\" class=\"wp-block-spacer\"><\/div>\n\n\n\n<div class=\"wp-block-media-text alignwide is-stacked-on-mobile is-image-fill-element\"><figure class=\"wp-block-media-text__media\"><img decoding=\"async\" width=\"1400\" height=\"934\" src=\"https:\/\/www.lasikvisioninstitute.com\/wp-content\/uploads\/2024\/09\/2149153822-1400x934.jpg\" alt=\"Reserva tu cita para LASIK\" class=\"wp-image-169728 size-full\" style=\"object-position:50% 50%\" srcset=\"https:\/\/www.lasikvisioninstitute.com\/wp-content\/uploads\/2024\/09\/2149153822-1400x934.jpg 1400w, https:\/\/www.lasikvisioninstitute.com\/wp-content\/uploads\/2024\/09\/2149153822-600x400.jpg 600w, https:\/\/www.lasikvisioninstitute.com\/wp-content\/uploads\/2024\/09\/2149153822-768x513.jpg 768w, https:\/\/www.lasikvisioninstitute.com\/wp-content\/uploads\/2024\/09\/2149153822.jpg 1500w\" sizes=\"(max-width: 1400px) 100vw, 1400px\" \/><\/figure><div class=\"wp-block-media-text__content\">\n<h2 class=\"wp-block-heading\" id=\"considerations-expectations\">Conoce tus prestaciones Anthem para LASIK  <meta charset=\"utf-8\"><\/h2>\n\n\n\n<ul class=\"wp-block-list\">\n<li>Anthem proporciona a sus afiliados acceso a descuentos en LASIK  <\/li>\n\n\n\n<li>El LASIK suele ser una inversi\u00f3n \u00fanica que ahorra dinero con el tiempo  <\/li>\n\n\n\n<li>El Instituto de la Visi\u00f3n LASIK ofrece descuentos a los afiliados de Anthem  <\/li>\n<\/ul>\n\n\n\n<div style=\"height:50px\" aria-hidden=\"true\" class=\"wp-block-spacer\"><\/div>\n\n\n\n<div class=\"wp-block-buttons is-layout-flex wp-block-buttons-is-layout-flex\">\n<div class=\"wp-block-button\"><a class=\"wp-block-button__link wp-element-button\" href=\"https:\/\/www.premierlasiknetwork.com\" target=\"_blank\" rel=\"noreferrer noopener\">Programa una consulta gratuita<\/a><\/div>\n<\/div>\n\n\n\n<div style=\"height:100px\" aria-hidden=\"true\" class=\"wp-block-spacer\"><\/div>\n<\/div><\/div>\n\n\n\n<div class=\"wp-block-group alignfull has-polar-white-background-color has-light-green-background-color has-background is-layout-flow wp-block-group-is-layout-flow\">\n<div style=\"height:47px\" aria-hidden=\"true\" class=\"wp-block-spacer\"><\/div>\n\n\n\n<div class=\"wp-block-media-text alignwide has-media-on-the-right is-stacked-on-mobile is-image-fill-element\"><div class=\"wp-block-media-text__content\">\n<div style=\"height:100px\" aria-hidden=\"true\" class=\"wp-block-spacer\"><\/div>\n\n\n\n<h2 class=\"wp-block-heading\">\u00bfPor qu\u00e9 elegir el Instituto de la Visi\u00f3n LASIK?  <\/h2>\n\n\n\n<ol start=\"1\" class=\"wp-block-list\">\n<li>Experiencia en el tratamiento de la miop\u00eda, la hipermetrop\u00eda y el astigmatismo  <\/li>\n\n\n\n<li>Moderna tecnolog\u00eda LASIK personalizada totalmente l\u00e1ser  <\/li>\n\n\n\n<li>Opciones de financiaci\u00f3n flexibles para todos los presupuestos  <\/li>\n\n\n\n<li>Cirujanos experimentados con credenciales NCQA  <\/li>\n\n\n\n<li>Historial probado de pacientes satisfechos  <\/li>\n<\/ol>\n\n\n\n<div style=\"height:100px\" aria-hidden=\"true\" class=\"wp-block-spacer\"><\/div>\n<\/div><figure class=\"wp-block-media-text__media\"><img decoding=\"async\" width=\"1400\" height=\"933\" src=\"https:\/\/www.lasikvisioninstitute.com\/wp-content\/uploads\/2024\/09\/2149003084-1400x933.jpg\" alt=\"Happy people who've had LASIK \" class=\"wp-image-169730 size-full\" style=\"object-position:50% 50%\" srcset=\"https:\/\/www.lasikvisioninstitute.com\/wp-content\/uploads\/2024\/09\/2149003084-1400x933.jpg 1400w, https:\/\/www.lasikvisioninstitute.com\/wp-content\/uploads\/2024\/09\/2149003084-600x400.jpg 600w, https:\/\/www.lasikvisioninstitute.com\/wp-content\/uploads\/2024\/09\/2149003084-768x512.jpg 768w, https:\/\/www.lasikvisioninstitute.com\/wp-content\/uploads\/2024\/09\/2149003084.jpg 1500w\" sizes=\"(max-width: 1400px) 100vw, 1400px\" \/><\/figure><\/div>\n\n\n\n<div style=\"height:58px\" aria-hidden=\"true\" class=\"wp-block-spacer\"><\/div>\n<\/div>\n\n\n\n<div class=\"wp-block-media-text alignwide is-stacked-on-mobile is-image-fill-element\"><figure class=\"wp-block-media-text__media\"><img decoding=\"async\" width=\"1400\" height=\"933\" src=\"https:\/\/www.lasikvisioninstitute.com\/wp-content\/uploads\/2024\/09\/51092-1400x933.jpg\" alt=\"\" class=\"wp-image-169732 size-full\" style=\"object-position:34% 37%\" srcset=\"https:\/\/www.lasikvisioninstitute.com\/wp-content\/uploads\/2024\/09\/51092-1400x933.jpg 1400w, https:\/\/www.lasikvisioninstitute.com\/wp-content\/uploads\/2024\/09\/51092-600x400.jpg 600w, https:\/\/www.lasikvisioninstitute.com\/wp-content\/uploads\/2024\/09\/51092-768x512.jpg 768w, https:\/\/www.lasikvisioninstitute.com\/wp-content\/uploads\/2024\/09\/51092.jpg 1500w\" sizes=\"(max-width: 1400px) 100vw, 1400px\" \/><\/figure><div class=\"wp-block-media-text__content\">\n<h2 class=\"wp-block-heading\" id=\"considerations-expectations\">Oferta exclusiva para miembros de Anthem<\/h2>\n\n\n\n<p>Como miembro de Anthem, tienes derecho a un descuento adicional de 1.000 $* en el LASIK personalizado moderno Wavelight.\nPara solicitar este descuento especial:   <\/p>\n\n\n\n<ol start=\"1\" class=\"wp-block-list\">\n<li><strong>Programa una consulta GRATUITA<\/strong> a trav\u00e9s de la Red Premier LASIK  <\/li>\n\n\n\n<li>Descubre si eres candidato al LASIK y comienza tu viaje hacia una visi\u00f3n m\u00e1s clara.  <\/li>\n<\/ol>\n\n\n\n<div class=\"wp-block-buttons is-layout-flex wp-block-buttons-is-layout-flex\">\n<div class=\"wp-block-button\"><a class=\"wp-block-button__link wp-element-button\" href=\"https:\/\/www.premierlasiknetwork.com\" target=\"_blank\" rel=\"noreferrer noopener\">Programa una consulta gratuita<\/a><\/div>\n<\/div>\n\n\n\n<p>\u00a1No pierdas esta oportunidad de transformar tu visi\u00f3n y ahorrar! Ponte en contacto con The LASIK Vision Institute hoy mismo para obtener m\u00e1s informaci\u00f3n sobre la cobertura del seguro LASIK y los descuentos exclusivos para miembros de Anthem.  <\/p>\n<\/div><\/div>\n\n\n\n<div style=\"height:100px\" aria-hidden=\"true\" class=\"wp-block-spacer\"><\/div>\n\n\n\n<p>*1.000 $ de descuento para ambos ojos sobre el precio est\u00e1ndar de Wavelight, 500 $ de descuento para un ojo. No se puede combinar con otras ofertas.<\/p>\n","protected":false},"excerpt":{"rendered":"<p>\u00bfPor qu\u00e9 elegir el Instituto de la Visi\u00f3n LASIK? *1.000 $ de descuento para ambos ojos sobre el precio est\u00e1ndar de Wavelight, 500 $ de descuento para un ojo. No se puede combinar con otras ofertas.<\/p>\n","protected":false},"author":42,"featured_media":0,"parent":0,"menu_order":0,"comment_status":"closed","ping_status":"closed","template":"","meta":{"_acf_changed":false,"footnotes":""},"class_list":["post-169746","page","type-page","status-publish"],"acf":[],"yoast_head":"<!-- This site is optimized with the Yoast SEO plugin v27.4 - https:\/\/yoast.com\/product\/yoast-seo-wordpress\/ -->\n<title>Cobertura del seguro LASIK para afiliados a Blue365<\/title>\n<meta name=\"description\" content=\"Descubre c\u00f3mo el seguro Blue365 puede ayudarte a ahorrar en la cirug\u00eda ocular LASIK. Disfruta de un descuento exclusivo y una consulta gratuita.\" \/>\n<meta name=\"robots\" content=\"index, follow, max-snippet:-1, max-image-preview:large, max-video-preview:-1\" \/>\n<link rel=\"canonical\" href=\"https:\/\/www.lasikvisioninstitute.com\/es\/cobertura-del-seguro-lasik-para-afiliados-a-anthem-blue-cross-blue-shield\/\" \/>\n<meta property=\"og:locale\" content=\"es_ES\" \/>\n<meta property=\"og:type\" content=\"article\" \/>\n<meta property=\"og:title\" content=\"Cobertura del seguro LASIK para afiliados a Blue365\" \/>\n<meta property=\"og:description\" content=\"Descubre c\u00f3mo el seguro Blue365 puede ayudarte a ahorrar en la cirug\u00eda ocular LASIK. Disfruta de un descuento exclusivo y una consulta gratuita.\" \/>\n<meta property=\"og:url\" content=\"https:\/\/www.lasikvisioninstitute.com\/es\/cobertura-del-seguro-lasik-para-afiliados-a-anthem-blue-cross-blue-shield\/\" \/>\n<meta property=\"og:site_name\" content=\"The LASIK Vision Institute\" \/>\n<meta property=\"article:modified_time\" content=\"2026-02-27T18:27:05+00:00\" \/>\n<meta property=\"og:image\" content=\"https:\/\/www.lasikvisioninstitute.com\/wp-content\/uploads\/2024\/09\/2148461428.jpg\" \/>\n\t<meta property=\"og:image:width\" content=\"1500\" \/>\n\t<meta property=\"og:image:height\" content=\"1001\" \/>\n\t<meta property=\"og:image:type\" content=\"image\/jpeg\" \/>\n<meta name=\"twitter:card\" content=\"summary_large_image\" \/>\n<script type=\"application\/ld+json\" class=\"yoast-schema-graph\">{\"@context\":\"https:\\\/\\\/schema.org\",\"@graph\":[{\"@type\":\"WebPage\",\"@id\":\"https:\\\/\\\/www.lasikvisioninstitute.com\\\/es\\\/cobertura-del-seguro-lasik-para-afiliados-a-anthem-blue-cross-blue-shield\\\/\",\"url\":\"https:\\\/\\\/www.lasikvisioninstitute.com\\\/es\\\/cobertura-del-seguro-lasik-para-afiliados-a-anthem-blue-cross-blue-shield\\\/\",\"name\":\"Cobertura del seguro LASIK para afiliados a Blue365\",\"isPartOf\":{\"@id\":\"https:\\\/\\\/www.lasikvisioninstitute.com\\\/es\\\/#website\"},\"primaryImageOfPage\":{\"@id\":\"https:\\\/\\\/www.lasikvisioninstitute.com\\\/es\\\/cobertura-del-seguro-lasik-para-afiliados-a-anthem-blue-cross-blue-shield\\\/#primaryimage\"},\"image\":{\"@id\":\"https:\\\/\\\/www.lasikvisioninstitute.com\\\/es\\\/cobertura-del-seguro-lasik-para-afiliados-a-anthem-blue-cross-blue-shield\\\/#primaryimage\"},\"thumbnailUrl\":\"https:\\\/\\\/www.lasikvisioninstitute.com\\\/wp-content\\\/uploads\\\/2024\\\/09\\\/2148461428-1400x934.jpg\",\"datePublished\":\"2024-09-13T19:24:04+00:00\",\"dateModified\":\"2026-02-27T18:27:05+00:00\",\"description\":\"Descubre c\u00f3mo el seguro Blue365 puede ayudarte a ahorrar en la cirug\u00eda ocular LASIK. Disfruta de un descuento exclusivo y una consulta gratuita.\",\"breadcrumb\":{\"@id\":\"https:\\\/\\\/www.lasikvisioninstitute.com\\\/es\\\/cobertura-del-seguro-lasik-para-afiliados-a-anthem-blue-cross-blue-shield\\\/#breadcrumb\"},\"inLanguage\":\"es-ES\",\"potentialAction\":[{\"@type\":\"ReadAction\",\"target\":[\"https:\\\/\\\/www.lasikvisioninstitute.com\\\/es\\\/cobertura-del-seguro-lasik-para-afiliados-a-anthem-blue-cross-blue-shield\\\/\"]}]},{\"@type\":\"ImageObject\",\"inLanguage\":\"es-ES\",\"@id\":\"https:\\\/\\\/www.lasikvisioninstitute.com\\\/es\\\/cobertura-del-seguro-lasik-para-afiliados-a-anthem-blue-cross-blue-shield\\\/#primaryimage\",\"url\":\"https:\\\/\\\/www.lasikvisioninstitute.com\\\/wp-content\\\/uploads\\\/2024\\\/09\\\/2148461428-1400x934.jpg\",\"contentUrl\":\"https:\\\/\\\/www.lasikvisioninstitute.com\\\/wp-content\\\/uploads\\\/2024\\\/09\\\/2148461428-1400x934.jpg\"},{\"@type\":\"BreadcrumbList\",\"@id\":\"https:\\\/\\\/www.lasikvisioninstitute.com\\\/es\\\/cobertura-del-seguro-lasik-para-afiliados-a-anthem-blue-cross-blue-shield\\\/#breadcrumb\",\"itemListElement\":[{\"@type\":\"ListItem\",\"position\":1,\"name\":\"Portada\",\"item\":\"https:\\\/\\\/www.lasikvisioninstitute.com\\\/es\\\/\"},{\"@type\":\"ListItem\",\"position\":2,\"name\":\"Cobertura del seguro LASIK para afiliados a Anthem Blue Cross Blue Shield\"}]},{\"@type\":\"WebSite\",\"@id\":\"https:\\\/\\\/www.lasikvisioninstitute.com\\\/es\\\/#website\",\"url\":\"https:\\\/\\\/www.lasikvisioninstitute.com\\\/es\\\/\",\"name\":\"The LASIK Vision Institute\",\"description\":\"1.4 Million LASIK Eye Surgeries and Counting\",\"publisher\":{\"@id\":\"https:\\\/\\\/www.lasikvisioninstitute.com\\\/es\\\/#organization\"},\"potentialAction\":[{\"@type\":\"SearchAction\",\"target\":{\"@type\":\"EntryPoint\",\"urlTemplate\":\"https:\\\/\\\/www.lasikvisioninstitute.com\\\/es\\\/?s={search_term_string}\"},\"query-input\":{\"@type\":\"PropertyValueSpecification\",\"valueRequired\":true,\"valueName\":\"search_term_string\"}}],\"inLanguage\":\"es-ES\"},{\"@type\":\"Organization\",\"@id\":\"https:\\\/\\\/www.lasikvisioninstitute.com\\\/es\\\/#organization\",\"name\":\"The LASIK Vision Institute\",\"url\":\"https:\\\/\\\/www.lasikvisioninstitute.com\\\/es\\\/\",\"logo\":{\"@type\":\"ImageObject\",\"inLanguage\":\"es-ES\",\"@id\":\"https:\\\/\\\/www.lasikvisioninstitute.com\\\/es\\\/#\\\/schema\\\/logo\\\/image\\\/\",\"url\":\"https:\\\/\\\/www.lasikvisioninstitute.com\\\/wp-content\\\/uploads\\\/2019\\\/10\\\/The-LASIK-Vision-Institute-Logo.png\",\"contentUrl\":\"https:\\\/\\\/www.lasikvisioninstitute.com\\\/wp-content\\\/uploads\\\/2019\\\/10\\\/The-LASIK-Vision-Institute-Logo.png\",\"width\":1000,\"height\":289,\"caption\":\"The LASIK Vision Institute\"},\"image\":{\"@id\":\"https:\\\/\\\/www.lasikvisioninstitute.com\\\/es\\\/#\\\/schema\\\/logo\\\/image\\\/\"}}]}<\/script>\n<!-- \/ Yoast SEO plugin. -->","yoast_head_json":{"title":"Cobertura del seguro LASIK para afiliados a Blue365","description":"Descubre c\u00f3mo el seguro Blue365 puede ayudarte a ahorrar en la cirug\u00eda ocular LASIK. Disfruta de un descuento exclusivo y una consulta gratuita.","robots":{"index":"index","follow":"follow","max-snippet":"max-snippet:-1","max-image-preview":"max-image-preview:large","max-video-preview":"max-video-preview:-1"},"canonical":"https:\/\/www.lasikvisioninstitute.com\/es\/cobertura-del-seguro-lasik-para-afiliados-a-anthem-blue-cross-blue-shield\/","og_locale":"es_ES","og_type":"article","og_title":"Cobertura del seguro LASIK para afiliados a Blue365","og_description":"Descubre c\u00f3mo el seguro Blue365 puede ayudarte a ahorrar en la cirug\u00eda ocular LASIK. Disfruta de un descuento exclusivo y una consulta gratuita.","og_url":"https:\/\/www.lasikvisioninstitute.com\/es\/cobertura-del-seguro-lasik-para-afiliados-a-anthem-blue-cross-blue-shield\/","og_site_name":"The LASIK Vision Institute","article_modified_time":"2026-02-27T18:27:05+00:00","og_image":[{"width":1500,"height":1001,"url":"https:\/\/www.lasikvisioninstitute.com\/wp-content\/uploads\/2024\/09\/2148461428.jpg","type":"image\/jpeg"}],"twitter_card":"summary_large_image","schema":{"@context":"https:\/\/schema.org","@graph":[{"@type":"WebPage","@id":"https:\/\/www.lasikvisioninstitute.com\/es\/cobertura-del-seguro-lasik-para-afiliados-a-anthem-blue-cross-blue-shield\/","url":"https:\/\/www.lasikvisioninstitute.com\/es\/cobertura-del-seguro-lasik-para-afiliados-a-anthem-blue-cross-blue-shield\/","name":"Cobertura del seguro LASIK para afiliados a Blue365","isPartOf":{"@id":"https:\/\/www.lasikvisioninstitute.com\/es\/#website"},"primaryImageOfPage":{"@id":"https:\/\/www.lasikvisioninstitute.com\/es\/cobertura-del-seguro-lasik-para-afiliados-a-anthem-blue-cross-blue-shield\/#primaryimage"},"image":{"@id":"https:\/\/www.lasikvisioninstitute.com\/es\/cobertura-del-seguro-lasik-para-afiliados-a-anthem-blue-cross-blue-shield\/#primaryimage"},"thumbnailUrl":"https:\/\/www.lasikvisioninstitute.com\/wp-content\/uploads\/2024\/09\/2148461428-1400x934.jpg","datePublished":"2024-09-13T19:24:04+00:00","dateModified":"2026-02-27T18:27:05+00:00","description":"Descubre c\u00f3mo el seguro Blue365 puede ayudarte a ahorrar en la cirug\u00eda ocular LASIK. Disfruta de un descuento exclusivo y una consulta gratuita.","breadcrumb":{"@id":"https:\/\/www.lasikvisioninstitute.com\/es\/cobertura-del-seguro-lasik-para-afiliados-a-anthem-blue-cross-blue-shield\/#breadcrumb"},"inLanguage":"es-ES","potentialAction":[{"@type":"ReadAction","target":["https:\/\/www.lasikvisioninstitute.com\/es\/cobertura-del-seguro-lasik-para-afiliados-a-anthem-blue-cross-blue-shield\/"]}]},{"@type":"ImageObject","inLanguage":"es-ES","@id":"https:\/\/www.lasikvisioninstitute.com\/es\/cobertura-del-seguro-lasik-para-afiliados-a-anthem-blue-cross-blue-shield\/#primaryimage","url":"https:\/\/www.lasikvisioninstitute.com\/wp-content\/uploads\/2024\/09\/2148461428-1400x934.jpg","contentUrl":"https:\/\/www.lasikvisioninstitute.com\/wp-content\/uploads\/2024\/09\/2148461428-1400x934.jpg"},{"@type":"BreadcrumbList","@id":"https:\/\/www.lasikvisioninstitute.com\/es\/cobertura-del-seguro-lasik-para-afiliados-a-anthem-blue-cross-blue-shield\/#breadcrumb","itemListElement":[{"@type":"ListItem","position":1,"name":"Portada","item":"https:\/\/www.lasikvisioninstitute.com\/es\/"},{"@type":"ListItem","position":2,"name":"Cobertura del seguro LASIK para afiliados a Anthem Blue Cross Blue Shield"}]},{"@type":"WebSite","@id":"https:\/\/www.lasikvisioninstitute.com\/es\/#website","url":"https:\/\/www.lasikvisioninstitute.com\/es\/","name":"The LASIK Vision Institute","description":"1.4 Million LASIK Eye Surgeries and Counting","publisher":{"@id":"https:\/\/www.lasikvisioninstitute.com\/es\/#organization"},"potentialAction":[{"@type":"SearchAction","target":{"@type":"EntryPoint","urlTemplate":"https:\/\/www.lasikvisioninstitute.com\/es\/?s={search_term_string}"},"query-input":{"@type":"PropertyValueSpecification","valueRequired":true,"valueName":"search_term_string"}}],"inLanguage":"es-ES"},{"@type":"Organization","@id":"https:\/\/www.lasikvisioninstitute.com\/es\/#organization","name":"The LASIK Vision Institute","url":"https:\/\/www.lasikvisioninstitute.com\/es\/","logo":{"@type":"ImageObject","inLanguage":"es-ES","@id":"https:\/\/www.lasikvisioninstitute.com\/es\/#\/schema\/logo\/image\/","url":"https:\/\/www.lasikvisioninstitute.com\/wp-content\/uploads\/2019\/10\/The-LASIK-Vision-Institute-Logo.png","contentUrl":"https:\/\/www.lasikvisioninstitute.com\/wp-content\/uploads\/2019\/10\/The-LASIK-Vision-Institute-Logo.png","width":1000,"height":289,"caption":"The LASIK Vision Institute"},"image":{"@id":"https:\/\/www.lasikvisioninstitute.com\/es\/#\/schema\/logo\/image\/"}}]}},"_links":{"self":[{"href":"https:\/\/www.lasikvisioninstitute.com\/es\/wp-json\/wp\/v2\/pages\/169746","targetHints":{"allow":["GET"]}}],"collection":[{"href":"https:\/\/www.lasikvisioninstitute.com\/es\/wp-json\/wp\/v2\/pages"}],"about":[{"href":"https:\/\/www.lasikvisioninstitute.com\/es\/wp-json\/wp\/v2\/types\/page"}],"author":[{"embeddable":true,"href":"https:\/\/www.lasikvisioninstitute.com\/es\/wp-json\/wp\/v2\/users\/42"}],"replies":[{"embeddable":true,"href":"https:\/\/www.lasikvisioninstitute.com\/es\/wp-json\/wp\/v2\/comments?post=169746"}],"version-history":[{"count":1,"href":"https:\/\/www.lasikvisioninstitute.com\/es\/wp-json\/wp\/v2\/pages\/169746\/revisions"}],"predecessor-version":[{"id":177376,"href":"https:\/\/www.lasikvisioninstitute.com\/es\/wp-json\/wp\/v2\/pages\/169746\/revisions\/177376"}],"wp:attachment":[{"href":"https:\/\/www.lasikvisioninstitute.com\/es\/wp-json\/wp\/v2\/media?parent=169746"}],"curies":[{"name":"wp","href":"https:\/\/api.w.org\/{rel}","templated":true}]}}