{"id":169569,"date":"2024-08-23T15:41:55","date_gmt":"2024-08-23T20:41:55","guid":{"rendered":"https:\/\/www.lasikvisioninstitute.com\/se-puede-fumar-despues-del-lasik\/"},"modified":"2024-08-23T15:42:10","modified_gmt":"2024-08-23T20:42:10","slug":"se-puede-fumar-despues-del-lasik","status":"publish","type":"page","link":"https:\/\/www.lasikvisioninstitute.com\/es\/se-puede-fumar-despues-del-lasik\/","title":{"rendered":"\u00bfSe puede fumar despu\u00e9s del LASIK?"},"content":{"rendered":"\n<p>Si eres fumador y piensas someterte a una intervenci\u00f3n LASIK, quiz\u00e1 te preguntes: &#8220;\u00bfPuedo fumar despu\u00e9s de la intervenci\u00f3n LASIK?&#8221;.\nEsta pregunta es crucial porque fumar puede afectar potencialmente a tu recuperaci\u00f3n.\nFumar introduce en el organismo sustancias qu\u00edmicas y toxinas nocivas, como la nicotina, el mon\u00f3xido de carbono y el alquitr\u00e1n.\nEstas sustancias pueden tener varios efectos perjudiciales en el proceso de curaci\u00f3n tras la cirug\u00eda LASIK:   <\/p>\n\n<ol class=\"wp-block-list\">\n<li><strong>Suministro reducido de ox\u00edgeno:<\/strong> La nicotina y el mon\u00f3xido de carbono de los cigarrillos reducen la cantidad de ox\u00edgeno transportado por la sangre a los tejidos en curaci\u00f3n.\nUna oxigenaci\u00f3n adecuada es crucial para la reparaci\u00f3n y regeneraci\u00f3n de los tejidos, lo que es especialmente importante para la c\u00f3rnea despu\u00e9s del LASIK. <\/li>\n\n\n\n<li><strong>Mayor riesgo de infecci\u00f3n:<\/strong> Fumar compromete el sistema inmunitario, haci\u00e9ndolo menos eficaz para combatir las infecciones.\nDespu\u00e9s del LASIK, los ojos son especialmente vulnerables a las infecciones, y fumar puede aumentar este riesgo. <\/li>\n\n\n\n<li><strong>Retraso en la curaci\u00f3n:<\/strong> Las sustancias qu\u00edmicas del humo del tabaco pueden retrasar el proceso natural de curaci\u00f3n del organismo.\nEsto puede prolongar el tiempo de recuperaci\u00f3n y aumentar las molestias durante el periodo postoperatorio. <\/li>\n\n\n\n<li><strong>Sequedad ocular:<\/strong> Se sabe que fumar exacerba la sequedad ocular.\nLos ojos secos pueden causar molestias, irritaci\u00f3n y visi\u00f3n borrosa, lo que puede afectar al resultado quir\u00fargico. <\/li>\n<\/ol>\n\n<h3 class=\"wp-block-heading\">Efectos inmediatos de fumar despu\u00e9s del LASIK<\/h3>\n\n<p>Inmediatamente despu\u00e9s de la cirug\u00eda LASIK, tus ojos se encuentran en una fase cr\u00edtica de cicatrizaci\u00f3n.\nFumar durante este periodo puede provocar complicaciones: <\/p>\n\n<ul class=\"wp-block-list\">\n<li><strong>Mayor irritaci\u00f3n:<\/strong> El humo y las sustancias qu\u00edmicas de los cigarrillos pueden irritar los ojos, que ya est\u00e1n sensibles y cur\u00e1ndose de la intervenci\u00f3n LASIK.\nEsta irritaci\u00f3n puede causar enrojecimiento, lagrimeo y molestias. <\/li>\n\n\n\n<li><strong>Mayor riesgo de complicaciones:<\/strong> Fumar puede aumentar el riesgo de complicaciones postoperatorias, como infecciones corneales, crecimiento epitelial interno y complicaciones del colgajo.\nEstos problemas pueden afectar a la visi\u00f3n e incluso requerir tratamiento adicional o cirug\u00eda. <\/li>\n<\/ul>\n\n<h3 class=\"wp-block-heading\">\u00bfCu\u00e1ndo es seguro fumar despu\u00e9s del LASIK?<\/h3>\n\n<p>Aunque se recomienda encarecidamente evitar por completo el tabaco despu\u00e9s de la cirug\u00eda LASIK, si no puedes dejarlo, al menos debes abstenerte de fumar durante el cr\u00edtico periodo inicial de cicatrizaci\u00f3n.\nLa mayor\u00eda de los cirujanos sugieren evitar fumar durante al menos una o dos semanas despu\u00e9s de la intervenci\u00f3n.\nEste plazo permite que el colgajo corneal cicatrice adecuadamente y reduce el riesgo de complicaciones.  <\/p>\n\n<p>Sin embargo, es esencial seguir las instrucciones postoperatorias espec\u00edficas de tu cirujano.\nEl proceso de curaci\u00f3n de cada paciente es \u00fanico, y tu m\u00e9dico te dar\u00e1 consejos personalizados basados en el progreso de tu recuperaci\u00f3n.\nSi sigues estos pasos, podr\u00e1s conseguir el mejor resultado posible de tu cirug\u00eda LASIK.  <\/p>\n","protected":false},"excerpt":{"rendered":"<p>Si eres fumador y piensas someterte a una intervenci\u00f3n LASIK, quiz\u00e1 te preguntes: &#8220;\u00bfPuedo fumar despu\u00e9s de la intervenci\u00f3n LASIK?&#8221;. Esta pregunta es crucial porque fumar puede afectar potencialmente a tu recuperaci\u00f3n. Fumar introduce en el organismo sustancias qu\u00edmicas y toxinas nocivas, como la nicotina, el mon\u00f3xido de carbono y el alquitr\u00e1n. Estas sustancias pueden [&hellip;]<\/p>\n","protected":false},"author":33,"featured_media":0,"parent":0,"menu_order":0,"comment_status":"closed","ping_status":"closed","template":"","meta":{"_acf_changed":false,"footnotes":""},"class_list":["post-169569","page","type-page","status-publish"],"acf":[],"yoast_head":"<!-- This site is optimized with the Yoast SEO plugin v27.5 - https:\/\/yoast.com\/product\/yoast-seo-wordpress\/ -->\n<title>\u00bfSe puede fumar despu\u00e9s del LASIK? - The LASIK Vision Institute<\/title>\n<meta name=\"description\" content=\"\u00bfSe puede fumar despu\u00e9s del LASIK? Aprende c\u00f3mo afecta el tabaco a la recuperaci\u00f3n de la cirug\u00eda LASIK y los riesgos potenciales para garantizar una recuperaci\u00f3n satisfactoria.\" \/>\n<meta name=\"robots\" content=\"index, follow, max-snippet:-1, max-image-preview:large, max-video-preview:-1\" \/>\n<link rel=\"canonical\" href=\"https:\/\/www.lasikvisioninstitute.com\/es\/se-puede-fumar-despues-del-lasik\/\" \/>\n<meta property=\"og:locale\" content=\"es_ES\" \/>\n<meta property=\"og:type\" content=\"article\" \/>\n<meta property=\"og:title\" content=\"\u00bfSe puede fumar despu\u00e9s del LASIK? - The LASIK Vision Institute\" \/>\n<meta property=\"og:description\" content=\"\u00bfSe puede fumar despu\u00e9s del LASIK? Aprende c\u00f3mo afecta el tabaco a la recuperaci\u00f3n de la cirug\u00eda LASIK y los riesgos potenciales para garantizar una recuperaci\u00f3n satisfactoria.\" \/>\n<meta property=\"og:url\" content=\"https:\/\/www.lasikvisioninstitute.com\/es\/se-puede-fumar-despues-del-lasik\/\" \/>\n<meta property=\"og:site_name\" content=\"The LASIK Vision Institute\" \/>\n<meta property=\"article:modified_time\" content=\"2024-08-23T20:42:10+00:00\" \/>\n<meta name=\"twitter:card\" content=\"summary_large_image\" \/>\n<script type=\"application\/ld+json\" class=\"yoast-schema-graph\">{\"@context\":\"https:\\\/\\\/schema.org\",\"@graph\":[{\"@type\":\"WebPage\",\"@id\":\"https:\\\/\\\/www.lasikvisioninstitute.com\\\/es\\\/se-puede-fumar-despues-del-lasik\\\/\",\"url\":\"https:\\\/\\\/www.lasikvisioninstitute.com\\\/es\\\/se-puede-fumar-despues-del-lasik\\\/\",\"name\":\"\u00bfSe puede fumar despu\u00e9s del LASIK? - The LASIK Vision Institute\",\"isPartOf\":{\"@id\":\"https:\\\/\\\/www.lasikvisioninstitute.com\\\/es\\\/#website\"},\"datePublished\":\"2024-08-23T20:41:55+00:00\",\"dateModified\":\"2024-08-23T20:42:10+00:00\",\"description\":\"\u00bfSe puede fumar despu\u00e9s del LASIK? Aprende c\u00f3mo afecta el tabaco a la recuperaci\u00f3n de la cirug\u00eda LASIK y los riesgos potenciales para garantizar una recuperaci\u00f3n satisfactoria.\",\"breadcrumb\":{\"@id\":\"https:\\\/\\\/www.lasikvisioninstitute.com\\\/es\\\/se-puede-fumar-despues-del-lasik\\\/#breadcrumb\"},\"inLanguage\":\"es-ES\",\"potentialAction\":[{\"@type\":\"ReadAction\",\"target\":[\"https:\\\/\\\/www.lasikvisioninstitute.com\\\/es\\\/se-puede-fumar-despues-del-lasik\\\/\"]}]},{\"@type\":\"BreadcrumbList\",\"@id\":\"https:\\\/\\\/www.lasikvisioninstitute.com\\\/es\\\/se-puede-fumar-despues-del-lasik\\\/#breadcrumb\",\"itemListElement\":[{\"@type\":\"ListItem\",\"position\":1,\"name\":\"Portada\",\"item\":\"https:\\\/\\\/www.lasikvisioninstitute.com\\\/es\\\/\"},{\"@type\":\"ListItem\",\"position\":2,\"name\":\"\u00bfSe puede fumar despu\u00e9s del LASIK?\"}]},{\"@type\":\"WebSite\",\"@id\":\"https:\\\/\\\/www.lasikvisioninstitute.com\\\/es\\\/#website\",\"url\":\"https:\\\/\\\/www.lasikvisioninstitute.com\\\/es\\\/\",\"name\":\"The LASIK Vision Institute\",\"description\":\"1.4 Million LASIK Eye Surgeries and Counting\",\"publisher\":{\"@id\":\"https:\\\/\\\/www.lasikvisioninstitute.com\\\/es\\\/#organization\"},\"potentialAction\":[{\"@type\":\"SearchAction\",\"target\":{\"@type\":\"EntryPoint\",\"urlTemplate\":\"https:\\\/\\\/www.lasikvisioninstitute.com\\\/es\\\/?s={search_term_string}\"},\"query-input\":{\"@type\":\"PropertyValueSpecification\",\"valueRequired\":true,\"valueName\":\"search_term_string\"}}],\"inLanguage\":\"es-ES\"},{\"@type\":\"Organization\",\"@id\":\"https:\\\/\\\/www.lasikvisioninstitute.com\\\/es\\\/#organization\",\"name\":\"The LASIK Vision Institute\",\"url\":\"https:\\\/\\\/www.lasikvisioninstitute.com\\\/es\\\/\",\"logo\":{\"@type\":\"ImageObject\",\"inLanguage\":\"es-ES\",\"@id\":\"https:\\\/\\\/www.lasikvisioninstitute.com\\\/es\\\/#\\\/schema\\\/logo\\\/image\\\/\",\"url\":\"https:\\\/\\\/www.lasikvisioninstitute.com\\\/wp-content\\\/uploads\\\/2019\\\/10\\\/The-LASIK-Vision-Institute-Logo.png\",\"contentUrl\":\"https:\\\/\\\/www.lasikvisioninstitute.com\\\/wp-content\\\/uploads\\\/2019\\\/10\\\/The-LASIK-Vision-Institute-Logo.png\",\"width\":1000,\"height\":289,\"caption\":\"The LASIK Vision Institute\"},\"image\":{\"@id\":\"https:\\\/\\\/www.lasikvisioninstitute.com\\\/es\\\/#\\\/schema\\\/logo\\\/image\\\/\"}}]}<\/script>\n<!-- \/ Yoast SEO plugin. -->","yoast_head_json":{"title":"\u00bfSe puede fumar despu\u00e9s del LASIK? - The LASIK Vision Institute","description":"\u00bfSe puede fumar despu\u00e9s del LASIK? Aprende c\u00f3mo afecta el tabaco a la recuperaci\u00f3n de la cirug\u00eda LASIK y los riesgos potenciales para garantizar una recuperaci\u00f3n satisfactoria.","robots":{"index":"index","follow":"follow","max-snippet":"max-snippet:-1","max-image-preview":"max-image-preview:large","max-video-preview":"max-video-preview:-1"},"canonical":"https:\/\/www.lasikvisioninstitute.com\/es\/se-puede-fumar-despues-del-lasik\/","og_locale":"es_ES","og_type":"article","og_title":"\u00bfSe puede fumar despu\u00e9s del LASIK? - The LASIK Vision Institute","og_description":"\u00bfSe puede fumar despu\u00e9s del LASIK? Aprende c\u00f3mo afecta el tabaco a la recuperaci\u00f3n de la cirug\u00eda LASIK y los riesgos potenciales para garantizar una recuperaci\u00f3n satisfactoria.","og_url":"https:\/\/www.lasikvisioninstitute.com\/es\/se-puede-fumar-despues-del-lasik\/","og_site_name":"The LASIK Vision Institute","article_modified_time":"2024-08-23T20:42:10+00:00","twitter_card":"summary_large_image","schema":{"@context":"https:\/\/schema.org","@graph":[{"@type":"WebPage","@id":"https:\/\/www.lasikvisioninstitute.com\/es\/se-puede-fumar-despues-del-lasik\/","url":"https:\/\/www.lasikvisioninstitute.com\/es\/se-puede-fumar-despues-del-lasik\/","name":"\u00bfSe puede fumar despu\u00e9s del LASIK? - The LASIK Vision Institute","isPartOf":{"@id":"https:\/\/www.lasikvisioninstitute.com\/es\/#website"},"datePublished":"2024-08-23T20:41:55+00:00","dateModified":"2024-08-23T20:42:10+00:00","description":"\u00bfSe puede fumar despu\u00e9s del LASIK? Aprende c\u00f3mo afecta el tabaco a la recuperaci\u00f3n de la cirug\u00eda LASIK y los riesgos potenciales para garantizar una recuperaci\u00f3n satisfactoria.","breadcrumb":{"@id":"https:\/\/www.lasikvisioninstitute.com\/es\/se-puede-fumar-despues-del-lasik\/#breadcrumb"},"inLanguage":"es-ES","potentialAction":[{"@type":"ReadAction","target":["https:\/\/www.lasikvisioninstitute.com\/es\/se-puede-fumar-despues-del-lasik\/"]}]},{"@type":"BreadcrumbList","@id":"https:\/\/www.lasikvisioninstitute.com\/es\/se-puede-fumar-despues-del-lasik\/#breadcrumb","itemListElement":[{"@type":"ListItem","position":1,"name":"Portada","item":"https:\/\/www.lasikvisioninstitute.com\/es\/"},{"@type":"ListItem","position":2,"name":"\u00bfSe puede fumar despu\u00e9s del LASIK?"}]},{"@type":"WebSite","@id":"https:\/\/www.lasikvisioninstitute.com\/es\/#website","url":"https:\/\/www.lasikvisioninstitute.com\/es\/","name":"The LASIK Vision Institute","description":"1.4 Million LASIK Eye Surgeries and Counting","publisher":{"@id":"https:\/\/www.lasikvisioninstitute.com\/es\/#organization"},"potentialAction":[{"@type":"SearchAction","target":{"@type":"EntryPoint","urlTemplate":"https:\/\/www.lasikvisioninstitute.com\/es\/?s={search_term_string}"},"query-input":{"@type":"PropertyValueSpecification","valueRequired":true,"valueName":"search_term_string"}}],"inLanguage":"es-ES"},{"@type":"Organization","@id":"https:\/\/www.lasikvisioninstitute.com\/es\/#organization","name":"The LASIK Vision Institute","url":"https:\/\/www.lasikvisioninstitute.com\/es\/","logo":{"@type":"ImageObject","inLanguage":"es-ES","@id":"https:\/\/www.lasikvisioninstitute.com\/es\/#\/schema\/logo\/image\/","url":"https:\/\/www.lasikvisioninstitute.com\/wp-content\/uploads\/2019\/10\/The-LASIK-Vision-Institute-Logo.png","contentUrl":"https:\/\/www.lasikvisioninstitute.com\/wp-content\/uploads\/2019\/10\/The-LASIK-Vision-Institute-Logo.png","width":1000,"height":289,"caption":"The LASIK Vision Institute"},"image":{"@id":"https:\/\/www.lasikvisioninstitute.com\/es\/#\/schema\/logo\/image\/"}}]}},"_links":{"self":[{"href":"https:\/\/www.lasikvisioninstitute.com\/es\/wp-json\/wp\/v2\/pages\/169569","targetHints":{"allow":["GET"]}}],"collection":[{"href":"https:\/\/www.lasikvisioninstitute.com\/es\/wp-json\/wp\/v2\/pages"}],"about":[{"href":"https:\/\/www.lasikvisioninstitute.com\/es\/wp-json\/wp\/v2\/types\/page"}],"author":[{"embeddable":true,"href":"https:\/\/www.lasikvisioninstitute.com\/es\/wp-json\/wp\/v2\/users\/33"}],"replies":[{"embeddable":true,"href":"https:\/\/www.lasikvisioninstitute.com\/es\/wp-json\/wp\/v2\/comments?post=169569"}],"version-history":[{"count":0,"href":"https:\/\/www.lasikvisioninstitute.com\/es\/wp-json\/wp\/v2\/pages\/169569\/revisions"}],"wp:attachment":[{"href":"https:\/\/www.lasikvisioninstitute.com\/es\/wp-json\/wp\/v2\/media?parent=169569"}],"curies":[{"name":"wp","href":"https:\/\/api.w.org\/{rel}","templated":true}]}}