{"id":169566,"date":"2024-08-23T15:22:56","date_gmt":"2024-08-23T20:22:56","guid":{"rendered":"https:\/\/www.lasikvisioninstitute.com\/se-puede-beber-alcohol-despues-del-lasik\/"},"modified":"2024-08-23T15:23:45","modified_gmt":"2024-08-23T20:23:45","slug":"se-puede-beber-alcohol-despues-del-lasik","status":"publish","type":"page","link":"https:\/\/www.lasikvisioninstitute.com\/es\/se-puede-beber-alcohol-despues-del-lasik\/","title":{"rendered":"\u00bfSe puede beber alcohol despu\u00e9s del LASIK?"},"content":{"rendered":"\n<p>Aunque muchos pacientes disfrutan de la nueva libertad de gafas o lentes de contacto, despu\u00e9s de la intervenci\u00f3n surge una pregunta frecuente: \u00bfCu\u00e1ndo se puede beber alcohol despu\u00e9s del LASIK?\nComprender los efectos del alcohol en tu recuperaci\u00f3n y conocer las mejores pr\u00e1cticas puede ayudarte a garantizar un proceso de curaci\u00f3n sin problemas. <\/p>\n\n<h2 class=\"wp-block-heading\">Comprender los efectos del alcohol en el cuerpo y los ojos<\/h2>\n\n<p>El consumo de alcohol, incluso con moderaci\u00f3n, puede tener varios efectos adversos en el organismo, sobre todo cuando se trata de la recuperaci\u00f3n tras una intervenci\u00f3n quir\u00fargica.\nEntender estos efectos es esencial para comprender por qu\u00e9 debes ser prudente con el alcohol durante el proceso de curaci\u00f3n. <\/p>\n\n<p>Tras la cirug\u00eda LASIK, tus ojos se encuentran en un estado delicado mientras empiezan a curarse.\nBeber alcohol poco despu\u00e9s de la intervenci\u00f3n puede afectar negativamente a tu recuperaci\u00f3n de varias maneras: <\/p>\n\n<ol class=\"wp-block-list\">\n<li><strong>Deshidrataci\u00f3n<\/strong>: El alcohol es un diur\u00e9tico, lo que significa que aumenta la producci\u00f3n de orina, provocando deshidrataci\u00f3n.\nEsto puede empeorar los s\u00edntomas del ojo seco.\nMantener los ojos hidratados es crucial para el proceso de curaci\u00f3n, y el alcohol puede interferir en \u00e9l.  <\/li>\n\n\n\n<li><strong>Retraso en la curaci\u00f3n<\/strong>: El alcohol puede ralentizar los procesos naturales de curaci\u00f3n del organismo.\nPuede afectar al sistema inmunitario, dificultando que tus ojos se recuperen de la operaci\u00f3n. <\/li>\n\n\n\n<li><strong>Interacci\u00f3n con medicamentos<\/strong>: Despu\u00e9s del LASIK, pueden recetarte antibi\u00f3ticos o antiinflamatorios para prevenir la infecci\u00f3n y reducir la inflamaci\u00f3n.\nEl alcohol puede interactuar con estos medicamentos, reduciendo su eficacia o aumentando el riesgo de efectos secundarios. <\/li>\n\n\n\n<li><strong>Mayor riesgo de lesiones<\/strong>: Beber alcohol deteriora el juicio y la coordinaci\u00f3n, lo que puede aumentar el riesgo de frotarse accidentalmente los ojos o chocar con cosas, da\u00f1ando potencialmente el delicado colgajo creado durante la cirug\u00eda LASIK.<\/li>\n<\/ol>\n\n<h2 class=\"wp-block-heading\">\u00bfCu\u00e1ndo se puede beber alcohol despu\u00e9s de una intervenci\u00f3n LASIK?<\/h2>\n\n<p>No existe una respuesta universal, ya que los tiempos de recuperaci\u00f3n pueden variar de una persona a otra.\nSin embargo, la mayor\u00eda de los cirujanos especialistas en LASIK recomiendan esperar al menos de 24 a 48 horas tras la intervenci\u00f3n antes de consumir alcohol.\nAlgunos m\u00e9dicos pueden aconsejar esperar hasta una semana, sobre todo si tus ojos tardan m\u00e1s en curarse o si experimentas s\u00edntomas de ojo seco.\nSigue siempre las recomendaciones espec\u00edficas de tu cirujano para tu caso individual.   <\/p>\n\n<h2 class=\"wp-block-heading\">Consejos para una recuperaci\u00f3n sin problemas tras el LASIK<\/h2>\n\n<p>Para garantizar una recuperaci\u00f3n segura y eficaz despu\u00e9s de la cirug\u00eda LASIK, aqu\u00ed tienes algunos consejos que debes seguir:<\/p>\n\n<ul class=\"is-style-checklist wp-block-list\">\n<li><strong>Mantente hidratado<\/strong>: Bebe mucha agua para mantener hidratados el cuerpo y los ojos.\nEsto es especialmente importante si tomas medicamentos o utilizas colirios que pueden provocar sequedad. <\/li>\n\n\n\n<li><strong>Sigue las instrucciones de medicaci\u00f3n<\/strong>: Toma todos los medicamentos prescritos seg\u00fan las indicaciones de tu cirujano.\nEstos medicamentos son cruciales para prevenir la infecci\u00f3n y reducir la inflamaci\u00f3n. <\/li>\n\n\n\n<li><strong>Evita frotarte los ojos<\/strong>: Puede que sientas picor o sequedad en los ojos despu\u00e9s de la cirug\u00eda LASIK, pero es esencial que evites frot\u00e1rtelos.\nEl frotamiento puede desprender el colgajo corneal y causar complicaciones. <\/li>\n\n\n\n<li><strong>Prot\u00e9gete los ojos<\/strong>: Utiliza gafas de sol cuando est\u00e9s al aire libre para proteger los ojos de los rayos UV y de agentes irritantes como el polvo y el viento.\nEn interiores, considera la posibilidad de utilizar gafas protectoras, sobre todo si realizas actividades que puedan provocar un contacto accidental con los ojos. <\/li>\n\n\n\n<li><strong>Descansa y rel\u00e1jate<\/strong>: Dale a tus ojos mucho descanso.\nEvita mirar pantallas durante periodos prolongados e intenta dormir con la cabeza elevada para reducir la hinchaz\u00f3n. <\/li>\n\n\n\n<li><strong>Acude a las citas de seguimiento<\/strong>: Las revisiones peri\u00f3dicas con tu oftalm\u00f3logo son esenciales para controlar tu proceso de curaci\u00f3n y asegurarte de que no hay complicaciones.<\/li>\n<\/ul>\n\n<p>Si comprendes los riesgos potenciales y sigues las directrices del m\u00e9dico, podr\u00e1s garantizar una recuperaci\u00f3n sin problemas tras la cirug\u00eda LASIK.\nDa prioridad a tu salud ocular y consulta a tu cirujano para que te d\u00e9 consejos personalizados adaptados a tus necesidades espec\u00edficas.\nCon los cuidados adecuados, volver\u00e1s a disfrutar de todas tus actividades favoritas, incluida la bebida ocasional, en muy poco tiempo.\n\u00a1Salud por una visi\u00f3n clara!   <\/p>\n","protected":false},"excerpt":{"rendered":"<p>Aunque muchos pacientes disfrutan de la nueva libertad de gafas o lentes de contacto, despu\u00e9s de la intervenci\u00f3n surge una pregunta frecuente: \u00bfCu\u00e1ndo se puede beber alcohol despu\u00e9s del LASIK? Comprender los efectos del alcohol en tu recuperaci\u00f3n y conocer las mejores pr\u00e1cticas puede ayudarte a garantizar un proceso de curaci\u00f3n sin problemas. Comprender los [&hellip;]<\/p>\n","protected":false},"author":33,"featured_media":169559,"parent":0,"menu_order":0,"comment_status":"closed","ping_status":"closed","template":"","meta":{"_acf_changed":false,"footnotes":""},"class_list":["post-169566","page","type-page","status-publish","has-post-thumbnail"],"acf":[],"yoast_head":"<!-- This site is optimized with the Yoast SEO plugin v27.5 - https:\/\/yoast.com\/product\/yoast-seo-wordpress\/ -->\n<title>\u00bfSe puede beber alcohol despu\u00e9s del LASIK? - The LASIK Vision Institute<\/title>\n<meta name=\"description\" content=\"\u00bfTe preguntas en cu\u00e1nto tiempo puedes beber alcohol despu\u00e9s de la cirug\u00eda ocular LASIK? Aprende a cuidar tus ojos despu\u00e9s de la cirug\u00eda y los riesgos potenciales\" \/>\n<meta name=\"robots\" content=\"index, follow, max-snippet:-1, max-image-preview:large, max-video-preview:-1\" \/>\n<link rel=\"canonical\" href=\"https:\/\/www.lasikvisioninstitute.com\/es\/se-puede-beber-alcohol-despues-del-lasik\/\" \/>\n<meta property=\"og:locale\" content=\"es_ES\" \/>\n<meta property=\"og:type\" content=\"article\" \/>\n<meta property=\"og:title\" content=\"\u00bfSe puede beber alcohol despu\u00e9s del LASIK? - The LASIK Vision Institute\" \/>\n<meta property=\"og:description\" content=\"\u00bfTe preguntas en cu\u00e1nto tiempo puedes beber alcohol despu\u00e9s de la cirug\u00eda ocular LASIK? Aprende a cuidar tus ojos despu\u00e9s de la cirug\u00eda y los riesgos potenciales\" \/>\n<meta property=\"og:url\" content=\"https:\/\/www.lasikvisioninstitute.com\/es\/se-puede-beber-alcohol-despues-del-lasik\/\" \/>\n<meta property=\"og:site_name\" content=\"The LASIK Vision Institute\" \/>\n<meta property=\"article:modified_time\" content=\"2024-08-23T20:23:45+00:00\" \/>\n<meta property=\"og:image\" content=\"https:\/\/www.lasikvisioninstitute.com\/wp-content\/uploads\/2024\/08\/young-happy-woman-having-fun-while-toasting-with-her-friends-lunch-dining-table-scaled.jpg\" \/>\n\t<meta property=\"og:image:width\" content=\"2560\" \/>\n\t<meta property=\"og:image:height\" content=\"1707\" \/>\n\t<meta property=\"og:image:type\" content=\"image\/jpeg\" \/>\n<meta name=\"twitter:card\" content=\"summary_large_image\" \/>\n<script type=\"application\/ld+json\" class=\"yoast-schema-graph\">{\"@context\":\"https:\\\/\\\/schema.org\",\"@graph\":[{\"@type\":\"WebPage\",\"@id\":\"https:\\\/\\\/www.lasikvisioninstitute.com\\\/es\\\/se-puede-beber-alcohol-despues-del-lasik\\\/\",\"url\":\"https:\\\/\\\/www.lasikvisioninstitute.com\\\/es\\\/se-puede-beber-alcohol-despues-del-lasik\\\/\",\"name\":\"\u00bfSe puede beber alcohol despu\u00e9s del LASIK? - The LASIK Vision Institute\",\"isPartOf\":{\"@id\":\"https:\\\/\\\/www.lasikvisioninstitute.com\\\/es\\\/#website\"},\"primaryImageOfPage\":{\"@id\":\"https:\\\/\\\/www.lasikvisioninstitute.com\\\/es\\\/se-puede-beber-alcohol-despues-del-lasik\\\/#primaryimage\"},\"image\":{\"@id\":\"https:\\\/\\\/www.lasikvisioninstitute.com\\\/es\\\/se-puede-beber-alcohol-despues-del-lasik\\\/#primaryimage\"},\"thumbnailUrl\":\"https:\\\/\\\/www.lasikvisioninstitute.com\\\/wp-content\\\/uploads\\\/2024\\\/08\\\/young-happy-woman-having-fun-while-toasting-with-her-friends-lunch-dining-table-scaled.jpg\",\"datePublished\":\"2024-08-23T20:22:56+00:00\",\"dateModified\":\"2024-08-23T20:23:45+00:00\",\"description\":\"\u00bfTe preguntas en cu\u00e1nto tiempo puedes beber alcohol despu\u00e9s de la cirug\u00eda ocular LASIK? Aprende a cuidar tus ojos despu\u00e9s de la cirug\u00eda y los riesgos potenciales\",\"breadcrumb\":{\"@id\":\"https:\\\/\\\/www.lasikvisioninstitute.com\\\/es\\\/se-puede-beber-alcohol-despues-del-lasik\\\/#breadcrumb\"},\"inLanguage\":\"es-ES\",\"potentialAction\":[{\"@type\":\"ReadAction\",\"target\":[\"https:\\\/\\\/www.lasikvisioninstitute.com\\\/es\\\/se-puede-beber-alcohol-despues-del-lasik\\\/\"]}]},{\"@type\":\"ImageObject\",\"inLanguage\":\"es-ES\",\"@id\":\"https:\\\/\\\/www.lasikvisioninstitute.com\\\/es\\\/se-puede-beber-alcohol-despues-del-lasik\\\/#primaryimage\",\"url\":\"https:\\\/\\\/www.lasikvisioninstitute.com\\\/wp-content\\\/uploads\\\/2024\\\/08\\\/young-happy-woman-having-fun-while-toasting-with-her-friends-lunch-dining-table-scaled.jpg\",\"contentUrl\":\"https:\\\/\\\/www.lasikvisioninstitute.com\\\/wp-content\\\/uploads\\\/2024\\\/08\\\/young-happy-woman-having-fun-while-toasting-with-her-friends-lunch-dining-table-scaled.jpg\",\"width\":2560,\"height\":1707,\"caption\":\"Young happy woman having fun while toasting with her friends during a lunch at dining table.\"},{\"@type\":\"BreadcrumbList\",\"@id\":\"https:\\\/\\\/www.lasikvisioninstitute.com\\\/es\\\/se-puede-beber-alcohol-despues-del-lasik\\\/#breadcrumb\",\"itemListElement\":[{\"@type\":\"ListItem\",\"position\":1,\"name\":\"Portada\",\"item\":\"https:\\\/\\\/www.lasikvisioninstitute.com\\\/es\\\/\"},{\"@type\":\"ListItem\",\"position\":2,\"name\":\"\u00bfSe puede beber alcohol despu\u00e9s del LASIK?\"}]},{\"@type\":\"WebSite\",\"@id\":\"https:\\\/\\\/www.lasikvisioninstitute.com\\\/es\\\/#website\",\"url\":\"https:\\\/\\\/www.lasikvisioninstitute.com\\\/es\\\/\",\"name\":\"The LASIK Vision Institute\",\"description\":\"1.4 Million LASIK Eye Surgeries and Counting\",\"publisher\":{\"@id\":\"https:\\\/\\\/www.lasikvisioninstitute.com\\\/es\\\/#organization\"},\"potentialAction\":[{\"@type\":\"SearchAction\",\"target\":{\"@type\":\"EntryPoint\",\"urlTemplate\":\"https:\\\/\\\/www.lasikvisioninstitute.com\\\/es\\\/?s={search_term_string}\"},\"query-input\":{\"@type\":\"PropertyValueSpecification\",\"valueRequired\":true,\"valueName\":\"search_term_string\"}}],\"inLanguage\":\"es-ES\"},{\"@type\":\"Organization\",\"@id\":\"https:\\\/\\\/www.lasikvisioninstitute.com\\\/es\\\/#organization\",\"name\":\"The LASIK Vision Institute\",\"url\":\"https:\\\/\\\/www.lasikvisioninstitute.com\\\/es\\\/\",\"logo\":{\"@type\":\"ImageObject\",\"inLanguage\":\"es-ES\",\"@id\":\"https:\\\/\\\/www.lasikvisioninstitute.com\\\/es\\\/#\\\/schema\\\/logo\\\/image\\\/\",\"url\":\"https:\\\/\\\/www.lasikvisioninstitute.com\\\/wp-content\\\/uploads\\\/2019\\\/10\\\/The-LASIK-Vision-Institute-Logo.png\",\"contentUrl\":\"https:\\\/\\\/www.lasikvisioninstitute.com\\\/wp-content\\\/uploads\\\/2019\\\/10\\\/The-LASIK-Vision-Institute-Logo.png\",\"width\":1000,\"height\":289,\"caption\":\"The LASIK Vision Institute\"},\"image\":{\"@id\":\"https:\\\/\\\/www.lasikvisioninstitute.com\\\/es\\\/#\\\/schema\\\/logo\\\/image\\\/\"}}]}<\/script>\n<!-- \/ Yoast SEO plugin. -->","yoast_head_json":{"title":"\u00bfSe puede beber alcohol despu\u00e9s del LASIK? - The LASIK Vision Institute","description":"\u00bfTe preguntas en cu\u00e1nto tiempo puedes beber alcohol despu\u00e9s de la cirug\u00eda ocular LASIK? Aprende a cuidar tus ojos despu\u00e9s de la cirug\u00eda y los riesgos potenciales","robots":{"index":"index","follow":"follow","max-snippet":"max-snippet:-1","max-image-preview":"max-image-preview:large","max-video-preview":"max-video-preview:-1"},"canonical":"https:\/\/www.lasikvisioninstitute.com\/es\/se-puede-beber-alcohol-despues-del-lasik\/","og_locale":"es_ES","og_type":"article","og_title":"\u00bfSe puede beber alcohol despu\u00e9s del LASIK? - The LASIK Vision Institute","og_description":"\u00bfTe preguntas en cu\u00e1nto tiempo puedes beber alcohol despu\u00e9s de la cirug\u00eda ocular LASIK? Aprende a cuidar tus ojos despu\u00e9s de la cirug\u00eda y los riesgos potenciales","og_url":"https:\/\/www.lasikvisioninstitute.com\/es\/se-puede-beber-alcohol-despues-del-lasik\/","og_site_name":"The LASIK Vision Institute","article_modified_time":"2024-08-23T20:23:45+00:00","og_image":[{"width":2560,"height":1707,"url":"https:\/\/www.lasikvisioninstitute.com\/wp-content\/uploads\/2024\/08\/young-happy-woman-having-fun-while-toasting-with-her-friends-lunch-dining-table-scaled.jpg","type":"image\/jpeg"}],"twitter_card":"summary_large_image","schema":{"@context":"https:\/\/schema.org","@graph":[{"@type":"WebPage","@id":"https:\/\/www.lasikvisioninstitute.com\/es\/se-puede-beber-alcohol-despues-del-lasik\/","url":"https:\/\/www.lasikvisioninstitute.com\/es\/se-puede-beber-alcohol-despues-del-lasik\/","name":"\u00bfSe puede beber alcohol despu\u00e9s del LASIK? - The LASIK Vision Institute","isPartOf":{"@id":"https:\/\/www.lasikvisioninstitute.com\/es\/#website"},"primaryImageOfPage":{"@id":"https:\/\/www.lasikvisioninstitute.com\/es\/se-puede-beber-alcohol-despues-del-lasik\/#primaryimage"},"image":{"@id":"https:\/\/www.lasikvisioninstitute.com\/es\/se-puede-beber-alcohol-despues-del-lasik\/#primaryimage"},"thumbnailUrl":"https:\/\/www.lasikvisioninstitute.com\/wp-content\/uploads\/2024\/08\/young-happy-woman-having-fun-while-toasting-with-her-friends-lunch-dining-table-scaled.jpg","datePublished":"2024-08-23T20:22:56+00:00","dateModified":"2024-08-23T20:23:45+00:00","description":"\u00bfTe preguntas en cu\u00e1nto tiempo puedes beber alcohol despu\u00e9s de la cirug\u00eda ocular LASIK? Aprende a cuidar tus ojos despu\u00e9s de la cirug\u00eda y los riesgos potenciales","breadcrumb":{"@id":"https:\/\/www.lasikvisioninstitute.com\/es\/se-puede-beber-alcohol-despues-del-lasik\/#breadcrumb"},"inLanguage":"es-ES","potentialAction":[{"@type":"ReadAction","target":["https:\/\/www.lasikvisioninstitute.com\/es\/se-puede-beber-alcohol-despues-del-lasik\/"]}]},{"@type":"ImageObject","inLanguage":"es-ES","@id":"https:\/\/www.lasikvisioninstitute.com\/es\/se-puede-beber-alcohol-despues-del-lasik\/#primaryimage","url":"https:\/\/www.lasikvisioninstitute.com\/wp-content\/uploads\/2024\/08\/young-happy-woman-having-fun-while-toasting-with-her-friends-lunch-dining-table-scaled.jpg","contentUrl":"https:\/\/www.lasikvisioninstitute.com\/wp-content\/uploads\/2024\/08\/young-happy-woman-having-fun-while-toasting-with-her-friends-lunch-dining-table-scaled.jpg","width":2560,"height":1707,"caption":"Young happy woman having fun while toasting with her friends during a lunch at dining table."},{"@type":"BreadcrumbList","@id":"https:\/\/www.lasikvisioninstitute.com\/es\/se-puede-beber-alcohol-despues-del-lasik\/#breadcrumb","itemListElement":[{"@type":"ListItem","position":1,"name":"Portada","item":"https:\/\/www.lasikvisioninstitute.com\/es\/"},{"@type":"ListItem","position":2,"name":"\u00bfSe puede beber alcohol despu\u00e9s del LASIK?"}]},{"@type":"WebSite","@id":"https:\/\/www.lasikvisioninstitute.com\/es\/#website","url":"https:\/\/www.lasikvisioninstitute.com\/es\/","name":"The LASIK Vision Institute","description":"1.4 Million LASIK Eye Surgeries and Counting","publisher":{"@id":"https:\/\/www.lasikvisioninstitute.com\/es\/#organization"},"potentialAction":[{"@type":"SearchAction","target":{"@type":"EntryPoint","urlTemplate":"https:\/\/www.lasikvisioninstitute.com\/es\/?s={search_term_string}"},"query-input":{"@type":"PropertyValueSpecification","valueRequired":true,"valueName":"search_term_string"}}],"inLanguage":"es-ES"},{"@type":"Organization","@id":"https:\/\/www.lasikvisioninstitute.com\/es\/#organization","name":"The LASIK Vision Institute","url":"https:\/\/www.lasikvisioninstitute.com\/es\/","logo":{"@type":"ImageObject","inLanguage":"es-ES","@id":"https:\/\/www.lasikvisioninstitute.com\/es\/#\/schema\/logo\/image\/","url":"https:\/\/www.lasikvisioninstitute.com\/wp-content\/uploads\/2019\/10\/The-LASIK-Vision-Institute-Logo.png","contentUrl":"https:\/\/www.lasikvisioninstitute.com\/wp-content\/uploads\/2019\/10\/The-LASIK-Vision-Institute-Logo.png","width":1000,"height":289,"caption":"The LASIK Vision Institute"},"image":{"@id":"https:\/\/www.lasikvisioninstitute.com\/es\/#\/schema\/logo\/image\/"}}]}},"_links":{"self":[{"href":"https:\/\/www.lasikvisioninstitute.com\/es\/wp-json\/wp\/v2\/pages\/169566","targetHints":{"allow":["GET"]}}],"collection":[{"href":"https:\/\/www.lasikvisioninstitute.com\/es\/wp-json\/wp\/v2\/pages"}],"about":[{"href":"https:\/\/www.lasikvisioninstitute.com\/es\/wp-json\/wp\/v2\/types\/page"}],"author":[{"embeddable":true,"href":"https:\/\/www.lasikvisioninstitute.com\/es\/wp-json\/wp\/v2\/users\/33"}],"replies":[{"embeddable":true,"href":"https:\/\/www.lasikvisioninstitute.com\/es\/wp-json\/wp\/v2\/comments?post=169566"}],"version-history":[{"count":0,"href":"https:\/\/www.lasikvisioninstitute.com\/es\/wp-json\/wp\/v2\/pages\/169566\/revisions"}],"wp:featuredmedia":[{"embeddable":true,"href":"https:\/\/www.lasikvisioninstitute.com\/es\/wp-json\/wp\/v2\/media\/169559"}],"wp:attachment":[{"href":"https:\/\/www.lasikvisioninstitute.com\/es\/wp-json\/wp\/v2\/media?parent=169566"}],"curies":[{"name":"wp","href":"https:\/\/api.w.org\/{rel}","templated":true}]}}