{"id":169550,"date":"2024-08-23T11:19:08","date_gmt":"2024-08-23T16:19:08","guid":{"rendered":"https:\/\/www.lasikvisioninstitute.com\/puedes-cultivar-un-huerto-despues-del-lasik\/"},"modified":"2024-08-23T11:20:09","modified_gmt":"2024-08-23T16:20:09","slug":"puedes-cultivar-un-huerto-despues-del-lasik","status":"publish","type":"page","link":"https:\/\/www.lasikvisioninstitute.com\/es\/puedes-cultivar-un-huerto-despues-del-lasik\/","title":{"rendered":"\u00bfPuedes cultivar un huerto despu\u00e9s del LASIK?"},"content":{"rendered":"\n<figure class=\"wp-block-image size-large\"><img decoding=\"async\" width=\"1400\" height=\"838\" src=\"https:\/\/www.lasikvisioninstitute.com\/wp-content\/uploads\/2024\/08\/AdobeStock_567012743-1400x838.jpeg\" alt=\"Personas que trabajan en jardiner&#xED;a tras la cirug&#xED;a ocular LASIK\" class=\"wp-image-169545\" srcset=\"https:\/\/www.lasikvisioninstitute.com\/wp-content\/uploads\/2024\/08\/AdobeStock_567012743-1400x838.jpeg 1400w, https:\/\/www.lasikvisioninstitute.com\/wp-content\/uploads\/2024\/08\/AdobeStock_567012743-600x359.jpeg 600w, https:\/\/www.lasikvisioninstitute.com\/wp-content\/uploads\/2024\/08\/AdobeStock_567012743-768x460.jpeg 768w, https:\/\/www.lasikvisioninstitute.com\/wp-content\/uploads\/2024\/08\/AdobeStock_567012743-1536x919.jpeg 1536w\" sizes=\"(max-width: 1400px) 100vw, 1400px\" \/><\/figure>\n\n<p>Si te has sometido recientemente a una cirug\u00eda ocular LASIK, tal vez te preguntes cu\u00e1ndo es seguro retomar tus actividades normales, incluida la jardiner\u00eda.\nLa jardiner\u00eda puede ser una afici\u00f3n relajante y gratificante, pero despu\u00e9s de la cirug\u00eda LASIK, es importante tomar precauciones adicionales para garantizar que tus ojos est\u00e9n protegidos mientras se curan. <\/p>\n\n<p>Las<a href=\"https:\/\/www.lasikvisioninstitute.com\/es\/resultados-lasik-1-dia-despues-del-tratamiento-lasik\/\" target=\"_blank\" rel=\"noreferrer noopener\"> primeras 24 a 48 horas despu\u00e9s de la cirug\u00eda LASIK<\/a> son cruciales, ya que es cuando tus ojos son m\u00e1s vulnerables.\nDurante este tiempo, es esencial que evites actividades que puedan introducir polvo, residuos o bacterias en tus ojos, ya que esto podr\u00eda aumentar el riesgo de infecci\u00f3n u otras complicaciones.\nSin embargo, el periodo de recuperaci\u00f3n total puede variar de una persona a otra.  <\/p>\n\n<h2 class=\"wp-block-heading\">\u00bfCu\u00e1ndo puedes volver a trabajar en el huerto con seguridad?<\/h2>\n\n<p>La jardiner\u00eda implica la exposici\u00f3n a la suciedad, el polvo, el polen y otros posibles irritantes oculares, por lo que se recomienda a muchos pacientes de LASIK que tengan cuidado al reanudar esta actividad demasiado pronto.\nLa mayor\u00eda de los oftalm\u00f3logos recomiendan esperar al menos una semana despu\u00e9s de la cirug\u00eda LASIK antes de considerar cualquier actividad de jardiner\u00eda. <\/p>\n\n<p>Sin embargo, este plazo puede variar en funci\u00f3n de los ritmos de curaci\u00f3n individuales y de la naturaleza de las actividades de jardiner\u00eda.\nLa jardiner\u00eda ligera, como regar las plantas o arrancar algunas malas hierbas, puede permitirse despu\u00e9s de la primera semana.\nLas tareas de jardiner\u00eda m\u00e1s intensivas que impliquen agacharse, levantar peso o exponerse a cantidades importantes de polvo y escombros deben posponerse al menos dos semanas o m\u00e1s, seg\u00fan aconseje tu m\u00e9dico.  <\/p>\n\n<h2 class=\"wp-block-heading\">Consejos para una jardiner\u00eda segura despu\u00e9s del LASIK<\/h2>\n\n<p>Una vez hayas recibido luz verde de tu oftalm\u00f3logo para reanudar la jardiner\u00eda, aqu\u00ed tienes algunas precauciones que puedes tomar para proteger tus ojos:<\/p>\n\n<ol class=\"wp-block-list\">\n<li><strong>Lleva gafas protectoras:<\/strong> Lleva siempre gafas de sol envolventes o gafas de seguridad para proteger tus ojos de la suciedad, el polvo y los residuos.\nEsto es especialmente importante cuando utilices herramientas el\u00e9ctricas como recortadoras o sopladoras de hojas, que pueden levantar muchas part\u00edculas. <\/li>\n\n\n\n<li><strong>Evita tocarte los ojos:<\/strong> Aunque sientas picor o irritaci\u00f3n en los ojos, evita frot\u00e1rtelos.\nMant\u00e9n las manos limpias y evita tocarte la cara, sobre todo despu\u00e9s de manipular tierra o plantas. <\/li>\n\n\n\n<li><strong>Haz pausas frecuentes:<\/strong> Deja que tus ojos descansen y se recuperen con regularidad.\nEvita largos periodos de agacharte o inclinarte, que pueden aumentar la presi\u00f3n en los ojos y afectar a la curaci\u00f3n. <\/li>\n\n\n\n<li><strong>Mantente hidratado y lleva sombrero:<\/strong> Un sombrero de ala ancha puede proporcionarte protecci\u00f3n adicional contra el sol y las part\u00edculas suspendidas en el aire.\nMantenerte hidratado te ayudar\u00e1 a mantener los ojos h\u00famedos, reduciendo la irritaci\u00f3n. <\/li>\n\n\n\n<li><strong>Sigue las instrucciones de tu m\u00e9dico:<\/strong> Sigue estrictamente los consejos espec\u00edficos que te d\u00e9 tu m\u00e9dico sobre el cuidado de los ojos y el uso de los medicamentos prescritos.\nSi experimentas alguna molestia o notas s\u00edntomas inusuales, ponte en contacto con tu m\u00e9dico inmediatamente <\/li>\n<\/ol>\n\n<p>La jardiner\u00eda despu\u00e9s de una intervenci\u00f3n LASIK puede ser una actividad segura y agradable, siempre que tomes las precauciones adecuadas para protegerte los ojos.\nSi sigues las recomendaciones de tu m\u00e9dico y tomas medidas para proteger tus ojos de posibles irritantes, podr\u00e1s disfrutar de tu tiempo en el jard\u00edn sin comprometer tu <a href=\"https:\/\/www.lasikvisioninstitute.com\/es\/resultados-lasik\/\" target=\"_blank\" rel=\"noreferrer noopener\">recuperaci\u00f3n<\/a>.\nRecuerda que tu salud ocular es primordial, as\u00ed que dale prioridad mientras vuelves a las actividades que te gustan.  <\/p>\n","protected":false},"excerpt":{"rendered":"<p>Si te has sometido recientemente a una cirug\u00eda ocular LASIK, tal vez te preguntes cu\u00e1ndo es seguro retomar tus actividades normales, incluida la jardiner\u00eda. La jardiner\u00eda puede ser una afici\u00f3n relajante y gratificante, pero despu\u00e9s de la cirug\u00eda LASIK, es importante tomar precauciones adicionales para garantizar que tus ojos est\u00e9n protegidos mientras se curan. Las [&hellip;]<\/p>\n","protected":false},"author":33,"featured_media":169546,"parent":0,"menu_order":0,"comment_status":"closed","ping_status":"closed","template":"","meta":{"_acf_changed":false,"footnotes":""},"class_list":["post-169550","page","type-page","status-publish","has-post-thumbnail"],"acf":[],"yoast_head":"<!-- This site is optimized with the Yoast SEO plugin v27.5 - https:\/\/yoast.com\/product\/yoast-seo-wordpress\/ -->\n<title>\u00bfPuedes cultivar un huerto despu\u00e9s del LASIK? - The LASIK Vision Institute<\/title>\n<meta name=\"description\" content=\"\u00bfPuedes trabajar en el jard\u00edn despu\u00e9s de la cirug\u00eda LASIK? Inf\u00f3rmate sobre cu\u00e1ndo es seguro reanudar las actividades de jardiner\u00eda y c\u00f3mo proteger tus ojos despu\u00e9s de la cirug\u00eda.\" \/>\n<meta name=\"robots\" content=\"index, follow, max-snippet:-1, max-image-preview:large, max-video-preview:-1\" \/>\n<link rel=\"canonical\" href=\"https:\/\/www.lasikvisioninstitute.com\/es\/puedes-cultivar-un-huerto-despues-del-lasik\/\" \/>\n<meta property=\"og:locale\" content=\"es_ES\" \/>\n<meta property=\"og:type\" content=\"article\" \/>\n<meta property=\"og:title\" content=\"\u00bfPuedes cultivar un huerto despu\u00e9s del LASIK? - The LASIK Vision Institute\" \/>\n<meta property=\"og:description\" content=\"\u00bfPuedes trabajar en el jard\u00edn despu\u00e9s de la cirug\u00eda LASIK? Inf\u00f3rmate sobre cu\u00e1ndo es seguro reanudar las actividades de jardiner\u00eda y c\u00f3mo proteger tus ojos despu\u00e9s de la cirug\u00eda.\" \/>\n<meta property=\"og:url\" content=\"https:\/\/www.lasikvisioninstitute.com\/es\/puedes-cultivar-un-huerto-despues-del-lasik\/\" \/>\n<meta property=\"og:site_name\" content=\"The LASIK Vision Institute\" \/>\n<meta property=\"article:modified_time\" content=\"2024-08-23T16:20:09+00:00\" \/>\n<meta property=\"og:image\" content=\"https:\/\/www.lasikvisioninstitute.com\/wp-content\/uploads\/2024\/08\/AdobeStock_567012743-1400x838.jpeg\" \/>\n\t<meta property=\"og:image:width\" content=\"1400\" \/>\n\t<meta property=\"og:image:height\" content=\"838\" \/>\n\t<meta property=\"og:image:type\" content=\"image\/jpeg\" \/>\n<meta name=\"twitter:card\" content=\"summary_large_image\" \/>\n<script type=\"application\/ld+json\" class=\"yoast-schema-graph\">{\"@context\":\"https:\\\/\\\/schema.org\",\"@graph\":[{\"@type\":\"WebPage\",\"@id\":\"https:\\\/\\\/www.lasikvisioninstitute.com\\\/es\\\/puedes-cultivar-un-huerto-despues-del-lasik\\\/\",\"url\":\"https:\\\/\\\/www.lasikvisioninstitute.com\\\/es\\\/puedes-cultivar-un-huerto-despues-del-lasik\\\/\",\"name\":\"\u00bfPuedes cultivar un huerto despu\u00e9s del LASIK? - The LASIK Vision Institute\",\"isPartOf\":{\"@id\":\"https:\\\/\\\/www.lasikvisioninstitute.com\\\/es\\\/#website\"},\"primaryImageOfPage\":{\"@id\":\"https:\\\/\\\/www.lasikvisioninstitute.com\\\/es\\\/puedes-cultivar-un-huerto-despues-del-lasik\\\/#primaryimage\"},\"image\":{\"@id\":\"https:\\\/\\\/www.lasikvisioninstitute.com\\\/es\\\/puedes-cultivar-un-huerto-despues-del-lasik\\\/#primaryimage\"},\"thumbnailUrl\":\"https:\\\/\\\/www.lasikvisioninstitute.com\\\/wp-content\\\/uploads\\\/2024\\\/08\\\/AdobeStock_567012743.jpeg\",\"datePublished\":\"2024-08-23T16:19:08+00:00\",\"dateModified\":\"2024-08-23T16:20:09+00:00\",\"description\":\"\u00bfPuedes trabajar en el jard\u00edn despu\u00e9s de la cirug\u00eda LASIK? Inf\u00f3rmate sobre cu\u00e1ndo es seguro reanudar las actividades de jardiner\u00eda y c\u00f3mo proteger tus ojos despu\u00e9s de la cirug\u00eda.\",\"breadcrumb\":{\"@id\":\"https:\\\/\\\/www.lasikvisioninstitute.com\\\/es\\\/puedes-cultivar-un-huerto-despues-del-lasik\\\/#breadcrumb\"},\"inLanguage\":\"es-ES\",\"potentialAction\":[{\"@type\":\"ReadAction\",\"target\":[\"https:\\\/\\\/www.lasikvisioninstitute.com\\\/es\\\/puedes-cultivar-un-huerto-despues-del-lasik\\\/\"]}]},{\"@type\":\"ImageObject\",\"inLanguage\":\"es-ES\",\"@id\":\"https:\\\/\\\/www.lasikvisioninstitute.com\\\/es\\\/puedes-cultivar-un-huerto-despues-del-lasik\\\/#primaryimage\",\"url\":\"https:\\\/\\\/www.lasikvisioninstitute.com\\\/wp-content\\\/uploads\\\/2024\\\/08\\\/AdobeStock_567012743.jpeg\",\"contentUrl\":\"https:\\\/\\\/www.lasikvisioninstitute.com\\\/wp-content\\\/uploads\\\/2024\\\/08\\\/AdobeStock_567012743.jpeg\",\"width\":8256,\"height\":4940,\"caption\":\"Tree planting, community service and volunteering group in park, garden and nature for sustainable environment. Climate change, soil gardening and earth day project for growth, care and green ecology.\"},{\"@type\":\"BreadcrumbList\",\"@id\":\"https:\\\/\\\/www.lasikvisioninstitute.com\\\/es\\\/puedes-cultivar-un-huerto-despues-del-lasik\\\/#breadcrumb\",\"itemListElement\":[{\"@type\":\"ListItem\",\"position\":1,\"name\":\"Portada\",\"item\":\"https:\\\/\\\/www.lasikvisioninstitute.com\\\/es\\\/\"},{\"@type\":\"ListItem\",\"position\":2,\"name\":\"\u00bfPuedes cultivar un huerto despu\u00e9s del LASIK?\"}]},{\"@type\":\"WebSite\",\"@id\":\"https:\\\/\\\/www.lasikvisioninstitute.com\\\/es\\\/#website\",\"url\":\"https:\\\/\\\/www.lasikvisioninstitute.com\\\/es\\\/\",\"name\":\"The LASIK Vision Institute\",\"description\":\"1.4 Million LASIK Eye Surgeries and Counting\",\"publisher\":{\"@id\":\"https:\\\/\\\/www.lasikvisioninstitute.com\\\/es\\\/#organization\"},\"potentialAction\":[{\"@type\":\"SearchAction\",\"target\":{\"@type\":\"EntryPoint\",\"urlTemplate\":\"https:\\\/\\\/www.lasikvisioninstitute.com\\\/es\\\/?s={search_term_string}\"},\"query-input\":{\"@type\":\"PropertyValueSpecification\",\"valueRequired\":true,\"valueName\":\"search_term_string\"}}],\"inLanguage\":\"es-ES\"},{\"@type\":\"Organization\",\"@id\":\"https:\\\/\\\/www.lasikvisioninstitute.com\\\/es\\\/#organization\",\"name\":\"The LASIK Vision Institute\",\"url\":\"https:\\\/\\\/www.lasikvisioninstitute.com\\\/es\\\/\",\"logo\":{\"@type\":\"ImageObject\",\"inLanguage\":\"es-ES\",\"@id\":\"https:\\\/\\\/www.lasikvisioninstitute.com\\\/es\\\/#\\\/schema\\\/logo\\\/image\\\/\",\"url\":\"https:\\\/\\\/www.lasikvisioninstitute.com\\\/wp-content\\\/uploads\\\/2019\\\/10\\\/The-LASIK-Vision-Institute-Logo.png\",\"contentUrl\":\"https:\\\/\\\/www.lasikvisioninstitute.com\\\/wp-content\\\/uploads\\\/2019\\\/10\\\/The-LASIK-Vision-Institute-Logo.png\",\"width\":1000,\"height\":289,\"caption\":\"The LASIK Vision Institute\"},\"image\":{\"@id\":\"https:\\\/\\\/www.lasikvisioninstitute.com\\\/es\\\/#\\\/schema\\\/logo\\\/image\\\/\"}}]}<\/script>\n<!-- \/ Yoast SEO plugin. -->","yoast_head_json":{"title":"\u00bfPuedes cultivar un huerto despu\u00e9s del LASIK? - The LASIK Vision Institute","description":"\u00bfPuedes trabajar en el jard\u00edn despu\u00e9s de la cirug\u00eda LASIK? Inf\u00f3rmate sobre cu\u00e1ndo es seguro reanudar las actividades de jardiner\u00eda y c\u00f3mo proteger tus ojos despu\u00e9s de la cirug\u00eda.","robots":{"index":"index","follow":"follow","max-snippet":"max-snippet:-1","max-image-preview":"max-image-preview:large","max-video-preview":"max-video-preview:-1"},"canonical":"https:\/\/www.lasikvisioninstitute.com\/es\/puedes-cultivar-un-huerto-despues-del-lasik\/","og_locale":"es_ES","og_type":"article","og_title":"\u00bfPuedes cultivar un huerto despu\u00e9s del LASIK? - The LASIK Vision Institute","og_description":"\u00bfPuedes trabajar en el jard\u00edn despu\u00e9s de la cirug\u00eda LASIK? Inf\u00f3rmate sobre cu\u00e1ndo es seguro reanudar las actividades de jardiner\u00eda y c\u00f3mo proteger tus ojos despu\u00e9s de la cirug\u00eda.","og_url":"https:\/\/www.lasikvisioninstitute.com\/es\/puedes-cultivar-un-huerto-despues-del-lasik\/","og_site_name":"The LASIK Vision Institute","article_modified_time":"2024-08-23T16:20:09+00:00","og_image":[{"width":1400,"height":838,"url":"https:\/\/www.lasikvisioninstitute.com\/wp-content\/uploads\/2024\/08\/AdobeStock_567012743-1400x838.jpeg","type":"image\/jpeg"}],"twitter_card":"summary_large_image","schema":{"@context":"https:\/\/schema.org","@graph":[{"@type":"WebPage","@id":"https:\/\/www.lasikvisioninstitute.com\/es\/puedes-cultivar-un-huerto-despues-del-lasik\/","url":"https:\/\/www.lasikvisioninstitute.com\/es\/puedes-cultivar-un-huerto-despues-del-lasik\/","name":"\u00bfPuedes cultivar un huerto despu\u00e9s del LASIK? - The LASIK Vision Institute","isPartOf":{"@id":"https:\/\/www.lasikvisioninstitute.com\/es\/#website"},"primaryImageOfPage":{"@id":"https:\/\/www.lasikvisioninstitute.com\/es\/puedes-cultivar-un-huerto-despues-del-lasik\/#primaryimage"},"image":{"@id":"https:\/\/www.lasikvisioninstitute.com\/es\/puedes-cultivar-un-huerto-despues-del-lasik\/#primaryimage"},"thumbnailUrl":"https:\/\/www.lasikvisioninstitute.com\/wp-content\/uploads\/2024\/08\/AdobeStock_567012743.jpeg","datePublished":"2024-08-23T16:19:08+00:00","dateModified":"2024-08-23T16:20:09+00:00","description":"\u00bfPuedes trabajar en el jard\u00edn despu\u00e9s de la cirug\u00eda LASIK? Inf\u00f3rmate sobre cu\u00e1ndo es seguro reanudar las actividades de jardiner\u00eda y c\u00f3mo proteger tus ojos despu\u00e9s de la cirug\u00eda.","breadcrumb":{"@id":"https:\/\/www.lasikvisioninstitute.com\/es\/puedes-cultivar-un-huerto-despues-del-lasik\/#breadcrumb"},"inLanguage":"es-ES","potentialAction":[{"@type":"ReadAction","target":["https:\/\/www.lasikvisioninstitute.com\/es\/puedes-cultivar-un-huerto-despues-del-lasik\/"]}]},{"@type":"ImageObject","inLanguage":"es-ES","@id":"https:\/\/www.lasikvisioninstitute.com\/es\/puedes-cultivar-un-huerto-despues-del-lasik\/#primaryimage","url":"https:\/\/www.lasikvisioninstitute.com\/wp-content\/uploads\/2024\/08\/AdobeStock_567012743.jpeg","contentUrl":"https:\/\/www.lasikvisioninstitute.com\/wp-content\/uploads\/2024\/08\/AdobeStock_567012743.jpeg","width":8256,"height":4940,"caption":"Tree planting, community service and volunteering group in park, garden and nature for sustainable environment. Climate change, soil gardening and earth day project for growth, care and green ecology."},{"@type":"BreadcrumbList","@id":"https:\/\/www.lasikvisioninstitute.com\/es\/puedes-cultivar-un-huerto-despues-del-lasik\/#breadcrumb","itemListElement":[{"@type":"ListItem","position":1,"name":"Portada","item":"https:\/\/www.lasikvisioninstitute.com\/es\/"},{"@type":"ListItem","position":2,"name":"\u00bfPuedes cultivar un huerto despu\u00e9s del LASIK?"}]},{"@type":"WebSite","@id":"https:\/\/www.lasikvisioninstitute.com\/es\/#website","url":"https:\/\/www.lasikvisioninstitute.com\/es\/","name":"The LASIK Vision Institute","description":"1.4 Million LASIK Eye Surgeries and Counting","publisher":{"@id":"https:\/\/www.lasikvisioninstitute.com\/es\/#organization"},"potentialAction":[{"@type":"SearchAction","target":{"@type":"EntryPoint","urlTemplate":"https:\/\/www.lasikvisioninstitute.com\/es\/?s={search_term_string}"},"query-input":{"@type":"PropertyValueSpecification","valueRequired":true,"valueName":"search_term_string"}}],"inLanguage":"es-ES"},{"@type":"Organization","@id":"https:\/\/www.lasikvisioninstitute.com\/es\/#organization","name":"The LASIK Vision Institute","url":"https:\/\/www.lasikvisioninstitute.com\/es\/","logo":{"@type":"ImageObject","inLanguage":"es-ES","@id":"https:\/\/www.lasikvisioninstitute.com\/es\/#\/schema\/logo\/image\/","url":"https:\/\/www.lasikvisioninstitute.com\/wp-content\/uploads\/2019\/10\/The-LASIK-Vision-Institute-Logo.png","contentUrl":"https:\/\/www.lasikvisioninstitute.com\/wp-content\/uploads\/2019\/10\/The-LASIK-Vision-Institute-Logo.png","width":1000,"height":289,"caption":"The LASIK Vision Institute"},"image":{"@id":"https:\/\/www.lasikvisioninstitute.com\/es\/#\/schema\/logo\/image\/"}}]}},"_links":{"self":[{"href":"https:\/\/www.lasikvisioninstitute.com\/es\/wp-json\/wp\/v2\/pages\/169550","targetHints":{"allow":["GET"]}}],"collection":[{"href":"https:\/\/www.lasikvisioninstitute.com\/es\/wp-json\/wp\/v2\/pages"}],"about":[{"href":"https:\/\/www.lasikvisioninstitute.com\/es\/wp-json\/wp\/v2\/types\/page"}],"author":[{"embeddable":true,"href":"https:\/\/www.lasikvisioninstitute.com\/es\/wp-json\/wp\/v2\/users\/33"}],"replies":[{"embeddable":true,"href":"https:\/\/www.lasikvisioninstitute.com\/es\/wp-json\/wp\/v2\/comments?post=169550"}],"version-history":[{"count":0,"href":"https:\/\/www.lasikvisioninstitute.com\/es\/wp-json\/wp\/v2\/pages\/169550\/revisions"}],"wp:featuredmedia":[{"embeddable":true,"href":"https:\/\/www.lasikvisioninstitute.com\/es\/wp-json\/wp\/v2\/media\/169546"}],"wp:attachment":[{"href":"https:\/\/www.lasikvisioninstitute.com\/es\/wp-json\/wp\/v2\/media?parent=169550"}],"curies":[{"name":"wp","href":"https:\/\/api.w.org\/{rel}","templated":true}]}}