{"id":169541,"date":"2024-08-23T10:58:03","date_gmt":"2024-08-23T15:58:03","guid":{"rendered":"https:\/\/www.lasikvisioninstitute.com\/puedes-leer-despues-del-lasik\/"},"modified":"2024-08-23T11:05:08","modified_gmt":"2024-08-23T16:05:08","slug":"puedes-leer-despues-del-lasik","status":"publish","type":"page","link":"https:\/\/www.lasikvisioninstitute.com\/es\/puedes-leer-despues-del-lasik\/","title":{"rendered":"\u00bfPuedes leer despu\u00e9s del LASIK?"},"content":{"rendered":"\n<h2 class=\"wp-block-heading\">Qu\u00e9 esperar inmediatamente despu\u00e9s de la cirug\u00eda LASIK<\/h2>\n\n<p>Despu\u00e9s de someterte a una intervenci\u00f3n <a href=\"https:\/\/www.lasikvisioninstitute.com\/es\/procedimientos-de-cirugia-lasik\/cirugia-ocular-lasik-moderna\/\" target=\"_blank\" rel=\"noreferrer noopener\">LASIK<\/a>, es normal que tu visi\u00f3n sea un poco borrosa o nebulosa.\nEsto forma parte del proceso de curaci\u00f3n, y la mayor\u00eda de los pacientes experimentan una mejor\u00eda de la visi\u00f3n en las 24 a 48 horas siguientes a la intervenci\u00f3n.\nSin embargo, la claridad de la visi\u00f3n, sobre todo para actividades de cerca como la lectura, puede variar en funci\u00f3n de tu proceso de curaci\u00f3n individual.  <\/p>\n\n<h3 class=\"wp-block-heading\">Leer despu\u00e9s de la cirug\u00eda LASIK<\/h3>\n\n<p>Despu\u00e9s de las primeras 24 horas, puedes reanudar gradualmente la lectura, pero es crucial que escuches a tu cuerpo y des a tus ojos un amplio descanso.\nAqu\u00ed tienes algunos consejos que debes seguir: <\/p>\n\n<ul class=\"is-style-checklist wp-block-list\">\n<li><strong>Empieza con periodos cortos:<\/strong> Empieza con sesiones de lectura breves para evitar la fatiga ocular.\nAumenta gradualmente la duraci\u00f3n a medida que mejore tu nivel de comodidad. <\/li>\n\n\n\n<li><strong>Utiliza una iluminaci\u00f3n adecuada:<\/strong> Aseg\u00farate de leer en entornos bien iluminados para reducir la tensi\u00f3n ocular.<\/li>\n\n\n\n<li><strong>T\u00f3mate descansos:<\/strong> Sigue la regla 20-20-20: cada 20 minutos, t\u00f3mate un descanso de 20 segundos y mira algo que est\u00e9 a 6 metros de distancia.\nEsto ayuda a reducir la tensi\u00f3n ocular y mantiene tus ojos c\u00f3modos. <\/li>\n\n\n\n<li><strong>Vigila las molestias:<\/strong> Si experimentas alguna molestia, sequedad o visi\u00f3n borrosa mientras lees, haz una pausa y dale un descanso a tus ojos.<\/li>\n<\/ul>\n\n<h3 class=\"wp-block-heading\">Consejos para mejorar tu experiencia lectora tras el LASIK<\/h3>\n\n<div class=\"wp-block-media-text has-media-on-the-right is-stacked-on-mobile\" style=\"grid-template-columns:auto 45%\"><div class=\"wp-block-media-text__content\">\n<ol class=\"wp-block-list\">\n<li><strong>Mant\u00e9n los ojos h\u00famedos:<\/strong> Utiliza gotas oculares lubricantes para combatir la sequedad, lo que puede hacer que leer sea m\u00e1s c\u00f3modo.<\/li>\n\n\n\n<li><strong>Ten en cuenta tu postura:<\/strong> Aseg\u00farate de adoptar una postura correcta mientras lees para evitar la tensi\u00f3n en el cuello y los ojos.<\/li>\n\n\n\n<li><strong>Utiliza un humidificador:<\/strong> Mantener el aire h\u00famedo en tu entorno de lectura puede ayudar a que tus ojos est\u00e9n c\u00f3modos.<\/li>\n\n\n\n<li><strong>Limita el tiempo de pantalla:<\/strong> Si lees en dispositivos digitales, reduce el resplandor de la pantalla y utiliza filtros de luz azul para minimizar la fatiga ocular.<\/li>\n<\/ol>\n<\/div><figure class=\"wp-block-media-text__media\"><img decoding=\"async\" width=\"1400\" height=\"933\" src=\"https:\/\/www.lasikvisioninstitute.com\/wp-content\/uploads\/2024\/08\/AdobeStock_272665752-1400x933.jpeg\" alt=\"Una mujer lee c\u00f3modamente un libro despu\u00e9s de someterse a la cirug\u00eda ocular LASIK.\" class=\"wp-image-169535 size-full\" srcset=\"https:\/\/www.lasikvisioninstitute.com\/wp-content\/uploads\/2024\/08\/AdobeStock_272665752-1400x933.jpeg 1400w, https:\/\/www.lasikvisioninstitute.com\/wp-content\/uploads\/2024\/08\/AdobeStock_272665752-600x400.jpeg 600w, https:\/\/www.lasikvisioninstitute.com\/wp-content\/uploads\/2024\/08\/AdobeStock_272665752-768x512.jpeg 768w, https:\/\/www.lasikvisioninstitute.com\/wp-content\/uploads\/2024\/08\/AdobeStock_272665752-1536x1024.jpeg 1536w, https:\/\/www.lasikvisioninstitute.com\/wp-content\/uploads\/2024\/08\/AdobeStock_272665752-2048x1365.jpeg 2048w\" sizes=\"(max-width: 1400px) 100vw, 1400px\" \/><\/figure><\/div>\n\n<p>La lectura despu\u00e9s del LASIK suele ser c\u00f3moda para la mayor\u00eda de los pacientes tras el periodo de recuperaci\u00f3n inicial.\nSi sigues los consejos de tu cirujano y dejas un tiempo adecuado para la cicatrizaci\u00f3n, podr\u00e1s disfrutar de una transici\u00f3n suave de vuelta a la lectura y a otras actividades cotidianas.\nRecuerda que el proceso de recuperaci\u00f3n de cada paciente es \u00fanico, por lo que es importante que acudas a todas las citas de seguimiento y comuniques cualquier duda a tu oftalm\u00f3logo.  <\/p>\n","protected":false},"excerpt":{"rendered":"<p>Qu\u00e9 esperar inmediatamente despu\u00e9s de la cirug\u00eda LASIK Despu\u00e9s de someterte a una intervenci\u00f3n LASIK, es normal que tu visi\u00f3n sea un poco borrosa o nebulosa. Esto forma parte del proceso de curaci\u00f3n, y la mayor\u00eda de los pacientes experimentan una mejor\u00eda de la visi\u00f3n en las 24 a 48 horas siguientes a la intervenci\u00f3n. [&hellip;]<\/p>\n","protected":false},"author":33,"featured_media":169536,"parent":0,"menu_order":0,"comment_status":"closed","ping_status":"closed","template":"","meta":{"_acf_changed":false,"footnotes":""},"class_list":["post-169541","page","type-page","status-publish","has-post-thumbnail"],"acf":[],"yoast_head":"<!-- This site is optimized with the Yoast SEO plugin v27.4 - https:\/\/yoast.com\/product\/yoast-seo-wordpress\/ -->\n<title>\u00bfPuedes leer despu\u00e9s del LASIK? - The LASIK Vision Institute<\/title>\n<meta name=\"description\" content=\"Descubre si puedes leer despu\u00e9s de la cirug\u00eda LASIK, qu\u00e9 esperar en los d\u00edas siguientes a la intervenci\u00f3n y c\u00f3mo cuidar tus ojos.\" \/>\n<meta name=\"robots\" content=\"index, follow, max-snippet:-1, max-image-preview:large, max-video-preview:-1\" \/>\n<link rel=\"canonical\" href=\"https:\/\/www.lasikvisioninstitute.com\/es\/puedes-leer-despues-del-lasik\/\" \/>\n<meta property=\"og:locale\" content=\"es_ES\" \/>\n<meta property=\"og:type\" content=\"article\" \/>\n<meta property=\"og:title\" content=\"\u00bfPuedes leer despu\u00e9s del LASIK? - The LASIK Vision Institute\" \/>\n<meta property=\"og:description\" content=\"Descubre si puedes leer despu\u00e9s de la cirug\u00eda LASIK, qu\u00e9 esperar en los d\u00edas siguientes a la intervenci\u00f3n y c\u00f3mo cuidar tus ojos.\" \/>\n<meta property=\"og:url\" content=\"https:\/\/www.lasikvisioninstitute.com\/es\/puedes-leer-despues-del-lasik\/\" \/>\n<meta property=\"og:site_name\" content=\"The LASIK Vision Institute\" \/>\n<meta property=\"article:modified_time\" content=\"2024-08-23T16:05:08+00:00\" \/>\n<meta property=\"og:image\" content=\"https:\/\/www.lasikvisioninstitute.com\/wp-content\/uploads\/2024\/08\/AdobeStock_272665752-1400x933.jpeg\" \/>\n<meta name=\"twitter:card\" content=\"summary_large_image\" \/>\n<script type=\"application\/ld+json\" class=\"yoast-schema-graph\">{\"@context\":\"https:\\\/\\\/schema.org\",\"@graph\":[{\"@type\":\"WebPage\",\"@id\":\"https:\\\/\\\/www.lasikvisioninstitute.com\\\/es\\\/puedes-leer-despues-del-lasik\\\/\",\"url\":\"https:\\\/\\\/www.lasikvisioninstitute.com\\\/es\\\/puedes-leer-despues-del-lasik\\\/\",\"name\":\"\u00bfPuedes leer despu\u00e9s del LASIK? - The LASIK Vision Institute\",\"isPartOf\":{\"@id\":\"https:\\\/\\\/www.lasikvisioninstitute.com\\\/es\\\/#website\"},\"primaryImageOfPage\":{\"@id\":\"https:\\\/\\\/www.lasikvisioninstitute.com\\\/es\\\/puedes-leer-despues-del-lasik\\\/#primaryimage\"},\"image\":{\"@id\":\"https:\\\/\\\/www.lasikvisioninstitute.com\\\/es\\\/puedes-leer-despues-del-lasik\\\/#primaryimage\"},\"thumbnailUrl\":\"https:\\\/\\\/www.lasikvisioninstitute.com\\\/wp-content\\\/uploads\\\/2024\\\/08\\\/AdobeStock_272665752-scaled.jpeg\",\"datePublished\":\"2024-08-23T15:58:03+00:00\",\"dateModified\":\"2024-08-23T16:05:08+00:00\",\"description\":\"Descubre si puedes leer despu\u00e9s de la cirug\u00eda LASIK, qu\u00e9 esperar en los d\u00edas siguientes a la intervenci\u00f3n y c\u00f3mo cuidar tus ojos.\",\"breadcrumb\":{\"@id\":\"https:\\\/\\\/www.lasikvisioninstitute.com\\\/es\\\/puedes-leer-despues-del-lasik\\\/#breadcrumb\"},\"inLanguage\":\"es-ES\",\"potentialAction\":[{\"@type\":\"ReadAction\",\"target\":[\"https:\\\/\\\/www.lasikvisioninstitute.com\\\/es\\\/puedes-leer-despues-del-lasik\\\/\"]}]},{\"@type\":\"ImageObject\",\"inLanguage\":\"es-ES\",\"@id\":\"https:\\\/\\\/www.lasikvisioninstitute.com\\\/es\\\/puedes-leer-despues-del-lasik\\\/#primaryimage\",\"url\":\"https:\\\/\\\/www.lasikvisioninstitute.com\\\/wp-content\\\/uploads\\\/2024\\\/08\\\/AdobeStock_272665752-scaled.jpeg\",\"contentUrl\":\"https:\\\/\\\/www.lasikvisioninstitute.com\\\/wp-content\\\/uploads\\\/2024\\\/08\\\/AdobeStock_272665752-scaled.jpeg\",\"width\":2560,\"height\":1707,\"caption\":\"leisure, literature and people concept - african american woman reading book at home\"},{\"@type\":\"BreadcrumbList\",\"@id\":\"https:\\\/\\\/www.lasikvisioninstitute.com\\\/es\\\/puedes-leer-despues-del-lasik\\\/#breadcrumb\",\"itemListElement\":[{\"@type\":\"ListItem\",\"position\":1,\"name\":\"Portada\",\"item\":\"https:\\\/\\\/www.lasikvisioninstitute.com\\\/es\\\/\"},{\"@type\":\"ListItem\",\"position\":2,\"name\":\"\u00bfPuedes leer despu\u00e9s del LASIK?\"}]},{\"@type\":\"WebSite\",\"@id\":\"https:\\\/\\\/www.lasikvisioninstitute.com\\\/es\\\/#website\",\"url\":\"https:\\\/\\\/www.lasikvisioninstitute.com\\\/es\\\/\",\"name\":\"The LASIK Vision Institute\",\"description\":\"1.4 Million LASIK Eye Surgeries and Counting\",\"publisher\":{\"@id\":\"https:\\\/\\\/www.lasikvisioninstitute.com\\\/es\\\/#organization\"},\"potentialAction\":[{\"@type\":\"SearchAction\",\"target\":{\"@type\":\"EntryPoint\",\"urlTemplate\":\"https:\\\/\\\/www.lasikvisioninstitute.com\\\/es\\\/?s={search_term_string}\"},\"query-input\":{\"@type\":\"PropertyValueSpecification\",\"valueRequired\":true,\"valueName\":\"search_term_string\"}}],\"inLanguage\":\"es-ES\"},{\"@type\":\"Organization\",\"@id\":\"https:\\\/\\\/www.lasikvisioninstitute.com\\\/es\\\/#organization\",\"name\":\"The LASIK Vision Institute\",\"url\":\"https:\\\/\\\/www.lasikvisioninstitute.com\\\/es\\\/\",\"logo\":{\"@type\":\"ImageObject\",\"inLanguage\":\"es-ES\",\"@id\":\"https:\\\/\\\/www.lasikvisioninstitute.com\\\/es\\\/#\\\/schema\\\/logo\\\/image\\\/\",\"url\":\"https:\\\/\\\/www.lasikvisioninstitute.com\\\/wp-content\\\/uploads\\\/2019\\\/10\\\/The-LASIK-Vision-Institute-Logo.png\",\"contentUrl\":\"https:\\\/\\\/www.lasikvisioninstitute.com\\\/wp-content\\\/uploads\\\/2019\\\/10\\\/The-LASIK-Vision-Institute-Logo.png\",\"width\":1000,\"height\":289,\"caption\":\"The LASIK Vision Institute\"},\"image\":{\"@id\":\"https:\\\/\\\/www.lasikvisioninstitute.com\\\/es\\\/#\\\/schema\\\/logo\\\/image\\\/\"}}]}<\/script>\n<!-- \/ Yoast SEO plugin. -->","yoast_head_json":{"title":"\u00bfPuedes leer despu\u00e9s del LASIK? - The LASIK Vision Institute","description":"Descubre si puedes leer despu\u00e9s de la cirug\u00eda LASIK, qu\u00e9 esperar en los d\u00edas siguientes a la intervenci\u00f3n y c\u00f3mo cuidar tus ojos.","robots":{"index":"index","follow":"follow","max-snippet":"max-snippet:-1","max-image-preview":"max-image-preview:large","max-video-preview":"max-video-preview:-1"},"canonical":"https:\/\/www.lasikvisioninstitute.com\/es\/puedes-leer-despues-del-lasik\/","og_locale":"es_ES","og_type":"article","og_title":"\u00bfPuedes leer despu\u00e9s del LASIK? - The LASIK Vision Institute","og_description":"Descubre si puedes leer despu\u00e9s de la cirug\u00eda LASIK, qu\u00e9 esperar en los d\u00edas siguientes a la intervenci\u00f3n y c\u00f3mo cuidar tus ojos.","og_url":"https:\/\/www.lasikvisioninstitute.com\/es\/puedes-leer-despues-del-lasik\/","og_site_name":"The LASIK Vision Institute","article_modified_time":"2024-08-23T16:05:08+00:00","og_image":[{"url":"https:\/\/www.lasikvisioninstitute.com\/wp-content\/uploads\/2024\/08\/AdobeStock_272665752-1400x933.jpeg","type":"","width":"","height":""}],"twitter_card":"summary_large_image","schema":{"@context":"https:\/\/schema.org","@graph":[{"@type":"WebPage","@id":"https:\/\/www.lasikvisioninstitute.com\/es\/puedes-leer-despues-del-lasik\/","url":"https:\/\/www.lasikvisioninstitute.com\/es\/puedes-leer-despues-del-lasik\/","name":"\u00bfPuedes leer despu\u00e9s del LASIK? - The LASIK Vision Institute","isPartOf":{"@id":"https:\/\/www.lasikvisioninstitute.com\/es\/#website"},"primaryImageOfPage":{"@id":"https:\/\/www.lasikvisioninstitute.com\/es\/puedes-leer-despues-del-lasik\/#primaryimage"},"image":{"@id":"https:\/\/www.lasikvisioninstitute.com\/es\/puedes-leer-despues-del-lasik\/#primaryimage"},"thumbnailUrl":"https:\/\/www.lasikvisioninstitute.com\/wp-content\/uploads\/2024\/08\/AdobeStock_272665752-scaled.jpeg","datePublished":"2024-08-23T15:58:03+00:00","dateModified":"2024-08-23T16:05:08+00:00","description":"Descubre si puedes leer despu\u00e9s de la cirug\u00eda LASIK, qu\u00e9 esperar en los d\u00edas siguientes a la intervenci\u00f3n y c\u00f3mo cuidar tus ojos.","breadcrumb":{"@id":"https:\/\/www.lasikvisioninstitute.com\/es\/puedes-leer-despues-del-lasik\/#breadcrumb"},"inLanguage":"es-ES","potentialAction":[{"@type":"ReadAction","target":["https:\/\/www.lasikvisioninstitute.com\/es\/puedes-leer-despues-del-lasik\/"]}]},{"@type":"ImageObject","inLanguage":"es-ES","@id":"https:\/\/www.lasikvisioninstitute.com\/es\/puedes-leer-despues-del-lasik\/#primaryimage","url":"https:\/\/www.lasikvisioninstitute.com\/wp-content\/uploads\/2024\/08\/AdobeStock_272665752-scaled.jpeg","contentUrl":"https:\/\/www.lasikvisioninstitute.com\/wp-content\/uploads\/2024\/08\/AdobeStock_272665752-scaled.jpeg","width":2560,"height":1707,"caption":"leisure, literature and people concept - african american woman reading book at home"},{"@type":"BreadcrumbList","@id":"https:\/\/www.lasikvisioninstitute.com\/es\/puedes-leer-despues-del-lasik\/#breadcrumb","itemListElement":[{"@type":"ListItem","position":1,"name":"Portada","item":"https:\/\/www.lasikvisioninstitute.com\/es\/"},{"@type":"ListItem","position":2,"name":"\u00bfPuedes leer despu\u00e9s del LASIK?"}]},{"@type":"WebSite","@id":"https:\/\/www.lasikvisioninstitute.com\/es\/#website","url":"https:\/\/www.lasikvisioninstitute.com\/es\/","name":"The LASIK Vision Institute","description":"1.4 Million LASIK Eye Surgeries and Counting","publisher":{"@id":"https:\/\/www.lasikvisioninstitute.com\/es\/#organization"},"potentialAction":[{"@type":"SearchAction","target":{"@type":"EntryPoint","urlTemplate":"https:\/\/www.lasikvisioninstitute.com\/es\/?s={search_term_string}"},"query-input":{"@type":"PropertyValueSpecification","valueRequired":true,"valueName":"search_term_string"}}],"inLanguage":"es-ES"},{"@type":"Organization","@id":"https:\/\/www.lasikvisioninstitute.com\/es\/#organization","name":"The LASIK Vision Institute","url":"https:\/\/www.lasikvisioninstitute.com\/es\/","logo":{"@type":"ImageObject","inLanguage":"es-ES","@id":"https:\/\/www.lasikvisioninstitute.com\/es\/#\/schema\/logo\/image\/","url":"https:\/\/www.lasikvisioninstitute.com\/wp-content\/uploads\/2019\/10\/The-LASIK-Vision-Institute-Logo.png","contentUrl":"https:\/\/www.lasikvisioninstitute.com\/wp-content\/uploads\/2019\/10\/The-LASIK-Vision-Institute-Logo.png","width":1000,"height":289,"caption":"The LASIK Vision Institute"},"image":{"@id":"https:\/\/www.lasikvisioninstitute.com\/es\/#\/schema\/logo\/image\/"}}]}},"_links":{"self":[{"href":"https:\/\/www.lasikvisioninstitute.com\/es\/wp-json\/wp\/v2\/pages\/169541","targetHints":{"allow":["GET"]}}],"collection":[{"href":"https:\/\/www.lasikvisioninstitute.com\/es\/wp-json\/wp\/v2\/pages"}],"about":[{"href":"https:\/\/www.lasikvisioninstitute.com\/es\/wp-json\/wp\/v2\/types\/page"}],"author":[{"embeddable":true,"href":"https:\/\/www.lasikvisioninstitute.com\/es\/wp-json\/wp\/v2\/users\/33"}],"replies":[{"embeddable":true,"href":"https:\/\/www.lasikvisioninstitute.com\/es\/wp-json\/wp\/v2\/comments?post=169541"}],"version-history":[{"count":0,"href":"https:\/\/www.lasikvisioninstitute.com\/es\/wp-json\/wp\/v2\/pages\/169541\/revisions"}],"wp:featuredmedia":[{"embeddable":true,"href":"https:\/\/www.lasikvisioninstitute.com\/es\/wp-json\/wp\/v2\/media\/169536"}],"wp:attachment":[{"href":"https:\/\/www.lasikvisioninstitute.com\/es\/wp-json\/wp\/v2\/media?parent=169541"}],"curies":[{"name":"wp","href":"https:\/\/api.w.org\/{rel}","templated":true}]}}