{"id":169517,"date":"2024-08-22T14:25:46","date_gmt":"2024-08-22T19:25:46","guid":{"rendered":"https:\/\/www.lasikvisioninstitute.com\/puedes-maquillarte-despues-del-lasik\/"},"modified":"2026-03-03T17:15:13","modified_gmt":"2026-03-03T22:15:13","slug":"puedes-maquillarte-despues-del-lasik","status":"publish","type":"page","link":"https:\/\/www.lasikvisioninstitute.com\/es\/puedes-maquillarte-despues-del-lasik\/","title":{"rendered":"\u00bfPuedes maquillarte despu\u00e9s del LASIK?"},"content":{"rendered":"\n<h3 class=\"wp-block-heading\">Una de las preguntas m\u00e1s frecuentes que recibimos es <em>\u00bfCu\u00e1ndo puedo maquillarme con seguridad despu\u00e9s del LASIK?<\/em><\/h3>\n\n<p>Tras someterse <a href=\"https:\/\/www.lasikvisioninstitute.com\/es\/procedimientos-de-cirugia-lasik\/cirugia-ocular-lasik-moderna\/\" target=\"_blank\" rel=\"noreferrer noopener\">a una operaci\u00f3n LASIK<\/a>, los ojos se encuentran en un delicado estado de cicatrizaci\u00f3n.\nCualquier forma de contaminaci\u00f3n, especialmente la procedente del maquillaje, puede introducir bacterias que pueden comprometer el proceso de cicatrizaci\u00f3n.\nEl maquillaje, sobre todo el de los ojos, supone un riesgo porque puede albergar bacterias f\u00e1cilmente, aunque se aplique con mucho cuidado.\nEn el postoperatorio, tu principal objetivo debe ser evitar la infecci\u00f3n, que puede desencadenarse incluso por las part\u00edculas m\u00e1s peque\u00f1as de maquillaje.   <\/p>\n\n<p>Evita maquillarte los ojos antes de que hayan transcurrido 3 d\u00edas desde la intervenci\u00f3n LASIK.\nMaquillarse los ojos demasiado pronto puede provocar complicaciones como irritaci\u00f3n, infecciones oculares e incluso prolongar el tiempo de cicatrizaci\u00f3n. <\/p>\n\n<h2 class=\"wp-block-heading\">Periodo de espera recomendado para el maquillaje despu\u00e9s del LASIK<\/h2>\n\n<p>Recomendamos esperar un m\u00ednimo de tres d\u00edas antes de maquillarse los ojos tras la cirug\u00eda LASIK.\nSin embargo, este plazo puede variar en funci\u00f3n del ritmo de cicatrizaci\u00f3n de cada persona.\nPor lo general, es seguro aplicarse maquillaje, como base o pintalabios, despu\u00e9s de la cirug\u00eda LASIK, pero ten precauci\u00f3n cuando te acerques a los ojos.\nAlgunos pacientes pueden sentirse c\u00f3modos reanudando su rutina de maquillaje al cabo de unos d\u00edas, mientras que otros pueden necesitar m\u00e1s tiempo.\nEs esencial que escuches a tu cuerpo y sigas los consejos de tu oculista.    <\/p>\n\n<figure class=\"wp-block-image size-large\"><img decoding=\"async\" width=\"1400\" height=\"432\" src=\"https:\/\/www.lasikvisioninstitute.com\/wp-content\/uploads\/2024\/08\/AdobeStock_831607684-1400x432.jpeg\" alt=\"Collage de mujeres j&#xF3;venes con cosm&#xE9;ticos de maquillaje sobre fondo de color\" class=\"wp-image-169510\" srcset=\"https:\/\/www.lasikvisioninstitute.com\/wp-content\/uploads\/2024\/08\/AdobeStock_831607684-1400x432.jpeg 1400w, https:\/\/www.lasikvisioninstitute.com\/wp-content\/uploads\/2024\/08\/AdobeStock_831607684-600x185.jpeg 600w, https:\/\/www.lasikvisioninstitute.com\/wp-content\/uploads\/2024\/08\/AdobeStock_831607684-768x237.jpeg 768w, https:\/\/www.lasikvisioninstitute.com\/wp-content\/uploads\/2024\/08\/AdobeStock_831607684-1536x474.jpeg 1536w, https:\/\/www.lasikvisioninstitute.com\/wp-content\/uploads\/2024\/08\/AdobeStock_831607684-2048x632.jpeg 2048w\" sizes=\"(max-width: 1400px) 100vw, 1400px\" \/><\/figure>\n\n<h2 class=\"wp-block-heading\">Consejos para maquillarse con seguridad despu\u00e9s del LASIK<\/h2>\n<section class=\"wp-block-meta-accordion\" id=\"block_c7e6edb7e5937b68c1c944f1675f1e60\">\n    <div class=\"accordion\">\n\n<details class=\"wp-block-details is-layout-flow wp-block-details-is-layout-flow\"><summary>Use Gentle Makeup Removal Techniques<\/summary>\n<p>When it&#8217;s safe to start wearing makeup again, ensure you remove it gently. Use a downward motion with a soft cloth or cotton pad, avoiding harsh scrubbing or side-to-side movements that can irritate the eyes.<\/p>\n<\/details>\n\n\n\n<details class=\"wp-block-details is-layout-flow wp-block-details-is-layout-flow\"><summary>Discard Expired Makeup<\/summary>\n<p>Expired makeup products, including foundation and concealer, can cause skin irritations and eye infections. Always check the expiration dates and replace products as needed to maintain eye health.<\/p>\n<\/details>\n\n\n\n<details class=\"wp-block-details is-layout-flow wp-block-details-is-layout-flow\"><summary>Invest in New Makeup Products<\/summary>\n<p>Old makeup can be a breeding ground for bacteria, which can lead to infection, particularly in eyes that are still healing. Invest in new products and brushes to reduce the risk of contamination.<\/p>\n<\/details>\n\n\n\n<details class=\"wp-block-details is-layout-flow wp-block-details-is-layout-flow\"><summary>Avoid Applying Eyeliner on the Waterline<\/summary>\n<p>Even after the recommended waiting period, avoid applying eyeliner directly on the waterline. This area is particularly sensitive post-surgery, and any contact with makeup can lead to irritation or infection.<\/p>\n<\/details>\n\n\n\n<details class=\"wp-block-details is-layout-flow wp-block-details-is-layout-flow\"><summary>Be Cautious With Glitter Eyeshadow<\/summary>\n<p>Glitter eyeshadow can easily flake off and fall into the eyes, posing a risk of irritation and infection. It&#8217;s best to avoid using such products for a few weeks.<\/p>\n<\/details>\n\n\n\n<details class=\"wp-block-details is-layout-flow wp-block-details-is-layout-flow\"><summary>Avoid Cosmetic Procedures<\/summary>\n<p>For a few weeks after your LASIK surgery, refrain from undergoing any cosmetic procedures around the eyes, such as Botox, fillers, facials or microblading. These treatments can increase the risk of infection or irritation. Consult with your eye care professional on when its advisable to continue these practices.<\/p>\n<\/details>\n\n<\/div>\n\n<\/section>\n<div style=\"height:74px\" aria-hidden=\"true\" class=\"wp-block-spacer\"><\/div>\n\n<p>La cirug\u00eda LASIK ofrece un tiempo de recuperaci\u00f3n r\u00e1pido, pero es crucial <a href=\"https:\/\/www.lasikvisioninstitute.com\/es\/consejos-de-maquillaje-para-unos-ojos-sanos\/\" target=\"_blank\" rel=\"noreferrer noopener\">tener cuidado con la aplicaci\u00f3n del maquillaje<\/a> durante el periodo de cicatrizaci\u00f3n.\nSiguiendo estas pautas, junto con tus m\u00e9dicos y dando a tus ojos el tiempo que necesitan para curarse, puedes minimizar el riesgo de complicaciones y disfrutar de todos los beneficios de tu intervenci\u00f3n LASIK. <\/p>\n","protected":false},"excerpt":{"rendered":"<p>Una de las preguntas m\u00e1s frecuentes que recibimos es \u00bfCu\u00e1ndo puedo maquillarme con seguridad despu\u00e9s del LASIK? Tras someterse a una operaci\u00f3n LASIK, los ojos se encuentran en un delicado estado de cicatrizaci\u00f3n. Cualquier forma de contaminaci\u00f3n, especialmente la procedente del maquillaje, puede introducir bacterias que pueden comprometer el proceso de cicatrizaci\u00f3n. El maquillaje, sobre [&hellip;]<\/p>\n","protected":false},"author":33,"featured_media":169511,"parent":0,"menu_order":0,"comment_status":"closed","ping_status":"closed","template":"","meta":{"_acf_changed":false,"footnotes":""},"class_list":["post-169517","page","type-page","status-publish","has-post-thumbnail"],"acf":[],"yoast_head":"<!-- This site is optimized with the Yoast SEO plugin v27.5 - https:\/\/yoast.com\/product\/yoast-seo-wordpress\/ -->\n<title>\u00bfPuedes maquillarte despu\u00e9s del LASIK? - The LASIK Vision Institute<\/title>\n<meta name=\"description\" content=\"Aprende consejos y pautas esenciales para maquillarte con seguridad despu\u00e9s de la cirug\u00eda LASIK. Protege Tus Ojos Y Disfruta De Tu Nuevo Look Con Confianza\" \/>\n<meta name=\"robots\" content=\"index, follow, max-snippet:-1, max-image-preview:large, max-video-preview:-1\" \/>\n<link rel=\"canonical\" href=\"https:\/\/www.lasikvisioninstitute.com\/es\/puedes-maquillarte-despues-del-lasik\/\" \/>\n<meta property=\"og:locale\" content=\"es_ES\" \/>\n<meta property=\"og:type\" content=\"article\" \/>\n<meta property=\"og:title\" content=\"\u00bfPuedes maquillarte despu\u00e9s del LASIK? - The LASIK Vision Institute\" \/>\n<meta property=\"og:description\" content=\"Aprende consejos y pautas esenciales para maquillarte con seguridad despu\u00e9s de la cirug\u00eda LASIK. Protege Tus Ojos Y Disfruta De Tu Nuevo Look Con Confianza\" \/>\n<meta property=\"og:url\" content=\"https:\/\/www.lasikvisioninstitute.com\/es\/puedes-maquillarte-despues-del-lasik\/\" \/>\n<meta property=\"og:site_name\" content=\"The LASIK Vision Institute\" \/>\n<meta property=\"article:modified_time\" content=\"2026-03-03T22:15:13+00:00\" \/>\n<meta property=\"og:image\" content=\"https:\/\/www.lasikvisioninstitute.com\/wp-content\/uploads\/2024\/08\/AdobeStock_831607684-scaled.jpeg\" \/>\n\t<meta property=\"og:image:width\" content=\"2560\" \/>\n\t<meta property=\"og:image:height\" content=\"790\" \/>\n\t<meta property=\"og:image:type\" content=\"image\/jpeg\" \/>\n<meta name=\"twitter:card\" content=\"summary_large_image\" \/>\n<script type=\"application\/ld+json\" class=\"yoast-schema-graph\">{\"@context\":\"https:\\\/\\\/schema.org\",\"@graph\":[{\"@type\":\"WebPage\",\"@id\":\"https:\\\/\\\/www.lasikvisioninstitute.com\\\/es\\\/puedes-maquillarte-despues-del-lasik\\\/\",\"url\":\"https:\\\/\\\/www.lasikvisioninstitute.com\\\/es\\\/puedes-maquillarte-despues-del-lasik\\\/\",\"name\":\"\u00bfPuedes maquillarte despu\u00e9s del LASIK? - The LASIK Vision Institute\",\"isPartOf\":{\"@id\":\"https:\\\/\\\/www.lasikvisioninstitute.com\\\/es\\\/#website\"},\"primaryImageOfPage\":{\"@id\":\"https:\\\/\\\/www.lasikvisioninstitute.com\\\/es\\\/puedes-maquillarte-despues-del-lasik\\\/#primaryimage\"},\"image\":{\"@id\":\"https:\\\/\\\/www.lasikvisioninstitute.com\\\/es\\\/puedes-maquillarte-despues-del-lasik\\\/#primaryimage\"},\"thumbnailUrl\":\"https:\\\/\\\/www.lasikvisioninstitute.com\\\/wp-content\\\/uploads\\\/2024\\\/08\\\/AdobeStock_831607684-scaled.jpeg\",\"datePublished\":\"2024-08-22T19:25:46+00:00\",\"dateModified\":\"2026-03-03T22:15:13+00:00\",\"description\":\"Aprende consejos y pautas esenciales para maquillarte con seguridad despu\u00e9s de la cirug\u00eda LASIK. Protege Tus Ojos Y Disfruta De Tu Nuevo Look Con Confianza\",\"breadcrumb\":{\"@id\":\"https:\\\/\\\/www.lasikvisioninstitute.com\\\/es\\\/puedes-maquillarte-despues-del-lasik\\\/#breadcrumb\"},\"inLanguage\":\"es-ES\",\"potentialAction\":[{\"@type\":\"ReadAction\",\"target\":[\"https:\\\/\\\/www.lasikvisioninstitute.com\\\/es\\\/puedes-maquillarte-despues-del-lasik\\\/\"]}]},{\"@type\":\"ImageObject\",\"inLanguage\":\"es-ES\",\"@id\":\"https:\\\/\\\/www.lasikvisioninstitute.com\\\/es\\\/puedes-maquillarte-despues-del-lasik\\\/#primaryimage\",\"url\":\"https:\\\/\\\/www.lasikvisioninstitute.com\\\/wp-content\\\/uploads\\\/2024\\\/08\\\/AdobeStock_831607684-scaled.jpeg\",\"contentUrl\":\"https:\\\/\\\/www.lasikvisioninstitute.com\\\/wp-content\\\/uploads\\\/2024\\\/08\\\/AdobeStock_831607684-scaled.jpeg\",\"width\":2560,\"height\":790,\"caption\":\"Collage of young women with makeup cosmetics on color background\"},{\"@type\":\"BreadcrumbList\",\"@id\":\"https:\\\/\\\/www.lasikvisioninstitute.com\\\/es\\\/puedes-maquillarte-despues-del-lasik\\\/#breadcrumb\",\"itemListElement\":[{\"@type\":\"ListItem\",\"position\":1,\"name\":\"Portada\",\"item\":\"https:\\\/\\\/www.lasikvisioninstitute.com\\\/es\\\/\"},{\"@type\":\"ListItem\",\"position\":2,\"name\":\"\u00bfPuedes maquillarte despu\u00e9s del LASIK?\"}]},{\"@type\":\"WebSite\",\"@id\":\"https:\\\/\\\/www.lasikvisioninstitute.com\\\/es\\\/#website\",\"url\":\"https:\\\/\\\/www.lasikvisioninstitute.com\\\/es\\\/\",\"name\":\"The LASIK Vision Institute\",\"description\":\"1.4 Million LASIK Eye Surgeries and Counting\",\"publisher\":{\"@id\":\"https:\\\/\\\/www.lasikvisioninstitute.com\\\/es\\\/#organization\"},\"potentialAction\":[{\"@type\":\"SearchAction\",\"target\":{\"@type\":\"EntryPoint\",\"urlTemplate\":\"https:\\\/\\\/www.lasikvisioninstitute.com\\\/es\\\/?s={search_term_string}\"},\"query-input\":{\"@type\":\"PropertyValueSpecification\",\"valueRequired\":true,\"valueName\":\"search_term_string\"}}],\"inLanguage\":\"es-ES\"},{\"@type\":\"Organization\",\"@id\":\"https:\\\/\\\/www.lasikvisioninstitute.com\\\/es\\\/#organization\",\"name\":\"The LASIK Vision Institute\",\"url\":\"https:\\\/\\\/www.lasikvisioninstitute.com\\\/es\\\/\",\"logo\":{\"@type\":\"ImageObject\",\"inLanguage\":\"es-ES\",\"@id\":\"https:\\\/\\\/www.lasikvisioninstitute.com\\\/es\\\/#\\\/schema\\\/logo\\\/image\\\/\",\"url\":\"https:\\\/\\\/www.lasikvisioninstitute.com\\\/wp-content\\\/uploads\\\/2019\\\/10\\\/The-LASIK-Vision-Institute-Logo.png\",\"contentUrl\":\"https:\\\/\\\/www.lasikvisioninstitute.com\\\/wp-content\\\/uploads\\\/2019\\\/10\\\/The-LASIK-Vision-Institute-Logo.png\",\"width\":1000,\"height\":289,\"caption\":\"The LASIK Vision Institute\"},\"image\":{\"@id\":\"https:\\\/\\\/www.lasikvisioninstitute.com\\\/es\\\/#\\\/schema\\\/logo\\\/image\\\/\"}}]}<\/script>\n<!-- \/ Yoast SEO plugin. -->","yoast_head_json":{"title":"\u00bfPuedes maquillarte despu\u00e9s del LASIK? - The LASIK Vision Institute","description":"Aprende consejos y pautas esenciales para maquillarte con seguridad despu\u00e9s de la cirug\u00eda LASIK. Protege Tus Ojos Y Disfruta De Tu Nuevo Look Con Confianza","robots":{"index":"index","follow":"follow","max-snippet":"max-snippet:-1","max-image-preview":"max-image-preview:large","max-video-preview":"max-video-preview:-1"},"canonical":"https:\/\/www.lasikvisioninstitute.com\/es\/puedes-maquillarte-despues-del-lasik\/","og_locale":"es_ES","og_type":"article","og_title":"\u00bfPuedes maquillarte despu\u00e9s del LASIK? - The LASIK Vision Institute","og_description":"Aprende consejos y pautas esenciales para maquillarte con seguridad despu\u00e9s de la cirug\u00eda LASIK. Protege Tus Ojos Y Disfruta De Tu Nuevo Look Con Confianza","og_url":"https:\/\/www.lasikvisioninstitute.com\/es\/puedes-maquillarte-despues-del-lasik\/","og_site_name":"The LASIK Vision Institute","article_modified_time":"2026-03-03T22:15:13+00:00","og_image":[{"width":2560,"height":790,"url":"https:\/\/www.lasikvisioninstitute.com\/wp-content\/uploads\/2024\/08\/AdobeStock_831607684-scaled.jpeg","type":"image\/jpeg"}],"twitter_card":"summary_large_image","schema":{"@context":"https:\/\/schema.org","@graph":[{"@type":"WebPage","@id":"https:\/\/www.lasikvisioninstitute.com\/es\/puedes-maquillarte-despues-del-lasik\/","url":"https:\/\/www.lasikvisioninstitute.com\/es\/puedes-maquillarte-despues-del-lasik\/","name":"\u00bfPuedes maquillarte despu\u00e9s del LASIK? - The LASIK Vision Institute","isPartOf":{"@id":"https:\/\/www.lasikvisioninstitute.com\/es\/#website"},"primaryImageOfPage":{"@id":"https:\/\/www.lasikvisioninstitute.com\/es\/puedes-maquillarte-despues-del-lasik\/#primaryimage"},"image":{"@id":"https:\/\/www.lasikvisioninstitute.com\/es\/puedes-maquillarte-despues-del-lasik\/#primaryimage"},"thumbnailUrl":"https:\/\/www.lasikvisioninstitute.com\/wp-content\/uploads\/2024\/08\/AdobeStock_831607684-scaled.jpeg","datePublished":"2024-08-22T19:25:46+00:00","dateModified":"2026-03-03T22:15:13+00:00","description":"Aprende consejos y pautas esenciales para maquillarte con seguridad despu\u00e9s de la cirug\u00eda LASIK. Protege Tus Ojos Y Disfruta De Tu Nuevo Look Con Confianza","breadcrumb":{"@id":"https:\/\/www.lasikvisioninstitute.com\/es\/puedes-maquillarte-despues-del-lasik\/#breadcrumb"},"inLanguage":"es-ES","potentialAction":[{"@type":"ReadAction","target":["https:\/\/www.lasikvisioninstitute.com\/es\/puedes-maquillarte-despues-del-lasik\/"]}]},{"@type":"ImageObject","inLanguage":"es-ES","@id":"https:\/\/www.lasikvisioninstitute.com\/es\/puedes-maquillarte-despues-del-lasik\/#primaryimage","url":"https:\/\/www.lasikvisioninstitute.com\/wp-content\/uploads\/2024\/08\/AdobeStock_831607684-scaled.jpeg","contentUrl":"https:\/\/www.lasikvisioninstitute.com\/wp-content\/uploads\/2024\/08\/AdobeStock_831607684-scaled.jpeg","width":2560,"height":790,"caption":"Collage of young women with makeup cosmetics on color background"},{"@type":"BreadcrumbList","@id":"https:\/\/www.lasikvisioninstitute.com\/es\/puedes-maquillarte-despues-del-lasik\/#breadcrumb","itemListElement":[{"@type":"ListItem","position":1,"name":"Portada","item":"https:\/\/www.lasikvisioninstitute.com\/es\/"},{"@type":"ListItem","position":2,"name":"\u00bfPuedes maquillarte despu\u00e9s del LASIK?"}]},{"@type":"WebSite","@id":"https:\/\/www.lasikvisioninstitute.com\/es\/#website","url":"https:\/\/www.lasikvisioninstitute.com\/es\/","name":"The LASIK Vision Institute","description":"1.4 Million LASIK Eye Surgeries and Counting","publisher":{"@id":"https:\/\/www.lasikvisioninstitute.com\/es\/#organization"},"potentialAction":[{"@type":"SearchAction","target":{"@type":"EntryPoint","urlTemplate":"https:\/\/www.lasikvisioninstitute.com\/es\/?s={search_term_string}"},"query-input":{"@type":"PropertyValueSpecification","valueRequired":true,"valueName":"search_term_string"}}],"inLanguage":"es-ES"},{"@type":"Organization","@id":"https:\/\/www.lasikvisioninstitute.com\/es\/#organization","name":"The LASIK Vision Institute","url":"https:\/\/www.lasikvisioninstitute.com\/es\/","logo":{"@type":"ImageObject","inLanguage":"es-ES","@id":"https:\/\/www.lasikvisioninstitute.com\/es\/#\/schema\/logo\/image\/","url":"https:\/\/www.lasikvisioninstitute.com\/wp-content\/uploads\/2019\/10\/The-LASIK-Vision-Institute-Logo.png","contentUrl":"https:\/\/www.lasikvisioninstitute.com\/wp-content\/uploads\/2019\/10\/The-LASIK-Vision-Institute-Logo.png","width":1000,"height":289,"caption":"The LASIK Vision Institute"},"image":{"@id":"https:\/\/www.lasikvisioninstitute.com\/es\/#\/schema\/logo\/image\/"}}]}},"_links":{"self":[{"href":"https:\/\/www.lasikvisioninstitute.com\/es\/wp-json\/wp\/v2\/pages\/169517","targetHints":{"allow":["GET"]}}],"collection":[{"href":"https:\/\/www.lasikvisioninstitute.com\/es\/wp-json\/wp\/v2\/pages"}],"about":[{"href":"https:\/\/www.lasikvisioninstitute.com\/es\/wp-json\/wp\/v2\/types\/page"}],"author":[{"embeddable":true,"href":"https:\/\/www.lasikvisioninstitute.com\/es\/wp-json\/wp\/v2\/users\/33"}],"replies":[{"embeddable":true,"href":"https:\/\/www.lasikvisioninstitute.com\/es\/wp-json\/wp\/v2\/comments?post=169517"}],"version-history":[{"count":1,"href":"https:\/\/www.lasikvisioninstitute.com\/es\/wp-json\/wp\/v2\/pages\/169517\/revisions"}],"predecessor-version":[{"id":177427,"href":"https:\/\/www.lasikvisioninstitute.com\/es\/wp-json\/wp\/v2\/pages\/169517\/revisions\/177427"}],"wp:featuredmedia":[{"embeddable":true,"href":"https:\/\/www.lasikvisioninstitute.com\/es\/wp-json\/wp\/v2\/media\/169511"}],"wp:attachment":[{"href":"https:\/\/www.lasikvisioninstitute.com\/es\/wp-json\/wp\/v2\/media?parent=169517"}],"curies":[{"name":"wp","href":"https:\/\/api.w.org\/{rel}","templated":true}]}}