{"id":169503,"date":"2024-08-21T15:25:41","date_gmt":"2024-08-21T20:25:41","guid":{"rendered":"https:\/\/www.lasikvisioninstitute.com\/puedes-hacer-ejercicio-despues-del-lasik\/"},"modified":"2024-08-23T15:50:28","modified_gmt":"2024-08-23T20:50:28","slug":"puedes-hacer-ejercicio-despues-del-lasik","status":"publish","type":"page","link":"https:\/\/www.lasikvisioninstitute.com\/es\/puedes-hacer-ejercicio-despues-del-lasik\/","title":{"rendered":"\u00bfPuedes hacer ejercicio despu\u00e9s del LASIK?"},"content":{"rendered":"\n<p>Puedes empezar a retomar tus actividades habituales, incluido el ejercicio, al d\u00eda siguiente del tratamiento.  <\/p>\n\n<div class=\"wp-block-media-text is-stacked-on-mobile is-image-fill\" style=\"grid-template-columns:43% auto\"><figure class=\"wp-block-media-text__media\" style=\"background-image:url(https:\/\/www.lasikvisioninstitute.com\/wp-content\/uploads\/2024\/08\/AdobeStock_393558941-1400x933.jpeg);background-position:75% 55%\"><img decoding=\"async\" width=\"1400\" height=\"933\" src=\"https:\/\/www.lasikvisioninstitute.com\/wp-content\/uploads\/2024\/08\/AdobeStock_393558941-1400x933.jpeg\" alt=\"joven sonriente con mancuernas haciendo ejercicio en casa\" class=\"wp-image-169498 size-full\" srcset=\"https:\/\/www.lasikvisioninstitute.com\/wp-content\/uploads\/2024\/08\/AdobeStock_393558941-1400x933.jpeg 1400w, https:\/\/www.lasikvisioninstitute.com\/wp-content\/uploads\/2024\/08\/AdobeStock_393558941-600x400.jpeg 600w, https:\/\/www.lasikvisioninstitute.com\/wp-content\/uploads\/2024\/08\/AdobeStock_393558941-768x512.jpeg 768w, https:\/\/www.lasikvisioninstitute.com\/wp-content\/uploads\/2024\/08\/AdobeStock_393558941-1536x1024.jpeg 1536w, https:\/\/www.lasikvisioninstitute.com\/wp-content\/uploads\/2024\/08\/AdobeStock_393558941-2048x1365.jpeg 2048w\" sizes=\"(max-width: 1400px) 100vw, 1400px\" \/><\/figure><div class=\"wp-block-media-text__content\">\n<p>Inmediatamente despu\u00e9s de la cirug\u00eda LASIK, tus ojos inician un proceso de curaci\u00f3n cr\u00edtico.\nAunque es esencial evitar las actividades extenuantes, los ejercicios ligeros en interiores pueden reanudarse al d\u00eda siguiente de la intervenci\u00f3n.\nCaminar, montar en bicicleta est\u00e1tica y levantar pesas ligeras son algunos ejemplos, ya que suponen un riesgo m\u00ednimo de lesi\u00f3n o tensi\u00f3n ocular.\nEstas actividades te permiten mantener la actividad f\u00edsica sin exponer los ojos a entornos duros o a posibles contaminantes.   <\/p>\n\n\n\n<p>Al cabo de unos d\u00edas, puedes ampliar tu rutina de ejercicios para incluir actividades moderadas al aire libre, como footing ligero o ciclismo.\nSin embargo, aseg\u00farate de tomar precauciones contra los factores ambientales que puedan interferir en el proceso de curaci\u00f3n.\nEs muy recomendable llevar gafas protectoras para proteger los ojos del polvo, el viento y los rayos UV, sobre todo si haces ejercicio en una zona con mucho follaje u otros irritantes potenciales.  <\/p>\n<\/div><\/div>\n\n<p>A partir de una semana, la mayor\u00eda de los pacientes pueden practicar deportes y actividades al aire libre m\u00e1s exigentes.\nUna vez m\u00e1s, se recomiendan medidas de protecci\u00f3n para garantizar que tus ojos se curan de forma \u00f3ptima.   <\/p>\n\n<p>Si sigues las recomendaciones de seguridad, podr\u00e1s reintegrar la actividad f\u00edsica en tu vida de forma segura, al tiempo que te aseguras de que tus ojos se curan adecuadamente.\nConsulta siempre con tu oftalm\u00f3logo antes de emprender cualquier actividad nueva o extenuante para recibir un asesoramiento personalizado basado en tu proceso \u00fanico de recuperaci\u00f3n. <\/p>\n\n<h2 class=\"wp-block-heading\">Preguntas frecuentes<\/h2>\n\n<ul class=\"is-style-links-list wp-block-list\">\n<li><a href=\"https:\/\/www.lasikvisioninstitute.com\/es\/puedes-nadar-despues-del-lasik\/\" target=\"_blank\" rel=\"noreferrer noopener\">\u00bfPuedes nadar despu\u00e9s del LASIK?<\/a><\/li>\n\n\n\n<li><a href=\"https:\/\/www.lasikvisioninstitute.com\/es\/puedes-hacer-deporte-despues-del-lasik\/\" target=\"_blank\" rel=\"noreferrer noopener\">\u00bfPuedes hacer deporte despu\u00e9s del LASIK?<\/a><\/li>\n\n\n\n<li><a href=\"https:\/\/www.lasikvisioninstitute.com\/es\/puedes-estar-fuera-de-casa-despues-del-lasik\/\" target=\"_blank\" rel=\"noreferrer noopener\">\u00bfPuedes estar fuera de casa despu\u00e9s del LASIK?<\/a><\/li>\n\n\n\n<li><a href=\"https:\/\/www.lasikvisioninstitute.com\/es\/puedes-cultivar-un-huerto-despues-del-lasik\/\" target=\"_blank\" rel=\"noreferrer noopener\">\u00bfPuedes cultivar un huerto despu\u00e9s del LASIK?<\/a><\/li>\n\n\n\n<li><a href=\"https:\/\/www.lasikvisioninstitute.com\/es\/que-gafas-de-sol-debes-llevar-despues-del-lasik\/\" target=\"_blank\" rel=\"noreferrer noopener\">\u00bfQu\u00e9 gafas de sol debes llevar despu\u00e9s del LASIK?<\/a><\/li>\n<\/ul>\n","protected":false},"excerpt":{"rendered":"<p>Puedes empezar a retomar tus actividades habituales, incluido el ejercicio, al d\u00eda siguiente del tratamiento. Inmediatamente despu\u00e9s de la cirug\u00eda LASIK, tus ojos inician un proceso de curaci\u00f3n cr\u00edtico. Aunque es esencial evitar las actividades extenuantes, los ejercicios ligeros en interiores pueden reanudarse al d\u00eda siguiente de la intervenci\u00f3n. Caminar, montar en bicicleta est\u00e1tica y [&hellip;]<\/p>\n","protected":false},"author":33,"featured_media":0,"parent":0,"menu_order":0,"comment_status":"closed","ping_status":"closed","template":"","meta":{"_acf_changed":false,"footnotes":""},"class_list":["post-169503","page","type-page","status-publish"],"acf":[],"yoast_head":"<!-- This site is optimized with the Yoast SEO plugin v27.5 - https:\/\/yoast.com\/product\/yoast-seo-wordpress\/ -->\n<title>\u00bfPuedes hacer ejercicio despu\u00e9s del LASIK? - The LASIK Vision Institute<\/title>\n<meta name=\"description\" content=\"\u00bfTe preguntas en cu\u00e1nto tiempo puedes hacer ejercicio despu\u00e9s del LASIK? Descubre Cu\u00e1ndo Reanudar las Actividades F\u00edsicas con Seguridad Despu\u00e9s del LASIK\" \/>\n<meta name=\"robots\" content=\"index, follow, max-snippet:-1, max-image-preview:large, max-video-preview:-1\" \/>\n<link rel=\"canonical\" href=\"https:\/\/www.lasikvisioninstitute.com\/es\/puedes-hacer-ejercicio-despues-del-lasik\/\" \/>\n<meta property=\"og:locale\" content=\"es_ES\" \/>\n<meta property=\"og:type\" content=\"article\" \/>\n<meta property=\"og:title\" content=\"\u00bfPuedes hacer ejercicio despu\u00e9s del LASIK? - The LASIK Vision Institute\" \/>\n<meta property=\"og:description\" content=\"\u00bfTe preguntas en cu\u00e1nto tiempo puedes hacer ejercicio despu\u00e9s del LASIK? Descubre Cu\u00e1ndo Reanudar las Actividades F\u00edsicas con Seguridad Despu\u00e9s del LASIK\" \/>\n<meta property=\"og:url\" content=\"https:\/\/www.lasikvisioninstitute.com\/es\/puedes-hacer-ejercicio-despues-del-lasik\/\" \/>\n<meta property=\"og:site_name\" content=\"The LASIK Vision Institute\" \/>\n<meta property=\"article:modified_time\" content=\"2024-08-23T20:50:28+00:00\" \/>\n<meta property=\"og:image\" content=\"https:\/\/www.lasikvisioninstitute.com\/wp-content\/uploads\/2024\/08\/AdobeStock_393558941-1400x933.jpeg\" \/>\n<meta name=\"twitter:card\" content=\"summary_large_image\" \/>\n<script type=\"application\/ld+json\" class=\"yoast-schema-graph\">{\"@context\":\"https:\\\/\\\/schema.org\",\"@graph\":[{\"@type\":\"WebPage\",\"@id\":\"https:\\\/\\\/www.lasikvisioninstitute.com\\\/es\\\/puedes-hacer-ejercicio-despues-del-lasik\\\/\",\"url\":\"https:\\\/\\\/www.lasikvisioninstitute.com\\\/es\\\/puedes-hacer-ejercicio-despues-del-lasik\\\/\",\"name\":\"\u00bfPuedes hacer ejercicio despu\u00e9s del LASIK? - The LASIK Vision Institute\",\"isPartOf\":{\"@id\":\"https:\\\/\\\/www.lasikvisioninstitute.com\\\/es\\\/#website\"},\"primaryImageOfPage\":{\"@id\":\"https:\\\/\\\/www.lasikvisioninstitute.com\\\/es\\\/puedes-hacer-ejercicio-despues-del-lasik\\\/#primaryimage\"},\"image\":{\"@id\":\"https:\\\/\\\/www.lasikvisioninstitute.com\\\/es\\\/puedes-hacer-ejercicio-despues-del-lasik\\\/#primaryimage\"},\"thumbnailUrl\":\"https:\\\/\\\/www.lasikvisioninstitute.com\\\/wp-content\\\/uploads\\\/2024\\\/08\\\/AdobeStock_393558941-1400x933.jpeg\",\"datePublished\":\"2024-08-21T20:25:41+00:00\",\"dateModified\":\"2024-08-23T20:50:28+00:00\",\"description\":\"\u00bfTe preguntas en cu\u00e1nto tiempo puedes hacer ejercicio despu\u00e9s del LASIK? Descubre Cu\u00e1ndo Reanudar las Actividades F\u00edsicas con Seguridad Despu\u00e9s del LASIK\",\"breadcrumb\":{\"@id\":\"https:\\\/\\\/www.lasikvisioninstitute.com\\\/es\\\/puedes-hacer-ejercicio-despues-del-lasik\\\/#breadcrumb\"},\"inLanguage\":\"es-ES\",\"potentialAction\":[{\"@type\":\"ReadAction\",\"target\":[\"https:\\\/\\\/www.lasikvisioninstitute.com\\\/es\\\/puedes-hacer-ejercicio-despues-del-lasik\\\/\"]}]},{\"@type\":\"ImageObject\",\"inLanguage\":\"es-ES\",\"@id\":\"https:\\\/\\\/www.lasikvisioninstitute.com\\\/es\\\/puedes-hacer-ejercicio-despues-del-lasik\\\/#primaryimage\",\"url\":\"https:\\\/\\\/www.lasikvisioninstitute.com\\\/wp-content\\\/uploads\\\/2024\\\/08\\\/AdobeStock_393558941-1400x933.jpeg\",\"contentUrl\":\"https:\\\/\\\/www.lasikvisioninstitute.com\\\/wp-content\\\/uploads\\\/2024\\\/08\\\/AdobeStock_393558941-1400x933.jpeg\"},{\"@type\":\"BreadcrumbList\",\"@id\":\"https:\\\/\\\/www.lasikvisioninstitute.com\\\/es\\\/puedes-hacer-ejercicio-despues-del-lasik\\\/#breadcrumb\",\"itemListElement\":[{\"@type\":\"ListItem\",\"position\":1,\"name\":\"Portada\",\"item\":\"https:\\\/\\\/www.lasikvisioninstitute.com\\\/es\\\/\"},{\"@type\":\"ListItem\",\"position\":2,\"name\":\"\u00bfPuedes hacer ejercicio despu\u00e9s del LASIK?\"}]},{\"@type\":\"WebSite\",\"@id\":\"https:\\\/\\\/www.lasikvisioninstitute.com\\\/es\\\/#website\",\"url\":\"https:\\\/\\\/www.lasikvisioninstitute.com\\\/es\\\/\",\"name\":\"The LASIK Vision Institute\",\"description\":\"1.4 Million LASIK Eye Surgeries and Counting\",\"publisher\":{\"@id\":\"https:\\\/\\\/www.lasikvisioninstitute.com\\\/es\\\/#organization\"},\"potentialAction\":[{\"@type\":\"SearchAction\",\"target\":{\"@type\":\"EntryPoint\",\"urlTemplate\":\"https:\\\/\\\/www.lasikvisioninstitute.com\\\/es\\\/?s={search_term_string}\"},\"query-input\":{\"@type\":\"PropertyValueSpecification\",\"valueRequired\":true,\"valueName\":\"search_term_string\"}}],\"inLanguage\":\"es-ES\"},{\"@type\":\"Organization\",\"@id\":\"https:\\\/\\\/www.lasikvisioninstitute.com\\\/es\\\/#organization\",\"name\":\"The LASIK Vision Institute\",\"url\":\"https:\\\/\\\/www.lasikvisioninstitute.com\\\/es\\\/\",\"logo\":{\"@type\":\"ImageObject\",\"inLanguage\":\"es-ES\",\"@id\":\"https:\\\/\\\/www.lasikvisioninstitute.com\\\/es\\\/#\\\/schema\\\/logo\\\/image\\\/\",\"url\":\"https:\\\/\\\/www.lasikvisioninstitute.com\\\/wp-content\\\/uploads\\\/2019\\\/10\\\/The-LASIK-Vision-Institute-Logo.png\",\"contentUrl\":\"https:\\\/\\\/www.lasikvisioninstitute.com\\\/wp-content\\\/uploads\\\/2019\\\/10\\\/The-LASIK-Vision-Institute-Logo.png\",\"width\":1000,\"height\":289,\"caption\":\"The LASIK Vision Institute\"},\"image\":{\"@id\":\"https:\\\/\\\/www.lasikvisioninstitute.com\\\/es\\\/#\\\/schema\\\/logo\\\/image\\\/\"}}]}<\/script>\n<!-- \/ Yoast SEO plugin. -->","yoast_head_json":{"title":"\u00bfPuedes hacer ejercicio despu\u00e9s del LASIK? - The LASIK Vision Institute","description":"\u00bfTe preguntas en cu\u00e1nto tiempo puedes hacer ejercicio despu\u00e9s del LASIK? Descubre Cu\u00e1ndo Reanudar las Actividades F\u00edsicas con Seguridad Despu\u00e9s del LASIK","robots":{"index":"index","follow":"follow","max-snippet":"max-snippet:-1","max-image-preview":"max-image-preview:large","max-video-preview":"max-video-preview:-1"},"canonical":"https:\/\/www.lasikvisioninstitute.com\/es\/puedes-hacer-ejercicio-despues-del-lasik\/","og_locale":"es_ES","og_type":"article","og_title":"\u00bfPuedes hacer ejercicio despu\u00e9s del LASIK? - The LASIK Vision Institute","og_description":"\u00bfTe preguntas en cu\u00e1nto tiempo puedes hacer ejercicio despu\u00e9s del LASIK? Descubre Cu\u00e1ndo Reanudar las Actividades F\u00edsicas con Seguridad Despu\u00e9s del LASIK","og_url":"https:\/\/www.lasikvisioninstitute.com\/es\/puedes-hacer-ejercicio-despues-del-lasik\/","og_site_name":"The LASIK Vision Institute","article_modified_time":"2024-08-23T20:50:28+00:00","og_image":[{"url":"https:\/\/www.lasikvisioninstitute.com\/wp-content\/uploads\/2024\/08\/AdobeStock_393558941-1400x933.jpeg","type":"","width":"","height":""}],"twitter_card":"summary_large_image","schema":{"@context":"https:\/\/schema.org","@graph":[{"@type":"WebPage","@id":"https:\/\/www.lasikvisioninstitute.com\/es\/puedes-hacer-ejercicio-despues-del-lasik\/","url":"https:\/\/www.lasikvisioninstitute.com\/es\/puedes-hacer-ejercicio-despues-del-lasik\/","name":"\u00bfPuedes hacer ejercicio despu\u00e9s del LASIK? - The LASIK Vision Institute","isPartOf":{"@id":"https:\/\/www.lasikvisioninstitute.com\/es\/#website"},"primaryImageOfPage":{"@id":"https:\/\/www.lasikvisioninstitute.com\/es\/puedes-hacer-ejercicio-despues-del-lasik\/#primaryimage"},"image":{"@id":"https:\/\/www.lasikvisioninstitute.com\/es\/puedes-hacer-ejercicio-despues-del-lasik\/#primaryimage"},"thumbnailUrl":"https:\/\/www.lasikvisioninstitute.com\/wp-content\/uploads\/2024\/08\/AdobeStock_393558941-1400x933.jpeg","datePublished":"2024-08-21T20:25:41+00:00","dateModified":"2024-08-23T20:50:28+00:00","description":"\u00bfTe preguntas en cu\u00e1nto tiempo puedes hacer ejercicio despu\u00e9s del LASIK? Descubre Cu\u00e1ndo Reanudar las Actividades F\u00edsicas con Seguridad Despu\u00e9s del LASIK","breadcrumb":{"@id":"https:\/\/www.lasikvisioninstitute.com\/es\/puedes-hacer-ejercicio-despues-del-lasik\/#breadcrumb"},"inLanguage":"es-ES","potentialAction":[{"@type":"ReadAction","target":["https:\/\/www.lasikvisioninstitute.com\/es\/puedes-hacer-ejercicio-despues-del-lasik\/"]}]},{"@type":"ImageObject","inLanguage":"es-ES","@id":"https:\/\/www.lasikvisioninstitute.com\/es\/puedes-hacer-ejercicio-despues-del-lasik\/#primaryimage","url":"https:\/\/www.lasikvisioninstitute.com\/wp-content\/uploads\/2024\/08\/AdobeStock_393558941-1400x933.jpeg","contentUrl":"https:\/\/www.lasikvisioninstitute.com\/wp-content\/uploads\/2024\/08\/AdobeStock_393558941-1400x933.jpeg"},{"@type":"BreadcrumbList","@id":"https:\/\/www.lasikvisioninstitute.com\/es\/puedes-hacer-ejercicio-despues-del-lasik\/#breadcrumb","itemListElement":[{"@type":"ListItem","position":1,"name":"Portada","item":"https:\/\/www.lasikvisioninstitute.com\/es\/"},{"@type":"ListItem","position":2,"name":"\u00bfPuedes hacer ejercicio despu\u00e9s del LASIK?"}]},{"@type":"WebSite","@id":"https:\/\/www.lasikvisioninstitute.com\/es\/#website","url":"https:\/\/www.lasikvisioninstitute.com\/es\/","name":"The LASIK Vision Institute","description":"1.4 Million LASIK Eye Surgeries and Counting","publisher":{"@id":"https:\/\/www.lasikvisioninstitute.com\/es\/#organization"},"potentialAction":[{"@type":"SearchAction","target":{"@type":"EntryPoint","urlTemplate":"https:\/\/www.lasikvisioninstitute.com\/es\/?s={search_term_string}"},"query-input":{"@type":"PropertyValueSpecification","valueRequired":true,"valueName":"search_term_string"}}],"inLanguage":"es-ES"},{"@type":"Organization","@id":"https:\/\/www.lasikvisioninstitute.com\/es\/#organization","name":"The LASIK Vision Institute","url":"https:\/\/www.lasikvisioninstitute.com\/es\/","logo":{"@type":"ImageObject","inLanguage":"es-ES","@id":"https:\/\/www.lasikvisioninstitute.com\/es\/#\/schema\/logo\/image\/","url":"https:\/\/www.lasikvisioninstitute.com\/wp-content\/uploads\/2019\/10\/The-LASIK-Vision-Institute-Logo.png","contentUrl":"https:\/\/www.lasikvisioninstitute.com\/wp-content\/uploads\/2019\/10\/The-LASIK-Vision-Institute-Logo.png","width":1000,"height":289,"caption":"The LASIK Vision Institute"},"image":{"@id":"https:\/\/www.lasikvisioninstitute.com\/es\/#\/schema\/logo\/image\/"}}]}},"_links":{"self":[{"href":"https:\/\/www.lasikvisioninstitute.com\/es\/wp-json\/wp\/v2\/pages\/169503","targetHints":{"allow":["GET"]}}],"collection":[{"href":"https:\/\/www.lasikvisioninstitute.com\/es\/wp-json\/wp\/v2\/pages"}],"about":[{"href":"https:\/\/www.lasikvisioninstitute.com\/es\/wp-json\/wp\/v2\/types\/page"}],"author":[{"embeddable":true,"href":"https:\/\/www.lasikvisioninstitute.com\/es\/wp-json\/wp\/v2\/users\/33"}],"replies":[{"embeddable":true,"href":"https:\/\/www.lasikvisioninstitute.com\/es\/wp-json\/wp\/v2\/comments?post=169503"}],"version-history":[{"count":0,"href":"https:\/\/www.lasikvisioninstitute.com\/es\/wp-json\/wp\/v2\/pages\/169503\/revisions"}],"wp:attachment":[{"href":"https:\/\/www.lasikvisioninstitute.com\/es\/wp-json\/wp\/v2\/media?parent=169503"}],"curies":[{"name":"wp","href":"https:\/\/api.w.org\/{rel}","templated":true}]}}