{"id":169303,"date":"2024-07-30T14:56:05","date_gmt":"2024-07-30T19:56:05","guid":{"rendered":"https:\/\/www.lasikvisioninstitute.com\/puedes-hacer-deporte-despues-del-lasik\/"},"modified":"2024-07-30T14:56:21","modified_gmt":"2024-07-30T19:56:21","slug":"puedes-hacer-deporte-despues-del-lasik","status":"publish","type":"page","link":"https:\/\/www.lasikvisioninstitute.com\/es\/puedes-hacer-deporte-despues-del-lasik\/","title":{"rendered":"\u00bfPuedes hacer deporte despu\u00e9s del LASIK?"},"content":{"rendered":"\n<p>Un error com\u00fan es creer que la cirug\u00eda LASIK requiere un largo periodo de recuperaci\u00f3n y que no es posible practicar deporte inmediatamente despu\u00e9s. En realidad, esto no es cierto. La mayor\u00eda de las personas pueden volver al trabajo al d\u00eda siguiente y practicar deportes durante la recuperaci\u00f3n del LASIK.<\/p>\n\n<h2 class=\"wp-block-heading\">Volver al deporte<\/h2>\n\n<p>Puedes reanudar tus actividades normales al d\u00eda siguiente de la intervenci\u00f3n LASIK. Debes actuar con discreci\u00f3n cuando vuelvas a hacer deporte y durante la primera semana intenta evitarlo:<\/p>\n\n<ul class=\"wp-block-list\">\n<li>Que te entre sudor en los ojos<\/li>\n\n\n\n<li>Entornos polvorientos y sucios<\/li>\n\n\n\n<li>Objetos que puedan herirte potencialmente en la cara<\/li>\n\n\n\n<li>Actividades de alto nivel de presi\u00f3n (como el paracaidismo)<\/li>\n<\/ul>\n\n<div class=\"wp-block-media-text has-media-on-the-right is-stacked-on-mobile\" style=\"grid-template-columns:auto 42%\"><div class=\"wp-block-media-text__content\">\n<p>Al cabo de 1 semana, la mayor\u00eda de los pacientes experimentan una mejora visual significativa y vuelven a su horario normal. Si participas en deportes o actividades de contacto, puedes tomar precauciones adicionales para llevar gafas protectoras.<\/p>\n\n\n\n<p>Recuerda que la experiencia de cada persona es \u00fanica. Consultar con tu cirujano ocular es crucial para obtener orientaci\u00f3n y recomendaciones personalizadas basadas en tus circunstancias espec\u00edficas.<\/p>\n<\/div><figure class=\"wp-block-media-text__media\"><img decoding=\"async\" width=\"1400\" height=\"933\" src=\"https:\/\/www.lasikvisioninstitute.com\/wp-content\/uploads\/2024\/07\/young-couple-playing-tennis-court-1400x933.jpg\" alt=\"Pareja joven jugando al tenis en la pista\" class=\"wp-image-169298 size-full\" srcset=\"https:\/\/www.lasikvisioninstitute.com\/wp-content\/uploads\/2024\/07\/young-couple-playing-tennis-court-1400x933.jpg 1400w, https:\/\/www.lasikvisioninstitute.com\/wp-content\/uploads\/2024\/07\/young-couple-playing-tennis-court-600x400.jpg 600w, https:\/\/www.lasikvisioninstitute.com\/wp-content\/uploads\/2024\/07\/young-couple-playing-tennis-court-768x512.jpg 768w, https:\/\/www.lasikvisioninstitute.com\/wp-content\/uploads\/2024\/07\/young-couple-playing-tennis-court-1536x1024.jpg 1536w, https:\/\/www.lasikvisioninstitute.com\/wp-content\/uploads\/2024\/07\/young-couple-playing-tennis-court-2048x1365.jpg 2048w\" sizes=\"(max-width: 1400px) 100vw, 1400px\" \/><\/figure><\/div>\n","protected":false},"excerpt":{"rendered":"<p>Un error com\u00fan es creer que la cirug\u00eda LASIK requiere un largo periodo de recuperaci\u00f3n y que no es posible practicar deporte inmediatamente despu\u00e9s. En realidad, esto no es cierto. La mayor\u00eda de las personas pueden volver al trabajo al d\u00eda siguiente y practicar deportes durante la recuperaci\u00f3n del LASIK. Volver al deporte Puedes reanudar [&hellip;]<\/p>\n","protected":false},"author":33,"featured_media":169299,"parent":0,"menu_order":0,"comment_status":"closed","ping_status":"closed","template":"","meta":{"_acf_changed":false,"footnotes":""},"class_list":["post-169303","page","type-page","status-publish","has-post-thumbnail"],"acf":[],"yoast_head":"<!-- This site is optimized with the Yoast SEO plugin v27.5 - https:\/\/yoast.com\/product\/yoast-seo-wordpress\/ -->\n<title>\u00bfPuedes hacer deporte despu\u00e9s del LASIK? - The LASIK Vision Institute<\/title>\n<meta name=\"description\" content=\"La cirug\u00eda LASIK no tiene por qu\u00e9 marginarte. Aprende Cu\u00e1ndo Puedes Volver A Hacer Deporte Y Las Precauciones Esenciales Que Debes Tomar.\" \/>\n<meta name=\"robots\" content=\"index, follow, max-snippet:-1, max-image-preview:large, max-video-preview:-1\" \/>\n<link rel=\"canonical\" href=\"https:\/\/www.lasikvisioninstitute.com\/es\/puedes-hacer-deporte-despues-del-lasik\/\" \/>\n<meta property=\"og:locale\" content=\"es_ES\" \/>\n<meta property=\"og:type\" content=\"article\" \/>\n<meta property=\"og:title\" content=\"\u00bfPuedes hacer deporte despu\u00e9s del LASIK? - The LASIK Vision Institute\" \/>\n<meta property=\"og:description\" content=\"La cirug\u00eda LASIK no tiene por qu\u00e9 marginarte. Aprende Cu\u00e1ndo Puedes Volver A Hacer Deporte Y Las Precauciones Esenciales Que Debes Tomar.\" \/>\n<meta property=\"og:url\" content=\"https:\/\/www.lasikvisioninstitute.com\/es\/puedes-hacer-deporte-despues-del-lasik\/\" \/>\n<meta property=\"og:site_name\" content=\"The LASIK Vision Institute\" \/>\n<meta property=\"article:modified_time\" content=\"2024-07-30T19:56:21+00:00\" \/>\n<meta property=\"og:image\" content=\"https:\/\/www.lasikvisioninstitute.com\/wp-content\/uploads\/2024\/07\/young-couple-playing-tennis-court-scaled.jpg\" \/>\n\t<meta property=\"og:image:width\" content=\"2560\" \/>\n\t<meta property=\"og:image:height\" content=\"1707\" \/>\n\t<meta property=\"og:image:type\" content=\"image\/jpeg\" \/>\n<meta name=\"twitter:card\" content=\"summary_large_image\" \/>\n<script type=\"application\/ld+json\" class=\"yoast-schema-graph\">{\"@context\":\"https:\\\/\\\/schema.org\",\"@graph\":[{\"@type\":\"WebPage\",\"@id\":\"https:\\\/\\\/www.lasikvisioninstitute.com\\\/es\\\/puedes-hacer-deporte-despues-del-lasik\\\/\",\"url\":\"https:\\\/\\\/www.lasikvisioninstitute.com\\\/es\\\/puedes-hacer-deporte-despues-del-lasik\\\/\",\"name\":\"\u00bfPuedes hacer deporte despu\u00e9s del LASIK? - The LASIK Vision Institute\",\"isPartOf\":{\"@id\":\"https:\\\/\\\/www.lasikvisioninstitute.com\\\/es\\\/#website\"},\"primaryImageOfPage\":{\"@id\":\"https:\\\/\\\/www.lasikvisioninstitute.com\\\/es\\\/puedes-hacer-deporte-despues-del-lasik\\\/#primaryimage\"},\"image\":{\"@id\":\"https:\\\/\\\/www.lasikvisioninstitute.com\\\/es\\\/puedes-hacer-deporte-despues-del-lasik\\\/#primaryimage\"},\"thumbnailUrl\":\"https:\\\/\\\/www.lasikvisioninstitute.com\\\/wp-content\\\/uploads\\\/2024\\\/07\\\/young-couple-playing-tennis-court-scaled.jpg\",\"datePublished\":\"2024-07-30T19:56:05+00:00\",\"dateModified\":\"2024-07-30T19:56:21+00:00\",\"description\":\"La cirug\u00eda LASIK no tiene por qu\u00e9 marginarte. Aprende Cu\u00e1ndo Puedes Volver A Hacer Deporte Y Las Precauciones Esenciales Que Debes Tomar.\",\"breadcrumb\":{\"@id\":\"https:\\\/\\\/www.lasikvisioninstitute.com\\\/es\\\/puedes-hacer-deporte-despues-del-lasik\\\/#breadcrumb\"},\"inLanguage\":\"es-ES\",\"potentialAction\":[{\"@type\":\"ReadAction\",\"target\":[\"https:\\\/\\\/www.lasikvisioninstitute.com\\\/es\\\/puedes-hacer-deporte-despues-del-lasik\\\/\"]}]},{\"@type\":\"ImageObject\",\"inLanguage\":\"es-ES\",\"@id\":\"https:\\\/\\\/www.lasikvisioninstitute.com\\\/es\\\/puedes-hacer-deporte-despues-del-lasik\\\/#primaryimage\",\"url\":\"https:\\\/\\\/www.lasikvisioninstitute.com\\\/wp-content\\\/uploads\\\/2024\\\/07\\\/young-couple-playing-tennis-court-scaled.jpg\",\"contentUrl\":\"https:\\\/\\\/www.lasikvisioninstitute.com\\\/wp-content\\\/uploads\\\/2024\\\/07\\\/young-couple-playing-tennis-court-scaled.jpg\",\"width\":2560,\"height\":1707,\"caption\":\"Young couple playing tennis at the court\"},{\"@type\":\"BreadcrumbList\",\"@id\":\"https:\\\/\\\/www.lasikvisioninstitute.com\\\/es\\\/puedes-hacer-deporte-despues-del-lasik\\\/#breadcrumb\",\"itemListElement\":[{\"@type\":\"ListItem\",\"position\":1,\"name\":\"Portada\",\"item\":\"https:\\\/\\\/www.lasikvisioninstitute.com\\\/es\\\/\"},{\"@type\":\"ListItem\",\"position\":2,\"name\":\"\u00bfPuedes hacer deporte despu\u00e9s del LASIK?\"}]},{\"@type\":\"WebSite\",\"@id\":\"https:\\\/\\\/www.lasikvisioninstitute.com\\\/es\\\/#website\",\"url\":\"https:\\\/\\\/www.lasikvisioninstitute.com\\\/es\\\/\",\"name\":\"The LASIK Vision Institute\",\"description\":\"1.4 Million LASIK Eye Surgeries and Counting\",\"publisher\":{\"@id\":\"https:\\\/\\\/www.lasikvisioninstitute.com\\\/es\\\/#organization\"},\"potentialAction\":[{\"@type\":\"SearchAction\",\"target\":{\"@type\":\"EntryPoint\",\"urlTemplate\":\"https:\\\/\\\/www.lasikvisioninstitute.com\\\/es\\\/?s={search_term_string}\"},\"query-input\":{\"@type\":\"PropertyValueSpecification\",\"valueRequired\":true,\"valueName\":\"search_term_string\"}}],\"inLanguage\":\"es-ES\"},{\"@type\":\"Organization\",\"@id\":\"https:\\\/\\\/www.lasikvisioninstitute.com\\\/es\\\/#organization\",\"name\":\"The LASIK Vision Institute\",\"url\":\"https:\\\/\\\/www.lasikvisioninstitute.com\\\/es\\\/\",\"logo\":{\"@type\":\"ImageObject\",\"inLanguage\":\"es-ES\",\"@id\":\"https:\\\/\\\/www.lasikvisioninstitute.com\\\/es\\\/#\\\/schema\\\/logo\\\/image\\\/\",\"url\":\"https:\\\/\\\/www.lasikvisioninstitute.com\\\/wp-content\\\/uploads\\\/2019\\\/10\\\/The-LASIK-Vision-Institute-Logo.png\",\"contentUrl\":\"https:\\\/\\\/www.lasikvisioninstitute.com\\\/wp-content\\\/uploads\\\/2019\\\/10\\\/The-LASIK-Vision-Institute-Logo.png\",\"width\":1000,\"height\":289,\"caption\":\"The LASIK Vision Institute\"},\"image\":{\"@id\":\"https:\\\/\\\/www.lasikvisioninstitute.com\\\/es\\\/#\\\/schema\\\/logo\\\/image\\\/\"}}]}<\/script>\n<!-- \/ Yoast SEO plugin. -->","yoast_head_json":{"title":"\u00bfPuedes hacer deporte despu\u00e9s del LASIK? - The LASIK Vision Institute","description":"La cirug\u00eda LASIK no tiene por qu\u00e9 marginarte. Aprende Cu\u00e1ndo Puedes Volver A Hacer Deporte Y Las Precauciones Esenciales Que Debes Tomar.","robots":{"index":"index","follow":"follow","max-snippet":"max-snippet:-1","max-image-preview":"max-image-preview:large","max-video-preview":"max-video-preview:-1"},"canonical":"https:\/\/www.lasikvisioninstitute.com\/es\/puedes-hacer-deporte-despues-del-lasik\/","og_locale":"es_ES","og_type":"article","og_title":"\u00bfPuedes hacer deporte despu\u00e9s del LASIK? - The LASIK Vision Institute","og_description":"La cirug\u00eda LASIK no tiene por qu\u00e9 marginarte. Aprende Cu\u00e1ndo Puedes Volver A Hacer Deporte Y Las Precauciones Esenciales Que Debes Tomar.","og_url":"https:\/\/www.lasikvisioninstitute.com\/es\/puedes-hacer-deporte-despues-del-lasik\/","og_site_name":"The LASIK Vision Institute","article_modified_time":"2024-07-30T19:56:21+00:00","og_image":[{"width":2560,"height":1707,"url":"https:\/\/www.lasikvisioninstitute.com\/wp-content\/uploads\/2024\/07\/young-couple-playing-tennis-court-scaled.jpg","type":"image\/jpeg"}],"twitter_card":"summary_large_image","schema":{"@context":"https:\/\/schema.org","@graph":[{"@type":"WebPage","@id":"https:\/\/www.lasikvisioninstitute.com\/es\/puedes-hacer-deporte-despues-del-lasik\/","url":"https:\/\/www.lasikvisioninstitute.com\/es\/puedes-hacer-deporte-despues-del-lasik\/","name":"\u00bfPuedes hacer deporte despu\u00e9s del LASIK? - The LASIK Vision Institute","isPartOf":{"@id":"https:\/\/www.lasikvisioninstitute.com\/es\/#website"},"primaryImageOfPage":{"@id":"https:\/\/www.lasikvisioninstitute.com\/es\/puedes-hacer-deporte-despues-del-lasik\/#primaryimage"},"image":{"@id":"https:\/\/www.lasikvisioninstitute.com\/es\/puedes-hacer-deporte-despues-del-lasik\/#primaryimage"},"thumbnailUrl":"https:\/\/www.lasikvisioninstitute.com\/wp-content\/uploads\/2024\/07\/young-couple-playing-tennis-court-scaled.jpg","datePublished":"2024-07-30T19:56:05+00:00","dateModified":"2024-07-30T19:56:21+00:00","description":"La cirug\u00eda LASIK no tiene por qu\u00e9 marginarte. Aprende Cu\u00e1ndo Puedes Volver A Hacer Deporte Y Las Precauciones Esenciales Que Debes Tomar.","breadcrumb":{"@id":"https:\/\/www.lasikvisioninstitute.com\/es\/puedes-hacer-deporte-despues-del-lasik\/#breadcrumb"},"inLanguage":"es-ES","potentialAction":[{"@type":"ReadAction","target":["https:\/\/www.lasikvisioninstitute.com\/es\/puedes-hacer-deporte-despues-del-lasik\/"]}]},{"@type":"ImageObject","inLanguage":"es-ES","@id":"https:\/\/www.lasikvisioninstitute.com\/es\/puedes-hacer-deporte-despues-del-lasik\/#primaryimage","url":"https:\/\/www.lasikvisioninstitute.com\/wp-content\/uploads\/2024\/07\/young-couple-playing-tennis-court-scaled.jpg","contentUrl":"https:\/\/www.lasikvisioninstitute.com\/wp-content\/uploads\/2024\/07\/young-couple-playing-tennis-court-scaled.jpg","width":2560,"height":1707,"caption":"Young couple playing tennis at the court"},{"@type":"BreadcrumbList","@id":"https:\/\/www.lasikvisioninstitute.com\/es\/puedes-hacer-deporte-despues-del-lasik\/#breadcrumb","itemListElement":[{"@type":"ListItem","position":1,"name":"Portada","item":"https:\/\/www.lasikvisioninstitute.com\/es\/"},{"@type":"ListItem","position":2,"name":"\u00bfPuedes hacer deporte despu\u00e9s del LASIK?"}]},{"@type":"WebSite","@id":"https:\/\/www.lasikvisioninstitute.com\/es\/#website","url":"https:\/\/www.lasikvisioninstitute.com\/es\/","name":"The LASIK Vision Institute","description":"1.4 Million LASIK Eye Surgeries and Counting","publisher":{"@id":"https:\/\/www.lasikvisioninstitute.com\/es\/#organization"},"potentialAction":[{"@type":"SearchAction","target":{"@type":"EntryPoint","urlTemplate":"https:\/\/www.lasikvisioninstitute.com\/es\/?s={search_term_string}"},"query-input":{"@type":"PropertyValueSpecification","valueRequired":true,"valueName":"search_term_string"}}],"inLanguage":"es-ES"},{"@type":"Organization","@id":"https:\/\/www.lasikvisioninstitute.com\/es\/#organization","name":"The LASIK Vision Institute","url":"https:\/\/www.lasikvisioninstitute.com\/es\/","logo":{"@type":"ImageObject","inLanguage":"es-ES","@id":"https:\/\/www.lasikvisioninstitute.com\/es\/#\/schema\/logo\/image\/","url":"https:\/\/www.lasikvisioninstitute.com\/wp-content\/uploads\/2019\/10\/The-LASIK-Vision-Institute-Logo.png","contentUrl":"https:\/\/www.lasikvisioninstitute.com\/wp-content\/uploads\/2019\/10\/The-LASIK-Vision-Institute-Logo.png","width":1000,"height":289,"caption":"The LASIK Vision Institute"},"image":{"@id":"https:\/\/www.lasikvisioninstitute.com\/es\/#\/schema\/logo\/image\/"}}]}},"_links":{"self":[{"href":"https:\/\/www.lasikvisioninstitute.com\/es\/wp-json\/wp\/v2\/pages\/169303","targetHints":{"allow":["GET"]}}],"collection":[{"href":"https:\/\/www.lasikvisioninstitute.com\/es\/wp-json\/wp\/v2\/pages"}],"about":[{"href":"https:\/\/www.lasikvisioninstitute.com\/es\/wp-json\/wp\/v2\/types\/page"}],"author":[{"embeddable":true,"href":"https:\/\/www.lasikvisioninstitute.com\/es\/wp-json\/wp\/v2\/users\/33"}],"replies":[{"embeddable":true,"href":"https:\/\/www.lasikvisioninstitute.com\/es\/wp-json\/wp\/v2\/comments?post=169303"}],"version-history":[{"count":0,"href":"https:\/\/www.lasikvisioninstitute.com\/es\/wp-json\/wp\/v2\/pages\/169303\/revisions"}],"wp:featuredmedia":[{"embeddable":true,"href":"https:\/\/www.lasikvisioninstitute.com\/es\/wp-json\/wp\/v2\/media\/169299"}],"wp:attachment":[{"href":"https:\/\/www.lasikvisioninstitute.com\/es\/wp-json\/wp\/v2\/media?parent=169303"}],"curies":[{"name":"wp","href":"https:\/\/api.w.org\/{rel}","templated":true}]}}