{"id":169277,"date":"2024-07-30T14:33:37","date_gmt":"2024-07-30T19:33:37","guid":{"rendered":"https:\/\/www.lasikvisioninstitute.com\/puedes-conducir-despues-del-lasik\/"},"modified":"2024-07-30T14:33:50","modified_gmt":"2024-07-30T19:33:50","slug":"puedes-conducir-despues-del-lasik","status":"publish","type":"page","link":"https:\/\/www.lasikvisioninstitute.com\/es\/puedes-conducir-despues-del-lasik\/","title":{"rendered":"\u00bfPuedes conducir despu\u00e9s del LASIK?"},"content":{"rendered":"\n<p>Tanto si te desplazas a diario como si viajas los fines de semana por carretera o simplemente te gusta la libertad de conducir, hablemos de lo que puedes esperar de la conducci\u00f3n despu\u00e9s de la cirug\u00eda LASIK.<\/p>\n\n<h2 class=\"wp-block-heading\">\u00bfCu\u00e1ndo es seguro conducir?<\/h2>\n\n<p><strong>Primeras 24 horas:<\/strong> Debes asegurarte de que dispones de un conductor para la intervenci\u00f3n LASIK. No se aconseja conducir inmediatamente despu\u00e9s de la intervenci\u00f3n LASIK. Tus ojos necesitan tiempo para curarse, y tu visi\u00f3n puede ser borrosa y estar todav\u00eda ajust\u00e1ndose.  <\/p>\n\n<p><strong>El d\u00eda despu\u00e9s de la operaci\u00f3n:<\/strong> La mayor\u00eda de los pacientes pueden conducir con seguridad al d\u00eda siguiente de la operaci\u00f3n. Tu m\u00e9dico realizar\u00e1 una visita de seguimiento y te proporcionar\u00e1 cualquier orientaci\u00f3n adicional que necesites.<\/p>\n\n<p><strong>Escucha a tu cuerpo:<\/strong> Si te sientes inc\u00f3moda o insegura, espera hasta que te sientas segura de tu visi\u00f3n.<\/p>\n\n<h2 class=\"wp-block-heading\">Factores que afectan a la conducci\u00f3n despu\u00e9s del LASIK<\/h2>\n\n<p>Algunos factores pueden influir en cu\u00e1ndo estar\u00e1s preparado para conducir:<\/p>\n\n<h2 class=\"wp-block-heading\">Consejos para conducir con seguridad despu\u00e9s del LASIK<\/h2>\n\n<ul class=\"wp-block-list\">\n<li><strong>Claridad de visi\u00f3n:<\/strong> Aseg\u00farate de que tu visi\u00f3n es clara y estable antes de ponerte al volante.<\/li>\n\n\n\n<li><strong>Recuperaci\u00f3n individual:<\/strong> Cada persona se recupera a un ritmo diferente. Algunas personas pueden sentirse preparadas para conducir antes que otras.<\/li>\n\n\n\n<li><strong>Sensibilidad a la luz:<\/strong> La luz solar intensa o los faros pueden ser molestos al principio, as\u00ed que toma precauciones como llevar gafas de sol.<\/li>\n<\/ul>\n\n<p>Una vez que est\u00e9s preparado para conducir, aqu\u00ed tienes algunos consejos para garantizar un viaje seguro:<\/p>\n\n<ol class=\"wp-block-list\">\n<li><strong>Utiliza gafas de sol:<\/strong> Protege tus ojos de la luz brillante.<\/li>\n\n\n\n<li><strong>Al principio, ten precauci\u00f3n con la conducci\u00f3n nocturna:<\/strong> Tus ojos pueden ser m\u00e1s sensibles al deslumbramiento por la noche.<\/li>\n\n\n\n<li><strong>Mantente hidratado:<\/strong> Mant\u00e9n los ojos h\u00famedos con l\u00e1grimas artificiales cuando sea necesario.<\/li>\n<\/ol>\n\n<p>Recuerda que el proceso de recuperaci\u00f3n de cada persona es \u00fanico, as\u00ed que escucha a tu cuerpo, sigue los consejos de tu cirujano LASIK y disfruta de la libertad que te proporciona el LASIK. \u00a1Por un cielo despejado y carreteras abiertas!<\/p>\n\n<figure class=\"wp-block-image size-large\"><img decoding=\"async\" width=\"1400\" height=\"933\" src=\"https:\/\/www.lasikvisioninstitute.com\/wp-content\/uploads\/2024\/07\/AdobeStock_446689853-1400x933.jpeg\" alt=\"Mujeres en el coche sonriendo mientras disfrutan de un paseo\" class=\"wp-image-169273\" srcset=\"https:\/\/www.lasikvisioninstitute.com\/wp-content\/uploads\/2024\/07\/AdobeStock_446689853-1400x933.jpeg 1400w, https:\/\/www.lasikvisioninstitute.com\/wp-content\/uploads\/2024\/07\/AdobeStock_446689853-600x400.jpeg 600w, https:\/\/www.lasikvisioninstitute.com\/wp-content\/uploads\/2024\/07\/AdobeStock_446689853-768x512.jpeg 768w, https:\/\/www.lasikvisioninstitute.com\/wp-content\/uploads\/2024\/07\/AdobeStock_446689853-1536x1024.jpeg 1536w, https:\/\/www.lasikvisioninstitute.com\/wp-content\/uploads\/2024\/07\/AdobeStock_446689853-2048x1366.jpeg 2048w\" sizes=\"(max-width: 1400px) 100vw, 1400px\" \/><\/figure>\n","protected":false},"excerpt":{"rendered":"<p>Tanto si te desplazas a diario como si viajas los fines de semana por carretera o simplemente te gusta la libertad de conducir, hablemos de lo que puedes esperar de la conducci\u00f3n despu\u00e9s de la cirug\u00eda LASIK. \u00bfCu\u00e1ndo es seguro conducir? Primeras 24 horas: Debes asegurarte de que dispones de un conductor para la intervenci\u00f3n [&hellip;]<\/p>\n","protected":false},"author":33,"featured_media":0,"parent":0,"menu_order":0,"comment_status":"closed","ping_status":"closed","template":"","meta":{"_acf_changed":false,"footnotes":""},"class_list":["post-169277","page","type-page","status-publish"],"acf":[],"yoast_head":"<!-- This site is optimized with the Yoast SEO plugin v27.5 - https:\/\/yoast.com\/product\/yoast-seo-wordpress\/ -->\n<title>\u00bfPuedes conducir despu\u00e9s del LASIK? - The LASIK Vision Institute<\/title>\n<meta name=\"description\" content=\"\u00bfTienes curiosidad por volver al volante despu\u00e9s de la cirug\u00eda ocular LASIK? Descubre el tiempo de recuperaci\u00f3n y los consejos de conducci\u00f3n para un postoperatorio sin complicaciones.\" \/>\n<meta name=\"robots\" content=\"index, follow, max-snippet:-1, max-image-preview:large, max-video-preview:-1\" \/>\n<link rel=\"canonical\" href=\"https:\/\/www.lasikvisioninstitute.com\/es\/puedes-conducir-despues-del-lasik\/\" \/>\n<meta property=\"og:locale\" content=\"es_ES\" \/>\n<meta property=\"og:type\" content=\"article\" \/>\n<meta property=\"og:title\" content=\"\u00bfPuedes conducir despu\u00e9s del LASIK? - The LASIK Vision Institute\" \/>\n<meta property=\"og:description\" content=\"\u00bfTienes curiosidad por volver al volante despu\u00e9s de la cirug\u00eda ocular LASIK? Descubre el tiempo de recuperaci\u00f3n y los consejos de conducci\u00f3n para un postoperatorio sin complicaciones.\" \/>\n<meta property=\"og:url\" content=\"https:\/\/www.lasikvisioninstitute.com\/es\/puedes-conducir-despues-del-lasik\/\" \/>\n<meta property=\"og:site_name\" content=\"The LASIK Vision Institute\" \/>\n<meta property=\"article:modified_time\" content=\"2024-07-30T19:33:50+00:00\" \/>\n<meta property=\"og:image\" content=\"https:\/\/www.lasikvisioninstitute.com\/wp-content\/uploads\/2024\/07\/AdobeStock_446689853-1400x933.jpeg\" \/>\n<meta name=\"twitter:card\" content=\"summary_large_image\" \/>\n<script type=\"application\/ld+json\" class=\"yoast-schema-graph\">{\"@context\":\"https:\\\/\\\/schema.org\",\"@graph\":[{\"@type\":\"WebPage\",\"@id\":\"https:\\\/\\\/www.lasikvisioninstitute.com\\\/es\\\/puedes-conducir-despues-del-lasik\\\/\",\"url\":\"https:\\\/\\\/www.lasikvisioninstitute.com\\\/es\\\/puedes-conducir-despues-del-lasik\\\/\",\"name\":\"\u00bfPuedes conducir despu\u00e9s del LASIK? - The LASIK Vision Institute\",\"isPartOf\":{\"@id\":\"https:\\\/\\\/www.lasikvisioninstitute.com\\\/es\\\/#website\"},\"primaryImageOfPage\":{\"@id\":\"https:\\\/\\\/www.lasikvisioninstitute.com\\\/es\\\/puedes-conducir-despues-del-lasik\\\/#primaryimage\"},\"image\":{\"@id\":\"https:\\\/\\\/www.lasikvisioninstitute.com\\\/es\\\/puedes-conducir-despues-del-lasik\\\/#primaryimage\"},\"thumbnailUrl\":\"https:\\\/\\\/www.lasikvisioninstitute.com\\\/wp-content\\\/uploads\\\/2024\\\/07\\\/AdobeStock_446689853-1400x933.jpeg\",\"datePublished\":\"2024-07-30T19:33:37+00:00\",\"dateModified\":\"2024-07-30T19:33:50+00:00\",\"description\":\"\u00bfTienes curiosidad por volver al volante despu\u00e9s de la cirug\u00eda ocular LASIK? Descubre el tiempo de recuperaci\u00f3n y los consejos de conducci\u00f3n para un postoperatorio sin complicaciones.\",\"breadcrumb\":{\"@id\":\"https:\\\/\\\/www.lasikvisioninstitute.com\\\/es\\\/puedes-conducir-despues-del-lasik\\\/#breadcrumb\"},\"inLanguage\":\"es-ES\",\"potentialAction\":[{\"@type\":\"ReadAction\",\"target\":[\"https:\\\/\\\/www.lasikvisioninstitute.com\\\/es\\\/puedes-conducir-despues-del-lasik\\\/\"]}]},{\"@type\":\"ImageObject\",\"inLanguage\":\"es-ES\",\"@id\":\"https:\\\/\\\/www.lasikvisioninstitute.com\\\/es\\\/puedes-conducir-despues-del-lasik\\\/#primaryimage\",\"url\":\"https:\\\/\\\/www.lasikvisioninstitute.com\\\/wp-content\\\/uploads\\\/2024\\\/07\\\/AdobeStock_446689853-1400x933.jpeg\",\"contentUrl\":\"https:\\\/\\\/www.lasikvisioninstitute.com\\\/wp-content\\\/uploads\\\/2024\\\/07\\\/AdobeStock_446689853-1400x933.jpeg\"},{\"@type\":\"BreadcrumbList\",\"@id\":\"https:\\\/\\\/www.lasikvisioninstitute.com\\\/es\\\/puedes-conducir-despues-del-lasik\\\/#breadcrumb\",\"itemListElement\":[{\"@type\":\"ListItem\",\"position\":1,\"name\":\"Portada\",\"item\":\"https:\\\/\\\/www.lasikvisioninstitute.com\\\/es\\\/\"},{\"@type\":\"ListItem\",\"position\":2,\"name\":\"\u00bfPuedes conducir despu\u00e9s del LASIK?\"}]},{\"@type\":\"WebSite\",\"@id\":\"https:\\\/\\\/www.lasikvisioninstitute.com\\\/es\\\/#website\",\"url\":\"https:\\\/\\\/www.lasikvisioninstitute.com\\\/es\\\/\",\"name\":\"The LASIK Vision Institute\",\"description\":\"1.4 Million LASIK Eye Surgeries and Counting\",\"publisher\":{\"@id\":\"https:\\\/\\\/www.lasikvisioninstitute.com\\\/es\\\/#organization\"},\"potentialAction\":[{\"@type\":\"SearchAction\",\"target\":{\"@type\":\"EntryPoint\",\"urlTemplate\":\"https:\\\/\\\/www.lasikvisioninstitute.com\\\/es\\\/?s={search_term_string}\"},\"query-input\":{\"@type\":\"PropertyValueSpecification\",\"valueRequired\":true,\"valueName\":\"search_term_string\"}}],\"inLanguage\":\"es-ES\"},{\"@type\":\"Organization\",\"@id\":\"https:\\\/\\\/www.lasikvisioninstitute.com\\\/es\\\/#organization\",\"name\":\"The LASIK Vision Institute\",\"url\":\"https:\\\/\\\/www.lasikvisioninstitute.com\\\/es\\\/\",\"logo\":{\"@type\":\"ImageObject\",\"inLanguage\":\"es-ES\",\"@id\":\"https:\\\/\\\/www.lasikvisioninstitute.com\\\/es\\\/#\\\/schema\\\/logo\\\/image\\\/\",\"url\":\"https:\\\/\\\/www.lasikvisioninstitute.com\\\/wp-content\\\/uploads\\\/2019\\\/10\\\/The-LASIK-Vision-Institute-Logo.png\",\"contentUrl\":\"https:\\\/\\\/www.lasikvisioninstitute.com\\\/wp-content\\\/uploads\\\/2019\\\/10\\\/The-LASIK-Vision-Institute-Logo.png\",\"width\":1000,\"height\":289,\"caption\":\"The LASIK Vision Institute\"},\"image\":{\"@id\":\"https:\\\/\\\/www.lasikvisioninstitute.com\\\/es\\\/#\\\/schema\\\/logo\\\/image\\\/\"}}]}<\/script>\n<!-- \/ Yoast SEO plugin. -->","yoast_head_json":{"title":"\u00bfPuedes conducir despu\u00e9s del LASIK? - The LASIK Vision Institute","description":"\u00bfTienes curiosidad por volver al volante despu\u00e9s de la cirug\u00eda ocular LASIK? Descubre el tiempo de recuperaci\u00f3n y los consejos de conducci\u00f3n para un postoperatorio sin complicaciones.","robots":{"index":"index","follow":"follow","max-snippet":"max-snippet:-1","max-image-preview":"max-image-preview:large","max-video-preview":"max-video-preview:-1"},"canonical":"https:\/\/www.lasikvisioninstitute.com\/es\/puedes-conducir-despues-del-lasik\/","og_locale":"es_ES","og_type":"article","og_title":"\u00bfPuedes conducir despu\u00e9s del LASIK? - The LASIK Vision Institute","og_description":"\u00bfTienes curiosidad por volver al volante despu\u00e9s de la cirug\u00eda ocular LASIK? Descubre el tiempo de recuperaci\u00f3n y los consejos de conducci\u00f3n para un postoperatorio sin complicaciones.","og_url":"https:\/\/www.lasikvisioninstitute.com\/es\/puedes-conducir-despues-del-lasik\/","og_site_name":"The LASIK Vision Institute","article_modified_time":"2024-07-30T19:33:50+00:00","og_image":[{"url":"https:\/\/www.lasikvisioninstitute.com\/wp-content\/uploads\/2024\/07\/AdobeStock_446689853-1400x933.jpeg","type":"","width":"","height":""}],"twitter_card":"summary_large_image","schema":{"@context":"https:\/\/schema.org","@graph":[{"@type":"WebPage","@id":"https:\/\/www.lasikvisioninstitute.com\/es\/puedes-conducir-despues-del-lasik\/","url":"https:\/\/www.lasikvisioninstitute.com\/es\/puedes-conducir-despues-del-lasik\/","name":"\u00bfPuedes conducir despu\u00e9s del LASIK? - The LASIK Vision Institute","isPartOf":{"@id":"https:\/\/www.lasikvisioninstitute.com\/es\/#website"},"primaryImageOfPage":{"@id":"https:\/\/www.lasikvisioninstitute.com\/es\/puedes-conducir-despues-del-lasik\/#primaryimage"},"image":{"@id":"https:\/\/www.lasikvisioninstitute.com\/es\/puedes-conducir-despues-del-lasik\/#primaryimage"},"thumbnailUrl":"https:\/\/www.lasikvisioninstitute.com\/wp-content\/uploads\/2024\/07\/AdobeStock_446689853-1400x933.jpeg","datePublished":"2024-07-30T19:33:37+00:00","dateModified":"2024-07-30T19:33:50+00:00","description":"\u00bfTienes curiosidad por volver al volante despu\u00e9s de la cirug\u00eda ocular LASIK? Descubre el tiempo de recuperaci\u00f3n y los consejos de conducci\u00f3n para un postoperatorio sin complicaciones.","breadcrumb":{"@id":"https:\/\/www.lasikvisioninstitute.com\/es\/puedes-conducir-despues-del-lasik\/#breadcrumb"},"inLanguage":"es-ES","potentialAction":[{"@type":"ReadAction","target":["https:\/\/www.lasikvisioninstitute.com\/es\/puedes-conducir-despues-del-lasik\/"]}]},{"@type":"ImageObject","inLanguage":"es-ES","@id":"https:\/\/www.lasikvisioninstitute.com\/es\/puedes-conducir-despues-del-lasik\/#primaryimage","url":"https:\/\/www.lasikvisioninstitute.com\/wp-content\/uploads\/2024\/07\/AdobeStock_446689853-1400x933.jpeg","contentUrl":"https:\/\/www.lasikvisioninstitute.com\/wp-content\/uploads\/2024\/07\/AdobeStock_446689853-1400x933.jpeg"},{"@type":"BreadcrumbList","@id":"https:\/\/www.lasikvisioninstitute.com\/es\/puedes-conducir-despues-del-lasik\/#breadcrumb","itemListElement":[{"@type":"ListItem","position":1,"name":"Portada","item":"https:\/\/www.lasikvisioninstitute.com\/es\/"},{"@type":"ListItem","position":2,"name":"\u00bfPuedes conducir despu\u00e9s del LASIK?"}]},{"@type":"WebSite","@id":"https:\/\/www.lasikvisioninstitute.com\/es\/#website","url":"https:\/\/www.lasikvisioninstitute.com\/es\/","name":"The LASIK Vision Institute","description":"1.4 Million LASIK Eye Surgeries and Counting","publisher":{"@id":"https:\/\/www.lasikvisioninstitute.com\/es\/#organization"},"potentialAction":[{"@type":"SearchAction","target":{"@type":"EntryPoint","urlTemplate":"https:\/\/www.lasikvisioninstitute.com\/es\/?s={search_term_string}"},"query-input":{"@type":"PropertyValueSpecification","valueRequired":true,"valueName":"search_term_string"}}],"inLanguage":"es-ES"},{"@type":"Organization","@id":"https:\/\/www.lasikvisioninstitute.com\/es\/#organization","name":"The LASIK Vision Institute","url":"https:\/\/www.lasikvisioninstitute.com\/es\/","logo":{"@type":"ImageObject","inLanguage":"es-ES","@id":"https:\/\/www.lasikvisioninstitute.com\/es\/#\/schema\/logo\/image\/","url":"https:\/\/www.lasikvisioninstitute.com\/wp-content\/uploads\/2019\/10\/The-LASIK-Vision-Institute-Logo.png","contentUrl":"https:\/\/www.lasikvisioninstitute.com\/wp-content\/uploads\/2019\/10\/The-LASIK-Vision-Institute-Logo.png","width":1000,"height":289,"caption":"The LASIK Vision Institute"},"image":{"@id":"https:\/\/www.lasikvisioninstitute.com\/es\/#\/schema\/logo\/image\/"}}]}},"_links":{"self":[{"href":"https:\/\/www.lasikvisioninstitute.com\/es\/wp-json\/wp\/v2\/pages\/169277","targetHints":{"allow":["GET"]}}],"collection":[{"href":"https:\/\/www.lasikvisioninstitute.com\/es\/wp-json\/wp\/v2\/pages"}],"about":[{"href":"https:\/\/www.lasikvisioninstitute.com\/es\/wp-json\/wp\/v2\/types\/page"}],"author":[{"embeddable":true,"href":"https:\/\/www.lasikvisioninstitute.com\/es\/wp-json\/wp\/v2\/users\/33"}],"replies":[{"embeddable":true,"href":"https:\/\/www.lasikvisioninstitute.com\/es\/wp-json\/wp\/v2\/comments?post=169277"}],"version-history":[{"count":0,"href":"https:\/\/www.lasikvisioninstitute.com\/es\/wp-json\/wp\/v2\/pages\/169277\/revisions"}],"wp:attachment":[{"href":"https:\/\/www.lasikvisioninstitute.com\/es\/wp-json\/wp\/v2\/media?parent=169277"}],"curies":[{"name":"wp","href":"https:\/\/api.w.org\/{rel}","templated":true}]}}