{"id":168465,"date":"2024-06-20T13:22:51","date_gmt":"2024-06-20T18:22:51","guid":{"rendered":"https:\/\/www.lasikvisioninstitute.com\/ventajas-de-la-igualacion-de-precios-en-lasik\/"},"modified":"2026-01-27T15:16:19","modified_gmt":"2026-01-27T20:16:19","slug":"ventajas-de-la-igualacion-de-precios-en-lasik","status":"publish","type":"page","link":"https:\/\/www.lasikvisioninstitute.com\/es\/ventajas-de-la-igualacion-de-precios-en-lasik\/","title":{"rendered":"Ventajas de la igualaci\u00f3n de precios en LASIK"},"content":{"rendered":"\n<h2 class=\"wp-block-heading\">Tu viaje hacia una correcci\u00f3n visual asequible en el Instituto de la Visi\u00f3n LASIK  <\/h2>\n\n<p>Cuando se trata de someterse a una operaci\u00f3n LASIK, es crucial encontrar el proveedor adecuado y garantizar el valor correcto de tu inversi\u00f3n. Afortunadamente, gracias a la Promesa de Igualdad de Precios del Instituto LASIK Vision, puedes dejar a un lado la preocupaci\u00f3n de encontrar un buen precio sin comprometer la calidad del servicio y la atenci\u00f3n. Consulta las restricciones aplicables a continuaci\u00f3n.  <\/p>\n\n<figure class=\"wp-block-table is-style-stripes\"><table class=\"has-polar-white-color has-teal-background-color has-text-color has-background has-link-color has-fixed-layout\"><thead><tr><th>Ventajas para TI de la Promesa de Igualdad de Precios<\/th><th>\u00bfC\u00f3mo funciona la promesa de igualar el precio?  <\/th><\/tr><\/thead><tbody><tr><td>Ahorro de costes: La Promesa de Igualaci\u00f3n de Precios te permite ahorrar en servicios similares (es decir, LASIK con la misma tecnolog\u00eda l\u00e1ser) sin comprometer la calidad de tu tratamiento LASIK.  <\/td><td>Trae tu presupuesto para LASIK o PRK de cualquier otro proveedor  <\/td><\/tr><tr><td>Garant\u00eda de calidad: Optar por un proveedor que ofrece igualaci\u00f3n de precios en LASIK te garantiza recibir la calidad de la correcci\u00f3n visual LASIK, la experiencia del cirujano y la red de atenci\u00f3n, ya que contamos con centros en todo el pa\u00eds que permiten tu atenci\u00f3n est\u00e9s donde est\u00e9s  <\/td><td>Comprobaremos que el presupuesto corresponde a la misma tecnolog\u00eda l\u00e1ser<\/td><\/tr><tr><td>Precios transparentes: La equiparaci\u00f3n de precios anima a los proveedores de LASIK a adoptar modelos de precios transparentes y evitar las comisiones ocultas. Esto te permite tomar una decisi\u00f3n informada y sentirte c\u00f3modo con el equipo m\u00e9dico que elijas.  <\/td><td>Si tu presupuesto es inferior, ajustaremos tu precio para cumplirlo  <\/td><\/tr><\/tbody><\/table><\/figure>\n\n<p>Nuestro objetivo es eliminar la preocupaci\u00f3n por el <a href=\"https:\/\/www.lasikvisioninstitute.com\/es\/puedes-permitirte-la-cirugia-ocular-lasik\/cuanto-cuesta-la-cirugia-ocular-lasik\/\" target=\"_blank\" rel=\"noreferrer noopener\">coste del LASIK<\/a> y permitirte centrar tu investigaci\u00f3n y consideraciones en lo que importa, que es encontrar un cirujano experimentado y un equipo m\u00e9dico dedicado a proporcionarte una gran experiencia LASIK. <\/p>\n\n<div class=\"wp-block-buttons is-content-justification-center is-layout-flex wp-container-core-buttons-is-layout-a89b3969 wp-block-buttons-is-layout-flex\">\n<div class=\"wp-block-button\"><a class=\"wp-block-button__link wp-element-button\" href=\"https:\/\/www.lasikvisioninstitute.com\/es\/ischedule-es\/\">Schedule A Free Consultation<\/a><\/div>\n<\/div>\n\n<div style=\"height:100px\" aria-hidden=\"true\" class=\"wp-block-spacer\"><\/div>\n\n<p class=\"has-small-font-size\">Promesa de igualar el precio Restricciones aplicables:  <\/p>\n\n<p class=\"has-small-font-size\">Nuestra pol\u00edtica de igualaci\u00f3n de precios descrita anteriormente est\u00e1 sujeta a cambios sin previo aviso a discreci\u00f3n exclusiva de The LASIK Vision Institute<strong>\n  <em>.<\/em>\n<\/strong> Para poder optar a la igualaci\u00f3n de precios, los pacientes deben presentar un presupuesto con fecha de menos de 30 d\u00edas de un proveedor de cirug\u00eda ocular LASIK en un radio de 80 km que utilice la misma tecnolog\u00eda o una equivalente y un plan de cuidados posteriores. La igualaci\u00f3n de precios puede limitarse a paquetes o servicios espec\u00edficos ofrecidos por The LASIK Vision Institute y no se extiende a las ofertas de la competencia que sean condicionales o de alcance limitado.  <\/p>\n\n<p class=\"has-small-font-size\">Al elegir someterte a la cirug\u00eda ocular LASIK con<strong><em> <\/em><\/strong>The LASIK Vision Institute, los pacientes reconocen y aceptan que la decisi\u00f3n \u00faltima sobre los precios, la elegibilidad y cualquier ajuste de la pol\u00edtica de igualaci\u00f3n de precios corresponde exclusivamente a The LASIK Vision Institute. Los pacientes deben revisar detenidamente las condiciones de la pol\u00edtica de igualaci\u00f3n de precios y pedir aclaraciones si las necesitan.  <\/p>\n\n<p class=\"has-small-font-size\">En ning\u00fan caso el LASIK Vision Institute, sus afiliados o cualquiera de sus respectivos directores, directivos, empleados o agentes ser\u00e1n responsables de ning\u00fan da\u00f1o, incluidos, entre otros, los da\u00f1os directos, indirectos, incidentales, especiales o consecuentes que surjan de o en relaci\u00f3n con el uso de esta pol\u00edtica de igualaci\u00f3n de precios.  <\/p>\n\n<p class=\"has-small-font-size\">Al proceder a la cirug\u00eda ocular LASIK en The LASIK Vision Institute, los pacientes reconocen que han le\u00eddo, comprendido y aceptado los t\u00e9rminos y condiciones expuestos en este documento y eximen a The LASIK Vision Institute de cualquier responsabilidad derivada de la aplicaci\u00f3n o interpretaci\u00f3n de la pol\u00edtica de igualaci\u00f3n de precios.  <\/p>\n","protected":false},"excerpt":{"rendered":"<p>Tu viaje hacia una correcci\u00f3n visual asequible en el Instituto de la Visi\u00f3n LASIK Cuando se trata de someterse a una operaci\u00f3n LASIK, es crucial encontrar el proveedor adecuado y garantizar el valor correcto de tu inversi\u00f3n. Afortunadamente, gracias a la Promesa de Igualdad de Precios del Instituto LASIK Vision, puedes dejar a un lado [&hellip;]<\/p>\n","protected":false},"author":19,"featured_media":168459,"parent":0,"menu_order":0,"comment_status":"closed","ping_status":"closed","template":"","meta":{"_acf_changed":false,"footnotes":""},"class_list":["post-168465","page","type-page","status-publish","has-post-thumbnail"],"acf":[],"yoast_head":"<!-- This site is optimized with the Yoast SEO plugin v27.5 - https:\/\/yoast.com\/product\/yoast-seo-wordpress\/ -->\n<title>Ventajas de la igualaci\u00f3n de precios en LASIK - The LASIK Vision Institute<\/title>\n<meta name=\"description\" content=\"Descubre c\u00f3mo la igualaci\u00f3n de precios LASIK puede ayudarte a ahorrar en la cirug\u00eda de correcci\u00f3n visual. Compara precios eficazmente y encuentra la mejor oferta.\" \/>\n<meta name=\"robots\" content=\"index, follow, max-snippet:-1, max-image-preview:large, max-video-preview:-1\" \/>\n<link rel=\"canonical\" href=\"https:\/\/www.lasikvisioninstitute.com\/es\/ventajas-de-la-igualacion-de-precios-en-lasik\/\" \/>\n<meta property=\"og:locale\" content=\"es_ES\" \/>\n<meta property=\"og:type\" content=\"article\" \/>\n<meta property=\"og:title\" content=\"Ventajas de la igualaci\u00f3n de precios en LASIK - The LASIK Vision Institute\" \/>\n<meta property=\"og:description\" content=\"Descubre c\u00f3mo la igualaci\u00f3n de precios LASIK puede ayudarte a ahorrar en la cirug\u00eda de correcci\u00f3n visual. Compara precios eficazmente y encuentra la mejor oferta.\" \/>\n<meta property=\"og:url\" content=\"https:\/\/www.lasikvisioninstitute.com\/es\/ventajas-de-la-igualacion-de-precios-en-lasik\/\" \/>\n<meta property=\"og:site_name\" content=\"The LASIK Vision Institute\" \/>\n<meta property=\"article:modified_time\" content=\"2026-01-27T20:16:19+00:00\" \/>\n<meta property=\"og:image\" content=\"https:\/\/www.lasikvisioninstitute.com\/wp-content\/uploads\/2024\/06\/AdobeStock_611282653-scaled.jpeg\" \/>\n\t<meta property=\"og:image:width\" content=\"2560\" \/>\n\t<meta property=\"og:image:height\" content=\"1707\" \/>\n\t<meta property=\"og:image:type\" content=\"image\/jpeg\" \/>\n<meta name=\"twitter:card\" content=\"summary_large_image\" \/>\n<script type=\"application\/ld+json\" class=\"yoast-schema-graph\">{\"@context\":\"https:\\\/\\\/schema.org\",\"@graph\":[{\"@type\":\"WebPage\",\"@id\":\"https:\\\/\\\/www.lasikvisioninstitute.com\\\/es\\\/ventajas-de-la-igualacion-de-precios-en-lasik\\\/\",\"url\":\"https:\\\/\\\/www.lasikvisioninstitute.com\\\/es\\\/ventajas-de-la-igualacion-de-precios-en-lasik\\\/\",\"name\":\"Ventajas de la igualaci\u00f3n de precios en LASIK - The LASIK Vision Institute\",\"isPartOf\":{\"@id\":\"https:\\\/\\\/www.lasikvisioninstitute.com\\\/es\\\/#website\"},\"primaryImageOfPage\":{\"@id\":\"https:\\\/\\\/www.lasikvisioninstitute.com\\\/es\\\/ventajas-de-la-igualacion-de-precios-en-lasik\\\/#primaryimage\"},\"image\":{\"@id\":\"https:\\\/\\\/www.lasikvisioninstitute.com\\\/es\\\/ventajas-de-la-igualacion-de-precios-en-lasik\\\/#primaryimage\"},\"thumbnailUrl\":\"https:\\\/\\\/www.lasikvisioninstitute.com\\\/wp-content\\\/uploads\\\/2024\\\/06\\\/AdobeStock_611282653-scaled.jpeg\",\"datePublished\":\"2024-06-20T18:22:51+00:00\",\"dateModified\":\"2026-01-27T20:16:19+00:00\",\"description\":\"Descubre c\u00f3mo la igualaci\u00f3n de precios LASIK puede ayudarte a ahorrar en la cirug\u00eda de correcci\u00f3n visual. Compara precios eficazmente y encuentra la mejor oferta.\",\"breadcrumb\":{\"@id\":\"https:\\\/\\\/www.lasikvisioninstitute.com\\\/es\\\/ventajas-de-la-igualacion-de-precios-en-lasik\\\/#breadcrumb\"},\"inLanguage\":\"es-ES\",\"potentialAction\":[{\"@type\":\"ReadAction\",\"target\":[\"https:\\\/\\\/www.lasikvisioninstitute.com\\\/es\\\/ventajas-de-la-igualacion-de-precios-en-lasik\\\/\"]}]},{\"@type\":\"ImageObject\",\"inLanguage\":\"es-ES\",\"@id\":\"https:\\\/\\\/www.lasikvisioninstitute.com\\\/es\\\/ventajas-de-la-igualacion-de-precios-en-lasik\\\/#primaryimage\",\"url\":\"https:\\\/\\\/www.lasikvisioninstitute.com\\\/wp-content\\\/uploads\\\/2024\\\/06\\\/AdobeStock_611282653-scaled.jpeg\",\"contentUrl\":\"https:\\\/\\\/www.lasikvisioninstitute.com\\\/wp-content\\\/uploads\\\/2024\\\/06\\\/AdobeStock_611282653-scaled.jpeg\",\"width\":2560,\"height\":1707,\"caption\":\"Multiracial best friends having fun outside - Group of young people smiling at camera outdoors - Friendship concept with guys and girls hanging out on city street\"},{\"@type\":\"BreadcrumbList\",\"@id\":\"https:\\\/\\\/www.lasikvisioninstitute.com\\\/es\\\/ventajas-de-la-igualacion-de-precios-en-lasik\\\/#breadcrumb\",\"itemListElement\":[{\"@type\":\"ListItem\",\"position\":1,\"name\":\"Portada\",\"item\":\"https:\\\/\\\/www.lasikvisioninstitute.com\\\/es\\\/\"},{\"@type\":\"ListItem\",\"position\":2,\"name\":\"Ventajas de la igualaci\u00f3n de precios en LASIK\"}]},{\"@type\":\"WebSite\",\"@id\":\"https:\\\/\\\/www.lasikvisioninstitute.com\\\/es\\\/#website\",\"url\":\"https:\\\/\\\/www.lasikvisioninstitute.com\\\/es\\\/\",\"name\":\"The LASIK Vision Institute\",\"description\":\"1.4 Million LASIK Eye Surgeries and Counting\",\"publisher\":{\"@id\":\"https:\\\/\\\/www.lasikvisioninstitute.com\\\/es\\\/#organization\"},\"potentialAction\":[{\"@type\":\"SearchAction\",\"target\":{\"@type\":\"EntryPoint\",\"urlTemplate\":\"https:\\\/\\\/www.lasikvisioninstitute.com\\\/es\\\/?s={search_term_string}\"},\"query-input\":{\"@type\":\"PropertyValueSpecification\",\"valueRequired\":true,\"valueName\":\"search_term_string\"}}],\"inLanguage\":\"es-ES\"},{\"@type\":\"Organization\",\"@id\":\"https:\\\/\\\/www.lasikvisioninstitute.com\\\/es\\\/#organization\",\"name\":\"The LASIK Vision Institute\",\"url\":\"https:\\\/\\\/www.lasikvisioninstitute.com\\\/es\\\/\",\"logo\":{\"@type\":\"ImageObject\",\"inLanguage\":\"es-ES\",\"@id\":\"https:\\\/\\\/www.lasikvisioninstitute.com\\\/es\\\/#\\\/schema\\\/logo\\\/image\\\/\",\"url\":\"https:\\\/\\\/www.lasikvisioninstitute.com\\\/wp-content\\\/uploads\\\/2019\\\/10\\\/The-LASIK-Vision-Institute-Logo.png\",\"contentUrl\":\"https:\\\/\\\/www.lasikvisioninstitute.com\\\/wp-content\\\/uploads\\\/2019\\\/10\\\/The-LASIK-Vision-Institute-Logo.png\",\"width\":1000,\"height\":289,\"caption\":\"The LASIK Vision Institute\"},\"image\":{\"@id\":\"https:\\\/\\\/www.lasikvisioninstitute.com\\\/es\\\/#\\\/schema\\\/logo\\\/image\\\/\"}}]}<\/script>\n<!-- \/ Yoast SEO plugin. -->","yoast_head_json":{"title":"Ventajas de la igualaci\u00f3n de precios en LASIK - The LASIK Vision Institute","description":"Descubre c\u00f3mo la igualaci\u00f3n de precios LASIK puede ayudarte a ahorrar en la cirug\u00eda de correcci\u00f3n visual. Compara precios eficazmente y encuentra la mejor oferta.","robots":{"index":"index","follow":"follow","max-snippet":"max-snippet:-1","max-image-preview":"max-image-preview:large","max-video-preview":"max-video-preview:-1"},"canonical":"https:\/\/www.lasikvisioninstitute.com\/es\/ventajas-de-la-igualacion-de-precios-en-lasik\/","og_locale":"es_ES","og_type":"article","og_title":"Ventajas de la igualaci\u00f3n de precios en LASIK - The LASIK Vision Institute","og_description":"Descubre c\u00f3mo la igualaci\u00f3n de precios LASIK puede ayudarte a ahorrar en la cirug\u00eda de correcci\u00f3n visual. Compara precios eficazmente y encuentra la mejor oferta.","og_url":"https:\/\/www.lasikvisioninstitute.com\/es\/ventajas-de-la-igualacion-de-precios-en-lasik\/","og_site_name":"The LASIK Vision Institute","article_modified_time":"2026-01-27T20:16:19+00:00","og_image":[{"width":2560,"height":1707,"url":"https:\/\/www.lasikvisioninstitute.com\/wp-content\/uploads\/2024\/06\/AdobeStock_611282653-scaled.jpeg","type":"image\/jpeg"}],"twitter_card":"summary_large_image","schema":{"@context":"https:\/\/schema.org","@graph":[{"@type":"WebPage","@id":"https:\/\/www.lasikvisioninstitute.com\/es\/ventajas-de-la-igualacion-de-precios-en-lasik\/","url":"https:\/\/www.lasikvisioninstitute.com\/es\/ventajas-de-la-igualacion-de-precios-en-lasik\/","name":"Ventajas de la igualaci\u00f3n de precios en LASIK - The LASIK Vision Institute","isPartOf":{"@id":"https:\/\/www.lasikvisioninstitute.com\/es\/#website"},"primaryImageOfPage":{"@id":"https:\/\/www.lasikvisioninstitute.com\/es\/ventajas-de-la-igualacion-de-precios-en-lasik\/#primaryimage"},"image":{"@id":"https:\/\/www.lasikvisioninstitute.com\/es\/ventajas-de-la-igualacion-de-precios-en-lasik\/#primaryimage"},"thumbnailUrl":"https:\/\/www.lasikvisioninstitute.com\/wp-content\/uploads\/2024\/06\/AdobeStock_611282653-scaled.jpeg","datePublished":"2024-06-20T18:22:51+00:00","dateModified":"2026-01-27T20:16:19+00:00","description":"Descubre c\u00f3mo la igualaci\u00f3n de precios LASIK puede ayudarte a ahorrar en la cirug\u00eda de correcci\u00f3n visual. Compara precios eficazmente y encuentra la mejor oferta.","breadcrumb":{"@id":"https:\/\/www.lasikvisioninstitute.com\/es\/ventajas-de-la-igualacion-de-precios-en-lasik\/#breadcrumb"},"inLanguage":"es-ES","potentialAction":[{"@type":"ReadAction","target":["https:\/\/www.lasikvisioninstitute.com\/es\/ventajas-de-la-igualacion-de-precios-en-lasik\/"]}]},{"@type":"ImageObject","inLanguage":"es-ES","@id":"https:\/\/www.lasikvisioninstitute.com\/es\/ventajas-de-la-igualacion-de-precios-en-lasik\/#primaryimage","url":"https:\/\/www.lasikvisioninstitute.com\/wp-content\/uploads\/2024\/06\/AdobeStock_611282653-scaled.jpeg","contentUrl":"https:\/\/www.lasikvisioninstitute.com\/wp-content\/uploads\/2024\/06\/AdobeStock_611282653-scaled.jpeg","width":2560,"height":1707,"caption":"Multiracial best friends having fun outside - Group of young people smiling at camera outdoors - Friendship concept with guys and girls hanging out on city street"},{"@type":"BreadcrumbList","@id":"https:\/\/www.lasikvisioninstitute.com\/es\/ventajas-de-la-igualacion-de-precios-en-lasik\/#breadcrumb","itemListElement":[{"@type":"ListItem","position":1,"name":"Portada","item":"https:\/\/www.lasikvisioninstitute.com\/es\/"},{"@type":"ListItem","position":2,"name":"Ventajas de la igualaci\u00f3n de precios en LASIK"}]},{"@type":"WebSite","@id":"https:\/\/www.lasikvisioninstitute.com\/es\/#website","url":"https:\/\/www.lasikvisioninstitute.com\/es\/","name":"The LASIK Vision Institute","description":"1.4 Million LASIK Eye Surgeries and Counting","publisher":{"@id":"https:\/\/www.lasikvisioninstitute.com\/es\/#organization"},"potentialAction":[{"@type":"SearchAction","target":{"@type":"EntryPoint","urlTemplate":"https:\/\/www.lasikvisioninstitute.com\/es\/?s={search_term_string}"},"query-input":{"@type":"PropertyValueSpecification","valueRequired":true,"valueName":"search_term_string"}}],"inLanguage":"es-ES"},{"@type":"Organization","@id":"https:\/\/www.lasikvisioninstitute.com\/es\/#organization","name":"The LASIK Vision Institute","url":"https:\/\/www.lasikvisioninstitute.com\/es\/","logo":{"@type":"ImageObject","inLanguage":"es-ES","@id":"https:\/\/www.lasikvisioninstitute.com\/es\/#\/schema\/logo\/image\/","url":"https:\/\/www.lasikvisioninstitute.com\/wp-content\/uploads\/2019\/10\/The-LASIK-Vision-Institute-Logo.png","contentUrl":"https:\/\/www.lasikvisioninstitute.com\/wp-content\/uploads\/2019\/10\/The-LASIK-Vision-Institute-Logo.png","width":1000,"height":289,"caption":"The LASIK Vision Institute"},"image":{"@id":"https:\/\/www.lasikvisioninstitute.com\/es\/#\/schema\/logo\/image\/"}}]}},"_links":{"self":[{"href":"https:\/\/www.lasikvisioninstitute.com\/es\/wp-json\/wp\/v2\/pages\/168465","targetHints":{"allow":["GET"]}}],"collection":[{"href":"https:\/\/www.lasikvisioninstitute.com\/es\/wp-json\/wp\/v2\/pages"}],"about":[{"href":"https:\/\/www.lasikvisioninstitute.com\/es\/wp-json\/wp\/v2\/types\/page"}],"author":[{"embeddable":true,"href":"https:\/\/www.lasikvisioninstitute.com\/es\/wp-json\/wp\/v2\/users\/19"}],"replies":[{"embeddable":true,"href":"https:\/\/www.lasikvisioninstitute.com\/es\/wp-json\/wp\/v2\/comments?post=168465"}],"version-history":[{"count":1,"href":"https:\/\/www.lasikvisioninstitute.com\/es\/wp-json\/wp\/v2\/pages\/168465\/revisions"}],"predecessor-version":[{"id":174452,"href":"https:\/\/www.lasikvisioninstitute.com\/es\/wp-json\/wp\/v2\/pages\/168465\/revisions\/174452"}],"wp:featuredmedia":[{"embeddable":true,"href":"https:\/\/www.lasikvisioninstitute.com\/es\/wp-json\/wp\/v2\/media\/168459"}],"wp:attachment":[{"href":"https:\/\/www.lasikvisioninstitute.com\/es\/wp-json\/wp\/v2\/media?parent=168465"}],"curies":[{"name":"wp","href":"https:\/\/api.w.org\/{rel}","templated":true}]}}