{"id":167131,"date":"2015-02-25T22:06:14","date_gmt":"2015-02-26T03:06:14","guid":{"rendered":"https:\/\/www.lasikvisioninstitute.com\/empleo\/"},"modified":"2024-06-04T18:05:19","modified_gmt":"2024-06-04T23:05:19","slug":"empleo","status":"publish","type":"page","link":"https:\/\/www.lasikvisioninstitute.com\/es\/empleo\/","title":{"rendered":"Empleo"},"content":{"rendered":"\n<p>Imagina trabajar en una empresa l\u00edder en el mercado de la cirug\u00eda LASIK. Si\u00e9ntete bien trabajando para una empresa que mejora la calidad de vida de los dem\u00e1s.<\/p>\n\n<p>Un liderazgo visionario ha ayudado al Instituto de la Visi\u00f3n LASIK a emerger como l\u00edder del sector. Nuestro ambiente de trabajo se caracteriza por el orgullo y la dedicaci\u00f3n de ser miembro de nuestro equipo.<\/p>\n\n<p>C\u00e9ntrate en tu pr\u00f3ximo paso profesional y ven a trabajar a una empresa a la vanguardia de la tecnolog\u00eda m\u00e9dica. Nos dedicamos a ofrecer un rendimiento insuperable dentro de nuestro sector.<\/p>\n\n<hr class=\"wp-block-separator aligncenter has-alpha-channel-opacity has-text-color has-background has-teal-background-color has-teal-color\"\/>\n\n<h2 class=\"wp-block-heading has-text-align-center\">\u00bfTe interesa trabajar en el Instituto de la Visi\u00f3n LASIK?<\/h2>\n\n<div style=\"height:30px\" aria-hidden=\"true\" class=\"wp-block-spacer\"><\/div>\n\n<div class=\"wp-block-buttons is-horizontal is-content-justification-center is-layout-flex wp-container-core-buttons-is-layout-03627597 wp-block-buttons-is-layout-flex\">\n<div class=\"wp-block-button\"><a class=\"wp-block-button__link has-teal-background-color has-background wp-element-button\" href=\"https:\/\/careers.lasik.com\/open-positions\/\" target=\"_blank\" rel=\"noreferrer noopener\">Ver carreras y oportunidades de trabajo en LASIK<\/a><\/div>\n<\/div>\n","protected":false},"excerpt":{"rendered":"<p>Imagina trabajar en una empresa l\u00edder en el mercado de la cirug\u00eda LASIK. Si\u00e9ntete bien trabajando para una empresa que mejora la calidad de vida de los dem\u00e1s. Un liderazgo visionario ha ayudado al Instituto de la Visi\u00f3n LASIK a emerger como l\u00edder del sector. Nuestro ambiente de trabajo se caracteriza por el orgullo y [&hellip;]<\/p>\n","protected":false},"author":33,"featured_media":0,"parent":0,"menu_order":0,"comment_status":"closed","ping_status":"closed","template":"","meta":{"_acf_changed":false,"footnotes":""},"class_list":["post-167131","page","type-page","status-publish"],"acf":[],"yoast_head":"<!-- This site is optimized with the Yoast SEO plugin v27.5 - https:\/\/yoast.com\/product\/yoast-seo-wordpress\/ -->\n<title>Carreras profesionales en el Instituto de la Visi\u00f3n LASIK<\/title>\n<meta name=\"description\" content=\"\u00bfTe interesa trabajar en el Instituto de la Visi\u00f3n LASIK? \u00bfTe imaginas trabajando para una empresa l\u00edder en el sector de la cirug\u00eda ocular con l\u00e1ser LASIK? \u00a1Inscr\u00edbete ya!\" \/>\n<meta name=\"robots\" content=\"index, follow, max-snippet:-1, max-image-preview:large, max-video-preview:-1\" \/>\n<link rel=\"canonical\" href=\"https:\/\/www.lasikvisioninstitute.com\/es\/empleo\/\" \/>\n<meta property=\"og:locale\" content=\"es_ES\" \/>\n<meta property=\"og:type\" content=\"article\" \/>\n<meta property=\"og:title\" content=\"Carreras profesionales en el Instituto de la Visi\u00f3n LASIK\" \/>\n<meta property=\"og:description\" content=\"\u00bfTe interesa trabajar en el Instituto de la Visi\u00f3n LASIK? \u00bfTe imaginas trabajando para una empresa l\u00edder en el sector de la cirug\u00eda ocular con l\u00e1ser LASIK? \u00a1Inscr\u00edbete ya!\" \/>\n<meta property=\"og:url\" content=\"https:\/\/www.lasikvisioninstitute.com\/es\/empleo\/\" \/>\n<meta property=\"og:site_name\" content=\"The LASIK Vision Institute\" \/>\n<meta property=\"article:modified_time\" content=\"2024-06-04T23:05:19+00:00\" \/>\n<meta name=\"twitter:card\" content=\"summary_large_image\" \/>\n<script type=\"application\/ld+json\" class=\"yoast-schema-graph\">{\"@context\":\"https:\\\/\\\/schema.org\",\"@graph\":[{\"@type\":\"WebPage\",\"@id\":\"https:\\\/\\\/www.lasikvisioninstitute.com\\\/es\\\/empleo\\\/\",\"url\":\"https:\\\/\\\/www.lasikvisioninstitute.com\\\/es\\\/empleo\\\/\",\"name\":\"Carreras profesionales en el Instituto de la Visi\u00f3n LASIK\",\"isPartOf\":{\"@id\":\"https:\\\/\\\/www.lasikvisioninstitute.com\\\/es\\\/#website\"},\"datePublished\":\"2015-02-26T03:06:14+00:00\",\"dateModified\":\"2024-06-04T23:05:19+00:00\",\"description\":\"\u00bfTe interesa trabajar en el Instituto de la Visi\u00f3n LASIK? \u00bfTe imaginas trabajando para una empresa l\u00edder en el sector de la cirug\u00eda ocular con l\u00e1ser LASIK? \u00a1Inscr\u00edbete ya!\",\"breadcrumb\":{\"@id\":\"https:\\\/\\\/www.lasikvisioninstitute.com\\\/es\\\/empleo\\\/#breadcrumb\"},\"inLanguage\":\"es-ES\",\"potentialAction\":[{\"@type\":\"ReadAction\",\"target\":[\"https:\\\/\\\/www.lasikvisioninstitute.com\\\/es\\\/empleo\\\/\"]}]},{\"@type\":\"BreadcrumbList\",\"@id\":\"https:\\\/\\\/www.lasikvisioninstitute.com\\\/es\\\/empleo\\\/#breadcrumb\",\"itemListElement\":[{\"@type\":\"ListItem\",\"position\":1,\"name\":\"Portada\",\"item\":\"https:\\\/\\\/www.lasikvisioninstitute.com\\\/es\\\/\"},{\"@type\":\"ListItem\",\"position\":2,\"name\":\"Empleo\"}]},{\"@type\":\"WebSite\",\"@id\":\"https:\\\/\\\/www.lasikvisioninstitute.com\\\/es\\\/#website\",\"url\":\"https:\\\/\\\/www.lasikvisioninstitute.com\\\/es\\\/\",\"name\":\"The LASIK Vision Institute\",\"description\":\"1.4 Million LASIK Eye Surgeries and Counting\",\"publisher\":{\"@id\":\"https:\\\/\\\/www.lasikvisioninstitute.com\\\/es\\\/#organization\"},\"potentialAction\":[{\"@type\":\"SearchAction\",\"target\":{\"@type\":\"EntryPoint\",\"urlTemplate\":\"https:\\\/\\\/www.lasikvisioninstitute.com\\\/es\\\/?s={search_term_string}\"},\"query-input\":{\"@type\":\"PropertyValueSpecification\",\"valueRequired\":true,\"valueName\":\"search_term_string\"}}],\"inLanguage\":\"es-ES\"},{\"@type\":\"Organization\",\"@id\":\"https:\\\/\\\/www.lasikvisioninstitute.com\\\/es\\\/#organization\",\"name\":\"The LASIK Vision Institute\",\"url\":\"https:\\\/\\\/www.lasikvisioninstitute.com\\\/es\\\/\",\"logo\":{\"@type\":\"ImageObject\",\"inLanguage\":\"es-ES\",\"@id\":\"https:\\\/\\\/www.lasikvisioninstitute.com\\\/es\\\/#\\\/schema\\\/logo\\\/image\\\/\",\"url\":\"https:\\\/\\\/www.lasikvisioninstitute.com\\\/wp-content\\\/uploads\\\/2019\\\/10\\\/The-LASIK-Vision-Institute-Logo.png\",\"contentUrl\":\"https:\\\/\\\/www.lasikvisioninstitute.com\\\/wp-content\\\/uploads\\\/2019\\\/10\\\/The-LASIK-Vision-Institute-Logo.png\",\"width\":1000,\"height\":289,\"caption\":\"The LASIK Vision Institute\"},\"image\":{\"@id\":\"https:\\\/\\\/www.lasikvisioninstitute.com\\\/es\\\/#\\\/schema\\\/logo\\\/image\\\/\"}}]}<\/script>\n<!-- \/ Yoast SEO plugin. -->","yoast_head_json":{"title":"Carreras profesionales en el Instituto de la Visi\u00f3n LASIK","description":"\u00bfTe interesa trabajar en el Instituto de la Visi\u00f3n LASIK? \u00bfTe imaginas trabajando para una empresa l\u00edder en el sector de la cirug\u00eda ocular con l\u00e1ser LASIK? \u00a1Inscr\u00edbete ya!","robots":{"index":"index","follow":"follow","max-snippet":"max-snippet:-1","max-image-preview":"max-image-preview:large","max-video-preview":"max-video-preview:-1"},"canonical":"https:\/\/www.lasikvisioninstitute.com\/es\/empleo\/","og_locale":"es_ES","og_type":"article","og_title":"Carreras profesionales en el Instituto de la Visi\u00f3n LASIK","og_description":"\u00bfTe interesa trabajar en el Instituto de la Visi\u00f3n LASIK? \u00bfTe imaginas trabajando para una empresa l\u00edder en el sector de la cirug\u00eda ocular con l\u00e1ser LASIK? \u00a1Inscr\u00edbete ya!","og_url":"https:\/\/www.lasikvisioninstitute.com\/es\/empleo\/","og_site_name":"The LASIK Vision Institute","article_modified_time":"2024-06-04T23:05:19+00:00","twitter_card":"summary_large_image","schema":{"@context":"https:\/\/schema.org","@graph":[{"@type":"WebPage","@id":"https:\/\/www.lasikvisioninstitute.com\/es\/empleo\/","url":"https:\/\/www.lasikvisioninstitute.com\/es\/empleo\/","name":"Carreras profesionales en el Instituto de la Visi\u00f3n LASIK","isPartOf":{"@id":"https:\/\/www.lasikvisioninstitute.com\/es\/#website"},"datePublished":"2015-02-26T03:06:14+00:00","dateModified":"2024-06-04T23:05:19+00:00","description":"\u00bfTe interesa trabajar en el Instituto de la Visi\u00f3n LASIK? \u00bfTe imaginas trabajando para una empresa l\u00edder en el sector de la cirug\u00eda ocular con l\u00e1ser LASIK? \u00a1Inscr\u00edbete ya!","breadcrumb":{"@id":"https:\/\/www.lasikvisioninstitute.com\/es\/empleo\/#breadcrumb"},"inLanguage":"es-ES","potentialAction":[{"@type":"ReadAction","target":["https:\/\/www.lasikvisioninstitute.com\/es\/empleo\/"]}]},{"@type":"BreadcrumbList","@id":"https:\/\/www.lasikvisioninstitute.com\/es\/empleo\/#breadcrumb","itemListElement":[{"@type":"ListItem","position":1,"name":"Portada","item":"https:\/\/www.lasikvisioninstitute.com\/es\/"},{"@type":"ListItem","position":2,"name":"Empleo"}]},{"@type":"WebSite","@id":"https:\/\/www.lasikvisioninstitute.com\/es\/#website","url":"https:\/\/www.lasikvisioninstitute.com\/es\/","name":"The LASIK Vision Institute","description":"1.4 Million LASIK Eye Surgeries and Counting","publisher":{"@id":"https:\/\/www.lasikvisioninstitute.com\/es\/#organization"},"potentialAction":[{"@type":"SearchAction","target":{"@type":"EntryPoint","urlTemplate":"https:\/\/www.lasikvisioninstitute.com\/es\/?s={search_term_string}"},"query-input":{"@type":"PropertyValueSpecification","valueRequired":true,"valueName":"search_term_string"}}],"inLanguage":"es-ES"},{"@type":"Organization","@id":"https:\/\/www.lasikvisioninstitute.com\/es\/#organization","name":"The LASIK Vision Institute","url":"https:\/\/www.lasikvisioninstitute.com\/es\/","logo":{"@type":"ImageObject","inLanguage":"es-ES","@id":"https:\/\/www.lasikvisioninstitute.com\/es\/#\/schema\/logo\/image\/","url":"https:\/\/www.lasikvisioninstitute.com\/wp-content\/uploads\/2019\/10\/The-LASIK-Vision-Institute-Logo.png","contentUrl":"https:\/\/www.lasikvisioninstitute.com\/wp-content\/uploads\/2019\/10\/The-LASIK-Vision-Institute-Logo.png","width":1000,"height":289,"caption":"The LASIK Vision Institute"},"image":{"@id":"https:\/\/www.lasikvisioninstitute.com\/es\/#\/schema\/logo\/image\/"}}]}},"_links":{"self":[{"href":"https:\/\/www.lasikvisioninstitute.com\/es\/wp-json\/wp\/v2\/pages\/167131","targetHints":{"allow":["GET"]}}],"collection":[{"href":"https:\/\/www.lasikvisioninstitute.com\/es\/wp-json\/wp\/v2\/pages"}],"about":[{"href":"https:\/\/www.lasikvisioninstitute.com\/es\/wp-json\/wp\/v2\/types\/page"}],"author":[{"embeddable":true,"href":"https:\/\/www.lasikvisioninstitute.com\/es\/wp-json\/wp\/v2\/users\/33"}],"replies":[{"embeddable":true,"href":"https:\/\/www.lasikvisioninstitute.com\/es\/wp-json\/wp\/v2\/comments?post=167131"}],"version-history":[{"count":0,"href":"https:\/\/www.lasikvisioninstitute.com\/es\/wp-json\/wp\/v2\/pages\/167131\/revisions"}],"wp:attachment":[{"href":"https:\/\/www.lasikvisioninstitute.com\/es\/wp-json\/wp\/v2\/media?parent=167131"}],"curies":[{"name":"wp","href":"https:\/\/api.w.org\/{rel}","templated":true}]}}