{"id":166002,"date":"2024-05-24T13:58:44","date_gmt":"2024-05-24T18:58:44","guid":{"rendered":"https:\/\/dev.lasikvisioninstitute.com\/?page_id=166002"},"modified":"2026-01-27T15:15:46","modified_gmt":"2026-01-27T20:15:46","slug":"apoyo-al-viaje","status":"publish","type":"page","link":"https:\/\/www.lasikvisioninstitute.com\/es\/apoyo-al-viaje\/","title":{"rendered":"Apoyo al viaje"},"content":{"rendered":"\n<div class=\"wp-block-media-text alignfull is-stacked-on-mobile is-image-fill-element has-polar-white-background-color has-background\"><figure class=\"wp-block-media-text__media\"><img decoding=\"async\" width=\"1400\" height=\"935\" src=\"https:\/\/www.lasikvisioninstitute.com\/wp-content\/uploads\/2024\/05\/2147932145-1400x935.jpg\" alt=\"Programa de apoyo al viaje del Instituto de la Visi\u00f3n LASIK\" class=\"wp-image-166007 size-full\" style=\"object-position:50% 50%\" srcset=\"https:\/\/www.lasikvisioninstitute.com\/wp-content\/uploads\/2024\/05\/2147932145-1400x935.jpg 1400w, https:\/\/www.lasikvisioninstitute.com\/wp-content\/uploads\/2024\/05\/2147932145-600x401.jpg 600w, https:\/\/www.lasikvisioninstitute.com\/wp-content\/uploads\/2024\/05\/2147932145-768x513.jpg 768w, https:\/\/www.lasikvisioninstitute.com\/wp-content\/uploads\/2024\/05\/2147932145-1536x1025.jpg 1536w, https:\/\/www.lasikvisioninstitute.com\/wp-content\/uploads\/2024\/05\/2147932145.jpg 2000w\" sizes=\"(max-width: 1400px) 100vw, 1400px\" \/><\/figure><div class=\"wp-block-media-text__content\">\n<div style=\"height:100px\" aria-hidden=\"true\" class=\"wp-block-spacer\"><\/div>\n\n\n\n<h1 class=\"wp-block-heading\"><strong>Viaja c\u00f3modamente con el Programa de Ayuda al Viajero del Instituto LASIK Vision<\/strong><\/h1>\n\n\n\n<div style=\"height:10px\" aria-hidden=\"true\" class=\"wp-block-spacer\"><\/div>\n\n\n\n<p class=\"has-normal-font-size\"><meta charset=\"utf-8\"\/><strong>\u00bfCansado de que las gafas y las lentillas te frenen?<\/strong> El Instituto de la Visi\u00f3n LASIK te ofrece una forma revolucionaria de conseguir mejorar tu visi\u00f3n, <strong>en un solo d\u00eda, \u00a1incluso si vives lejos!<\/strong><\/p>\n\n\n\n<div class=\"wp-block-buttons is-layout-flex wp-block-buttons-is-layout-flex\">\n<div class=\"wp-block-button\"><a class=\"wp-block-button__link wp-element-button\" href=\"https:\/\/www.lasikvisioninstitute.com\/es\/ischedule-es\/\">Programar una consulta GRATUITA<\/a><\/div>\n<\/div>\n\n\n\n<div style=\"height:100px\" aria-hidden=\"true\" class=\"wp-block-spacer\"><\/div>\n<\/div><\/div>\n\n<div style=\"height:75px\" aria-hidden=\"true\" class=\"wp-block-spacer\"><\/div>\n\n<div class=\"wp-block-group has-border-color has-teal-border-color has-global-padding is-layout-constrained wp-container-core-group-is-layout-24171933 wp-block-group-is-layout-constrained\" style=\"border-width:5px;border-radius:0px;padding-top:var(--wp--preset--spacing--30);padding-right:var(--wp--preset--spacing--50);padding-bottom:var(--wp--preset--spacing--30);padding-left:var(--wp--preset--spacing--50)\">\n<p class=\"has-text-align-center has-medium-font-size\"><strong>Imagine waking up after LASIK with sharper vision, without the worry of traveling home. Our convenient travel support program takes the stress out of long-distance LASIK procedures. <\/strong><\/p>\n\n\n\n<div style=\"height:25px\" aria-hidden=\"true\" class=\"wp-block-spacer\"><\/div>\n\n\n\n<h3 class=\"wp-block-heading\">Our travel support program is ideal for patients who:<\/h3>\n\n\n\n<div style=\"height:25px\" aria-hidden=\"true\" class=\"wp-block-spacer\"><\/div>\n\n\n\n<ul style=\"margin-top:0;margin-right:0;margin-bottom:0;margin-left:0\" class=\"wp-block-list is-style-checklist\">\n<li>Live <strong>more than 75 miles<\/strong> from one of our vision centers<\/li>\n\n\n\n<li>Prefer <strong>same-day evaluation and treatment<\/strong> for convenience<\/li>\n\n\n\n<li>Want <strong>expert-level LASIK care<\/strong> without local access to a trusted provider<\/li>\n<\/ul>\n\n\n\n<div style=\"height:25px\" aria-hidden=\"true\" class=\"wp-block-spacer\"><\/div>\n\n\n\n<p class=\"has-text-align-left\">Distance shouldn\u2019t limit your ability to see clearly\u2014and our team ensures it never will.<\/p>\n<\/div>\n\n<div style=\"height:75px\" aria-hidden=\"true\" class=\"wp-block-spacer\"><\/div>\n\n<h2 class=\"wp-block-heading\">As\u00ed es como funciona el Programa de Ayuda al Viajero del LASIK Vision Institute:<\/h2>\n\n<div class=\"wp-block-media-text alignwide is-stacked-on-mobile is-image-fill-element\"><figure class=\"wp-block-media-text__media\"><img decoding=\"async\" width=\"1400\" height=\"933\" src=\"https:\/\/www.lasikvisioninstitute.com\/wp-content\/uploads\/2024\/05\/2148899722-1400x933.jpg\" alt=\"Consulta virtual LASIK\" class=\"wp-image-166015 size-full\" style=\"object-position:50% 50%\" srcset=\"https:\/\/www.lasikvisioninstitute.com\/wp-content\/uploads\/2024\/05\/2148899722-1400x933.jpg 1400w, https:\/\/www.lasikvisioninstitute.com\/wp-content\/uploads\/2024\/05\/2148899722-600x400.jpg 600w, https:\/\/www.lasikvisioninstitute.com\/wp-content\/uploads\/2024\/05\/2148899722-768x512.jpg 768w, https:\/\/www.lasikvisioninstitute.com\/wp-content\/uploads\/2024\/05\/2148899722-1536x1024.jpg 1536w, https:\/\/www.lasikvisioninstitute.com\/wp-content\/uploads\/2024\/05\/2148899722.jpg 2000w\" sizes=\"(max-width: 1400px) 100vw, 1400px\" \/><\/figure><div class=\"wp-block-media-text__content\">\n<h6 class=\"wp-block-heading has-teal-color is-style-muted-heading has-text-color\">Consulta virtual gratuita<\/h6>\n\n\n\n<p>Empieza desde cualquier lugar con una <a href=\"https:\/\/www.lasikvisioninstitute.com\/es\/programa-una-consulta-virtual-de-10-15-minutos\/\" target=\"_blank\" rel=\"noreferrer noopener\">consulta virtual<\/a> r\u00e1pida de 10-15 minutos. Nuestro amable equipo responder\u00e1 a tus preguntas y programar\u00e1 tu examen en persona.<\/p>\n\n\n\n<div class=\"wp-block-buttons is-layout-flex wp-block-buttons-is-layout-flex\">\n<div class=\"wp-block-button\"><a class=\"wp-block-button__link wp-element-button\" href=\"https:\/\/www.lasikvisioninstitute.com\/es\/ischedule-es\/\">Schedule A Virtual Consultation<\/a><\/div>\n<\/div>\n<\/div><\/div>\n\n<div style=\"height:50px\" aria-hidden=\"true\" class=\"wp-block-spacer d-none d-lg-block\"><\/div>\n\n<div class=\"wp-block-media-text alignwide has-media-on-the-right is-stacked-on-mobile is-image-fill-element has-polar-white-background-color has-background\"><div class=\"wp-block-media-text__content\">\n<h6 class=\"wp-block-heading has-teal-color is-style-muted-heading has-text-color\">Examen presencial por la ma\u00f1ana<\/h6>\n\n\n\n<p>Visita nuestro centro LASIK para una evaluaci\u00f3n exhaustiva que determine tu candidatura. Rel\u00e1jate y disfruta del almuerzo despu\u00e9s.<br\/><\/p>\n\n\n\n<div class=\"wp-block-buttons is-layout-flex wp-block-buttons-is-layout-flex\">\n<div class=\"wp-block-button\"><a class=\"wp-block-button__link wp-element-button\" href=\"https:\/\/www.lasikvisioninstitute.com\/es\/localizaciones\/\">Find Your Nearest Location<\/a><\/div>\n<\/div>\n<\/div><figure class=\"wp-block-media-text__media\"><img decoding=\"async\" width=\"1400\" height=\"933\" src=\"https:\/\/www.lasikvisioninstitute.com\/wp-content\/uploads\/2024\/05\/25777-1400x933.jpg\" alt=\"Programa de viaje LASIK - llegar por la ma\u00f1ana para la cita en persona\" class=\"wp-image-166013 size-full\" style=\"object-position:50% 50%\" srcset=\"https:\/\/www.lasikvisioninstitute.com\/wp-content\/uploads\/2024\/05\/25777-1400x933.jpg 1400w, https:\/\/www.lasikvisioninstitute.com\/wp-content\/uploads\/2024\/05\/25777-600x400.jpg 600w, https:\/\/www.lasikvisioninstitute.com\/wp-content\/uploads\/2024\/05\/25777-768x512.jpg 768w, https:\/\/www.lasikvisioninstitute.com\/wp-content\/uploads\/2024\/05\/25777-1536x1024.jpg 1536w, https:\/\/www.lasikvisioninstitute.com\/wp-content\/uploads\/2024\/05\/25777.jpg 2000w\" sizes=\"(max-width: 1400px) 100vw, 1400px\" \/><\/figure><\/div>\n\n<div style=\"height:50px\" aria-hidden=\"true\" class=\"wp-block-spacer d-none d-lg-block\"><\/div>\n\n<div class=\"wp-block-media-text alignwide is-stacked-on-mobile is-image-fill-element\"><figure class=\"wp-block-media-text__media\"><img decoding=\"async\" width=\"500\" height=\"400\" src=\"https:\/\/www.lasikvisioninstitute.com\/wp-content\/uploads\/2024\/05\/Untitled-design-11.png\" alt=\"Cirug\u00eda ocular LASIK\" class=\"wp-image-164258 size-full\" style=\"object-position:50% 50%\"\/><\/figure><div class=\"wp-block-media-text__content\">\n<h6 class=\"wp-block-heading has-teal-color is-style-muted-heading has-text-color\">Personalized Same-Day LASIK Procedure<\/h6>\n\n\n\n<p>That same afternoon, our board-certified surgeons perform your custom <a href=\"https:\/\/www.lasikvisioninstitute.com\/es\/procedimientos-de-cirugia-lasik\/cirugia-moderna-de-los-ojos-con-lasik\/\" target=\"_blank\" rel=\"noreferrer noopener\">LASIK procedure<\/a> using advanced laser technology. The treatment typically takes less than 15 minutes for both eyes and delivers rapid visual improvement. You\u2019ll be guided through every step, ensuring complete comfort and confidence during your experience.<\/p>\n<\/div><\/div>\n\n<div style=\"height:50px\" aria-hidden=\"true\" class=\"wp-block-spacer\"><\/div>\n\n<div class=\"wp-block-media-text alignwide has-media-on-the-right is-stacked-on-mobile is-image-fill-element has-polar-white-background-color has-background\"><div class=\"wp-block-media-text__content\">\n<h6 class=\"wp-block-heading has-teal-color is-style-muted-heading has-text-color\" id=\"lasik-candidates-should-have-good-eye-health\">Transporte y estancia en hotel gratuitos<\/h6>\n\n\n\n<p>Te llevaremos gratis a un c\u00f3modo hotel asociado mediante Uber o Lyft, y cubriremos tu estancia de una noche*. Descansa tranquilo sabiendo que puedes recuperarte c\u00f3modamente tras la intervenci\u00f3n.<\/p>\n<\/div><figure class=\"wp-block-media-text__media\"><img decoding=\"async\" width=\"933\" height=\"1400\" src=\"https:\/\/www.lasikvisioninstitute.com\/wp-content\/uploads\/2024\/05\/2149661560-933x1400.jpg\" alt=\"Programa de apoyo al viaje LASIK registr\u00e1ndose en el hotel\" class=\"wp-image-166017 size-full\" style=\"object-position:50% 50%\" srcset=\"https:\/\/www.lasikvisioninstitute.com\/wp-content\/uploads\/2024\/05\/2149661560-933x1400.jpg 933w, https:\/\/www.lasikvisioninstitute.com\/wp-content\/uploads\/2024\/05\/2149661560-400x600.jpg 400w, https:\/\/www.lasikvisioninstitute.com\/wp-content\/uploads\/2024\/05\/2149661560-768x1152.jpg 768w, https:\/\/www.lasikvisioninstitute.com\/wp-content\/uploads\/2024\/05\/2149661560-1024x1536.jpg 1024w, https:\/\/www.lasikvisioninstitute.com\/wp-content\/uploads\/2024\/05\/2149661560.jpg 1333w\" sizes=\"(max-width: 933px) 100vw, 933px\" \/><\/figure><\/div>\n\n<div style=\"height:50px\" aria-hidden=\"true\" class=\"wp-block-spacer\"><\/div>\n\n<div class=\"wp-block-media-text alignwide is-stacked-on-mobile is-image-fill-element\" style=\"grid-template-columns:40% auto\"><figure class=\"wp-block-media-text__media\"><img decoding=\"async\" src=\"https:\/\/www.lasikvisioninstitute.com\/wp-content\/uploads\/2024\/05\/isaiah-mcclean-DrVJk1EaPSc-unsplash-scaled.jpg\" alt=\"Programa de viaje despu\u00e9s del tratamiento LASIK\" class=\"wp-image-166021 size-full\" style=\"object-position:58% 38%\"\/><\/figure><div class=\"wp-block-media-text__content\">\n<h6 class=\"wp-block-heading has-teal-color is-style-muted-heading has-text-color\" id=\"lasik-candidates-should-have-good-eye-health\">Cita postoperatoria<\/h6>\n\n\n\n<p>Return the next day for a follow-up appointment. Our medical team will assess your vision, ensure proper healing, and provide aftercare guidance for continued comfort and success. In most cases, patients are cleared to travel home immediately after their follow-up visit\u2014with the freedom to enjoy sharper vision for years to come.<\/p>\n<\/div><\/div>\n\n<div style=\"height:50px\" aria-hidden=\"true\" class=\"wp-block-spacer\"><\/div>\n\n<div class=\"wp-block-group alignfull has-polar-white-background-color has-background has-global-padding is-layout-constrained wp-block-group-is-layout-constrained\">\n<div style=\"height:47px;width:0px\" aria-hidden=\"true\" class=\"wp-block-spacer\"><\/div>\n\n\n\n<div class=\"wp-block-media-text alignwide has-media-on-the-right is-stacked-on-mobile is-image-fill-element\"><div class=\"wp-block-media-text__content\">\n<h2 class=\"wp-block-heading\"><strong>\u00a1No dejes que la distancia te impida alcanzar tu mejor visi\u00f3n!<\/strong><\/h2>\n\n\n\n<p>El Instituto de la Visi\u00f3n LASIK hace que <a href=\"http:\/\/lasik.com\" target=\"_blank\" rel=\"noreferrer noopener\">la cirug\u00eda LASIK<\/a> sea accesible, asequible y c\u00f3moda, aunque no vivas cerca de uno de nuestros muchos centros de visi\u00f3n.<\/p>\n\n\n\n<p><strong>\u00bfListo para deshacerte de las gafas y lentillas para siempre?<\/strong>  \u00a1Programa hoy tu consulta virtual gratuita y da el primer paso hacia una vida con una visi\u00f3n clara!<\/p>\n\n\n\n<div class=\"wp-block-buttons is-layout-flex wp-block-buttons-is-layout-flex\">\n<div class=\"wp-block-button\"><a class=\"wp-block-button__link wp-element-button\" href=\"https:\/\/www.lasikvisioninstitute.com\/es\/ischedule-es\/\">Empieza<\/a><\/div>\n<\/div>\n\n\n\n<div style=\"height:50px\" aria-hidden=\"true\" class=\"wp-block-spacer\"><\/div>\n<\/div><figure class=\"wp-block-media-text__media\"><img decoding=\"async\" width=\"1400\" height=\"935\" src=\"https:\/\/www.lasikvisioninstitute.com\/wp-content\/uploads\/2024\/05\/2148260182-1400x935.jpg\" alt=\"Programa de viaje LASIK: libertad de gafas y lentillas\" class=\"wp-image-166025 size-full\" style=\"object-position:50% 50%\" srcset=\"https:\/\/www.lasikvisioninstitute.com\/wp-content\/uploads\/2024\/05\/2148260182-1400x935.jpg 1400w, https:\/\/www.lasikvisioninstitute.com\/wp-content\/uploads\/2024\/05\/2148260182-600x401.jpg 600w, https:\/\/www.lasikvisioninstitute.com\/wp-content\/uploads\/2024\/05\/2148260182-768x513.jpg 768w, https:\/\/www.lasikvisioninstitute.com\/wp-content\/uploads\/2024\/05\/2148260182-1536x1025.jpg 1536w, https:\/\/www.lasikvisioninstitute.com\/wp-content\/uploads\/2024\/05\/2148260182.jpg 2000w\" sizes=\"(max-width: 1400px) 100vw, 1400px\" \/><\/figure><\/div>\n\n\n\n<div style=\"height:58px;width:0px\" aria-hidden=\"true\" class=\"wp-block-spacer\"><\/div>\n<\/div>\n\n<p class=\"has-small-font-size\">*Descontaremos 200 $ de tu tratamiento para cubrir una noche de estancia en un hotel asociado y un viaje de ida y vuelta en Uber o Lyft a nuestro centro.\nDebes vivir a m\u00e1s de 75 millas de nuestro centro de visi\u00f3n.\nDebes mencionar este descuento para beneficiarte de \u00e9l.  <\/p>\n\n<div style=\"height:100px\" aria-hidden=\"true\" class=\"wp-block-spacer\"><\/div>\n","protected":false},"excerpt":{"rendered":"<p>Imagine waking up after LASIK with sharper vision, without the worry of traveling home. Our convenient travel support program takes the stress out of long-distance LASIK procedures. Our travel support program is ideal for patients who: Distance shouldn\u2019t limit your ability to see clearly\u2014and our team ensures it never will. As\u00ed es como funciona el [&hellip;]<\/p>\n","protected":false},"author":33,"featured_media":0,"parent":0,"menu_order":0,"comment_status":"closed","ping_status":"closed","template":"","meta":{"_acf_changed":false,"footnotes":""},"class_list":["post-166002","page","type-page","status-publish"],"acf":[],"yoast_head":"<!-- This site is optimized with the Yoast SEO plugin v27.5 - https:\/\/yoast.com\/product\/yoast-seo-wordpress\/ -->\n<title>LASIK Travel Support - Hazte la LASIK en 1 d\u00eda<\/title>\n<meta name=\"description\" content=\"Consigue una visi\u00f3n mejorada en 1 d\u00eda y disfruta de un c\u00f3modo apoyo para viajar con estancia en hotel y transporte tras la cirug\u00eda.\" \/>\n<meta name=\"robots\" content=\"index, follow, max-snippet:-1, max-image-preview:large, max-video-preview:-1\" \/>\n<link rel=\"canonical\" href=\"https:\/\/www.lasikvisioninstitute.com\/es\/apoyo-al-viaje\/\" \/>\n<meta property=\"og:locale\" content=\"es_ES\" \/>\n<meta property=\"og:type\" content=\"article\" \/>\n<meta property=\"og:title\" content=\"LASIK Travel Support - Hazte la LASIK en 1 d\u00eda\" \/>\n<meta property=\"og:description\" content=\"Consigue una visi\u00f3n mejorada en 1 d\u00eda y disfruta de un c\u00f3modo apoyo para viajar con estancia en hotel y transporte tras la cirug\u00eda.\" \/>\n<meta property=\"og:url\" content=\"https:\/\/www.lasikvisioninstitute.com\/es\/apoyo-al-viaje\/\" \/>\n<meta property=\"og:site_name\" content=\"The LASIK Vision Institute\" \/>\n<meta property=\"article:modified_time\" content=\"2026-01-27T20:15:46+00:00\" \/>\n<meta property=\"og:image\" content=\"https:\/\/www.lasikvisioninstitute.com\/wp-content\/uploads\/2024\/05\/2147932145.jpg\" \/>\n\t<meta property=\"og:image:width\" content=\"2000\" \/>\n\t<meta property=\"og:image:height\" content=\"1335\" \/>\n\t<meta property=\"og:image:type\" content=\"image\/jpeg\" \/>\n<meta name=\"twitter:card\" content=\"summary_large_image\" \/>\n<script type=\"application\/ld+json\" class=\"yoast-schema-graph\">{\"@context\":\"https:\\\/\\\/schema.org\",\"@graph\":[{\"@type\":\"WebPage\",\"@id\":\"https:\\\/\\\/www.lasikvisioninstitute.com\\\/es\\\/apoyo-al-viaje\\\/\",\"url\":\"https:\\\/\\\/www.lasikvisioninstitute.com\\\/es\\\/apoyo-al-viaje\\\/\",\"name\":\"LASIK Travel Support - Hazte la LASIK en 1 d\u00eda\",\"isPartOf\":{\"@id\":\"https:\\\/\\\/www.lasikvisioninstitute.com\\\/es\\\/#website\"},\"primaryImageOfPage\":{\"@id\":\"https:\\\/\\\/www.lasikvisioninstitute.com\\\/es\\\/apoyo-al-viaje\\\/#primaryimage\"},\"image\":{\"@id\":\"https:\\\/\\\/www.lasikvisioninstitute.com\\\/es\\\/apoyo-al-viaje\\\/#primaryimage\"},\"thumbnailUrl\":\"https:\\\/\\\/www.lasikvisioninstitute.com\\\/wp-content\\\/uploads\\\/2024\\\/05\\\/2147932145-1400x935.jpg\",\"datePublished\":\"2024-05-24T18:58:44+00:00\",\"dateModified\":\"2026-01-27T20:15:46+00:00\",\"description\":\"Consigue una visi\u00f3n mejorada en 1 d\u00eda y disfruta de un c\u00f3modo apoyo para viajar con estancia en hotel y transporte tras la cirug\u00eda.\",\"breadcrumb\":{\"@id\":\"https:\\\/\\\/www.lasikvisioninstitute.com\\\/es\\\/apoyo-al-viaje\\\/#breadcrumb\"},\"inLanguage\":\"es-ES\",\"potentialAction\":[{\"@type\":\"ReadAction\",\"target\":[\"https:\\\/\\\/www.lasikvisioninstitute.com\\\/es\\\/apoyo-al-viaje\\\/\"]}]},{\"@type\":\"ImageObject\",\"inLanguage\":\"es-ES\",\"@id\":\"https:\\\/\\\/www.lasikvisioninstitute.com\\\/es\\\/apoyo-al-viaje\\\/#primaryimage\",\"url\":\"https:\\\/\\\/www.lasikvisioninstitute.com\\\/wp-content\\\/uploads\\\/2024\\\/05\\\/2147932145-1400x935.jpg\",\"contentUrl\":\"https:\\\/\\\/www.lasikvisioninstitute.com\\\/wp-content\\\/uploads\\\/2024\\\/05\\\/2147932145-1400x935.jpg\"},{\"@type\":\"BreadcrumbList\",\"@id\":\"https:\\\/\\\/www.lasikvisioninstitute.com\\\/es\\\/apoyo-al-viaje\\\/#breadcrumb\",\"itemListElement\":[{\"@type\":\"ListItem\",\"position\":1,\"name\":\"Portada\",\"item\":\"https:\\\/\\\/www.lasikvisioninstitute.com\\\/es\\\/\"},{\"@type\":\"ListItem\",\"position\":2,\"name\":\"Apoyo al viaje\"}]},{\"@type\":\"WebSite\",\"@id\":\"https:\\\/\\\/www.lasikvisioninstitute.com\\\/es\\\/#website\",\"url\":\"https:\\\/\\\/www.lasikvisioninstitute.com\\\/es\\\/\",\"name\":\"The LASIK Vision Institute\",\"description\":\"1.4 Million LASIK Eye Surgeries and Counting\",\"publisher\":{\"@id\":\"https:\\\/\\\/www.lasikvisioninstitute.com\\\/es\\\/#organization\"},\"potentialAction\":[{\"@type\":\"SearchAction\",\"target\":{\"@type\":\"EntryPoint\",\"urlTemplate\":\"https:\\\/\\\/www.lasikvisioninstitute.com\\\/es\\\/?s={search_term_string}\"},\"query-input\":{\"@type\":\"PropertyValueSpecification\",\"valueRequired\":true,\"valueName\":\"search_term_string\"}}],\"inLanguage\":\"es-ES\"},{\"@type\":\"Organization\",\"@id\":\"https:\\\/\\\/www.lasikvisioninstitute.com\\\/es\\\/#organization\",\"name\":\"The LASIK Vision Institute\",\"url\":\"https:\\\/\\\/www.lasikvisioninstitute.com\\\/es\\\/\",\"logo\":{\"@type\":\"ImageObject\",\"inLanguage\":\"es-ES\",\"@id\":\"https:\\\/\\\/www.lasikvisioninstitute.com\\\/es\\\/#\\\/schema\\\/logo\\\/image\\\/\",\"url\":\"https:\\\/\\\/www.lasikvisioninstitute.com\\\/wp-content\\\/uploads\\\/2019\\\/10\\\/The-LASIK-Vision-Institute-Logo.png\",\"contentUrl\":\"https:\\\/\\\/www.lasikvisioninstitute.com\\\/wp-content\\\/uploads\\\/2019\\\/10\\\/The-LASIK-Vision-Institute-Logo.png\",\"width\":1000,\"height\":289,\"caption\":\"The LASIK Vision Institute\"},\"image\":{\"@id\":\"https:\\\/\\\/www.lasikvisioninstitute.com\\\/es\\\/#\\\/schema\\\/logo\\\/image\\\/\"}}]}<\/script>\n<!-- \/ Yoast SEO plugin. -->","yoast_head_json":{"title":"LASIK Travel Support - Hazte la LASIK en 1 d\u00eda","description":"Consigue una visi\u00f3n mejorada en 1 d\u00eda y disfruta de un c\u00f3modo apoyo para viajar con estancia en hotel y transporte tras la cirug\u00eda.","robots":{"index":"index","follow":"follow","max-snippet":"max-snippet:-1","max-image-preview":"max-image-preview:large","max-video-preview":"max-video-preview:-1"},"canonical":"https:\/\/www.lasikvisioninstitute.com\/es\/apoyo-al-viaje\/","og_locale":"es_ES","og_type":"article","og_title":"LASIK Travel Support - Hazte la LASIK en 1 d\u00eda","og_description":"Consigue una visi\u00f3n mejorada en 1 d\u00eda y disfruta de un c\u00f3modo apoyo para viajar con estancia en hotel y transporte tras la cirug\u00eda.","og_url":"https:\/\/www.lasikvisioninstitute.com\/es\/apoyo-al-viaje\/","og_site_name":"The LASIK Vision Institute","article_modified_time":"2026-01-27T20:15:46+00:00","og_image":[{"width":2000,"height":1335,"url":"https:\/\/www.lasikvisioninstitute.com\/wp-content\/uploads\/2024\/05\/2147932145.jpg","type":"image\/jpeg"}],"twitter_card":"summary_large_image","schema":{"@context":"https:\/\/schema.org","@graph":[{"@type":"WebPage","@id":"https:\/\/www.lasikvisioninstitute.com\/es\/apoyo-al-viaje\/","url":"https:\/\/www.lasikvisioninstitute.com\/es\/apoyo-al-viaje\/","name":"LASIK Travel Support - Hazte la LASIK en 1 d\u00eda","isPartOf":{"@id":"https:\/\/www.lasikvisioninstitute.com\/es\/#website"},"primaryImageOfPage":{"@id":"https:\/\/www.lasikvisioninstitute.com\/es\/apoyo-al-viaje\/#primaryimage"},"image":{"@id":"https:\/\/www.lasikvisioninstitute.com\/es\/apoyo-al-viaje\/#primaryimage"},"thumbnailUrl":"https:\/\/www.lasikvisioninstitute.com\/wp-content\/uploads\/2024\/05\/2147932145-1400x935.jpg","datePublished":"2024-05-24T18:58:44+00:00","dateModified":"2026-01-27T20:15:46+00:00","description":"Consigue una visi\u00f3n mejorada en 1 d\u00eda y disfruta de un c\u00f3modo apoyo para viajar con estancia en hotel y transporte tras la cirug\u00eda.","breadcrumb":{"@id":"https:\/\/www.lasikvisioninstitute.com\/es\/apoyo-al-viaje\/#breadcrumb"},"inLanguage":"es-ES","potentialAction":[{"@type":"ReadAction","target":["https:\/\/www.lasikvisioninstitute.com\/es\/apoyo-al-viaje\/"]}]},{"@type":"ImageObject","inLanguage":"es-ES","@id":"https:\/\/www.lasikvisioninstitute.com\/es\/apoyo-al-viaje\/#primaryimage","url":"https:\/\/www.lasikvisioninstitute.com\/wp-content\/uploads\/2024\/05\/2147932145-1400x935.jpg","contentUrl":"https:\/\/www.lasikvisioninstitute.com\/wp-content\/uploads\/2024\/05\/2147932145-1400x935.jpg"},{"@type":"BreadcrumbList","@id":"https:\/\/www.lasikvisioninstitute.com\/es\/apoyo-al-viaje\/#breadcrumb","itemListElement":[{"@type":"ListItem","position":1,"name":"Portada","item":"https:\/\/www.lasikvisioninstitute.com\/es\/"},{"@type":"ListItem","position":2,"name":"Apoyo al viaje"}]},{"@type":"WebSite","@id":"https:\/\/www.lasikvisioninstitute.com\/es\/#website","url":"https:\/\/www.lasikvisioninstitute.com\/es\/","name":"The LASIK Vision Institute","description":"1.4 Million LASIK Eye Surgeries and Counting","publisher":{"@id":"https:\/\/www.lasikvisioninstitute.com\/es\/#organization"},"potentialAction":[{"@type":"SearchAction","target":{"@type":"EntryPoint","urlTemplate":"https:\/\/www.lasikvisioninstitute.com\/es\/?s={search_term_string}"},"query-input":{"@type":"PropertyValueSpecification","valueRequired":true,"valueName":"search_term_string"}}],"inLanguage":"es-ES"},{"@type":"Organization","@id":"https:\/\/www.lasikvisioninstitute.com\/es\/#organization","name":"The LASIK Vision Institute","url":"https:\/\/www.lasikvisioninstitute.com\/es\/","logo":{"@type":"ImageObject","inLanguage":"es-ES","@id":"https:\/\/www.lasikvisioninstitute.com\/es\/#\/schema\/logo\/image\/","url":"https:\/\/www.lasikvisioninstitute.com\/wp-content\/uploads\/2019\/10\/The-LASIK-Vision-Institute-Logo.png","contentUrl":"https:\/\/www.lasikvisioninstitute.com\/wp-content\/uploads\/2019\/10\/The-LASIK-Vision-Institute-Logo.png","width":1000,"height":289,"caption":"The LASIK Vision Institute"},"image":{"@id":"https:\/\/www.lasikvisioninstitute.com\/es\/#\/schema\/logo\/image\/"}}]}},"_links":{"self":[{"href":"https:\/\/www.lasikvisioninstitute.com\/es\/wp-json\/wp\/v2\/pages\/166002","targetHints":{"allow":["GET"]}}],"collection":[{"href":"https:\/\/www.lasikvisioninstitute.com\/es\/wp-json\/wp\/v2\/pages"}],"about":[{"href":"https:\/\/www.lasikvisioninstitute.com\/es\/wp-json\/wp\/v2\/types\/page"}],"author":[{"embeddable":true,"href":"https:\/\/www.lasikvisioninstitute.com\/es\/wp-json\/wp\/v2\/users\/33"}],"replies":[{"embeddable":true,"href":"https:\/\/www.lasikvisioninstitute.com\/es\/wp-json\/wp\/v2\/comments?post=166002"}],"version-history":[{"count":1,"href":"https:\/\/www.lasikvisioninstitute.com\/es\/wp-json\/wp\/v2\/pages\/166002\/revisions"}],"predecessor-version":[{"id":174435,"href":"https:\/\/www.lasikvisioninstitute.com\/es\/wp-json\/wp\/v2\/pages\/166002\/revisions\/174435"}],"wp:attachment":[{"href":"https:\/\/www.lasikvisioninstitute.com\/es\/wp-json\/wp\/v2\/media?parent=166002"}],"curies":[{"name":"wp","href":"https:\/\/api.w.org\/{rel}","templated":true}]}}