{"id":165909,"date":"2015-11-20T10:03:01","date_gmt":"2015-11-20T15:03:01","guid":{"rendered":"https:\/\/dev.lasikvisioninstitute.com\/que-esperar-durante-la-intervencion-lasik\/"},"modified":"2024-06-04T20:50:29","modified_gmt":"2024-06-05T01:50:29","slug":"que-esperar-durante-la-intervencion-lasik","status":"publish","type":"page","link":"https:\/\/www.lasikvisioninstitute.com\/es\/que-esperar-durante-la-intervencion-lasik\/","title":{"rendered":"\u00bfQu\u00e9 esperar durante la intervenci\u00f3n LASIK?"},"content":{"rendered":"\n<div class=\"wp-block-media-text alignfull is-stacked-on-mobile is-image-fill has-polar-white-background-color has-background\"><figure class=\"wp-block-media-text__media\" style=\"background-image:url(https:\/\/www.lasikvisioninstitute.com\/wp-content\/uploads\/2019\/09\/lasik-expertise-1400x935.jpg);background-position:50% 50%\"><img decoding=\"async\" width=\"1400\" height=\"935\" src=\"https:\/\/www.lasikvisioninstitute.com\/wp-content\/uploads\/2019\/09\/lasik-expertise-1400x935.jpg\" alt=\"examen de la vista con el oftalm\u00f3logo\" class=\"wp-image-131370 size-full\" srcset=\"https:\/\/www.lasikvisioninstitute.com\/wp-content\/uploads\/2019\/09\/lasik-expertise-1400x935.jpg 1400w, https:\/\/www.lasikvisioninstitute.com\/wp-content\/uploads\/2019\/09\/lasik-expertise-600x401.jpg 600w, https:\/\/www.lasikvisioninstitute.com\/wp-content\/uploads\/2019\/09\/lasik-expertise-768x513.jpg 768w, https:\/\/www.lasikvisioninstitute.com\/wp-content\/uploads\/2019\/09\/lasik-expertise-1536x1025.jpg 1536w, https:\/\/www.lasikvisioninstitute.com\/wp-content\/uploads\/2019\/09\/lasik-expertise.jpg 2000w\" sizes=\"(max-width: 1400px) 100vw, 1400px\" \/><\/figure><div class=\"wp-block-media-text__content\">\n<div style=\"height:50px\" aria-hidden=\"true\" class=\"wp-block-spacer\"><\/div>\n\n\n\n<h6 class=\"wp-block-heading is-style-muted-heading has-teal-color has-text-color\">Preparaci\u00f3n para la cirug\u00eda de correcci\u00f3n visual<\/h6>\n\n\n\n<h1 class=\"wp-block-heading\" style=\"margin-top:0.25em\">Preparaci\u00f3n para la cirug\u00eda ocular LASIK<\/h1>\n\n\n\n<p class=\"has-normal-font-size\"><meta charset=\"utf-8\"\/>\u00bfHas decidido unirte a los millones de pacientes que tambi\u00e9n han elegido al Instituto Lasik de la Visi\u00f3n como su proveedor de correcci\u00f3n visual con l\u00e1ser? \u00a1Enhorabuena! Haz clic en el bot\u00f3n verde de abajo para programar tu consulta gratuita sobre LASIK o sigue leyendo para saber c\u00f3mo prepararte para tu intervenci\u00f3n de cirug\u00eda ocular LASIK.  <\/p>\n\n\n\n<div class=\"wp-block-buttons is-layout-flex wp-block-buttons-is-layout-flex\">\n<div class=\"wp-block-button is-style-fill\"><a class=\"wp-block-button__link wp-element-button\" href=\"https:\/\/www.lasikvisioninstitute.com\/es\/ischedule-es\/\">Programa tu consulta gratuita sobre LASIK<\/a><\/div>\n<\/div>\n\n\n\n<div style=\"height:50px\" aria-hidden=\"true\" class=\"wp-block-spacer\"><\/div>\n<\/div><\/div>\n\n<div style=\"height:100px\" aria-hidden=\"true\" class=\"wp-block-spacer\"><\/div>\n\n<div class=\"wp-block-columns alignwide is-layout-flex wp-container-core-columns-is-layout-28f84493 wp-block-columns-is-layout-flex\">\n<div class=\"wp-block-column is-layout-flow wp-block-column-is-layout-flow\" style=\"flex-basis:33.33%\">\n<h2 class=\"wp-block-heading\"><meta charset=\"utf-8\"\/>Antes de la cirug\u00eda de correcci\u00f3n visual:<\/h2>\n<\/div>\n\n\n\n<div class=\"wp-block-column is-layout-flow wp-block-column-is-layout-flow\" style=\"flex-basis:66.66%\">\n<p><strong>Pregunta a tu m\u00e9dico cu\u00e1ndo debes dejar de llevar lentes de contacto<\/strong>.<br\/>Ciertos tipos de lentes de contacto pueden distorsionar la forma de tu c\u00f3rnea, lo que podr\u00eda dar lugar a mediciones incorrectas y, por tanto, afectar al resultado de tu correcci\u00f3n visual. Si llevas lentes de contacto, tendr\u00e1s que estar preparado para dejar de llevarlas (o cambiarlas por las gafas) desde un d\u00eda hasta un par de semanas <a href=\"https:\/\/www.lasikvisioninstitute.com\/es\/soy-un-candidato-para-la-cirugia-ocular-lasik\/\">antes de la correcci\u00f3n visual LASIK<\/a>.<\/p>\n\n\n\n<ul class=\"wp-block-list\">\n<li><meta charset=\"utf-8\"\/><strong>\u00bfLlevas lentes de contacto duras?<\/strong><br\/>Es probable que tengas que dejar de llevarlos de cuatro a ocho semanas antes de la intervenci\u00f3n LASIK. Esto var\u00eda seg\u00fan el paciente, consulta a tu cirujano.<\/li>\n\n\n\n<li><strong>\u00bfUsas lentes de contacto blandas?<\/strong><br\/>S\u00f3lo tendr\u00e1s que dejar de llevarlos un d\u00eda antes de la intervenci\u00f3n LASIK, siempre que tu Pentacam\/Orbscan sea normal.<\/li>\n<\/ul>\n\n\n\n<p><meta charset=\"utf-8\"\/><strong>Consigue que te lleven.<\/strong><br\/>El d\u00eda de la correcci\u00f3n visual con l\u00e1ser, necesitar\u00e1s que alguien te lleve a casa despu\u00e9s de la intervenci\u00f3n. Aseg\u00farate de haber reclutado a un amigo o familiar para que te recoja. Tras la correcci\u00f3n visual, puede que veas borroso y que a\u00fan sientas los efectos de la medicaci\u00f3n utilizada durante el procedimiento LASIK.<\/p>\n<\/div>\n<\/div>\n\n<div style=\"height:59px\" aria-hidden=\"true\" class=\"wp-block-spacer\"><\/div>\n\n<div class=\"wp-block-group alignfull has-polar-white-background-color has-background has-global-padding is-layout-constrained wp-block-group-is-layout-constrained\">\n<div style=\"height:64px\" aria-hidden=\"true\" class=\"wp-block-spacer\"><\/div>\n\n\n\n<div class=\"wp-block-columns alignwide is-layout-flex wp-container-core-columns-is-layout-28f84493 wp-block-columns-is-layout-flex\">\n<div class=\"wp-block-column is-layout-flow wp-block-column-is-layout-flow\" style=\"flex-basis:33.33%\">\n<h2 class=\"wp-block-heading\">El d\u00eda de tu operaci\u00f3n de correcci\u00f3n visual con l\u00e1ser:<\/h2>\n<\/div>\n\n\n\n<div class=\"wp-block-column is-layout-flow wp-block-column-is-layout-flow\" style=\"flex-basis:66.66%\">\n<p><strong>No te maquilles los ojos.<\/strong><br\/>No debes maquillarte los ojos (ni usar cremas oculares) la noche anterior o el d\u00eda de la correcci\u00f3n visual con l\u00e1ser. Tambi\u00e9n debes evitar usar perfume o colonia.<\/p>\n\n\n\n<p><strong>Evita desprender tejidos.<\/strong><br\/>Cuando elijas un atuendo para tu operaci\u00f3n de correcci\u00f3n visual con l\u00e1ser, elige algo que sea c\u00f3modo, pero que no desprenda ni tenga fibras sueltas o pelo de animal (real o de imitaci\u00f3n).<\/p>\n\n\n\n<p><strong>Come y bebe como de costumbre, con una excepci\u00f3n.<\/strong><br\/>No es necesario ayunar antes de la correcci\u00f3n visual con l\u00e1ser. Sin embargo, no debes beber alcohol ni tomar medicamentos que puedan provocar somnolencia antes de la correcci\u00f3n visual.<\/p>\n\n\n\n<p><strong>D\u00e9jate tiempo suficiente.<\/strong><br\/>Aunque la operaci\u00f3n de correcci\u00f3n visual con l\u00e1ser puede durar unos minutos, aseg\u00farate de llegar con tiempo suficiente para realizar los tr\u00e1mites de admisi\u00f3n, incluido el papeleo. Tu proveedor de LASIK designar\u00e1 una hora para que te presentes el d\u00eda de la correcci\u00f3n de la visi\u00f3n con l\u00e1ser.<\/p>\n<\/div>\n<\/div>\n\n\n\n<div style=\"height:42px\" aria-hidden=\"true\" class=\"wp-block-spacer\"><\/div>\n<\/div>\n\n<div style=\"height:65px\" aria-hidden=\"true\" class=\"wp-block-spacer\"><\/div>\n\n<div class=\"wp-block-columns alignwide is-layout-flex wp-container-core-columns-is-layout-28f84493 wp-block-columns-is-layout-flex\">\n<div class=\"wp-block-column is-layout-flow wp-block-column-is-layout-flow\" style=\"flex-basis:33.33%\">\n<h2 class=\"wp-block-heading\">Despu\u00e9s de tu cirug\u00eda de correcci\u00f3n visual:<\/h2>\n<\/div>\n\n\n\n<div class=\"wp-block-column is-layout-flow wp-block-column-is-layout-flow\" style=\"flex-basis:66.66%\">\n<p><strong><span style=\"font-size: revert; background-color: var(--wp--custom--color--background); font-family: var(--wp--preset--font-family--primary);\">\u00a1Enhorabuena! Ahora que ya te has sometido a la cirug\u00eda ocular con l\u00e1ser, sigue estos sencillos pasos de recuperaci\u00f3n del LASIK para que tus ojos puedan rendir al m\u00e1ximo.<\/span> <\/strong><\/p>\n\n\n\n<p>Despu\u00e9s de una operaci\u00f3n ocular con l\u00e1ser satisfactoria, pide a un amigo que te lleve a casa y ponte las gafas de sol. Descansa los ojos y mantenlos cerrados para que est\u00e9n c\u00f3modos.Lo ideal es que mantengas los ojos cerrados de 2 a 4 horas como parte del proceso de recuperaci\u00f3n inmediata del LASIK. Por tanto, dormir la siesta y llevar puestas las protecciones de pl\u00e1stico transparente te ayudar\u00e1 en el proceso de recuperaci\u00f3n. Puedes experimentar una ligera sensibilidad durante unas horas, pero las molestias deben ser m\u00ednimas. Al cabo de 2-4 horas, qu\u00edtate los protectores de pl\u00e1stico y, seg\u00fan te indique el cirujano, empieza a usar las gotas oculares que te hayan recetado para la cicatrizaci\u00f3n y para mantener los ojos c\u00f3modos y lubricados.<\/p>\n\n\n\n<p><span style=\"font-size: revert; background-color: var(--wp--custom--color--background); font-family: var(--wp--preset--font-family--primary);\">Evita frotarte, apretarte o tocarte los ojos despu\u00e9s de la cirug\u00eda LASIK, ya que la superficie de los ojos sigue estando sensible. Ponte los protectores de pl\u00e1stico al dormir y, si tus ojos son sensibles a la luz, ponte las gafas de sol. Si se te secan o irritan los ojos, utiliza tus l\u00e1grimas artificiales sin conservantes para mantenerlos confortables.<\/span><\/p>\n\n\n\n<p><a title=\"Cirujanos LASIK\" href=\"\/why-choose-us\/lasik-doctor-surgeon\/\">Los cirujanos especialistas en LASIK<\/a> recomiendan descansar durante las primeras 24 horas posteriores a la cirug\u00eda ocular con l\u00e1ser. As\u00ed que evita leer, trabajar con el ordenador, las actividades extenuantes y la televisi\u00f3n durante este periodo.No te duches el primer d\u00eda y evita que te entre agua y jab\u00f3n en los ojos durante varios d\u00edas.Aseg\u00farate de tomar cualquier medicamento que te recete el m\u00e9dico, seg\u00fan las indicaciones.<strong><a href=\"\/lasik-results\/1-day-after-lasik-treatment\/\" target=\"_blank\" rel=\"noreferrer noopener\">Inf\u00f3rmate sobre 1 d\u00eda despu\u00e9s de la cirug\u00eda ocular LASIK<\/a>.<\/strong><\/p>\n<\/div>\n<\/div>\n\n<div style=\"height:71px\" aria-hidden=\"true\" class=\"wp-block-spacer\"><\/div>\n\n<p>Si sigues estas sencillas pautas, estar\u00e1s bien preparado para tu operaci\u00f3n de correcci\u00f3n visual con l\u00e1ser. Recuerda ponerte en contacto con tu proveedor de LASIK si tienes alguna pregunta o duda antes de la cirug\u00eda de correcci\u00f3n visual.<\/p>\n","protected":false},"excerpt":{"rendered":"<p>Antes de la cirug\u00eda de correcci\u00f3n visual: Pregunta a tu m\u00e9dico cu\u00e1ndo debes dejar de llevar lentes de contacto.Ciertos tipos de lentes de contacto pueden distorsionar la forma de tu c\u00f3rnea, lo que podr\u00eda dar lugar a mediciones incorrectas y, por tanto, afectar al resultado de tu correcci\u00f3n visual. Si llevas lentes de contacto, tendr\u00e1s [&hellip;]<\/p>\n","protected":false},"author":33,"featured_media":0,"parent":0,"menu_order":0,"comment_status":"closed","ping_status":"closed","template":"","meta":{"_acf_changed":false,"footnotes":""},"class_list":["post-165909","page","type-page","status-publish"],"acf":[],"yoast_head":"<!-- This site is optimized with the Yoast SEO plugin v27.5 - https:\/\/yoast.com\/product\/yoast-seo-wordpress\/ -->\n<title>Qu\u00e9 esperar el d\u00eda de la intervenci\u00f3n LASIK<\/title>\n<meta name=\"description\" content=\"Inf\u00f3rmate sobre qu\u00e9 esperar y c\u00f3mo prepararte para tu intervenci\u00f3n de correcci\u00f3n visual LASIK.\" \/>\n<meta name=\"robots\" content=\"index, follow, max-snippet:-1, max-image-preview:large, max-video-preview:-1\" \/>\n<link rel=\"canonical\" href=\"https:\/\/www.lasikvisioninstitute.com\/es\/que-esperar-durante-la-intervencion-lasik\/\" \/>\n<meta property=\"og:locale\" content=\"es_ES\" \/>\n<meta property=\"og:type\" content=\"article\" \/>\n<meta property=\"og:title\" content=\"Qu\u00e9 esperar el d\u00eda de la intervenci\u00f3n LASIK\" \/>\n<meta property=\"og:description\" content=\"Inf\u00f3rmate sobre qu\u00e9 esperar y c\u00f3mo prepararte para tu intervenci\u00f3n de correcci\u00f3n visual LASIK.\" \/>\n<meta property=\"og:url\" content=\"https:\/\/www.lasikvisioninstitute.com\/es\/que-esperar-durante-la-intervencion-lasik\/\" \/>\n<meta property=\"og:site_name\" content=\"The LASIK Vision Institute\" \/>\n<meta property=\"article:modified_time\" content=\"2024-06-05T01:50:29+00:00\" \/>\n<meta property=\"og:image\" content=\"https:\/\/www.lasikvisioninstitute.com\/wp-content\/uploads\/2019\/09\/lasik-expertise-1400x935.jpg\" \/>\n<meta name=\"twitter:card\" content=\"summary_large_image\" \/>\n<script type=\"application\/ld+json\" class=\"yoast-schema-graph\">{\"@context\":\"https:\\\/\\\/schema.org\",\"@graph\":[{\"@type\":\"WebPage\",\"@id\":\"https:\\\/\\\/www.lasikvisioninstitute.com\\\/es\\\/que-esperar-durante-la-intervencion-lasik\\\/\",\"url\":\"https:\\\/\\\/www.lasikvisioninstitute.com\\\/es\\\/que-esperar-durante-la-intervencion-lasik\\\/\",\"name\":\"Qu\u00e9 esperar el d\u00eda de la intervenci\u00f3n LASIK\",\"isPartOf\":{\"@id\":\"https:\\\/\\\/www.lasikvisioninstitute.com\\\/es\\\/#website\"},\"primaryImageOfPage\":{\"@id\":\"https:\\\/\\\/www.lasikvisioninstitute.com\\\/es\\\/que-esperar-durante-la-intervencion-lasik\\\/#primaryimage\"},\"image\":{\"@id\":\"https:\\\/\\\/www.lasikvisioninstitute.com\\\/es\\\/que-esperar-durante-la-intervencion-lasik\\\/#primaryimage\"},\"thumbnailUrl\":\"https:\\\/\\\/www.lasikvisioninstitute.com\\\/wp-content\\\/uploads\\\/2019\\\/09\\\/lasik-expertise-1400x935.jpg\",\"datePublished\":\"2015-11-20T15:03:01+00:00\",\"dateModified\":\"2024-06-05T01:50:29+00:00\",\"description\":\"Inf\u00f3rmate sobre qu\u00e9 esperar y c\u00f3mo prepararte para tu intervenci\u00f3n de correcci\u00f3n visual LASIK.\",\"breadcrumb\":{\"@id\":\"https:\\\/\\\/www.lasikvisioninstitute.com\\\/es\\\/que-esperar-durante-la-intervencion-lasik\\\/#breadcrumb\"},\"inLanguage\":\"es-ES\",\"potentialAction\":[{\"@type\":\"ReadAction\",\"target\":[\"https:\\\/\\\/www.lasikvisioninstitute.com\\\/es\\\/que-esperar-durante-la-intervencion-lasik\\\/\"]}]},{\"@type\":\"ImageObject\",\"inLanguage\":\"es-ES\",\"@id\":\"https:\\\/\\\/www.lasikvisioninstitute.com\\\/es\\\/que-esperar-durante-la-intervencion-lasik\\\/#primaryimage\",\"url\":\"https:\\\/\\\/www.lasikvisioninstitute.com\\\/wp-content\\\/uploads\\\/2019\\\/09\\\/lasik-expertise-1400x935.jpg\",\"contentUrl\":\"https:\\\/\\\/www.lasikvisioninstitute.com\\\/wp-content\\\/uploads\\\/2019\\\/09\\\/lasik-expertise-1400x935.jpg\"},{\"@type\":\"BreadcrumbList\",\"@id\":\"https:\\\/\\\/www.lasikvisioninstitute.com\\\/es\\\/que-esperar-durante-la-intervencion-lasik\\\/#breadcrumb\",\"itemListElement\":[{\"@type\":\"ListItem\",\"position\":1,\"name\":\"Portada\",\"item\":\"https:\\\/\\\/www.lasikvisioninstitute.com\\\/es\\\/\"},{\"@type\":\"ListItem\",\"position\":2,\"name\":\"\u00bfQu\u00e9 esperar durante la intervenci\u00f3n LASIK?\"}]},{\"@type\":\"WebSite\",\"@id\":\"https:\\\/\\\/www.lasikvisioninstitute.com\\\/es\\\/#website\",\"url\":\"https:\\\/\\\/www.lasikvisioninstitute.com\\\/es\\\/\",\"name\":\"The LASIK Vision Institute\",\"description\":\"1.4 Million LASIK Eye Surgeries and Counting\",\"publisher\":{\"@id\":\"https:\\\/\\\/www.lasikvisioninstitute.com\\\/es\\\/#organization\"},\"potentialAction\":[{\"@type\":\"SearchAction\",\"target\":{\"@type\":\"EntryPoint\",\"urlTemplate\":\"https:\\\/\\\/www.lasikvisioninstitute.com\\\/es\\\/?s={search_term_string}\"},\"query-input\":{\"@type\":\"PropertyValueSpecification\",\"valueRequired\":true,\"valueName\":\"search_term_string\"}}],\"inLanguage\":\"es-ES\"},{\"@type\":\"Organization\",\"@id\":\"https:\\\/\\\/www.lasikvisioninstitute.com\\\/es\\\/#organization\",\"name\":\"The LASIK Vision Institute\",\"url\":\"https:\\\/\\\/www.lasikvisioninstitute.com\\\/es\\\/\",\"logo\":{\"@type\":\"ImageObject\",\"inLanguage\":\"es-ES\",\"@id\":\"https:\\\/\\\/www.lasikvisioninstitute.com\\\/es\\\/#\\\/schema\\\/logo\\\/image\\\/\",\"url\":\"https:\\\/\\\/www.lasikvisioninstitute.com\\\/wp-content\\\/uploads\\\/2019\\\/10\\\/The-LASIK-Vision-Institute-Logo.png\",\"contentUrl\":\"https:\\\/\\\/www.lasikvisioninstitute.com\\\/wp-content\\\/uploads\\\/2019\\\/10\\\/The-LASIK-Vision-Institute-Logo.png\",\"width\":1000,\"height\":289,\"caption\":\"The LASIK Vision Institute\"},\"image\":{\"@id\":\"https:\\\/\\\/www.lasikvisioninstitute.com\\\/es\\\/#\\\/schema\\\/logo\\\/image\\\/\"}}]}<\/script>\n<!-- \/ Yoast SEO plugin. -->","yoast_head_json":{"title":"Qu\u00e9 esperar el d\u00eda de la intervenci\u00f3n LASIK","description":"Inf\u00f3rmate sobre qu\u00e9 esperar y c\u00f3mo prepararte para tu intervenci\u00f3n de correcci\u00f3n visual LASIK.","robots":{"index":"index","follow":"follow","max-snippet":"max-snippet:-1","max-image-preview":"max-image-preview:large","max-video-preview":"max-video-preview:-1"},"canonical":"https:\/\/www.lasikvisioninstitute.com\/es\/que-esperar-durante-la-intervencion-lasik\/","og_locale":"es_ES","og_type":"article","og_title":"Qu\u00e9 esperar el d\u00eda de la intervenci\u00f3n LASIK","og_description":"Inf\u00f3rmate sobre qu\u00e9 esperar y c\u00f3mo prepararte para tu intervenci\u00f3n de correcci\u00f3n visual LASIK.","og_url":"https:\/\/www.lasikvisioninstitute.com\/es\/que-esperar-durante-la-intervencion-lasik\/","og_site_name":"The LASIK Vision Institute","article_modified_time":"2024-06-05T01:50:29+00:00","og_image":[{"url":"https:\/\/www.lasikvisioninstitute.com\/wp-content\/uploads\/2019\/09\/lasik-expertise-1400x935.jpg","type":"","width":"","height":""}],"twitter_card":"summary_large_image","schema":{"@context":"https:\/\/schema.org","@graph":[{"@type":"WebPage","@id":"https:\/\/www.lasikvisioninstitute.com\/es\/que-esperar-durante-la-intervencion-lasik\/","url":"https:\/\/www.lasikvisioninstitute.com\/es\/que-esperar-durante-la-intervencion-lasik\/","name":"Qu\u00e9 esperar el d\u00eda de la intervenci\u00f3n LASIK","isPartOf":{"@id":"https:\/\/www.lasikvisioninstitute.com\/es\/#website"},"primaryImageOfPage":{"@id":"https:\/\/www.lasikvisioninstitute.com\/es\/que-esperar-durante-la-intervencion-lasik\/#primaryimage"},"image":{"@id":"https:\/\/www.lasikvisioninstitute.com\/es\/que-esperar-durante-la-intervencion-lasik\/#primaryimage"},"thumbnailUrl":"https:\/\/www.lasikvisioninstitute.com\/wp-content\/uploads\/2019\/09\/lasik-expertise-1400x935.jpg","datePublished":"2015-11-20T15:03:01+00:00","dateModified":"2024-06-05T01:50:29+00:00","description":"Inf\u00f3rmate sobre qu\u00e9 esperar y c\u00f3mo prepararte para tu intervenci\u00f3n de correcci\u00f3n visual LASIK.","breadcrumb":{"@id":"https:\/\/www.lasikvisioninstitute.com\/es\/que-esperar-durante-la-intervencion-lasik\/#breadcrumb"},"inLanguage":"es-ES","potentialAction":[{"@type":"ReadAction","target":["https:\/\/www.lasikvisioninstitute.com\/es\/que-esperar-durante-la-intervencion-lasik\/"]}]},{"@type":"ImageObject","inLanguage":"es-ES","@id":"https:\/\/www.lasikvisioninstitute.com\/es\/que-esperar-durante-la-intervencion-lasik\/#primaryimage","url":"https:\/\/www.lasikvisioninstitute.com\/wp-content\/uploads\/2019\/09\/lasik-expertise-1400x935.jpg","contentUrl":"https:\/\/www.lasikvisioninstitute.com\/wp-content\/uploads\/2019\/09\/lasik-expertise-1400x935.jpg"},{"@type":"BreadcrumbList","@id":"https:\/\/www.lasikvisioninstitute.com\/es\/que-esperar-durante-la-intervencion-lasik\/#breadcrumb","itemListElement":[{"@type":"ListItem","position":1,"name":"Portada","item":"https:\/\/www.lasikvisioninstitute.com\/es\/"},{"@type":"ListItem","position":2,"name":"\u00bfQu\u00e9 esperar durante la intervenci\u00f3n LASIK?"}]},{"@type":"WebSite","@id":"https:\/\/www.lasikvisioninstitute.com\/es\/#website","url":"https:\/\/www.lasikvisioninstitute.com\/es\/","name":"The LASIK Vision Institute","description":"1.4 Million LASIK Eye Surgeries and Counting","publisher":{"@id":"https:\/\/www.lasikvisioninstitute.com\/es\/#organization"},"potentialAction":[{"@type":"SearchAction","target":{"@type":"EntryPoint","urlTemplate":"https:\/\/www.lasikvisioninstitute.com\/es\/?s={search_term_string}"},"query-input":{"@type":"PropertyValueSpecification","valueRequired":true,"valueName":"search_term_string"}}],"inLanguage":"es-ES"},{"@type":"Organization","@id":"https:\/\/www.lasikvisioninstitute.com\/es\/#organization","name":"The LASIK Vision Institute","url":"https:\/\/www.lasikvisioninstitute.com\/es\/","logo":{"@type":"ImageObject","inLanguage":"es-ES","@id":"https:\/\/www.lasikvisioninstitute.com\/es\/#\/schema\/logo\/image\/","url":"https:\/\/www.lasikvisioninstitute.com\/wp-content\/uploads\/2019\/10\/The-LASIK-Vision-Institute-Logo.png","contentUrl":"https:\/\/www.lasikvisioninstitute.com\/wp-content\/uploads\/2019\/10\/The-LASIK-Vision-Institute-Logo.png","width":1000,"height":289,"caption":"The LASIK Vision Institute"},"image":{"@id":"https:\/\/www.lasikvisioninstitute.com\/es\/#\/schema\/logo\/image\/"}}]}},"_links":{"self":[{"href":"https:\/\/www.lasikvisioninstitute.com\/es\/wp-json\/wp\/v2\/pages\/165909","targetHints":{"allow":["GET"]}}],"collection":[{"href":"https:\/\/www.lasikvisioninstitute.com\/es\/wp-json\/wp\/v2\/pages"}],"about":[{"href":"https:\/\/www.lasikvisioninstitute.com\/es\/wp-json\/wp\/v2\/types\/page"}],"author":[{"embeddable":true,"href":"https:\/\/www.lasikvisioninstitute.com\/es\/wp-json\/wp\/v2\/users\/33"}],"replies":[{"embeddable":true,"href":"https:\/\/www.lasikvisioninstitute.com\/es\/wp-json\/wp\/v2\/comments?post=165909"}],"version-history":[{"count":0,"href":"https:\/\/www.lasikvisioninstitute.com\/es\/wp-json\/wp\/v2\/pages\/165909\/revisions"}],"wp:attachment":[{"href":"https:\/\/www.lasikvisioninstitute.com\/es\/wp-json\/wp\/v2\/media?parent=165909"}],"curies":[{"name":"wp","href":"https:\/\/api.w.org\/{rel}","templated":true}]}}