{"id":165907,"date":"2015-11-20T10:22:10","date_gmt":"2015-11-20T15:22:10","guid":{"rendered":"https:\/\/dev.lasikvisioninstitute.com\/glosario-de-terminos-lasik\/"},"modified":"2024-06-04T18:24:48","modified_gmt":"2024-06-04T23:24:48","slug":"glosario-de-terminos-lasik","status":"publish","type":"page","link":"https:\/\/www.lasikvisioninstitute.com\/es\/glosario-de-terminos-lasik\/","title":{"rendered":"Glosario de t\u00e9rminos LASIK"},"content":{"rendered":"\n<p>Hay muchos t\u00e9rminos m\u00e9dicos y jerga con los que te puedes encontrar al leer sobre la cirug\u00eda ocular con l\u00e1ser. \u00bfC\u00f3mo puedes llevar la cuenta, y qu\u00e9 significan todas ellas? Ten en cuenta los siguientes t\u00e9rminos comunes del LASIK.<\/p>\n\n<div style=\"height:60px\" aria-hidden=\"true\" class=\"wp-block-spacer\"><\/div>\n\n<h4 class=\"legend\">A<\/h4>\n\n<div class=\"wp-block-columns is-layout-flex wp-container-core-columns-is-layout-28f84493 wp-block-columns-is-layout-flex\">\n<div class=\"wp-block-column is-layout-flow wp-block-column-is-layout-flow\" style=\"flex-basis:33.33%\">\n<p><strong>Zona de ablaci\u00f3n<\/strong><\/p>\n<\/div>\n\n\n\n<div class=\"wp-block-column is-layout-flow wp-block-column-is-layout-flow\" style=\"flex-basis:66.66%\">\n<p>En el \u00e1mbito m\u00e9dico, la zona de ablaci\u00f3n se refiere al \u00e1rea de tejido que se extirpa durante la cirug\u00eda ocular con l\u00e1ser.<\/p>\n<\/div>\n<\/div>\n\n<hr class=\"wp-block-separator has-text-color has-background has-light-gray-background-color has-light-gray-color mt-2 mb-4 is-style-wide\"\/>\n\n<div class=\"wp-block-columns is-layout-flex wp-container-core-columns-is-layout-28f84493 wp-block-columns-is-layout-flex\">\n<div class=\"wp-block-column is-layout-flow wp-block-column-is-layout-flow\" style=\"flex-basis:33.33%\">\n<p><strong>Agudeza<\/strong><\/p>\n<\/div>\n\n\n\n<div class=\"wp-block-column is-layout-flow wp-block-column-is-layout-flow\" style=\"flex-basis:66.66%\">\n<p>La agudeza o agudeza de visi\u00f3n. Cuanto mejor es la visi\u00f3n, mayor es el nivel de agudeza visual.<\/p>\n<\/div>\n<\/div>\n\n<hr class=\"wp-block-separator has-text-color has-background has-light-gray-background-color has-light-gray-color mt-2 mb-4 is-style-wide\"\/>\n\n<div class=\"wp-block-columns is-layout-flex wp-container-core-columns-is-layout-28f84493 wp-block-columns-is-layout-flex\">\n<div class=\"wp-block-column is-layout-flow wp-block-column-is-layout-flow\" style=\"flex-basis:33.33%\">\n<p><strong>Astigmatismo<\/strong><\/p>\n<\/div>\n\n\n\n<div class=\"wp-block-column is-layout-flow wp-block-column-is-layout-flow\" style=\"flex-basis:66.66%\">\n<p>Distorsi\u00f3n de la imagen en la retina causada por una forma irregular del ojo. Una c\u00f3rnea astigm\u00e1tica afecta negativamente a la visi\u00f3n de cerca y de lejos, al proyectar la luz en dos lugares distintos del ojo.<\/p>\n<\/div>\n<\/div>\n\n<hr class=\"wp-block-separator has-text-color has-background has-light-gray-background-color has-light-gray-color mt-2 mb-4 is-style-wide\"\/>\n\n<h4 class=\"legend\">B<\/h4>\n\n<div class=\"wp-block-columns is-layout-flex wp-container-core-columns-is-layout-28f84493 wp-block-columns-is-layout-flex\">\n<div class=\"wp-block-column is-layout-flow wp-block-column-is-layout-flow\" style=\"flex-basis:33.33%\">\n<p><strong>LASIK bilateral<\/strong><\/p>\n<\/div>\n\n\n\n<div class=\"wp-block-column is-layout-flow wp-block-column-is-layout-flow\" style=\"flex-basis:66.66%\">\n<p>T\u00e9rmino utilizado para indicar que la cirug\u00eda LASIK se realiza en ambos ojos.<\/p>\n<\/div>\n<\/div>\n\n<hr class=\"wp-block-separator has-text-color has-background has-light-gray-background-color has-light-gray-color mt-2 mb-4 is-style-wide\"\/>\n\n<h4 class=\"legend\">C<\/h4>\n\n<div class=\"wp-block-columns is-layout-flex wp-container-core-columns-is-layout-28f84493 wp-block-columns-is-layout-flex\">\n<div class=\"wp-block-column is-layout-flow wp-block-column-is-layout-flow\" style=\"flex-basis:33.33%\">\n<p><strong>C\u00f3rnea<\/strong><\/p>\n<\/div>\n\n\n\n<div class=\"wp-block-column is-layout-flow wp-block-column-is-layout-flow\" style=\"flex-basis:66.66%\">\n<p>Parte del ojo que refracta la luz sobre la retina, en la parte posterior del ojo. La c\u00f3rnea es la parte del ojo que se remodela durante la cirug\u00eda ocular con l\u00e1ser.<\/p>\n<\/div>\n<\/div>\n\n<hr class=\"wp-block-separator has-text-color has-background has-light-gray-background-color has-light-gray-color mt-2 mb-4 is-style-wide\"\/>\n\n<div class=\"wp-block-columns is-layout-flex wp-container-core-columns-is-layout-28f84493 wp-block-columns-is-layout-flex\">\n<div class=\"wp-block-column is-layout-flow wp-block-column-is-layout-flow\" style=\"flex-basis:33.33%\">\n<p><strong>LASIK personalizado o LASIK personalizado con frente de onda optimizado<\/strong><\/p>\n<\/div>\n\n\n\n<div class=\"wp-block-column is-layout-flow wp-block-column-is-layout-flow\" style=\"flex-basis:66.66%\">\n<p>Consulta &#8220;Cirug\u00eda LASIK de frente de onda&#8221;.<\/p>\n<\/div>\n<\/div>\n\n<hr class=\"wp-block-separator has-text-color has-background has-light-gray-background-color has-light-gray-color mt-2 mb-4 is-style-wide\"\/>\n\n<h4 class=\"legend\">D<\/h4>\n\n<div class=\"wp-block-columns is-layout-flex wp-container-core-columns-is-layout-28f84493 wp-block-columns-is-layout-flex\">\n<div class=\"wp-block-column is-layout-flow wp-block-column-is-layout-flow\" style=\"flex-basis:33.33%\">\n<p><strong>Dioptr\u00edas<\/strong><\/p>\n<\/div>\n\n\n\n<div class=\"wp-block-column is-layout-flow wp-block-column-is-layout-flow\" style=\"flex-basis:66.66%\">\n<p>Unidad de medida utilizada para determinar el error de refracci\u00f3n para la correcci\u00f3n visual.<\/p>\n<\/div>\n<\/div>\n\n<hr class=\"wp-block-separator has-text-color has-background has-light-gray-background-color has-light-gray-color mt-2 mb-4 is-style-wide\"\/>\n\n<h4 class=\"legend\">E<\/h4>\n\n<div class=\"wp-block-columns is-layout-flex wp-container-core-columns-is-layout-28f84493 wp-block-columns-is-layout-flex\">\n<div class=\"wp-block-column is-layout-flow wp-block-column-is-layout-flow\" style=\"flex-basis:33.33%\">\n<p><strong>L\u00e1ser Excimer<\/strong><\/p>\n<\/div>\n\n\n\n<div class=\"wp-block-column is-layout-flow wp-block-column-is-layout-flow\" style=\"flex-basis:66.66%\">\n<p>L\u00e1ser utilizado durante el LASIK que utiliza luz ultravioleta para remodelar la c\u00f3rnea.<\/p>\n<\/div>\n<\/div>\n\n<hr class=\"wp-block-separator has-text-color has-background has-light-gray-background-color has-light-gray-color mt-2 mb-4 is-style-wide\"\/>\n\n<h4 class=\"legend\">F<\/h4>\n\n<div class=\"wp-block-columns is-layout-flex wp-container-core-columns-is-layout-28f84493 wp-block-columns-is-layout-flex\">\n<div class=\"wp-block-column is-layout-flow wp-block-column-is-layout-flow\" style=\"flex-basis:33.33%\">\n<p><strong>FDA (Administraci\u00f3n de Alimentos y Medicamentos)<\/strong><\/p>\n<\/div>\n\n\n\n<div class=\"wp-block-column is-layout-flow wp-block-column-is-layout-flow\" style=\"flex-basis:66.66%\">\n<p>La agencia gubernamental estadounidense que eval\u00faa y aprueba los productos sanitarios.<\/p>\n<\/div>\n<\/div>\n\n<hr class=\"wp-block-separator has-text-color has-background has-light-gray-background-color has-light-gray-color mt-2 mb-4 is-style-wide\"\/>\n\n<div class=\"wp-block-columns is-layout-flex wp-container-core-columns-is-layout-28f84493 wp-block-columns-is-layout-flex\">\n<div class=\"wp-block-column is-layout-flow wp-block-column-is-layout-flow\" style=\"flex-basis:33.33%\">\n<p><strong>Cuenta de gastos flexible (FSA)<\/strong><\/p>\n<\/div>\n\n\n\n<div class=\"wp-block-column is-layout-flow wp-block-column-is-layout-flow\" style=\"flex-basis:66.66%\">\n<p>Prestaci\u00f3n patrocinada por la empresa que te permite pagar los gastos m\u00e9dicos subvencionables, como el LASIK, antes de impuestos. Una cuenta de gastos flexible tambi\u00e9n puede denominarse plan flexible, cuenta de reembolso, plan de ahorro fiscal, cuenta de gastos m\u00e9dicos o plan de cafeter\u00eda.<\/p>\n<\/div>\n<\/div>\n\n<hr class=\"wp-block-separator has-text-color has-background has-light-gray-background-color has-light-gray-color mt-2 mb-4 is-style-wide\"\/>\n\n<h4 class=\"legend\">H<\/h4>\n\n<div class=\"wp-block-columns is-layout-flex wp-container-core-columns-is-layout-28f84493 wp-block-columns-is-layout-flex\">\n<div class=\"wp-block-column is-layout-flow wp-block-column-is-layout-flow\" style=\"flex-basis:33.33%\">\n<p><strong>Cuenta de ahorros sanitarios (HSA)<\/strong><\/p>\n<\/div>\n\n\n\n<div class=\"wp-block-column is-layout-flow wp-block-column-is-layout-flow\" style=\"flex-basis:66.66%\">\n<p>Una cuenta de ahorro que se utiliza junto con un plan de seguro m\u00e9dico con franquicia elevada que te permite ahorrar dinero, libre de impuestos, para gastos m\u00e9dicos.<\/p>\n<\/div>\n<\/div>\n\n<hr class=\"wp-block-separator has-text-color has-background has-light-gray-background-color has-light-gray-color mt-2 mb-4 is-style-wide\"\/>\n\n<div class=\"wp-block-columns is-layout-flex wp-container-core-columns-is-layout-28f84493 wp-block-columns-is-layout-flex\">\n<div class=\"wp-block-column is-layout-flow wp-block-column-is-layout-flow\" style=\"flex-basis:33.33%\">\n<p><strong>Hipermetrop\u00eda (hipermetrop\u00eda)<\/strong><\/p>\n<\/div>\n\n\n\n<div class=\"wp-block-column is-layout-flow wp-block-column-is-layout-flow\" style=\"flex-basis:66.66%\">\n<p>Es un defecto de refracci\u00f3n de la c\u00f3rnea que impide ver los objetos cercanos con la misma claridad que los lejanos.<\/p>\n<\/div>\n<\/div>\n\n<hr class=\"wp-block-separator has-text-color has-background has-light-gray-background-color has-light-gray-color mt-2 mb-4 is-style-wide\"\/>\n\n<h4 class=\"legend\">L<\/h4>\n\n<div class=\"wp-block-columns is-layout-flex wp-container-core-columns-is-layout-28f84493 wp-block-columns-is-layout-flex\">\n<div class=\"wp-block-column is-layout-flow wp-block-column-is-layout-flow\" style=\"flex-basis:33.33%\">\n<p><strong>LASIK (queratomileusis in situ con l\u00e1ser)<\/strong><\/p>\n<\/div>\n\n\n\n<div class=\"wp-block-column is-layout-flow wp-block-column-is-layout-flow\" style=\"flex-basis:66.66%\">\n<p>Tipo de cirug\u00eda de correcci\u00f3n de la visi\u00f3n en la que un oftalm\u00f3logo crea quir\u00fargicamente un colgajo en la c\u00f3rnea del paciente y se utiliza un l\u00e1ser excimer para remodelar suavemente la c\u00f3rnea.<\/p>\n<\/div>\n<\/div>\n\n<hr class=\"wp-block-separator has-text-color has-background has-light-gray-background-color has-light-gray-color mt-2 mb-4 is-style-wide\"\/>\n\n<div class=\"wp-block-columns is-layout-flex wp-container-core-columns-is-layout-28f84493 wp-block-columns-is-layout-flex\">\n<div class=\"wp-block-column is-layout-flow wp-block-column-is-layout-flow\" style=\"flex-basis:33.33%\">\n<p><strong>Aberraciones de orden inferior<\/strong><\/p>\n<\/div>\n\n\n\n<div class=\"wp-block-column is-layout-flow wp-block-column-is-layout-flow\" style=\"flex-basis:66.66%\">\n<p>Son defectos de refracci\u00f3n que incluyen la miop\u00eda, la hipermetrop\u00eda y el astigmatismo. Suelen corregirse mediante cirug\u00eda LASIK.<\/p>\n<\/div>\n<\/div>\n\n<hr class=\"wp-block-separator has-text-color has-background has-light-gray-background-color has-light-gray-color mt-2 mb-4 is-style-wide\"\/>\n\n<h4 class=\"legend\">M<\/h4>\n\n<div class=\"wp-block-columns is-layout-flex wp-container-core-columns-is-layout-28f84493 wp-block-columns-is-layout-flex\">\n<div class=\"wp-block-column is-layout-flow wp-block-column-is-layout-flow\" style=\"flex-basis:33.33%\">\n<p><strong>Miop\u00eda (visi\u00f3n corta)<\/strong><\/p>\n<\/div>\n\n\n\n<div class=\"wp-block-column is-layout-flow wp-block-column-is-layout-flow\" style=\"flex-basis:66.66%\">\n<p>Incapacidad de ver los objetos lejanos con la misma claridad que los cercanos.<\/p>\n<\/div>\n<\/div>\n\n<hr class=\"wp-block-separator has-text-color has-background has-light-gray-background-color has-light-gray-color mt-2 mb-4 is-style-wide\"\/>\n\n<h4 class=\"legend\">P<\/h4>\n\n<div class=\"wp-block-columns is-layout-flex wp-container-core-columns-is-layout-28f84493 wp-block-columns-is-layout-flex\">\n<div class=\"wp-block-column is-layout-flow wp-block-column-is-layout-flow\" style=\"flex-basis:33.33%\">\n<p><strong>Presbicia<\/strong><\/p>\n<\/div>\n\n\n\n<div class=\"wp-block-column is-layout-flow wp-block-column-is-layout-flow\" style=\"flex-basis:66.66%\">\n<p>Incapacidad para enfocar objetos de cerca. Esta afecci\u00f3n se debe a la p\u00e9rdida de elasticidad del cristalino del ojo, que suele producirse en la mediana edad.<\/p>\n<\/div>\n<\/div>\n\n<hr class=\"wp-block-separator has-text-color has-background has-light-gray-background-color has-light-gray-color mt-2 mb-4 is-style-wide\"\/>\n\n<div class=\"wp-block-columns is-layout-flex wp-container-core-columns-is-layout-28f84493 wp-block-columns-is-layout-flex\">\n<div class=\"wp-block-column is-layout-flow wp-block-column-is-layout-flow\" style=\"flex-basis:33.33%\">\n<p><strong>Cirug\u00eda ocular con l\u00e1ser PRK (queratectom\u00eda fotorrefractiva)<\/strong><\/p>\n<\/div>\n\n\n\n<div class=\"wp-block-column is-layout-flow wp-block-column-is-layout-flow\" style=\"flex-basis:66.66%\">\n<p>Tipo de cirug\u00eda refractiva en la que se utiliza un l\u00e1ser excimer, programado con la prescripci\u00f3n exacta del paciente, para pulir y remodelar la curvatura de la c\u00f3rnea.<\/p>\n<\/div>\n<\/div>\n\n<hr class=\"wp-block-separator has-text-color has-background has-light-gray-background-color has-light-gray-color mt-2 mb-4 is-style-wide\"\/>\n\n<h4 class=\"legend\">W<\/h4>\n\n<div class=\"wp-block-columns is-layout-flex wp-container-core-columns-is-layout-28f84493 wp-block-columns-is-layout-flex\">\n<div class=\"wp-block-column is-layout-flow wp-block-column-is-layout-flow\" style=\"flex-basis:33.33%\">\n<p><strong>Cirug\u00eda LASIK Wavefront<\/strong><\/p>\n<\/div>\n\n\n\n<div class=\"wp-block-column is-layout-flow wp-block-column-is-layout-flow\" style=\"flex-basis:66.66%\">\n<p>Tipo de cirug\u00eda ocular con l\u00e1ser en la que una tecnolog\u00eda especializada crea un mapa tridimensional del sistema visual del ojo. Este mapa analiza las imperfecciones \u00fanicas de la visi\u00f3n del paciente. Esto permite una correcci\u00f3n de la visi\u00f3n extremadamente precisa e individualizada.<\/p>\n<\/div>\n<\/div>\n","protected":false},"excerpt":{"rendered":"<p>Hay muchos t\u00e9rminos m\u00e9dicos y jerga con los que te puedes encontrar al leer sobre la cirug\u00eda ocular con l\u00e1ser. \u00bfC\u00f3mo puedes llevar la cuenta, y qu\u00e9 significan todas ellas? Ten en cuenta los siguientes t\u00e9rminos comunes del LASIK. A Zona de ablaci\u00f3n En el \u00e1mbito m\u00e9dico, la zona de ablaci\u00f3n se refiere al \u00e1rea [&hellip;]<\/p>\n","protected":false},"author":33,"featured_media":0,"parent":0,"menu_order":0,"comment_status":"closed","ping_status":"closed","template":"","meta":{"_acf_changed":false,"footnotes":""},"class_list":["post-165907","page","type-page","status-publish"],"acf":[],"yoast_head":"<!-- This site is optimized with the Yoast SEO plugin v27.5 - https:\/\/yoast.com\/product\/yoast-seo-wordpress\/ -->\n<title>Glosario de t\u00e9rminos LASIK - LASIK Vision Institute<\/title>\n<meta name=\"description\" content=\"Hay muchos t\u00e9rminos m\u00e9dicos y jerga que puedes encontrar al leer sobre la cirug\u00eda ocular con l\u00e1ser LASIK. Ten en cuenta los siguientes t\u00e9rminos comunes del LASIK.\" \/>\n<meta name=\"robots\" content=\"index, follow, max-snippet:-1, max-image-preview:large, max-video-preview:-1\" \/>\n<link rel=\"canonical\" href=\"https:\/\/www.lasikvisioninstitute.com\/es\/glosario-de-terminos-lasik\/\" \/>\n<meta property=\"og:locale\" content=\"es_ES\" \/>\n<meta property=\"og:type\" content=\"article\" \/>\n<meta property=\"og:title\" content=\"Glosario de t\u00e9rminos LASIK - LASIK Vision Institute\" \/>\n<meta property=\"og:description\" content=\"Hay muchos t\u00e9rminos m\u00e9dicos y jerga que puedes encontrar al leer sobre la cirug\u00eda ocular con l\u00e1ser LASIK. Ten en cuenta los siguientes t\u00e9rminos comunes del LASIK.\" \/>\n<meta property=\"og:url\" content=\"https:\/\/www.lasikvisioninstitute.com\/es\/glosario-de-terminos-lasik\/\" \/>\n<meta property=\"og:site_name\" content=\"The LASIK Vision Institute\" \/>\n<meta property=\"article:modified_time\" content=\"2024-06-04T23:24:48+00:00\" \/>\n<meta name=\"twitter:card\" content=\"summary_large_image\" \/>\n<script type=\"application\/ld+json\" class=\"yoast-schema-graph\">{\"@context\":\"https:\\\/\\\/schema.org\",\"@graph\":[{\"@type\":\"WebPage\",\"@id\":\"https:\\\/\\\/www.lasikvisioninstitute.com\\\/es\\\/glosario-de-terminos-lasik\\\/\",\"url\":\"https:\\\/\\\/www.lasikvisioninstitute.com\\\/es\\\/glosario-de-terminos-lasik\\\/\",\"name\":\"Glosario de t\u00e9rminos LASIK - LASIK Vision Institute\",\"isPartOf\":{\"@id\":\"https:\\\/\\\/www.lasikvisioninstitute.com\\\/es\\\/#website\"},\"datePublished\":\"2015-11-20T15:22:10+00:00\",\"dateModified\":\"2024-06-04T23:24:48+00:00\",\"description\":\"Hay muchos t\u00e9rminos m\u00e9dicos y jerga que puedes encontrar al leer sobre la cirug\u00eda ocular con l\u00e1ser LASIK. Ten en cuenta los siguientes t\u00e9rminos comunes del LASIK.\",\"breadcrumb\":{\"@id\":\"https:\\\/\\\/www.lasikvisioninstitute.com\\\/es\\\/glosario-de-terminos-lasik\\\/#breadcrumb\"},\"inLanguage\":\"es-ES\",\"potentialAction\":[{\"@type\":\"ReadAction\",\"target\":[\"https:\\\/\\\/www.lasikvisioninstitute.com\\\/es\\\/glosario-de-terminos-lasik\\\/\"]}]},{\"@type\":\"BreadcrumbList\",\"@id\":\"https:\\\/\\\/www.lasikvisioninstitute.com\\\/es\\\/glosario-de-terminos-lasik\\\/#breadcrumb\",\"itemListElement\":[{\"@type\":\"ListItem\",\"position\":1,\"name\":\"Portada\",\"item\":\"https:\\\/\\\/www.lasikvisioninstitute.com\\\/es\\\/\"},{\"@type\":\"ListItem\",\"position\":2,\"name\":\"Glosario de t\u00e9rminos LASIK\"}]},{\"@type\":\"WebSite\",\"@id\":\"https:\\\/\\\/www.lasikvisioninstitute.com\\\/es\\\/#website\",\"url\":\"https:\\\/\\\/www.lasikvisioninstitute.com\\\/es\\\/\",\"name\":\"The LASIK Vision Institute\",\"description\":\"1.4 Million LASIK Eye Surgeries and Counting\",\"publisher\":{\"@id\":\"https:\\\/\\\/www.lasikvisioninstitute.com\\\/es\\\/#organization\"},\"potentialAction\":[{\"@type\":\"SearchAction\",\"target\":{\"@type\":\"EntryPoint\",\"urlTemplate\":\"https:\\\/\\\/www.lasikvisioninstitute.com\\\/es\\\/?s={search_term_string}\"},\"query-input\":{\"@type\":\"PropertyValueSpecification\",\"valueRequired\":true,\"valueName\":\"search_term_string\"}}],\"inLanguage\":\"es-ES\"},{\"@type\":\"Organization\",\"@id\":\"https:\\\/\\\/www.lasikvisioninstitute.com\\\/es\\\/#organization\",\"name\":\"The LASIK Vision Institute\",\"url\":\"https:\\\/\\\/www.lasikvisioninstitute.com\\\/es\\\/\",\"logo\":{\"@type\":\"ImageObject\",\"inLanguage\":\"es-ES\",\"@id\":\"https:\\\/\\\/www.lasikvisioninstitute.com\\\/es\\\/#\\\/schema\\\/logo\\\/image\\\/\",\"url\":\"https:\\\/\\\/www.lasikvisioninstitute.com\\\/wp-content\\\/uploads\\\/2019\\\/10\\\/The-LASIK-Vision-Institute-Logo.png\",\"contentUrl\":\"https:\\\/\\\/www.lasikvisioninstitute.com\\\/wp-content\\\/uploads\\\/2019\\\/10\\\/The-LASIK-Vision-Institute-Logo.png\",\"width\":1000,\"height\":289,\"caption\":\"The LASIK Vision Institute\"},\"image\":{\"@id\":\"https:\\\/\\\/www.lasikvisioninstitute.com\\\/es\\\/#\\\/schema\\\/logo\\\/image\\\/\"}}]}<\/script>\n<!-- \/ Yoast SEO plugin. -->","yoast_head_json":{"title":"Glosario de t\u00e9rminos LASIK - LASIK Vision Institute","description":"Hay muchos t\u00e9rminos m\u00e9dicos y jerga que puedes encontrar al leer sobre la cirug\u00eda ocular con l\u00e1ser LASIK. Ten en cuenta los siguientes t\u00e9rminos comunes del LASIK.","robots":{"index":"index","follow":"follow","max-snippet":"max-snippet:-1","max-image-preview":"max-image-preview:large","max-video-preview":"max-video-preview:-1"},"canonical":"https:\/\/www.lasikvisioninstitute.com\/es\/glosario-de-terminos-lasik\/","og_locale":"es_ES","og_type":"article","og_title":"Glosario de t\u00e9rminos LASIK - LASIK Vision Institute","og_description":"Hay muchos t\u00e9rminos m\u00e9dicos y jerga que puedes encontrar al leer sobre la cirug\u00eda ocular con l\u00e1ser LASIK. Ten en cuenta los siguientes t\u00e9rminos comunes del LASIK.","og_url":"https:\/\/www.lasikvisioninstitute.com\/es\/glosario-de-terminos-lasik\/","og_site_name":"The LASIK Vision Institute","article_modified_time":"2024-06-04T23:24:48+00:00","twitter_card":"summary_large_image","schema":{"@context":"https:\/\/schema.org","@graph":[{"@type":"WebPage","@id":"https:\/\/www.lasikvisioninstitute.com\/es\/glosario-de-terminos-lasik\/","url":"https:\/\/www.lasikvisioninstitute.com\/es\/glosario-de-terminos-lasik\/","name":"Glosario de t\u00e9rminos LASIK - LASIK Vision Institute","isPartOf":{"@id":"https:\/\/www.lasikvisioninstitute.com\/es\/#website"},"datePublished":"2015-11-20T15:22:10+00:00","dateModified":"2024-06-04T23:24:48+00:00","description":"Hay muchos t\u00e9rminos m\u00e9dicos y jerga que puedes encontrar al leer sobre la cirug\u00eda ocular con l\u00e1ser LASIK. Ten en cuenta los siguientes t\u00e9rminos comunes del LASIK.","breadcrumb":{"@id":"https:\/\/www.lasikvisioninstitute.com\/es\/glosario-de-terminos-lasik\/#breadcrumb"},"inLanguage":"es-ES","potentialAction":[{"@type":"ReadAction","target":["https:\/\/www.lasikvisioninstitute.com\/es\/glosario-de-terminos-lasik\/"]}]},{"@type":"BreadcrumbList","@id":"https:\/\/www.lasikvisioninstitute.com\/es\/glosario-de-terminos-lasik\/#breadcrumb","itemListElement":[{"@type":"ListItem","position":1,"name":"Portada","item":"https:\/\/www.lasikvisioninstitute.com\/es\/"},{"@type":"ListItem","position":2,"name":"Glosario de t\u00e9rminos LASIK"}]},{"@type":"WebSite","@id":"https:\/\/www.lasikvisioninstitute.com\/es\/#website","url":"https:\/\/www.lasikvisioninstitute.com\/es\/","name":"The LASIK Vision Institute","description":"1.4 Million LASIK Eye Surgeries and Counting","publisher":{"@id":"https:\/\/www.lasikvisioninstitute.com\/es\/#organization"},"potentialAction":[{"@type":"SearchAction","target":{"@type":"EntryPoint","urlTemplate":"https:\/\/www.lasikvisioninstitute.com\/es\/?s={search_term_string}"},"query-input":{"@type":"PropertyValueSpecification","valueRequired":true,"valueName":"search_term_string"}}],"inLanguage":"es-ES"},{"@type":"Organization","@id":"https:\/\/www.lasikvisioninstitute.com\/es\/#organization","name":"The LASIK Vision Institute","url":"https:\/\/www.lasikvisioninstitute.com\/es\/","logo":{"@type":"ImageObject","inLanguage":"es-ES","@id":"https:\/\/www.lasikvisioninstitute.com\/es\/#\/schema\/logo\/image\/","url":"https:\/\/www.lasikvisioninstitute.com\/wp-content\/uploads\/2019\/10\/The-LASIK-Vision-Institute-Logo.png","contentUrl":"https:\/\/www.lasikvisioninstitute.com\/wp-content\/uploads\/2019\/10\/The-LASIK-Vision-Institute-Logo.png","width":1000,"height":289,"caption":"The LASIK Vision Institute"},"image":{"@id":"https:\/\/www.lasikvisioninstitute.com\/es\/#\/schema\/logo\/image\/"}}]}},"_links":{"self":[{"href":"https:\/\/www.lasikvisioninstitute.com\/es\/wp-json\/wp\/v2\/pages\/165907","targetHints":{"allow":["GET"]}}],"collection":[{"href":"https:\/\/www.lasikvisioninstitute.com\/es\/wp-json\/wp\/v2\/pages"}],"about":[{"href":"https:\/\/www.lasikvisioninstitute.com\/es\/wp-json\/wp\/v2\/types\/page"}],"author":[{"embeddable":true,"href":"https:\/\/www.lasikvisioninstitute.com\/es\/wp-json\/wp\/v2\/users\/33"}],"replies":[{"embeddable":true,"href":"https:\/\/www.lasikvisioninstitute.com\/es\/wp-json\/wp\/v2\/comments?post=165907"}],"version-history":[{"count":0,"href":"https:\/\/www.lasikvisioninstitute.com\/es\/wp-json\/wp\/v2\/pages\/165907\/revisions"}],"wp:attachment":[{"href":"https:\/\/www.lasikvisioninstitute.com\/es\/wp-json\/wp\/v2\/media?parent=165907"}],"curies":[{"name":"wp","href":"https:\/\/api.w.org\/{rel}","templated":true}]}}