{"id":165905,"date":"2017-04-18T09:03:57","date_gmt":"2017-04-18T14:03:57","guid":{"rendered":"https:\/\/dev.lasikvisioninstitute.com\/asociaciones\/"},"modified":"2024-06-04T20:42:20","modified_gmt":"2024-06-05T01:42:20","slug":"asociaciones","status":"publish","type":"page","link":"https:\/\/www.lasikvisioninstitute.com\/es\/asociaciones\/","title":{"rendered":"Asociaciones"},"content":{"rendered":"\n<div class=\"wp-block-media-text alignfull is-stacked-on-mobile is-image-fill has-background\" style=\"background:linear-gradient(180deg,rgb(240,241,244) 0%,rgb(255,255,255) 100%)\"><figure class=\"wp-block-media-text__media\" style=\"background-image:url(https:\/\/www.lasikvisioninstitute.com\/wp-content\/uploads\/2022\/02\/doctor-shake-hands-1400x933.jpg);background-position:52% 60%\"><img decoding=\"async\" src=\"https:\/\/www.lasikvisioninstitute.com\/wp-content\/uploads\/2022\/02\/doctor-shake-hands-1400x933.jpg\" alt=\"\" class=\"wp-image-140645 size-full\"\/><\/figure><div class=\"wp-block-media-text__content\">\n<div style=\"height:100px\" aria-hidden=\"true\" class=\"wp-block-spacer\"><\/div>\n\n\n\n<h6 class=\"wp-block-heading h6 letter-spacing has-teal-color has-text-color is-style-muted-heading\">Asociaci\u00f3n<\/h6>\n\n\n\n<div style=\"height:30px\" aria-hidden=\"true\" class=\"wp-block-spacer\"><\/div>\n\n\n\n<h1 class=\"wp-block-heading\">Asociaciones del Instituto de la Visi\u00f3n LASIK<\/h1>\n\n\n\n<div style=\"height:30px\" aria-hidden=\"true\" class=\"wp-block-spacer\"><\/div>\n\n\n\n<p>El LASIK Vision Institute\u00ae se enorgullece de ser el socio oficial LASIK del equipo Penske\u00ae. Al igual que el Instituto de Visi\u00f3n LASIK, el Equipo Penske es sin\u00f3nimo de visi\u00f3n, tecnolog\u00eda y \u00e9xito. El Equipo Penske cuenta con m\u00e1s de 440 victorias de todos los tiempos de algunos de los pilotos con m\u00e1s talento y m\u00e1s memorables del sector, como el n\u00ba 22 Joey Logano y el n\u00ba 2 Brad Keselowski. En el LASIK Vision Institute, nosotros tambi\u00e9n hemos utilizado nuestra experiencia y conocimientos para convertirnos en un l\u00edder de confianza en LASIK gracias a nuestro compromiso con la tecnolog\u00eda avanzada, la atenci\u00f3n personalizada, la comodidad y la asequibilidad.<\/p>\n\n\n\n<div style=\"height:100px\" aria-hidden=\"true\" class=\"wp-block-spacer\"><\/div>\n<\/div><\/div>\n\n<div class=\"wp-block-group alignfull has-polar-white-background-color has-background is-layout-flow wp-block-group-is-layout-flow\">\n<div style=\"height:100px\" aria-hidden=\"true\" class=\"wp-block-spacer\"><\/div>\n\n\n\n<p class=\"has-normal-font-size\">Detr\u00e1s de cada atleta profesional hay un equipo de m\u00e9dicos expertos cuyo objetivo principal es mantener a su atleta sano y rindiendo al m\u00e1ximo. En el LASIK Vision Institute, nuestros experimentados cirujanos oculares especialistas en LASIK utilizan algunas de las \u00faltimas tecnolog\u00edas LASIK aprobadas por la FDA para proporcionarte una mejor visi\u00f3n y un mejor acabado. Nos sentimos honrados de asociarnos con una organizaci\u00f3n tan respetada como el Equipo Penske y esperamos fomentar una relaci\u00f3n en la que una visi\u00f3n m\u00e1s clara sea un claro ganador.<\/p>\n\n\n\n<p><strong>No te pierdas nada de la emocionante acci\u00f3n de la NASCAR\u00ae esta temporada. <\/strong><a href=\"https:\/\/www.lasikvisioninstitute.com\/es\/ischedule-es\/\">Programa<\/a> hoy mismo<a href=\"https:\/\/www.lasikvisioninstitute.com\/es\/ischedule-es\/\">una consulta GRATUITA<\/a> en el LASIK Vision Institute m\u00e1s cercano.<\/p>\n\n\n\n<div style=\"height:100px\" aria-hidden=\"true\" class=\"wp-block-spacer\"><\/div>\n<\/div>\n\n<div style=\"height:100px\" aria-hidden=\"true\" class=\"wp-block-spacer\"><\/div>\n\n<div class=\"wp-block-columns is-layout-flex wp-container-core-columns-is-layout-28f84493 wp-block-columns-is-layout-flex\">\n<div class=\"wp-block-column is-layout-flow wp-block-column-is-layout-flow\">\n<h2 class=\"wp-block-heading\">Seguro de grupo y programa de descuentos para empresas<\/h2>\n<\/div>\n\n\n\n<div class=\"wp-block-column is-layout-flow wp-block-column-is-layout-flow\">\n<p>El Instituto de la Visi\u00f3n LASIK colabora con muchos de los principales planes de seguros de visi\u00f3n y de asistencia sanitaria de Norteam\u00e9rica. Tambi\u00e9n trabajamos con m\u00e1s de 1000 empresas para ofrecer descuentos en LASIK. Nuestro objetivo es ofrecer una mejor visi\u00f3n a un mejor precio.<\/p>\n\n\n\n<p>Para saber si tienes derecho a un descuento por cirug\u00eda ocular LASIK, ponte en contacto con tu gestor de RRHH\/Beneficios o directamente con tu compa\u00f1\u00eda de seguros. O puedes ponerte en contacto con nosotros directamente para ver si tu seguro o compa\u00f1\u00eda tiene derecho a un descuento.<\/p>\n<\/div>\n<\/div>\n","protected":false},"excerpt":{"rendered":"<p>Detr\u00e1s de cada atleta profesional hay un equipo de m\u00e9dicos expertos cuyo objetivo principal es mantener a su atleta sano y rindiendo al m\u00e1ximo. En el LASIK Vision Institute, nuestros experimentados cirujanos oculares especialistas en LASIK utilizan algunas de las \u00faltimas tecnolog\u00edas LASIK aprobadas por la FDA para proporcionarte una mejor visi\u00f3n y un mejor [&hellip;]<\/p>\n","protected":false},"author":33,"featured_media":0,"parent":0,"menu_order":0,"comment_status":"closed","ping_status":"closed","template":"","meta":{"_acf_changed":false,"footnotes":""},"class_list":["post-165905","page","type-page","status-publish"],"acf":[],"yoast_head":"<!-- This site is optimized with the Yoast SEO plugin v27.5 - https:\/\/yoast.com\/product\/yoast-seo-wordpress\/ -->\n<title>Asociaciones del Instituto de la Visi\u00f3n LASIK<\/title>\n<meta name=\"description\" content=\"El Instituto de la Visi\u00f3n LASIK se enorgullece de colaborar con organizaciones de renombre, m\u00e9dicos expertos y planes de seguros de visi\u00f3n y de asistencia sanitaria gestionada. M\u00e1s informaci\u00f3n\" \/>\n<meta name=\"robots\" content=\"index, follow, max-snippet:-1, max-image-preview:large, max-video-preview:-1\" \/>\n<link rel=\"canonical\" href=\"https:\/\/www.lasikvisioninstitute.com\/es\/asociaciones\/\" \/>\n<meta property=\"og:locale\" content=\"es_ES\" \/>\n<meta property=\"og:type\" content=\"article\" \/>\n<meta property=\"og:title\" content=\"Asociaciones del Instituto de la Visi\u00f3n LASIK\" \/>\n<meta property=\"og:description\" content=\"El Instituto de la Visi\u00f3n LASIK se enorgullece de colaborar con organizaciones de renombre, m\u00e9dicos expertos y planes de seguros de visi\u00f3n y de asistencia sanitaria gestionada. M\u00e1s informaci\u00f3n\" \/>\n<meta property=\"og:url\" content=\"https:\/\/www.lasikvisioninstitute.com\/es\/asociaciones\/\" \/>\n<meta property=\"og:site_name\" content=\"The LASIK Vision Institute\" \/>\n<meta property=\"article:modified_time\" content=\"2024-06-05T01:42:20+00:00\" \/>\n<meta property=\"og:image\" content=\"https:\/\/www.lasikvisioninstitute.com\/wp-content\/uploads\/2022\/02\/doctor-shake-hands-1400x933.jpg\" \/>\n<meta name=\"twitter:card\" content=\"summary_large_image\" \/>\n<script type=\"application\/ld+json\" class=\"yoast-schema-graph\">{\"@context\":\"https:\\\/\\\/schema.org\",\"@graph\":[{\"@type\":\"WebPage\",\"@id\":\"https:\\\/\\\/www.lasikvisioninstitute.com\\\/es\\\/asociaciones\\\/\",\"url\":\"https:\\\/\\\/www.lasikvisioninstitute.com\\\/es\\\/asociaciones\\\/\",\"name\":\"Asociaciones del Instituto de la Visi\u00f3n LASIK\",\"isPartOf\":{\"@id\":\"https:\\\/\\\/www.lasikvisioninstitute.com\\\/es\\\/#website\"},\"primaryImageOfPage\":{\"@id\":\"https:\\\/\\\/www.lasikvisioninstitute.com\\\/es\\\/asociaciones\\\/#primaryimage\"},\"image\":{\"@id\":\"https:\\\/\\\/www.lasikvisioninstitute.com\\\/es\\\/asociaciones\\\/#primaryimage\"},\"thumbnailUrl\":\"https:\\\/\\\/www.lasikvisioninstitute.com\\\/wp-content\\\/uploads\\\/2022\\\/02\\\/doctor-shake-hands-1400x933.jpg\",\"datePublished\":\"2017-04-18T14:03:57+00:00\",\"dateModified\":\"2024-06-05T01:42:20+00:00\",\"description\":\"El Instituto de la Visi\u00f3n LASIK se enorgullece de colaborar con organizaciones de renombre, m\u00e9dicos expertos y planes de seguros de visi\u00f3n y de asistencia sanitaria gestionada. M\u00e1s informaci\u00f3n\",\"breadcrumb\":{\"@id\":\"https:\\\/\\\/www.lasikvisioninstitute.com\\\/es\\\/asociaciones\\\/#breadcrumb\"},\"inLanguage\":\"es-ES\",\"potentialAction\":[{\"@type\":\"ReadAction\",\"target\":[\"https:\\\/\\\/www.lasikvisioninstitute.com\\\/es\\\/asociaciones\\\/\"]}]},{\"@type\":\"ImageObject\",\"inLanguage\":\"es-ES\",\"@id\":\"https:\\\/\\\/www.lasikvisioninstitute.com\\\/es\\\/asociaciones\\\/#primaryimage\",\"url\":\"https:\\\/\\\/www.lasikvisioninstitute.com\\\/wp-content\\\/uploads\\\/2022\\\/02\\\/doctor-shake-hands-1400x933.jpg\",\"contentUrl\":\"https:\\\/\\\/www.lasikvisioninstitute.com\\\/wp-content\\\/uploads\\\/2022\\\/02\\\/doctor-shake-hands-1400x933.jpg\"},{\"@type\":\"BreadcrumbList\",\"@id\":\"https:\\\/\\\/www.lasikvisioninstitute.com\\\/es\\\/asociaciones\\\/#breadcrumb\",\"itemListElement\":[{\"@type\":\"ListItem\",\"position\":1,\"name\":\"Portada\",\"item\":\"https:\\\/\\\/www.lasikvisioninstitute.com\\\/es\\\/\"},{\"@type\":\"ListItem\",\"position\":2,\"name\":\"Asociaciones\"}]},{\"@type\":\"WebSite\",\"@id\":\"https:\\\/\\\/www.lasikvisioninstitute.com\\\/es\\\/#website\",\"url\":\"https:\\\/\\\/www.lasikvisioninstitute.com\\\/es\\\/\",\"name\":\"The LASIK Vision Institute\",\"description\":\"1.4 Million LASIK Eye Surgeries and Counting\",\"publisher\":{\"@id\":\"https:\\\/\\\/www.lasikvisioninstitute.com\\\/es\\\/#organization\"},\"potentialAction\":[{\"@type\":\"SearchAction\",\"target\":{\"@type\":\"EntryPoint\",\"urlTemplate\":\"https:\\\/\\\/www.lasikvisioninstitute.com\\\/es\\\/?s={search_term_string}\"},\"query-input\":{\"@type\":\"PropertyValueSpecification\",\"valueRequired\":true,\"valueName\":\"search_term_string\"}}],\"inLanguage\":\"es-ES\"},{\"@type\":\"Organization\",\"@id\":\"https:\\\/\\\/www.lasikvisioninstitute.com\\\/es\\\/#organization\",\"name\":\"The LASIK Vision Institute\",\"url\":\"https:\\\/\\\/www.lasikvisioninstitute.com\\\/es\\\/\",\"logo\":{\"@type\":\"ImageObject\",\"inLanguage\":\"es-ES\",\"@id\":\"https:\\\/\\\/www.lasikvisioninstitute.com\\\/es\\\/#\\\/schema\\\/logo\\\/image\\\/\",\"url\":\"https:\\\/\\\/www.lasikvisioninstitute.com\\\/wp-content\\\/uploads\\\/2019\\\/10\\\/The-LASIK-Vision-Institute-Logo.png\",\"contentUrl\":\"https:\\\/\\\/www.lasikvisioninstitute.com\\\/wp-content\\\/uploads\\\/2019\\\/10\\\/The-LASIK-Vision-Institute-Logo.png\",\"width\":1000,\"height\":289,\"caption\":\"The LASIK Vision Institute\"},\"image\":{\"@id\":\"https:\\\/\\\/www.lasikvisioninstitute.com\\\/es\\\/#\\\/schema\\\/logo\\\/image\\\/\"}}]}<\/script>\n<!-- \/ Yoast SEO plugin. -->","yoast_head_json":{"title":"Asociaciones del Instituto de la Visi\u00f3n LASIK","description":"El Instituto de la Visi\u00f3n LASIK se enorgullece de colaborar con organizaciones de renombre, m\u00e9dicos expertos y planes de seguros de visi\u00f3n y de asistencia sanitaria gestionada. M\u00e1s informaci\u00f3n","robots":{"index":"index","follow":"follow","max-snippet":"max-snippet:-1","max-image-preview":"max-image-preview:large","max-video-preview":"max-video-preview:-1"},"canonical":"https:\/\/www.lasikvisioninstitute.com\/es\/asociaciones\/","og_locale":"es_ES","og_type":"article","og_title":"Asociaciones del Instituto de la Visi\u00f3n LASIK","og_description":"El Instituto de la Visi\u00f3n LASIK se enorgullece de colaborar con organizaciones de renombre, m\u00e9dicos expertos y planes de seguros de visi\u00f3n y de asistencia sanitaria gestionada. M\u00e1s informaci\u00f3n","og_url":"https:\/\/www.lasikvisioninstitute.com\/es\/asociaciones\/","og_site_name":"The LASIK Vision Institute","article_modified_time":"2024-06-05T01:42:20+00:00","og_image":[{"url":"https:\/\/www.lasikvisioninstitute.com\/wp-content\/uploads\/2022\/02\/doctor-shake-hands-1400x933.jpg","type":"","width":"","height":""}],"twitter_card":"summary_large_image","schema":{"@context":"https:\/\/schema.org","@graph":[{"@type":"WebPage","@id":"https:\/\/www.lasikvisioninstitute.com\/es\/asociaciones\/","url":"https:\/\/www.lasikvisioninstitute.com\/es\/asociaciones\/","name":"Asociaciones del Instituto de la Visi\u00f3n LASIK","isPartOf":{"@id":"https:\/\/www.lasikvisioninstitute.com\/es\/#website"},"primaryImageOfPage":{"@id":"https:\/\/www.lasikvisioninstitute.com\/es\/asociaciones\/#primaryimage"},"image":{"@id":"https:\/\/www.lasikvisioninstitute.com\/es\/asociaciones\/#primaryimage"},"thumbnailUrl":"https:\/\/www.lasikvisioninstitute.com\/wp-content\/uploads\/2022\/02\/doctor-shake-hands-1400x933.jpg","datePublished":"2017-04-18T14:03:57+00:00","dateModified":"2024-06-05T01:42:20+00:00","description":"El Instituto de la Visi\u00f3n LASIK se enorgullece de colaborar con organizaciones de renombre, m\u00e9dicos expertos y planes de seguros de visi\u00f3n y de asistencia sanitaria gestionada. M\u00e1s informaci\u00f3n","breadcrumb":{"@id":"https:\/\/www.lasikvisioninstitute.com\/es\/asociaciones\/#breadcrumb"},"inLanguage":"es-ES","potentialAction":[{"@type":"ReadAction","target":["https:\/\/www.lasikvisioninstitute.com\/es\/asociaciones\/"]}]},{"@type":"ImageObject","inLanguage":"es-ES","@id":"https:\/\/www.lasikvisioninstitute.com\/es\/asociaciones\/#primaryimage","url":"https:\/\/www.lasikvisioninstitute.com\/wp-content\/uploads\/2022\/02\/doctor-shake-hands-1400x933.jpg","contentUrl":"https:\/\/www.lasikvisioninstitute.com\/wp-content\/uploads\/2022\/02\/doctor-shake-hands-1400x933.jpg"},{"@type":"BreadcrumbList","@id":"https:\/\/www.lasikvisioninstitute.com\/es\/asociaciones\/#breadcrumb","itemListElement":[{"@type":"ListItem","position":1,"name":"Portada","item":"https:\/\/www.lasikvisioninstitute.com\/es\/"},{"@type":"ListItem","position":2,"name":"Asociaciones"}]},{"@type":"WebSite","@id":"https:\/\/www.lasikvisioninstitute.com\/es\/#website","url":"https:\/\/www.lasikvisioninstitute.com\/es\/","name":"The LASIK Vision Institute","description":"1.4 Million LASIK Eye Surgeries and Counting","publisher":{"@id":"https:\/\/www.lasikvisioninstitute.com\/es\/#organization"},"potentialAction":[{"@type":"SearchAction","target":{"@type":"EntryPoint","urlTemplate":"https:\/\/www.lasikvisioninstitute.com\/es\/?s={search_term_string}"},"query-input":{"@type":"PropertyValueSpecification","valueRequired":true,"valueName":"search_term_string"}}],"inLanguage":"es-ES"},{"@type":"Organization","@id":"https:\/\/www.lasikvisioninstitute.com\/es\/#organization","name":"The LASIK Vision Institute","url":"https:\/\/www.lasikvisioninstitute.com\/es\/","logo":{"@type":"ImageObject","inLanguage":"es-ES","@id":"https:\/\/www.lasikvisioninstitute.com\/es\/#\/schema\/logo\/image\/","url":"https:\/\/www.lasikvisioninstitute.com\/wp-content\/uploads\/2019\/10\/The-LASIK-Vision-Institute-Logo.png","contentUrl":"https:\/\/www.lasikvisioninstitute.com\/wp-content\/uploads\/2019\/10\/The-LASIK-Vision-Institute-Logo.png","width":1000,"height":289,"caption":"The LASIK Vision Institute"},"image":{"@id":"https:\/\/www.lasikvisioninstitute.com\/es\/#\/schema\/logo\/image\/"}}]}},"_links":{"self":[{"href":"https:\/\/www.lasikvisioninstitute.com\/es\/wp-json\/wp\/v2\/pages\/165905","targetHints":{"allow":["GET"]}}],"collection":[{"href":"https:\/\/www.lasikvisioninstitute.com\/es\/wp-json\/wp\/v2\/pages"}],"about":[{"href":"https:\/\/www.lasikvisioninstitute.com\/es\/wp-json\/wp\/v2\/types\/page"}],"author":[{"embeddable":true,"href":"https:\/\/www.lasikvisioninstitute.com\/es\/wp-json\/wp\/v2\/users\/33"}],"replies":[{"embeddable":true,"href":"https:\/\/www.lasikvisioninstitute.com\/es\/wp-json\/wp\/v2\/comments?post=165905"}],"version-history":[{"count":0,"href":"https:\/\/www.lasikvisioninstitute.com\/es\/wp-json\/wp\/v2\/pages\/165905\/revisions"}],"wp:attachment":[{"href":"https:\/\/www.lasikvisioninstitute.com\/es\/wp-json\/wp\/v2\/media?parent=165905"}],"curies":[{"name":"wp","href":"https:\/\/api.w.org\/{rel}","templated":true}]}}