{"id":165903,"date":"2017-06-06T11:47:21","date_gmt":"2017-06-06T16:47:21","guid":{"rendered":"https:\/\/dev.lasikvisioninstitute.com\/enlaces-a-recursos-sobre-lasik\/"},"modified":"2024-06-04T18:20:53","modified_gmt":"2024-06-04T23:20:53","slug":"enlaces-a-recursos-sobre-lasik","status":"publish","type":"page","link":"https:\/\/www.lasikvisioninstitute.com\/es\/enlaces-a-recursos-sobre-lasik\/","title":{"rendered":"Enlaces a recursos sobre LASIK"},"content":{"rendered":"\n<div style=\"height:40px\" aria-hidden=\"true\" class=\"wp-block-spacer\"><\/div>\n\n<div class=\"wp-block-columns is-layout-flex wp-container-core-columns-is-layout-28f84493 wp-block-columns-is-layout-flex\">\n<div class=\"wp-block-column is-layout-flow wp-block-column-is-layout-flow\">\n<h2 class=\"wp-block-heading\">Recursos sobre cirug\u00eda ocular con l\u00e1ser<\/h2>\n\n\n\n<p>Los enlaces que aparecen a continuaci\u00f3n te proporcionar\u00e1n informaci\u00f3n adicional independiente sobre la cirug\u00eda de correcci\u00f3n de la visi\u00f3n con l\u00e1ser. Los recursos tienen fines educativos y creemos que cuanto m\u00e1s entiendas c\u00f3mo funciona el LASIK, m\u00e1s inclinado estar\u00e1s a tomar una decisi\u00f3n informada.<\/p>\n<\/div>\n\n\n\n<div class=\"wp-block-column is-layout-flow wp-block-column-is-layout-flow\">\n<p><a href=\"https:\/\/www.fda.gov\/MedicalDevices\/ProductsandMedicalProcedures\/SurgeryandLifeSupport\/LASIK\/ucm061358.htm\" target=\"_blank\" rel=\"noopener\"><strong>Administraci\u00f3n de Alimentos y Medicamentos de EEUU<\/strong><\/a><br\/>Aqu\u00ed encontrar\u00e1s detalles sobre el LASIK, informaci\u00f3n sobre los l\u00e1seres aprobados por la FDA y las preguntas m\u00e1s frecuentes.<\/p>\n\n\n\n<p><a href=\"https:\/\/www.nei.nih.gov\/\" target=\"_blank\" rel=\"noopener\"><strong>Instituto Nacional del Ojo (NEI)<\/strong><\/a><br\/>Como uno de los Institutos Nacionales de Salud (NIH) del gobierno federal, el NEI realiza y apoya investigaciones que ayudan a prevenir y tratar las enfermedades oculares y otros trastornos de la visi\u00f3n.<\/p>\n\n\n\n<p><a href=\"https:\/\/medlineplus.gov\/lasereyesurgery.html\" target=\"_blank\" rel=\"noopener\"><strong>Biblioteca Nacional de Medicina (NLM)<\/strong><\/a><br\/>Informaci\u00f3n sanitaria de confianza como servicio de la Biblioteca Nacional de Medicina de EE.UU. Institutos Nacionales de Salud<\/p>\n\n\n\n<p><a href=\"https:\/\/www.lasikvisioninstitute.com\/img\/patient-booklet-ex500-1016-3-us-rev0-11-01-24.pdf\" target=\"_blank\" rel=\"noopener\"><strong>Alcon Libro de Informaci\u00f3n al Paciente<\/strong><\/a><br\/>Esto enlaza con una versi\u00f3n en PDF del Libro de Informaci\u00f3n para el Paciente de nuestro fabricante de l\u00e1ser, que contiene informaci\u00f3n importante sobre nuestro l\u00e1ser y su uso en procedimientos de correcci\u00f3n visual con l\u00e1ser.<\/p>\n<\/div>\n<\/div>\n\n<div style=\"height:70px\" aria-hidden=\"true\" class=\"wp-block-spacer\"><\/div>\n\n<hr class=\"wp-block-separator has-text-color has-teal-color has-alpha-channel-opacity has-teal-background-color has-background is-style-wide\"\/>\n\n<div style=\"height:50px\" aria-hidden=\"true\" class=\"wp-block-spacer\"><\/div>\n\n<p class=\"has-text-align-center has-normal-font-size\">Respuestas a las <a href=\"https:\/\/www.lasikvisioninstitute.com\/candidate-lasik\/faqs\/\">preguntas m\u00e1s frecuentes (FAQ) sobre LASIK, PRK y cirug\u00eda ocular con l\u00e1ser<\/a>.<\/p>\n","protected":false},"excerpt":{"rendered":"<p>Recursos sobre cirug\u00eda ocular con l\u00e1ser Los enlaces que aparecen a continuaci\u00f3n te proporcionar\u00e1n informaci\u00f3n adicional independiente sobre la cirug\u00eda de correcci\u00f3n de la visi\u00f3n con l\u00e1ser. Los recursos tienen fines educativos y creemos que cuanto m\u00e1s entiendas c\u00f3mo funciona el LASIK, m\u00e1s inclinado estar\u00e1s a tomar una decisi\u00f3n informada. Administraci\u00f3n de Alimentos y Medicamentos [&hellip;]<\/p>\n","protected":false},"author":33,"featured_media":0,"parent":0,"menu_order":0,"comment_status":"closed","ping_status":"closed","template":"","meta":{"_acf_changed":false,"footnotes":""},"class_list":["post-165903","page","type-page","status-publish"],"acf":[],"yoast_head":"<!-- This site is optimized with the Yoast SEO plugin v27.3 - https:\/\/yoast.com\/product\/yoast-seo-wordpress\/ -->\n<title>Enlaces a recursos sobre cirug\u00eda ocular con l\u00e1ser - LASIK Vision Institute<\/title>\n<meta name=\"description\" content=\"El Instituto de la Visi\u00f3n LASIK proporciona informaci\u00f3n adicional independiente sobre la cirug\u00eda de correcci\u00f3n de la visi\u00f3n con l\u00e1ser a trav\u00e9s de estos enlaces a recursos educativos.\" \/>\n<meta name=\"robots\" content=\"index, follow, max-snippet:-1, max-image-preview:large, max-video-preview:-1\" \/>\n<link rel=\"canonical\" href=\"https:\/\/www.lasikvisioninstitute.com\/es\/enlaces-a-recursos-sobre-lasik\/\" \/>\n<meta property=\"og:locale\" content=\"es_ES\" \/>\n<meta property=\"og:type\" content=\"article\" \/>\n<meta property=\"og:title\" content=\"Enlaces a recursos sobre cirug\u00eda ocular con l\u00e1ser - LASIK Vision Institute\" \/>\n<meta property=\"og:description\" content=\"El Instituto de la Visi\u00f3n LASIK proporciona informaci\u00f3n adicional independiente sobre la cirug\u00eda de correcci\u00f3n de la visi\u00f3n con l\u00e1ser a trav\u00e9s de estos enlaces a recursos educativos.\" \/>\n<meta property=\"og:url\" content=\"https:\/\/www.lasikvisioninstitute.com\/es\/enlaces-a-recursos-sobre-lasik\/\" \/>\n<meta property=\"og:site_name\" content=\"The LASIK Vision Institute\" \/>\n<meta property=\"article:modified_time\" content=\"2024-06-04T23:20:53+00:00\" \/>\n<meta name=\"twitter:card\" content=\"summary_large_image\" \/>\n<script type=\"application\/ld+json\" class=\"yoast-schema-graph\">{\"@context\":\"https:\\\/\\\/schema.org\",\"@graph\":[{\"@type\":\"WebPage\",\"@id\":\"https:\\\/\\\/www.lasikvisioninstitute.com\\\/es\\\/enlaces-a-recursos-sobre-lasik\\\/\",\"url\":\"https:\\\/\\\/www.lasikvisioninstitute.com\\\/es\\\/enlaces-a-recursos-sobre-lasik\\\/\",\"name\":\"Enlaces a recursos sobre cirug\u00eda ocular con l\u00e1ser - LASIK Vision Institute\",\"isPartOf\":{\"@id\":\"https:\\\/\\\/www.lasikvisioninstitute.com\\\/es\\\/#website\"},\"datePublished\":\"2017-06-06T16:47:21+00:00\",\"dateModified\":\"2024-06-04T23:20:53+00:00\",\"description\":\"El Instituto de la Visi\u00f3n LASIK proporciona informaci\u00f3n adicional independiente sobre la cirug\u00eda de correcci\u00f3n de la visi\u00f3n con l\u00e1ser a trav\u00e9s de estos enlaces a recursos educativos.\",\"breadcrumb\":{\"@id\":\"https:\\\/\\\/www.lasikvisioninstitute.com\\\/es\\\/enlaces-a-recursos-sobre-lasik\\\/#breadcrumb\"},\"inLanguage\":\"es-ES\",\"potentialAction\":[{\"@type\":\"ReadAction\",\"target\":[\"https:\\\/\\\/www.lasikvisioninstitute.com\\\/es\\\/enlaces-a-recursos-sobre-lasik\\\/\"]}]},{\"@type\":\"BreadcrumbList\",\"@id\":\"https:\\\/\\\/www.lasikvisioninstitute.com\\\/es\\\/enlaces-a-recursos-sobre-lasik\\\/#breadcrumb\",\"itemListElement\":[{\"@type\":\"ListItem\",\"position\":1,\"name\":\"Portada\",\"item\":\"https:\\\/\\\/www.lasikvisioninstitute.com\\\/es\\\/\"},{\"@type\":\"ListItem\",\"position\":2,\"name\":\"Enlaces a recursos sobre LASIK\"}]},{\"@type\":\"WebSite\",\"@id\":\"https:\\\/\\\/www.lasikvisioninstitute.com\\\/es\\\/#website\",\"url\":\"https:\\\/\\\/www.lasikvisioninstitute.com\\\/es\\\/\",\"name\":\"The LASIK Vision Institute\",\"description\":\"1.4 Million LASIK Eye Surgeries and Counting\",\"publisher\":{\"@id\":\"https:\\\/\\\/www.lasikvisioninstitute.com\\\/es\\\/#organization\"},\"potentialAction\":[{\"@type\":\"SearchAction\",\"target\":{\"@type\":\"EntryPoint\",\"urlTemplate\":\"https:\\\/\\\/www.lasikvisioninstitute.com\\\/es\\\/?s={search_term_string}\"},\"query-input\":{\"@type\":\"PropertyValueSpecification\",\"valueRequired\":true,\"valueName\":\"search_term_string\"}}],\"inLanguage\":\"es-ES\"},{\"@type\":\"Organization\",\"@id\":\"https:\\\/\\\/www.lasikvisioninstitute.com\\\/es\\\/#organization\",\"name\":\"The LASIK Vision Institute\",\"url\":\"https:\\\/\\\/www.lasikvisioninstitute.com\\\/es\\\/\",\"logo\":{\"@type\":\"ImageObject\",\"inLanguage\":\"es-ES\",\"@id\":\"https:\\\/\\\/www.lasikvisioninstitute.com\\\/es\\\/#\\\/schema\\\/logo\\\/image\\\/\",\"url\":\"https:\\\/\\\/www.lasikvisioninstitute.com\\\/wp-content\\\/uploads\\\/2019\\\/10\\\/The-LASIK-Vision-Institute-Logo.png\",\"contentUrl\":\"https:\\\/\\\/www.lasikvisioninstitute.com\\\/wp-content\\\/uploads\\\/2019\\\/10\\\/The-LASIK-Vision-Institute-Logo.png\",\"width\":1000,\"height\":289,\"caption\":\"The LASIK Vision Institute\"},\"image\":{\"@id\":\"https:\\\/\\\/www.lasikvisioninstitute.com\\\/es\\\/#\\\/schema\\\/logo\\\/image\\\/\"}}]}<\/script>\n<!-- \/ Yoast SEO plugin. -->","yoast_head_json":{"title":"Enlaces a recursos sobre cirug\u00eda ocular con l\u00e1ser - LASIK Vision Institute","description":"El Instituto de la Visi\u00f3n LASIK proporciona informaci\u00f3n adicional independiente sobre la cirug\u00eda de correcci\u00f3n de la visi\u00f3n con l\u00e1ser a trav\u00e9s de estos enlaces a recursos educativos.","robots":{"index":"index","follow":"follow","max-snippet":"max-snippet:-1","max-image-preview":"max-image-preview:large","max-video-preview":"max-video-preview:-1"},"canonical":"https:\/\/www.lasikvisioninstitute.com\/es\/enlaces-a-recursos-sobre-lasik\/","og_locale":"es_ES","og_type":"article","og_title":"Enlaces a recursos sobre cirug\u00eda ocular con l\u00e1ser - LASIK Vision Institute","og_description":"El Instituto de la Visi\u00f3n LASIK proporciona informaci\u00f3n adicional independiente sobre la cirug\u00eda de correcci\u00f3n de la visi\u00f3n con l\u00e1ser a trav\u00e9s de estos enlaces a recursos educativos.","og_url":"https:\/\/www.lasikvisioninstitute.com\/es\/enlaces-a-recursos-sobre-lasik\/","og_site_name":"The LASIK Vision Institute","article_modified_time":"2024-06-04T23:20:53+00:00","twitter_card":"summary_large_image","schema":{"@context":"https:\/\/schema.org","@graph":[{"@type":"WebPage","@id":"https:\/\/www.lasikvisioninstitute.com\/es\/enlaces-a-recursos-sobre-lasik\/","url":"https:\/\/www.lasikvisioninstitute.com\/es\/enlaces-a-recursos-sobre-lasik\/","name":"Enlaces a recursos sobre cirug\u00eda ocular con l\u00e1ser - LASIK Vision Institute","isPartOf":{"@id":"https:\/\/www.lasikvisioninstitute.com\/es\/#website"},"datePublished":"2017-06-06T16:47:21+00:00","dateModified":"2024-06-04T23:20:53+00:00","description":"El Instituto de la Visi\u00f3n LASIK proporciona informaci\u00f3n adicional independiente sobre la cirug\u00eda de correcci\u00f3n de la visi\u00f3n con l\u00e1ser a trav\u00e9s de estos enlaces a recursos educativos.","breadcrumb":{"@id":"https:\/\/www.lasikvisioninstitute.com\/es\/enlaces-a-recursos-sobre-lasik\/#breadcrumb"},"inLanguage":"es-ES","potentialAction":[{"@type":"ReadAction","target":["https:\/\/www.lasikvisioninstitute.com\/es\/enlaces-a-recursos-sobre-lasik\/"]}]},{"@type":"BreadcrumbList","@id":"https:\/\/www.lasikvisioninstitute.com\/es\/enlaces-a-recursos-sobre-lasik\/#breadcrumb","itemListElement":[{"@type":"ListItem","position":1,"name":"Portada","item":"https:\/\/www.lasikvisioninstitute.com\/es\/"},{"@type":"ListItem","position":2,"name":"Enlaces a recursos sobre LASIK"}]},{"@type":"WebSite","@id":"https:\/\/www.lasikvisioninstitute.com\/es\/#website","url":"https:\/\/www.lasikvisioninstitute.com\/es\/","name":"The LASIK Vision Institute","description":"1.4 Million LASIK Eye Surgeries and Counting","publisher":{"@id":"https:\/\/www.lasikvisioninstitute.com\/es\/#organization"},"potentialAction":[{"@type":"SearchAction","target":{"@type":"EntryPoint","urlTemplate":"https:\/\/www.lasikvisioninstitute.com\/es\/?s={search_term_string}"},"query-input":{"@type":"PropertyValueSpecification","valueRequired":true,"valueName":"search_term_string"}}],"inLanguage":"es-ES"},{"@type":"Organization","@id":"https:\/\/www.lasikvisioninstitute.com\/es\/#organization","name":"The LASIK Vision Institute","url":"https:\/\/www.lasikvisioninstitute.com\/es\/","logo":{"@type":"ImageObject","inLanguage":"es-ES","@id":"https:\/\/www.lasikvisioninstitute.com\/es\/#\/schema\/logo\/image\/","url":"https:\/\/www.lasikvisioninstitute.com\/wp-content\/uploads\/2019\/10\/The-LASIK-Vision-Institute-Logo.png","contentUrl":"https:\/\/www.lasikvisioninstitute.com\/wp-content\/uploads\/2019\/10\/The-LASIK-Vision-Institute-Logo.png","width":1000,"height":289,"caption":"The LASIK Vision Institute"},"image":{"@id":"https:\/\/www.lasikvisioninstitute.com\/es\/#\/schema\/logo\/image\/"}}]}},"_links":{"self":[{"href":"https:\/\/www.lasikvisioninstitute.com\/es\/wp-json\/wp\/v2\/pages\/165903","targetHints":{"allow":["GET"]}}],"collection":[{"href":"https:\/\/www.lasikvisioninstitute.com\/es\/wp-json\/wp\/v2\/pages"}],"about":[{"href":"https:\/\/www.lasikvisioninstitute.com\/es\/wp-json\/wp\/v2\/types\/page"}],"author":[{"embeddable":true,"href":"https:\/\/www.lasikvisioninstitute.com\/es\/wp-json\/wp\/v2\/users\/33"}],"replies":[{"embeddable":true,"href":"https:\/\/www.lasikvisioninstitute.com\/es\/wp-json\/wp\/v2\/comments?post=165903"}],"version-history":[{"count":0,"href":"https:\/\/www.lasikvisioninstitute.com\/es\/wp-json\/wp\/v2\/pages\/165903\/revisions"}],"wp:attachment":[{"href":"https:\/\/www.lasikvisioninstitute.com\/es\/wp-json\/wp\/v2\/media?parent=165903"}],"curies":[{"name":"wp","href":"https:\/\/api.w.org\/{rel}","templated":true}]}}