{"id":165901,"date":"2013-02-01T23:38:18","date_gmt":"2013-02-02T04:38:18","guid":{"rendered":"https:\/\/dev.lasikvisioninstitute.com\/resultados-lasik\/resultados-lasik-3-semanas-despues-del-tratamiento-lasik\/"},"modified":"2024-08-23T11:39:39","modified_gmt":"2024-08-23T16:39:39","slug":"resultados-lasik-3-semanas-despues-del-tratamiento-lasik","status":"publish","type":"page","link":"https:\/\/www.lasikvisioninstitute.com\/es\/resultados-lasik\/resultados-lasik-3-semanas-despues-del-tratamiento-lasik\/","title":{"rendered":"Resultados LASIK: 3 semanas despu\u00e9s del tratamiento LASIK"},"content":{"rendered":"\n<p>Sorprendentemente, a las 3 semanas de la correcci\u00f3n de la visi\u00f3n con l\u00e1ser, se pueden reanudar las actividades extenuantes y los deportes de contacto con protecci\u00f3n ocular. Se recomienda que hables de todas tus actividades deportivas y de ejercicio con tu cirujano especialista en LASIK para determinar si puedes reanudarlas y cu\u00e1ndo 3 semanas despu\u00e9s de la cirug\u00eda ocular LASIK.<\/p>\n\n<p>Por lo general, se puede reanudar la siega del c\u00e9sped, la jardiner\u00eda y otras actividades al aire libre. Sigue teniendo mucho cuidado con tus ojos y prot\u00e9gelos adecuadamente.<\/p>\n\n<p>Cierta fluctuaci\u00f3n de la visi\u00f3n, sensibilidad a la luz y lagrimeo o sequedad son normales y forman parte del proceso de curaci\u00f3n. Es posible que sigas necesitando las l\u00e1grimas artificiales 3 semanas despu\u00e9s de la intervenci\u00f3n LASIK, aunque puedes ir reduci\u00e9ndolas lentamente en los meses siguientes.<\/p>\n\n<p>Si tienes alguna duda o preocupaci\u00f3n, consulta siempre con tu m\u00e9dico especialista en LASIK.<\/p>\n\n<p><strong><a title=\"Resultados del LASIK: 3-6 meses despu&#xE9;s de la cirug&#xED;a ocular LASIK\" href=\"\/lasik-results\/3-6-months-after-lasik-treatment\/\">Inf\u00f3rmate sobre los 3-6 meses posteriores a la cirug\u00eda ocular LASIK<\/a><\/strong>.<\/p>\n","protected":false},"excerpt":{"rendered":"<p>Sorprendentemente, a las 3 semanas de la correcci\u00f3n de la visi\u00f3n con l\u00e1ser, se pueden reanudar las actividades extenuantes y los deportes de contacto con protecci\u00f3n ocular. Se recomienda que hables de todas tus actividades deportivas y de ejercicio con tu cirujano especialista en LASIK para determinar si puedes reanudarlas y cu\u00e1ndo 3 semanas despu\u00e9s [&hellip;]<\/p>\n","protected":false},"author":33,"featured_media":169554,"parent":165893,"menu_order":0,"comment_status":"closed","ping_status":"closed","template":"","meta":{"_acf_changed":false,"footnotes":""},"class_list":["post-165901","page","type-page","status-publish","has-post-thumbnail"],"acf":[],"yoast_head":"<!-- This site is optimized with the Yoast SEO plugin v27.5 - https:\/\/yoast.com\/product\/yoast-seo-wordpress\/ -->\n<title>3 semanas despu\u00e9s de una intervenci\u00f3n LASIK - Qu\u00e9 esperar<\/title>\n<meta name=\"description\" content=\"Descubre qu\u00e9 puedes esperar 3 semanas despu\u00e9s de una intervenci\u00f3n LASIK y ent\u00e9rate de cu\u00e1ndo puedes reanudar tus actividades con seguridad.\" \/>\n<meta name=\"robots\" content=\"index, follow, max-snippet:-1, max-image-preview:large, max-video-preview:-1\" \/>\n<link rel=\"canonical\" href=\"https:\/\/www.lasikvisioninstitute.com\/es\/resultados-lasik\/resultados-lasik-3-semanas-despues-del-tratamiento-lasik\/\" \/>\n<meta property=\"og:locale\" content=\"es_ES\" \/>\n<meta property=\"og:type\" content=\"article\" \/>\n<meta property=\"og:title\" content=\"3 semanas despu\u00e9s de una intervenci\u00f3n LASIK - Qu\u00e9 esperar\" \/>\n<meta property=\"og:description\" content=\"Descubre qu\u00e9 puedes esperar 3 semanas despu\u00e9s de una intervenci\u00f3n LASIK y ent\u00e9rate de cu\u00e1ndo puedes reanudar tus actividades con seguridad.\" \/>\n<meta property=\"og:url\" content=\"https:\/\/www.lasikvisioninstitute.com\/es\/resultados-lasik\/resultados-lasik-3-semanas-despues-del-tratamiento-lasik\/\" \/>\n<meta property=\"og:site_name\" content=\"The LASIK Vision Institute\" \/>\n<meta property=\"article:modified_time\" content=\"2024-08-23T16:39:39+00:00\" \/>\n<meta property=\"og:image\" content=\"https:\/\/www.lasikvisioninstitute.com\/wp-content\/uploads\/2024\/08\/middle-aged-couple-teenager-playing-with-soccer-ball-scaled.jpg\" \/>\n\t<meta property=\"og:image:width\" content=\"2560\" \/>\n\t<meta property=\"og:image:height\" content=\"2240\" \/>\n\t<meta property=\"og:image:type\" content=\"image\/jpeg\" \/>\n<meta name=\"twitter:card\" content=\"summary_large_image\" \/>\n<script type=\"application\/ld+json\" class=\"yoast-schema-graph\">{\"@context\":\"https:\\\/\\\/schema.org\",\"@graph\":[{\"@type\":\"WebPage\",\"@id\":\"https:\\\/\\\/www.lasikvisioninstitute.com\\\/es\\\/resultados-lasik\\\/resultados-lasik-3-semanas-despues-del-tratamiento-lasik\\\/\",\"url\":\"https:\\\/\\\/www.lasikvisioninstitute.com\\\/es\\\/resultados-lasik\\\/resultados-lasik-3-semanas-despues-del-tratamiento-lasik\\\/\",\"name\":\"3 semanas despu\u00e9s de una intervenci\u00f3n LASIK - Qu\u00e9 esperar\",\"isPartOf\":{\"@id\":\"https:\\\/\\\/www.lasikvisioninstitute.com\\\/es\\\/#website\"},\"primaryImageOfPage\":{\"@id\":\"https:\\\/\\\/www.lasikvisioninstitute.com\\\/es\\\/resultados-lasik\\\/resultados-lasik-3-semanas-despues-del-tratamiento-lasik\\\/#primaryimage\"},\"image\":{\"@id\":\"https:\\\/\\\/www.lasikvisioninstitute.com\\\/es\\\/resultados-lasik\\\/resultados-lasik-3-semanas-despues-del-tratamiento-lasik\\\/#primaryimage\"},\"thumbnailUrl\":\"https:\\\/\\\/www.lasikvisioninstitute.com\\\/wp-content\\\/uploads\\\/2024\\\/08\\\/middle-aged-couple-teenager-playing-with-soccer-ball-scaled.jpg\",\"datePublished\":\"2013-02-02T04:38:18+00:00\",\"dateModified\":\"2024-08-23T16:39:39+00:00\",\"description\":\"Descubre qu\u00e9 puedes esperar 3 semanas despu\u00e9s de una intervenci\u00f3n LASIK y ent\u00e9rate de cu\u00e1ndo puedes reanudar tus actividades con seguridad.\",\"breadcrumb\":{\"@id\":\"https:\\\/\\\/www.lasikvisioninstitute.com\\\/es\\\/resultados-lasik\\\/resultados-lasik-3-semanas-despues-del-tratamiento-lasik\\\/#breadcrumb\"},\"inLanguage\":\"es-ES\",\"potentialAction\":[{\"@type\":\"ReadAction\",\"target\":[\"https:\\\/\\\/www.lasikvisioninstitute.com\\\/es\\\/resultados-lasik\\\/resultados-lasik-3-semanas-despues-del-tratamiento-lasik\\\/\"]}]},{\"@type\":\"ImageObject\",\"inLanguage\":\"es-ES\",\"@id\":\"https:\\\/\\\/www.lasikvisioninstitute.com\\\/es\\\/resultados-lasik\\\/resultados-lasik-3-semanas-despues-del-tratamiento-lasik\\\/#primaryimage\",\"url\":\"https:\\\/\\\/www.lasikvisioninstitute.com\\\/wp-content\\\/uploads\\\/2024\\\/08\\\/middle-aged-couple-teenager-playing-with-soccer-ball-scaled.jpg\",\"contentUrl\":\"https:\\\/\\\/www.lasikvisioninstitute.com\\\/wp-content\\\/uploads\\\/2024\\\/08\\\/middle-aged-couple-teenager-playing-with-soccer-ball-scaled.jpg\",\"width\":2560,\"height\":2240,\"caption\":\"Middle-aged couple and teenager son playing with soccer ball at summer park\"},{\"@type\":\"BreadcrumbList\",\"@id\":\"https:\\\/\\\/www.lasikvisioninstitute.com\\\/es\\\/resultados-lasik\\\/resultados-lasik-3-semanas-despues-del-tratamiento-lasik\\\/#breadcrumb\",\"itemListElement\":[{\"@type\":\"ListItem\",\"position\":1,\"name\":\"Portada\",\"item\":\"https:\\\/\\\/www.lasikvisioninstitute.com\\\/es\\\/\"},{\"@type\":\"ListItem\",\"position\":2,\"name\":\"Cuidados posteriores al LASIK\",\"item\":\"https:\\\/\\\/www.lasikvisioninstitute.com\\\/es\\\/resultados-lasik\\\/\"},{\"@type\":\"ListItem\",\"position\":3,\"name\":\"Resultados LASIK: 3 semanas despu\u00e9s del tratamiento LASIK\"}]},{\"@type\":\"WebSite\",\"@id\":\"https:\\\/\\\/www.lasikvisioninstitute.com\\\/es\\\/#website\",\"url\":\"https:\\\/\\\/www.lasikvisioninstitute.com\\\/es\\\/\",\"name\":\"The LASIK Vision Institute\",\"description\":\"1.4 Million LASIK Eye Surgeries and Counting\",\"publisher\":{\"@id\":\"https:\\\/\\\/www.lasikvisioninstitute.com\\\/es\\\/#organization\"},\"potentialAction\":[{\"@type\":\"SearchAction\",\"target\":{\"@type\":\"EntryPoint\",\"urlTemplate\":\"https:\\\/\\\/www.lasikvisioninstitute.com\\\/es\\\/?s={search_term_string}\"},\"query-input\":{\"@type\":\"PropertyValueSpecification\",\"valueRequired\":true,\"valueName\":\"search_term_string\"}}],\"inLanguage\":\"es-ES\"},{\"@type\":\"Organization\",\"@id\":\"https:\\\/\\\/www.lasikvisioninstitute.com\\\/es\\\/#organization\",\"name\":\"The LASIK Vision Institute\",\"url\":\"https:\\\/\\\/www.lasikvisioninstitute.com\\\/es\\\/\",\"logo\":{\"@type\":\"ImageObject\",\"inLanguage\":\"es-ES\",\"@id\":\"https:\\\/\\\/www.lasikvisioninstitute.com\\\/es\\\/#\\\/schema\\\/logo\\\/image\\\/\",\"url\":\"https:\\\/\\\/www.lasikvisioninstitute.com\\\/wp-content\\\/uploads\\\/2019\\\/10\\\/The-LASIK-Vision-Institute-Logo.png\",\"contentUrl\":\"https:\\\/\\\/www.lasikvisioninstitute.com\\\/wp-content\\\/uploads\\\/2019\\\/10\\\/The-LASIK-Vision-Institute-Logo.png\",\"width\":1000,\"height\":289,\"caption\":\"The LASIK Vision Institute\"},\"image\":{\"@id\":\"https:\\\/\\\/www.lasikvisioninstitute.com\\\/es\\\/#\\\/schema\\\/logo\\\/image\\\/\"}}]}<\/script>\n<!-- \/ Yoast SEO plugin. -->","yoast_head_json":{"title":"3 semanas despu\u00e9s de una intervenci\u00f3n LASIK - Qu\u00e9 esperar","description":"Descubre qu\u00e9 puedes esperar 3 semanas despu\u00e9s de una intervenci\u00f3n LASIK y ent\u00e9rate de cu\u00e1ndo puedes reanudar tus actividades con seguridad.","robots":{"index":"index","follow":"follow","max-snippet":"max-snippet:-1","max-image-preview":"max-image-preview:large","max-video-preview":"max-video-preview:-1"},"canonical":"https:\/\/www.lasikvisioninstitute.com\/es\/resultados-lasik\/resultados-lasik-3-semanas-despues-del-tratamiento-lasik\/","og_locale":"es_ES","og_type":"article","og_title":"3 semanas despu\u00e9s de una intervenci\u00f3n LASIK - Qu\u00e9 esperar","og_description":"Descubre qu\u00e9 puedes esperar 3 semanas despu\u00e9s de una intervenci\u00f3n LASIK y ent\u00e9rate de cu\u00e1ndo puedes reanudar tus actividades con seguridad.","og_url":"https:\/\/www.lasikvisioninstitute.com\/es\/resultados-lasik\/resultados-lasik-3-semanas-despues-del-tratamiento-lasik\/","og_site_name":"The LASIK Vision Institute","article_modified_time":"2024-08-23T16:39:39+00:00","og_image":[{"width":2560,"height":2240,"url":"https:\/\/www.lasikvisioninstitute.com\/wp-content\/uploads\/2024\/08\/middle-aged-couple-teenager-playing-with-soccer-ball-scaled.jpg","type":"image\/jpeg"}],"twitter_card":"summary_large_image","schema":{"@context":"https:\/\/schema.org","@graph":[{"@type":"WebPage","@id":"https:\/\/www.lasikvisioninstitute.com\/es\/resultados-lasik\/resultados-lasik-3-semanas-despues-del-tratamiento-lasik\/","url":"https:\/\/www.lasikvisioninstitute.com\/es\/resultados-lasik\/resultados-lasik-3-semanas-despues-del-tratamiento-lasik\/","name":"3 semanas despu\u00e9s de una intervenci\u00f3n LASIK - Qu\u00e9 esperar","isPartOf":{"@id":"https:\/\/www.lasikvisioninstitute.com\/es\/#website"},"primaryImageOfPage":{"@id":"https:\/\/www.lasikvisioninstitute.com\/es\/resultados-lasik\/resultados-lasik-3-semanas-despues-del-tratamiento-lasik\/#primaryimage"},"image":{"@id":"https:\/\/www.lasikvisioninstitute.com\/es\/resultados-lasik\/resultados-lasik-3-semanas-despues-del-tratamiento-lasik\/#primaryimage"},"thumbnailUrl":"https:\/\/www.lasikvisioninstitute.com\/wp-content\/uploads\/2024\/08\/middle-aged-couple-teenager-playing-with-soccer-ball-scaled.jpg","datePublished":"2013-02-02T04:38:18+00:00","dateModified":"2024-08-23T16:39:39+00:00","description":"Descubre qu\u00e9 puedes esperar 3 semanas despu\u00e9s de una intervenci\u00f3n LASIK y ent\u00e9rate de cu\u00e1ndo puedes reanudar tus actividades con seguridad.","breadcrumb":{"@id":"https:\/\/www.lasikvisioninstitute.com\/es\/resultados-lasik\/resultados-lasik-3-semanas-despues-del-tratamiento-lasik\/#breadcrumb"},"inLanguage":"es-ES","potentialAction":[{"@type":"ReadAction","target":["https:\/\/www.lasikvisioninstitute.com\/es\/resultados-lasik\/resultados-lasik-3-semanas-despues-del-tratamiento-lasik\/"]}]},{"@type":"ImageObject","inLanguage":"es-ES","@id":"https:\/\/www.lasikvisioninstitute.com\/es\/resultados-lasik\/resultados-lasik-3-semanas-despues-del-tratamiento-lasik\/#primaryimage","url":"https:\/\/www.lasikvisioninstitute.com\/wp-content\/uploads\/2024\/08\/middle-aged-couple-teenager-playing-with-soccer-ball-scaled.jpg","contentUrl":"https:\/\/www.lasikvisioninstitute.com\/wp-content\/uploads\/2024\/08\/middle-aged-couple-teenager-playing-with-soccer-ball-scaled.jpg","width":2560,"height":2240,"caption":"Middle-aged couple and teenager son playing with soccer ball at summer park"},{"@type":"BreadcrumbList","@id":"https:\/\/www.lasikvisioninstitute.com\/es\/resultados-lasik\/resultados-lasik-3-semanas-despues-del-tratamiento-lasik\/#breadcrumb","itemListElement":[{"@type":"ListItem","position":1,"name":"Portada","item":"https:\/\/www.lasikvisioninstitute.com\/es\/"},{"@type":"ListItem","position":2,"name":"Cuidados posteriores al LASIK","item":"https:\/\/www.lasikvisioninstitute.com\/es\/resultados-lasik\/"},{"@type":"ListItem","position":3,"name":"Resultados LASIK: 3 semanas despu\u00e9s del tratamiento LASIK"}]},{"@type":"WebSite","@id":"https:\/\/www.lasikvisioninstitute.com\/es\/#website","url":"https:\/\/www.lasikvisioninstitute.com\/es\/","name":"The LASIK Vision Institute","description":"1.4 Million LASIK Eye Surgeries and Counting","publisher":{"@id":"https:\/\/www.lasikvisioninstitute.com\/es\/#organization"},"potentialAction":[{"@type":"SearchAction","target":{"@type":"EntryPoint","urlTemplate":"https:\/\/www.lasikvisioninstitute.com\/es\/?s={search_term_string}"},"query-input":{"@type":"PropertyValueSpecification","valueRequired":true,"valueName":"search_term_string"}}],"inLanguage":"es-ES"},{"@type":"Organization","@id":"https:\/\/www.lasikvisioninstitute.com\/es\/#organization","name":"The LASIK Vision Institute","url":"https:\/\/www.lasikvisioninstitute.com\/es\/","logo":{"@type":"ImageObject","inLanguage":"es-ES","@id":"https:\/\/www.lasikvisioninstitute.com\/es\/#\/schema\/logo\/image\/","url":"https:\/\/www.lasikvisioninstitute.com\/wp-content\/uploads\/2019\/10\/The-LASIK-Vision-Institute-Logo.png","contentUrl":"https:\/\/www.lasikvisioninstitute.com\/wp-content\/uploads\/2019\/10\/The-LASIK-Vision-Institute-Logo.png","width":1000,"height":289,"caption":"The LASIK Vision Institute"},"image":{"@id":"https:\/\/www.lasikvisioninstitute.com\/es\/#\/schema\/logo\/image\/"}}]}},"_links":{"self":[{"href":"https:\/\/www.lasikvisioninstitute.com\/es\/wp-json\/wp\/v2\/pages\/165901","targetHints":{"allow":["GET"]}}],"collection":[{"href":"https:\/\/www.lasikvisioninstitute.com\/es\/wp-json\/wp\/v2\/pages"}],"about":[{"href":"https:\/\/www.lasikvisioninstitute.com\/es\/wp-json\/wp\/v2\/types\/page"}],"author":[{"embeddable":true,"href":"https:\/\/www.lasikvisioninstitute.com\/es\/wp-json\/wp\/v2\/users\/33"}],"replies":[{"embeddable":true,"href":"https:\/\/www.lasikvisioninstitute.com\/es\/wp-json\/wp\/v2\/comments?post=165901"}],"version-history":[{"count":0,"href":"https:\/\/www.lasikvisioninstitute.com\/es\/wp-json\/wp\/v2\/pages\/165901\/revisions"}],"up":[{"embeddable":true,"href":"https:\/\/www.lasikvisioninstitute.com\/es\/wp-json\/wp\/v2\/pages\/165893"}],"wp:featuredmedia":[{"embeddable":true,"href":"https:\/\/www.lasikvisioninstitute.com\/es\/wp-json\/wp\/v2\/media\/169554"}],"wp:attachment":[{"href":"https:\/\/www.lasikvisioninstitute.com\/es\/wp-json\/wp\/v2\/media?parent=165901"}],"curies":[{"name":"wp","href":"https:\/\/api.w.org\/{rel}","templated":true}]}}