{"id":165899,"date":"2013-02-01T23:40:05","date_gmt":"2013-02-02T04:40:05","guid":{"rendered":"https:\/\/dev.lasikvisioninstitute.com\/resultados-del-lasik-3-6-meses-despues-del-tratamiento-lasik\/"},"modified":"2024-06-04T18:23:23","modified_gmt":"2024-06-04T23:23:23","slug":"resultados-del-lasik-3-6-meses-despues-del-tratamiento-lasik","status":"publish","type":"page","link":"https:\/\/www.lasikvisioninstitute.com\/es\/resultados-del-lasik-3-6-meses-despues-del-tratamiento-lasik\/","title":{"rendered":"Resultados del LASIK: 3-6 meses despu\u00e9s del tratamiento LASIK"},"content":{"rendered":"\n<p>En el periodo de 3 a 6 meses que sigue a la <a title=\"procedimiento quir&#xFA;rgico con l&#xE1;ser\" href=\"https:\/\/www.lasikvisioninstitute.com\/es\/procedimientos-de-cirugia-lasik\/\">intervenci\u00f3n quir\u00fargica con l\u00e1ser<\/a>, deber\u00edas obtener una visi\u00f3n \u00f3ptima como resultado del tratamiento. \u00a1Has retomado tus actividades y disfrutas de una mayor libertad sin gafas ni lentillas!<\/p>\n\n<p>Para garantizar los mejores <a title=\"Resultados Lasik\" href=\"https:\/\/www.lasikvisioninstitute.com\/es\/resultados-lasik\/\">resultados posibles del LASIK<\/a> a largo plazo, te pedimos que asistas a todas las consultas postoperatorias, seg\u00fan lo programado por tu cirujano. Tu cirujano l\u00e1ser llevar\u00e1 un registro de tus progresos y har\u00e1 un seguimiento contigo cuando sea necesario. Algunas fluctuaciones en tu visi\u00f3n son normales mientras tus ojos se curan.<\/p>\n\n<p>Adem\u00e1s, recuerda preguntar por nuestra <a title=\"Correcci&#xF3;n visual LASIK: Planes de garant&#xED;a de vida\" href=\"https:\/\/www.lasikvisioninstitute.com\/es\/puedes-permitirte-la-cirugia-ocular-lasik\/planes-de-garantia-de-por-vida\/\">Correcci\u00f3n de la Visi\u00f3n con LASIK: Planes de Garant\u00eda de por Vida<\/a>, que forman parte de nuestro esfuerzo por ofrecerte los mejores resultados LASIK a largo plazo posibles.<\/p>\n","protected":false},"excerpt":{"rendered":"<p>En el periodo de 3 a 6 meses que sigue a la intervenci\u00f3n quir\u00fargica con l\u00e1ser, deber\u00edas obtener una visi\u00f3n \u00f3ptima como resultado del tratamiento. \u00a1Has retomado tus actividades y disfrutas de una mayor libertad sin gafas ni lentillas! Para garantizar los mejores resultados posibles del LASIK a largo plazo, te pedimos que asistas a [&hellip;]<\/p>\n","protected":false},"author":33,"featured_media":0,"parent":0,"menu_order":0,"comment_status":"closed","ping_status":"closed","template":"","meta":{"_acf_changed":false,"footnotes":""},"class_list":["post-165899","page","type-page","status-publish"],"acf":[],"yoast_head":"<!-- This site is optimized with the Yoast SEO plugin v27.5 - https:\/\/yoast.com\/product\/yoast-seo-wordpress\/ -->\n<title>De 3 a 6 meses despu\u00e9s de una intervenci\u00f3n LASIK - LASIK Vision Institute<\/title>\n<meta name=\"description\" content=\"Para garantizar los mejores resultados posibles del LASIK a largo plazo, te pedimos que asistas a todas las consultas postoperatorias, seg\u00fan lo programado por tu cirujano.\" \/>\n<meta name=\"robots\" content=\"index, follow, max-snippet:-1, max-image-preview:large, max-video-preview:-1\" \/>\n<link rel=\"canonical\" href=\"https:\/\/www.lasikvisioninstitute.com\/es\/resultados-del-lasik-3-6-meses-despues-del-tratamiento-lasik\/\" \/>\n<meta property=\"og:locale\" content=\"es_ES\" \/>\n<meta property=\"og:type\" content=\"article\" \/>\n<meta property=\"og:title\" content=\"De 3 a 6 meses despu\u00e9s de una intervenci\u00f3n LASIK - LASIK Vision Institute\" \/>\n<meta property=\"og:description\" content=\"Para garantizar los mejores resultados posibles del LASIK a largo plazo, te pedimos que asistas a todas las consultas postoperatorias, seg\u00fan lo programado por tu cirujano.\" \/>\n<meta property=\"og:url\" content=\"https:\/\/www.lasikvisioninstitute.com\/es\/resultados-del-lasik-3-6-meses-despues-del-tratamiento-lasik\/\" \/>\n<meta property=\"og:site_name\" content=\"The LASIK Vision Institute\" \/>\n<meta property=\"article:modified_time\" content=\"2024-06-04T23:23:23+00:00\" \/>\n<meta name=\"twitter:card\" content=\"summary_large_image\" \/>\n<script type=\"application\/ld+json\" class=\"yoast-schema-graph\">{\"@context\":\"https:\\\/\\\/schema.org\",\"@graph\":[{\"@type\":\"WebPage\",\"@id\":\"https:\\\/\\\/www.lasikvisioninstitute.com\\\/es\\\/resultados-del-lasik-3-6-meses-despues-del-tratamiento-lasik\\\/\",\"url\":\"https:\\\/\\\/www.lasikvisioninstitute.com\\\/es\\\/resultados-del-lasik-3-6-meses-despues-del-tratamiento-lasik\\\/\",\"name\":\"De 3 a 6 meses despu\u00e9s de una intervenci\u00f3n LASIK - LASIK Vision Institute\",\"isPartOf\":{\"@id\":\"https:\\\/\\\/www.lasikvisioninstitute.com\\\/es\\\/#website\"},\"datePublished\":\"2013-02-02T04:40:05+00:00\",\"dateModified\":\"2024-06-04T23:23:23+00:00\",\"description\":\"Para garantizar los mejores resultados posibles del LASIK a largo plazo, te pedimos que asistas a todas las consultas postoperatorias, seg\u00fan lo programado por tu cirujano.\",\"breadcrumb\":{\"@id\":\"https:\\\/\\\/www.lasikvisioninstitute.com\\\/es\\\/resultados-del-lasik-3-6-meses-despues-del-tratamiento-lasik\\\/#breadcrumb\"},\"inLanguage\":\"es-ES\",\"potentialAction\":[{\"@type\":\"ReadAction\",\"target\":[\"https:\\\/\\\/www.lasikvisioninstitute.com\\\/es\\\/resultados-del-lasik-3-6-meses-despues-del-tratamiento-lasik\\\/\"]}]},{\"@type\":\"BreadcrumbList\",\"@id\":\"https:\\\/\\\/www.lasikvisioninstitute.com\\\/es\\\/resultados-del-lasik-3-6-meses-despues-del-tratamiento-lasik\\\/#breadcrumb\",\"itemListElement\":[{\"@type\":\"ListItem\",\"position\":1,\"name\":\"Portada\",\"item\":\"https:\\\/\\\/www.lasikvisioninstitute.com\\\/es\\\/\"},{\"@type\":\"ListItem\",\"position\":2,\"name\":\"Resultados del LASIK: 3-6 meses despu\u00e9s del tratamiento LASIK\"}]},{\"@type\":\"WebSite\",\"@id\":\"https:\\\/\\\/www.lasikvisioninstitute.com\\\/es\\\/#website\",\"url\":\"https:\\\/\\\/www.lasikvisioninstitute.com\\\/es\\\/\",\"name\":\"The LASIK Vision Institute\",\"description\":\"1.4 Million LASIK Eye Surgeries and Counting\",\"publisher\":{\"@id\":\"https:\\\/\\\/www.lasikvisioninstitute.com\\\/es\\\/#organization\"},\"potentialAction\":[{\"@type\":\"SearchAction\",\"target\":{\"@type\":\"EntryPoint\",\"urlTemplate\":\"https:\\\/\\\/www.lasikvisioninstitute.com\\\/es\\\/?s={search_term_string}\"},\"query-input\":{\"@type\":\"PropertyValueSpecification\",\"valueRequired\":true,\"valueName\":\"search_term_string\"}}],\"inLanguage\":\"es-ES\"},{\"@type\":\"Organization\",\"@id\":\"https:\\\/\\\/www.lasikvisioninstitute.com\\\/es\\\/#organization\",\"name\":\"The LASIK Vision Institute\",\"url\":\"https:\\\/\\\/www.lasikvisioninstitute.com\\\/es\\\/\",\"logo\":{\"@type\":\"ImageObject\",\"inLanguage\":\"es-ES\",\"@id\":\"https:\\\/\\\/www.lasikvisioninstitute.com\\\/es\\\/#\\\/schema\\\/logo\\\/image\\\/\",\"url\":\"https:\\\/\\\/www.lasikvisioninstitute.com\\\/wp-content\\\/uploads\\\/2019\\\/10\\\/The-LASIK-Vision-Institute-Logo.png\",\"contentUrl\":\"https:\\\/\\\/www.lasikvisioninstitute.com\\\/wp-content\\\/uploads\\\/2019\\\/10\\\/The-LASIK-Vision-Institute-Logo.png\",\"width\":1000,\"height\":289,\"caption\":\"The LASIK Vision Institute\"},\"image\":{\"@id\":\"https:\\\/\\\/www.lasikvisioninstitute.com\\\/es\\\/#\\\/schema\\\/logo\\\/image\\\/\"}}]}<\/script>\n<!-- \/ Yoast SEO plugin. -->","yoast_head_json":{"title":"De 3 a 6 meses despu\u00e9s de una intervenci\u00f3n LASIK - LASIK Vision Institute","description":"Para garantizar los mejores resultados posibles del LASIK a largo plazo, te pedimos que asistas a todas las consultas postoperatorias, seg\u00fan lo programado por tu cirujano.","robots":{"index":"index","follow":"follow","max-snippet":"max-snippet:-1","max-image-preview":"max-image-preview:large","max-video-preview":"max-video-preview:-1"},"canonical":"https:\/\/www.lasikvisioninstitute.com\/es\/resultados-del-lasik-3-6-meses-despues-del-tratamiento-lasik\/","og_locale":"es_ES","og_type":"article","og_title":"De 3 a 6 meses despu\u00e9s de una intervenci\u00f3n LASIK - LASIK Vision Institute","og_description":"Para garantizar los mejores resultados posibles del LASIK a largo plazo, te pedimos que asistas a todas las consultas postoperatorias, seg\u00fan lo programado por tu cirujano.","og_url":"https:\/\/www.lasikvisioninstitute.com\/es\/resultados-del-lasik-3-6-meses-despues-del-tratamiento-lasik\/","og_site_name":"The LASIK Vision Institute","article_modified_time":"2024-06-04T23:23:23+00:00","twitter_card":"summary_large_image","schema":{"@context":"https:\/\/schema.org","@graph":[{"@type":"WebPage","@id":"https:\/\/www.lasikvisioninstitute.com\/es\/resultados-del-lasik-3-6-meses-despues-del-tratamiento-lasik\/","url":"https:\/\/www.lasikvisioninstitute.com\/es\/resultados-del-lasik-3-6-meses-despues-del-tratamiento-lasik\/","name":"De 3 a 6 meses despu\u00e9s de una intervenci\u00f3n LASIK - LASIK Vision Institute","isPartOf":{"@id":"https:\/\/www.lasikvisioninstitute.com\/es\/#website"},"datePublished":"2013-02-02T04:40:05+00:00","dateModified":"2024-06-04T23:23:23+00:00","description":"Para garantizar los mejores resultados posibles del LASIK a largo plazo, te pedimos que asistas a todas las consultas postoperatorias, seg\u00fan lo programado por tu cirujano.","breadcrumb":{"@id":"https:\/\/www.lasikvisioninstitute.com\/es\/resultados-del-lasik-3-6-meses-despues-del-tratamiento-lasik\/#breadcrumb"},"inLanguage":"es-ES","potentialAction":[{"@type":"ReadAction","target":["https:\/\/www.lasikvisioninstitute.com\/es\/resultados-del-lasik-3-6-meses-despues-del-tratamiento-lasik\/"]}]},{"@type":"BreadcrumbList","@id":"https:\/\/www.lasikvisioninstitute.com\/es\/resultados-del-lasik-3-6-meses-despues-del-tratamiento-lasik\/#breadcrumb","itemListElement":[{"@type":"ListItem","position":1,"name":"Portada","item":"https:\/\/www.lasikvisioninstitute.com\/es\/"},{"@type":"ListItem","position":2,"name":"Resultados del LASIK: 3-6 meses despu\u00e9s del tratamiento LASIK"}]},{"@type":"WebSite","@id":"https:\/\/www.lasikvisioninstitute.com\/es\/#website","url":"https:\/\/www.lasikvisioninstitute.com\/es\/","name":"The LASIK Vision Institute","description":"1.4 Million LASIK Eye Surgeries and Counting","publisher":{"@id":"https:\/\/www.lasikvisioninstitute.com\/es\/#organization"},"potentialAction":[{"@type":"SearchAction","target":{"@type":"EntryPoint","urlTemplate":"https:\/\/www.lasikvisioninstitute.com\/es\/?s={search_term_string}"},"query-input":{"@type":"PropertyValueSpecification","valueRequired":true,"valueName":"search_term_string"}}],"inLanguage":"es-ES"},{"@type":"Organization","@id":"https:\/\/www.lasikvisioninstitute.com\/es\/#organization","name":"The LASIK Vision Institute","url":"https:\/\/www.lasikvisioninstitute.com\/es\/","logo":{"@type":"ImageObject","inLanguage":"es-ES","@id":"https:\/\/www.lasikvisioninstitute.com\/es\/#\/schema\/logo\/image\/","url":"https:\/\/www.lasikvisioninstitute.com\/wp-content\/uploads\/2019\/10\/The-LASIK-Vision-Institute-Logo.png","contentUrl":"https:\/\/www.lasikvisioninstitute.com\/wp-content\/uploads\/2019\/10\/The-LASIK-Vision-Institute-Logo.png","width":1000,"height":289,"caption":"The LASIK Vision Institute"},"image":{"@id":"https:\/\/www.lasikvisioninstitute.com\/es\/#\/schema\/logo\/image\/"}}]}},"_links":{"self":[{"href":"https:\/\/www.lasikvisioninstitute.com\/es\/wp-json\/wp\/v2\/pages\/165899","targetHints":{"allow":["GET"]}}],"collection":[{"href":"https:\/\/www.lasikvisioninstitute.com\/es\/wp-json\/wp\/v2\/pages"}],"about":[{"href":"https:\/\/www.lasikvisioninstitute.com\/es\/wp-json\/wp\/v2\/types\/page"}],"author":[{"embeddable":true,"href":"https:\/\/www.lasikvisioninstitute.com\/es\/wp-json\/wp\/v2\/users\/33"}],"replies":[{"embeddable":true,"href":"https:\/\/www.lasikvisioninstitute.com\/es\/wp-json\/wp\/v2\/comments?post=165899"}],"version-history":[{"count":0,"href":"https:\/\/www.lasikvisioninstitute.com\/es\/wp-json\/wp\/v2\/pages\/165899\/revisions"}],"wp:attachment":[{"href":"https:\/\/www.lasikvisioninstitute.com\/es\/wp-json\/wp\/v2\/media?parent=165899"}],"curies":[{"name":"wp","href":"https:\/\/api.w.org\/{rel}","templated":true}]}}