{"id":165895,"date":"2013-02-01T22:22:06","date_gmt":"2013-02-02T03:22:06","guid":{"rendered":"https:\/\/dev.lasikvisioninstitute.com\/procedimientos-de-cirugia-lasik\/"},"modified":"2024-06-20T13:52:38","modified_gmt":"2024-06-20T18:52:38","slug":"procedimientos-de-cirugia-lasik","status":"publish","type":"page","link":"https:\/\/www.lasikvisioninstitute.com\/es\/procedimientos-de-cirugia-lasik\/","title":{"rendered":"Procedimientos de cirug\u00eda LASIK"},"content":{"rendered":"\n<p>Las intervenciones LASIK son tan populares porque permiten no s\u00f3lo liberarse m\u00e1s de las gafas y las lentillas, sino tambi\u00e9n ver mejor que con gafas correctoras. Hay varios tipos de tratamientos de cirug\u00eda ocular LASIK, y tu cirujano determinar\u00e1 cu\u00e1l es el mejor para ti, en funci\u00f3n de tus necesidades individuales.<\/p>\n\n<figure class=\"wp-block-embed is-type-video is-provider-vimeo wp-block-embed-vimeo wp-embed-aspect-16-9 wp-has-aspect-ratio\"><div class=\"wp-block-embed__wrapper\">\n<iframe title=\"Doctor_Joseph_Explaining_What_Is_Happening_During_Procedure\" src=\"https:\/\/player.vimeo.com\/video\/933777106?dnt=1&amp;app_id=122963\" width=\"500\" height=\"281\" frameborder=\"0\" allow=\"autoplay; fullscreen; picture-in-picture; clipboard-write; encrypted-media; web-share\" referrerpolicy=\"strict-origin-when-cross-origin\"><\/iframe>\n<\/div><\/figure>\n\n<p>Los tratamientos LASIK pueden corregir algunos de los problemas de visi\u00f3n m\u00e1s frecuentes, como la miop\u00eda, la hipermetrop\u00eda y el astigmatismo.<\/p>\n\n<p>Nuestros m\u00e9dicos utilizan tecnolog\u00eda punta de mapeo ocular para analizar los problemas de tu vista, as\u00ed como las irregularidades propias de cada ojo. Tras determinar si eres apto para el LASIK, tu cirujano te recomendar\u00e1 el procedimiento LASIK que tenga m\u00e1s sentido para conseguir una visi\u00f3n \u00f3ptima.<\/p>\n\n<p>Esto puede incluir<\/p>\n\n<ul class=\"is-style-checklist wp-block-list\">\n<li>La <a title=\"Cirug&#xED;a ocular LASIK tradicional\" href=\"https:\/\/www.lasikvisioninstitute.com\/es\/procedimientos-de-cirugia-lasik\/cirugia-ocular-lasik-moderna\/\">cirug\u00eda LASIK moderna<\/a> &#8211; (queratomileusis in situ asistida por l\u00e1ser) es el procedimiento de correcci\u00f3n de la visi\u00f3n con l\u00e1ser que se realiza con m\u00e1s frecuencia. Se crea un colgajo articulado en la superficie del ojo y se utiliza un l\u00e1ser excimer para remodelar el tejido corneal subyacente, de modo que se mejore el poder de enfoque del ojo.<\/li>\n\n\n\n<li><a title=\"Cirug&#xED;a ocular PRK\" href=\"https:\/\/www.lasikvisioninstitute.com\/es\/procedimientos-de-cirugia-lasik\/cirugia-ocular-prk\/\">PRK: Cirug\u00eda ocular con l\u00e1ser de queratectom\u00eda foto refractiva<\/a> &#8211; Similar a la cirug\u00eda LASIK, la cirug\u00eda PRK consiste en utilizar un l\u00e1ser para remodelar la c\u00f3rnea. Pero en lugar de crear un colgajo, se pule una fina capa externa de la c\u00f3rnea para permitir que el l\u00e1ser acceda a remodelar el ojo&#8230; La PRK puede ser una alternativa mejor para determinadas afecciones oculares.<\/li>\n\n\n\n<li><a href=\"https:\/\/www.lasikvisioninstitute.com\/es\/procedimientos-de-cirugia-lasik\/lasik-personalizado-con-frente-de-onda-optimizado\/\">Cirug\u00eda LASIK personalizada con Wavefront optimizado<\/a>: la tecnolog\u00eda refractiva WaveLight\u00ae combina los \u00faltimos avances quir\u00fargicos en un procedimiento LASIK personalizado para tu visi\u00f3n ideal. Este sistema ofrece un procedimiento \u00fanico que tiene en cuenta la forma natural del ojo al corregir la c\u00f3rnea. Como resultado, el LASIK con tecnolog\u00eda refractiva WaveLight\u00ae puede ayudar a preservar la calidad de tu visi\u00f3n, garantizando que tus ojos est\u00e9n en su estado m\u00e1s natural y sean m\u00e1s \u00fatiles.<\/li>\n\n\n\n<li><a href=\"https:\/\/www.lasikvisioninstitute.com\/es\/procedimientos-de-cirugia-lasik\/lasik-guiado-por-topografia\/\">LASIK<\/a> guiado por topograf\u00eda &#8211; Contoura\u00ae Vision, o tambi\u00e9n denominado LASIK guiado por topograf\u00eda, es la \u00faltima tecnolog\u00eda avanzada de LASIK personalizado aprobada por la FDA que proporciona a tu cirujano especialista en LASIK una medici\u00f3n de datos detallada del ojo. Esto permite realizar tratamientos LASIK muy personalizados.<\/li>\n<\/ul>\n\n<p>Recibir\u00e1s unas sencillas instrucciones que deber\u00e1s seguir en los d\u00edas previos al tratamiento LASIK, como no llevar lentes de contacto durante un periodo de entre un par de semanas y unos d\u00edas. Tu cirujano te explicar\u00e1 lo que puedes esperar durante y despu\u00e9s de la intervenci\u00f3n de cirug\u00eda ocular con l\u00e1ser, incluido el tiempo de recuperaci\u00f3n.<\/p>\n","protected":false},"excerpt":{"rendered":"<p>Las intervenciones LASIK son tan populares porque permiten no s\u00f3lo liberarse m\u00e1s de las gafas y las lentillas, sino tambi\u00e9n ver mejor que con gafas correctoras. Hay varios tipos de tratamientos de cirug\u00eda ocular LASIK, y tu cirujano determinar\u00e1 cu\u00e1l es el mejor para ti, en funci\u00f3n de tus necesidades individuales. Los tratamientos LASIK pueden [&hellip;]<\/p>\n","protected":false},"author":33,"featured_media":0,"parent":0,"menu_order":0,"comment_status":"closed","ping_status":"closed","template":"","meta":{"_acf_changed":false,"footnotes":""},"class_list":["post-165895","page","type-page","status-publish"],"acf":[],"yoast_head":"<!-- This site is optimized with the Yoast SEO plugin v27.3 - https:\/\/yoast.com\/product\/yoast-seo-wordpress\/ -->\n<title>Procedimientos de cirug\u00eda ocular LASIK - LASIK Vision Institute<\/title>\n<meta name=\"description\" content=\"Hay varios tipos de tratamientos de cirug\u00eda ocular LASIK, y tu cirujano determinar\u00e1 cu\u00e1l es el mejor para ti, en funci\u00f3n de tus necesidades individuales.\" \/>\n<meta name=\"robots\" content=\"index, follow, max-snippet:-1, max-image-preview:large, max-video-preview:-1\" \/>\n<link rel=\"canonical\" href=\"https:\/\/www.lasikvisioninstitute.com\/es\/procedimientos-de-cirugia-lasik\/\" \/>\n<meta property=\"og:locale\" content=\"es_ES\" \/>\n<meta property=\"og:type\" content=\"article\" \/>\n<meta property=\"og:title\" content=\"Procedimientos de cirug\u00eda ocular LASIK - LASIK Vision Institute\" \/>\n<meta property=\"og:description\" content=\"Hay varios tipos de tratamientos de cirug\u00eda ocular LASIK, y tu cirujano determinar\u00e1 cu\u00e1l es el mejor para ti, en funci\u00f3n de tus necesidades individuales.\" \/>\n<meta property=\"og:url\" content=\"https:\/\/www.lasikvisioninstitute.com\/es\/procedimientos-de-cirugia-lasik\/\" \/>\n<meta property=\"og:site_name\" content=\"The LASIK Vision Institute\" \/>\n<meta property=\"article:modified_time\" content=\"2024-06-20T18:52:38+00:00\" \/>\n<meta name=\"twitter:card\" content=\"summary_large_image\" \/>\n<script type=\"application\/ld+json\" class=\"yoast-schema-graph\">{\"@context\":\"https:\\\/\\\/schema.org\",\"@graph\":[{\"@type\":\"WebPage\",\"@id\":\"https:\\\/\\\/www.lasikvisioninstitute.com\\\/es\\\/procedimientos-de-cirugia-lasik\\\/\",\"url\":\"https:\\\/\\\/www.lasikvisioninstitute.com\\\/es\\\/procedimientos-de-cirugia-lasik\\\/\",\"name\":\"Procedimientos de cirug\u00eda ocular LASIK - LASIK Vision Institute\",\"isPartOf\":{\"@id\":\"https:\\\/\\\/www.lasikvisioninstitute.com\\\/es\\\/#website\"},\"datePublished\":\"2013-02-02T03:22:06+00:00\",\"dateModified\":\"2024-06-20T18:52:38+00:00\",\"description\":\"Hay varios tipos de tratamientos de cirug\u00eda ocular LASIK, y tu cirujano determinar\u00e1 cu\u00e1l es el mejor para ti, en funci\u00f3n de tus necesidades individuales.\",\"breadcrumb\":{\"@id\":\"https:\\\/\\\/www.lasikvisioninstitute.com\\\/es\\\/procedimientos-de-cirugia-lasik\\\/#breadcrumb\"},\"inLanguage\":\"es-ES\",\"potentialAction\":[{\"@type\":\"ReadAction\",\"target\":[\"https:\\\/\\\/www.lasikvisioninstitute.com\\\/es\\\/procedimientos-de-cirugia-lasik\\\/\"]}]},{\"@type\":\"BreadcrumbList\",\"@id\":\"https:\\\/\\\/www.lasikvisioninstitute.com\\\/es\\\/procedimientos-de-cirugia-lasik\\\/#breadcrumb\",\"itemListElement\":[{\"@type\":\"ListItem\",\"position\":1,\"name\":\"Portada\",\"item\":\"https:\\\/\\\/www.lasikvisioninstitute.com\\\/es\\\/\"},{\"@type\":\"ListItem\",\"position\":2,\"name\":\"Procedimientos de cirug\u00eda LASIK\"}]},{\"@type\":\"WebSite\",\"@id\":\"https:\\\/\\\/www.lasikvisioninstitute.com\\\/es\\\/#website\",\"url\":\"https:\\\/\\\/www.lasikvisioninstitute.com\\\/es\\\/\",\"name\":\"The LASIK Vision Institute\",\"description\":\"1.4 Million LASIK Eye Surgeries and Counting\",\"publisher\":{\"@id\":\"https:\\\/\\\/www.lasikvisioninstitute.com\\\/es\\\/#organization\"},\"potentialAction\":[{\"@type\":\"SearchAction\",\"target\":{\"@type\":\"EntryPoint\",\"urlTemplate\":\"https:\\\/\\\/www.lasikvisioninstitute.com\\\/es\\\/?s={search_term_string}\"},\"query-input\":{\"@type\":\"PropertyValueSpecification\",\"valueRequired\":true,\"valueName\":\"search_term_string\"}}],\"inLanguage\":\"es-ES\"},{\"@type\":\"Organization\",\"@id\":\"https:\\\/\\\/www.lasikvisioninstitute.com\\\/es\\\/#organization\",\"name\":\"The LASIK Vision Institute\",\"url\":\"https:\\\/\\\/www.lasikvisioninstitute.com\\\/es\\\/\",\"logo\":{\"@type\":\"ImageObject\",\"inLanguage\":\"es-ES\",\"@id\":\"https:\\\/\\\/www.lasikvisioninstitute.com\\\/es\\\/#\\\/schema\\\/logo\\\/image\\\/\",\"url\":\"https:\\\/\\\/www.lasikvisioninstitute.com\\\/wp-content\\\/uploads\\\/2019\\\/10\\\/The-LASIK-Vision-Institute-Logo.png\",\"contentUrl\":\"https:\\\/\\\/www.lasikvisioninstitute.com\\\/wp-content\\\/uploads\\\/2019\\\/10\\\/The-LASIK-Vision-Institute-Logo.png\",\"width\":1000,\"height\":289,\"caption\":\"The LASIK Vision Institute\"},\"image\":{\"@id\":\"https:\\\/\\\/www.lasikvisioninstitute.com\\\/es\\\/#\\\/schema\\\/logo\\\/image\\\/\"}}]}<\/script>\n<!-- \/ Yoast SEO plugin. -->","yoast_head_json":{"title":"Procedimientos de cirug\u00eda ocular LASIK - LASIK Vision Institute","description":"Hay varios tipos de tratamientos de cirug\u00eda ocular LASIK, y tu cirujano determinar\u00e1 cu\u00e1l es el mejor para ti, en funci\u00f3n de tus necesidades individuales.","robots":{"index":"index","follow":"follow","max-snippet":"max-snippet:-1","max-image-preview":"max-image-preview:large","max-video-preview":"max-video-preview:-1"},"canonical":"https:\/\/www.lasikvisioninstitute.com\/es\/procedimientos-de-cirugia-lasik\/","og_locale":"es_ES","og_type":"article","og_title":"Procedimientos de cirug\u00eda ocular LASIK - LASIK Vision Institute","og_description":"Hay varios tipos de tratamientos de cirug\u00eda ocular LASIK, y tu cirujano determinar\u00e1 cu\u00e1l es el mejor para ti, en funci\u00f3n de tus necesidades individuales.","og_url":"https:\/\/www.lasikvisioninstitute.com\/es\/procedimientos-de-cirugia-lasik\/","og_site_name":"The LASIK Vision Institute","article_modified_time":"2024-06-20T18:52:38+00:00","twitter_card":"summary_large_image","schema":{"@context":"https:\/\/schema.org","@graph":[{"@type":"WebPage","@id":"https:\/\/www.lasikvisioninstitute.com\/es\/procedimientos-de-cirugia-lasik\/","url":"https:\/\/www.lasikvisioninstitute.com\/es\/procedimientos-de-cirugia-lasik\/","name":"Procedimientos de cirug\u00eda ocular LASIK - LASIK Vision Institute","isPartOf":{"@id":"https:\/\/www.lasikvisioninstitute.com\/es\/#website"},"datePublished":"2013-02-02T03:22:06+00:00","dateModified":"2024-06-20T18:52:38+00:00","description":"Hay varios tipos de tratamientos de cirug\u00eda ocular LASIK, y tu cirujano determinar\u00e1 cu\u00e1l es el mejor para ti, en funci\u00f3n de tus necesidades individuales.","breadcrumb":{"@id":"https:\/\/www.lasikvisioninstitute.com\/es\/procedimientos-de-cirugia-lasik\/#breadcrumb"},"inLanguage":"es-ES","potentialAction":[{"@type":"ReadAction","target":["https:\/\/www.lasikvisioninstitute.com\/es\/procedimientos-de-cirugia-lasik\/"]}]},{"@type":"BreadcrumbList","@id":"https:\/\/www.lasikvisioninstitute.com\/es\/procedimientos-de-cirugia-lasik\/#breadcrumb","itemListElement":[{"@type":"ListItem","position":1,"name":"Portada","item":"https:\/\/www.lasikvisioninstitute.com\/es\/"},{"@type":"ListItem","position":2,"name":"Procedimientos de cirug\u00eda LASIK"}]},{"@type":"WebSite","@id":"https:\/\/www.lasikvisioninstitute.com\/es\/#website","url":"https:\/\/www.lasikvisioninstitute.com\/es\/","name":"The LASIK Vision Institute","description":"1.4 Million LASIK Eye Surgeries and Counting","publisher":{"@id":"https:\/\/www.lasikvisioninstitute.com\/es\/#organization"},"potentialAction":[{"@type":"SearchAction","target":{"@type":"EntryPoint","urlTemplate":"https:\/\/www.lasikvisioninstitute.com\/es\/?s={search_term_string}"},"query-input":{"@type":"PropertyValueSpecification","valueRequired":true,"valueName":"search_term_string"}}],"inLanguage":"es-ES"},{"@type":"Organization","@id":"https:\/\/www.lasikvisioninstitute.com\/es\/#organization","name":"The LASIK Vision Institute","url":"https:\/\/www.lasikvisioninstitute.com\/es\/","logo":{"@type":"ImageObject","inLanguage":"es-ES","@id":"https:\/\/www.lasikvisioninstitute.com\/es\/#\/schema\/logo\/image\/","url":"https:\/\/www.lasikvisioninstitute.com\/wp-content\/uploads\/2019\/10\/The-LASIK-Vision-Institute-Logo.png","contentUrl":"https:\/\/www.lasikvisioninstitute.com\/wp-content\/uploads\/2019\/10\/The-LASIK-Vision-Institute-Logo.png","width":1000,"height":289,"caption":"The LASIK Vision Institute"},"image":{"@id":"https:\/\/www.lasikvisioninstitute.com\/es\/#\/schema\/logo\/image\/"}}]}},"_links":{"self":[{"href":"https:\/\/www.lasikvisioninstitute.com\/es\/wp-json\/wp\/v2\/pages\/165895","targetHints":{"allow":["GET"]}}],"collection":[{"href":"https:\/\/www.lasikvisioninstitute.com\/es\/wp-json\/wp\/v2\/pages"}],"about":[{"href":"https:\/\/www.lasikvisioninstitute.com\/es\/wp-json\/wp\/v2\/types\/page"}],"author":[{"embeddable":true,"href":"https:\/\/www.lasikvisioninstitute.com\/es\/wp-json\/wp\/v2\/users\/33"}],"replies":[{"embeddable":true,"href":"https:\/\/www.lasikvisioninstitute.com\/es\/wp-json\/wp\/v2\/comments?post=165895"}],"version-history":[{"count":0,"href":"https:\/\/www.lasikvisioninstitute.com\/es\/wp-json\/wp\/v2\/pages\/165895\/revisions"}],"wp:attachment":[{"href":"https:\/\/www.lasikvisioninstitute.com\/es\/wp-json\/wp\/v2\/media?parent=165895"}],"curies":[{"name":"wp","href":"https:\/\/api.w.org\/{rel}","templated":true}]}}