{"id":165893,"date":"2013-02-01T23:15:45","date_gmt":"2013-02-02T04:15:45","guid":{"rendered":"https:\/\/dev.lasikvisioninstitute.com\/resultados-lasik\/"},"modified":"2024-08-23T16:07:19","modified_gmt":"2024-08-23T21:07:19","slug":"resultados-lasik","status":"publish","type":"page","link":"https:\/\/www.lasikvisioninstitute.com\/es\/resultados-lasik\/","title":{"rendered":"Cuidados posteriores al LASIK"},"content":{"rendered":"\n<div class=\"wp-block-cover alignfull is-light\"><span aria-hidden=\"true\" class=\"wp-block-cover__background has-background-dim\"><\/span><img decoding=\"async\" width=\"2560\" height=\"1708\" class=\"wp-block-cover__image-background wp-image-140103\" alt=\"\" src=\"https:\/\/www.lasikvisioninstitute.com\/wp-content\/uploads\/2022\/02\/eye-doctor-female-patient-examination-scaled.jpg\" data-object-fit=\"cover\" srcset=\"https:\/\/www.lasikvisioninstitute.com\/wp-content\/uploads\/2022\/02\/eye-doctor-female-patient-examination-scaled.jpg 2560w, https:\/\/www.lasikvisioninstitute.com\/wp-content\/uploads\/2022\/02\/eye-doctor-female-patient-examination-600x400.jpg 600w, https:\/\/www.lasikvisioninstitute.com\/wp-content\/uploads\/2022\/02\/eye-doctor-female-patient-examination-1400x934.jpg 1400w, https:\/\/www.lasikvisioninstitute.com\/wp-content\/uploads\/2022\/02\/eye-doctor-female-patient-examination-768x512.jpg 768w, https:\/\/www.lasikvisioninstitute.com\/wp-content\/uploads\/2022\/02\/eye-doctor-female-patient-examination-1536x1025.jpg 1536w, https:\/\/www.lasikvisioninstitute.com\/wp-content\/uploads\/2022\/02\/eye-doctor-female-patient-examination-2048x1366.jpg 2048w\" sizes=\"(max-width: 2560px) 100vw, 2560px\" \/><div class=\"wp-block-cover__inner-container is-layout-flow wp-block-cover-is-layout-flow\">\n<h1 class=\"wp-block-heading has-text-align-center has-white-color has-text-color\" id=\"lasik-laser-eye-surgery-results\">Cuidados postoperatorios de la cirug\u00eda ocular con l\u00e1ser LASIK<\/h1>\n<\/div><\/div>\n\n<div style=\"height:100px\" aria-hidden=\"true\" class=\"wp-block-spacer\"><\/div>\n\n<h2 class=\"wp-block-heading\" id=\"what-results-can-you-expect\">\u00bfCu\u00e1les son las instrucciones para el postratamiento LASIK?<\/h2>\n\n<h3 class=\"wp-block-heading\"><strong>\u00a1Enhorabuena por tu nueva visi\u00f3n!  <\/strong><\/h3>\n\n<p>Muchos pacientes notan mejoras en su visi\u00f3n en las primeras 24 horas, si no inmediatamente despu\u00e9s de la intervenci\u00f3n, y se tranquilizan ech\u00e1ndose una breve siesta mientras llevan protectores oculares.\nTras la intervenci\u00f3n LASIK, muchos pacientes se sorprenden gratamente de la rapidez con que mejora su visi\u00f3n.\nLa recuperaci\u00f3n suele ser r\u00e1pida, y la mayor\u00eda de las personas reanudan sus actividades habituales a la semana de la intervenci\u00f3n.\nSin embargo, los cuidados posteriores son tan vitales como la propia intervenci\u00f3n.\nUnos cuidados post-LASIK adecuados garantizan un proceso de curaci\u00f3n sin problemas y un confort continuo.\nUtiliza los siguientes consejos para maximizar tu experiencia con la cirug\u00eda LASIK.     <\/p>\n\n<ul class=\"is-style-checklist wp-block-list\">\n<li>Intenta echarte una siesta o intenta mantener los ojos cerrados durante 3-4 horas<\/li>\n\n\n\n<li>Utiliza protecci\u00f3n ocular (gafas o gafas de sol) mientras duermes las primeras 24 horas<\/li>\n\n\n\n<li>Utiliza los colirios prescritos seg\u00fan las instrucciones de tu m\u00e9dico<\/li>\n\n\n\n<li>Si sientes alguna molestia toma un analg\u00e9sico que tomes normalmente<\/li>\n\n\n\n<li>Unos puntos rojos en los ojos son normales y desaparecer\u00e1n<\/li>\n\n\n\n<li>Lleva gafas de sol cuando est\u00e9s al aire libre<\/li>\n\n\n\n<li>Contin\u00faa la atenci\u00f3n de seguimiento seg\u00fan sea necesario<\/li>\n<\/ul>\n\n<p><strong>Citas de seguimiento:<\/strong> Aseg\u00farate de programar todas las visitas de seguimiento con tu oftalm\u00f3logo despu\u00e9s de la intervenci\u00f3n LASIK.\nIncluso despu\u00e9s de la correcci\u00f3n visual con l\u00e1ser, los ex\u00e1menes oculares anuales siguen siendo esenciales para mantener la salud de tus ojos. <\/p>\n\n<p><strong>Sigue las instrucciones de tu m\u00e9dico:<\/strong> Las citas peri\u00f3dicas de seguimiento con tu oftalm\u00f3logo de cabecera son cruciales, ya que permiten realizar ajustes personalizados en funci\u00f3n de tu progreso de curaci\u00f3n.\nAdem\u00e1s, nuestra gu\u00eda de cuidados postoperatorios del LASIK puede ser un recurso valioso durante el periodo de cicatrizaci\u00f3n. <\/p>\n\n<h2 class=\"wp-block-heading\"><strong>Cronolog\u00eda de los cuidados de seguimiento tras el LASIK<\/strong><\/h2>\n\n<ul class=\"wp-block-list\">\n<li><strong>Primera semana:<\/strong> Tu m\u00e9dico te recetar\u00e1 colirios para minimizar el riesgo de infecci\u00f3n, inflamaci\u00f3n y sequedad.<\/li>\n\n\n\n<li><strong>Primeros meses:<\/strong> Tu m\u00e9dico controlar\u00e1 tu curaci\u00f3n para asegurarse de que tus ojos est\u00e1n c\u00f3modos y tu visi\u00f3n es clara. <a href=\"#immediately-after\">Ver un calendario detallado<\/a><\/li>\n<\/ul>\n\n<h2 class=\"wp-block-heading\"><strong>Reanudar las actividades normales despu\u00e9s del LASIK<\/strong> <\/h2>\n\n<p>Muchos pacientes vuelven al trabajo uno o dos d\u00edas despu\u00e9s de la intervenci\u00f3n LASIK.\nSin embargo, es importante respetar las restricciones que se indican a continuaci\u00f3n.\nSiempre que sigas las indicaciones de tu m\u00e9dico, podr\u00e1s reincorporarte a tus actividades habituales.  <\/p>\n\n<ul class=\"wp-block-list\">\n<li>\u00a1No te frotes los ojos! (Hasta un mes despu\u00e9s del LASIK)<\/li>\n\n\n\n<li>Tu m\u00e9dico te informar\u00e1 cuando sea seguro conducir, normalmente el d\u00eda despu\u00e9s de la operaci\u00f3n<\/li>\n\n\n\n<li>Abstente de hacer ejercicio vigoroso durante una semana<\/li>\n\n\n\n<li>Evita nadar, ba\u00f1eras de hidromasaje y jacuzzis durante una semana<\/li>\n\n\n\n<li>Aunque est\u00e1 permitido fumar, ten en cuenta que el humo puede irritarte los ojos<\/li>\n\n\n\n<li>Evita maquillarte los ojos hasta una semana<\/li>\n\n\n\n<li>Evita la jardiner\u00eda y los ambientes polvorientos durante una semana<\/li>\n<\/ul>\n\n<p><strong>Recuperaci\u00f3n de la PRK:<\/strong> Al igual que el LASIK, <a href=\"https:\/\/www.aao.org\/eye-health\/treatments\/photorefractive-keratectomy-prk\" target=\"_blank\" rel=\"noreferrer noopener\">la cirug\u00eda PRK<\/a> corrige la miop\u00eda, la hipermetrop\u00eda y el astigmatismo.\nSin embargo, como la PRK se realiza de forma diferente, el periodo de recuperaci\u00f3n puede ser algo m\u00e1s largo.\nLos tiempos de curaci\u00f3n pueden variar de una persona a otra, por lo que es importante que hables de tus <a href=\"https:\/\/www.lasikvisioninstitute.com\/es\/recuperacion-de-la-prk-que-puedo-esperar\/\" target=\"_blank\" rel=\"noreferrer noopener\">expectativas de recuperaci\u00f3n<\/a> con tu cirujano especialista en LASIK.  <\/p>\n\n<div style=\"height:72px\" aria-hidden=\"true\" class=\"wp-block-spacer\"><\/div>\n\n<div class=\"wp-block-group alignfull has-polar-white-background-color has-background has-global-padding is-layout-constrained wp-block-group-is-layout-constrained\">\n<div style=\"height:100px\" aria-hidden=\"true\" class=\"wp-block-spacer\"><\/div>\n\n\n\n<h2 class=\"wp-block-heading has-text-align-center\" id=\"immediately-after\">\u00bfQu\u00e9 puedes esperar tras la cirug\u00eda LASIK?<\/h2>\n\n\n\n<p class=\"has-text-align-center\">Para m\u00e1s detalles sobre lo que puedes esperar despu\u00e9s de tu intervenci\u00f3n ocular LASIK, visita<\/p>\n\n\n\n<div style=\"height:40px\" aria-hidden=\"true\" class=\"wp-block-spacer\"><\/div>\n\n\n\n<div class=\"wp-block-columns alignwide is-layout-flex wp-container-core-columns-is-layout-28f84493 wp-block-columns-is-layout-flex\">\n<div class=\"wp-block-column is-layout-flow wp-block-column-is-layout-flow\">\n<h4 class=\"wp-block-heading\"><meta charset=\"utf-8\"\/><a title=\"Inmediatamente despu\u00e9s del tratamiento LASIK\" href=\"\/lasik-results\/immediately-after-lasik-treatment\/\">Inmediatamente despu\u00e9s de la intervenci\u00f3n LASIK<\/a><\/h4>\n\n\n\n<p>\u00a1Enhorabuena! Ahora que ya te has sometido a la cirug\u00eda ocular con l\u00e1ser, sigue estos sencillos pasos de recuperaci\u00f3n del LASIK para que tus ojos puedan rendir al m\u00e1ximo.<\/p>\n<\/div>\n\n\n\n<div class=\"wp-block-column is-layout-flow wp-block-column-is-layout-flow\">\n<h4 class=\"wp-block-heading\" id=\"1-day-after-lasik-procedure\"><meta charset=\"utf-8\"\/><a title=\"1 d\u00eda despu\u00e9s del tratamiento LASIK\" href=\"\/lasik-results\/1-day-after-lasik-treatment\/\">1 d\u00eda despu\u00e9s de la intervenci\u00f3n LASIK<\/a><\/h4>\n\n\n\n<p>Los cuidados\/instrucciones de seguimiento y las citas en el Instituto de la Visi\u00f3n LASIK son una parte importante de tu recuperaci\u00f3n. Nos comprometemos a asegurarnos de que te curas adecuadamente y est\u00e1s lo m\u00e1s c\u00f3modo posible.<\/p>\n<\/div>\n\n\n\n<div class=\"wp-block-column is-layout-flow wp-block-column-is-layout-flow\">\n<h4 class=\"wp-block-heading\" id=\"1-week-after-lasik-procedure\"><meta charset=\"utf-8\"\/><a title=\"1 semana despu\u00e9s del tratamiento LASIK\" href=\"\/lasik-results\/1-week-after-lasik-treatment\/\">1 semana despu\u00e9s de la intervenci\u00f3n LASIK<\/a><\/h4>\n\n\n\n<p>La mayor\u00eda de los pacientes acudir\u00e1n a una cita postoperatoria a la semana, as\u00ed que si tu m\u00e9dico te ha programado una, aseg\u00farate de acudir. Sigue utilizando el colirio que te han recetado, seg\u00fan las indicaciones.<\/p>\n<\/div>\n<\/div>\n\n\n\n<div style=\"height:30px\" aria-hidden=\"true\" class=\"wp-block-spacer\"><\/div>\n\n\n\n<div class=\"wp-block-columns alignwide is-layout-flex wp-container-core-columns-is-layout-28f84493 wp-block-columns-is-layout-flex\">\n<div class=\"wp-block-column is-layout-flow wp-block-column-is-layout-flow\">\n<h4 class=\"wp-block-heading\" id=\"3-weeks-after-lasik-procedure\"><meta charset=\"utf-8\"\/><a title=\"3 semanas despu\u00e9s del tratamiento LASIK\" href=\"\/lasik-results\/3-weeks-after-lasik-treatment\/\">3 semanas despu\u00e9s de la intervenci\u00f3n LASIK<\/a><\/h4>\n\n\n\n<p>Sorprendentemente, a las 3 semanas de la correcci\u00f3n visual con l\u00e1ser, se pueden reanudar las actividades extenuantes y los deportes de contacto con protecci\u00f3n ocular, incluida la nataci\u00f3n.  <\/p>\n<\/div>\n\n\n\n<div class=\"wp-block-column is-layout-flow wp-block-column-is-layout-flow\">\n<h4 class=\"wp-block-heading\" id=\"3-6-months-after-lasik-procedure\"><meta charset=\"utf-8\"\/><a title=\"3-6 meses despu\u00e9s del tratamiento LASIK\" href=\"\/lasik-results\/3-6-months-after-lasik-treatment\/\">De 3 a 6 meses despu\u00e9s de la intervenci\u00f3n LASIK<\/a><\/h4>\n\n\n\n<p>En el periodo de 3 a 6 meses que sigue a la intervenci\u00f3n quir\u00fargica con l\u00e1ser, deber\u00edas obtener una visi\u00f3n \u00f3ptima como resultado del tratamiento.<\/p>\n<\/div>\n\n\n\n<div class=\"wp-block-column is-layout-flow wp-block-column-is-layout-flow\"><\/div>\n<\/div>\n\n\n\n<div style=\"height:100px\" aria-hidden=\"true\" class=\"wp-block-spacer\"><\/div>\n<\/div>\n\n<div style=\"height:100px\" aria-hidden=\"true\" class=\"wp-block-spacer\"><\/div>\n\n<h2 class=\"wp-block-heading\">Preguntas frecuentes<\/h2>\n\n<div class=\"wp-block-columns is-layout-flex wp-container-core-columns-is-layout-28f84493 wp-block-columns-is-layout-flex\">\n<div class=\"wp-block-column is-layout-flow wp-block-column-is-layout-flow\">\n<ul class=\"is-style-links-list wp-block-list\">\n<li><a href=\"https:\/\/www.lasikvisioninstitute.com\/lasik-recovery-timeline\/\" target=\"_blank\" rel=\"noreferrer noopener\">\u00bfCu\u00e1l es el plazo de recuperaci\u00f3n del LASIK?<\/a><\/li>\n\n\n\n<li><a href=\"https:\/\/www.lasikvisioninstitute.com\/es\/cuando-puedes-frotarte-los-ojos-despues-del-lasik\/\" target=\"_blank\" rel=\"noreferrer noopener\">\u00bfCu\u00e1ndo puedes frotarte los ojos despu\u00e9s del LASIK?<\/a><\/li>\n\n\n\n<li><a href=\"https:\/\/www.lasikvisioninstitute.com\/es\/puedes-hacer-ejercicio-despues-del-lasik\/\" target=\"_blank\" rel=\"noreferrer noopener\">\u00bfPuedes hacer ejercicio despu\u00e9s del LASIK?<\/a><\/li>\n\n\n\n<li><a href=\"https:\/\/www.lasikvisioninstitute.com\/es\/puedes-conducir-despues-del-lasik\/\" target=\"_blank\" rel=\"noreferrer noopener\">\u00bfPuedes conducir despu\u00e9s del LASIK?<\/a><\/li>\n\n\n\n<li><a href=\"https:\/\/www.lasikvisioninstitute.com\/es\/puedes-nadar-despues-del-lasik\/\" target=\"_blank\" rel=\"noreferrer noopener\">\u00bfPuedes nadar despu\u00e9s del LASIK?<\/a><\/li>\n<\/ul>\n<\/div>\n\n\n\n<div class=\"wp-block-column is-layout-flow wp-block-column-is-layout-flow\">\n<ul class=\"is-style-links-list wp-block-list\">\n<li><a href=\"https:\/\/www.lasikvisioninstitute.com\/es\/puedes-hacer-deporte-despues-del-lasik\/\" target=\"_blank\" rel=\"noreferrer noopener\">\u00bfPuedes hacer deporte despu\u00e9s del LASIK?<\/a><\/li>\n\n\n\n<li><a href=\"https:\/\/www.lasikvisioninstitute.com\/es\/que-gafas-de-sol-debes-llevar-despues-del-lasik\/\" target=\"_blank\" rel=\"noreferrer noopener\">\u00bfQu\u00e9 gafas de sol debes llevar despu\u00e9s del LASIK?<\/a><\/li>\n\n\n\n<li><a href=\"https:\/\/www.lasikvisioninstitute.com\/es\/puedes-maquillarte-despues-del-lasik\/\" target=\"_blank\" rel=\"noreferrer noopener\">\u00bfPuedes maquillarte despu\u00e9s del LASIK?<\/a><\/li>\n\n\n\n<li><a href=\"https:\/\/www.lasikvisioninstitute.com\/es\/puedes-estar-fuera-de-casa-despues-del-lasik\/\" target=\"_blank\" rel=\"noreferrer noopener\">\u00bfPuedes estar fuera de casa despu\u00e9s del LASIK?<\/a><\/li>\n<\/ul>\n<\/div>\n<\/div>\n\n<div style=\"height:100px\" aria-hidden=\"true\" class=\"wp-block-spacer\"><\/div>\n\n<figure class=\"wp-block-embed is-type-video is-provider-youtube wp-block-embed-youtube wp-embed-aspect-16-9 wp-has-aspect-ratio\"><div class=\"wp-block-embed__wrapper\"> \n<iframe title=\"LASIK Eye Surgery: What to Expect During Recovery\" width=\"500\" height=\"281\" src=\"https:\/\/www.youtube.com\/embed\/2D0-VqrTHnA?feature=oembed\" frameborder=\"0\" allow=\"accelerometer; autoplay; clipboard-write; encrypted-media; gyroscope; picture-in-picture; web-share\" referrerpolicy=\"strict-origin-when-cross-origin\" allowfullscreen><\/iframe>\n <\/div><\/figure>\n","protected":false},"excerpt":{"rendered":"<p>\u00bfCu\u00e1les son las instrucciones para el postratamiento LASIK? \u00a1Enhorabuena por tu nueva visi\u00f3n! Muchos pacientes notan mejoras en su visi\u00f3n en las primeras 24 horas, si no inmediatamente despu\u00e9s de la intervenci\u00f3n, y se tranquilizan ech\u00e1ndose una breve siesta mientras llevan protectores oculares. Tras la intervenci\u00f3n LASIK, muchos pacientes se sorprenden gratamente de la rapidez [&hellip;]<\/p>\n","protected":false},"author":33,"featured_media":0,"parent":0,"menu_order":5,"comment_status":"closed","ping_status":"closed","template":"","meta":{"_acf_changed":false,"footnotes":""},"class_list":["post-165893","page","type-page","status-publish"],"acf":[],"yoast_head":"<!-- This site is optimized with the Yoast SEO plugin v27.3 - https:\/\/yoast.com\/product\/yoast-seo-wordpress\/ -->\n<title>Cuidados postoperatorios de la cirug\u00eda LASIK - The LASIK Vision Institute<\/title>\n<meta name=\"description\" content=\"Descubre los consejos esenciales sobre los cuidados posteriores al LASIK para garantizar una recuperaci\u00f3n sin problemas y unos resultados visuales \u00f3ptimos. Aprende a proteger tus ojos despu\u00e9s del LASIK\" \/>\n<meta name=\"robots\" content=\"index, follow, max-snippet:-1, max-image-preview:large, max-video-preview:-1\" \/>\n<link rel=\"canonical\" href=\"https:\/\/www.lasikvisioninstitute.com\/es\/resultados-lasik\/\" \/>\n<meta property=\"og:locale\" content=\"es_ES\" \/>\n<meta property=\"og:type\" content=\"article\" \/>\n<meta property=\"og:title\" content=\"Cuidados postoperatorios de la cirug\u00eda LASIK - The LASIK Vision Institute\" \/>\n<meta property=\"og:description\" content=\"Descubre los consejos esenciales sobre los cuidados posteriores al LASIK para garantizar una recuperaci\u00f3n sin problemas y unos resultados visuales \u00f3ptimos. Aprende a proteger tus ojos despu\u00e9s del LASIK\" \/>\n<meta property=\"og:url\" content=\"https:\/\/www.lasikvisioninstitute.com\/es\/resultados-lasik\/\" \/>\n<meta property=\"og:site_name\" content=\"The LASIK Vision Institute\" \/>\n<meta property=\"article:modified_time\" content=\"2024-08-23T21:07:19+00:00\" \/>\n<meta property=\"og:image\" content=\"https:\/\/www.lasikvisioninstitute.com\/wp-content\/uploads\/2022\/02\/eye-doctor-female-patient-examination-scaled.jpg\" \/>\n<meta name=\"twitter:card\" content=\"summary_large_image\" \/>\n<script type=\"application\/ld+json\" class=\"yoast-schema-graph\">{\"@context\":\"https:\\\/\\\/schema.org\",\"@graph\":[{\"@type\":\"WebPage\",\"@id\":\"https:\\\/\\\/www.lasikvisioninstitute.com\\\/es\\\/resultados-lasik\\\/\",\"url\":\"https:\\\/\\\/www.lasikvisioninstitute.com\\\/es\\\/resultados-lasik\\\/\",\"name\":\"Cuidados postoperatorios de la cirug\u00eda LASIK - The LASIK Vision Institute\",\"isPartOf\":{\"@id\":\"https:\\\/\\\/www.lasikvisioninstitute.com\\\/es\\\/#website\"},\"primaryImageOfPage\":{\"@id\":\"https:\\\/\\\/www.lasikvisioninstitute.com\\\/es\\\/resultados-lasik\\\/#primaryimage\"},\"image\":{\"@id\":\"https:\\\/\\\/www.lasikvisioninstitute.com\\\/es\\\/resultados-lasik\\\/#primaryimage\"},\"thumbnailUrl\":\"https:\\\/\\\/www.lasikvisioninstitute.com\\\/wp-content\\\/uploads\\\/2022\\\/02\\\/eye-doctor-female-patient-examination-scaled.jpg\",\"datePublished\":\"2013-02-02T04:15:45+00:00\",\"dateModified\":\"2024-08-23T21:07:19+00:00\",\"description\":\"Descubre los consejos esenciales sobre los cuidados posteriores al LASIK para garantizar una recuperaci\u00f3n sin problemas y unos resultados visuales \u00f3ptimos. Aprende a proteger tus ojos despu\u00e9s del LASIK\",\"breadcrumb\":{\"@id\":\"https:\\\/\\\/www.lasikvisioninstitute.com\\\/es\\\/resultados-lasik\\\/#breadcrumb\"},\"inLanguage\":\"es-ES\",\"potentialAction\":[{\"@type\":\"ReadAction\",\"target\":[\"https:\\\/\\\/www.lasikvisioninstitute.com\\\/es\\\/resultados-lasik\\\/\"]}]},{\"@type\":\"ImageObject\",\"inLanguage\":\"es-ES\",\"@id\":\"https:\\\/\\\/www.lasikvisioninstitute.com\\\/es\\\/resultados-lasik\\\/#primaryimage\",\"url\":\"https:\\\/\\\/www.lasikvisioninstitute.com\\\/wp-content\\\/uploads\\\/2022\\\/02\\\/eye-doctor-female-patient-examination-scaled.jpg\",\"contentUrl\":\"https:\\\/\\\/www.lasikvisioninstitute.com\\\/wp-content\\\/uploads\\\/2022\\\/02\\\/eye-doctor-female-patient-examination-scaled.jpg\"},{\"@type\":\"BreadcrumbList\",\"@id\":\"https:\\\/\\\/www.lasikvisioninstitute.com\\\/es\\\/resultados-lasik\\\/#breadcrumb\",\"itemListElement\":[{\"@type\":\"ListItem\",\"position\":1,\"name\":\"Portada\",\"item\":\"https:\\\/\\\/www.lasikvisioninstitute.com\\\/es\\\/\"},{\"@type\":\"ListItem\",\"position\":2,\"name\":\"Cuidados posteriores al LASIK\"}]},{\"@type\":\"WebSite\",\"@id\":\"https:\\\/\\\/www.lasikvisioninstitute.com\\\/es\\\/#website\",\"url\":\"https:\\\/\\\/www.lasikvisioninstitute.com\\\/es\\\/\",\"name\":\"The LASIK Vision Institute\",\"description\":\"1.4 Million LASIK Eye Surgeries and Counting\",\"publisher\":{\"@id\":\"https:\\\/\\\/www.lasikvisioninstitute.com\\\/es\\\/#organization\"},\"potentialAction\":[{\"@type\":\"SearchAction\",\"target\":{\"@type\":\"EntryPoint\",\"urlTemplate\":\"https:\\\/\\\/www.lasikvisioninstitute.com\\\/es\\\/?s={search_term_string}\"},\"query-input\":{\"@type\":\"PropertyValueSpecification\",\"valueRequired\":true,\"valueName\":\"search_term_string\"}}],\"inLanguage\":\"es-ES\"},{\"@type\":\"Organization\",\"@id\":\"https:\\\/\\\/www.lasikvisioninstitute.com\\\/es\\\/#organization\",\"name\":\"The LASIK Vision Institute\",\"url\":\"https:\\\/\\\/www.lasikvisioninstitute.com\\\/es\\\/\",\"logo\":{\"@type\":\"ImageObject\",\"inLanguage\":\"es-ES\",\"@id\":\"https:\\\/\\\/www.lasikvisioninstitute.com\\\/es\\\/#\\\/schema\\\/logo\\\/image\\\/\",\"url\":\"https:\\\/\\\/www.lasikvisioninstitute.com\\\/wp-content\\\/uploads\\\/2019\\\/10\\\/The-LASIK-Vision-Institute-Logo.png\",\"contentUrl\":\"https:\\\/\\\/www.lasikvisioninstitute.com\\\/wp-content\\\/uploads\\\/2019\\\/10\\\/The-LASIK-Vision-Institute-Logo.png\",\"width\":1000,\"height\":289,\"caption\":\"The LASIK Vision Institute\"},\"image\":{\"@id\":\"https:\\\/\\\/www.lasikvisioninstitute.com\\\/es\\\/#\\\/schema\\\/logo\\\/image\\\/\"}}]}<\/script>\n<!-- \/ Yoast SEO plugin. -->","yoast_head_json":{"title":"Cuidados postoperatorios de la cirug\u00eda LASIK - The LASIK Vision Institute","description":"Descubre los consejos esenciales sobre los cuidados posteriores al LASIK para garantizar una recuperaci\u00f3n sin problemas y unos resultados visuales \u00f3ptimos. Aprende a proteger tus ojos despu\u00e9s del LASIK","robots":{"index":"index","follow":"follow","max-snippet":"max-snippet:-1","max-image-preview":"max-image-preview:large","max-video-preview":"max-video-preview:-1"},"canonical":"https:\/\/www.lasikvisioninstitute.com\/es\/resultados-lasik\/","og_locale":"es_ES","og_type":"article","og_title":"Cuidados postoperatorios de la cirug\u00eda LASIK - The LASIK Vision Institute","og_description":"Descubre los consejos esenciales sobre los cuidados posteriores al LASIK para garantizar una recuperaci\u00f3n sin problemas y unos resultados visuales \u00f3ptimos. Aprende a proteger tus ojos despu\u00e9s del LASIK","og_url":"https:\/\/www.lasikvisioninstitute.com\/es\/resultados-lasik\/","og_site_name":"The LASIK Vision Institute","article_modified_time":"2024-08-23T21:07:19+00:00","og_image":[{"url":"https:\/\/www.lasikvisioninstitute.com\/wp-content\/uploads\/2022\/02\/eye-doctor-female-patient-examination-scaled.jpg","type":"","width":"","height":""}],"twitter_card":"summary_large_image","schema":{"@context":"https:\/\/schema.org","@graph":[{"@type":"WebPage","@id":"https:\/\/www.lasikvisioninstitute.com\/es\/resultados-lasik\/","url":"https:\/\/www.lasikvisioninstitute.com\/es\/resultados-lasik\/","name":"Cuidados postoperatorios de la cirug\u00eda LASIK - The LASIK Vision Institute","isPartOf":{"@id":"https:\/\/www.lasikvisioninstitute.com\/es\/#website"},"primaryImageOfPage":{"@id":"https:\/\/www.lasikvisioninstitute.com\/es\/resultados-lasik\/#primaryimage"},"image":{"@id":"https:\/\/www.lasikvisioninstitute.com\/es\/resultados-lasik\/#primaryimage"},"thumbnailUrl":"https:\/\/www.lasikvisioninstitute.com\/wp-content\/uploads\/2022\/02\/eye-doctor-female-patient-examination-scaled.jpg","datePublished":"2013-02-02T04:15:45+00:00","dateModified":"2024-08-23T21:07:19+00:00","description":"Descubre los consejos esenciales sobre los cuidados posteriores al LASIK para garantizar una recuperaci\u00f3n sin problemas y unos resultados visuales \u00f3ptimos. Aprende a proteger tus ojos despu\u00e9s del LASIK","breadcrumb":{"@id":"https:\/\/www.lasikvisioninstitute.com\/es\/resultados-lasik\/#breadcrumb"},"inLanguage":"es-ES","potentialAction":[{"@type":"ReadAction","target":["https:\/\/www.lasikvisioninstitute.com\/es\/resultados-lasik\/"]}]},{"@type":"ImageObject","inLanguage":"es-ES","@id":"https:\/\/www.lasikvisioninstitute.com\/es\/resultados-lasik\/#primaryimage","url":"https:\/\/www.lasikvisioninstitute.com\/wp-content\/uploads\/2022\/02\/eye-doctor-female-patient-examination-scaled.jpg","contentUrl":"https:\/\/www.lasikvisioninstitute.com\/wp-content\/uploads\/2022\/02\/eye-doctor-female-patient-examination-scaled.jpg"},{"@type":"BreadcrumbList","@id":"https:\/\/www.lasikvisioninstitute.com\/es\/resultados-lasik\/#breadcrumb","itemListElement":[{"@type":"ListItem","position":1,"name":"Portada","item":"https:\/\/www.lasikvisioninstitute.com\/es\/"},{"@type":"ListItem","position":2,"name":"Cuidados posteriores al LASIK"}]},{"@type":"WebSite","@id":"https:\/\/www.lasikvisioninstitute.com\/es\/#website","url":"https:\/\/www.lasikvisioninstitute.com\/es\/","name":"The LASIK Vision Institute","description":"1.4 Million LASIK Eye Surgeries and Counting","publisher":{"@id":"https:\/\/www.lasikvisioninstitute.com\/es\/#organization"},"potentialAction":[{"@type":"SearchAction","target":{"@type":"EntryPoint","urlTemplate":"https:\/\/www.lasikvisioninstitute.com\/es\/?s={search_term_string}"},"query-input":{"@type":"PropertyValueSpecification","valueRequired":true,"valueName":"search_term_string"}}],"inLanguage":"es-ES"},{"@type":"Organization","@id":"https:\/\/www.lasikvisioninstitute.com\/es\/#organization","name":"The LASIK Vision Institute","url":"https:\/\/www.lasikvisioninstitute.com\/es\/","logo":{"@type":"ImageObject","inLanguage":"es-ES","@id":"https:\/\/www.lasikvisioninstitute.com\/es\/#\/schema\/logo\/image\/","url":"https:\/\/www.lasikvisioninstitute.com\/wp-content\/uploads\/2019\/10\/The-LASIK-Vision-Institute-Logo.png","contentUrl":"https:\/\/www.lasikvisioninstitute.com\/wp-content\/uploads\/2019\/10\/The-LASIK-Vision-Institute-Logo.png","width":1000,"height":289,"caption":"The LASIK Vision Institute"},"image":{"@id":"https:\/\/www.lasikvisioninstitute.com\/es\/#\/schema\/logo\/image\/"}}]}},"_links":{"self":[{"href":"https:\/\/www.lasikvisioninstitute.com\/es\/wp-json\/wp\/v2\/pages\/165893","targetHints":{"allow":["GET"]}}],"collection":[{"href":"https:\/\/www.lasikvisioninstitute.com\/es\/wp-json\/wp\/v2\/pages"}],"about":[{"href":"https:\/\/www.lasikvisioninstitute.com\/es\/wp-json\/wp\/v2\/types\/page"}],"author":[{"embeddable":true,"href":"https:\/\/www.lasikvisioninstitute.com\/es\/wp-json\/wp\/v2\/users\/33"}],"replies":[{"embeddable":true,"href":"https:\/\/www.lasikvisioninstitute.com\/es\/wp-json\/wp\/v2\/comments?post=165893"}],"version-history":[{"count":0,"href":"https:\/\/www.lasikvisioninstitute.com\/es\/wp-json\/wp\/v2\/pages\/165893\/revisions"}],"wp:attachment":[{"href":"https:\/\/www.lasikvisioninstitute.com\/es\/wp-json\/wp\/v2\/media?parent=165893"}],"curies":[{"name":"wp","href":"https:\/\/api.w.org\/{rel}","templated":true}]}}