{"id":165891,"date":"2013-02-01T23:44:36","date_gmt":"2013-02-02T04:44:36","guid":{"rendered":"https:\/\/dev.lasikvisioninstitute.com\/puedes-permitirte-la-cirugia-ocular-lasik\/"},"modified":"2026-03-03T18:27:26","modified_gmt":"2026-03-03T23:27:26","slug":"puedes-permitirte-la-cirugia-ocular-lasik","status":"publish","type":"page","link":"https:\/\/www.lasikvisioninstitute.com\/es\/puedes-permitirte-la-cirugia-ocular-lasik\/","title":{"rendered":"Puedes permitirte la cirug\u00eda ocular LASIK"},"content":{"rendered":"\n<div class=\"wp-block-media-text alignfull has-media-on-the-right is-stacked-on-mobile is-image-fill-element px-0 has-background\" style=\"background:linear-gradient(155deg,rgb(241,241,241) 0%,rgb(255,255,255) 54%)\"><div class=\"wp-block-media-text__content\">\n<div style=\"height:70px\" aria-hidden=\"true\" class=\"wp-block-spacer\"><\/div>\n\n\n\n<h6 class=\"wp-block-heading h6 letter-spacing has-teal-color is-style-muted-heading has-text-color\">SEGURO, F\u00c1CIL Y <span style=\"text-decoration: underline;\">ASEQUIBLE<\/span><\/h6>\n\n\n\n<div style=\"height:10px\" aria-hidden=\"true\" class=\"wp-block-spacer\"><\/div>\n\n\n\n<h1 class=\"wp-block-heading\">Cirug\u00eda ocular LASIK asequible.<\/h1>\n\n\n\n<div style=\"height:10px\" aria-hidden=\"true\" class=\"wp-block-spacer\"><\/div>\n\n\n\n<p>El LASIK Vision Institute se esfuerza por ofrecer algunas de las tarifas m\u00e1s competitivas y precios transparentes para que el coste de la cirug\u00eda LASIK sea claro y directo. Hay muchas opciones que ayudan a que la cirug\u00eda ocular LASIK sea m\u00e1s asequible para ti.<\/p>\n\n\n\n<div class=\"wp-block-buttons is-layout-flex wp-block-buttons-is-layout-flex\">\n<div class=\"wp-block-button is-style-fill\"><a class=\"wp-block-button__link wp-element-button\" href=\"https:\/\/www.lasikvisioninstitute.com\/es\/ischedule-es\/\">Programar una consulta GRATUITA<\/a><\/div>\n<\/div>\n\n\n\n<div style=\"height:70px\" aria-hidden=\"true\" class=\"wp-block-spacer\"><\/div>\n<\/div><figure class=\"wp-block-media-text__media\"><img decoding=\"async\" width=\"1400\" height=\"933\" src=\"https:\/\/www.lasikvisioninstitute.com\/wp-content\/uploads\/2019\/09\/lasik-affordability-1400x933.jpg\" alt=\"\" class=\"wp-image-131373 size-large\" style=\"object-position:56% 24%\" srcset=\"https:\/\/www.lasikvisioninstitute.com\/wp-content\/uploads\/2019\/09\/lasik-affordability-1400x933.jpg 1400w, https:\/\/www.lasikvisioninstitute.com\/wp-content\/uploads\/2019\/09\/lasik-affordability-600x400.jpg 600w, https:\/\/www.lasikvisioninstitute.com\/wp-content\/uploads\/2019\/09\/lasik-affordability-768x512.jpg 768w, https:\/\/www.lasikvisioninstitute.com\/wp-content\/uploads\/2019\/09\/lasik-affordability-1536x1024.jpg 1536w, https:\/\/www.lasikvisioninstitute.com\/wp-content\/uploads\/2019\/09\/lasik-affordability.jpg 2000w\" sizes=\"(max-width: 1400px) 100vw, 1400px\" \/><\/figure><\/div>\n\n\n\n<div class=\"wp-block-group alignfull has-polar-white-background-color has-background has-global-padding is-layout-constrained wp-block-group-is-layout-constrained\">\n<div style=\"height:100px\" aria-hidden=\"true\" class=\"wp-block-spacer\"><\/div>\n\n\n\n<div class=\"wp-block-columns alignwide is-layout-flex wp-container-core-columns-is-layout-28f84493 wp-block-columns-is-layout-flex\">\n<div class=\"wp-block-column is-layout-flow wp-block-column-is-layout-flow\" style=\"flex-basis:33.33%\">\n<h2 class=\"wp-block-heading\">El LASIK Vision Institute\u00ae hace que la cirug\u00eda ocular LASIK sea asequible.<\/h2>\n<\/div>\n\n\n\n<div class=\"wp-block-column is-layout-flow wp-block-column-is-layout-flow\" style=\"flex-basis:66.66%\">\n<p style=\"font-size:clamp(14px, 0.875rem + ((1vw - 3.2px) * 0.625), 20px);\">En el Instituto de la Visi\u00f3n LASIK, nuestra correcci\u00f3n visual LASIK es segura, f\u00e1cil y asequible. T\u00fa tambi\u00e9n puedes ver por qu\u00e9 cientos de miles de pacientes han elegido el LASIK Vision Institute para tener una visi\u00f3n mejor a un precio mejor. No hay motivo para esperar. <a href=\"https:\/\/www.lasikvisioninstitute.com\/es\/ischedule-es\/\" target=\"_blank\" rel=\"noreferrer noopener\">Programa una Consulta Gratuita hoy mismo<\/a> y pide a nuestros Especialistas en LASIK m\u00e1s informaci\u00f3n sobre el coste del LASIK.<\/p>\n<\/div>\n<\/div>\n\n\n\n<div style=\"height:100px\" aria-hidden=\"true\" class=\"wp-block-spacer\"><\/div>\n<\/div>\n\n\n\n<div style=\"height:130px\" aria-hidden=\"true\" class=\"wp-block-spacer\"><\/div>\n\n\n\n<h2 class=\"wp-block-heading alignwide has-text-align-center\">El LASIK Vision Institute\u00ae ofrece:<\/h2>\n\n\n\n<div style=\"height:40px\" aria-hidden=\"true\" class=\"wp-block-spacer\"><\/div>\n\n\n\n<div class=\"wp-block-media-text alignwide has-media-on-the-right is-stacked-on-mobile\"><div class=\"wp-block-media-text__content\">\n<h2 class=\"wp-block-heading\">Precios del LASIK Claro<\/h2>\n\n\n\n<p>Te ofrecemos un precio de LASIK claro y predecible, en relaci\u00f3n con tu graduaci\u00f3n ocular y tus necesidades de cirug\u00eda ocular con l\u00e1ser. Este precio se revisa en tu <strong>\n  <a href=\"https:\/\/www.lasikvisioninstitute.com\/es\/ischedule-es\/\">consulta\/examen preoperatorio LASIK GRATUITO<\/a>\n<\/strong>*. Con nuestros precios por adelantado, no te quedar\u00e1s sin saber lo que vas a pagar, \u00a1ni te coger\u00e1 por sorpresa una factura inflada tras un procedimiento!<\/p>\n<\/div><figure class=\"wp-block-media-text__media\"><img decoding=\"async\" width=\"600\" height=\"400\" src=\"https:\/\/www.lasikvisioninstitute.com\/wp-content\/uploads\/2020\/01\/Is-LASIK-Right-for-Me-600x400.jpg\" alt=\"\u00bfEs el LASIK adecuado para m\u00ed?\" class=\"wp-image-132942 size-medium\" srcset=\"https:\/\/www.lasikvisioninstitute.com\/wp-content\/uploads\/2020\/01\/Is-LASIK-Right-for-Me-600x400.jpg 600w, https:\/\/www.lasikvisioninstitute.com\/wp-content\/uploads\/2020\/01\/Is-LASIK-Right-for-Me-768x511.jpg 768w, https:\/\/www.lasikvisioninstitute.com\/wp-content\/uploads\/2020\/01\/Is-LASIK-Right-for-Me.jpg 1000w\" sizes=\"(max-width: 600px) 100vw, 600px\" \/><\/figure><\/div>\n\n\n\n<div class=\"wp-block-media-text alignwide is-stacked-on-mobile\"><figure class=\"wp-block-media-text__media\"><img decoding=\"async\" width=\"1400\" height=\"933\" src=\"https:\/\/www.lasikvisioninstitute.com\/wp-content\/uploads\/2020\/03\/at-home-1400x933.jpg\" alt=\"\" class=\"wp-image-133569 size-large\" srcset=\"https:\/\/www.lasikvisioninstitute.com\/wp-content\/uploads\/2020\/03\/at-home-1400x933.jpg 1400w, https:\/\/www.lasikvisioninstitute.com\/wp-content\/uploads\/2020\/03\/at-home-600x400.jpg 600w, https:\/\/www.lasikvisioninstitute.com\/wp-content\/uploads\/2020\/03\/at-home-768x512.jpg 768w, https:\/\/www.lasikvisioninstitute.com\/wp-content\/uploads\/2020\/03\/at-home-1536x1024.jpg 1536w, https:\/\/www.lasikvisioninstitute.com\/wp-content\/uploads\/2020\/03\/at-home-2048x1365.jpg 2048w\" sizes=\"(max-width: 1400px) 100vw, 1400px\" \/><\/figure><div class=\"wp-block-media-text__content\">\n<h2 class=\"wp-block-heading\">Financiaci\u00f3n<\/h2>\n\n\n\n<p>En el Instituto de la Visi\u00f3n LASIK, tenemos una variedad de opciones que se ajustan a la mayor\u00eda de los presupuestos. Trabajaremos contigo para ayudarte a elegir la mejor opci\u00f3n de financiaci\u00f3n para tus necesidades. Ofrecemos opciones de pago mensual bajas que se ajustan perfectamente a tu presupuesto. Adem\u00e1s, \u00a1algunos programas no requieren pago inicial!<\/p>\n\n\n\n<figure class=\"wp-block-image alignright size-full is-resized\"><img decoding=\"async\" width=\"250\" height=\"250\" src=\"https:\/\/www.lasikvisioninstitute.com\/wp-content\/uploads\/2024\/04\/LVI-Guaranteed-Financing-Badge-small-e1712943067756.png\" alt=\"\" class=\"wp-image-163493\" style=\"width:158px;height:auto\"\/><\/figure>\n<\/div><\/div>\n\n\n\n<div style=\"height:130px\" aria-hidden=\"true\" class=\"wp-block-spacer\"><\/div>\n\n\n\n<section class=\"blocks block-offer-cta alignfull \" id=\"block_7936f0d1f21bc4ba05b29bd39189faec\">\n    <div class=\"container\">\n        <div class=\"content\">\n            \n                            <h2 class=\"h1\"><span class=\"offer_line1\"><\/span> <span class=\"offer_line2\"><\/span> <span class=\"offer_line3\"><\/span>!<\/h2>\n                <p>\u00a1Programe una Consulta GRATUITA Hoy!<\/p>\n                        \n            <div class=\"button-holder\">\n                <a class=\"button button--neon-green\" href=\"\/ischedule\/\">Empieza Ahora<i class=\"fa-sharp fa-solid fa-arrow-right\"><\/i><\/a>\n                <a class=\"button button--outline button--outline--white\" href=\"\/quiz\/\">\u00bfSoy un Candidato?<\/a>\n            <\/div>\n            \n            <div class=\"offer_footer_cta_disclaimer\"><\/div>\n        <\/div>\n    <\/div>\n<\/section>\n\n\n\n<div style=\"height:100px\" aria-hidden=\"true\" class=\"wp-block-spacer\"><\/div>\n\n\n\n<h2 class=\"wp-block-heading has-text-align-center\">Opciones de financiaci\u00f3n adicionales<\/h2>\n\n\n\n<p>Si est\u00e1s pensando en someterte a una intervenci\u00f3n LASIK, quiz\u00e1 te preguntes: &#8220;\u00bfCu\u00e1l es el coste de la cirug\u00eda LASIK? \u00bfPodr\u00e9 permitirme un tratamiento LASIK?&#8221;. El coste de la cirug\u00eda LASIK variar\u00e1 en funci\u00f3n del procedimiento adecuado para corregir tu visi\u00f3n. Adem\u00e1s de tus <a href=\"https:\/\/www.lasikvisioninstitute.com\/es\/puedes-permitirte-la-cirugia-ocular-lasik\/financiacion-lasik\/\">opciones de financiaci\u00f3n<\/a> a trav\u00e9s de The LASIK Vision Institute, hay otras opciones que puedes explorar para ayudar a reducir el coste de la cirug\u00eda LASIK. Considera si alguna de las siguientes opciones puede aplicarse a ti:<\/p>\n\n\n\n<div style=\"height:50px\" aria-hidden=\"true\" class=\"wp-block-spacer\"><\/div>\n\n\n\n<div class=\"wp-block-columns alignwide is-layout-flex wp-container-core-columns-is-layout-28f84493 wp-block-columns-is-layout-flex\">\n<div class=\"wp-block-column is-layout-flow wp-block-column-is-layout-flow\">\n<figure class=\"wp-block-image size-medium\"><img decoding=\"async\" width=\"600\" height=\"400\" src=\"https:\/\/www.lasikvisioninstitute.com\/wp-content\/uploads\/2020\/01\/how-long-does-lasik-last-600x400.jpg\" alt=\"vista oscurecida de una paciente joven que se somete a un examen ocular en la cl\u00ednica\" class=\"wp-image-132960\" srcset=\"https:\/\/www.lasikvisioninstitute.com\/wp-content\/uploads\/2020\/01\/how-long-does-lasik-last-600x400.jpg 600w, https:\/\/www.lasikvisioninstitute.com\/wp-content\/uploads\/2020\/01\/how-long-does-lasik-last-768x512.jpg 768w, https:\/\/www.lasikvisioninstitute.com\/wp-content\/uploads\/2020\/01\/how-long-does-lasik-last.jpg 1000w\" sizes=\"(max-width: 600px) 100vw, 600px\" \/><\/figure>\n<\/div>\n\n\n\n<div class=\"wp-block-column is-vertically-aligned-center is-layout-flow wp-block-column-is-layout-flow\"><section class=\"is-style-toggle wp-block-meta-accordion\" id=\"block_d46bf1888dc13bca7786362fb42159d2\">\n    <div class=\"accordion\">\n\n<details class=\"wp-block-details is-layout-flow wp-block-details-is-layout-flow\"><summary>Cuentas de gastos flexibles (FSA)<\/summary>\n<p>Do you have a flexible spending account through your employer? Many patients use these tax-free funds and apply them to the cost of LASIK eye surgery. Once you complete your Free LASIK Consultation \/Pre-operative exam*, you can decide how much you would like to contribute from your flex spending or saving program.<\/p>\n<\/details>\n\n\n\n<details class=\"wp-block-details is-layout-flow wp-block-details-is-layout-flow\"><summary>Cuenta de ahorros sanitarios (HSA)<\/summary>\n<p>Do you have money set aside for health care expenses? Health saving accounts can be used to pay for medical expenses without the funds being subject to income tax. After your Free LASIK Consultation \/Pre-operative exam*, you can decide how much you would like to contribute from your HSA toward your LASIK surgery.<\/p>\n<\/details>\n\n\n\n<details class=\"wp-block-details is-layout-flow wp-block-details-is-layout-flow\"><summary>Devoluci\u00f3n de impuestos<\/summary>\n<p>many patients put aside money they are getting back to invest in improved vision. This is a great way to offset the cost of LASIK surgery with unfound money.<\/p>\n<\/details>\n\n\n\n<details class=\"wp-block-details is-layout-flow wp-block-details-is-layout-flow\"><summary>CareCredit<\/summary>\n<p>You can apply for a healthcare credit card through CareCredit. With CareCredit you may qualify for special financing offers\u2020 to help make LASIK more affordable for you. \u2020Subject to credit approval. Visit <a href=\"https:\/\/carecredit.com\">carecredit.com<\/a> for details.<\/p>\n<\/details>\n\n\n\n<details class=\"wp-block-details is-layout-flow wp-block-details-is-layout-flow\"><summary>Descuentos en la cobertura del seguro<\/summary>\n<p>Many patients are eligible for a discount on LASIK procedures from their companies&#8217; vision or health plans. The LASIK Vision Institute also offers an insurance matching discount! LVI&#8217;s insurance match program will match the insurance discount benefits up to 20% of the cost of the procedure. (Cannot be combined with other offers) Check with your company&#8217;s HR department or with your insurance provider to see if your plan provides a discount for LASIK surgery.<\/p>\n<\/details>\n\n<\/div>\n\n<\/section><script>\n    jQuery(function($) {\n        $('body').ready(function() {\n            $(\"#block_d46bf1888dc13bca7786362fb42159d2.is-style-toggle details\").on(\"click\", function () {\n                $(\"#block_d46bf1888dc13bca7786362fb42159d2.is-style-toggle details[open]\").not(this).removeAttr(\"open\");\n            });\n        });\n    });\n<\/script>\n<\/div>\n<\/div>\n","protected":false},"excerpt":{"rendered":"<p>El LASIK Vision Institute\u00ae hace que la cirug\u00eda ocular LASIK sea asequible. En el Instituto de la Visi\u00f3n LASIK, nuestra correcci\u00f3n visual LASIK es segura, f\u00e1cil y asequible. T\u00fa tambi\u00e9n puedes ver por qu\u00e9 cientos de miles de pacientes han elegido el LASIK Vision Institute para tener una visi\u00f3n mejor a un precio mejor. No [&hellip;]<\/p>\n","protected":false},"author":33,"featured_media":0,"parent":0,"menu_order":0,"comment_status":"closed","ping_status":"closed","template":"","meta":{"_acf_changed":false,"footnotes":""},"class_list":["post-165891","page","type-page","status-publish"],"acf":[],"yoast_head":"<!-- This site is optimized with the Yoast SEO plugin v27.6 - https:\/\/yoast.com\/product\/yoast-seo-wordpress\/ -->\n<title>Coste asequible de la cirug\u00eda ocular LASIK | LASIK Vision Institute<\/title>\n<meta name=\"description\" content=\"El LASIK Vision Institute se esfuerza por ofrecer algunas de las tarifas m\u00e1s competitivas y precios transparentes para que el coste de la cirug\u00eda ocular LASIK sea m\u00e1s asequible.\" \/>\n<meta name=\"robots\" content=\"index, follow, max-snippet:-1, max-image-preview:large, max-video-preview:-1\" \/>\n<link rel=\"canonical\" href=\"https:\/\/www.lasikvisioninstitute.com\/es\/puedes-permitirte-la-cirugia-ocular-lasik\/\" \/>\n<meta property=\"og:locale\" content=\"es_ES\" \/>\n<meta property=\"og:type\" content=\"article\" \/>\n<meta property=\"og:title\" content=\"Coste asequible de la cirug\u00eda ocular LASIK | LASIK Vision Institute\" \/>\n<meta property=\"og:description\" content=\"El LASIK Vision Institute se esfuerza por ofrecer algunas de las tarifas m\u00e1s competitivas y precios transparentes para que el coste de la cirug\u00eda ocular LASIK sea m\u00e1s asequible.\" \/>\n<meta property=\"og:url\" content=\"https:\/\/www.lasikvisioninstitute.com\/es\/puedes-permitirte-la-cirugia-ocular-lasik\/\" \/>\n<meta property=\"og:site_name\" content=\"The LASIK Vision Institute\" \/>\n<meta property=\"article:modified_time\" content=\"2026-03-03T23:27:26+00:00\" \/>\n<meta property=\"og:image\" content=\"https:\/\/www.lasikvisioninstitute.com\/wp-content\/uploads\/2019\/09\/lasik-affordability.jpg\" \/>\n\t<meta property=\"og:image:width\" content=\"2000\" \/>\n\t<meta property=\"og:image:height\" content=\"1333\" \/>\n\t<meta property=\"og:image:type\" content=\"image\/jpeg\" \/>\n<meta name=\"twitter:card\" content=\"summary_large_image\" \/>\n<script type=\"application\/ld+json\" class=\"yoast-schema-graph\">{\"@context\":\"https:\\\/\\\/schema.org\",\"@graph\":[{\"@type\":\"WebPage\",\"@id\":\"https:\\\/\\\/www.lasikvisioninstitute.com\\\/es\\\/puedes-permitirte-la-cirugia-ocular-lasik\\\/\",\"url\":\"https:\\\/\\\/www.lasikvisioninstitute.com\\\/es\\\/puedes-permitirte-la-cirugia-ocular-lasik\\\/\",\"name\":\"Coste asequible de la cirug\u00eda ocular LASIK | LASIK Vision Institute\",\"isPartOf\":{\"@id\":\"https:\\\/\\\/www.lasikvisioninstitute.com\\\/es\\\/#website\"},\"primaryImageOfPage\":{\"@id\":\"https:\\\/\\\/www.lasikvisioninstitute.com\\\/es\\\/puedes-permitirte-la-cirugia-ocular-lasik\\\/#primaryimage\"},\"image\":{\"@id\":\"https:\\\/\\\/www.lasikvisioninstitute.com\\\/es\\\/puedes-permitirte-la-cirugia-ocular-lasik\\\/#primaryimage\"},\"thumbnailUrl\":\"https:\\\/\\\/www.lasikvisioninstitute.com\\\/wp-content\\\/uploads\\\/2019\\\/09\\\/lasik-affordability-1400x933.jpg\",\"datePublished\":\"2013-02-02T04:44:36+00:00\",\"dateModified\":\"2026-03-03T23:27:26+00:00\",\"description\":\"El LASIK Vision Institute se esfuerza por ofrecer algunas de las tarifas m\u00e1s competitivas y precios transparentes para que el coste de la cirug\u00eda ocular LASIK sea m\u00e1s asequible.\",\"breadcrumb\":{\"@id\":\"https:\\\/\\\/www.lasikvisioninstitute.com\\\/es\\\/puedes-permitirte-la-cirugia-ocular-lasik\\\/#breadcrumb\"},\"inLanguage\":\"es-ES\",\"potentialAction\":[{\"@type\":\"ReadAction\",\"target\":[\"https:\\\/\\\/www.lasikvisioninstitute.com\\\/es\\\/puedes-permitirte-la-cirugia-ocular-lasik\\\/\"]}]},{\"@type\":\"ImageObject\",\"inLanguage\":\"es-ES\",\"@id\":\"https:\\\/\\\/www.lasikvisioninstitute.com\\\/es\\\/puedes-permitirte-la-cirugia-ocular-lasik\\\/#primaryimage\",\"url\":\"https:\\\/\\\/www.lasikvisioninstitute.com\\\/wp-content\\\/uploads\\\/2019\\\/09\\\/lasik-affordability-1400x933.jpg\",\"contentUrl\":\"https:\\\/\\\/www.lasikvisioninstitute.com\\\/wp-content\\\/uploads\\\/2019\\\/09\\\/lasik-affordability-1400x933.jpg\"},{\"@type\":\"BreadcrumbList\",\"@id\":\"https:\\\/\\\/www.lasikvisioninstitute.com\\\/es\\\/puedes-permitirte-la-cirugia-ocular-lasik\\\/#breadcrumb\",\"itemListElement\":[{\"@type\":\"ListItem\",\"position\":1,\"name\":\"Portada\",\"item\":\"https:\\\/\\\/www.lasikvisioninstitute.com\\\/es\\\/\"},{\"@type\":\"ListItem\",\"position\":2,\"name\":\"Puedes permitirte la cirug\u00eda ocular LASIK\"}]},{\"@type\":\"WebSite\",\"@id\":\"https:\\\/\\\/www.lasikvisioninstitute.com\\\/es\\\/#website\",\"url\":\"https:\\\/\\\/www.lasikvisioninstitute.com\\\/es\\\/\",\"name\":\"The LASIK Vision Institute\",\"description\":\"1.4 Million LASIK Eye Surgeries and Counting\",\"publisher\":{\"@id\":\"https:\\\/\\\/www.lasikvisioninstitute.com\\\/es\\\/#organization\"},\"potentialAction\":[{\"@type\":\"SearchAction\",\"target\":{\"@type\":\"EntryPoint\",\"urlTemplate\":\"https:\\\/\\\/www.lasikvisioninstitute.com\\\/es\\\/?s={search_term_string}\"},\"query-input\":{\"@type\":\"PropertyValueSpecification\",\"valueRequired\":true,\"valueName\":\"search_term_string\"}}],\"inLanguage\":\"es-ES\"},{\"@type\":\"Organization\",\"@id\":\"https:\\\/\\\/www.lasikvisioninstitute.com\\\/es\\\/#organization\",\"name\":\"The LASIK Vision Institute\",\"url\":\"https:\\\/\\\/www.lasikvisioninstitute.com\\\/es\\\/\",\"logo\":{\"@type\":\"ImageObject\",\"inLanguage\":\"es-ES\",\"@id\":\"https:\\\/\\\/www.lasikvisioninstitute.com\\\/es\\\/#\\\/schema\\\/logo\\\/image\\\/\",\"url\":\"https:\\\/\\\/www.lasikvisioninstitute.com\\\/wp-content\\\/uploads\\\/2019\\\/10\\\/The-LASIK-Vision-Institute-Logo.png\",\"contentUrl\":\"https:\\\/\\\/www.lasikvisioninstitute.com\\\/wp-content\\\/uploads\\\/2019\\\/10\\\/The-LASIK-Vision-Institute-Logo.png\",\"width\":1000,\"height\":289,\"caption\":\"The LASIK Vision Institute\"},\"image\":{\"@id\":\"https:\\\/\\\/www.lasikvisioninstitute.com\\\/es\\\/#\\\/schema\\\/logo\\\/image\\\/\"}}]}<\/script>\n<!-- \/ Yoast SEO plugin. -->","yoast_head_json":{"title":"Coste asequible de la cirug\u00eda ocular LASIK | LASIK Vision Institute","description":"El LASIK Vision Institute se esfuerza por ofrecer algunas de las tarifas m\u00e1s competitivas y precios transparentes para que el coste de la cirug\u00eda ocular LASIK sea m\u00e1s asequible.","robots":{"index":"index","follow":"follow","max-snippet":"max-snippet:-1","max-image-preview":"max-image-preview:large","max-video-preview":"max-video-preview:-1"},"canonical":"https:\/\/www.lasikvisioninstitute.com\/es\/puedes-permitirte-la-cirugia-ocular-lasik\/","og_locale":"es_ES","og_type":"article","og_title":"Coste asequible de la cirug\u00eda ocular LASIK | LASIK Vision Institute","og_description":"El LASIK Vision Institute se esfuerza por ofrecer algunas de las tarifas m\u00e1s competitivas y precios transparentes para que el coste de la cirug\u00eda ocular LASIK sea m\u00e1s asequible.","og_url":"https:\/\/www.lasikvisioninstitute.com\/es\/puedes-permitirte-la-cirugia-ocular-lasik\/","og_site_name":"The LASIK Vision Institute","article_modified_time":"2026-03-03T23:27:26+00:00","og_image":[{"width":2000,"height":1333,"url":"https:\/\/www.lasikvisioninstitute.com\/wp-content\/uploads\/2019\/09\/lasik-affordability.jpg","type":"image\/jpeg"}],"twitter_card":"summary_large_image","schema":{"@context":"https:\/\/schema.org","@graph":[{"@type":"WebPage","@id":"https:\/\/www.lasikvisioninstitute.com\/es\/puedes-permitirte-la-cirugia-ocular-lasik\/","url":"https:\/\/www.lasikvisioninstitute.com\/es\/puedes-permitirte-la-cirugia-ocular-lasik\/","name":"Coste asequible de la cirug\u00eda ocular LASIK | LASIK Vision Institute","isPartOf":{"@id":"https:\/\/www.lasikvisioninstitute.com\/es\/#website"},"primaryImageOfPage":{"@id":"https:\/\/www.lasikvisioninstitute.com\/es\/puedes-permitirte-la-cirugia-ocular-lasik\/#primaryimage"},"image":{"@id":"https:\/\/www.lasikvisioninstitute.com\/es\/puedes-permitirte-la-cirugia-ocular-lasik\/#primaryimage"},"thumbnailUrl":"https:\/\/www.lasikvisioninstitute.com\/wp-content\/uploads\/2019\/09\/lasik-affordability-1400x933.jpg","datePublished":"2013-02-02T04:44:36+00:00","dateModified":"2026-03-03T23:27:26+00:00","description":"El LASIK Vision Institute se esfuerza por ofrecer algunas de las tarifas m\u00e1s competitivas y precios transparentes para que el coste de la cirug\u00eda ocular LASIK sea m\u00e1s asequible.","breadcrumb":{"@id":"https:\/\/www.lasikvisioninstitute.com\/es\/puedes-permitirte-la-cirugia-ocular-lasik\/#breadcrumb"},"inLanguage":"es-ES","potentialAction":[{"@type":"ReadAction","target":["https:\/\/www.lasikvisioninstitute.com\/es\/puedes-permitirte-la-cirugia-ocular-lasik\/"]}]},{"@type":"ImageObject","inLanguage":"es-ES","@id":"https:\/\/www.lasikvisioninstitute.com\/es\/puedes-permitirte-la-cirugia-ocular-lasik\/#primaryimage","url":"https:\/\/www.lasikvisioninstitute.com\/wp-content\/uploads\/2019\/09\/lasik-affordability-1400x933.jpg","contentUrl":"https:\/\/www.lasikvisioninstitute.com\/wp-content\/uploads\/2019\/09\/lasik-affordability-1400x933.jpg"},{"@type":"BreadcrumbList","@id":"https:\/\/www.lasikvisioninstitute.com\/es\/puedes-permitirte-la-cirugia-ocular-lasik\/#breadcrumb","itemListElement":[{"@type":"ListItem","position":1,"name":"Portada","item":"https:\/\/www.lasikvisioninstitute.com\/es\/"},{"@type":"ListItem","position":2,"name":"Puedes permitirte la cirug\u00eda ocular LASIK"}]},{"@type":"WebSite","@id":"https:\/\/www.lasikvisioninstitute.com\/es\/#website","url":"https:\/\/www.lasikvisioninstitute.com\/es\/","name":"The LASIK Vision Institute","description":"1.4 Million LASIK Eye Surgeries and Counting","publisher":{"@id":"https:\/\/www.lasikvisioninstitute.com\/es\/#organization"},"potentialAction":[{"@type":"SearchAction","target":{"@type":"EntryPoint","urlTemplate":"https:\/\/www.lasikvisioninstitute.com\/es\/?s={search_term_string}"},"query-input":{"@type":"PropertyValueSpecification","valueRequired":true,"valueName":"search_term_string"}}],"inLanguage":"es-ES"},{"@type":"Organization","@id":"https:\/\/www.lasikvisioninstitute.com\/es\/#organization","name":"The LASIK Vision Institute","url":"https:\/\/www.lasikvisioninstitute.com\/es\/","logo":{"@type":"ImageObject","inLanguage":"es-ES","@id":"https:\/\/www.lasikvisioninstitute.com\/es\/#\/schema\/logo\/image\/","url":"https:\/\/www.lasikvisioninstitute.com\/wp-content\/uploads\/2019\/10\/The-LASIK-Vision-Institute-Logo.png","contentUrl":"https:\/\/www.lasikvisioninstitute.com\/wp-content\/uploads\/2019\/10\/The-LASIK-Vision-Institute-Logo.png","width":1000,"height":289,"caption":"The LASIK Vision Institute"},"image":{"@id":"https:\/\/www.lasikvisioninstitute.com\/es\/#\/schema\/logo\/image\/"}}]}},"_links":{"self":[{"href":"https:\/\/www.lasikvisioninstitute.com\/es\/wp-json\/wp\/v2\/pages\/165891","targetHints":{"allow":["GET"]}}],"collection":[{"href":"https:\/\/www.lasikvisioninstitute.com\/es\/wp-json\/wp\/v2\/pages"}],"about":[{"href":"https:\/\/www.lasikvisioninstitute.com\/es\/wp-json\/wp\/v2\/types\/page"}],"author":[{"embeddable":true,"href":"https:\/\/www.lasikvisioninstitute.com\/es\/wp-json\/wp\/v2\/users\/33"}],"replies":[{"embeddable":true,"href":"https:\/\/www.lasikvisioninstitute.com\/es\/wp-json\/wp\/v2\/comments?post=165891"}],"version-history":[{"count":1,"href":"https:\/\/www.lasikvisioninstitute.com\/es\/wp-json\/wp\/v2\/pages\/165891\/revisions"}],"predecessor-version":[{"id":177524,"href":"https:\/\/www.lasikvisioninstitute.com\/es\/wp-json\/wp\/v2\/pages\/165891\/revisions\/177524"}],"wp:attachment":[{"href":"https:\/\/www.lasikvisioninstitute.com\/es\/wp-json\/wp\/v2\/media?parent=165891"}],"curies":[{"name":"wp","href":"https:\/\/api.w.org\/{rel}","templated":true}]}}