{"id":165889,"date":"2013-02-01T23:17:19","date_gmt":"2013-02-02T04:17:19","guid":{"rendered":"https:\/\/dev.lasikvisioninstitute.com\/recuperacion-de-la-cirugia-lasik-inmediatamente-despues-del-tratamiento-lasik\/"},"modified":"2024-07-30T14:11:23","modified_gmt":"2024-07-30T19:11:23","slug":"recuperacion-de-la-cirugia-lasik-inmediatamente-despues-del-tratamiento-lasik","status":"publish","type":"page","link":"https:\/\/www.lasikvisioninstitute.com\/es\/resultados-lasik\/recuperacion-de-la-cirugia-lasik-inmediatamente-despues-del-tratamiento-lasik\/","title":{"rendered":"Recuperaci\u00f3n de la cirug\u00eda LASIK: Inmediatamente despu\u00e9s del tratamiento LASIK"},"content":{"rendered":"\n<p>\u00a1Enhorabuena! Ahora que ya te has sometido a la cirug\u00eda ocular con l\u00e1ser, sigue estos sencillos pasos de recuperaci\u00f3n del LASIK para que tus ojos puedan rendir al m\u00e1ximo. Despu\u00e9s de una operaci\u00f3n ocular con l\u00e1ser satisfactoria, pide a un amigo que te lleve a casa y ponte las gafas de sol. Descansa los ojos y mantenlos cerrados para que est\u00e9n c\u00f3modos.<\/p>\n\n<p>Lo ideal es que mantengas los ojos cerrados de 2 a 4 horas como parte del proceso de recuperaci\u00f3n inmediata del LASIK. Por tanto, dormir la siesta y llevar puestas las protecciones de pl\u00e1stico transparente te ayudar\u00e1 en el proceso de recuperaci\u00f3n. Puedes experimentar una ligera sensibilidad durante unas horas, pero las molestias deben ser m\u00ednimas. Al cabo de 2-4 horas, qu\u00edtate los protectores de pl\u00e1stico y, seg\u00fan te indique el cirujano, empieza a usar las gotas oculares que te hayan recetado para la cicatrizaci\u00f3n y para mantener los ojos c\u00f3modos y lubricados.<\/p>\n\n<p>Evita frotarte, apretarte o tocarte los ojos despu\u00e9s de la cirug\u00eda LASIK, ya que la superficie de los ojos sigue estando sensible. Ponte los protectores de pl\u00e1stico al dormir y, si tus ojos son sensibles a la luz, ponte las gafas de sol. Si se te secan o irritan los ojos, utiliza tus l\u00e1grimas artificiales sin conservantes para mantenerlos confortables.<\/p>\n\n<p><a href=\"\/why-choose-us\/lasik-doctor-surgeon\/\" target=\"_blank\" rel=\"noreferrer noopener\">Los cirujanos especialistas en LASIK<\/a> recomiendan descansar durante las primeras 24 horas posteriores a la cirug\u00eda ocular con l\u00e1ser. As\u00ed que evita leer, trabajar con el ordenador, las actividades extenuantes y la televisi\u00f3n durante este periodo.<\/p>\n\n<p>Evita ducharte inmediatamente despu\u00e9s de la intervenci\u00f3n y evita que te entre agua y jab\u00f3n en los ojos durante varios d\u00edas.<\/p>\n\n<p>Aseg\u00farate de tomar cualquier medicamento recetado por tu m\u00e9dico, seg\u00fan las indicaciones.<\/p>\n\n<p><strong><a title=\"Resultados LASIK: 1 d&#xED;a despu&#xE9;s de la cirug&#xED;a ocular LASIK\" href=\"\/lasik-results\/1-day-after-lasik-treatment\/\">Inf\u00f3rmate sobre 1 d\u00eda despu\u00e9s de la cirug\u00eda ocular LASIK<\/a>.<\/strong><\/p>\n","protected":false},"excerpt":{"rendered":"<p>\u00a1Enhorabuena! Ahora que ya te has sometido a la cirug\u00eda ocular con l\u00e1ser, sigue estos sencillos pasos de recuperaci\u00f3n del LASIK para que tus ojos puedan rendir al m\u00e1ximo. Despu\u00e9s de una operaci\u00f3n ocular con l\u00e1ser satisfactoria, pide a un amigo que te lleve a casa y ponte las gafas de sol. Descansa los ojos [&hellip;]<\/p>\n","protected":false},"author":33,"featured_media":0,"parent":165893,"menu_order":0,"comment_status":"closed","ping_status":"closed","template":"","meta":{"_acf_changed":false,"footnotes":""},"class_list":["post-165889","page","type-page","status-publish"],"acf":[],"yoast_head":"<!-- This site is optimized with the Yoast SEO plugin v27.5 - https:\/\/yoast.com\/product\/yoast-seo-wordpress\/ -->\n<title>Inmediatamente despu\u00e9s del tratamiento LASIK: Resultados de la cirug\u00eda LASIK<\/title>\n<meta name=\"description\" content=\"\u00a1Enhorabuena! Ahora que ya te has sometido a la cirug\u00eda ocular con l\u00e1ser, sigue estos sencillos pasos de recuperaci\u00f3n del LASIK para que tus ojos puedan rendir al m\u00e1ximo.\" \/>\n<meta name=\"robots\" content=\"index, follow, max-snippet:-1, max-image-preview:large, max-video-preview:-1\" \/>\n<link rel=\"canonical\" href=\"https:\/\/www.lasikvisioninstitute.com\/es\/resultados-lasik\/recuperacion-de-la-cirugia-lasik-inmediatamente-despues-del-tratamiento-lasik\/\" \/>\n<meta property=\"og:locale\" content=\"es_ES\" \/>\n<meta property=\"og:type\" content=\"article\" \/>\n<meta property=\"og:title\" content=\"Inmediatamente despu\u00e9s del tratamiento LASIK: Resultados de la cirug\u00eda LASIK\" \/>\n<meta property=\"og:description\" content=\"\u00a1Enhorabuena! Ahora que ya te has sometido a la cirug\u00eda ocular con l\u00e1ser, sigue estos sencillos pasos de recuperaci\u00f3n del LASIK para que tus ojos puedan rendir al m\u00e1ximo.\" \/>\n<meta property=\"og:url\" content=\"https:\/\/www.lasikvisioninstitute.com\/es\/resultados-lasik\/recuperacion-de-la-cirugia-lasik-inmediatamente-despues-del-tratamiento-lasik\/\" \/>\n<meta property=\"og:site_name\" content=\"The LASIK Vision Institute\" \/>\n<meta property=\"article:modified_time\" content=\"2024-07-30T19:11:23+00:00\" \/>\n<meta name=\"twitter:card\" content=\"summary_large_image\" \/>\n<script type=\"application\/ld+json\" class=\"yoast-schema-graph\">{\"@context\":\"https:\\\/\\\/schema.org\",\"@graph\":[{\"@type\":\"WebPage\",\"@id\":\"https:\\\/\\\/www.lasikvisioninstitute.com\\\/es\\\/resultados-lasik\\\/recuperacion-de-la-cirugia-lasik-inmediatamente-despues-del-tratamiento-lasik\\\/\",\"url\":\"https:\\\/\\\/www.lasikvisioninstitute.com\\\/es\\\/resultados-lasik\\\/recuperacion-de-la-cirugia-lasik-inmediatamente-despues-del-tratamiento-lasik\\\/\",\"name\":\"Inmediatamente despu\u00e9s del tratamiento LASIK: Resultados de la cirug\u00eda LASIK\",\"isPartOf\":{\"@id\":\"https:\\\/\\\/www.lasikvisioninstitute.com\\\/es\\\/#website\"},\"datePublished\":\"2013-02-02T04:17:19+00:00\",\"dateModified\":\"2024-07-30T19:11:23+00:00\",\"description\":\"\u00a1Enhorabuena! Ahora que ya te has sometido a la cirug\u00eda ocular con l\u00e1ser, sigue estos sencillos pasos de recuperaci\u00f3n del LASIK para que tus ojos puedan rendir al m\u00e1ximo.\",\"breadcrumb\":{\"@id\":\"https:\\\/\\\/www.lasikvisioninstitute.com\\\/es\\\/resultados-lasik\\\/recuperacion-de-la-cirugia-lasik-inmediatamente-despues-del-tratamiento-lasik\\\/#breadcrumb\"},\"inLanguage\":\"es-ES\",\"potentialAction\":[{\"@type\":\"ReadAction\",\"target\":[\"https:\\\/\\\/www.lasikvisioninstitute.com\\\/es\\\/resultados-lasik\\\/recuperacion-de-la-cirugia-lasik-inmediatamente-despues-del-tratamiento-lasik\\\/\"]}]},{\"@type\":\"BreadcrumbList\",\"@id\":\"https:\\\/\\\/www.lasikvisioninstitute.com\\\/es\\\/resultados-lasik\\\/recuperacion-de-la-cirugia-lasik-inmediatamente-despues-del-tratamiento-lasik\\\/#breadcrumb\",\"itemListElement\":[{\"@type\":\"ListItem\",\"position\":1,\"name\":\"Portada\",\"item\":\"https:\\\/\\\/www.lasikvisioninstitute.com\\\/es\\\/\"},{\"@type\":\"ListItem\",\"position\":2,\"name\":\"Cuidados posteriores al LASIK\",\"item\":\"https:\\\/\\\/www.lasikvisioninstitute.com\\\/es\\\/resultados-lasik\\\/\"},{\"@type\":\"ListItem\",\"position\":3,\"name\":\"Recuperaci\u00f3n de la cirug\u00eda LASIK: Inmediatamente despu\u00e9s del tratamiento LASIK\"}]},{\"@type\":\"WebSite\",\"@id\":\"https:\\\/\\\/www.lasikvisioninstitute.com\\\/es\\\/#website\",\"url\":\"https:\\\/\\\/www.lasikvisioninstitute.com\\\/es\\\/\",\"name\":\"The LASIK Vision Institute\",\"description\":\"1.4 Million LASIK Eye Surgeries and Counting\",\"publisher\":{\"@id\":\"https:\\\/\\\/www.lasikvisioninstitute.com\\\/es\\\/#organization\"},\"potentialAction\":[{\"@type\":\"SearchAction\",\"target\":{\"@type\":\"EntryPoint\",\"urlTemplate\":\"https:\\\/\\\/www.lasikvisioninstitute.com\\\/es\\\/?s={search_term_string}\"},\"query-input\":{\"@type\":\"PropertyValueSpecification\",\"valueRequired\":true,\"valueName\":\"search_term_string\"}}],\"inLanguage\":\"es-ES\"},{\"@type\":\"Organization\",\"@id\":\"https:\\\/\\\/www.lasikvisioninstitute.com\\\/es\\\/#organization\",\"name\":\"The LASIK Vision Institute\",\"url\":\"https:\\\/\\\/www.lasikvisioninstitute.com\\\/es\\\/\",\"logo\":{\"@type\":\"ImageObject\",\"inLanguage\":\"es-ES\",\"@id\":\"https:\\\/\\\/www.lasikvisioninstitute.com\\\/es\\\/#\\\/schema\\\/logo\\\/image\\\/\",\"url\":\"https:\\\/\\\/www.lasikvisioninstitute.com\\\/wp-content\\\/uploads\\\/2019\\\/10\\\/The-LASIK-Vision-Institute-Logo.png\",\"contentUrl\":\"https:\\\/\\\/www.lasikvisioninstitute.com\\\/wp-content\\\/uploads\\\/2019\\\/10\\\/The-LASIK-Vision-Institute-Logo.png\",\"width\":1000,\"height\":289,\"caption\":\"The LASIK Vision Institute\"},\"image\":{\"@id\":\"https:\\\/\\\/www.lasikvisioninstitute.com\\\/es\\\/#\\\/schema\\\/logo\\\/image\\\/\"}}]}<\/script>\n<!-- \/ Yoast SEO plugin. -->","yoast_head_json":{"title":"Inmediatamente despu\u00e9s del tratamiento LASIK: Resultados de la cirug\u00eda LASIK","description":"\u00a1Enhorabuena! Ahora que ya te has sometido a la cirug\u00eda ocular con l\u00e1ser, sigue estos sencillos pasos de recuperaci\u00f3n del LASIK para que tus ojos puedan rendir al m\u00e1ximo.","robots":{"index":"index","follow":"follow","max-snippet":"max-snippet:-1","max-image-preview":"max-image-preview:large","max-video-preview":"max-video-preview:-1"},"canonical":"https:\/\/www.lasikvisioninstitute.com\/es\/resultados-lasik\/recuperacion-de-la-cirugia-lasik-inmediatamente-despues-del-tratamiento-lasik\/","og_locale":"es_ES","og_type":"article","og_title":"Inmediatamente despu\u00e9s del tratamiento LASIK: Resultados de la cirug\u00eda LASIK","og_description":"\u00a1Enhorabuena! Ahora que ya te has sometido a la cirug\u00eda ocular con l\u00e1ser, sigue estos sencillos pasos de recuperaci\u00f3n del LASIK para que tus ojos puedan rendir al m\u00e1ximo.","og_url":"https:\/\/www.lasikvisioninstitute.com\/es\/resultados-lasik\/recuperacion-de-la-cirugia-lasik-inmediatamente-despues-del-tratamiento-lasik\/","og_site_name":"The LASIK Vision Institute","article_modified_time":"2024-07-30T19:11:23+00:00","twitter_card":"summary_large_image","schema":{"@context":"https:\/\/schema.org","@graph":[{"@type":"WebPage","@id":"https:\/\/www.lasikvisioninstitute.com\/es\/resultados-lasik\/recuperacion-de-la-cirugia-lasik-inmediatamente-despues-del-tratamiento-lasik\/","url":"https:\/\/www.lasikvisioninstitute.com\/es\/resultados-lasik\/recuperacion-de-la-cirugia-lasik-inmediatamente-despues-del-tratamiento-lasik\/","name":"Inmediatamente despu\u00e9s del tratamiento LASIK: Resultados de la cirug\u00eda LASIK","isPartOf":{"@id":"https:\/\/www.lasikvisioninstitute.com\/es\/#website"},"datePublished":"2013-02-02T04:17:19+00:00","dateModified":"2024-07-30T19:11:23+00:00","description":"\u00a1Enhorabuena! Ahora que ya te has sometido a la cirug\u00eda ocular con l\u00e1ser, sigue estos sencillos pasos de recuperaci\u00f3n del LASIK para que tus ojos puedan rendir al m\u00e1ximo.","breadcrumb":{"@id":"https:\/\/www.lasikvisioninstitute.com\/es\/resultados-lasik\/recuperacion-de-la-cirugia-lasik-inmediatamente-despues-del-tratamiento-lasik\/#breadcrumb"},"inLanguage":"es-ES","potentialAction":[{"@type":"ReadAction","target":["https:\/\/www.lasikvisioninstitute.com\/es\/resultados-lasik\/recuperacion-de-la-cirugia-lasik-inmediatamente-despues-del-tratamiento-lasik\/"]}]},{"@type":"BreadcrumbList","@id":"https:\/\/www.lasikvisioninstitute.com\/es\/resultados-lasik\/recuperacion-de-la-cirugia-lasik-inmediatamente-despues-del-tratamiento-lasik\/#breadcrumb","itemListElement":[{"@type":"ListItem","position":1,"name":"Portada","item":"https:\/\/www.lasikvisioninstitute.com\/es\/"},{"@type":"ListItem","position":2,"name":"Cuidados posteriores al LASIK","item":"https:\/\/www.lasikvisioninstitute.com\/es\/resultados-lasik\/"},{"@type":"ListItem","position":3,"name":"Recuperaci\u00f3n de la cirug\u00eda LASIK: Inmediatamente despu\u00e9s del tratamiento LASIK"}]},{"@type":"WebSite","@id":"https:\/\/www.lasikvisioninstitute.com\/es\/#website","url":"https:\/\/www.lasikvisioninstitute.com\/es\/","name":"The LASIK Vision Institute","description":"1.4 Million LASIK Eye Surgeries and Counting","publisher":{"@id":"https:\/\/www.lasikvisioninstitute.com\/es\/#organization"},"potentialAction":[{"@type":"SearchAction","target":{"@type":"EntryPoint","urlTemplate":"https:\/\/www.lasikvisioninstitute.com\/es\/?s={search_term_string}"},"query-input":{"@type":"PropertyValueSpecification","valueRequired":true,"valueName":"search_term_string"}}],"inLanguage":"es-ES"},{"@type":"Organization","@id":"https:\/\/www.lasikvisioninstitute.com\/es\/#organization","name":"The LASIK Vision Institute","url":"https:\/\/www.lasikvisioninstitute.com\/es\/","logo":{"@type":"ImageObject","inLanguage":"es-ES","@id":"https:\/\/www.lasikvisioninstitute.com\/es\/#\/schema\/logo\/image\/","url":"https:\/\/www.lasikvisioninstitute.com\/wp-content\/uploads\/2019\/10\/The-LASIK-Vision-Institute-Logo.png","contentUrl":"https:\/\/www.lasikvisioninstitute.com\/wp-content\/uploads\/2019\/10\/The-LASIK-Vision-Institute-Logo.png","width":1000,"height":289,"caption":"The LASIK Vision Institute"},"image":{"@id":"https:\/\/www.lasikvisioninstitute.com\/es\/#\/schema\/logo\/image\/"}}]}},"_links":{"self":[{"href":"https:\/\/www.lasikvisioninstitute.com\/es\/wp-json\/wp\/v2\/pages\/165889","targetHints":{"allow":["GET"]}}],"collection":[{"href":"https:\/\/www.lasikvisioninstitute.com\/es\/wp-json\/wp\/v2\/pages"}],"about":[{"href":"https:\/\/www.lasikvisioninstitute.com\/es\/wp-json\/wp\/v2\/types\/page"}],"author":[{"embeddable":true,"href":"https:\/\/www.lasikvisioninstitute.com\/es\/wp-json\/wp\/v2\/users\/33"}],"replies":[{"embeddable":true,"href":"https:\/\/www.lasikvisioninstitute.com\/es\/wp-json\/wp\/v2\/comments?post=165889"}],"version-history":[{"count":0,"href":"https:\/\/www.lasikvisioninstitute.com\/es\/wp-json\/wp\/v2\/pages\/165889\/revisions"}],"up":[{"embeddable":true,"href":"https:\/\/www.lasikvisioninstitute.com\/es\/wp-json\/wp\/v2\/pages\/165893"}],"wp:attachment":[{"href":"https:\/\/www.lasikvisioninstitute.com\/es\/wp-json\/wp\/v2\/media?parent=165889"}],"curies":[{"name":"wp","href":"https:\/\/api.w.org\/{rel}","templated":true}]}}