{"id":165887,"date":"2013-02-01T23:46:32","date_gmt":"2013-02-02T04:46:32","guid":{"rendered":"https:\/\/dev.lasikvisioninstitute.com\/planes-de-garantia-de-por-vida\/"},"modified":"2024-07-05T15:16:05","modified_gmt":"2024-07-05T20:16:05","slug":"planes-de-garantia-de-por-vida","status":"publish","type":"page","link":"https:\/\/www.lasikvisioninstitute.com\/es\/puedes-permitirte-la-cirugia-ocular-lasik\/planes-de-garantia-de-por-vida\/","title":{"rendered":"Planes de garant\u00eda de por vida"},"content":{"rendered":"\n<div class=\"wp-block-cover alignfull is-light\"><span aria-hidden=\"true\" class=\"wp-block-cover__background has-background-dim-40 has-background-dim\"><\/span><img decoding=\"async\" width=\"2000\" height=\"1333\" class=\"wp-block-cover__image-background wp-image-131373\" alt=\"\" src=\"https:\/\/www.lasikvisioninstitute.com\/wp-content\/uploads\/2019\/09\/lasik-affordability.jpg\" style=\"object-position:61% 25%\" data-object-fit=\"cover\" data-object-position=\"61% 25%\" srcset=\"https:\/\/www.lasikvisioninstitute.com\/wp-content\/uploads\/2019\/09\/lasik-affordability.jpg 2000w, https:\/\/www.lasikvisioninstitute.com\/wp-content\/uploads\/2019\/09\/lasik-affordability-600x400.jpg 600w, https:\/\/www.lasikvisioninstitute.com\/wp-content\/uploads\/2019\/09\/lasik-affordability-1400x933.jpg 1400w, https:\/\/www.lasikvisioninstitute.com\/wp-content\/uploads\/2019\/09\/lasik-affordability-768x512.jpg 768w, https:\/\/www.lasikvisioninstitute.com\/wp-content\/uploads\/2019\/09\/lasik-affordability-1536x1024.jpg 1536w\" sizes=\"(max-width: 2000px) 100vw, 2000px\" \/><div class=\"wp-block-cover__inner-container is-layout-flow wp-block-cover-is-layout-flow\">\n<h1 class=\"wp-block-heading has-text-align-center has-white-color has-text-color\" id=\"lifetime-assurance-plans\">Plan de garant\u00eda de por vida de cirug\u00eda ocular LASIK<\/h1>\n<\/div><\/div>\n\n<div class=\"wp-block-group alignfull has-polar-white-background-color has-background has-global-padding is-layout-constrained wp-block-group-is-layout-constrained\">\n<div style=\"height:60px\" aria-hidden=\"true\" class=\"wp-block-spacer\"><\/div>\n\n\n\n<div class=\"wp-block-columns is-layout-flex wp-container-core-columns-is-layout-28f84493 wp-block-columns-is-layout-flex\">\n<div class=\"wp-block-column is-layout-flow wp-block-column-is-layout-flow\" style=\"flex-basis:40%\">\n<h2 class=\"wp-block-heading\" id=\"what-is-the-lifetime-assurance-plan\"><meta charset=\"utf-8\"\/>\u00bfQu\u00e9 es el Plan de Garant\u00eda de por Vida?<\/h2>\n<\/div>\n\n\n\n<div class=\"wp-block-column is-layout-flow wp-block-column-is-layout-flow\" style=\"flex-basis:60%\">\n<p>En el LASIK Vision Institute tenemos tanta confianza en nuestros cirujanos oculares especialistas en l\u00e1ser y en la alta calidad de visi\u00f3n que consiguen nuestros pacientes que te ofrecemos <strong>el Plan de garant\u00eda de por vida<\/strong>.<\/p>\n\n\n\n<p>Si en alg\u00fan momento experimentas cambios visuales, recibir\u00e1s gratuitamente el procedimiento de la misma tecnolog\u00eda cuando el cirujano lo considere m\u00e9dicamente adecuado. Aunque no se puede garantizar la perfecci\u00f3n, con el Plan de Garant\u00eda de por Vida, te ayudaremos a mantener tu mejor visi\u00f3n personal durante toda la vida.<\/p>\n<\/div>\n<\/div>\n\n\n\n<div style=\"height:60px\" aria-hidden=\"true\" class=\"wp-block-spacer\"><\/div>\n<\/div>\n\n<div style=\"height:60px\" aria-hidden=\"true\" class=\"wp-block-spacer\"><\/div>\n\n<h2 class=\"wp-block-heading\" id=\"enrollment\">Inscripci\u00f3n en el Plan de Seguro de Vida:<\/h2>\n\n<p>Una vez finalizada tu correcci\u00f3n visual con l\u00e1ser y tras la aprobaci\u00f3n de tu cirujano independiente del LASIK Vision Institute, puedes optar por inscribirte en el Plan de garant\u00eda de por vida.<\/p>\n\n<h2 class=\"wp-block-heading\" id=\"eligibility-requirements\">Requisitos para acceder al Plan de Seguro de por Vida:<\/h2>\n\n<p>Los Planes de Garant\u00eda de por Vida est\u00e1n disponibles para todas las personas a las que un cirujano del LASIK Vision Institute califique para inscribirse en el plan en el momento de su procedimiento de correcci\u00f3n visual con l\u00e1ser. Los pacientes deben haber seguido un tratamiento postoperatorio completo que su m\u00e9dico haya determinado que es m\u00e9dicamente adecuado para ellos.<\/p>\n\n<p>Los cirujanos participantes del LASIK Vision Institute s\u00f3lo realizar\u00e1n retratamientos que sean m\u00e9dicamente apropiados. Antes de utilizar tu Plan de garant\u00eda de por vida para un procedimiento de mejora, nuestro cirujano volver\u00e1 a evaluar tu visi\u00f3n y tus ojos para asegurarse de que eres un buen candidato para una cirug\u00eda LASIK adicional.<\/p>\n\n<p>Ciertos cambios en tu sistema visual pueden afectar a tu capacidad para someterte a un procedimiento de mejora. El retratamiento cubierto en el Plan Lifetime Assurance debe estar relacionado con un cambio en el defecto refractivo tratado originalmente, (miop\u00eda, hipermetrop\u00eda o astigmatismo) y no estar relacionado con otros cambios en tu visi\u00f3n o enfermedades oculares como cataratas, glaucoma, degeneraci\u00f3n macular o diabetes.<\/p>\n\n<p>No son subvencionables las reducciones de visi\u00f3n debidas a enfermedad, accidente u otras afecciones permanentes o temporales no relacionadas. La correcci\u00f3n de los defectos de refracci\u00f3n resultantes de la cirug\u00eda de cataratas (u otras cirug\u00edas oculares como la cirug\u00eda de retina) no est\u00e1 cubierta por el Plan de garant\u00eda de por vida del LASIK Vision Institute.<\/p>\n\n<p>El Plan de garant\u00eda de por vida del LASIK Vision Institute s\u00f3lo est\u00e1 disponible en los centros oftalmol\u00f3gicos participantes del LASIK Vision Institute para los pacientes que cumplan los requisitos. Inf\u00f3rmate en el <a title=\"Centros de cirug&#xED;a LASIK\" href=\"https:\/\/www.lasikvisioninstitute.com\/es\/localizaciones\/\">Centro Oftalmol\u00f3gico del Instituto Visionario LASIK m\u00e1s cercano<\/a> para obtener m\u00e1s detalles.<\/p>\n\n<div style=\"height:68px\" aria-hidden=\"true\" class=\"wp-block-spacer\"><\/div>\n\n<h2 class=\"wp-block-heading\" id=\"eligibility-requirements\">Programa hoy una consulta gratuita sobre LASIK<\/h2>\n\n<p>Tu vista es muy importante para nosotros y queremos asegurarnos de que tienes la informaci\u00f3n que necesitas. Comienza tu viaje hacia una visi\u00f3n mejor <a href=\"https:\/\/www.lasikvisioninstitute.com\/es\/ischedule-es\/\" target=\"_blank\" rel=\"noreferrer noopener\">programando<\/a> hoy mismo <a href=\"https:\/\/www.lasikvisioninstitute.com\/es\/ischedule-es\/\" target=\"_blank\" rel=\"noreferrer noopener\">una consulta gratuita sobre LASIK<\/a> en un centro del Instituto Lasik de la Visi\u00f3n. Entendemos que <a href=\"https:\/\/www.lasikvisioninstitute.com\/es\/directorio-de-cirujanos-lasik\/\" target=\"_blank\" rel=\"noreferrer noopener\">elegir al cirujano ocular LASIK adecuado es una parte importante del proceso de toma de decisiones<\/a>. Por eso queremos dedicar tiempo a conocerte y comprender tus necesidades oftalmol\u00f3gicas espec\u00edficas para ofrecerte un servicio excepcional.<\/p>\n\n<section class=\"blocks block-find-loc  \" id=\"block_2499544860952b60634395b63a294483\">\n\n    <div class=\"block-find-loc__mobilemap object-fit d-lg-none\">\n        <img decoding=\"async\" src=\"https:\/\/www.lasikvisioninstitute.com\/wp-content\/themes\/lvi2019\/images\/map-light.png\" alt=\"LASIK Locations\" \/>\n    <\/div>\n\n    <div class=\"container mw-hd\">\n        <div class=\"row align-items-center justify-content-center\">\n\n            <div class=\"block-find-loc__content col-12 col-lg-4\">\n                <div class=\"block-find-loc__blurb\">\n                                    <\/div>\n\n                                <form action=\"\/es\/ubicaciones\/\" method=\"get\" class=\"block-find-loc__search\">\n                    <input type=\"text\" name=\"mapsearch\" id=\"mapsearch\" class=\"populate_zip_value\" placeholder=\"C\u00f3digo postal, ciudad o estado\" aria-label=\"C\u00f3digo postal, ciudad o estado\" value=\"\" required \/>\n                    <button aria-label=\"Search by Zip\"><i class=\"fas fa-search\"><\/i><\/button>\n                    <i class=\"fas fa-map-marker-alt\"><\/i>\n                <\/form>\n\n                <a href=\"\/es\/ubicaciones\/\" class=\"arrow-link arrow-link--neon-green\">Ver todas las ubicaciones<\/a>\n            <\/div>\n\n            <div class=\"d-none d-lg-flex col-lg-7 pl-lg-5 justify-content-center\">\n                <div class=\"map\">\n                                                            <a href=\"https:\/\/www.lasikvisioninstitute.com\/es\/lasik-eye-surgery\/albuquerque\/\" class=\"marker tooltip-white\" style=\"top: 59%; left: 30.5%; z-index:59;\" aria-label=\"Albuquerque, NM\" data-balloon-pos=\"up\" data-center_code=\"LVIAlbuquerque\"><\/a>\n                                                                                <a href=\"https:\/\/www.lasikvisioninstitute.com\/es\/lasik-eye-surgery\/alejandria\/\" class=\"marker tooltip-white\" style=\"top: 38%; left: 85.5%; z-index:38;\" aria-label=\"Alexandria, VA\" data-balloon-pos=\"up\" data-center_code=\"LVIalexandria\"><\/a>\n                                                                                <a href=\"https:\/\/www.lasikvisioninstitute.com\/es\/lasik-eye-surgery\/atlanta\/\" class=\"marker tooltip-white\" style=\"top: 61.2%; left: 77.3%; z-index:61;\" aria-label=\"Atlanta, GA\" data-balloon-pos=\"up\" data-center_code=\"LVIAtlanta\"><\/a>\n                                                                                <a href=\"https:\/\/www.lasikvisioninstitute.com\/es\/lasik-eye-surgery\/austin\/\" class=\"marker tooltip-white\" style=\"top: 78%; left: 51%; z-index:78;\" aria-label=\"Austin, TX\" data-balloon-pos=\"up\" data-center_code=\"LVIAustin\"><\/a>\n                                                                                <a href=\"https:\/\/www.lasikvisioninstitute.com\/es\/lasik-eye-surgery\/bala-cynwyd\/\" class=\"marker tooltip-white\" style=\"top: 30.2%; left: 88.3%; z-index:30;\" aria-label=\"Bala Cynwyd, PA\" data-balloon-pos=\"up\" data-center_code=\"LVIBalaCynwyd\"><\/a>\n                                                                                <a href=\"https:\/\/www.lasikvisioninstitute.com\/es\/lasik-eye-surgery\/baltimore\/\" class=\"marker tooltip-white\" style=\"top: 34.5%; left: 86.3%; z-index:35;\" aria-label=\"Baltimore, MD\" data-balloon-pos=\"up\" data-center_code=\"Baltimore\"><\/a>\n                                                                                <a href=\"https:\/\/www.lasikvisioninstitute.com\/es\/lasik-eye-surgery\/birmingham\/\" class=\"marker tooltip-white\" style=\"top: 63.2%; left: 71.5%; z-index:63;\" aria-label=\"Birmingham, AL\" data-balloon-pos=\"up\" data-center_code=\"LVIBirmingham\"><\/a>\n                                                            <img decoding=\"async\" src=\"https:\/\/www.lasikvisioninstitute.com\/wp-content\/themes\/lvi2019\/images\/map-light.png\" alt=\"LASIK Locations\" class=\"w-100\" \/>\n                <\/div>\n            <\/div>\n\n        <\/div>\n    <\/div>\n\n<\/section>\n<script>\n    document.addEventListener('DOMContentLoaded', function () {\n        \/\/ Function to get a cookie value\n        function getCookie(name) {\n            const nameEQ = name + \"=\";\n            const ca = document.cookie.split(';');\n            for (let i = 0; i < ca.length; i++) {\n                let c = ca[i];\n                while (c.charAt(0) === ' ') c = c.substring(1);\n                if (c.indexOf(nameEQ) === 0) return c.substring(nameEQ.length, c.length);\n            }\n            return null;\n        }\n    \n        \/\/ Check if the zip cookie exists\n        const zipCookie = getCookie('zip');\n    \n        \/\/ If the zip cookie exists, populate the input field with the zip code\n        if (zipCookie) {\n            const mapSearchInput = document.getElementById('mapsearch');\n            if (mapSearchInput) {\n                mapSearchInput.value = zipCookie; \/\/ Populate the input field\n            }\n        }\n    });\n<\/script>","protected":false},"excerpt":{"rendered":"<p>\u00bfQu\u00e9 es el Plan de Garant\u00eda de por Vida? En el LASIK Vision Institute tenemos tanta confianza en nuestros cirujanos oculares especialistas en l\u00e1ser y en la alta calidad de visi\u00f3n que consiguen nuestros pacientes que te ofrecemos el Plan de garant\u00eda de por vida. Si en alg\u00fan momento experimentas cambios visuales, recibir\u00e1s gratuitamente el [&hellip;]<\/p>\n","protected":false},"author":33,"featured_media":0,"parent":165891,"menu_order":0,"comment_status":"closed","ping_status":"closed","template":"","meta":{"_acf_changed":false,"footnotes":""},"class_list":["post-165887","page","type-page","status-publish"],"acf":[],"yoast_head":"<!-- This site is optimized with the Yoast SEO plugin v27.5 - https:\/\/yoast.com\/product\/yoast-seo-wordpress\/ -->\n<title>Garant\u00eda de cirug\u00eda ocular LASIK | \u00bfMerece la pena el LASIK? | LVI<\/title>\n<meta name=\"description\" content=\"Tenemos tanta confianza en nuestros cirujanos oculares con l\u00e1ser y en la alta calidad de visi\u00f3n que reciben nuestros pacientes que te ofrecemos la garant\u00eda LASIK de por vida.\" \/>\n<meta name=\"robots\" content=\"index, follow, max-snippet:-1, max-image-preview:large, max-video-preview:-1\" \/>\n<link rel=\"canonical\" href=\"https:\/\/www.lasikvisioninstitute.com\/es\/puedes-permitirte-la-cirugia-ocular-lasik\/planes-de-garantia-de-por-vida\/\" \/>\n<meta property=\"og:locale\" content=\"es_ES\" \/>\n<meta property=\"og:type\" content=\"article\" \/>\n<meta property=\"og:title\" content=\"Garant\u00eda de cirug\u00eda ocular LASIK | \u00bfMerece la pena el LASIK? | LVI\" \/>\n<meta property=\"og:description\" content=\"Tenemos tanta confianza en nuestros cirujanos oculares con l\u00e1ser y en la alta calidad de visi\u00f3n que reciben nuestros pacientes que te ofrecemos la garant\u00eda LASIK de por vida.\" \/>\n<meta property=\"og:url\" content=\"https:\/\/www.lasikvisioninstitute.com\/es\/puedes-permitirte-la-cirugia-ocular-lasik\/planes-de-garantia-de-por-vida\/\" \/>\n<meta property=\"og:site_name\" content=\"The LASIK Vision Institute\" \/>\n<meta property=\"article:modified_time\" content=\"2024-07-05T20:16:05+00:00\" \/>\n<meta property=\"og:image\" content=\"https:\/\/www.lasikvisioninstitute.com\/wp-content\/uploads\/2019\/09\/lasik-affordability.jpg\" \/>\n<meta name=\"twitter:card\" content=\"summary_large_image\" \/>\n<script type=\"application\/ld+json\" class=\"yoast-schema-graph\">{\"@context\":\"https:\\\/\\\/schema.org\",\"@graph\":[{\"@type\":\"WebPage\",\"@id\":\"https:\\\/\\\/www.lasikvisioninstitute.com\\\/es\\\/puedes-permitirte-la-cirugia-ocular-lasik\\\/planes-de-garantia-de-por-vida\\\/\",\"url\":\"https:\\\/\\\/www.lasikvisioninstitute.com\\\/es\\\/puedes-permitirte-la-cirugia-ocular-lasik\\\/planes-de-garantia-de-por-vida\\\/\",\"name\":\"Garant\u00eda de cirug\u00eda ocular LASIK | \u00bfMerece la pena el LASIK? | LVI\",\"isPartOf\":{\"@id\":\"https:\\\/\\\/www.lasikvisioninstitute.com\\\/es\\\/#website\"},\"primaryImageOfPage\":{\"@id\":\"https:\\\/\\\/www.lasikvisioninstitute.com\\\/es\\\/puedes-permitirte-la-cirugia-ocular-lasik\\\/planes-de-garantia-de-por-vida\\\/#primaryimage\"},\"image\":{\"@id\":\"https:\\\/\\\/www.lasikvisioninstitute.com\\\/es\\\/puedes-permitirte-la-cirugia-ocular-lasik\\\/planes-de-garantia-de-por-vida\\\/#primaryimage\"},\"thumbnailUrl\":\"https:\\\/\\\/www.lasikvisioninstitute.com\\\/wp-content\\\/uploads\\\/2019\\\/09\\\/lasik-affordability.jpg\",\"datePublished\":\"2013-02-02T04:46:32+00:00\",\"dateModified\":\"2024-07-05T20:16:05+00:00\",\"description\":\"Tenemos tanta confianza en nuestros cirujanos oculares con l\u00e1ser y en la alta calidad de visi\u00f3n que reciben nuestros pacientes que te ofrecemos la garant\u00eda LASIK de por vida.\",\"breadcrumb\":{\"@id\":\"https:\\\/\\\/www.lasikvisioninstitute.com\\\/es\\\/puedes-permitirte-la-cirugia-ocular-lasik\\\/planes-de-garantia-de-por-vida\\\/#breadcrumb\"},\"inLanguage\":\"es-ES\",\"potentialAction\":[{\"@type\":\"ReadAction\",\"target\":[\"https:\\\/\\\/www.lasikvisioninstitute.com\\\/es\\\/puedes-permitirte-la-cirugia-ocular-lasik\\\/planes-de-garantia-de-por-vida\\\/\"]}]},{\"@type\":\"ImageObject\",\"inLanguage\":\"es-ES\",\"@id\":\"https:\\\/\\\/www.lasikvisioninstitute.com\\\/es\\\/puedes-permitirte-la-cirugia-ocular-lasik\\\/planes-de-garantia-de-por-vida\\\/#primaryimage\",\"url\":\"https:\\\/\\\/www.lasikvisioninstitute.com\\\/wp-content\\\/uploads\\\/2019\\\/09\\\/lasik-affordability.jpg\",\"contentUrl\":\"https:\\\/\\\/www.lasikvisioninstitute.com\\\/wp-content\\\/uploads\\\/2019\\\/09\\\/lasik-affordability.jpg\"},{\"@type\":\"BreadcrumbList\",\"@id\":\"https:\\\/\\\/www.lasikvisioninstitute.com\\\/es\\\/puedes-permitirte-la-cirugia-ocular-lasik\\\/planes-de-garantia-de-por-vida\\\/#breadcrumb\",\"itemListElement\":[{\"@type\":\"ListItem\",\"position\":1,\"name\":\"Portada\",\"item\":\"https:\\\/\\\/www.lasikvisioninstitute.com\\\/es\\\/\"},{\"@type\":\"ListItem\",\"position\":2,\"name\":\"Puedes permitirte la cirug\u00eda ocular LASIK\",\"item\":\"https:\\\/\\\/www.lasikvisioninstitute.com\\\/es\\\/puedes-permitirte-la-cirugia-ocular-lasik\\\/\"},{\"@type\":\"ListItem\",\"position\":3,\"name\":\"Planes de garant\u00eda de por vida\"}]},{\"@type\":\"WebSite\",\"@id\":\"https:\\\/\\\/www.lasikvisioninstitute.com\\\/es\\\/#website\",\"url\":\"https:\\\/\\\/www.lasikvisioninstitute.com\\\/es\\\/\",\"name\":\"The LASIK Vision Institute\",\"description\":\"1.4 Million LASIK Eye Surgeries and Counting\",\"publisher\":{\"@id\":\"https:\\\/\\\/www.lasikvisioninstitute.com\\\/es\\\/#organization\"},\"potentialAction\":[{\"@type\":\"SearchAction\",\"target\":{\"@type\":\"EntryPoint\",\"urlTemplate\":\"https:\\\/\\\/www.lasikvisioninstitute.com\\\/es\\\/?s={search_term_string}\"},\"query-input\":{\"@type\":\"PropertyValueSpecification\",\"valueRequired\":true,\"valueName\":\"search_term_string\"}}],\"inLanguage\":\"es-ES\"},{\"@type\":\"Organization\",\"@id\":\"https:\\\/\\\/www.lasikvisioninstitute.com\\\/es\\\/#organization\",\"name\":\"The LASIK Vision Institute\",\"url\":\"https:\\\/\\\/www.lasikvisioninstitute.com\\\/es\\\/\",\"logo\":{\"@type\":\"ImageObject\",\"inLanguage\":\"es-ES\",\"@id\":\"https:\\\/\\\/www.lasikvisioninstitute.com\\\/es\\\/#\\\/schema\\\/logo\\\/image\\\/\",\"url\":\"https:\\\/\\\/www.lasikvisioninstitute.com\\\/wp-content\\\/uploads\\\/2019\\\/10\\\/The-LASIK-Vision-Institute-Logo.png\",\"contentUrl\":\"https:\\\/\\\/www.lasikvisioninstitute.com\\\/wp-content\\\/uploads\\\/2019\\\/10\\\/The-LASIK-Vision-Institute-Logo.png\",\"width\":1000,\"height\":289,\"caption\":\"The LASIK Vision Institute\"},\"image\":{\"@id\":\"https:\\\/\\\/www.lasikvisioninstitute.com\\\/es\\\/#\\\/schema\\\/logo\\\/image\\\/\"}}]}<\/script>\n<!-- \/ Yoast SEO plugin. -->","yoast_head_json":{"title":"Garant\u00eda de cirug\u00eda ocular LASIK | \u00bfMerece la pena el LASIK? | LVI","description":"Tenemos tanta confianza en nuestros cirujanos oculares con l\u00e1ser y en la alta calidad de visi\u00f3n que reciben nuestros pacientes que te ofrecemos la garant\u00eda LASIK de por vida.","robots":{"index":"index","follow":"follow","max-snippet":"max-snippet:-1","max-image-preview":"max-image-preview:large","max-video-preview":"max-video-preview:-1"},"canonical":"https:\/\/www.lasikvisioninstitute.com\/es\/puedes-permitirte-la-cirugia-ocular-lasik\/planes-de-garantia-de-por-vida\/","og_locale":"es_ES","og_type":"article","og_title":"Garant\u00eda de cirug\u00eda ocular LASIK | \u00bfMerece la pena el LASIK? | LVI","og_description":"Tenemos tanta confianza en nuestros cirujanos oculares con l\u00e1ser y en la alta calidad de visi\u00f3n que reciben nuestros pacientes que te ofrecemos la garant\u00eda LASIK de por vida.","og_url":"https:\/\/www.lasikvisioninstitute.com\/es\/puedes-permitirte-la-cirugia-ocular-lasik\/planes-de-garantia-de-por-vida\/","og_site_name":"The LASIK Vision Institute","article_modified_time":"2024-07-05T20:16:05+00:00","og_image":[{"url":"https:\/\/www.lasikvisioninstitute.com\/wp-content\/uploads\/2019\/09\/lasik-affordability.jpg","type":"","width":"","height":""}],"twitter_card":"summary_large_image","schema":{"@context":"https:\/\/schema.org","@graph":[{"@type":"WebPage","@id":"https:\/\/www.lasikvisioninstitute.com\/es\/puedes-permitirte-la-cirugia-ocular-lasik\/planes-de-garantia-de-por-vida\/","url":"https:\/\/www.lasikvisioninstitute.com\/es\/puedes-permitirte-la-cirugia-ocular-lasik\/planes-de-garantia-de-por-vida\/","name":"Garant\u00eda de cirug\u00eda ocular LASIK | \u00bfMerece la pena el LASIK? | LVI","isPartOf":{"@id":"https:\/\/www.lasikvisioninstitute.com\/es\/#website"},"primaryImageOfPage":{"@id":"https:\/\/www.lasikvisioninstitute.com\/es\/puedes-permitirte-la-cirugia-ocular-lasik\/planes-de-garantia-de-por-vida\/#primaryimage"},"image":{"@id":"https:\/\/www.lasikvisioninstitute.com\/es\/puedes-permitirte-la-cirugia-ocular-lasik\/planes-de-garantia-de-por-vida\/#primaryimage"},"thumbnailUrl":"https:\/\/www.lasikvisioninstitute.com\/wp-content\/uploads\/2019\/09\/lasik-affordability.jpg","datePublished":"2013-02-02T04:46:32+00:00","dateModified":"2024-07-05T20:16:05+00:00","description":"Tenemos tanta confianza en nuestros cirujanos oculares con l\u00e1ser y en la alta calidad de visi\u00f3n que reciben nuestros pacientes que te ofrecemos la garant\u00eda LASIK de por vida.","breadcrumb":{"@id":"https:\/\/www.lasikvisioninstitute.com\/es\/puedes-permitirte-la-cirugia-ocular-lasik\/planes-de-garantia-de-por-vida\/#breadcrumb"},"inLanguage":"es-ES","potentialAction":[{"@type":"ReadAction","target":["https:\/\/www.lasikvisioninstitute.com\/es\/puedes-permitirte-la-cirugia-ocular-lasik\/planes-de-garantia-de-por-vida\/"]}]},{"@type":"ImageObject","inLanguage":"es-ES","@id":"https:\/\/www.lasikvisioninstitute.com\/es\/puedes-permitirte-la-cirugia-ocular-lasik\/planes-de-garantia-de-por-vida\/#primaryimage","url":"https:\/\/www.lasikvisioninstitute.com\/wp-content\/uploads\/2019\/09\/lasik-affordability.jpg","contentUrl":"https:\/\/www.lasikvisioninstitute.com\/wp-content\/uploads\/2019\/09\/lasik-affordability.jpg"},{"@type":"BreadcrumbList","@id":"https:\/\/www.lasikvisioninstitute.com\/es\/puedes-permitirte-la-cirugia-ocular-lasik\/planes-de-garantia-de-por-vida\/#breadcrumb","itemListElement":[{"@type":"ListItem","position":1,"name":"Portada","item":"https:\/\/www.lasikvisioninstitute.com\/es\/"},{"@type":"ListItem","position":2,"name":"Puedes permitirte la cirug\u00eda ocular LASIK","item":"https:\/\/www.lasikvisioninstitute.com\/es\/puedes-permitirte-la-cirugia-ocular-lasik\/"},{"@type":"ListItem","position":3,"name":"Planes de garant\u00eda de por vida"}]},{"@type":"WebSite","@id":"https:\/\/www.lasikvisioninstitute.com\/es\/#website","url":"https:\/\/www.lasikvisioninstitute.com\/es\/","name":"The LASIK Vision Institute","description":"1.4 Million LASIK Eye Surgeries and Counting","publisher":{"@id":"https:\/\/www.lasikvisioninstitute.com\/es\/#organization"},"potentialAction":[{"@type":"SearchAction","target":{"@type":"EntryPoint","urlTemplate":"https:\/\/www.lasikvisioninstitute.com\/es\/?s={search_term_string}"},"query-input":{"@type":"PropertyValueSpecification","valueRequired":true,"valueName":"search_term_string"}}],"inLanguage":"es-ES"},{"@type":"Organization","@id":"https:\/\/www.lasikvisioninstitute.com\/es\/#organization","name":"The LASIK Vision Institute","url":"https:\/\/www.lasikvisioninstitute.com\/es\/","logo":{"@type":"ImageObject","inLanguage":"es-ES","@id":"https:\/\/www.lasikvisioninstitute.com\/es\/#\/schema\/logo\/image\/","url":"https:\/\/www.lasikvisioninstitute.com\/wp-content\/uploads\/2019\/10\/The-LASIK-Vision-Institute-Logo.png","contentUrl":"https:\/\/www.lasikvisioninstitute.com\/wp-content\/uploads\/2019\/10\/The-LASIK-Vision-Institute-Logo.png","width":1000,"height":289,"caption":"The LASIK Vision Institute"},"image":{"@id":"https:\/\/www.lasikvisioninstitute.com\/es\/#\/schema\/logo\/image\/"}}]}},"_links":{"self":[{"href":"https:\/\/www.lasikvisioninstitute.com\/es\/wp-json\/wp\/v2\/pages\/165887","targetHints":{"allow":["GET"]}}],"collection":[{"href":"https:\/\/www.lasikvisioninstitute.com\/es\/wp-json\/wp\/v2\/pages"}],"about":[{"href":"https:\/\/www.lasikvisioninstitute.com\/es\/wp-json\/wp\/v2\/types\/page"}],"author":[{"embeddable":true,"href":"https:\/\/www.lasikvisioninstitute.com\/es\/wp-json\/wp\/v2\/users\/33"}],"replies":[{"embeddable":true,"href":"https:\/\/www.lasikvisioninstitute.com\/es\/wp-json\/wp\/v2\/comments?post=165887"}],"version-history":[{"count":0,"href":"https:\/\/www.lasikvisioninstitute.com\/es\/wp-json\/wp\/v2\/pages\/165887\/revisions"}],"up":[{"embeddable":true,"href":"https:\/\/www.lasikvisioninstitute.com\/es\/wp-json\/wp\/v2\/pages\/165891"}],"wp:attachment":[{"href":"https:\/\/www.lasikvisioninstitute.com\/es\/wp-json\/wp\/v2\/media?parent=165887"}],"curies":[{"name":"wp","href":"https:\/\/api.w.org\/{rel}","templated":true}]}}