{"id":165885,"date":"2013-02-01T23:19:01","date_gmt":"2013-02-02T04:19:01","guid":{"rendered":"https:\/\/dev.lasikvisioninstitute.com\/resultados-lasik-1-dia-despues-del-tratamiento-lasik\/"},"modified":"2024-07-30T14:25:10","modified_gmt":"2024-07-30T19:25:10","slug":"resultados-lasik-1-dia-despues-del-tratamiento-lasik","status":"publish","type":"page","link":"https:\/\/www.lasikvisioninstitute.com\/es\/resultados-lasik-1-dia-despues-del-tratamiento-lasik\/","title":{"rendered":"Resultados del LASIK: Despu\u00e9s del tratamiento LASIK"},"content":{"rendered":"\n<p>Los cuidados\/instrucciones de seguimiento y las citas en el Instituto de la Visi\u00f3n LASIK son una parte importante de tu recuperaci\u00f3n. Nos comprometemos a asegurarnos de que te curas adecuadamente y est\u00e1s lo m\u00e1s c\u00f3modo posible.<\/p>\n\n<p>En tu primera cita postoperatoria tras la <a href=\"https:\/\/www.lasikvisioninstitute.com\/es\/procedimientos-de-cirugia-lasik\/cirugia-ocular-lasik-moderna\/\" target=\"_blank\" rel=\"noreferrer noopener\">cirug\u00eda ocular LASIK<\/a>, el equipo m\u00e9dico comprobar\u00e1 tu visi\u00f3n y el m\u00e9dico se asegurar\u00e1 de que tus ojos se est\u00e1n curando correctamente, y responder\u00e1 a cualquier pregunta que puedas tener. Normalmente se puede reanudar la conducci\u00f3n despu\u00e9s de esta cita.  <\/p>\n\n<p>Es importante seguir las recomendaciones del m\u00e9dico sobre el uso de los colirios y\/o medicamentos prescritos para lubricar los ojos. Sigue las recomendaciones de los equipos m\u00e9dicos para protegerte los ojos mientras duermes. Abstente de tocarte o frotarte los ojos. Tambi\u00e9n deben evitarse las lociones, las cremas y el maquillaje de ojos durante unos 7 d\u00edas despu\u00e9s de la cirug\u00eda LASIK o seg\u00fan te indique <a href=\"https:\/\/www.lasikvisioninstitute.com\/es\/directorio-de-cirujanos-lasik\/\" target=\"_blank\" rel=\"noreferrer noopener\">el m\u00e9dico<\/a>.<\/p>\n\n<p>Es una buena idea protegerte los ojos siempre que est\u00e9s al aire libre, de d\u00eda o de noche, durante las 2-3 primeras semanas tras la cirug\u00eda LASIK. Las gafas de sol funcionan bien durante el d\u00eda, y por la noche se pueden llevar gafas protectoras transparentes.<\/p>\n\n<div class=\"wp-block-media-text is-stacked-on-mobile is-image-fill\"><figure class=\"wp-block-media-text__media\" style=\"background-image:url(https:\/\/www.lasikvisioninstitute.com\/wp-content\/uploads\/2024\/07\/AdobeStock_445091445-1400x933.jpeg);background-position:62% 55%\"><img decoding=\"async\" width=\"1400\" height=\"933\" src=\"https:\/\/www.lasikvisioninstitute.com\/wp-content\/uploads\/2024\/07\/AdobeStock_445091445-1400x933.jpeg\" alt=\"Hombre feliz con gafas de sol disfrutando de su visi\u00f3n mejorada gracias a la cirug\u00eda ocular LASIK\" class=\"wp-image-169262 size-full\" srcset=\"https:\/\/www.lasikvisioninstitute.com\/wp-content\/uploads\/2024\/07\/AdobeStock_445091445-1400x933.jpeg 1400w, https:\/\/www.lasikvisioninstitute.com\/wp-content\/uploads\/2024\/07\/AdobeStock_445091445-600x400.jpeg 600w, https:\/\/www.lasikvisioninstitute.com\/wp-content\/uploads\/2024\/07\/AdobeStock_445091445-768x512.jpeg 768w, https:\/\/www.lasikvisioninstitute.com\/wp-content\/uploads\/2024\/07\/AdobeStock_445091445-1536x1024.jpeg 1536w, https:\/\/www.lasikvisioninstitute.com\/wp-content\/uploads\/2024\/07\/AdobeStock_445091445-2048x1365.jpeg 2048w\" sizes=\"(max-width: 1400px) 100vw, 1400px\" \/><\/figure><div class=\"wp-block-media-text__content\">\n<p>Aunque podr\u00e1s reanudar la mayor\u00eda de las actividades al cabo de un d\u00eda m\u00e1s o menos, deber\u00e1s limitar las actividades extenuantes, seguir descansando los ojos y evitar las tareas que puedan hacer que les entre polvo o suciedad. Mientras que muchas personas se reincorporan al trabajo al d\u00eda siguiente de la cirug\u00eda ocular LASIK, otras tardan un poco m\u00e1s.<\/p>\n\n\n\n<p>Sigue evitando que te entre agua en los ojos durante las primeras 72 horas despu\u00e9s de una intervenci\u00f3n de cirug\u00eda ocular con l\u00e1ser. Las actividades acu\u00e1ticas, como la nataci\u00f3n y los jacuzzis, deben evitarse durante varias semanas.<\/p>\n\n\n\n<p>Leer, trabajar con el ordenador y ver la televisi\u00f3n pueden reanudarse 24 horas despu\u00e9s de la intervenci\u00f3n LASIK. Si es necesario, puedes mantener los ojos lubricados durante estas actividades. El patr\u00f3n de curaci\u00f3n de cada persona es \u00fanico, as\u00ed que aseg\u00farate de reanudar las actividades siguiendo las instrucciones y recomendaciones de tu m\u00e9dico.<\/p>\n<\/div><\/div>\n\n<div style=\"height:100px\" aria-hidden=\"true\" class=\"wp-block-spacer\"><\/div>\n\n<p><strong><a href=\"https:\/\/www.lasikvisioninstitute.com\/es\/resultados-lasik\/resultados-lasik-1-semana-despues-del-tratamiento-lasik\/\" target=\"_blank\" rel=\"noreferrer noopener\">M\u00e1s informaci\u00f3n sobre 1 semana despu\u00e9s de la cirug\u00eda ocular LASIK<\/a><\/strong><\/p>\n","protected":false},"excerpt":{"rendered":"<p>Los cuidados\/instrucciones de seguimiento y las citas en el Instituto de la Visi\u00f3n LASIK son una parte importante de tu recuperaci\u00f3n. Nos comprometemos a asegurarnos de que te curas adecuadamente y est\u00e1s lo m\u00e1s c\u00f3modo posible. En tu primera cita postoperatoria tras la cirug\u00eda ocular LASIK, el equipo m\u00e9dico comprobar\u00e1 tu visi\u00f3n y el m\u00e9dico [&hellip;]<\/p>\n","protected":false},"author":33,"featured_media":161952,"parent":0,"menu_order":0,"comment_status":"closed","ping_status":"closed","template":"","meta":{"_acf_changed":false,"footnotes":""},"class_list":["post-165885","page","type-page","status-publish","has-post-thumbnail"],"acf":[],"yoast_head":"<!-- This site is optimized with the Yoast SEO plugin v27.5 - https:\/\/yoast.com\/product\/yoast-seo-wordpress\/ -->\n<title>1 d\u00eda despu\u00e9s de una intervenci\u00f3n LASIK - Qu\u00e9 esperar<\/title>\n<meta name=\"description\" content=\"Tu primera cita postoperatoria ser\u00e1 entre 24 y 48 horas despu\u00e9s de la cirug\u00eda ocular LASIK. Reanuda las actividades siguiendo las instrucciones de tu m\u00e9dico.\" \/>\n<meta name=\"robots\" content=\"index, follow, max-snippet:-1, max-image-preview:large, max-video-preview:-1\" \/>\n<link rel=\"canonical\" href=\"https:\/\/www.lasikvisioninstitute.com\/es\/resultados-lasik-1-dia-despues-del-tratamiento-lasik\/\" \/>\n<meta property=\"og:locale\" content=\"es_ES\" \/>\n<meta property=\"og:type\" content=\"article\" \/>\n<meta property=\"og:title\" content=\"1 d\u00eda despu\u00e9s de una intervenci\u00f3n LASIK - Qu\u00e9 esperar\" \/>\n<meta property=\"og:description\" content=\"Tu primera cita postoperatoria ser\u00e1 entre 24 y 48 horas despu\u00e9s de la cirug\u00eda ocular LASIK. Reanuda las actividades siguiendo las instrucciones de tu m\u00e9dico.\" \/>\n<meta property=\"og:url\" content=\"https:\/\/www.lasikvisioninstitute.com\/es\/resultados-lasik-1-dia-despues-del-tratamiento-lasik\/\" \/>\n<meta property=\"og:site_name\" content=\"The LASIK Vision Institute\" \/>\n<meta property=\"article:modified_time\" content=\"2024-07-30T19:25:10+00:00\" \/>\n<meta property=\"og:image\" content=\"https:\/\/www.lasikvisioninstitute.com\/wp-content\/uploads\/2024\/02\/pexels-andrea-piacquadio-3781538-1.jpg\" \/>\n\t<meta property=\"og:image:width\" content=\"1280\" \/>\n\t<meta property=\"og:image:height\" content=\"853\" \/>\n\t<meta property=\"og:image:type\" content=\"image\/jpeg\" \/>\n<meta name=\"twitter:card\" content=\"summary_large_image\" \/>\n<script type=\"application\/ld+json\" class=\"yoast-schema-graph\">{\"@context\":\"https:\\\/\\\/schema.org\",\"@graph\":[{\"@type\":\"WebPage\",\"@id\":\"https:\\\/\\\/www.lasikvisioninstitute.com\\\/es\\\/resultados-lasik-1-dia-despues-del-tratamiento-lasik\\\/\",\"url\":\"https:\\\/\\\/www.lasikvisioninstitute.com\\\/es\\\/resultados-lasik-1-dia-despues-del-tratamiento-lasik\\\/\",\"name\":\"1 d\u00eda despu\u00e9s de una intervenci\u00f3n LASIK - Qu\u00e9 esperar\",\"isPartOf\":{\"@id\":\"https:\\\/\\\/www.lasikvisioninstitute.com\\\/es\\\/#website\"},\"primaryImageOfPage\":{\"@id\":\"https:\\\/\\\/www.lasikvisioninstitute.com\\\/es\\\/resultados-lasik-1-dia-despues-del-tratamiento-lasik\\\/#primaryimage\"},\"image\":{\"@id\":\"https:\\\/\\\/www.lasikvisioninstitute.com\\\/es\\\/resultados-lasik-1-dia-despues-del-tratamiento-lasik\\\/#primaryimage\"},\"thumbnailUrl\":\"https:\\\/\\\/www.lasikvisioninstitute.com\\\/wp-content\\\/uploads\\\/2024\\\/02\\\/pexels-andrea-piacquadio-3781538-1.jpg\",\"datePublished\":\"2013-02-02T04:19:01+00:00\",\"dateModified\":\"2024-07-30T19:25:10+00:00\",\"description\":\"Tu primera cita postoperatoria ser\u00e1 entre 24 y 48 horas despu\u00e9s de la cirug\u00eda ocular LASIK. Reanuda las actividades siguiendo las instrucciones de tu m\u00e9dico.\",\"breadcrumb\":{\"@id\":\"https:\\\/\\\/www.lasikvisioninstitute.com\\\/es\\\/resultados-lasik-1-dia-despues-del-tratamiento-lasik\\\/#breadcrumb\"},\"inLanguage\":\"es-ES\",\"potentialAction\":[{\"@type\":\"ReadAction\",\"target\":[\"https:\\\/\\\/www.lasikvisioninstitute.com\\\/es\\\/resultados-lasik-1-dia-despues-del-tratamiento-lasik\\\/\"]}]},{\"@type\":\"ImageObject\",\"inLanguage\":\"es-ES\",\"@id\":\"https:\\\/\\\/www.lasikvisioninstitute.com\\\/es\\\/resultados-lasik-1-dia-despues-del-tratamiento-lasik\\\/#primaryimage\",\"url\":\"https:\\\/\\\/www.lasikvisioninstitute.com\\\/wp-content\\\/uploads\\\/2024\\\/02\\\/pexels-andrea-piacquadio-3781538-1.jpg\",\"contentUrl\":\"https:\\\/\\\/www.lasikvisioninstitute.com\\\/wp-content\\\/uploads\\\/2024\\\/02\\\/pexels-andrea-piacquadio-3781538-1.jpg\",\"width\":1280,\"height\":853,\"caption\":\"happy patient after LASIK\"},{\"@type\":\"BreadcrumbList\",\"@id\":\"https:\\\/\\\/www.lasikvisioninstitute.com\\\/es\\\/resultados-lasik-1-dia-despues-del-tratamiento-lasik\\\/#breadcrumb\",\"itemListElement\":[{\"@type\":\"ListItem\",\"position\":1,\"name\":\"Portada\",\"item\":\"https:\\\/\\\/www.lasikvisioninstitute.com\\\/es\\\/\"},{\"@type\":\"ListItem\",\"position\":2,\"name\":\"Resultados del LASIK: Despu\u00e9s del tratamiento LASIK\"}]},{\"@type\":\"WebSite\",\"@id\":\"https:\\\/\\\/www.lasikvisioninstitute.com\\\/es\\\/#website\",\"url\":\"https:\\\/\\\/www.lasikvisioninstitute.com\\\/es\\\/\",\"name\":\"The LASIK Vision Institute\",\"description\":\"1.4 Million LASIK Eye Surgeries and Counting\",\"publisher\":{\"@id\":\"https:\\\/\\\/www.lasikvisioninstitute.com\\\/es\\\/#organization\"},\"potentialAction\":[{\"@type\":\"SearchAction\",\"target\":{\"@type\":\"EntryPoint\",\"urlTemplate\":\"https:\\\/\\\/www.lasikvisioninstitute.com\\\/es\\\/?s={search_term_string}\"},\"query-input\":{\"@type\":\"PropertyValueSpecification\",\"valueRequired\":true,\"valueName\":\"search_term_string\"}}],\"inLanguage\":\"es-ES\"},{\"@type\":\"Organization\",\"@id\":\"https:\\\/\\\/www.lasikvisioninstitute.com\\\/es\\\/#organization\",\"name\":\"The LASIK Vision Institute\",\"url\":\"https:\\\/\\\/www.lasikvisioninstitute.com\\\/es\\\/\",\"logo\":{\"@type\":\"ImageObject\",\"inLanguage\":\"es-ES\",\"@id\":\"https:\\\/\\\/www.lasikvisioninstitute.com\\\/es\\\/#\\\/schema\\\/logo\\\/image\\\/\",\"url\":\"https:\\\/\\\/www.lasikvisioninstitute.com\\\/wp-content\\\/uploads\\\/2019\\\/10\\\/The-LASIK-Vision-Institute-Logo.png\",\"contentUrl\":\"https:\\\/\\\/www.lasikvisioninstitute.com\\\/wp-content\\\/uploads\\\/2019\\\/10\\\/The-LASIK-Vision-Institute-Logo.png\",\"width\":1000,\"height\":289,\"caption\":\"The LASIK Vision Institute\"},\"image\":{\"@id\":\"https:\\\/\\\/www.lasikvisioninstitute.com\\\/es\\\/#\\\/schema\\\/logo\\\/image\\\/\"}}]}<\/script>\n<!-- \/ Yoast SEO plugin. -->","yoast_head_json":{"title":"1 d\u00eda despu\u00e9s de una intervenci\u00f3n LASIK - Qu\u00e9 esperar","description":"Tu primera cita postoperatoria ser\u00e1 entre 24 y 48 horas despu\u00e9s de la cirug\u00eda ocular LASIK. Reanuda las actividades siguiendo las instrucciones de tu m\u00e9dico.","robots":{"index":"index","follow":"follow","max-snippet":"max-snippet:-1","max-image-preview":"max-image-preview:large","max-video-preview":"max-video-preview:-1"},"canonical":"https:\/\/www.lasikvisioninstitute.com\/es\/resultados-lasik-1-dia-despues-del-tratamiento-lasik\/","og_locale":"es_ES","og_type":"article","og_title":"1 d\u00eda despu\u00e9s de una intervenci\u00f3n LASIK - Qu\u00e9 esperar","og_description":"Tu primera cita postoperatoria ser\u00e1 entre 24 y 48 horas despu\u00e9s de la cirug\u00eda ocular LASIK. Reanuda las actividades siguiendo las instrucciones de tu m\u00e9dico.","og_url":"https:\/\/www.lasikvisioninstitute.com\/es\/resultados-lasik-1-dia-despues-del-tratamiento-lasik\/","og_site_name":"The LASIK Vision Institute","article_modified_time":"2024-07-30T19:25:10+00:00","og_image":[{"width":1280,"height":853,"url":"https:\/\/www.lasikvisioninstitute.com\/wp-content\/uploads\/2024\/02\/pexels-andrea-piacquadio-3781538-1.jpg","type":"image\/jpeg"}],"twitter_card":"summary_large_image","schema":{"@context":"https:\/\/schema.org","@graph":[{"@type":"WebPage","@id":"https:\/\/www.lasikvisioninstitute.com\/es\/resultados-lasik-1-dia-despues-del-tratamiento-lasik\/","url":"https:\/\/www.lasikvisioninstitute.com\/es\/resultados-lasik-1-dia-despues-del-tratamiento-lasik\/","name":"1 d\u00eda despu\u00e9s de una intervenci\u00f3n LASIK - Qu\u00e9 esperar","isPartOf":{"@id":"https:\/\/www.lasikvisioninstitute.com\/es\/#website"},"primaryImageOfPage":{"@id":"https:\/\/www.lasikvisioninstitute.com\/es\/resultados-lasik-1-dia-despues-del-tratamiento-lasik\/#primaryimage"},"image":{"@id":"https:\/\/www.lasikvisioninstitute.com\/es\/resultados-lasik-1-dia-despues-del-tratamiento-lasik\/#primaryimage"},"thumbnailUrl":"https:\/\/www.lasikvisioninstitute.com\/wp-content\/uploads\/2024\/02\/pexels-andrea-piacquadio-3781538-1.jpg","datePublished":"2013-02-02T04:19:01+00:00","dateModified":"2024-07-30T19:25:10+00:00","description":"Tu primera cita postoperatoria ser\u00e1 entre 24 y 48 horas despu\u00e9s de la cirug\u00eda ocular LASIK. Reanuda las actividades siguiendo las instrucciones de tu m\u00e9dico.","breadcrumb":{"@id":"https:\/\/www.lasikvisioninstitute.com\/es\/resultados-lasik-1-dia-despues-del-tratamiento-lasik\/#breadcrumb"},"inLanguage":"es-ES","potentialAction":[{"@type":"ReadAction","target":["https:\/\/www.lasikvisioninstitute.com\/es\/resultados-lasik-1-dia-despues-del-tratamiento-lasik\/"]}]},{"@type":"ImageObject","inLanguage":"es-ES","@id":"https:\/\/www.lasikvisioninstitute.com\/es\/resultados-lasik-1-dia-despues-del-tratamiento-lasik\/#primaryimage","url":"https:\/\/www.lasikvisioninstitute.com\/wp-content\/uploads\/2024\/02\/pexels-andrea-piacquadio-3781538-1.jpg","contentUrl":"https:\/\/www.lasikvisioninstitute.com\/wp-content\/uploads\/2024\/02\/pexels-andrea-piacquadio-3781538-1.jpg","width":1280,"height":853,"caption":"happy patient after LASIK"},{"@type":"BreadcrumbList","@id":"https:\/\/www.lasikvisioninstitute.com\/es\/resultados-lasik-1-dia-despues-del-tratamiento-lasik\/#breadcrumb","itemListElement":[{"@type":"ListItem","position":1,"name":"Portada","item":"https:\/\/www.lasikvisioninstitute.com\/es\/"},{"@type":"ListItem","position":2,"name":"Resultados del LASIK: Despu\u00e9s del tratamiento LASIK"}]},{"@type":"WebSite","@id":"https:\/\/www.lasikvisioninstitute.com\/es\/#website","url":"https:\/\/www.lasikvisioninstitute.com\/es\/","name":"The LASIK Vision Institute","description":"1.4 Million LASIK Eye Surgeries and Counting","publisher":{"@id":"https:\/\/www.lasikvisioninstitute.com\/es\/#organization"},"potentialAction":[{"@type":"SearchAction","target":{"@type":"EntryPoint","urlTemplate":"https:\/\/www.lasikvisioninstitute.com\/es\/?s={search_term_string}"},"query-input":{"@type":"PropertyValueSpecification","valueRequired":true,"valueName":"search_term_string"}}],"inLanguage":"es-ES"},{"@type":"Organization","@id":"https:\/\/www.lasikvisioninstitute.com\/es\/#organization","name":"The LASIK Vision Institute","url":"https:\/\/www.lasikvisioninstitute.com\/es\/","logo":{"@type":"ImageObject","inLanguage":"es-ES","@id":"https:\/\/www.lasikvisioninstitute.com\/es\/#\/schema\/logo\/image\/","url":"https:\/\/www.lasikvisioninstitute.com\/wp-content\/uploads\/2019\/10\/The-LASIK-Vision-Institute-Logo.png","contentUrl":"https:\/\/www.lasikvisioninstitute.com\/wp-content\/uploads\/2019\/10\/The-LASIK-Vision-Institute-Logo.png","width":1000,"height":289,"caption":"The LASIK Vision Institute"},"image":{"@id":"https:\/\/www.lasikvisioninstitute.com\/es\/#\/schema\/logo\/image\/"}}]}},"_links":{"self":[{"href":"https:\/\/www.lasikvisioninstitute.com\/es\/wp-json\/wp\/v2\/pages\/165885","targetHints":{"allow":["GET"]}}],"collection":[{"href":"https:\/\/www.lasikvisioninstitute.com\/es\/wp-json\/wp\/v2\/pages"}],"about":[{"href":"https:\/\/www.lasikvisioninstitute.com\/es\/wp-json\/wp\/v2\/types\/page"}],"author":[{"embeddable":true,"href":"https:\/\/www.lasikvisioninstitute.com\/es\/wp-json\/wp\/v2\/users\/33"}],"replies":[{"embeddable":true,"href":"https:\/\/www.lasikvisioninstitute.com\/es\/wp-json\/wp\/v2\/comments?post=165885"}],"version-history":[{"count":0,"href":"https:\/\/www.lasikvisioninstitute.com\/es\/wp-json\/wp\/v2\/pages\/165885\/revisions"}],"wp:featuredmedia":[{"embeddable":true,"href":"https:\/\/www.lasikvisioninstitute.com\/es\/wp-json\/wp\/v2\/media\/161952"}],"wp:attachment":[{"href":"https:\/\/www.lasikvisioninstitute.com\/es\/wp-json\/wp\/v2\/media?parent=165885"}],"curies":[{"name":"wp","href":"https:\/\/api.w.org\/{rel}","templated":true}]}}