{"id":165878,"date":"2013-02-02T00:42:38","date_gmt":"2013-02-02T05:42:38","guid":{"rendered":"https:\/\/dev.lasikvisioninstitute.com\/aviso-de-cancelacion\/"},"modified":"2024-06-04T18:40:22","modified_gmt":"2024-06-04T23:40:22","slug":"aviso-de-cancelacion","status":"publish","type":"page","link":"https:\/\/www.lasikvisioninstitute.com\/es\/puedes-permitirte-la-cirugia-ocular-lasik\/residentes-en-pensilvania\/aviso-de-cancelacion\/","title":{"rendered":"Aviso de cancelaci\u00f3n"},"content":{"rendered":"\n<p><strong><span style=\"text-decoration: underline;\">EL INSTITUTO DE VISI\u00d3N LASIK, LLC  <\/span><\/strong><\/p>\n\n<p><strong><span style=\"text-decoration: underline;\">AVISO DE CANCELACI\u00d3N PARA RESIDENTES EN PENNSYLVANIA<\/span><\/strong><\/p>\n\n<p>Los residentes en Pensilvania pueden cancelar su intervenci\u00f3n quir\u00fargica programada en cualquier momento sin ninguna penalizaci\u00f3n ni obligaci\u00f3n. Si cancelas, cualquier pago que hayas hecho al Instituto Lasik de la Visi\u00f3n en relaci\u00f3n con la financiaci\u00f3n del coste de tu cirug\u00eda te ser\u00e1 devuelto en los 15 d\u00edas siguientes a la recepci\u00f3n por parte del Instituto Lasik de la Visi\u00f3n de tu notificaci\u00f3n de cancelaci\u00f3n. Para cancelar tu intervenci\u00f3n quir\u00fargica, env\u00eda por correo o entrega una copia firmada y fechada de este aviso de cancelaci\u00f3n o de cualquier otro aviso por escrito al Instituto Lasik de la Visi\u00f3n en el lugar donde estaba programada tu intervenci\u00f3n quir\u00fargica. Por la presente cancelo esta transacci\u00f3n.<\/p>\n\n<div style=\"height:40px\" aria-hidden=\"true\" class=\"wp-block-spacer\"><\/div>\n\n<div class=\"wp-block-columns is-layout-flex wp-container-core-columns-is-layout-28f84493 wp-block-columns-is-layout-flex\">\n<div class=\"wp-block-column is-layout-flow wp-block-column-is-layout-flow\">\n<p>___________________________________<br\/>Fecha<\/p>\n<\/div>\n\n\n\n<div class=\"wp-block-column is-layout-flow wp-block-column-is-layout-flow\">\n<p>___________________________________<br\/>Firma del paciente<\/p>\n<\/div>\n<\/div>\n","protected":false},"excerpt":{"rendered":"<p>EL INSTITUTO DE VISI\u00d3N LASIK, LLC AVISO DE CANCELACI\u00d3N PARA RESIDENTES EN PENNSYLVANIA Los residentes en Pensilvania pueden cancelar su intervenci\u00f3n quir\u00fargica programada en cualquier momento sin ninguna penalizaci\u00f3n ni obligaci\u00f3n. Si cancelas, cualquier pago que hayas hecho al Instituto Lasik de la Visi\u00f3n en relaci\u00f3n con la financiaci\u00f3n del coste de tu cirug\u00eda te [&hellip;]<\/p>\n","protected":false},"author":33,"featured_media":0,"parent":165880,"menu_order":0,"comment_status":"closed","ping_status":"closed","template":"","meta":{"_acf_changed":false,"footnotes":""},"class_list":["post-165878","page","type-page","status-publish"],"acf":[],"yoast_head":"<!-- This site is optimized with the Yoast SEO plugin v27.5 - https:\/\/yoast.com\/product\/yoast-seo-wordpress\/ -->\n<title>Aviso de cancelaci\u00f3n para residentes de PA - LASIK Vision Institute<\/title>\n<meta name=\"description\" content=\"Atenci\u00f3n residentes de Pensilvania: leed este aviso de cancelaci\u00f3n del LASIK Vision Institute. Llama al 877-274-1797 para obtener m\u00e1s informaci\u00f3n.\" \/>\n<meta name=\"robots\" content=\"noindex, nofollow\" \/>\n<meta property=\"og:locale\" content=\"es_ES\" \/>\n<meta property=\"og:type\" content=\"article\" \/>\n<meta property=\"og:title\" content=\"Aviso de cancelaci\u00f3n para residentes de PA - LASIK Vision Institute\" \/>\n<meta property=\"og:description\" content=\"Atenci\u00f3n residentes de Pensilvania: leed este aviso de cancelaci\u00f3n del LASIK Vision Institute. Llama al 877-274-1797 para obtener m\u00e1s informaci\u00f3n.\" \/>\n<meta property=\"og:url\" content=\"https:\/\/www.lasikvisioninstitute.com\/es\/puedes-permitirte-la-cirugia-ocular-lasik\/residentes-en-pensilvania\/aviso-de-cancelacion\/\" \/>\n<meta property=\"og:site_name\" content=\"The LASIK Vision Institute\" \/>\n<meta property=\"article:modified_time\" content=\"2024-06-04T23:40:22+00:00\" \/>\n<meta name=\"twitter:card\" content=\"summary_large_image\" \/>\n<script type=\"application\/ld+json\" class=\"yoast-schema-graph\">{\"@context\":\"https:\\\/\\\/schema.org\",\"@graph\":[{\"@type\":\"WebPage\",\"@id\":\"https:\\\/\\\/www.lasikvisioninstitute.com\\\/es\\\/puedes-permitirte-la-cirugia-ocular-lasik\\\/residentes-en-pensilvania\\\/aviso-de-cancelacion\\\/\",\"url\":\"https:\\\/\\\/www.lasikvisioninstitute.com\\\/es\\\/puedes-permitirte-la-cirugia-ocular-lasik\\\/residentes-en-pensilvania\\\/aviso-de-cancelacion\\\/\",\"name\":\"Aviso de cancelaci\u00f3n para residentes de PA - LASIK Vision Institute\",\"isPartOf\":{\"@id\":\"https:\\\/\\\/www.lasikvisioninstitute.com\\\/es\\\/#website\"},\"datePublished\":\"2013-02-02T05:42:38+00:00\",\"dateModified\":\"2024-06-04T23:40:22+00:00\",\"description\":\"Atenci\u00f3n residentes de Pensilvania: leed este aviso de cancelaci\u00f3n del LASIK Vision Institute. Llama al 877-274-1797 para obtener m\u00e1s informaci\u00f3n.\",\"breadcrumb\":{\"@id\":\"https:\\\/\\\/www.lasikvisioninstitute.com\\\/es\\\/puedes-permitirte-la-cirugia-ocular-lasik\\\/residentes-en-pensilvania\\\/aviso-de-cancelacion\\\/#breadcrumb\"},\"inLanguage\":\"es-ES\",\"potentialAction\":[{\"@type\":\"ReadAction\",\"target\":[\"https:\\\/\\\/www.lasikvisioninstitute.com\\\/es\\\/puedes-permitirte-la-cirugia-ocular-lasik\\\/residentes-en-pensilvania\\\/aviso-de-cancelacion\\\/\"]}]},{\"@type\":\"BreadcrumbList\",\"@id\":\"https:\\\/\\\/www.lasikvisioninstitute.com\\\/es\\\/puedes-permitirte-la-cirugia-ocular-lasik\\\/residentes-en-pensilvania\\\/aviso-de-cancelacion\\\/#breadcrumb\",\"itemListElement\":[{\"@type\":\"ListItem\",\"position\":1,\"name\":\"Portada\",\"item\":\"https:\\\/\\\/www.lasikvisioninstitute.com\\\/es\\\/\"},{\"@type\":\"ListItem\",\"position\":2,\"name\":\"Puedes permitirte la cirug\u00eda ocular LASIK\",\"item\":\"https:\\\/\\\/www.lasikvisioninstitute.com\\\/es\\\/puedes-permitirte-la-cirugia-ocular-lasik\\\/\"},{\"@type\":\"ListItem\",\"position\":3,\"name\":\"Residentes en Pensilvania\",\"item\":\"https:\\\/\\\/www.lasikvisioninstitute.com\\\/es\\\/puedes-permitirte-la-cirugia-ocular-lasik\\\/residentes-en-pensilvania\\\/\"},{\"@type\":\"ListItem\",\"position\":4,\"name\":\"Aviso de cancelaci\u00f3n\"}]},{\"@type\":\"WebSite\",\"@id\":\"https:\\\/\\\/www.lasikvisioninstitute.com\\\/es\\\/#website\",\"url\":\"https:\\\/\\\/www.lasikvisioninstitute.com\\\/es\\\/\",\"name\":\"The LASIK Vision Institute\",\"description\":\"1.4 Million LASIK Eye Surgeries and Counting\",\"publisher\":{\"@id\":\"https:\\\/\\\/www.lasikvisioninstitute.com\\\/es\\\/#organization\"},\"potentialAction\":[{\"@type\":\"SearchAction\",\"target\":{\"@type\":\"EntryPoint\",\"urlTemplate\":\"https:\\\/\\\/www.lasikvisioninstitute.com\\\/es\\\/?s={search_term_string}\"},\"query-input\":{\"@type\":\"PropertyValueSpecification\",\"valueRequired\":true,\"valueName\":\"search_term_string\"}}],\"inLanguage\":\"es-ES\"},{\"@type\":\"Organization\",\"@id\":\"https:\\\/\\\/www.lasikvisioninstitute.com\\\/es\\\/#organization\",\"name\":\"The LASIK Vision Institute\",\"url\":\"https:\\\/\\\/www.lasikvisioninstitute.com\\\/es\\\/\",\"logo\":{\"@type\":\"ImageObject\",\"inLanguage\":\"es-ES\",\"@id\":\"https:\\\/\\\/www.lasikvisioninstitute.com\\\/es\\\/#\\\/schema\\\/logo\\\/image\\\/\",\"url\":\"https:\\\/\\\/www.lasikvisioninstitute.com\\\/wp-content\\\/uploads\\\/2019\\\/10\\\/The-LASIK-Vision-Institute-Logo.png\",\"contentUrl\":\"https:\\\/\\\/www.lasikvisioninstitute.com\\\/wp-content\\\/uploads\\\/2019\\\/10\\\/The-LASIK-Vision-Institute-Logo.png\",\"width\":1000,\"height\":289,\"caption\":\"The LASIK Vision Institute\"},\"image\":{\"@id\":\"https:\\\/\\\/www.lasikvisioninstitute.com\\\/es\\\/#\\\/schema\\\/logo\\\/image\\\/\"}}]}<\/script>\n<!-- \/ Yoast SEO plugin. -->","yoast_head_json":{"title":"Aviso de cancelaci\u00f3n para residentes de PA - LASIK Vision Institute","description":"Atenci\u00f3n residentes de Pensilvania: leed este aviso de cancelaci\u00f3n del LASIK Vision Institute. Llama al 877-274-1797 para obtener m\u00e1s informaci\u00f3n.","robots":{"index":"noindex","follow":"nofollow"},"og_locale":"es_ES","og_type":"article","og_title":"Aviso de cancelaci\u00f3n para residentes de PA - LASIK Vision Institute","og_description":"Atenci\u00f3n residentes de Pensilvania: leed este aviso de cancelaci\u00f3n del LASIK Vision Institute. Llama al 877-274-1797 para obtener m\u00e1s informaci\u00f3n.","og_url":"https:\/\/www.lasikvisioninstitute.com\/es\/puedes-permitirte-la-cirugia-ocular-lasik\/residentes-en-pensilvania\/aviso-de-cancelacion\/","og_site_name":"The LASIK Vision Institute","article_modified_time":"2024-06-04T23:40:22+00:00","twitter_card":"summary_large_image","schema":{"@context":"https:\/\/schema.org","@graph":[{"@type":"WebPage","@id":"https:\/\/www.lasikvisioninstitute.com\/es\/puedes-permitirte-la-cirugia-ocular-lasik\/residentes-en-pensilvania\/aviso-de-cancelacion\/","url":"https:\/\/www.lasikvisioninstitute.com\/es\/puedes-permitirte-la-cirugia-ocular-lasik\/residentes-en-pensilvania\/aviso-de-cancelacion\/","name":"Aviso de cancelaci\u00f3n para residentes de PA - LASIK Vision Institute","isPartOf":{"@id":"https:\/\/www.lasikvisioninstitute.com\/es\/#website"},"datePublished":"2013-02-02T05:42:38+00:00","dateModified":"2024-06-04T23:40:22+00:00","description":"Atenci\u00f3n residentes de Pensilvania: leed este aviso de cancelaci\u00f3n del LASIK Vision Institute. Llama al 877-274-1797 para obtener m\u00e1s informaci\u00f3n.","breadcrumb":{"@id":"https:\/\/www.lasikvisioninstitute.com\/es\/puedes-permitirte-la-cirugia-ocular-lasik\/residentes-en-pensilvania\/aviso-de-cancelacion\/#breadcrumb"},"inLanguage":"es-ES","potentialAction":[{"@type":"ReadAction","target":["https:\/\/www.lasikvisioninstitute.com\/es\/puedes-permitirte-la-cirugia-ocular-lasik\/residentes-en-pensilvania\/aviso-de-cancelacion\/"]}]},{"@type":"BreadcrumbList","@id":"https:\/\/www.lasikvisioninstitute.com\/es\/puedes-permitirte-la-cirugia-ocular-lasik\/residentes-en-pensilvania\/aviso-de-cancelacion\/#breadcrumb","itemListElement":[{"@type":"ListItem","position":1,"name":"Portada","item":"https:\/\/www.lasikvisioninstitute.com\/es\/"},{"@type":"ListItem","position":2,"name":"Puedes permitirte la cirug\u00eda ocular LASIK","item":"https:\/\/www.lasikvisioninstitute.com\/es\/puedes-permitirte-la-cirugia-ocular-lasik\/"},{"@type":"ListItem","position":3,"name":"Residentes en Pensilvania","item":"https:\/\/www.lasikvisioninstitute.com\/es\/puedes-permitirte-la-cirugia-ocular-lasik\/residentes-en-pensilvania\/"},{"@type":"ListItem","position":4,"name":"Aviso de cancelaci\u00f3n"}]},{"@type":"WebSite","@id":"https:\/\/www.lasikvisioninstitute.com\/es\/#website","url":"https:\/\/www.lasikvisioninstitute.com\/es\/","name":"The LASIK Vision Institute","description":"1.4 Million LASIK Eye Surgeries and Counting","publisher":{"@id":"https:\/\/www.lasikvisioninstitute.com\/es\/#organization"},"potentialAction":[{"@type":"SearchAction","target":{"@type":"EntryPoint","urlTemplate":"https:\/\/www.lasikvisioninstitute.com\/es\/?s={search_term_string}"},"query-input":{"@type":"PropertyValueSpecification","valueRequired":true,"valueName":"search_term_string"}}],"inLanguage":"es-ES"},{"@type":"Organization","@id":"https:\/\/www.lasikvisioninstitute.com\/es\/#organization","name":"The LASIK Vision Institute","url":"https:\/\/www.lasikvisioninstitute.com\/es\/","logo":{"@type":"ImageObject","inLanguage":"es-ES","@id":"https:\/\/www.lasikvisioninstitute.com\/es\/#\/schema\/logo\/image\/","url":"https:\/\/www.lasikvisioninstitute.com\/wp-content\/uploads\/2019\/10\/The-LASIK-Vision-Institute-Logo.png","contentUrl":"https:\/\/www.lasikvisioninstitute.com\/wp-content\/uploads\/2019\/10\/The-LASIK-Vision-Institute-Logo.png","width":1000,"height":289,"caption":"The LASIK Vision Institute"},"image":{"@id":"https:\/\/www.lasikvisioninstitute.com\/es\/#\/schema\/logo\/image\/"}}]}},"_links":{"self":[{"href":"https:\/\/www.lasikvisioninstitute.com\/es\/wp-json\/wp\/v2\/pages\/165878","targetHints":{"allow":["GET"]}}],"collection":[{"href":"https:\/\/www.lasikvisioninstitute.com\/es\/wp-json\/wp\/v2\/pages"}],"about":[{"href":"https:\/\/www.lasikvisioninstitute.com\/es\/wp-json\/wp\/v2\/types\/page"}],"author":[{"embeddable":true,"href":"https:\/\/www.lasikvisioninstitute.com\/es\/wp-json\/wp\/v2\/users\/33"}],"replies":[{"embeddable":true,"href":"https:\/\/www.lasikvisioninstitute.com\/es\/wp-json\/wp\/v2\/comments?post=165878"}],"version-history":[{"count":0,"href":"https:\/\/www.lasikvisioninstitute.com\/es\/wp-json\/wp\/v2\/pages\/165878\/revisions"}],"up":[{"embeddable":true,"href":"https:\/\/www.lasikvisioninstitute.com\/es\/wp-json\/wp\/v2\/pages\/165880"}],"wp:attachment":[{"href":"https:\/\/www.lasikvisioninstitute.com\/es\/wp-json\/wp\/v2\/media?parent=165878"}],"curies":[{"name":"wp","href":"https:\/\/api.w.org\/{rel}","templated":true}]}}