{"id":165874,"date":"2013-02-02T00:56:12","date_gmt":"2013-02-02T05:56:12","guid":{"rendered":"https:\/\/dev.lasikvisioninstitute.com\/programa-de-recompensas-del-instituto-lasik-de-la-vision\/"},"modified":"2024-06-11T13:13:26","modified_gmt":"2024-06-11T18:13:26","slug":"programa-de-recompensas-del-instituto-lasik-de-la-vision","status":"publish","type":"page","link":"https:\/\/www.lasikvisioninstitute.com\/es\/programa-de-recompensas-del-instituto-lasik-de-la-vision\/","title":{"rendered":"Programa de Recompensas del Instituto Lasik de la Visi\u00f3n"},"content":{"rendered":"\n<h1 class=\"wp-block-heading has-text-align-center\">El Instituto de la Visi\u00f3n LASIK<br\/>Programa de recompensas Compartir la visi\u00f3n<\/h1>\n\n<div style=\"height:20px\" aria-hidden=\"true\" class=\"wp-block-spacer\"><\/div>\n\n<figure class=\"wp-block-image size-large\"><img decoding=\"async\" width=\"1400\" height=\"350\" src=\"https:\/\/www.lasikvisioninstitute.com\/wp-content\/uploads\/2023\/06\/LVI_Referral-Banner_Cash-1400x350.jpg\" alt=\"\" class=\"wp-image-146043\" srcset=\"https:\/\/www.lasikvisioninstitute.com\/wp-content\/uploads\/2023\/06\/LVI_Referral-Banner_Cash-1400x350.jpg 1400w, https:\/\/www.lasikvisioninstitute.com\/wp-content\/uploads\/2023\/06\/LVI_Referral-Banner_Cash-600x150.jpg 600w, https:\/\/www.lasikvisioninstitute.com\/wp-content\/uploads\/2023\/06\/LVI_Referral-Banner_Cash-768x192.jpg 768w, https:\/\/www.lasikvisioninstitute.com\/wp-content\/uploads\/2023\/06\/LVI_Referral-Banner_Cash-1536x384.jpg 1536w, https:\/\/www.lasikvisioninstitute.com\/wp-content\/uploads\/2023\/06\/LVI_Referral-Banner_Cash.jpg 1800w\" sizes=\"(max-width: 1400px) 100vw, 1400px\" \/><\/figure>\n\n<h3 class=\"wp-block-heading\">\u00a1Este programa ofrece ahora la oportunidad de recibir hasta 200 $* por recomendaci\u00f3n!<\/h3>\n\n<p>Por cada amigo o familiar que nos recomiende y que se someta a una correcci\u00f3n visual con l\u00e1ser, le enviaremos un cheque de agradecimiento: 50 $ por la primera recomendaci\u00f3n, 100 $ por la segunda y 200 $ por cada recomendaci\u00f3n adicional, SIN L\u00cdMITE*.<\/p>\n\n<div class=\"wp-block-buttons is-layout-flex wp-block-buttons-is-layout-flex\">\n<div class=\"wp-block-button\"><a class=\"wp-block-button__link wp-element-button\" href=\"https:\/\/www.facebook.com\/sharer\/sharer.php?u=https%3A\/\/www.lasikvisioninstitute.com\/?did=lvireferral&amp;encSource=15559&amp;utm_source=share&amp;utm_medium=referral&amp;utm_campaign=link\">Compartir en Facebook<\/a><\/div>\n\n\n\n<div class=\"wp-block-button\"><a class=\"wp-block-button__link wp-element-button\" href=\"https:\/\/twitter.com\/intent\/tweet?text=Special%20LASIK%20offer!%20Save%20an%20extra%20$100*%20off%20the%20current%20promotional%20price%20at%20The%20LASIK%20Vision%20Institute.%20https%3A\/\/www.lasikvisioninstitute.com\/?did=lvireferral&amp;encSource=15559&amp;utm_source=share&amp;utm_medium=referral&amp;utm_campaign=link\">Compartir en Twitter \/ X  <\/a><\/div>\n\n\n\n<div class=\"wp-block-button\"><a class=\"wp-block-button__link wp-element-button\" href=\"mailto:?subject=Special%20LASIK%20Offer!&amp;amp;body=Special%20LASIK%20offer!%20Save%20an%20extra%20$100*%20off%20the%20current%20promotional%20price%20at%20The%20LASIK%20Vision%20Institute.%20https%3A\/\/www.lasikvisioninstitute.com\/?did=lvireferral&amp;amp;encSource=15559&amp;amp;utm_source=share&amp;amp;utm_medium=referral&amp;amp;utm_campaign=link\">Compartir por correo electr\u00f3nico<\/a><\/div>\n\n\n\n<div class=\"wp-block-button\"><a class=\"wp-block-button__link wp-element-button\" href=\"http:\/\/www.lasikvisioninstitute.com\/?did=lvireferral&amp;encSource=15559&amp;utm_source=share&amp;utm_medium=referral&amp;utm_campaign=link\" target=\"_blank\" rel=\"noreferrer noopener\">Abrir enlace de referencia<\/a><\/div>\n<\/div>\n\n<div class=\"wp-block-columns is-layout-flex wp-container-core-columns-is-layout-28f84493 wp-block-columns-is-layout-flex\">\n<div class=\"wp-block-column is-layout-flow wp-block-column-is-layout-flow\">\n\n\n\n    <meta charset=\"UTF-8\"\/>\n    <meta name=\"viewport\" content=\"width=anchura-dispositivo, initial-scale=1.0\"\/>\n    <title>Bot\u00f3n Copiar URL<\/title>\n    <style>\n        .copy-button {\n            background-color: #017f85; \/* Green *\/\n            border: none;\n            color: white;\n            padding: 15px;\n            text-align: center;\n            text-decoration: none;\n            display: inline-block;\n            font-size: 16px;\n            margin: 4px 0;\n            cursor: pointer;\n            border-radius: 8px;\n            font-family: Arial, sans-serif;\n            width: 100%;\n            box-sizing: border-box;\n        }\n\n        .copy-button:hover {\n            background-color: #45a049;\n        }\n    <\/style>\n\n\n\n<button class=\"copy-button\" id=\"copyButton\" data-url=\"https:\/\/www.lasikvisioninstitute.com\/?did=lvireferral&#038;encSource=15559&#038;utm_source=share&#038;utm_medium=referral&#038;utm_campaign=link\">\n  Copia tu enlace de referencia\n<\/button>\n\n<script>\n    document.getElementById('copyButton').addEventListener('click', function() {\n        const url = this.getAttribute('data-url');\n        navigator.clipboard.writeText(url).then(function() {\n            alert('URL copied to clipboard');\n        }, function(err) {\n            alert('Failed to copy URL');\n        });\n    });\n<\/script>\n\n\n\n\n<\/div>\n<\/div>\n\n<div style=\"height:40px\" aria-hidden=\"true\" class=\"wp-block-spacer\"><\/div>\n\n<ol class=\"wp-block-list\">\n<li>Comparte tu experiencia en el LASIK Vision Institute con tus amigos, familiares y compa\u00f1eros de trabajo.<\/li>\n\n\n\n<li>Entrega a tus amigos y familiares una tarjeta de recomendaci\u00f3n de Comparte la Visi\u00f3n para que la lleven a su consulta gratuita de LASIK, o simplemente p\u00eddeles que nos den tu nombre mientras est\u00e1n en el centro.<\/li>\n\n\n\n<li>Recibir\u00e1s tu cheque de remisi\u00f3n despu\u00e9s de que tu amigo o familiar se haya sometido al tratamiento de cirug\u00eda ocular con l\u00e1ser en un centro oftalmol\u00f3gico del LASIK Vision Institute.<\/li>\n<\/ol>\n\n<p>Para cualquier pregunta o informaci\u00f3n adicional, ponte en contacto con el Centro de Recompensas por Remisi\u00f3n llamando <a href=\"tel:18666054586\">al 866-605-4586<\/a> o <em>escribiendo a sharethevision@lasik.com.<\/em><\/p>\n\n<p>*Recibe 50 $ por la primera remisi\u00f3n, 100 $ por la segunda y 200 $ por cada remisi\u00f3n posterior de personas que posteriormente obtengan una correcci\u00f3n visual con l\u00e1ser en uno de nuestros Centros de Visi\u00f3n LASIK participantes durante la vigencia de esta Oferta Promocional (&#8220;Oferta&#8221;). La oferta est\u00e1 sujeta a las siguientes restricciones: (1) Oferta v\u00e1lida s\u00f3lo en los centros participantes; (2) Oferta no disponible para profesionales sanitarios; (3) Oferta no disponible en CO, DC, FL, IA, KY, LA, MD, MN, MT, NC, ND, NE, NJ, NM, NY, OK, OR, RI, TX, CO, OR, SC, WA, WI, centros oftalmol\u00f3gicos con licencia en MI y VA, o donde lo proh\u00edba la ley; (4) Oferta no disponible para ning\u00fan tratamiento cubierto por un seguro privado o p\u00fablico; (5) Oferta no disponible si: (a) incurrir en conducta enga\u00f1osa (incluida la representaci\u00f3n de tu experiencia como t\u00edpica de todos los pacientes) o (b) no informar a la persona referida de tu participaci\u00f3n en esta Oferta Promocional; (6) la Oferta no est\u00e1 disponible para ti si no has acudido a una consulta para LASIK o PRK en uno de nuestros Centros de Visi\u00f3n LASIK, (7) la Oferta puede suspenderse en cualquier momento sin previo aviso, y (8) debido a la naturaleza confidencial de la informaci\u00f3n sanitaria, no tienes derecho a ninguna informaci\u00f3n sanitaria protegida de terceros. Las consultas pueden dirigirse a<em> sharethevision@lasik.com<\/em>.  <\/p>\n\n<p><\/p>\n","protected":false},"excerpt":{"rendered":"<p>El Instituto de la Visi\u00f3n LASIKPrograma de recompensas Compartir la visi\u00f3n \u00a1Este programa ofrece ahora la oportunidad de recibir hasta 200 $* por recomendaci\u00f3n! Por cada amigo o familiar que nos recomiende y que se someta a una correcci\u00f3n visual con l\u00e1ser, le enviaremos un cheque de agradecimiento: 50 $ por la primera recomendaci\u00f3n, 100 [&hellip;]<\/p>\n","protected":false},"author":33,"featured_media":0,"parent":0,"menu_order":4,"comment_status":"closed","ping_status":"closed","template":"","meta":{"_acf_changed":false,"footnotes":""},"class_list":["post-165874","page","type-page","status-publish"],"acf":[],"yoast_head":"<!-- This site is optimized with the Yoast SEO plugin v27.4 - https:\/\/yoast.com\/product\/yoast-seo-wordpress\/ -->\n<title>Instituto de la Visi\u00f3n LASIK: Programa de recompensas Share The Vision<\/title>\n<meta name=\"description\" content=\"Nuestro Programa de Recompensas ofrece una recompensa por hacer correr la voz sobre el Instituto de la Visi\u00f3n LASIK. \u00a1Presenta tu solicitud hoy mismo o llama al 866-580-5179 si tienes alguna pregunta!\" \/>\n<meta name=\"robots\" content=\"index, follow, max-snippet:-1, max-image-preview:large, max-video-preview:-1\" \/>\n<link rel=\"canonical\" href=\"https:\/\/www.lasikvisioninstitute.com\/es\/programa-de-recompensas-del-instituto-lasik-de-la-vision\/\" \/>\n<meta property=\"og:locale\" content=\"es_ES\" \/>\n<meta property=\"og:type\" content=\"article\" \/>\n<meta property=\"og:title\" content=\"Instituto de la Visi\u00f3n LASIK: Programa de recompensas Share The Vision\" \/>\n<meta property=\"og:description\" content=\"Nuestro Programa de Recompensas ofrece una recompensa por hacer correr la voz sobre el Instituto de la Visi\u00f3n LASIK. \u00a1Presenta tu solicitud hoy mismo o llama al 866-580-5179 si tienes alguna pregunta!\" \/>\n<meta property=\"og:url\" content=\"https:\/\/www.lasikvisioninstitute.com\/es\/programa-de-recompensas-del-instituto-lasik-de-la-vision\/\" \/>\n<meta property=\"og:site_name\" content=\"The LASIK Vision Institute\" \/>\n<meta property=\"article:modified_time\" content=\"2024-06-11T18:13:26+00:00\" \/>\n<meta property=\"og:image\" content=\"https:\/\/www.lasikvisioninstitute.com\/wp-content\/uploads\/2023\/06\/LVI_Referral-Banner_Cash-1400x350.jpg\" \/>\n<meta name=\"twitter:card\" content=\"summary_large_image\" \/>\n<script type=\"application\/ld+json\" class=\"yoast-schema-graph\">{\"@context\":\"https:\\\/\\\/schema.org\",\"@graph\":[{\"@type\":\"WebPage\",\"@id\":\"https:\\\/\\\/www.lasikvisioninstitute.com\\\/es\\\/programa-de-recompensas-del-instituto-lasik-de-la-vision\\\/\",\"url\":\"https:\\\/\\\/www.lasikvisioninstitute.com\\\/es\\\/programa-de-recompensas-del-instituto-lasik-de-la-vision\\\/\",\"name\":\"Instituto de la Visi\u00f3n LASIK: Programa de recompensas Share The Vision\",\"isPartOf\":{\"@id\":\"https:\\\/\\\/www.lasikvisioninstitute.com\\\/es\\\/#website\"},\"primaryImageOfPage\":{\"@id\":\"https:\\\/\\\/www.lasikvisioninstitute.com\\\/es\\\/programa-de-recompensas-del-instituto-lasik-de-la-vision\\\/#primaryimage\"},\"image\":{\"@id\":\"https:\\\/\\\/www.lasikvisioninstitute.com\\\/es\\\/programa-de-recompensas-del-instituto-lasik-de-la-vision\\\/#primaryimage\"},\"thumbnailUrl\":\"https:\\\/\\\/www.lasikvisioninstitute.com\\\/wp-content\\\/uploads\\\/2023\\\/06\\\/LVI_Referral-Banner_Cash-1400x350.jpg\",\"datePublished\":\"2013-02-02T05:56:12+00:00\",\"dateModified\":\"2024-06-11T18:13:26+00:00\",\"description\":\"Nuestro Programa de Recompensas ofrece una recompensa por hacer correr la voz sobre el Instituto de la Visi\u00f3n LASIK. \u00a1Presenta tu solicitud hoy mismo o llama al 866-580-5179 si tienes alguna pregunta!\",\"breadcrumb\":{\"@id\":\"https:\\\/\\\/www.lasikvisioninstitute.com\\\/es\\\/programa-de-recompensas-del-instituto-lasik-de-la-vision\\\/#breadcrumb\"},\"inLanguage\":\"es-ES\",\"potentialAction\":[{\"@type\":\"ReadAction\",\"target\":[\"https:\\\/\\\/www.lasikvisioninstitute.com\\\/es\\\/programa-de-recompensas-del-instituto-lasik-de-la-vision\\\/\"]}]},{\"@type\":\"ImageObject\",\"inLanguage\":\"es-ES\",\"@id\":\"https:\\\/\\\/www.lasikvisioninstitute.com\\\/es\\\/programa-de-recompensas-del-instituto-lasik-de-la-vision\\\/#primaryimage\",\"url\":\"https:\\\/\\\/www.lasikvisioninstitute.com\\\/wp-content\\\/uploads\\\/2023\\\/06\\\/LVI_Referral-Banner_Cash-1400x350.jpg\",\"contentUrl\":\"https:\\\/\\\/www.lasikvisioninstitute.com\\\/wp-content\\\/uploads\\\/2023\\\/06\\\/LVI_Referral-Banner_Cash-1400x350.jpg\"},{\"@type\":\"BreadcrumbList\",\"@id\":\"https:\\\/\\\/www.lasikvisioninstitute.com\\\/es\\\/programa-de-recompensas-del-instituto-lasik-de-la-vision\\\/#breadcrumb\",\"itemListElement\":[{\"@type\":\"ListItem\",\"position\":1,\"name\":\"Portada\",\"item\":\"https:\\\/\\\/www.lasikvisioninstitute.com\\\/es\\\/\"},{\"@type\":\"ListItem\",\"position\":2,\"name\":\"Programa de Recompensas del Instituto Lasik de la Visi\u00f3n\"}]},{\"@type\":\"WebSite\",\"@id\":\"https:\\\/\\\/www.lasikvisioninstitute.com\\\/es\\\/#website\",\"url\":\"https:\\\/\\\/www.lasikvisioninstitute.com\\\/es\\\/\",\"name\":\"The LASIK Vision Institute\",\"description\":\"1.4 Million LASIK Eye Surgeries and Counting\",\"publisher\":{\"@id\":\"https:\\\/\\\/www.lasikvisioninstitute.com\\\/es\\\/#organization\"},\"potentialAction\":[{\"@type\":\"SearchAction\",\"target\":{\"@type\":\"EntryPoint\",\"urlTemplate\":\"https:\\\/\\\/www.lasikvisioninstitute.com\\\/es\\\/?s={search_term_string}\"},\"query-input\":{\"@type\":\"PropertyValueSpecification\",\"valueRequired\":true,\"valueName\":\"search_term_string\"}}],\"inLanguage\":\"es-ES\"},{\"@type\":\"Organization\",\"@id\":\"https:\\\/\\\/www.lasikvisioninstitute.com\\\/es\\\/#organization\",\"name\":\"The LASIK Vision Institute\",\"url\":\"https:\\\/\\\/www.lasikvisioninstitute.com\\\/es\\\/\",\"logo\":{\"@type\":\"ImageObject\",\"inLanguage\":\"es-ES\",\"@id\":\"https:\\\/\\\/www.lasikvisioninstitute.com\\\/es\\\/#\\\/schema\\\/logo\\\/image\\\/\",\"url\":\"https:\\\/\\\/www.lasikvisioninstitute.com\\\/wp-content\\\/uploads\\\/2019\\\/10\\\/The-LASIK-Vision-Institute-Logo.png\",\"contentUrl\":\"https:\\\/\\\/www.lasikvisioninstitute.com\\\/wp-content\\\/uploads\\\/2019\\\/10\\\/The-LASIK-Vision-Institute-Logo.png\",\"width\":1000,\"height\":289,\"caption\":\"The LASIK Vision Institute\"},\"image\":{\"@id\":\"https:\\\/\\\/www.lasikvisioninstitute.com\\\/es\\\/#\\\/schema\\\/logo\\\/image\\\/\"}}]}<\/script>\n<!-- \/ Yoast SEO plugin. -->","yoast_head_json":{"title":"Instituto de la Visi\u00f3n LASIK: Programa de recompensas Share The Vision","description":"Nuestro Programa de Recompensas ofrece una recompensa por hacer correr la voz sobre el Instituto de la Visi\u00f3n LASIK. \u00a1Presenta tu solicitud hoy mismo o llama al 866-580-5179 si tienes alguna pregunta!","robots":{"index":"index","follow":"follow","max-snippet":"max-snippet:-1","max-image-preview":"max-image-preview:large","max-video-preview":"max-video-preview:-1"},"canonical":"https:\/\/www.lasikvisioninstitute.com\/es\/programa-de-recompensas-del-instituto-lasik-de-la-vision\/","og_locale":"es_ES","og_type":"article","og_title":"Instituto de la Visi\u00f3n LASIK: Programa de recompensas Share The Vision","og_description":"Nuestro Programa de Recompensas ofrece una recompensa por hacer correr la voz sobre el Instituto de la Visi\u00f3n LASIK. \u00a1Presenta tu solicitud hoy mismo o llama al 866-580-5179 si tienes alguna pregunta!","og_url":"https:\/\/www.lasikvisioninstitute.com\/es\/programa-de-recompensas-del-instituto-lasik-de-la-vision\/","og_site_name":"The LASIK Vision Institute","article_modified_time":"2024-06-11T18:13:26+00:00","og_image":[{"url":"https:\/\/www.lasikvisioninstitute.com\/wp-content\/uploads\/2023\/06\/LVI_Referral-Banner_Cash-1400x350.jpg","type":"","width":"","height":""}],"twitter_card":"summary_large_image","schema":{"@context":"https:\/\/schema.org","@graph":[{"@type":"WebPage","@id":"https:\/\/www.lasikvisioninstitute.com\/es\/programa-de-recompensas-del-instituto-lasik-de-la-vision\/","url":"https:\/\/www.lasikvisioninstitute.com\/es\/programa-de-recompensas-del-instituto-lasik-de-la-vision\/","name":"Instituto de la Visi\u00f3n LASIK: Programa de recompensas Share The Vision","isPartOf":{"@id":"https:\/\/www.lasikvisioninstitute.com\/es\/#website"},"primaryImageOfPage":{"@id":"https:\/\/www.lasikvisioninstitute.com\/es\/programa-de-recompensas-del-instituto-lasik-de-la-vision\/#primaryimage"},"image":{"@id":"https:\/\/www.lasikvisioninstitute.com\/es\/programa-de-recompensas-del-instituto-lasik-de-la-vision\/#primaryimage"},"thumbnailUrl":"https:\/\/www.lasikvisioninstitute.com\/wp-content\/uploads\/2023\/06\/LVI_Referral-Banner_Cash-1400x350.jpg","datePublished":"2013-02-02T05:56:12+00:00","dateModified":"2024-06-11T18:13:26+00:00","description":"Nuestro Programa de Recompensas ofrece una recompensa por hacer correr la voz sobre el Instituto de la Visi\u00f3n LASIK. \u00a1Presenta tu solicitud hoy mismo o llama al 866-580-5179 si tienes alguna pregunta!","breadcrumb":{"@id":"https:\/\/www.lasikvisioninstitute.com\/es\/programa-de-recompensas-del-instituto-lasik-de-la-vision\/#breadcrumb"},"inLanguage":"es-ES","potentialAction":[{"@type":"ReadAction","target":["https:\/\/www.lasikvisioninstitute.com\/es\/programa-de-recompensas-del-instituto-lasik-de-la-vision\/"]}]},{"@type":"ImageObject","inLanguage":"es-ES","@id":"https:\/\/www.lasikvisioninstitute.com\/es\/programa-de-recompensas-del-instituto-lasik-de-la-vision\/#primaryimage","url":"https:\/\/www.lasikvisioninstitute.com\/wp-content\/uploads\/2023\/06\/LVI_Referral-Banner_Cash-1400x350.jpg","contentUrl":"https:\/\/www.lasikvisioninstitute.com\/wp-content\/uploads\/2023\/06\/LVI_Referral-Banner_Cash-1400x350.jpg"},{"@type":"BreadcrumbList","@id":"https:\/\/www.lasikvisioninstitute.com\/es\/programa-de-recompensas-del-instituto-lasik-de-la-vision\/#breadcrumb","itemListElement":[{"@type":"ListItem","position":1,"name":"Portada","item":"https:\/\/www.lasikvisioninstitute.com\/es\/"},{"@type":"ListItem","position":2,"name":"Programa de Recompensas del Instituto Lasik de la Visi\u00f3n"}]},{"@type":"WebSite","@id":"https:\/\/www.lasikvisioninstitute.com\/es\/#website","url":"https:\/\/www.lasikvisioninstitute.com\/es\/","name":"The LASIK Vision Institute","description":"1.4 Million LASIK Eye Surgeries and Counting","publisher":{"@id":"https:\/\/www.lasikvisioninstitute.com\/es\/#organization"},"potentialAction":[{"@type":"SearchAction","target":{"@type":"EntryPoint","urlTemplate":"https:\/\/www.lasikvisioninstitute.com\/es\/?s={search_term_string}"},"query-input":{"@type":"PropertyValueSpecification","valueRequired":true,"valueName":"search_term_string"}}],"inLanguage":"es-ES"},{"@type":"Organization","@id":"https:\/\/www.lasikvisioninstitute.com\/es\/#organization","name":"The LASIK Vision Institute","url":"https:\/\/www.lasikvisioninstitute.com\/es\/","logo":{"@type":"ImageObject","inLanguage":"es-ES","@id":"https:\/\/www.lasikvisioninstitute.com\/es\/#\/schema\/logo\/image\/","url":"https:\/\/www.lasikvisioninstitute.com\/wp-content\/uploads\/2019\/10\/The-LASIK-Vision-Institute-Logo.png","contentUrl":"https:\/\/www.lasikvisioninstitute.com\/wp-content\/uploads\/2019\/10\/The-LASIK-Vision-Institute-Logo.png","width":1000,"height":289,"caption":"The LASIK Vision Institute"},"image":{"@id":"https:\/\/www.lasikvisioninstitute.com\/es\/#\/schema\/logo\/image\/"}}]}},"_links":{"self":[{"href":"https:\/\/www.lasikvisioninstitute.com\/es\/wp-json\/wp\/v2\/pages\/165874","targetHints":{"allow":["GET"]}}],"collection":[{"href":"https:\/\/www.lasikvisioninstitute.com\/es\/wp-json\/wp\/v2\/pages"}],"about":[{"href":"https:\/\/www.lasikvisioninstitute.com\/es\/wp-json\/wp\/v2\/types\/page"}],"author":[{"embeddable":true,"href":"https:\/\/www.lasikvisioninstitute.com\/es\/wp-json\/wp\/v2\/users\/33"}],"replies":[{"embeddable":true,"href":"https:\/\/www.lasikvisioninstitute.com\/es\/wp-json\/wp\/v2\/comments?post=165874"}],"version-history":[{"count":0,"href":"https:\/\/www.lasikvisioninstitute.com\/es\/wp-json\/wp\/v2\/pages\/165874\/revisions"}],"wp:attachment":[{"href":"https:\/\/www.lasikvisioninstitute.com\/es\/wp-json\/wp\/v2\/media?parent=165874"}],"curies":[{"name":"wp","href":"https:\/\/api.w.org\/{rel}","templated":true}]}}