{"id":165105,"date":"2023-04-23T13:45:00","date_gmt":"2023-04-23T18:45:00","guid":{"rendered":"https:\/\/dev.lasikvisioninstitute.com\/problemas-visuales-frecuentes\/lasik-para-pacientes-hipermetropes\/"},"modified":"2024-06-04T18:09:15","modified_gmt":"2024-06-04T23:09:15","slug":"lasik-para-pacientes-hipermetropes","status":"publish","type":"page","link":"https:\/\/www.lasikvisioninstitute.com\/es\/problemas-visuales-frecuentes\/lasik-para-pacientes-hipermetropes\/","title":{"rendered":"LASIK Para Pacientes Hiperm\u00e9tropes"},"content":{"rendered":"\n<div class=\"wp-block-cover alignfull\"><span aria-hidden=\"true\" class=\"wp-block-cover__background has-background-dim-30 has-background-dim\"><\/span><img decoding=\"async\" width=\"2560\" height=\"1707\" class=\"wp-block-cover__image-background wp-image-163832\" alt=\"\" src=\"https:\/\/www.lasikvisioninstitute.com\/wp-content\/uploads\/2024\/04\/Farsighted-lady.png\" style=\"object-position:55% 17%\" data-object-fit=\"cover\" data-object-position=\"55% 17%\" srcset=\"https:\/\/www.lasikvisioninstitute.com\/wp-content\/uploads\/2024\/04\/Farsighted-lady.png 2560w, https:\/\/www.lasikvisioninstitute.com\/wp-content\/uploads\/2024\/04\/Farsighted-lady-600x400.png 600w, https:\/\/www.lasikvisioninstitute.com\/wp-content\/uploads\/2024\/04\/Farsighted-lady-1400x933.png 1400w, https:\/\/www.lasikvisioninstitute.com\/wp-content\/uploads\/2024\/04\/Farsighted-lady-768x512.png 768w, https:\/\/www.lasikvisioninstitute.com\/wp-content\/uploads\/2024\/04\/Farsighted-lady-1536x1024.png 1536w, https:\/\/www.lasikvisioninstitute.com\/wp-content\/uploads\/2024\/04\/Farsighted-lady-2048x1365.png 2048w\" sizes=\"(max-width: 2560px) 100vw, 2560px\" \/><div class=\"wp-block-cover__inner-container is-layout-flow wp-block-cover-is-layout-flow\">\n<h1 class=\"wp-block-heading has-text-align-center has-white-color has-text-color\" id=\"custom-wavefront-optimized-lasik\">\u00bfQu\u00e9 es la hipermetrop\u00eda y c\u00f3mo se soluciona?<\/h1>\n<\/div><\/div>\n\n<div style=\"height:55px\" aria-hidden=\"true\" class=\"wp-block-spacer\"><\/div>\n\n<h2 class=\"wp-block-heading has-text-align-center\">  \u00a1La escandalosa verdad sobre el LASIK y la hipermetrop\u00eda!<\/h2>\n\n<p>\u00bfHarto de entrecerrar los ojos al mirar el tel\u00e9fono o cansado de que se te empa\u00f1en las gafas y se te resbalen por la nariz? Si la hipermetrop\u00eda te est\u00e1 nublando el mundo, la cirug\u00eda LASIK puede ser la soluci\u00f3n para mejorar tu visi\u00f3n, sin las molestias de las gafas o las lentillas. Imagina despertarte cada ma\u00f1ana y ver todos los detalles, cercanos y lejanos. Vamos a sumergirnos en la hipermetrop\u00eda, explorando c\u00f3mo funciona y lo que necesitas saber antes de iniciar tu viaje LASIK.<\/p>\n\n<h2 class=\"wp-block-heading\">\u00bfQu\u00e9 es la hipermetrop\u00eda?<\/h2>\n\n<center><iframe title=\"vimeo-player\" src=\"https:\/\/player.vimeo.com\/video\/900212996?h=2835305995&#038;title=0\" width=\"940\" height=\"560\" frameborder=\"0\" allowfullscreen=\"\"><\/iframe><\/center>\n\n<p>Hay dos partes del ojo que se encargan de enfocar: la <strong>c\u00f3rnea<\/strong> (la superficie transparente del ojo) y <strong>el cristalino<\/strong> (la parte transparente con forma de lenteja que se encuentra justo detr\u00e1s del iris), que cambia de forma a medida que el ojo enfoca un objeto. Tanto la c\u00f3rnea como el cristalino trabajan juntos para refractar (curvar) la luz que entra en el ojo. La retina, situada en la parte posterior del ojo, se encarga de recibir la informaci\u00f3n visual y enviarla al nervio \u00f3ptico, desde donde se transmite al cerebro.  <\/p>\n\n<p>Una lente\/c\u00f3rnea normal y curvada es lo que te permite ver las cosas de cerca y de lejos perfectamente. Sin embargo, si tu c\u00f3rnea tiene una forma ligeramente distinta, tu ojo no enfocar\u00e1 como deber\u00eda, provocando un <em>error refractivo<\/em>. Esto ocurre cuando tu c\u00f3rnea es demasiado plana o tu ojo es &#8220;demasiado corto&#8221;, lo que impide que la luz se enfoque en la retina.  <\/p>\n\n<figure class=\"wp-block-image aligncenter size-full is-resized\"><img decoding=\"async\" width=\"1920\" height=\"1080\" src=\"https:\/\/www.lasikvisioninstitute.com\/wp-content\/uploads\/2024\/04\/Farsighted-LVI.png\" alt=\"Hipermetrop&#xED;a\" class=\"wp-image-163830\" style=\"width:840px;height:559px\" srcset=\"https:\/\/www.lasikvisioninstitute.com\/wp-content\/uploads\/2024\/04\/Farsighted-LVI.png 1920w, https:\/\/www.lasikvisioninstitute.com\/wp-content\/uploads\/2024\/04\/Farsighted-LVI-600x338.png 600w, https:\/\/www.lasikvisioninstitute.com\/wp-content\/uploads\/2024\/04\/Farsighted-LVI-1400x788.png 1400w, https:\/\/www.lasikvisioninstitute.com\/wp-content\/uploads\/2024\/04\/Farsighted-LVI-768x432.png 768w, https:\/\/www.lasikvisioninstitute.com\/wp-content\/uploads\/2024\/04\/Farsighted-LVI-1536x864.png 1536w\" sizes=\"(max-width: 1920px) 100vw, 1920px\" \/><\/figure>\n\n<h3 class=\"wp-block-heading\">Existen dos tipos de hipermetrop\u00eda:  <\/h3>\n\n<p><strong>Hipermetrop\u00eda<\/strong>: el tipo de hipermetrop\u00eda con el que naces, en el que la c\u00f3rnea es demasiado plana o el globo ocular demasiado corto.<\/p>\n\n<p><strong>Presbicia<\/strong>: tipo de hipermetrop\u00eda que afecta a una persona a medida que envejece, tambi\u00e9n denominada &#8220;envejecimiento de los ojos&#8221;.  <\/p>\n\n<p>Se trata de un problema frecuente. De hecho, la hipermetrop\u00eda afecta a casi el 10% de los estadounidenses, y si tienes m\u00e1s de 65 a\u00f1os tienes un 50% de probabilidades de padecerla. Entonces, \u00bfqu\u00e9 hace que alguien experimente este error refractivo?  <\/p>\n\n<h2 class=\"wp-block-heading\">\u00bfQu\u00e9 causa la hipermetrop\u00eda?<\/h2>\n\n<p>Es dif\u00edcil saber exactamente qu\u00e9 causa la hipermetrop\u00eda, pero sabemos que es posible nacer con esta afecci\u00f3n y que no te afecte hasta que seas mayor. Los expertos tambi\u00e9n creen que la hipermetrop\u00eda puede ser hereditaria, por lo que puede transmitirse de padres a hijos. En casos raros, la hipermetrop\u00eda puede ser consecuencia de la <a href=\"https:\/\/www.lasikplus.com\/lasik-resources\/eye-care\/eye-complications-101-what-is-diabetic-retinopathy\/\" target=\"_blank\" rel=\"noreferrer noopener\">diabetes<\/a>, de un tumor o de una <a href=\"https:\/\/www.aaojournal.org\/article\/S0161-6420(22)00126-9\/fulltext\" target=\"_blank\" rel=\"noreferrer noopener\">hipoplasia de la f\u00f3vea (hipoplasia macular)<\/a>, que es un trastorno m\u00e9dico poco frecuente que tiene que ver con el subdesarrollo de la m\u00e1cula.  <\/p>\n\n<h2 class=\"wp-block-heading\">S\u00edntomas de la hipermetrop\u00eda<\/h2>\n\n<p>No todas las personas con hipermetrop\u00eda tienen problemas de visi\u00f3n. Sin embargo, si tus m\u00fasculos oculares se esfuerzan para compensar el error de enfoque, puedes tener s\u00edntomas como visi\u00f3n borrosa de cerca, dolores oculares, fatiga visual general, dolores de cabeza (sobre todo al leer) y entrecerrar los ojos involuntariamente para obtener mayor claridad. Presta atenci\u00f3n a estos signos, ya que un diagn\u00f3stico y tratamiento precoces pueden aliviar las molestias y optimizar tu potencial de visi\u00f3n.<\/p>\n\n<h2 class=\"wp-block-heading\">C\u00f3mo diagnosticar la hipermetrop\u00eda<\/h2>\n\n<p>Una vez que te das cuenta de que puedes ser hiperm\u00e9trope, es hora de consultar a un oftalm\u00f3logo que pueda determinar el grado de hipermetrop\u00eda y cu\u00e1les son las mejores opciones de tratamiento. La hipermetrop\u00eda puede diagnosticarse f\u00e1cilmente con unas cuantas pruebas sencillas y sin dolor, que incluyen una evaluaci\u00f3n de la refracci\u00f3n y un examen de salud ocular.  <\/p>\n\n<p>Para el examen ocular, te dilatar\u00e1n los ojos, lo que permitir\u00e1 al m\u00e9dico ver mejor (m\u00e1s ampliamente) tus pupilas. Esto puede hacer que tus ojos est\u00e9n ligeramente sensibles a la luz, pero volver\u00e1n a la normalidad unas horas despu\u00e9s de la visita. Tu oftalm\u00f3logo tambi\u00e9n te har\u00e1 leer una tabla desde el otro lado de la habitaci\u00f3n, y puede que tambi\u00e9n eval\u00fae tu visi\u00f3n de cerca. Si estas pruebas muestran hipermetrop\u00eda, utilizar\u00e1n un aparato llamado retinoscopio para comprobar c\u00f3mo se refleja la luz en tu retina.  <\/p>\n\n<p>Si los resultados muestran que eres hiperm\u00e9trope, tu m\u00e9dico te har\u00e1 una recomendaci\u00f3n para tratar el defecto refractivo y te ayudar\u00e1 a determinar qu\u00e9 opci\u00f3n es la mejor para tus necesidades espec\u00edficas y tu estilo de vida.<\/p>\n\n<h2 class=\"wp-block-heading\" id=\"how-does-custom-wavefront-optimized-lasik-work\">\u00bfTienes curiosidad por saber si puedes optar al LASIK?  <\/h2>\n\n<div class=\"wp-block-columns is-layout-flex wp-container-core-columns-is-layout-28f84493 wp-block-columns-is-layout-flex\">\n<div class=\"wp-block-column is-layout-flow wp-block-column-is-layout-flow\" style=\"flex-basis:33.33%\">\n<figure class=\"wp-block-image size-large\"><img decoding=\"async\" width=\"1036\" height=\"1400\" src=\"https:\/\/www.lasikvisioninstitute.com\/wp-content\/uploads\/2024\/02\/pexels-yuliya-shabliy-388517-e1707772660525-1036x1400.jpg\" alt=\"\" class=\"wp-image-161937\"\/><\/figure>\n<\/div>\n\n\n\n<div class=\"wp-block-column is-layout-flow wp-block-column-is-layout-flow\" style=\"flex-basis:66.66%\">\n<h3 class=\"wp-block-heading\">Averigua si eres el candidato adecuado para LASIK<\/h3>\n\n\n\n<p>No dejes que la visi\u00f3n borrosa te frene por m\u00e1s tiempo.  <span style=\"font-size: revert; background-color: var(--wp--custom--color--background); font-family: var(--wp--preset--font-family--primary);\">Aunque la mayor\u00eda de los estadounidenses son candidatos seguros para la cirug\u00eda ocular LASIK y millones de personas disfrutan del milagro que supone este procedimiento, que llevamos d\u00e9cadas realizando desde que la FDA lo aprob\u00f3 por primera vez, tu seguridad es la prioridad n\u00famero 1 de nuestro equipo de m\u00e9dicos especialistas en LASIK y profesionales de la visi\u00f3n.<\/span><\/p>\n\n\n\n<p>Tu visi\u00f3n es muy importante para nosotros y queremos asegurarnos de que tienes la informaci\u00f3n que necesitas. Comienza tu viaje hacia una visi\u00f3n mejor <a href=\"https:\/\/www.lasikvisioninstitute.com\/es\/ischedule-es\/\" target=\"_blank\" rel=\"noreferrer noopener\">programando<\/a> hoy mismo <a href=\"https:\/\/www.lasikvisioninstitute.com\/es\/ischedule-es\/\" target=\"_blank\" rel=\"noreferrer noopener\">una consulta gratuita sobre LASIK<\/a>. Encuentra tu centro Lasik Vision Institute m\u00e1s cercano.<\/p>\n<\/div>\n<\/div>\n\n<div style=\"height:100px\" aria-hidden=\"true\" class=\"wp-block-spacer\"><\/div>\n","protected":false},"excerpt":{"rendered":"<p>\u00a1La escandalosa verdad sobre el LASIK y la hipermetrop\u00eda! \u00bfHarto de entrecerrar los ojos al mirar el tel\u00e9fono o cansado de que se te empa\u00f1en las gafas y se te resbalen por la nariz? Si la hipermetrop\u00eda te est\u00e1 nublando el mundo, la cirug\u00eda LASIK puede ser la soluci\u00f3n para mejorar tu visi\u00f3n, sin las [&hellip;]<\/p>\n","protected":false},"author":33,"featured_media":0,"parent":165087,"menu_order":0,"comment_status":"closed","ping_status":"closed","template":"","meta":{"_acf_changed":false,"footnotes":""},"class_list":["post-165105","page","type-page","status-publish"],"acf":[],"yoast_head":"<!-- This site is optimized with the Yoast SEO plugin v27.5 - https:\/\/yoast.com\/product\/yoast-seo-wordpress\/ -->\n<title>LASIK para la hipermetrop\u00eda (hiperop\u00eda)<\/title>\n<meta name=\"description\" content=\"\u00bfEres hiperm\u00e9trope? Descubre la causa y encuentra opciones de tratamiento para la hipermetrop\u00eda o Hipermetrop\u00eda. Haz nuestro cuestionario de candidatura a las tasas.\" \/>\n<meta name=\"robots\" content=\"index, follow, max-snippet:-1, max-image-preview:large, max-video-preview:-1\" \/>\n<link rel=\"canonical\" href=\"https:\/\/www.lasikvisioninstitute.com\/es\/problemas-visuales-frecuentes\/lasik-para-pacientes-hipermetropes\/\" \/>\n<meta property=\"og:locale\" content=\"es_ES\" \/>\n<meta property=\"og:type\" content=\"article\" \/>\n<meta property=\"og:title\" content=\"LASIK para la hipermetrop\u00eda (hiperop\u00eda)\" \/>\n<meta property=\"og:description\" content=\"\u00bfEres hiperm\u00e9trope? Descubre la causa y encuentra opciones de tratamiento para la hipermetrop\u00eda o Hipermetrop\u00eda. Haz nuestro cuestionario de candidatura a las tasas.\" \/>\n<meta property=\"og:url\" content=\"https:\/\/www.lasikvisioninstitute.com\/es\/problemas-visuales-frecuentes\/lasik-para-pacientes-hipermetropes\/\" \/>\n<meta property=\"og:site_name\" content=\"The LASIK Vision Institute\" \/>\n<meta property=\"article:modified_time\" content=\"2024-06-04T23:09:15+00:00\" \/>\n<meta property=\"og:image\" content=\"https:\/\/www.lasikvisioninstitute.com\/wp-content\/uploads\/2024\/04\/Farsighted-lady.png\" \/>\n<meta name=\"twitter:card\" content=\"summary_large_image\" \/>\n<script type=\"application\/ld+json\" class=\"yoast-schema-graph\">{\"@context\":\"https:\\\/\\\/schema.org\",\"@graph\":[{\"@type\":\"WebPage\",\"@id\":\"https:\\\/\\\/www.lasikvisioninstitute.com\\\/es\\\/problemas-visuales-frecuentes\\\/lasik-para-pacientes-hipermetropes\\\/\",\"url\":\"https:\\\/\\\/www.lasikvisioninstitute.com\\\/es\\\/problemas-visuales-frecuentes\\\/lasik-para-pacientes-hipermetropes\\\/\",\"name\":\"LASIK para la hipermetrop\u00eda (hiperop\u00eda)\",\"isPartOf\":{\"@id\":\"https:\\\/\\\/www.lasikvisioninstitute.com\\\/es\\\/#website\"},\"primaryImageOfPage\":{\"@id\":\"https:\\\/\\\/www.lasikvisioninstitute.com\\\/es\\\/problemas-visuales-frecuentes\\\/lasik-para-pacientes-hipermetropes\\\/#primaryimage\"},\"image\":{\"@id\":\"https:\\\/\\\/www.lasikvisioninstitute.com\\\/es\\\/problemas-visuales-frecuentes\\\/lasik-para-pacientes-hipermetropes\\\/#primaryimage\"},\"thumbnailUrl\":\"https:\\\/\\\/www.lasikvisioninstitute.com\\\/wp-content\\\/uploads\\\/2024\\\/04\\\/Farsighted-lady.png\",\"datePublished\":\"2023-04-23T18:45:00+00:00\",\"dateModified\":\"2024-06-04T23:09:15+00:00\",\"description\":\"\u00bfEres hiperm\u00e9trope? Descubre la causa y encuentra opciones de tratamiento para la hipermetrop\u00eda o Hipermetrop\u00eda. Haz nuestro cuestionario de candidatura a las tasas.\",\"breadcrumb\":{\"@id\":\"https:\\\/\\\/www.lasikvisioninstitute.com\\\/es\\\/problemas-visuales-frecuentes\\\/lasik-para-pacientes-hipermetropes\\\/#breadcrumb\"},\"inLanguage\":\"es-ES\",\"potentialAction\":[{\"@type\":\"ReadAction\",\"target\":[\"https:\\\/\\\/www.lasikvisioninstitute.com\\\/es\\\/problemas-visuales-frecuentes\\\/lasik-para-pacientes-hipermetropes\\\/\"]}]},{\"@type\":\"ImageObject\",\"inLanguage\":\"es-ES\",\"@id\":\"https:\\\/\\\/www.lasikvisioninstitute.com\\\/es\\\/problemas-visuales-frecuentes\\\/lasik-para-pacientes-hipermetropes\\\/#primaryimage\",\"url\":\"https:\\\/\\\/www.lasikvisioninstitute.com\\\/wp-content\\\/uploads\\\/2024\\\/04\\\/Farsighted-lady.png\",\"contentUrl\":\"https:\\\/\\\/www.lasikvisioninstitute.com\\\/wp-content\\\/uploads\\\/2024\\\/04\\\/Farsighted-lady.png\"},{\"@type\":\"BreadcrumbList\",\"@id\":\"https:\\\/\\\/www.lasikvisioninstitute.com\\\/es\\\/problemas-visuales-frecuentes\\\/lasik-para-pacientes-hipermetropes\\\/#breadcrumb\",\"itemListElement\":[{\"@type\":\"ListItem\",\"position\":1,\"name\":\"Portada\",\"item\":\"https:\\\/\\\/www.lasikvisioninstitute.com\\\/es\\\/\"},{\"@type\":\"ListItem\",\"position\":2,\"name\":\"Problemas visuales frecuentes\",\"item\":\"https:\\\/\\\/www.lasikvisioninstitute.com\\\/es\\\/problemas-visuales-frecuentes\\\/\"},{\"@type\":\"ListItem\",\"position\":3,\"name\":\"LASIK Para Pacientes Hiperm\u00e9tropes\"}]},{\"@type\":\"WebSite\",\"@id\":\"https:\\\/\\\/www.lasikvisioninstitute.com\\\/es\\\/#website\",\"url\":\"https:\\\/\\\/www.lasikvisioninstitute.com\\\/es\\\/\",\"name\":\"The LASIK Vision Institute\",\"description\":\"1.4 Million LASIK Eye Surgeries and Counting\",\"publisher\":{\"@id\":\"https:\\\/\\\/www.lasikvisioninstitute.com\\\/es\\\/#organization\"},\"potentialAction\":[{\"@type\":\"SearchAction\",\"target\":{\"@type\":\"EntryPoint\",\"urlTemplate\":\"https:\\\/\\\/www.lasikvisioninstitute.com\\\/es\\\/?s={search_term_string}\"},\"query-input\":{\"@type\":\"PropertyValueSpecification\",\"valueRequired\":true,\"valueName\":\"search_term_string\"}}],\"inLanguage\":\"es-ES\"},{\"@type\":\"Organization\",\"@id\":\"https:\\\/\\\/www.lasikvisioninstitute.com\\\/es\\\/#organization\",\"name\":\"The LASIK Vision Institute\",\"url\":\"https:\\\/\\\/www.lasikvisioninstitute.com\\\/es\\\/\",\"logo\":{\"@type\":\"ImageObject\",\"inLanguage\":\"es-ES\",\"@id\":\"https:\\\/\\\/www.lasikvisioninstitute.com\\\/es\\\/#\\\/schema\\\/logo\\\/image\\\/\",\"url\":\"https:\\\/\\\/www.lasikvisioninstitute.com\\\/wp-content\\\/uploads\\\/2019\\\/10\\\/The-LASIK-Vision-Institute-Logo.png\",\"contentUrl\":\"https:\\\/\\\/www.lasikvisioninstitute.com\\\/wp-content\\\/uploads\\\/2019\\\/10\\\/The-LASIK-Vision-Institute-Logo.png\",\"width\":1000,\"height\":289,\"caption\":\"The LASIK Vision Institute\"},\"image\":{\"@id\":\"https:\\\/\\\/www.lasikvisioninstitute.com\\\/es\\\/#\\\/schema\\\/logo\\\/image\\\/\"}}]}<\/script>\n<!-- \/ Yoast SEO plugin. -->","yoast_head_json":{"title":"LASIK para la hipermetrop\u00eda (hiperop\u00eda)","description":"\u00bfEres hiperm\u00e9trope? Descubre la causa y encuentra opciones de tratamiento para la hipermetrop\u00eda o Hipermetrop\u00eda. Haz nuestro cuestionario de candidatura a las tasas.","robots":{"index":"index","follow":"follow","max-snippet":"max-snippet:-1","max-image-preview":"max-image-preview:large","max-video-preview":"max-video-preview:-1"},"canonical":"https:\/\/www.lasikvisioninstitute.com\/es\/problemas-visuales-frecuentes\/lasik-para-pacientes-hipermetropes\/","og_locale":"es_ES","og_type":"article","og_title":"LASIK para la hipermetrop\u00eda (hiperop\u00eda)","og_description":"\u00bfEres hiperm\u00e9trope? Descubre la causa y encuentra opciones de tratamiento para la hipermetrop\u00eda o Hipermetrop\u00eda. Haz nuestro cuestionario de candidatura a las tasas.","og_url":"https:\/\/www.lasikvisioninstitute.com\/es\/problemas-visuales-frecuentes\/lasik-para-pacientes-hipermetropes\/","og_site_name":"The LASIK Vision Institute","article_modified_time":"2024-06-04T23:09:15+00:00","og_image":[{"url":"https:\/\/www.lasikvisioninstitute.com\/wp-content\/uploads\/2024\/04\/Farsighted-lady.png","type":"","width":"","height":""}],"twitter_card":"summary_large_image","schema":{"@context":"https:\/\/schema.org","@graph":[{"@type":"WebPage","@id":"https:\/\/www.lasikvisioninstitute.com\/es\/problemas-visuales-frecuentes\/lasik-para-pacientes-hipermetropes\/","url":"https:\/\/www.lasikvisioninstitute.com\/es\/problemas-visuales-frecuentes\/lasik-para-pacientes-hipermetropes\/","name":"LASIK para la hipermetrop\u00eda (hiperop\u00eda)","isPartOf":{"@id":"https:\/\/www.lasikvisioninstitute.com\/es\/#website"},"primaryImageOfPage":{"@id":"https:\/\/www.lasikvisioninstitute.com\/es\/problemas-visuales-frecuentes\/lasik-para-pacientes-hipermetropes\/#primaryimage"},"image":{"@id":"https:\/\/www.lasikvisioninstitute.com\/es\/problemas-visuales-frecuentes\/lasik-para-pacientes-hipermetropes\/#primaryimage"},"thumbnailUrl":"https:\/\/www.lasikvisioninstitute.com\/wp-content\/uploads\/2024\/04\/Farsighted-lady.png","datePublished":"2023-04-23T18:45:00+00:00","dateModified":"2024-06-04T23:09:15+00:00","description":"\u00bfEres hiperm\u00e9trope? Descubre la causa y encuentra opciones de tratamiento para la hipermetrop\u00eda o Hipermetrop\u00eda. Haz nuestro cuestionario de candidatura a las tasas.","breadcrumb":{"@id":"https:\/\/www.lasikvisioninstitute.com\/es\/problemas-visuales-frecuentes\/lasik-para-pacientes-hipermetropes\/#breadcrumb"},"inLanguage":"es-ES","potentialAction":[{"@type":"ReadAction","target":["https:\/\/www.lasikvisioninstitute.com\/es\/problemas-visuales-frecuentes\/lasik-para-pacientes-hipermetropes\/"]}]},{"@type":"ImageObject","inLanguage":"es-ES","@id":"https:\/\/www.lasikvisioninstitute.com\/es\/problemas-visuales-frecuentes\/lasik-para-pacientes-hipermetropes\/#primaryimage","url":"https:\/\/www.lasikvisioninstitute.com\/wp-content\/uploads\/2024\/04\/Farsighted-lady.png","contentUrl":"https:\/\/www.lasikvisioninstitute.com\/wp-content\/uploads\/2024\/04\/Farsighted-lady.png"},{"@type":"BreadcrumbList","@id":"https:\/\/www.lasikvisioninstitute.com\/es\/problemas-visuales-frecuentes\/lasik-para-pacientes-hipermetropes\/#breadcrumb","itemListElement":[{"@type":"ListItem","position":1,"name":"Portada","item":"https:\/\/www.lasikvisioninstitute.com\/es\/"},{"@type":"ListItem","position":2,"name":"Problemas visuales frecuentes","item":"https:\/\/www.lasikvisioninstitute.com\/es\/problemas-visuales-frecuentes\/"},{"@type":"ListItem","position":3,"name":"LASIK Para Pacientes Hiperm\u00e9tropes"}]},{"@type":"WebSite","@id":"https:\/\/www.lasikvisioninstitute.com\/es\/#website","url":"https:\/\/www.lasikvisioninstitute.com\/es\/","name":"The LASIK Vision Institute","description":"1.4 Million LASIK Eye Surgeries and Counting","publisher":{"@id":"https:\/\/www.lasikvisioninstitute.com\/es\/#organization"},"potentialAction":[{"@type":"SearchAction","target":{"@type":"EntryPoint","urlTemplate":"https:\/\/www.lasikvisioninstitute.com\/es\/?s={search_term_string}"},"query-input":{"@type":"PropertyValueSpecification","valueRequired":true,"valueName":"search_term_string"}}],"inLanguage":"es-ES"},{"@type":"Organization","@id":"https:\/\/www.lasikvisioninstitute.com\/es\/#organization","name":"The LASIK Vision Institute","url":"https:\/\/www.lasikvisioninstitute.com\/es\/","logo":{"@type":"ImageObject","inLanguage":"es-ES","@id":"https:\/\/www.lasikvisioninstitute.com\/es\/#\/schema\/logo\/image\/","url":"https:\/\/www.lasikvisioninstitute.com\/wp-content\/uploads\/2019\/10\/The-LASIK-Vision-Institute-Logo.png","contentUrl":"https:\/\/www.lasikvisioninstitute.com\/wp-content\/uploads\/2019\/10\/The-LASIK-Vision-Institute-Logo.png","width":1000,"height":289,"caption":"The LASIK Vision Institute"},"image":{"@id":"https:\/\/www.lasikvisioninstitute.com\/es\/#\/schema\/logo\/image\/"}}]}},"_links":{"self":[{"href":"https:\/\/www.lasikvisioninstitute.com\/es\/wp-json\/wp\/v2\/pages\/165105","targetHints":{"allow":["GET"]}}],"collection":[{"href":"https:\/\/www.lasikvisioninstitute.com\/es\/wp-json\/wp\/v2\/pages"}],"about":[{"href":"https:\/\/www.lasikvisioninstitute.com\/es\/wp-json\/wp\/v2\/types\/page"}],"author":[{"embeddable":true,"href":"https:\/\/www.lasikvisioninstitute.com\/es\/wp-json\/wp\/v2\/users\/33"}],"replies":[{"embeddable":true,"href":"https:\/\/www.lasikvisioninstitute.com\/es\/wp-json\/wp\/v2\/comments?post=165105"}],"version-history":[{"count":0,"href":"https:\/\/www.lasikvisioninstitute.com\/es\/wp-json\/wp\/v2\/pages\/165105\/revisions"}],"up":[{"embeddable":true,"href":"https:\/\/www.lasikvisioninstitute.com\/es\/wp-json\/wp\/v2\/pages\/165087"}],"wp:attachment":[{"href":"https:\/\/www.lasikvisioninstitute.com\/es\/wp-json\/wp\/v2\/media?parent=165105"}],"curies":[{"name":"wp","href":"https:\/\/api.w.org\/{rel}","templated":true}]}}