{"id":165097,"date":"2013-02-01T21:23:35","date_gmt":"2013-02-02T02:23:35","guid":{"rendered":"https:\/\/dev.lasikvisioninstitute.com\/tus-3-pasos-hacia-un-nuevo-tu-y-una-mejor-vision\/"},"modified":"2026-01-27T15:14:17","modified_gmt":"2026-01-27T20:14:17","slug":"tus-3-pasos-hacia-un-nuevo-tu-y-una-mejor-vision","status":"publish","type":"page","link":"https:\/\/www.lasikvisioninstitute.com\/es\/tus-3-pasos-hacia-un-nuevo-tu-y-una-mejor-vision\/","title":{"rendered":"Tus 3 pasos hacia un nuevo t\u00fa y una mejor visi\u00f3n"},"content":{"rendered":"\n<div class=\"wp-block-cover alignfull is-light\"><img decoding=\"async\" width=\"1000\" height=\"666\" class=\"wp-block-cover__image-background wp-image-132942\" alt=\"\" src=\"https:\/\/www.lasikvisioninstitute.com\/wp-content\/uploads\/2020\/01\/Is-LASIK-Right-for-Me.jpg\" style=\"object-position:46% 32%\" data-object-fit=\"cover\" data-object-position=\"46% 32%\" srcset=\"https:\/\/www.lasikvisioninstitute.com\/wp-content\/uploads\/2020\/01\/Is-LASIK-Right-for-Me.jpg 1000w, https:\/\/www.lasikvisioninstitute.com\/wp-content\/uploads\/2020\/01\/Is-LASIK-Right-for-Me-600x400.jpg 600w, https:\/\/www.lasikvisioninstitute.com\/wp-content\/uploads\/2020\/01\/Is-LASIK-Right-for-Me-768x511.jpg 768w\" sizes=\"(max-width: 1000px) 100vw, 1000px\" \/><span aria-hidden=\"true\" class=\"wp-block-cover__background has-background-dim-40 has-background-dim\"><\/span><div class=\"wp-block-cover__inner-container is-layout-flow wp-block-cover-is-layout-flow\">\n<h1 class=\"wp-block-heading has-text-align-center has-white-color has-text-color\" id=\"the-lasik-vision-institute-s-3-step-process\">El PROCESO EN 3 PASOS del Instituto de la Visi\u00f3n LASIK<\/h1>\n<\/div><\/div>\n\n<div style=\"height:100px\" aria-hidden=\"true\" class=\"wp-block-spacer\"><\/div>\n\n<div class=\"wp-block-media-text alignwide is-stacked-on-mobile is-image-fill-element\"><figure class=\"wp-block-media-text__media\"><img decoding=\"async\" width=\"1000\" height=\"667\" src=\"https:\/\/www.lasikvisioninstitute.com\/wp-content\/uploads\/2020\/01\/how-long-does-lasik-last.jpg\" alt=\"Examen ocular LASIK\" class=\"wp-image-132960 size-full\" style=\"object-position:50% 50%\" srcset=\"https:\/\/www.lasikvisioninstitute.com\/wp-content\/uploads\/2020\/01\/how-long-does-lasik-last.jpg 1000w, https:\/\/www.lasikvisioninstitute.com\/wp-content\/uploads\/2020\/01\/how-long-does-lasik-last-600x400.jpg 600w, https:\/\/www.lasikvisioninstitute.com\/wp-content\/uploads\/2020\/01\/how-long-does-lasik-last-768x512.jpg 768w\" sizes=\"(max-width: 1000px) 100vw, 1000px\" \/><\/figure><div class=\"wp-block-media-text__content\">\n<h2 class=\"wp-block-heading\" id=\"1-lasik-consultation\">1. Consulta LASIK<\/h2>\n\n\n\n<p>Cuando te planteas una intervenci\u00f3n LASIK, es normal que te sientas abrumado por toda la informaci\u00f3n disponible, sobre todo en Internet. Por eso <a href=\"https:\/\/www.lasikvisioninstitute.com\/es\/por-que-elegirnos\/\" target=\"_blank\" rel=\"noreferrer noopener\">el LASIK Vision Institute\u00ae<\/a>ofrece una consulta GRATUITA, para que puedas obtener datos y consejos sobre la cirug\u00eda ocular LASIK.<\/p>\n\n\n\n<p>\u00bfTienes poco tiempo? Ofrecemos <a href=\"https:\/\/www.lasikvisioninstitute.com\/es\/programa-una-consulta-virtual-de-10-15-minutos\/\" target=\"_blank\" rel=\"noreferrer noopener\">consultas virtuales<\/a> que duran unos 10-15 minutos y nos permiten conocer tus necesidades de correcci\u00f3n visual y responder a tus preguntas.<\/p>\n\n\n\n<div class=\"wp-block-buttons is-layout-flex wp-block-buttons-is-layout-flex\">\n<div class=\"wp-block-button is-style-fill\"><a class=\"wp-block-button__link wp-element-button\" href=\"https:\/\/www.lasikvisioninstitute.com\/es\/ischedule-es\/\">Programar una consulta GRATUITA<\/a><\/div>\n<\/div>\n<\/div><\/div>\n\n<div style=\"height:100px\" aria-hidden=\"true\" class=\"wp-block-spacer\"><\/div>\n\n<div class=\"wp-block-media-text alignwide has-media-on-the-right is-stacked-on-mobile is-image-fill-element\"><div class=\"wp-block-media-text__content\">\n<h2 class=\"wp-block-heading\" id=\"2-pre-operative-eye-exam\">2. Procedimiento de correcci\u00f3n de la visi\u00f3n con l\u00e1ser<\/h2>\n\n\n\n<p>En funci\u00f3n de tu consulta y examen ocular, programaremos el procedimiento de correcci\u00f3n visual LASIK que tenga m\u00e1s sentido para conseguir una visi\u00f3n \u00f3ptima. Existen distintos tipos de procedimientos LASIK, entre los que se incluyen:<\/p>\n\n\n\n<ul class=\"wp-block-list\">\n<li><a href=\"\/es\/?page_id=170095\">Cirug\u00eda LASIK moderna<\/a><\/li>\n\n\n\n<li><a href=\"https:\/\/www.lasikvisioninstitute.com\/es\/procedimientos-de-cirugia-lasik\/cirugia-ocular-prk\/\">Cirug\u00eda ocular con l\u00e1ser PRK<\/a><\/li>\n\n\n\n<li><a href=\"https:\/\/www.lasikvisioninstitute.com\/es\/procedimientos-de-cirugia-lasik\/lasik-personalizado-con-frente-de-onda-optimizado\/\" target=\"_blank\" rel=\"noreferrer noopener\">Cirug\u00eda LASIK personalizada con frente de onda optimizado<\/a><\/li>\n\n\n\n<li><a href=\"https:\/\/www.lasikvisioninstitute.com\/es\/procedimientos-de-cirugia-lasik\/lasik-guiado-por-topografia\/\">LASIK guiado por topograf\u00eda<\/a><\/li>\n<\/ul>\n\n\n\n<div style=\"height:71px\" aria-hidden=\"true\" class=\"wp-block-spacer\"><\/div>\n<\/div><figure class=\"wp-block-media-text__media\"><img decoding=\"async\" width=\"800\" height=\"515\" src=\"https:\/\/www.lasikvisioninstitute.com\/wp-content\/uploads\/2012\/05\/Experience_and_Expertise.jpg\" alt=\"cirujano ocular\" class=\"wp-image-118907 size-full\" style=\"object-position:50% 50%\" srcset=\"https:\/\/www.lasikvisioninstitute.com\/wp-content\/uploads\/2012\/05\/Experience_and_Expertise.jpg 800w, https:\/\/www.lasikvisioninstitute.com\/wp-content\/uploads\/2012\/05\/Experience_and_Expertise-600x386.jpg 600w, https:\/\/www.lasikvisioninstitute.com\/wp-content\/uploads\/2012\/05\/Experience_and_Expertise-768x494.jpg 768w\" sizes=\"(max-width: 800px) 100vw, 800px\" \/><\/figure><\/div>\n\n<div style=\"height:100px\" aria-hidden=\"true\" class=\"wp-block-spacer\"><\/div>\n\n<div class=\"wp-block-media-text alignwide is-stacked-on-mobile is-image-fill-element\"><figure class=\"wp-block-media-text__media\"><img decoding=\"async\" width=\"1400\" height=\"785\" src=\"https:\/\/www.lasikvisioninstitute.com\/wp-content\/uploads\/2024\/06\/2151186660-1-1400x785.jpg\" alt=\"Cita postoperatoria tras LASIK\" class=\"wp-image-168486 size-full\" style=\"object-position:50% 50%\" srcset=\"https:\/\/www.lasikvisioninstitute.com\/wp-content\/uploads\/2024\/06\/2151186660-1-1400x785.jpg 1400w, https:\/\/www.lasikvisioninstitute.com\/wp-content\/uploads\/2024\/06\/2151186660-1-600x336.jpg 600w, https:\/\/www.lasikvisioninstitute.com\/wp-content\/uploads\/2024\/06\/2151186660-1-768x431.jpg 768w, https:\/\/www.lasikvisioninstitute.com\/wp-content\/uploads\/2024\/06\/2151186660-1.jpg 1500w\" sizes=\"(max-width: 1400px) 100vw, 1400px\" \/><\/figure><div class=\"wp-block-media-text__content\">\n<h2 class=\"wp-block-heading\" id=\"3-laser-vision-correction-procedures\">3. Cita postoperatoria  <\/h2>\n\n\n\n<p>Tu visi\u00f3n y tu comodidad son nuestra prioridad en el Instituto de la Visi\u00f3n LASIK. Tu primera cita postoperatoria despu\u00e9s de la intervenci\u00f3n nos permite comprobar el progreso de tu curaci\u00f3n y responder a tus preguntas.  <\/p>\n\n\n\n<p>Ve con claridad, si\u00e9ntete seguro. Sigue las instrucciones post-LASIK de tu m\u00e9dico y prep\u00e1rate para experimentar el mundo de una forma totalmente nueva.<\/p>\n\n\n\n<div class=\"wp-block-buttons is-content-justification-left is-layout-flex wp-container-core-buttons-is-layout-fc4fd283 wp-block-buttons-is-layout-flex\">\n<div class=\"wp-block-button\"><a class=\"wp-block-button__link wp-element-button\" href=\"https:\/\/www.lasikvisioninstitute.com\/es\/ischedule-es\/\">Programar una consulta GRATUITA<\/a><\/div>\n<\/div>\n\n\n\n<div style=\"height:35px\" aria-hidden=\"true\" class=\"wp-block-spacer\"><\/div>\n<\/div><\/div>\n\n<div style=\"height:100px\" aria-hidden=\"true\" class=\"wp-block-spacer\"><\/div>\n\n<p class=\"has-text-align-center\" style=\"font-size:clamp(14px, 0.875rem + ((1vw - 3.2px) * 0.625), 20px);\">Para empezar, programa una consulta gratuita en un <a title=\"Centros de cirug&#xED;a ocular con l&#xE1;ser LASIK\" href=\"https:\/\/www.lasikvisioninstitute.com\/es\/localizaciones\/\">centro LASIK Vision Institute\u00ae cercano<\/a>.<\/p>\n\n<div style=\"height:100px\" aria-hidden=\"true\" class=\"wp-block-spacer\"><\/div>\n\n<section class=\"blocks block-offer-cta alignfull \" id=\"block_cec6e7faae6785bbbb0e23fd9af15f03\">\n    <div class=\"container\">\n        <div class=\"content\">\n            \n                            <h2 class=\"h1\"><span class=\"offer_line1\"><\/span> <span class=\"offer_line2\"><\/span> <span class=\"offer_line3\"><\/span>!<\/h2>\n                <p>\u00a1Programe una Consulta GRATUITA Hoy!<\/p>\n                        \n            <div class=\"button-holder\">\n                <a class=\"button button--neon-green\" href=\"\/ischedule\/\">Empieza Ahora<i class=\"fa-sharp fa-solid fa-arrow-right\"><\/i><\/a>\n                <a class=\"button button--outline button--outline--white\" href=\"\/quiz\/\">\u00bfSoy un Candidato?<\/a>\n            <\/div>\n            \n            <div class=\"offer_footer_cta_disclaimer\"><\/div>\n        <\/div>\n    <\/div>\n<\/section>\n","protected":false},"excerpt":{"rendered":"<p>Para empezar, programa una consulta gratuita en un centro LASIK Vision Institute\u00ae cercano.<\/p>\n","protected":false},"author":19,"featured_media":0,"parent":0,"menu_order":5,"comment_status":"closed","ping_status":"closed","template":"","meta":{"_acf_changed":false,"footnotes":""},"class_list":["post-165097","page","type-page","status-publish"],"acf":[],"yoast_head":"<!-- This site is optimized with the Yoast SEO plugin v27.5 - https:\/\/yoast.com\/product\/yoast-seo-wordpress\/ -->\n<title>3 pasos para mejorar la visi\u00f3n gracias al LASIK<\/title>\n<meta name=\"description\" content=\"Experimenta la mejor atenci\u00f3n LASIK en el Instituto Lasik de la Visi\u00f3n. Reserva hoy mismo una consulta gratuita sobre LASIK\" \/>\n<meta name=\"robots\" content=\"index, follow, max-snippet:-1, max-image-preview:large, max-video-preview:-1\" \/>\n<link rel=\"canonical\" href=\"https:\/\/www.lasikvisioninstitute.com\/es\/tus-3-pasos-hacia-un-nuevo-tu-y-una-mejor-vision\/\" \/>\n<meta property=\"og:locale\" content=\"es_ES\" \/>\n<meta property=\"og:type\" content=\"article\" \/>\n<meta property=\"og:title\" content=\"3 pasos para mejorar la visi\u00f3n gracias al LASIK\" \/>\n<meta property=\"og:description\" content=\"Experimenta la mejor atenci\u00f3n LASIK en el Instituto Lasik de la Visi\u00f3n. Reserva hoy mismo una consulta gratuita sobre LASIK\" \/>\n<meta property=\"og:url\" content=\"https:\/\/www.lasikvisioninstitute.com\/es\/tus-3-pasos-hacia-un-nuevo-tu-y-una-mejor-vision\/\" \/>\n<meta property=\"og:site_name\" content=\"The LASIK Vision Institute\" \/>\n<meta property=\"article:modified_time\" content=\"2026-01-27T20:14:17+00:00\" \/>\n<meta property=\"og:image\" content=\"https:\/\/www.lasikvisioninstitute.com\/wp-content\/uploads\/2020\/01\/Is-LASIK-Right-for-Me.jpg\" \/>\n\t<meta property=\"og:image:width\" content=\"1000\" \/>\n\t<meta property=\"og:image:height\" content=\"666\" \/>\n\t<meta property=\"og:image:type\" content=\"image\/jpeg\" \/>\n<meta name=\"twitter:card\" content=\"summary_large_image\" \/>\n<script type=\"application\/ld+json\" class=\"yoast-schema-graph\">{\"@context\":\"https:\\\/\\\/schema.org\",\"@graph\":[{\"@type\":\"WebPage\",\"@id\":\"https:\\\/\\\/www.lasikvisioninstitute.com\\\/es\\\/tus-3-pasos-hacia-un-nuevo-tu-y-una-mejor-vision\\\/\",\"url\":\"https:\\\/\\\/www.lasikvisioninstitute.com\\\/es\\\/tus-3-pasos-hacia-un-nuevo-tu-y-una-mejor-vision\\\/\",\"name\":\"3 pasos para mejorar la visi\u00f3n gracias al LASIK\",\"isPartOf\":{\"@id\":\"https:\\\/\\\/www.lasikvisioninstitute.com\\\/es\\\/#website\"},\"primaryImageOfPage\":{\"@id\":\"https:\\\/\\\/www.lasikvisioninstitute.com\\\/es\\\/tus-3-pasos-hacia-un-nuevo-tu-y-una-mejor-vision\\\/#primaryimage\"},\"image\":{\"@id\":\"https:\\\/\\\/www.lasikvisioninstitute.com\\\/es\\\/tus-3-pasos-hacia-un-nuevo-tu-y-una-mejor-vision\\\/#primaryimage\"},\"thumbnailUrl\":\"https:\\\/\\\/www.lasikvisioninstitute.com\\\/wp-content\\\/uploads\\\/2020\\\/01\\\/Is-LASIK-Right-for-Me.jpg\",\"datePublished\":\"2013-02-02T02:23:35+00:00\",\"dateModified\":\"2026-01-27T20:14:17+00:00\",\"description\":\"Experimenta la mejor atenci\u00f3n LASIK en el Instituto Lasik de la Visi\u00f3n. Reserva hoy mismo una consulta gratuita sobre LASIK\",\"breadcrumb\":{\"@id\":\"https:\\\/\\\/www.lasikvisioninstitute.com\\\/es\\\/tus-3-pasos-hacia-un-nuevo-tu-y-una-mejor-vision\\\/#breadcrumb\"},\"inLanguage\":\"es-ES\",\"potentialAction\":[{\"@type\":\"ReadAction\",\"target\":[\"https:\\\/\\\/www.lasikvisioninstitute.com\\\/es\\\/tus-3-pasos-hacia-un-nuevo-tu-y-una-mejor-vision\\\/\"]}]},{\"@type\":\"ImageObject\",\"inLanguage\":\"es-ES\",\"@id\":\"https:\\\/\\\/www.lasikvisioninstitute.com\\\/es\\\/tus-3-pasos-hacia-un-nuevo-tu-y-una-mejor-vision\\\/#primaryimage\",\"url\":\"https:\\\/\\\/www.lasikvisioninstitute.com\\\/wp-content\\\/uploads\\\/2020\\\/01\\\/Is-LASIK-Right-for-Me.jpg\",\"contentUrl\":\"https:\\\/\\\/www.lasikvisioninstitute.com\\\/wp-content\\\/uploads\\\/2020\\\/01\\\/Is-LASIK-Right-for-Me.jpg\"},{\"@type\":\"BreadcrumbList\",\"@id\":\"https:\\\/\\\/www.lasikvisioninstitute.com\\\/es\\\/tus-3-pasos-hacia-un-nuevo-tu-y-una-mejor-vision\\\/#breadcrumb\",\"itemListElement\":[{\"@type\":\"ListItem\",\"position\":1,\"name\":\"Portada\",\"item\":\"https:\\\/\\\/www.lasikvisioninstitute.com\\\/es\\\/\"},{\"@type\":\"ListItem\",\"position\":2,\"name\":\"Tus 3 pasos hacia un nuevo t\u00fa y una mejor visi\u00f3n\"}]},{\"@type\":\"WebSite\",\"@id\":\"https:\\\/\\\/www.lasikvisioninstitute.com\\\/es\\\/#website\",\"url\":\"https:\\\/\\\/www.lasikvisioninstitute.com\\\/es\\\/\",\"name\":\"The LASIK Vision Institute\",\"description\":\"1.4 Million LASIK Eye Surgeries and Counting\",\"publisher\":{\"@id\":\"https:\\\/\\\/www.lasikvisioninstitute.com\\\/es\\\/#organization\"},\"potentialAction\":[{\"@type\":\"SearchAction\",\"target\":{\"@type\":\"EntryPoint\",\"urlTemplate\":\"https:\\\/\\\/www.lasikvisioninstitute.com\\\/es\\\/?s={search_term_string}\"},\"query-input\":{\"@type\":\"PropertyValueSpecification\",\"valueRequired\":true,\"valueName\":\"search_term_string\"}}],\"inLanguage\":\"es-ES\"},{\"@type\":\"Organization\",\"@id\":\"https:\\\/\\\/www.lasikvisioninstitute.com\\\/es\\\/#organization\",\"name\":\"The LASIK Vision Institute\",\"url\":\"https:\\\/\\\/www.lasikvisioninstitute.com\\\/es\\\/\",\"logo\":{\"@type\":\"ImageObject\",\"inLanguage\":\"es-ES\",\"@id\":\"https:\\\/\\\/www.lasikvisioninstitute.com\\\/es\\\/#\\\/schema\\\/logo\\\/image\\\/\",\"url\":\"https:\\\/\\\/www.lasikvisioninstitute.com\\\/wp-content\\\/uploads\\\/2019\\\/10\\\/The-LASIK-Vision-Institute-Logo.png\",\"contentUrl\":\"https:\\\/\\\/www.lasikvisioninstitute.com\\\/wp-content\\\/uploads\\\/2019\\\/10\\\/The-LASIK-Vision-Institute-Logo.png\",\"width\":1000,\"height\":289,\"caption\":\"The LASIK Vision Institute\"},\"image\":{\"@id\":\"https:\\\/\\\/www.lasikvisioninstitute.com\\\/es\\\/#\\\/schema\\\/logo\\\/image\\\/\"}}]}<\/script>\n<!-- \/ Yoast SEO plugin. -->","yoast_head_json":{"title":"3 pasos para mejorar la visi\u00f3n gracias al LASIK","description":"Experimenta la mejor atenci\u00f3n LASIK en el Instituto Lasik de la Visi\u00f3n. Reserva hoy mismo una consulta gratuita sobre LASIK","robots":{"index":"index","follow":"follow","max-snippet":"max-snippet:-1","max-image-preview":"max-image-preview:large","max-video-preview":"max-video-preview:-1"},"canonical":"https:\/\/www.lasikvisioninstitute.com\/es\/tus-3-pasos-hacia-un-nuevo-tu-y-una-mejor-vision\/","og_locale":"es_ES","og_type":"article","og_title":"3 pasos para mejorar la visi\u00f3n gracias al LASIK","og_description":"Experimenta la mejor atenci\u00f3n LASIK en el Instituto Lasik de la Visi\u00f3n. Reserva hoy mismo una consulta gratuita sobre LASIK","og_url":"https:\/\/www.lasikvisioninstitute.com\/es\/tus-3-pasos-hacia-un-nuevo-tu-y-una-mejor-vision\/","og_site_name":"The LASIK Vision Institute","article_modified_time":"2026-01-27T20:14:17+00:00","og_image":[{"width":1000,"height":666,"url":"https:\/\/www.lasikvisioninstitute.com\/wp-content\/uploads\/2020\/01\/Is-LASIK-Right-for-Me.jpg","type":"image\/jpeg"}],"twitter_card":"summary_large_image","schema":{"@context":"https:\/\/schema.org","@graph":[{"@type":"WebPage","@id":"https:\/\/www.lasikvisioninstitute.com\/es\/tus-3-pasos-hacia-un-nuevo-tu-y-una-mejor-vision\/","url":"https:\/\/www.lasikvisioninstitute.com\/es\/tus-3-pasos-hacia-un-nuevo-tu-y-una-mejor-vision\/","name":"3 pasos para mejorar la visi\u00f3n gracias al LASIK","isPartOf":{"@id":"https:\/\/www.lasikvisioninstitute.com\/es\/#website"},"primaryImageOfPage":{"@id":"https:\/\/www.lasikvisioninstitute.com\/es\/tus-3-pasos-hacia-un-nuevo-tu-y-una-mejor-vision\/#primaryimage"},"image":{"@id":"https:\/\/www.lasikvisioninstitute.com\/es\/tus-3-pasos-hacia-un-nuevo-tu-y-una-mejor-vision\/#primaryimage"},"thumbnailUrl":"https:\/\/www.lasikvisioninstitute.com\/wp-content\/uploads\/2020\/01\/Is-LASIK-Right-for-Me.jpg","datePublished":"2013-02-02T02:23:35+00:00","dateModified":"2026-01-27T20:14:17+00:00","description":"Experimenta la mejor atenci\u00f3n LASIK en el Instituto Lasik de la Visi\u00f3n. Reserva hoy mismo una consulta gratuita sobre LASIK","breadcrumb":{"@id":"https:\/\/www.lasikvisioninstitute.com\/es\/tus-3-pasos-hacia-un-nuevo-tu-y-una-mejor-vision\/#breadcrumb"},"inLanguage":"es-ES","potentialAction":[{"@type":"ReadAction","target":["https:\/\/www.lasikvisioninstitute.com\/es\/tus-3-pasos-hacia-un-nuevo-tu-y-una-mejor-vision\/"]}]},{"@type":"ImageObject","inLanguage":"es-ES","@id":"https:\/\/www.lasikvisioninstitute.com\/es\/tus-3-pasos-hacia-un-nuevo-tu-y-una-mejor-vision\/#primaryimage","url":"https:\/\/www.lasikvisioninstitute.com\/wp-content\/uploads\/2020\/01\/Is-LASIK-Right-for-Me.jpg","contentUrl":"https:\/\/www.lasikvisioninstitute.com\/wp-content\/uploads\/2020\/01\/Is-LASIK-Right-for-Me.jpg"},{"@type":"BreadcrumbList","@id":"https:\/\/www.lasikvisioninstitute.com\/es\/tus-3-pasos-hacia-un-nuevo-tu-y-una-mejor-vision\/#breadcrumb","itemListElement":[{"@type":"ListItem","position":1,"name":"Portada","item":"https:\/\/www.lasikvisioninstitute.com\/es\/"},{"@type":"ListItem","position":2,"name":"Tus 3 pasos hacia un nuevo t\u00fa y una mejor visi\u00f3n"}]},{"@type":"WebSite","@id":"https:\/\/www.lasikvisioninstitute.com\/es\/#website","url":"https:\/\/www.lasikvisioninstitute.com\/es\/","name":"The LASIK Vision Institute","description":"1.4 Million LASIK Eye Surgeries and Counting","publisher":{"@id":"https:\/\/www.lasikvisioninstitute.com\/es\/#organization"},"potentialAction":[{"@type":"SearchAction","target":{"@type":"EntryPoint","urlTemplate":"https:\/\/www.lasikvisioninstitute.com\/es\/?s={search_term_string}"},"query-input":{"@type":"PropertyValueSpecification","valueRequired":true,"valueName":"search_term_string"}}],"inLanguage":"es-ES"},{"@type":"Organization","@id":"https:\/\/www.lasikvisioninstitute.com\/es\/#organization","name":"The LASIK Vision Institute","url":"https:\/\/www.lasikvisioninstitute.com\/es\/","logo":{"@type":"ImageObject","inLanguage":"es-ES","@id":"https:\/\/www.lasikvisioninstitute.com\/es\/#\/schema\/logo\/image\/","url":"https:\/\/www.lasikvisioninstitute.com\/wp-content\/uploads\/2019\/10\/The-LASIK-Vision-Institute-Logo.png","contentUrl":"https:\/\/www.lasikvisioninstitute.com\/wp-content\/uploads\/2019\/10\/The-LASIK-Vision-Institute-Logo.png","width":1000,"height":289,"caption":"The LASIK Vision Institute"},"image":{"@id":"https:\/\/www.lasikvisioninstitute.com\/es\/#\/schema\/logo\/image\/"}}]}},"_links":{"self":[{"href":"https:\/\/www.lasikvisioninstitute.com\/es\/wp-json\/wp\/v2\/pages\/165097","targetHints":{"allow":["GET"]}}],"collection":[{"href":"https:\/\/www.lasikvisioninstitute.com\/es\/wp-json\/wp\/v2\/pages"}],"about":[{"href":"https:\/\/www.lasikvisioninstitute.com\/es\/wp-json\/wp\/v2\/types\/page"}],"author":[{"embeddable":true,"href":"https:\/\/www.lasikvisioninstitute.com\/es\/wp-json\/wp\/v2\/users\/19"}],"replies":[{"embeddable":true,"href":"https:\/\/www.lasikvisioninstitute.com\/es\/wp-json\/wp\/v2\/comments?post=165097"}],"version-history":[{"count":1,"href":"https:\/\/www.lasikvisioninstitute.com\/es\/wp-json\/wp\/v2\/pages\/165097\/revisions"}],"predecessor-version":[{"id":174384,"href":"https:\/\/www.lasikvisioninstitute.com\/es\/wp-json\/wp\/v2\/pages\/165097\/revisions\/174384"}],"wp:attachment":[{"href":"https:\/\/www.lasikvisioninstitute.com\/es\/wp-json\/wp\/v2\/media?parent=165097"}],"curies":[{"name":"wp","href":"https:\/\/api.w.org\/{rel}","templated":true}]}}