{"id":165091,"date":"2013-02-01T21:26:16","date_gmt":"2013-02-02T02:26:16","guid":{"rendered":"https:\/\/dev.lasikvisioninstitute.com\/por-que-elegirnos\/tecnologia-ultimos-laseres-aprobados-por-la-fda\/"},"modified":"2024-06-04T20:50:09","modified_gmt":"2024-06-05T01:50:09","slug":"tecnologia-ultimos-laseres-aprobados-por-la-fda","status":"publish","type":"page","link":"https:\/\/www.lasikvisioninstitute.com\/es\/por-que-elegirnos\/tecnologia-ultimos-laseres-aprobados-por-la-fda\/","title":{"rendered":"Tecnolog\u00eda: \u00daltimos l\u00e1seres aprobados por la FDA"},"content":{"rendered":"\n<div class=\"wp-block-media-text alignfull is-stacked-on-mobile is-image-fill has-polar-white-background-color has-background\"><figure class=\"wp-block-media-text__media\" style=\"background-image:url(https:\/\/www.lasikvisioninstitute.com\/wp-content\/uploads\/2019\/09\/lasik-expertise-1400x935.jpg);background-position:50% 50%\"><img decoding=\"async\" width=\"1400\" height=\"935\" src=\"https:\/\/www.lasikvisioninstitute.com\/wp-content\/uploads\/2019\/09\/lasik-expertise-1400x935.jpg\" alt=\"examen de la vista con el oftalm\u00f3logo\" class=\"wp-image-131370 size-full\" srcset=\"https:\/\/www.lasikvisioninstitute.com\/wp-content\/uploads\/2019\/09\/lasik-expertise-1400x935.jpg 1400w, https:\/\/www.lasikvisioninstitute.com\/wp-content\/uploads\/2019\/09\/lasik-expertise-600x401.jpg 600w, https:\/\/www.lasikvisioninstitute.com\/wp-content\/uploads\/2019\/09\/lasik-expertise-768x513.jpg 768w, https:\/\/www.lasikvisioninstitute.com\/wp-content\/uploads\/2019\/09\/lasik-expertise-1536x1025.jpg 1536w, https:\/\/www.lasikvisioninstitute.com\/wp-content\/uploads\/2019\/09\/lasik-expertise.jpg 2000w\" sizes=\"(max-width: 1400px) 100vw, 1400px\" \/><\/figure><div class=\"wp-block-media-text__content\">\n<div style=\"height:50px\" aria-hidden=\"true\" class=\"wp-block-spacer\"><\/div>\n\n\n\n<h6 class=\"wp-block-heading h6 letter-spacing has-teal-color has-text-color is-style-muted-heading\">\u00daltimos l\u00e1seres aprobados por la FDA<\/h6>\n\n\n\n<h1 class=\"wp-block-heading\" id=\"lasik-eye-surgery-laser-technology\" style=\"margin-top:0px\">Cirug\u00eda ocular LASIK Tecnolog\u00eda l\u00e1ser<\/h1>\n\n\n\n<div style=\"height:10px\" aria-hidden=\"true\" class=\"wp-block-spacer\"><\/div>\n\n\n\n<p class=\"has-normal-font-size\">El LASIK Vision Institute\u00ae te ofrece la tecnolog\u00eda LASIK y de diagn\u00f3stico cl\u00ednicamente aprobada por la FDA m\u00e1s avanzada del sector.<\/p>\n\n\n\n<div class=\"wp-block-buttons is-layout-flex wp-block-buttons-is-layout-flex\">\n<div class=\"wp-block-button is-style-fill\"><a class=\"wp-block-button__link wp-element-button\" href=\"https:\/\/www.lasikvisioninstitute.com\/es\/ischedule-es\/\">Programar una consulta GRATUITA<\/a><\/div>\n<\/div>\n\n\n\n<div style=\"height:50px\" aria-hidden=\"true\" class=\"wp-block-spacer\"><\/div>\n<\/div><\/div>\n\n<div class=\"wp-block-group alignfull has-global-padding is-layout-constrained wp-block-group-is-layout-constrained\">\n<div style=\"height:100px\" aria-hidden=\"true\" class=\"wp-block-spacer\"><\/div>\n\n\n\n<div class=\"wp-block-columns is-layout-flex wp-container-core-columns-is-layout-28f84493 wp-block-columns-is-layout-flex\">\n<div class=\"wp-block-column is-layout-flow wp-block-column-is-layout-flow\" style=\"flex-basis:40%\">\n<h2 class=\"wp-block-heading\" id=\"how-do-excimer-lasers-work\">\u00bfC\u00f3mo funcionan los l\u00e1seres de exc\u00edmeros?<\/h2>\n<\/div>\n\n\n\n<div class=\"wp-block-column is-layout-flow wp-block-column-is-layout-flow\" style=\"flex-basis:60%\">\n<p><meta charset=\"utf-8\"\/>Un l\u00e1ser excimer produce luz ultravioleta que es absorbida por el tejido, por lo que, en lugar de quemar o cortar, la energ\u00eda del l\u00e1ser altera los enlaces moleculares del tejido superficial de forma controlada con precisi\u00f3n mediante la ablaci\u00f3n. Estos l\u00e1seres pueden eliminar capas excepcionalmente finas de material superficial sin apenas alterar el resto del tejido, que queda intacto. Se utiliza una tecnolog\u00eda l\u00e1ser precisa y eficaz para remodelar las capas de la c\u00f3rnea y tratar tu defecto refractivo.<\/p>\n<\/div>\n<\/div>\n\n\n\n<div style=\"height:100px\" aria-hidden=\"true\" class=\"wp-block-spacer\"><\/div>\n<\/div>\n\n<div class=\"wp-block-group alignfull has-light-gray-background-color has-background has-global-padding is-layout-constrained wp-block-group-is-layout-constrained\">\n<div style=\"height:100px\" aria-hidden=\"true\" class=\"wp-block-spacer\"><\/div>\n\n\n\n<h2 class=\"wp-block-heading\" id=\"alcon-laser-technology\">Tecnolog\u00eda l\u00e1ser Alcon<\/h2>\n\n\n\n<div style=\"height:30px\" aria-hidden=\"true\" class=\"wp-block-spacer\"><\/div>\n\n\n\n<p>La tecnolog\u00eda refractiva WaveLight\u00ae lidera el mercado con tiempos de tratamiento m\u00e1s r\u00e1pidos y permite una transferencia sin fisuras de los datos del paciente, lo que genera una mayor eficacia, una mayor precisi\u00f3n y unos resultados optimizados.<\/p>\n\n\n\n<p>WaveLight\u00ae EX500 utiliza PerfectPulse Technology\u2122, que combina la tecnolog\u00eda de l\u00e1ser excimer de alta velocidad, el posicionamiento preciso del haz, una sofisticada tecnolog\u00eda de seguimiento ocular y la flexibilidad de las opciones de tratamiento personalizadas.<\/p>\n\n\n\n<p>El l\u00e1ser WaveLight\u00ae EX500 ofrece una amplia gama de graduaciones con opciones de personalizaci\u00f3n y permite a tu cirujano realizar un tratamiento individualizado de correcci\u00f3n visual con l\u00e1ser s\u00f3lo para ti.<\/p>\n\n\n\n<p>La tecnolog\u00eda refractiva <strong>WaveLight\u00ae<\/strong> es uno de los sistemas l\u00e1ser m\u00e1s avanzados que existen y cuenta con la confianza de m\u00e9dicos especialistas en LASIK de todo el mundo.<\/p>\n\n\n\n<div style=\"height:100px\" aria-hidden=\"true\" class=\"wp-block-spacer\"><\/div>\n<\/div>\n\n<section class=\"blocks block-offer-cta alignfull \" id=\"block_8368fdd712f384438c016e7b42d2c60d\">\n    <div class=\"container\">\n        <div class=\"content\">\n            \n                            <h2 class=\"h1\"><span class=\"offer_line1\"><\/span> <span class=\"offer_line2\"><\/span> <span class=\"offer_line3\"><\/span>!<\/h2>\n                <p>\u00a1Programe una Consulta GRATUITA Hoy!<\/p>\n                        \n            <div class=\"button-holder\">\n                <a class=\"button button--neon-green\" href=\"\/ischedule\/\">Empieza Ahora<i class=\"fa-sharp fa-solid fa-arrow-right\"><\/i><\/a>\n                <a class=\"button button--outline button--outline--white\" href=\"\/quiz\/\">\u00bfSoy un Candidato?<\/a>\n            <\/div>\n            \n            <div class=\"offer_footer_cta_disclaimer\"><\/div>\n        <\/div>\n    <\/div>\n<\/section>\n\n<div style=\"height:100px\" aria-hidden=\"true\" class=\"wp-block-spacer\"><\/div>\n\n<div class=\"wp-block-media-text alignwide has-media-on-the-right is-stacked-on-mobile is-image-fill\"><div class=\"wp-block-media-text__content\">\n<h2 class=\"wp-block-heading\" id=\"why-lasers\">\u00bfPor qu\u00e9 l\u00e1ser?<\/h2>\n\n\n\n<p>Sorprendentemente, la mayor\u00eda de los pacientes pueden ver 20\/20 o mejor tras la correcci\u00f3n visual con l\u00e1ser, lo que es suficientemente bueno para realizar la mayor\u00eda de las actividades cotidianas sin lentes correctoras. De hecho, el 92% de los pacientes han descrito su visi\u00f3n como &#8220;buena&#8221; o &#8220;excelente&#8221; tras la intervenci\u00f3n LASIK con tecnolog\u00eda refractiva WaveLight\u00ae.<\/p>\n\n\n\n<p>La tecnolog\u00eda refractiva WaveLight\u00ae combina los avances quir\u00fargicos m\u00e1s recientes en un procedimiento LASIK personalizado para tu visi\u00f3n ideal. Si buscas un LASIK que sea tan \u00fanico como t\u00fa, el sistema WaveLight\u00ae puede ser adecuado para ti.<\/p>\n\n\n\n<p>Inf\u00f3rmate sobre los procedimientos de cirug\u00eda ocular con l\u00e1ser que se apoyan en estas nuevas tecnolog\u00edas:<\/p>\n\n\n\n<ul class=\"wp-block-list\">\n<li><a href=\"https:\/\/www.lasikvisioninstitute.com\/es\/procedimientos-de-cirugia-lasik\/lasik-personalizado-con-frente-de-onda-optimizado\/\">LASIK personalizado con frente de onda optimizado<\/a><\/li>\n\n\n\n<li><a title=\"Cirug&#xED;a PRK\" href=\"https:\/\/www.lasikvisioninstitute.com\/es\/procedimientos-de-cirugia-lasik\/cirugia-ocular-prk\/\">PRK<\/a><\/li>\n\n\n\n<li><a href=\"https:\/\/www.lasikvisioninstitute.com\/es\/procedimientos-de-cirugia-lasik\/lasik-guiado-por-topografia\/\">LASIK guiado por topograf\u00eda<\/a><\/li>\n<\/ul>\n<\/div><figure class=\"wp-block-media-text__media\" style=\"background-image:url(https:\/\/www.lasikvisioninstitute.com\/wp-content\/uploads\/2022\/02\/eye-doctor-female-patient-examination-1400x934.jpg);background-position:50% 40%\"><img decoding=\"async\" src=\"https:\/\/www.lasikvisioninstitute.com\/wp-content\/uploads\/2022\/02\/eye-doctor-female-patient-examination-1400x934.jpg\" alt=\"\" class=\"wp-image-140649 size-full\"\/><\/figure><\/div>\n","protected":false},"excerpt":{"rendered":"<p>\u00bfC\u00f3mo funcionan los l\u00e1seres de exc\u00edmeros? Un l\u00e1ser excimer produce luz ultravioleta que es absorbida por el tejido, por lo que, en lugar de quemar o cortar, la energ\u00eda del l\u00e1ser altera los enlaces moleculares del tejido superficial de forma controlada con precisi\u00f3n mediante la ablaci\u00f3n. Estos l\u00e1seres pueden eliminar capas excepcionalmente finas de material [&hellip;]<\/p>\n","protected":false},"author":33,"featured_media":0,"parent":165084,"menu_order":3,"comment_status":"closed","ping_status":"closed","template":"","meta":{"_acf_changed":false,"footnotes":""},"class_list":["post-165091","page","type-page","status-publish"],"acf":[],"yoast_head":"<!-- This site is optimized with the Yoast SEO plugin v27.5 - https:\/\/yoast.com\/product\/yoast-seo-wordpress\/ -->\n<title>Tecnolog\u00eda de la cirug\u00eda ocular con l\u00e1ser - LASIK Vision Institute<\/title>\n<meta name=\"description\" content=\"El LASIK Vision Institute pone a tu disposici\u00f3n la tecnolog\u00eda LASIK y de diagn\u00f3stico cl\u00ednicamente aprobada por la FDA m\u00e1s avanzada del sector.\" \/>\n<meta name=\"robots\" content=\"index, follow, max-snippet:-1, max-image-preview:large, max-video-preview:-1\" \/>\n<link rel=\"canonical\" href=\"https:\/\/www.lasikvisioninstitute.com\/es\/por-que-elegirnos\/tecnologia-ultimos-laseres-aprobados-por-la-fda\/\" \/>\n<meta property=\"og:locale\" content=\"es_ES\" \/>\n<meta property=\"og:type\" content=\"article\" \/>\n<meta property=\"og:title\" content=\"Tecnolog\u00eda de la cirug\u00eda ocular con l\u00e1ser - LASIK Vision Institute\" \/>\n<meta property=\"og:description\" content=\"El LASIK Vision Institute pone a tu disposici\u00f3n la tecnolog\u00eda LASIK y de diagn\u00f3stico cl\u00ednicamente aprobada por la FDA m\u00e1s avanzada del sector.\" \/>\n<meta property=\"og:url\" content=\"https:\/\/www.lasikvisioninstitute.com\/es\/por-que-elegirnos\/tecnologia-ultimos-laseres-aprobados-por-la-fda\/\" \/>\n<meta property=\"og:site_name\" content=\"The LASIK Vision Institute\" \/>\n<meta property=\"article:modified_time\" content=\"2024-06-05T01:50:09+00:00\" \/>\n<meta property=\"og:image\" content=\"https:\/\/www.lasikvisioninstitute.com\/wp-content\/uploads\/2019\/09\/lasik-expertise-1400x935.jpg\" \/>\n<meta name=\"twitter:card\" content=\"summary_large_image\" \/>\n<script type=\"application\/ld+json\" class=\"yoast-schema-graph\">{\"@context\":\"https:\\\/\\\/schema.org\",\"@graph\":[{\"@type\":\"WebPage\",\"@id\":\"https:\\\/\\\/www.lasikvisioninstitute.com\\\/es\\\/por-que-elegirnos\\\/tecnologia-ultimos-laseres-aprobados-por-la-fda\\\/\",\"url\":\"https:\\\/\\\/www.lasikvisioninstitute.com\\\/es\\\/por-que-elegirnos\\\/tecnologia-ultimos-laseres-aprobados-por-la-fda\\\/\",\"name\":\"Tecnolog\u00eda de la cirug\u00eda ocular con l\u00e1ser - LASIK Vision Institute\",\"isPartOf\":{\"@id\":\"https:\\\/\\\/www.lasikvisioninstitute.com\\\/es\\\/#website\"},\"primaryImageOfPage\":{\"@id\":\"https:\\\/\\\/www.lasikvisioninstitute.com\\\/es\\\/por-que-elegirnos\\\/tecnologia-ultimos-laseres-aprobados-por-la-fda\\\/#primaryimage\"},\"image\":{\"@id\":\"https:\\\/\\\/www.lasikvisioninstitute.com\\\/es\\\/por-que-elegirnos\\\/tecnologia-ultimos-laseres-aprobados-por-la-fda\\\/#primaryimage\"},\"thumbnailUrl\":\"https:\\\/\\\/www.lasikvisioninstitute.com\\\/wp-content\\\/uploads\\\/2019\\\/09\\\/lasik-expertise-1400x935.jpg\",\"datePublished\":\"2013-02-02T02:26:16+00:00\",\"dateModified\":\"2024-06-05T01:50:09+00:00\",\"description\":\"El LASIK Vision Institute pone a tu disposici\u00f3n la tecnolog\u00eda LASIK y de diagn\u00f3stico cl\u00ednicamente aprobada por la FDA m\u00e1s avanzada del sector.\",\"breadcrumb\":{\"@id\":\"https:\\\/\\\/www.lasikvisioninstitute.com\\\/es\\\/por-que-elegirnos\\\/tecnologia-ultimos-laseres-aprobados-por-la-fda\\\/#breadcrumb\"},\"inLanguage\":\"es-ES\",\"potentialAction\":[{\"@type\":\"ReadAction\",\"target\":[\"https:\\\/\\\/www.lasikvisioninstitute.com\\\/es\\\/por-que-elegirnos\\\/tecnologia-ultimos-laseres-aprobados-por-la-fda\\\/\"]}]},{\"@type\":\"ImageObject\",\"inLanguage\":\"es-ES\",\"@id\":\"https:\\\/\\\/www.lasikvisioninstitute.com\\\/es\\\/por-que-elegirnos\\\/tecnologia-ultimos-laseres-aprobados-por-la-fda\\\/#primaryimage\",\"url\":\"https:\\\/\\\/www.lasikvisioninstitute.com\\\/wp-content\\\/uploads\\\/2019\\\/09\\\/lasik-expertise-1400x935.jpg\",\"contentUrl\":\"https:\\\/\\\/www.lasikvisioninstitute.com\\\/wp-content\\\/uploads\\\/2019\\\/09\\\/lasik-expertise-1400x935.jpg\"},{\"@type\":\"BreadcrumbList\",\"@id\":\"https:\\\/\\\/www.lasikvisioninstitute.com\\\/es\\\/por-que-elegirnos\\\/tecnologia-ultimos-laseres-aprobados-por-la-fda\\\/#breadcrumb\",\"itemListElement\":[{\"@type\":\"ListItem\",\"position\":1,\"name\":\"Portada\",\"item\":\"https:\\\/\\\/www.lasikvisioninstitute.com\\\/es\\\/\"},{\"@type\":\"ListItem\",\"position\":2,\"name\":\"\u00bfPor qu\u00e9 elegirnos?\",\"item\":\"https:\\\/\\\/www.lasikvisioninstitute.com\\\/es\\\/por-que-elegirnos\\\/\"},{\"@type\":\"ListItem\",\"position\":3,\"name\":\"Tecnolog\u00eda: \u00daltimos l\u00e1seres aprobados por la FDA\"}]},{\"@type\":\"WebSite\",\"@id\":\"https:\\\/\\\/www.lasikvisioninstitute.com\\\/es\\\/#website\",\"url\":\"https:\\\/\\\/www.lasikvisioninstitute.com\\\/es\\\/\",\"name\":\"The LASIK Vision Institute\",\"description\":\"1.4 Million LASIK Eye Surgeries and Counting\",\"publisher\":{\"@id\":\"https:\\\/\\\/www.lasikvisioninstitute.com\\\/es\\\/#organization\"},\"potentialAction\":[{\"@type\":\"SearchAction\",\"target\":{\"@type\":\"EntryPoint\",\"urlTemplate\":\"https:\\\/\\\/www.lasikvisioninstitute.com\\\/es\\\/?s={search_term_string}\"},\"query-input\":{\"@type\":\"PropertyValueSpecification\",\"valueRequired\":true,\"valueName\":\"search_term_string\"}}],\"inLanguage\":\"es-ES\"},{\"@type\":\"Organization\",\"@id\":\"https:\\\/\\\/www.lasikvisioninstitute.com\\\/es\\\/#organization\",\"name\":\"The LASIK Vision Institute\",\"url\":\"https:\\\/\\\/www.lasikvisioninstitute.com\\\/es\\\/\",\"logo\":{\"@type\":\"ImageObject\",\"inLanguage\":\"es-ES\",\"@id\":\"https:\\\/\\\/www.lasikvisioninstitute.com\\\/es\\\/#\\\/schema\\\/logo\\\/image\\\/\",\"url\":\"https:\\\/\\\/www.lasikvisioninstitute.com\\\/wp-content\\\/uploads\\\/2019\\\/10\\\/The-LASIK-Vision-Institute-Logo.png\",\"contentUrl\":\"https:\\\/\\\/www.lasikvisioninstitute.com\\\/wp-content\\\/uploads\\\/2019\\\/10\\\/The-LASIK-Vision-Institute-Logo.png\",\"width\":1000,\"height\":289,\"caption\":\"The LASIK Vision Institute\"},\"image\":{\"@id\":\"https:\\\/\\\/www.lasikvisioninstitute.com\\\/es\\\/#\\\/schema\\\/logo\\\/image\\\/\"}}]}<\/script>\n<!-- \/ Yoast SEO plugin. -->","yoast_head_json":{"title":"Tecnolog\u00eda de la cirug\u00eda ocular con l\u00e1ser - LASIK Vision Institute","description":"El LASIK Vision Institute pone a tu disposici\u00f3n la tecnolog\u00eda LASIK y de diagn\u00f3stico cl\u00ednicamente aprobada por la FDA m\u00e1s avanzada del sector.","robots":{"index":"index","follow":"follow","max-snippet":"max-snippet:-1","max-image-preview":"max-image-preview:large","max-video-preview":"max-video-preview:-1"},"canonical":"https:\/\/www.lasikvisioninstitute.com\/es\/por-que-elegirnos\/tecnologia-ultimos-laseres-aprobados-por-la-fda\/","og_locale":"es_ES","og_type":"article","og_title":"Tecnolog\u00eda de la cirug\u00eda ocular con l\u00e1ser - LASIK Vision Institute","og_description":"El LASIK Vision Institute pone a tu disposici\u00f3n la tecnolog\u00eda LASIK y de diagn\u00f3stico cl\u00ednicamente aprobada por la FDA m\u00e1s avanzada del sector.","og_url":"https:\/\/www.lasikvisioninstitute.com\/es\/por-que-elegirnos\/tecnologia-ultimos-laseres-aprobados-por-la-fda\/","og_site_name":"The LASIK Vision Institute","article_modified_time":"2024-06-05T01:50:09+00:00","og_image":[{"url":"https:\/\/www.lasikvisioninstitute.com\/wp-content\/uploads\/2019\/09\/lasik-expertise-1400x935.jpg","type":"","width":"","height":""}],"twitter_card":"summary_large_image","schema":{"@context":"https:\/\/schema.org","@graph":[{"@type":"WebPage","@id":"https:\/\/www.lasikvisioninstitute.com\/es\/por-que-elegirnos\/tecnologia-ultimos-laseres-aprobados-por-la-fda\/","url":"https:\/\/www.lasikvisioninstitute.com\/es\/por-que-elegirnos\/tecnologia-ultimos-laseres-aprobados-por-la-fda\/","name":"Tecnolog\u00eda de la cirug\u00eda ocular con l\u00e1ser - LASIK Vision Institute","isPartOf":{"@id":"https:\/\/www.lasikvisioninstitute.com\/es\/#website"},"primaryImageOfPage":{"@id":"https:\/\/www.lasikvisioninstitute.com\/es\/por-que-elegirnos\/tecnologia-ultimos-laseres-aprobados-por-la-fda\/#primaryimage"},"image":{"@id":"https:\/\/www.lasikvisioninstitute.com\/es\/por-que-elegirnos\/tecnologia-ultimos-laseres-aprobados-por-la-fda\/#primaryimage"},"thumbnailUrl":"https:\/\/www.lasikvisioninstitute.com\/wp-content\/uploads\/2019\/09\/lasik-expertise-1400x935.jpg","datePublished":"2013-02-02T02:26:16+00:00","dateModified":"2024-06-05T01:50:09+00:00","description":"El LASIK Vision Institute pone a tu disposici\u00f3n la tecnolog\u00eda LASIK y de diagn\u00f3stico cl\u00ednicamente aprobada por la FDA m\u00e1s avanzada del sector.","breadcrumb":{"@id":"https:\/\/www.lasikvisioninstitute.com\/es\/por-que-elegirnos\/tecnologia-ultimos-laseres-aprobados-por-la-fda\/#breadcrumb"},"inLanguage":"es-ES","potentialAction":[{"@type":"ReadAction","target":["https:\/\/www.lasikvisioninstitute.com\/es\/por-que-elegirnos\/tecnologia-ultimos-laseres-aprobados-por-la-fda\/"]}]},{"@type":"ImageObject","inLanguage":"es-ES","@id":"https:\/\/www.lasikvisioninstitute.com\/es\/por-que-elegirnos\/tecnologia-ultimos-laseres-aprobados-por-la-fda\/#primaryimage","url":"https:\/\/www.lasikvisioninstitute.com\/wp-content\/uploads\/2019\/09\/lasik-expertise-1400x935.jpg","contentUrl":"https:\/\/www.lasikvisioninstitute.com\/wp-content\/uploads\/2019\/09\/lasik-expertise-1400x935.jpg"},{"@type":"BreadcrumbList","@id":"https:\/\/www.lasikvisioninstitute.com\/es\/por-que-elegirnos\/tecnologia-ultimos-laseres-aprobados-por-la-fda\/#breadcrumb","itemListElement":[{"@type":"ListItem","position":1,"name":"Portada","item":"https:\/\/www.lasikvisioninstitute.com\/es\/"},{"@type":"ListItem","position":2,"name":"\u00bfPor qu\u00e9 elegirnos?","item":"https:\/\/www.lasikvisioninstitute.com\/es\/por-que-elegirnos\/"},{"@type":"ListItem","position":3,"name":"Tecnolog\u00eda: \u00daltimos l\u00e1seres aprobados por la FDA"}]},{"@type":"WebSite","@id":"https:\/\/www.lasikvisioninstitute.com\/es\/#website","url":"https:\/\/www.lasikvisioninstitute.com\/es\/","name":"The LASIK Vision Institute","description":"1.4 Million LASIK Eye Surgeries and Counting","publisher":{"@id":"https:\/\/www.lasikvisioninstitute.com\/es\/#organization"},"potentialAction":[{"@type":"SearchAction","target":{"@type":"EntryPoint","urlTemplate":"https:\/\/www.lasikvisioninstitute.com\/es\/?s={search_term_string}"},"query-input":{"@type":"PropertyValueSpecification","valueRequired":true,"valueName":"search_term_string"}}],"inLanguage":"es-ES"},{"@type":"Organization","@id":"https:\/\/www.lasikvisioninstitute.com\/es\/#organization","name":"The LASIK Vision Institute","url":"https:\/\/www.lasikvisioninstitute.com\/es\/","logo":{"@type":"ImageObject","inLanguage":"es-ES","@id":"https:\/\/www.lasikvisioninstitute.com\/es\/#\/schema\/logo\/image\/","url":"https:\/\/www.lasikvisioninstitute.com\/wp-content\/uploads\/2019\/10\/The-LASIK-Vision-Institute-Logo.png","contentUrl":"https:\/\/www.lasikvisioninstitute.com\/wp-content\/uploads\/2019\/10\/The-LASIK-Vision-Institute-Logo.png","width":1000,"height":289,"caption":"The LASIK Vision Institute"},"image":{"@id":"https:\/\/www.lasikvisioninstitute.com\/es\/#\/schema\/logo\/image\/"}}]}},"_links":{"self":[{"href":"https:\/\/www.lasikvisioninstitute.com\/es\/wp-json\/wp\/v2\/pages\/165091","targetHints":{"allow":["GET"]}}],"collection":[{"href":"https:\/\/www.lasikvisioninstitute.com\/es\/wp-json\/wp\/v2\/pages"}],"about":[{"href":"https:\/\/www.lasikvisioninstitute.com\/es\/wp-json\/wp\/v2\/types\/page"}],"author":[{"embeddable":true,"href":"https:\/\/www.lasikvisioninstitute.com\/es\/wp-json\/wp\/v2\/users\/33"}],"replies":[{"embeddable":true,"href":"https:\/\/www.lasikvisioninstitute.com\/es\/wp-json\/wp\/v2\/comments?post=165091"}],"version-history":[{"count":0,"href":"https:\/\/www.lasikvisioninstitute.com\/es\/wp-json\/wp\/v2\/pages\/165091\/revisions"}],"up":[{"embeddable":true,"href":"https:\/\/www.lasikvisioninstitute.com\/es\/wp-json\/wp\/v2\/pages\/165084"}],"wp:attachment":[{"href":"https:\/\/www.lasikvisioninstitute.com\/es\/wp-json\/wp\/v2\/media?parent=165091"}],"curies":[{"name":"wp","href":"https:\/\/api.w.org\/{rel}","templated":true}]}}