{"id":165073,"date":"2013-02-01T21:32:07","date_gmt":"2013-02-02T02:32:07","guid":{"rendered":"https:\/\/dev.lasikvisioninstitute.com\/acerca-de-su-receta\/"},"modified":"2024-06-04T18:02:34","modified_gmt":"2024-06-04T23:02:34","slug":"acerca-de-su-receta","status":"publish","type":"page","link":"https:\/\/www.lasikvisioninstitute.com\/es\/acerca-de-su-receta\/","title":{"rendered":"Acerca de su receta"},"content":{"rendered":"\n<p>Conocer la prescripci\u00f3n de su visi\u00f3n es una parte importante para identificar si es un buen <a title=\"LASIK candidate\" href=\"https:\/\/www.lasikvisioninstitute.com\/es\/soy-un-candidato-para-la-cirugia-ocular-lasik\/\">candidato para LASIK<\/a> . No es necesario que traiga una receta para la vista administrada previamente; esto se volver\u00e1 a probar durante su consulta LASIK gratuita.<\/p>\n\n<p>Despu\u00e9s de hacerse el examen de la vista, el m\u00e9dico identificar\u00e1 la cantidad de correcci\u00f3n necesaria en cada ojo. Esta informaci\u00f3n luego se usar\u00e1 para corregir su visi\u00f3n durante la cirug\u00eda LASIK.<\/p>\n\n<p><a title=\"LASIK laser eye surgery\" href=\"https:\/\/www.lasikvisioninstitute.com\/es\/procedimientos-de-cirugia-lasik\/\">La cirug\u00eda ocular con l\u00e1ser LASIK<\/a> puede corregir problemas de visi\u00f3n como la miop\u00eda, la hipermetrop\u00eda y el astigmatismo. El grado de estas condiciones se mide en unidades llamadas dioptr\u00edas. El grado de su miop\u00eda, hipermetrop\u00eda o astigmatismo definir\u00e1 su prescripci\u00f3n de visi\u00f3n en unidades de dioptr\u00edas. Esto representa la cantidad de correcci\u00f3n de la visi\u00f3n que necesita para normalizar su vista.<\/p>\n\n<p>Por ejemplo, una prescripci\u00f3n t\u00edpica es: -4.00 -1.50 X 90<\/p>\n\n<ul class=\"wp-block-list\"><li>-4.00 identifica el grado de miop\u00eda o hipermetrop\u00eda. El signo m\u00e1s o menos identifica si es miope (-) o hiperm\u00e9trope (+).<\/li><li>-1,50 identifica el grado de astigmatismo.<br\/>El signo puede ser (-) o (+).<\/li><li>90 identifica d\u00f3nde se coloca el astigmatismo. Este astigmatismo se localiza a noventa grados, o en el eje vertical.<\/li><\/ul>\n\n<p>Estos n\u00fameros determinan qu\u00e9 parte de la c\u00f3rnea forma el l\u00e1ser y el patr\u00f3n al que lo hace durante la correcci\u00f3n de la visi\u00f3n LASIK. Tambi\u00e9n puede considerar un <a href=\"https:\/\/www.lasikvisioninstitute.com\/es\/procedimientos-de-cirugia-lasik\/lasik-personalizado-con-frente-de-onda-optimizado\/\">procedimiento LASIK optimizado<\/a> de frente de onda personalizado con <a title=\"CustomVue technology\" href=\"https:\/\/www.lasikvisioninstitute.com\/es\/por-que-elegirnos\/tecnologia-ultimos-laseres-aprobados-por-la-fda\/\">WaveLight\u00ae<\/a> para obtener una mayor precisi\u00f3n y resultados m\u00e1s precisos que van m\u00e1s all\u00e1 de su prescripci\u00f3n est\u00e1ndar de correcci\u00f3n de la visi\u00f3n.<\/p>\n\n<h3 class=\"wp-block-heading\">T\u00e9rminos y definiciones<\/h3>\n\n<p><strong>Miop\u00eda<\/strong> : com\u00fanmente conocida como miop\u00eda. Los objetos cercanos se pueden ver claramente y los objetos m\u00e1s lejanos se ven borrosos.<\/p>\n\n<p><strong>Hipermetrop\u00eda<\/strong> : com\u00fanmente conocida como hipermetrop\u00eda. Los objetos m\u00e1s lejanos se ven claros y los objetos m\u00e1s cercanos se ven borrosos.<\/p>\n\n<p><strong>Astigmatismo<\/strong> : visi\u00f3n borrosa m\u00e1s com\u00fanmente causada por una c\u00f3rnea de forma irregular.<\/p>\n\n<p><strong>Para obtener m\u00e1s informaci\u00f3n sobre la cirug\u00eda ocular LASIK y decidir si esta es la opci\u00f3n adecuada para usted, programe una consulta GRATUITA en una <a href=\"https:\/\/www.lasikvisioninstitute.com\/es\/localizaciones\/\">ubicaci\u00f3n de LASIK Vision Institute\u00ae cerca de usted<\/a> .<\/strong><\/p>\n","protected":false},"excerpt":{"rendered":"<p>Conocer la prescripci\u00f3n de su visi\u00f3n es una parte importante para identificar si es un buen candidato para LASIK . No es necesario que traiga una receta para la vista administrada previamente; esto se volver\u00e1 a probar durante su consulta LASIK gratuita. Despu\u00e9s de hacerse el examen de la vista, el m\u00e9dico identificar\u00e1 la cantidad [&hellip;]<\/p>\n","protected":false},"author":33,"featured_media":0,"parent":0,"menu_order":0,"comment_status":"closed","ping_status":"closed","template":"","meta":{"_acf_changed":false,"footnotes":""},"class_list":["post-165073","page","type-page","status-publish"],"acf":[],"yoast_head":"<!-- This site is optimized with the Yoast SEO plugin v27.5 - https:\/\/yoast.com\/product\/yoast-seo-wordpress\/ -->\n<title>Cirug\u00eda ocular LASIK y su prescripci\u00f3n para la vista - LASIK Vision Institute<\/title>\n<meta name=\"description\" content=\"La cirug\u00eda ocular con l\u00e1ser LASIK puede corregir problemas de visi\u00f3n como la miop\u00eda, la hipermetrop\u00eda y el astigmatismo. Reserve una consulta gratuita en un centro cerca de usted.\" \/>\n<meta name=\"robots\" content=\"index, follow, max-snippet:-1, max-image-preview:large, max-video-preview:-1\" \/>\n<link rel=\"canonical\" href=\"https:\/\/www.lasikvisioninstitute.com\/es\/acerca-de-su-receta\/\" \/>\n<meta property=\"og:locale\" content=\"es_ES\" \/>\n<meta property=\"og:type\" content=\"article\" \/>\n<meta property=\"og:title\" content=\"Cirug\u00eda ocular LASIK y su prescripci\u00f3n para la vista - LASIK Vision Institute\" \/>\n<meta property=\"og:description\" content=\"La cirug\u00eda ocular con l\u00e1ser LASIK puede corregir problemas de visi\u00f3n como la miop\u00eda, la hipermetrop\u00eda y el astigmatismo. Reserve una consulta gratuita en un centro cerca de usted.\" \/>\n<meta property=\"og:url\" content=\"https:\/\/www.lasikvisioninstitute.com\/es\/acerca-de-su-receta\/\" \/>\n<meta property=\"og:site_name\" content=\"The LASIK Vision Institute\" \/>\n<meta property=\"article:modified_time\" content=\"2024-06-04T23:02:34+00:00\" \/>\n<meta name=\"twitter:card\" content=\"summary_large_image\" \/>\n<script type=\"application\/ld+json\" class=\"yoast-schema-graph\">{\"@context\":\"https:\\\/\\\/schema.org\",\"@graph\":[{\"@type\":\"WebPage\",\"@id\":\"https:\\\/\\\/www.lasikvisioninstitute.com\\\/es\\\/acerca-de-su-receta\\\/\",\"url\":\"https:\\\/\\\/www.lasikvisioninstitute.com\\\/es\\\/acerca-de-su-receta\\\/\",\"name\":\"Cirug\u00eda ocular LASIK y su prescripci\u00f3n para la vista - LASIK Vision Institute\",\"isPartOf\":{\"@id\":\"https:\\\/\\\/www.lasikvisioninstitute.com\\\/es\\\/#website\"},\"datePublished\":\"2013-02-02T02:32:07+00:00\",\"dateModified\":\"2024-06-04T23:02:34+00:00\",\"description\":\"La cirug\u00eda ocular con l\u00e1ser LASIK puede corregir problemas de visi\u00f3n como la miop\u00eda, la hipermetrop\u00eda y el astigmatismo. Reserve una consulta gratuita en un centro cerca de usted.\",\"breadcrumb\":{\"@id\":\"https:\\\/\\\/www.lasikvisioninstitute.com\\\/es\\\/acerca-de-su-receta\\\/#breadcrumb\"},\"inLanguage\":\"es-ES\",\"potentialAction\":[{\"@type\":\"ReadAction\",\"target\":[\"https:\\\/\\\/www.lasikvisioninstitute.com\\\/es\\\/acerca-de-su-receta\\\/\"]}]},{\"@type\":\"BreadcrumbList\",\"@id\":\"https:\\\/\\\/www.lasikvisioninstitute.com\\\/es\\\/acerca-de-su-receta\\\/#breadcrumb\",\"itemListElement\":[{\"@type\":\"ListItem\",\"position\":1,\"name\":\"Portada\",\"item\":\"https:\\\/\\\/www.lasikvisioninstitute.com\\\/es\\\/\"},{\"@type\":\"ListItem\",\"position\":2,\"name\":\"Acerca de su receta\"}]},{\"@type\":\"WebSite\",\"@id\":\"https:\\\/\\\/www.lasikvisioninstitute.com\\\/es\\\/#website\",\"url\":\"https:\\\/\\\/www.lasikvisioninstitute.com\\\/es\\\/\",\"name\":\"The LASIK Vision Institute\",\"description\":\"1.4 Million LASIK Eye Surgeries and Counting\",\"publisher\":{\"@id\":\"https:\\\/\\\/www.lasikvisioninstitute.com\\\/es\\\/#organization\"},\"potentialAction\":[{\"@type\":\"SearchAction\",\"target\":{\"@type\":\"EntryPoint\",\"urlTemplate\":\"https:\\\/\\\/www.lasikvisioninstitute.com\\\/es\\\/?s={search_term_string}\"},\"query-input\":{\"@type\":\"PropertyValueSpecification\",\"valueRequired\":true,\"valueName\":\"search_term_string\"}}],\"inLanguage\":\"es-ES\"},{\"@type\":\"Organization\",\"@id\":\"https:\\\/\\\/www.lasikvisioninstitute.com\\\/es\\\/#organization\",\"name\":\"The LASIK Vision Institute\",\"url\":\"https:\\\/\\\/www.lasikvisioninstitute.com\\\/es\\\/\",\"logo\":{\"@type\":\"ImageObject\",\"inLanguage\":\"es-ES\",\"@id\":\"https:\\\/\\\/www.lasikvisioninstitute.com\\\/es\\\/#\\\/schema\\\/logo\\\/image\\\/\",\"url\":\"https:\\\/\\\/www.lasikvisioninstitute.com\\\/wp-content\\\/uploads\\\/2019\\\/10\\\/The-LASIK-Vision-Institute-Logo.png\",\"contentUrl\":\"https:\\\/\\\/www.lasikvisioninstitute.com\\\/wp-content\\\/uploads\\\/2019\\\/10\\\/The-LASIK-Vision-Institute-Logo.png\",\"width\":1000,\"height\":289,\"caption\":\"The LASIK Vision Institute\"},\"image\":{\"@id\":\"https:\\\/\\\/www.lasikvisioninstitute.com\\\/es\\\/#\\\/schema\\\/logo\\\/image\\\/\"}}]}<\/script>\n<!-- \/ Yoast SEO plugin. -->","yoast_head_json":{"title":"Cirug\u00eda ocular LASIK y su prescripci\u00f3n para la vista - LASIK Vision Institute","description":"La cirug\u00eda ocular con l\u00e1ser LASIK puede corregir problemas de visi\u00f3n como la miop\u00eda, la hipermetrop\u00eda y el astigmatismo. Reserve una consulta gratuita en un centro cerca de usted.","robots":{"index":"index","follow":"follow","max-snippet":"max-snippet:-1","max-image-preview":"max-image-preview:large","max-video-preview":"max-video-preview:-1"},"canonical":"https:\/\/www.lasikvisioninstitute.com\/es\/acerca-de-su-receta\/","og_locale":"es_ES","og_type":"article","og_title":"Cirug\u00eda ocular LASIK y su prescripci\u00f3n para la vista - LASIK Vision Institute","og_description":"La cirug\u00eda ocular con l\u00e1ser LASIK puede corregir problemas de visi\u00f3n como la miop\u00eda, la hipermetrop\u00eda y el astigmatismo. Reserve una consulta gratuita en un centro cerca de usted.","og_url":"https:\/\/www.lasikvisioninstitute.com\/es\/acerca-de-su-receta\/","og_site_name":"The LASIK Vision Institute","article_modified_time":"2024-06-04T23:02:34+00:00","twitter_card":"summary_large_image","schema":{"@context":"https:\/\/schema.org","@graph":[{"@type":"WebPage","@id":"https:\/\/www.lasikvisioninstitute.com\/es\/acerca-de-su-receta\/","url":"https:\/\/www.lasikvisioninstitute.com\/es\/acerca-de-su-receta\/","name":"Cirug\u00eda ocular LASIK y su prescripci\u00f3n para la vista - LASIK Vision Institute","isPartOf":{"@id":"https:\/\/www.lasikvisioninstitute.com\/es\/#website"},"datePublished":"2013-02-02T02:32:07+00:00","dateModified":"2024-06-04T23:02:34+00:00","description":"La cirug\u00eda ocular con l\u00e1ser LASIK puede corregir problemas de visi\u00f3n como la miop\u00eda, la hipermetrop\u00eda y el astigmatismo. Reserve una consulta gratuita en un centro cerca de usted.","breadcrumb":{"@id":"https:\/\/www.lasikvisioninstitute.com\/es\/acerca-de-su-receta\/#breadcrumb"},"inLanguage":"es-ES","potentialAction":[{"@type":"ReadAction","target":["https:\/\/www.lasikvisioninstitute.com\/es\/acerca-de-su-receta\/"]}]},{"@type":"BreadcrumbList","@id":"https:\/\/www.lasikvisioninstitute.com\/es\/acerca-de-su-receta\/#breadcrumb","itemListElement":[{"@type":"ListItem","position":1,"name":"Portada","item":"https:\/\/www.lasikvisioninstitute.com\/es\/"},{"@type":"ListItem","position":2,"name":"Acerca de su receta"}]},{"@type":"WebSite","@id":"https:\/\/www.lasikvisioninstitute.com\/es\/#website","url":"https:\/\/www.lasikvisioninstitute.com\/es\/","name":"The LASIK Vision Institute","description":"1.4 Million LASIK Eye Surgeries and Counting","publisher":{"@id":"https:\/\/www.lasikvisioninstitute.com\/es\/#organization"},"potentialAction":[{"@type":"SearchAction","target":{"@type":"EntryPoint","urlTemplate":"https:\/\/www.lasikvisioninstitute.com\/es\/?s={search_term_string}"},"query-input":{"@type":"PropertyValueSpecification","valueRequired":true,"valueName":"search_term_string"}}],"inLanguage":"es-ES"},{"@type":"Organization","@id":"https:\/\/www.lasikvisioninstitute.com\/es\/#organization","name":"The LASIK Vision Institute","url":"https:\/\/www.lasikvisioninstitute.com\/es\/","logo":{"@type":"ImageObject","inLanguage":"es-ES","@id":"https:\/\/www.lasikvisioninstitute.com\/es\/#\/schema\/logo\/image\/","url":"https:\/\/www.lasikvisioninstitute.com\/wp-content\/uploads\/2019\/10\/The-LASIK-Vision-Institute-Logo.png","contentUrl":"https:\/\/www.lasikvisioninstitute.com\/wp-content\/uploads\/2019\/10\/The-LASIK-Vision-Institute-Logo.png","width":1000,"height":289,"caption":"The LASIK Vision Institute"},"image":{"@id":"https:\/\/www.lasikvisioninstitute.com\/es\/#\/schema\/logo\/image\/"}}]}},"_links":{"self":[{"href":"https:\/\/www.lasikvisioninstitute.com\/es\/wp-json\/wp\/v2\/pages\/165073","targetHints":{"allow":["GET"]}}],"collection":[{"href":"https:\/\/www.lasikvisioninstitute.com\/es\/wp-json\/wp\/v2\/pages"}],"about":[{"href":"https:\/\/www.lasikvisioninstitute.com\/es\/wp-json\/wp\/v2\/types\/page"}],"author":[{"embeddable":true,"href":"https:\/\/www.lasikvisioninstitute.com\/es\/wp-json\/wp\/v2\/users\/33"}],"replies":[{"embeddable":true,"href":"https:\/\/www.lasikvisioninstitute.com\/es\/wp-json\/wp\/v2\/comments?post=165073"}],"version-history":[{"count":0,"href":"https:\/\/www.lasikvisioninstitute.com\/es\/wp-json\/wp\/v2\/pages\/165073\/revisions"}],"wp:attachment":[{"href":"https:\/\/www.lasikvisioninstitute.com\/es\/wp-json\/wp\/v2\/media?parent=165073"}],"curies":[{"name":"wp","href":"https:\/\/api.w.org\/{rel}","templated":true}]}}