{"id":165018,"date":"2022-07-22T14:09:00","date_gmt":"2022-07-22T19:09:00","guid":{"rendered":"https:\/\/dev.lasikvisioninstitute.com\/financiacion-carecredit-48-meses-de-tae-reducida\/"},"modified":"2024-06-04T20:47:13","modified_gmt":"2024-06-05T01:47:13","slug":"financiacion-carecredit-48-meses-de-tae-reducida","status":"publish","type":"page","link":"https:\/\/www.lasikvisioninstitute.com\/es\/puedes-permitirte-la-cirugia-ocular-lasik\/financiacion-carecredit-48-meses-de-tae-reducida\/","title":{"rendered":"Financiaci\u00f3n CareCredit &#8211; 48 meses de TAE reducida"},"content":{"rendered":"\n<figure class=\"wp-block-table\"><table class=\"has-deep-teal-color has-polar-white-background-color has-text-color has-background has-fixed-layout\"><thead><tr><th class=\"has-text-align-center\" data-align=\"center\">Importe de la compra promocional<\/th><th class=\"has-text-align-center\" data-align=\"center\">Cuotas fijas mensuales<\/th><th class=\"has-text-align-center\" data-align=\"center\">Per\u00edodo promocional<\/th><th class=\"has-text-align-center\" data-align=\"center\">Pagos totales (incluidos los intereses)<\/th><\/tr><\/thead><tbody><tr><td class=\"has-text-align-center\" data-align=\"center\"><strong>$3,000<\/strong><\/td><td class=\"has-text-align-center\" data-align=\"center\"><strong>$92<\/strong><\/td><td class=\"has-text-align-center\" data-align=\"center\"><strong>48 meses<\/strong><\/td><td class=\"has-text-align-center\" data-align=\"center\"><strong>$4,375<\/strong><\/td><\/tr><\/tbody><\/table><\/figure>\n\n<p>La <strong>cuota mensual estimada que aparece arriba es igual al precio de compra (excluidos impuestos y gastos de env\u00edo) multiplicado por el 3,0377%<\/strong>. Se redondea al siguiente d\u00f3lar entero m\u00e1s alto. S\u00f3lo es v\u00e1lido con la oferta de financiaci\u00f3n indicada. Si realizas estos pagos antes de la fecha de vencimiento cada mes, deber\u00edas saldar esta compra dentro del periodo promocional, si es el \u00fanico saldo que est\u00e1s pagando. Si tienes otros saldos en tu cuenta, este pago se a\u00f1adir\u00e1 a cualquier otro pago m\u00ednimo mensual.<\/p>\n\n<p><strong>IMPORTANTE: La informaci\u00f3n sobre el Pago Fijo Mensual que se muestra supone que se aplica a la compra la siguiente oferta promocional de financiaci\u00f3n:<\/strong><\/p>\n\n<p><strong>19,90% TAE durante 48 Meses**<\/strong><br\/>En compras de 1000 $ o m\u00e1s con tu tarjeta de cr\u00e9dito CareCredit. Se requieren 48 mensualidades fijas.<\/p>\n\n<div style=\"height:24px\" aria-hidden=\"true\" class=\"wp-block-spacer\"><\/div>\n\n<p style=\"font-size:8px\">**Se aplicar\u00e1n intereses a las compras promocionales a partir de la fecha de compra a una TAE reducida del 19,90% en compras con financiaci\u00f3n promocional a 48 meses. Se requieren pagos mensuales fijos hasta que se pague la totalidad y se calcular\u00e1n de la siguiente manera: en la promoci\u00f3n a 48 meses &#8211; 3,0377% del importe de compra inicial de la promoci\u00f3n. El pago mensual fijo se redondear\u00e1 al siguiente d\u00f3lar entero m\u00e1s alto y puede ser superior al pago m\u00ednimo que se exigir\u00eda si la compra fuera una compra no promocional. Durante el \u00faltimo mes o los \u00faltimos meses del periodo promocional, la cuota mensual exigida puede reducirse debido al redondeo de los meses anteriores. Las condiciones normales de la cuenta se aplican a las compras no promocionales. Para cuentas nuevas: La TAE de compra es del 29,99%. El cargo m\u00ednimo por intereses es de 2 $. Los titulares de tarjetas existentes deben consultar los contratos de sus tarjetas de cr\u00e9dito para conocer las condiciones aplicables. Sujeto a aprobaci\u00f3n de cr\u00e9dito.<\/p>\n\n<div class=\"wp-block-columns is-layout-flex wp-container-core-columns-is-layout-28f84493 wp-block-columns-is-layout-flex\">\n<div class=\"wp-block-column is-layout-flow wp-block-column-is-layout-flow\"><\/div>\n<\/div>\n","protected":false},"excerpt":{"rendered":"<p>Importe de la compra promocional Cuotas fijas mensuales Per\u00edodo promocional Pagos totales (incluidos los intereses) $3,000 $92 48 meses $4,375 La cuota mensual estimada que aparece arriba es igual al precio de compra (excluidos impuestos y gastos de env\u00edo) multiplicado por el 3,0377%. Se redondea al siguiente d\u00f3lar entero m\u00e1s alto. S\u00f3lo es v\u00e1lido con [&hellip;]<\/p>\n","protected":false},"author":33,"featured_media":0,"parent":165891,"menu_order":0,"comment_status":"closed","ping_status":"closed","template":"","meta":{"_acf_changed":false,"footnotes":""},"class_list":["post-165018","page","type-page","status-publish"],"acf":[],"yoast_head":"<!-- This site is optimized with the Yoast SEO plugin v27.6 - https:\/\/yoast.com\/product\/yoast-seo-wordpress\/ -->\n<title>Financiaci\u00f3n CareCredit - 48 meses de TAE reducida<\/title>\n<meta name=\"description\" content=\"La cuota mensual estimada que aparece arriba es igual al precio de compra (impuestos y gastos de env\u00edo excluidos) multiplicado por el 2,8803%. Se redondea al siguiente d\u00f3lar entero m\u00e1s alto. S\u00f3lo es v\u00e1lido con la oferta de financiaci\u00f3n indicada.\" \/>\n<meta name=\"robots\" content=\"noindex, nofollow\" \/>\n<meta property=\"og:locale\" content=\"es_ES\" \/>\n<meta property=\"og:type\" content=\"article\" \/>\n<meta property=\"og:title\" content=\"Financiaci\u00f3n CareCredit - 48 meses de TAE reducida\" \/>\n<meta property=\"og:description\" content=\"La cuota mensual estimada que aparece arriba es igual al precio de compra (impuestos y gastos de env\u00edo excluidos) multiplicado por el 2,8803%. Se redondea al siguiente d\u00f3lar entero m\u00e1s alto. S\u00f3lo es v\u00e1lido con la oferta de financiaci\u00f3n indicada.\" \/>\n<meta property=\"og:url\" content=\"https:\/\/www.lasikvisioninstitute.com\/es\/puedes-permitirte-la-cirugia-ocular-lasik\/financiacion-carecredit-48-meses-de-tae-reducida\/\" \/>\n<meta property=\"og:site_name\" content=\"The LASIK Vision Institute\" \/>\n<meta property=\"article:modified_time\" content=\"2024-06-05T01:47:13+00:00\" \/>\n<meta name=\"twitter:card\" content=\"summary_large_image\" \/>\n<script type=\"application\/ld+json\" class=\"yoast-schema-graph\">{\"@context\":\"https:\\\/\\\/schema.org\",\"@graph\":[{\"@type\":\"WebPage\",\"@id\":\"https:\\\/\\\/www.lasikvisioninstitute.com\\\/es\\\/puedes-permitirte-la-cirugia-ocular-lasik\\\/financiacion-carecredit-48-meses-de-tae-reducida\\\/\",\"url\":\"https:\\\/\\\/www.lasikvisioninstitute.com\\\/es\\\/puedes-permitirte-la-cirugia-ocular-lasik\\\/financiacion-carecredit-48-meses-de-tae-reducida\\\/\",\"name\":\"Financiaci\u00f3n CareCredit - 48 meses de TAE reducida\",\"isPartOf\":{\"@id\":\"https:\\\/\\\/www.lasikvisioninstitute.com\\\/es\\\/#website\"},\"datePublished\":\"2022-07-22T19:09:00+00:00\",\"dateModified\":\"2024-06-05T01:47:13+00:00\",\"description\":\"La cuota mensual estimada que aparece arriba es igual al precio de compra (impuestos y gastos de env\u00edo excluidos) multiplicado por el 2,8803%. Se redondea al siguiente d\u00f3lar entero m\u00e1s alto. S\u00f3lo es v\u00e1lido con la oferta de financiaci\u00f3n indicada.\",\"breadcrumb\":{\"@id\":\"https:\\\/\\\/www.lasikvisioninstitute.com\\\/es\\\/puedes-permitirte-la-cirugia-ocular-lasik\\\/financiacion-carecredit-48-meses-de-tae-reducida\\\/#breadcrumb\"},\"inLanguage\":\"es-ES\",\"potentialAction\":[{\"@type\":\"ReadAction\",\"target\":[\"https:\\\/\\\/www.lasikvisioninstitute.com\\\/es\\\/puedes-permitirte-la-cirugia-ocular-lasik\\\/financiacion-carecredit-48-meses-de-tae-reducida\\\/\"]}]},{\"@type\":\"BreadcrumbList\",\"@id\":\"https:\\\/\\\/www.lasikvisioninstitute.com\\\/es\\\/puedes-permitirte-la-cirugia-ocular-lasik\\\/financiacion-carecredit-48-meses-de-tae-reducida\\\/#breadcrumb\",\"itemListElement\":[{\"@type\":\"ListItem\",\"position\":1,\"name\":\"Portada\",\"item\":\"https:\\\/\\\/www.lasikvisioninstitute.com\\\/es\\\/\"},{\"@type\":\"ListItem\",\"position\":2,\"name\":\"Puedes permitirte la cirug\u00eda ocular LASIK\",\"item\":\"https:\\\/\\\/www.lasikvisioninstitute.com\\\/es\\\/puedes-permitirte-la-cirugia-ocular-lasik\\\/\"},{\"@type\":\"ListItem\",\"position\":3,\"name\":\"Financiaci\u00f3n CareCredit &#8211; 48 meses de TAE reducida\"}]},{\"@type\":\"WebSite\",\"@id\":\"https:\\\/\\\/www.lasikvisioninstitute.com\\\/es\\\/#website\",\"url\":\"https:\\\/\\\/www.lasikvisioninstitute.com\\\/es\\\/\",\"name\":\"The LASIK Vision Institute\",\"description\":\"1.4 Million LASIK Eye Surgeries and Counting\",\"publisher\":{\"@id\":\"https:\\\/\\\/www.lasikvisioninstitute.com\\\/es\\\/#organization\"},\"potentialAction\":[{\"@type\":\"SearchAction\",\"target\":{\"@type\":\"EntryPoint\",\"urlTemplate\":\"https:\\\/\\\/www.lasikvisioninstitute.com\\\/es\\\/?s={search_term_string}\"},\"query-input\":{\"@type\":\"PropertyValueSpecification\",\"valueRequired\":true,\"valueName\":\"search_term_string\"}}],\"inLanguage\":\"es-ES\"},{\"@type\":\"Organization\",\"@id\":\"https:\\\/\\\/www.lasikvisioninstitute.com\\\/es\\\/#organization\",\"name\":\"The LASIK Vision Institute\",\"url\":\"https:\\\/\\\/www.lasikvisioninstitute.com\\\/es\\\/\",\"logo\":{\"@type\":\"ImageObject\",\"inLanguage\":\"es-ES\",\"@id\":\"https:\\\/\\\/www.lasikvisioninstitute.com\\\/es\\\/#\\\/schema\\\/logo\\\/image\\\/\",\"url\":\"https:\\\/\\\/www.lasikvisioninstitute.com\\\/wp-content\\\/uploads\\\/2019\\\/10\\\/The-LASIK-Vision-Institute-Logo.png\",\"contentUrl\":\"https:\\\/\\\/www.lasikvisioninstitute.com\\\/wp-content\\\/uploads\\\/2019\\\/10\\\/The-LASIK-Vision-Institute-Logo.png\",\"width\":1000,\"height\":289,\"caption\":\"The LASIK Vision Institute\"},\"image\":{\"@id\":\"https:\\\/\\\/www.lasikvisioninstitute.com\\\/es\\\/#\\\/schema\\\/logo\\\/image\\\/\"}}]}<\/script>\n<!-- \/ Yoast SEO plugin. -->","yoast_head_json":{"title":"Financiaci\u00f3n CareCredit - 48 meses de TAE reducida","description":"La cuota mensual estimada que aparece arriba es igual al precio de compra (impuestos y gastos de env\u00edo excluidos) multiplicado por el 2,8803%. Se redondea al siguiente d\u00f3lar entero m\u00e1s alto. S\u00f3lo es v\u00e1lido con la oferta de financiaci\u00f3n indicada.","robots":{"index":"noindex","follow":"nofollow"},"og_locale":"es_ES","og_type":"article","og_title":"Financiaci\u00f3n CareCredit - 48 meses de TAE reducida","og_description":"La cuota mensual estimada que aparece arriba es igual al precio de compra (impuestos y gastos de env\u00edo excluidos) multiplicado por el 2,8803%. Se redondea al siguiente d\u00f3lar entero m\u00e1s alto. S\u00f3lo es v\u00e1lido con la oferta de financiaci\u00f3n indicada.","og_url":"https:\/\/www.lasikvisioninstitute.com\/es\/puedes-permitirte-la-cirugia-ocular-lasik\/financiacion-carecredit-48-meses-de-tae-reducida\/","og_site_name":"The LASIK Vision Institute","article_modified_time":"2024-06-05T01:47:13+00:00","twitter_card":"summary_large_image","schema":{"@context":"https:\/\/schema.org","@graph":[{"@type":"WebPage","@id":"https:\/\/www.lasikvisioninstitute.com\/es\/puedes-permitirte-la-cirugia-ocular-lasik\/financiacion-carecredit-48-meses-de-tae-reducida\/","url":"https:\/\/www.lasikvisioninstitute.com\/es\/puedes-permitirte-la-cirugia-ocular-lasik\/financiacion-carecredit-48-meses-de-tae-reducida\/","name":"Financiaci\u00f3n CareCredit - 48 meses de TAE reducida","isPartOf":{"@id":"https:\/\/www.lasikvisioninstitute.com\/es\/#website"},"datePublished":"2022-07-22T19:09:00+00:00","dateModified":"2024-06-05T01:47:13+00:00","description":"La cuota mensual estimada que aparece arriba es igual al precio de compra (impuestos y gastos de env\u00edo excluidos) multiplicado por el 2,8803%. Se redondea al siguiente d\u00f3lar entero m\u00e1s alto. S\u00f3lo es v\u00e1lido con la oferta de financiaci\u00f3n indicada.","breadcrumb":{"@id":"https:\/\/www.lasikvisioninstitute.com\/es\/puedes-permitirte-la-cirugia-ocular-lasik\/financiacion-carecredit-48-meses-de-tae-reducida\/#breadcrumb"},"inLanguage":"es-ES","potentialAction":[{"@type":"ReadAction","target":["https:\/\/www.lasikvisioninstitute.com\/es\/puedes-permitirte-la-cirugia-ocular-lasik\/financiacion-carecredit-48-meses-de-tae-reducida\/"]}]},{"@type":"BreadcrumbList","@id":"https:\/\/www.lasikvisioninstitute.com\/es\/puedes-permitirte-la-cirugia-ocular-lasik\/financiacion-carecredit-48-meses-de-tae-reducida\/#breadcrumb","itemListElement":[{"@type":"ListItem","position":1,"name":"Portada","item":"https:\/\/www.lasikvisioninstitute.com\/es\/"},{"@type":"ListItem","position":2,"name":"Puedes permitirte la cirug\u00eda ocular LASIK","item":"https:\/\/www.lasikvisioninstitute.com\/es\/puedes-permitirte-la-cirugia-ocular-lasik\/"},{"@type":"ListItem","position":3,"name":"Financiaci\u00f3n CareCredit &#8211; 48 meses de TAE reducida"}]},{"@type":"WebSite","@id":"https:\/\/www.lasikvisioninstitute.com\/es\/#website","url":"https:\/\/www.lasikvisioninstitute.com\/es\/","name":"The LASIK Vision Institute","description":"1.4 Million LASIK Eye Surgeries and Counting","publisher":{"@id":"https:\/\/www.lasikvisioninstitute.com\/es\/#organization"},"potentialAction":[{"@type":"SearchAction","target":{"@type":"EntryPoint","urlTemplate":"https:\/\/www.lasikvisioninstitute.com\/es\/?s={search_term_string}"},"query-input":{"@type":"PropertyValueSpecification","valueRequired":true,"valueName":"search_term_string"}}],"inLanguage":"es-ES"},{"@type":"Organization","@id":"https:\/\/www.lasikvisioninstitute.com\/es\/#organization","name":"The LASIK Vision Institute","url":"https:\/\/www.lasikvisioninstitute.com\/es\/","logo":{"@type":"ImageObject","inLanguage":"es-ES","@id":"https:\/\/www.lasikvisioninstitute.com\/es\/#\/schema\/logo\/image\/","url":"https:\/\/www.lasikvisioninstitute.com\/wp-content\/uploads\/2019\/10\/The-LASIK-Vision-Institute-Logo.png","contentUrl":"https:\/\/www.lasikvisioninstitute.com\/wp-content\/uploads\/2019\/10\/The-LASIK-Vision-Institute-Logo.png","width":1000,"height":289,"caption":"The LASIK Vision Institute"},"image":{"@id":"https:\/\/www.lasikvisioninstitute.com\/es\/#\/schema\/logo\/image\/"}}]}},"_links":{"self":[{"href":"https:\/\/www.lasikvisioninstitute.com\/es\/wp-json\/wp\/v2\/pages\/165018","targetHints":{"allow":["GET"]}}],"collection":[{"href":"https:\/\/www.lasikvisioninstitute.com\/es\/wp-json\/wp\/v2\/pages"}],"about":[{"href":"https:\/\/www.lasikvisioninstitute.com\/es\/wp-json\/wp\/v2\/types\/page"}],"author":[{"embeddable":true,"href":"https:\/\/www.lasikvisioninstitute.com\/es\/wp-json\/wp\/v2\/users\/33"}],"replies":[{"embeddable":true,"href":"https:\/\/www.lasikvisioninstitute.com\/es\/wp-json\/wp\/v2\/comments?post=165018"}],"version-history":[{"count":0,"href":"https:\/\/www.lasikvisioninstitute.com\/es\/wp-json\/wp\/v2\/pages\/165018\/revisions"}],"up":[{"embeddable":true,"href":"https:\/\/www.lasikvisioninstitute.com\/es\/wp-json\/wp\/v2\/pages\/165891"}],"wp:attachment":[{"href":"https:\/\/www.lasikvisioninstitute.com\/es\/wp-json\/wp\/v2\/media?parent=165018"}],"curies":[{"name":"wp","href":"https:\/\/api.w.org\/{rel}","templated":true}]}}