{"id":165014,"date":"2022-08-29T17:08:48","date_gmt":"2022-08-29T22:08:48","guid":{"rendered":"https:\/\/dev.lasikvisioninstitute.com\/funcionario-descuento-lasik\/"},"modified":"2024-06-04T20:23:54","modified_gmt":"2024-06-05T01:23:54","slug":"funcionario-descuento-lasik","status":"publish","type":"page","link":"https:\/\/www.lasikvisioninstitute.com\/es\/funcionario-descuento-lasik\/","title":{"rendered":"Funcionario Descuento LASIK"},"content":{"rendered":"\n<div class=\"wp-block-media-text alignfull is-stacked-on-mobile is-image-fill has-polar-white-background-color has-background\"><figure class=\"wp-block-media-text__media\" style=\"background-image:url(https:\/\/www.lasikvisioninstitute.com\/wp-content\/uploads\/2022\/08\/pexels-rodnae-productions-7468240-1400x933.jpg);background-position:73% 41%\"><img decoding=\"async\" src=\"https:\/\/www.lasikvisioninstitute.com\/wp-content\/uploads\/2022\/08\/pexels-rodnae-productions-7468240-1400x933.jpg\" alt=\"\" class=\"wp-image-141922 size-full\"\/><\/figure><div class=\"wp-block-media-text__content\">\n<div style=\"height:100px\" aria-hidden=\"true\" class=\"wp-block-spacer\"><\/div>\n\n\n\n<h1 class=\"wp-block-heading\">Los funcionarios disfrutan de <span class=\"d-inline-block\">un 20% de descuento en LASIK<\/span> <sup style=\"font-size:20px; top:-1em;\">\u0191<\/sup><\/h1>\n\n\n\n<div style=\"height:10px\" aria-hidden=\"true\" class=\"wp-block-spacer\"><\/div>\n\n\n\n<p class=\"has-normal-font-size\"><meta charset=\"utf-8\"\/>Apreciamos todas las formas en que serv\u00eds a nuestro pa\u00eds y a nuestras comunidades. Como agradecimiento, te ofrecemos este descuento especial para ayudarte a ver con m\u00e1s claridad.<\/p>\n\n\n\n<div class=\"wp-block-buttons is-layout-flex wp-block-buttons-is-layout-flex\">\n<div class=\"wp-block-button\"><a class=\"wp-block-button__link wp-element-button\" href=\"https:\/\/www.lasikvisioninstitute.com\/es\/ischedule-es\/\">Programar una consulta GRATUITA<\/a><\/div>\n<\/div>\n\n\n\n<div style=\"height:100px\" aria-hidden=\"true\" class=\"wp-block-spacer\"><\/div>\n<\/div><\/div>\n\n<div style=\"height:100px\" aria-hidden=\"true\" class=\"wp-block-spacer\"><\/div>\n\n<div class=\"wp-block-media-text alignwide is-stacked-on-mobile is-image-fill\"><figure class=\"wp-block-media-text__media\" style=\"background-image:url(https:\/\/www.lasikvisioninstitute.com\/wp-content\/uploads\/2022\/08\/pexels-kindel-media-7715065-1400x1050.jpg);background-position:70% 44%\"><img decoding=\"async\" src=\"https:\/\/www.lasikvisioninstitute.com\/wp-content\/uploads\/2022\/08\/pexels-kindel-media-7715065-1400x1050.jpg\" alt=\"\" class=\"wp-image-141916 size-full\"\/><\/figure><div class=\"wp-block-media-text__content\">\n<div style=\"height:100px\" aria-hidden=\"true\" class=\"wp-block-spacer\"><\/div>\n\n\n\n<h6 class=\"wp-block-heading has-teal-color is-style-muted-heading has-text-color\">Los contactos son un peligro<\/h6>\n\n\n\n<h2 class=\"wp-block-heading has-extra-large-font-size\">LASIK ES M\u00c1S SEGURO<\/h2>\n\n\n\n<p>Trabajar en condiciones duras, impredecibles o sucias con lentillas o gafas puede crear riesgos innecesarios de lesiones oculares o incluso de p\u00e9rdida de visi\u00f3n.<\/p>\n\n\n\n<div style=\"height:100px\" aria-hidden=\"true\" class=\"wp-block-spacer\"><\/div>\n<\/div><\/div>\n\n<div style=\"height:100px\" aria-hidden=\"true\" class=\"wp-block-spacer d-none d-lg-block\"><\/div>\n\n<div class=\"wp-block-group alignfull has-teal-background-color has-background is-layout-flow wp-block-group-is-layout-flow\" style=\"padding-top:60px;padding-right:30px;padding-bottom:60px;padding-left:30px\">\n<div class=\"m-auto d-flex flex-column flex-md-row justify-content-center align-items-center\" style=\"max-width:800px\">\n<div class=\"d-flex flex-column flex-md-row justify-content-center align-items-center mx-auto\" style=\"max-width:600px\">\n<h2 class=\"has-text-align-right has-white-color has-text-color has-huge-font-size mr-md-4 my-0 text-center\" style=\"font-size:84px;\">40%<\/h2>\n<h3 class=\"has-text-align-left has-white-color has-text-color text-center text-md-left my-0\" style=\"font-size:26px; line-height:1.4; font-weight:300;\">de todas las lesiones oculares se deben a lentillas o gafas<\/h3>\n<\/div>\n<div class=\"mt-4 mt-md-0\"><img decoding=\"async\" src=\"\/wp-content\/uploads\/2022\/10\/glasses-contacts.png\" alt=\"Gafas y lentillas\" style=\"max-height:70px;\"\/><\/div>\n<\/div>\n<\/div>\n\n<div style=\"height:100px\" aria-hidden=\"true\" class=\"wp-block-spacer\"><\/div>\n\n<div class=\"wp-block-media-text alignwide is-stacked-on-mobile is-image-fill\"><figure class=\"wp-block-media-text__media\" style=\"background-image:url(https:\/\/www.lasikvisioninstitute.com\/wp-content\/uploads\/2022\/08\/pexels-pixabay-162540-1400x933.jpg);background-position:50% 50%\"><img decoding=\"async\" src=\"https:\/\/www.lasikvisioninstitute.com\/wp-content\/uploads\/2022\/08\/pexels-pixabay-162540-1400x933.jpg\" alt=\"\" class=\"wp-image-141920 size-full\"\/><\/figure><div class=\"wp-block-media-text__content\">\n<div style=\"height:100px\" aria-hidden=\"true\" class=\"wp-block-spacer\"><\/div>\n\n\n\n<h6 class=\"wp-block-heading has-teal-color is-style-muted-heading has-text-color\">LVI Recomienda<\/h6>\n\n\n\n<h2 class=\"wp-block-heading has-extra-large-font-size\">LASIK PARA LA SEGURIDAD<\/h2>\n\n\n\n<p>El LASIK puede ayudar a hacer la vida m\u00e1s f\u00e1cil y segura a los funcionarios, ya que les libera m\u00e1s de las gafas y las lentillas y contribuye a reducir el riesgo de lesiones oculares en el trabajo.<br\/><\/p>\n\n\n\n<div style=\"height:100px\" aria-hidden=\"true\" class=\"wp-block-spacer\"><\/div>\n<\/div><\/div>\n\n<div style=\"height:100px\" aria-hidden=\"true\" class=\"wp-block-spacer d-none d-lg-block\"><\/div>\n\n<div class=\"wp-block-media-text alignwide is-stacked-on-mobile is-image-fill\"><figure class=\"wp-block-media-text__media\" style=\"background-image:url(https:\/\/www.lasikvisioninstitute.com\/wp-content\/uploads\/2022\/08\/pexels-max-fischer-5212325-1400x933.jpg);background-position:49% 28%\"><img decoding=\"async\" src=\"https:\/\/www.lasikvisioninstitute.com\/wp-content\/uploads\/2022\/08\/pexels-max-fischer-5212325-1400x933.jpg\" alt=\"\" class=\"wp-image-141918 size-full\"\/><\/figure><div class=\"wp-block-media-text__content\">\n<div style=\"height:0px\" aria-hidden=\"true\" class=\"wp-block-spacer\"><\/div>\n\n\n\n<div style=\"height:100px\" aria-hidden=\"true\" class=\"wp-block-spacer\"><\/div>\n\n\n\n<h6 class=\"wp-block-heading has-teal-color is-style-muted-heading has-text-color\" id=\"lasik-candidates-should-have-good-eye-health\">Coste del Lasik para funcionarios<\/h6>\n\n\n\n<h3 class=\"wp-block-heading has-extra-large-font-size\" id=\"lasik-candidates-should-have-good-eye-health\">Nunca ha habido un momento mejor para hacerlo.<\/h3>\n\n\n\n<p>Nuestro objetivo es proporcionar a los h\u00e9roes y primeros intervinientes de nuestra naci\u00f3n un LASIK asequible. \u00a1Adem\u00e1s de ofrecer a los funcionarios un descuento en LASIK, tambi\u00e9n igualamos el precio de cualquier presupuesto leg\u00edtimo de la competencia y ofrecemos financiaci\u00f3n garantizada \u2021 a todos los pacientes! Si usas gafas o lentes de contacto, ahora es el momento de visitar uno de nuestros centros oftalmol\u00f3gicos para una consulta gratuita y sin compromiso con nuestro equipo de especialistas en LASIK para ver si eres candidato a la cirug\u00eda LASIK.<\/p>\n\n\n\n<div class=\"wp-block-buttons is-layout-flex wp-block-buttons-is-layout-flex\">\n<div class=\"wp-block-button\"><a class=\"wp-block-button__link wp-element-button\" href=\"https:\/\/www.lasikvisioninstitute.com\/es\/ischedule-es\/\">Programar una consulta GRATUITA<\/a><\/div>\n<\/div>\n\n\n\n<div style=\"height:100px\" aria-hidden=\"true\" class=\"wp-block-spacer\"><\/div>\n<\/div><\/div>\n\n<div style=\"height:100px\" aria-hidden=\"true\" class=\"wp-block-spacer\"><\/div>\n\n<section class=\"blocks block-reviews  alignfull\" id=\"block_18c15c52976dc31b70f082b07b83cb8b\">\n    <div class=\"block-reviews__container\">\n                    <h2 class=\"block-reviews__heading\">Lo que dicen nuestros pacientes<\/h2>\n        \n                            <div class=\"block-reviews__grid\">\n                \n                    <div class=\"block-reviews__item \">\n                        <div class='block-reviews__review'>\n\n                            <div class=\"block-reviews__title\">\n                                <span class=\"block-reviews__stars\">\u2605\u2605\u2605\u2605\u2605<\/span>\n                                <h3>Me encant\u00f3 mi experiencia<\/h3>\n                            <\/div>\n\n                            <p class=\"block-reviews__comments\">\n                                Estuvieron absolutamente fant\u00e1sticos. Profesional. Tranquilo. Reconfortante. Me encant\u00f3 mi experiencia. La mejor decisi\u00f3n, aparte de tener a mi familia, que he tomado nunca. Sin duda alguna.                            <\/p>\n\n                            <span class=\"block-reviews__reviewer\">\n                                <div class=\"block-reviews__photo\">\n                                                                    <\/div>\n                                <div class=\"block-reviews__name\">\n                                    <div><strong>Erin L.<\/strong><\/div>\n                                    <div><small class=\"block-reviews__location\">Birmingham, AL<\/small><\/div>\n                                <\/div>\n                            <\/span>\n                        <\/div>\n                    <\/div>\n\n                \n                    <div class=\"block-reviews__item block-reviews__item--2nd\">\n                        <div class='block-reviews__review'>\n\n                            <div class=\"block-reviews__title\">\n                                <span class=\"block-reviews__stars\">\u2605\u2605\u2605\u2605\u2605<\/span>\n                                <h3>No te arrepentir\u00e1s<\/h3>\n                            <\/div>\n\n                            <p class=\"block-reviews__comments\">\n                                \u00a1\u00a1\u00a1Recomiendo encarecidamente el Instituto de Visi\u00f3n Lasik!!! Hace 15 a\u00f1os que llevo lentillas\/gafas y no puedo expresar lo afortunada que me siento de tener una visi\u00f3n 20\/20. No dejes que el miedo te detenga, te prometo que no te arrepentir\u00e1s.                            <\/p>\n\n                            <span class=\"block-reviews__reviewer\">\n                                <div class=\"block-reviews__photo\">\n                                                                    <\/div>\n                                <div class=\"block-reviews__name\">\n                                    <div><strong>Laura M.<\/strong><\/div>\n                                    <div><small class=\"block-reviews__location\">El Paso, TX<\/small><\/div>\n                                <\/div>\n                            <\/span>\n                        <\/div>\n                    <\/div>\n\n                \n                    <div class=\"block-reviews__item block-reviews__item--3rd\">\n                        <div class='block-reviews__review'>\n\n                            <div class=\"block-reviews__title\">\n                                <span class=\"block-reviews__stars\">\u2605\u2605\u2605\u2605\u2605<\/span>\n                                <h3>Visi\u00f3n GRANMENTE Mejorada<\/h3>\n                            <\/div>\n\n                            <p class=\"block-reviews__comments\">\n                                La mejor parte de hacerme el LASIK es mi nueva visi\u00f3n, que ha mejorado MUCHO. La segunda mejor parte es EL PERSONAL del LASIK Vision Institute. Todas las personas con las que me encontr\u00e9 all\u00ed fueron una absoluta delicia                            <\/p>\n\n                            <span class=\"block-reviews__reviewer\">\n                                <div class=\"block-reviews__photo\">\n                                                                    <\/div>\n                                <div class=\"block-reviews__name\">\n                                    <div><strong>Nicole H.<\/strong><\/div>\n                                    <div><small class=\"block-reviews__location\">Tampa, FL<\/small><\/div>\n                                <\/div>\n                            <\/span>\n                        <\/div>\n                    <\/div>\n\n                            <\/div>\n        \n                    <div class=\"block-reviews__cta\">\n                <a class=\"button button--outline\" href=\"\/testimonials\/\" target=\"_self\">View More Stories<\/a>\n            <\/div>\n        \n        <div class=\"block-reviews__disclaimer\">\n            Los testimonios reflejan la experiencia individual. Los resultados individuales variar\u00e1n. Hable con su Cirujano.        <\/div>\n\n    <\/div>\n<\/section>\n\n<div class=\"wp-block-group alignfull has-text-color has-link-color wp-elements-a1cbe940236ff2a89460ac1c8f6d4610 has-global-padding is-layout-constrained wp-block-group-is-layout-constrained\" style=\"color:#666666\">\n<div style=\"height:50px\" aria-hidden=\"true\" class=\"wp-block-spacer\"><\/div>\n\n\n\n<p class=\"has-small-font-size\">El ahorro es del 20% sobre el precio normal. El descuento no es acumulable a otras ofertas o descuentos. Los funcionarios incluyen bomberos, polic\u00edas, param\u00e9dicos, m\u00e9dicos, enfermeros y profesores. La persona debe presentar una prueba v\u00e1lida de empleo o servicio en el momento del nombramiento para recibir el descuento. V\u00e1lido s\u00f3lo en los establecimientos participantes. Pueden aplicarse restricciones adicionales. Pide informaci\u00f3n a tu centro oftalmol\u00f3gico.<\/p>\n\n\n\n<p class=\"has-small-font-size\">\u2021Opciones de financiaci\u00f3n garantizadas con la financiaci\u00f3n interna Premier Pay: El importe del pago inicial var\u00eda de 0 a 1.000 $ por ojo en funci\u00f3n de la puntuaci\u00f3n FICO. El tipo de inter\u00e9s se basa en la duraci\u00f3n del programa y var\u00eda del 0% al 19,99% TAE. Puede aplicarse una comisi\u00f3n de apertura de 25 $ y una comisi\u00f3n de tramitaci\u00f3n mensual de 3 $. No se requiere un importe m\u00ednimo de compra. No incluye Ft. Lauderdale, Northville\/Shelby y Oklahoma City LasikPlus\u00ae.<\/p>\n\n\n\n<div style=\"height:50px\" aria-hidden=\"true\" class=\"wp-block-spacer\"><\/div>\n<\/div>\n","protected":false},"excerpt":{"rendered":"<p>40% de todas las lesiones oculares se deben a lentillas o gafas El ahorro es del 20% sobre el precio normal. El descuento no es acumulable a otras ofertas o descuentos. Los funcionarios incluyen bomberos, polic\u00edas, param\u00e9dicos, m\u00e9dicos, enfermeros y profesores. La persona debe presentar una prueba v\u00e1lida de empleo o servicio en el momento [&hellip;]<\/p>\n","protected":false},"author":39,"featured_media":0,"parent":0,"menu_order":0,"comment_status":"closed","ping_status":"closed","template":"","meta":{"_acf_changed":false,"footnotes":""},"class_list":["post-165014","page","type-page","status-publish"],"acf":[],"yoast_head":"<!-- This site is optimized with the Yoast SEO plugin v27.5 - https:\/\/yoast.com\/product\/yoast-seo-wordpress\/ -->\n<title>Descuento LASIK para funcionarios<\/title>\n<meta name=\"description\" content=\"Como agradecimiento por tu servicio, ofrecemos un cup\u00f3n especial de descuento LASIK del 20% para trabajadores esenciales, veteranos, personal en servicio activo y funcionarios.\" \/>\n<meta name=\"robots\" content=\"index, follow, max-snippet:-1, max-image-preview:large, max-video-preview:-1\" \/>\n<link rel=\"canonical\" href=\"https:\/\/www.lasikvisioninstitute.com\/es\/funcionario-descuento-lasik\/\" \/>\n<meta property=\"og:locale\" content=\"es_ES\" \/>\n<meta property=\"og:type\" content=\"article\" \/>\n<meta property=\"og:title\" content=\"Descuento LASIK para funcionarios\" \/>\n<meta property=\"og:description\" content=\"Como agradecimiento por tu servicio, ofrecemos un cup\u00f3n especial de descuento LASIK del 20% para trabajadores esenciales, veteranos, personal en servicio activo y funcionarios.\" \/>\n<meta property=\"og:url\" content=\"https:\/\/www.lasikvisioninstitute.com\/es\/funcionario-descuento-lasik\/\" \/>\n<meta property=\"og:site_name\" content=\"The LASIK Vision Institute\" \/>\n<meta property=\"article:modified_time\" content=\"2024-06-05T01:23:54+00:00\" \/>\n<meta property=\"og:image\" content=\"https:\/\/www.lasikvisioninstitute.com\/wp-content\/uploads\/2022\/08\/pexels-rodnae-productions-7468240-1400x933.jpg\" \/>\n<meta name=\"twitter:card\" content=\"summary_large_image\" \/>\n<script type=\"application\/ld+json\" class=\"yoast-schema-graph\">{\"@context\":\"https:\\\/\\\/schema.org\",\"@graph\":[{\"@type\":\"WebPage\",\"@id\":\"https:\\\/\\\/www.lasikvisioninstitute.com\\\/es\\\/funcionario-descuento-lasik\\\/\",\"url\":\"https:\\\/\\\/www.lasikvisioninstitute.com\\\/es\\\/funcionario-descuento-lasik\\\/\",\"name\":\"Descuento LASIK para funcionarios\",\"isPartOf\":{\"@id\":\"https:\\\/\\\/www.lasikvisioninstitute.com\\\/es\\\/#website\"},\"primaryImageOfPage\":{\"@id\":\"https:\\\/\\\/www.lasikvisioninstitute.com\\\/es\\\/funcionario-descuento-lasik\\\/#primaryimage\"},\"image\":{\"@id\":\"https:\\\/\\\/www.lasikvisioninstitute.com\\\/es\\\/funcionario-descuento-lasik\\\/#primaryimage\"},\"thumbnailUrl\":\"https:\\\/\\\/www.lasikvisioninstitute.com\\\/wp-content\\\/uploads\\\/2022\\\/08\\\/pexels-rodnae-productions-7468240-1400x933.jpg\",\"datePublished\":\"2022-08-29T22:08:48+00:00\",\"dateModified\":\"2024-06-05T01:23:54+00:00\",\"description\":\"Como agradecimiento por tu servicio, ofrecemos un cup\u00f3n especial de descuento LASIK del 20% para trabajadores esenciales, veteranos, personal en servicio activo y funcionarios.\",\"breadcrumb\":{\"@id\":\"https:\\\/\\\/www.lasikvisioninstitute.com\\\/es\\\/funcionario-descuento-lasik\\\/#breadcrumb\"},\"inLanguage\":\"es-ES\",\"potentialAction\":[{\"@type\":\"ReadAction\",\"target\":[\"https:\\\/\\\/www.lasikvisioninstitute.com\\\/es\\\/funcionario-descuento-lasik\\\/\"]}]},{\"@type\":\"ImageObject\",\"inLanguage\":\"es-ES\",\"@id\":\"https:\\\/\\\/www.lasikvisioninstitute.com\\\/es\\\/funcionario-descuento-lasik\\\/#primaryimage\",\"url\":\"https:\\\/\\\/www.lasikvisioninstitute.com\\\/wp-content\\\/uploads\\\/2022\\\/08\\\/pexels-rodnae-productions-7468240-1400x933.jpg\",\"contentUrl\":\"https:\\\/\\\/www.lasikvisioninstitute.com\\\/wp-content\\\/uploads\\\/2022\\\/08\\\/pexels-rodnae-productions-7468240-1400x933.jpg\"},{\"@type\":\"BreadcrumbList\",\"@id\":\"https:\\\/\\\/www.lasikvisioninstitute.com\\\/es\\\/funcionario-descuento-lasik\\\/#breadcrumb\",\"itemListElement\":[{\"@type\":\"ListItem\",\"position\":1,\"name\":\"Portada\",\"item\":\"https:\\\/\\\/www.lasikvisioninstitute.com\\\/es\\\/\"},{\"@type\":\"ListItem\",\"position\":2,\"name\":\"Funcionario Descuento LASIK\"}]},{\"@type\":\"WebSite\",\"@id\":\"https:\\\/\\\/www.lasikvisioninstitute.com\\\/es\\\/#website\",\"url\":\"https:\\\/\\\/www.lasikvisioninstitute.com\\\/es\\\/\",\"name\":\"The LASIK Vision Institute\",\"description\":\"1.4 Million LASIK Eye Surgeries and Counting\",\"publisher\":{\"@id\":\"https:\\\/\\\/www.lasikvisioninstitute.com\\\/es\\\/#organization\"},\"potentialAction\":[{\"@type\":\"SearchAction\",\"target\":{\"@type\":\"EntryPoint\",\"urlTemplate\":\"https:\\\/\\\/www.lasikvisioninstitute.com\\\/es\\\/?s={search_term_string}\"},\"query-input\":{\"@type\":\"PropertyValueSpecification\",\"valueRequired\":true,\"valueName\":\"search_term_string\"}}],\"inLanguage\":\"es-ES\"},{\"@type\":\"Organization\",\"@id\":\"https:\\\/\\\/www.lasikvisioninstitute.com\\\/es\\\/#organization\",\"name\":\"The LASIK Vision Institute\",\"url\":\"https:\\\/\\\/www.lasikvisioninstitute.com\\\/es\\\/\",\"logo\":{\"@type\":\"ImageObject\",\"inLanguage\":\"es-ES\",\"@id\":\"https:\\\/\\\/www.lasikvisioninstitute.com\\\/es\\\/#\\\/schema\\\/logo\\\/image\\\/\",\"url\":\"https:\\\/\\\/www.lasikvisioninstitute.com\\\/wp-content\\\/uploads\\\/2019\\\/10\\\/The-LASIK-Vision-Institute-Logo.png\",\"contentUrl\":\"https:\\\/\\\/www.lasikvisioninstitute.com\\\/wp-content\\\/uploads\\\/2019\\\/10\\\/The-LASIK-Vision-Institute-Logo.png\",\"width\":1000,\"height\":289,\"caption\":\"The LASIK Vision Institute\"},\"image\":{\"@id\":\"https:\\\/\\\/www.lasikvisioninstitute.com\\\/es\\\/#\\\/schema\\\/logo\\\/image\\\/\"}}]}<\/script>\n<!-- \/ Yoast SEO plugin. -->","yoast_head_json":{"title":"Descuento LASIK para funcionarios","description":"Como agradecimiento por tu servicio, ofrecemos un cup\u00f3n especial de descuento LASIK del 20% para trabajadores esenciales, veteranos, personal en servicio activo y funcionarios.","robots":{"index":"index","follow":"follow","max-snippet":"max-snippet:-1","max-image-preview":"max-image-preview:large","max-video-preview":"max-video-preview:-1"},"canonical":"https:\/\/www.lasikvisioninstitute.com\/es\/funcionario-descuento-lasik\/","og_locale":"es_ES","og_type":"article","og_title":"Descuento LASIK para funcionarios","og_description":"Como agradecimiento por tu servicio, ofrecemos un cup\u00f3n especial de descuento LASIK del 20% para trabajadores esenciales, veteranos, personal en servicio activo y funcionarios.","og_url":"https:\/\/www.lasikvisioninstitute.com\/es\/funcionario-descuento-lasik\/","og_site_name":"The LASIK Vision Institute","article_modified_time":"2024-06-05T01:23:54+00:00","og_image":[{"url":"https:\/\/www.lasikvisioninstitute.com\/wp-content\/uploads\/2022\/08\/pexels-rodnae-productions-7468240-1400x933.jpg","type":"","width":"","height":""}],"twitter_card":"summary_large_image","schema":{"@context":"https:\/\/schema.org","@graph":[{"@type":"WebPage","@id":"https:\/\/www.lasikvisioninstitute.com\/es\/funcionario-descuento-lasik\/","url":"https:\/\/www.lasikvisioninstitute.com\/es\/funcionario-descuento-lasik\/","name":"Descuento LASIK para funcionarios","isPartOf":{"@id":"https:\/\/www.lasikvisioninstitute.com\/es\/#website"},"primaryImageOfPage":{"@id":"https:\/\/www.lasikvisioninstitute.com\/es\/funcionario-descuento-lasik\/#primaryimage"},"image":{"@id":"https:\/\/www.lasikvisioninstitute.com\/es\/funcionario-descuento-lasik\/#primaryimage"},"thumbnailUrl":"https:\/\/www.lasikvisioninstitute.com\/wp-content\/uploads\/2022\/08\/pexels-rodnae-productions-7468240-1400x933.jpg","datePublished":"2022-08-29T22:08:48+00:00","dateModified":"2024-06-05T01:23:54+00:00","description":"Como agradecimiento por tu servicio, ofrecemos un cup\u00f3n especial de descuento LASIK del 20% para trabajadores esenciales, veteranos, personal en servicio activo y funcionarios.","breadcrumb":{"@id":"https:\/\/www.lasikvisioninstitute.com\/es\/funcionario-descuento-lasik\/#breadcrumb"},"inLanguage":"es-ES","potentialAction":[{"@type":"ReadAction","target":["https:\/\/www.lasikvisioninstitute.com\/es\/funcionario-descuento-lasik\/"]}]},{"@type":"ImageObject","inLanguage":"es-ES","@id":"https:\/\/www.lasikvisioninstitute.com\/es\/funcionario-descuento-lasik\/#primaryimage","url":"https:\/\/www.lasikvisioninstitute.com\/wp-content\/uploads\/2022\/08\/pexels-rodnae-productions-7468240-1400x933.jpg","contentUrl":"https:\/\/www.lasikvisioninstitute.com\/wp-content\/uploads\/2022\/08\/pexels-rodnae-productions-7468240-1400x933.jpg"},{"@type":"BreadcrumbList","@id":"https:\/\/www.lasikvisioninstitute.com\/es\/funcionario-descuento-lasik\/#breadcrumb","itemListElement":[{"@type":"ListItem","position":1,"name":"Portada","item":"https:\/\/www.lasikvisioninstitute.com\/es\/"},{"@type":"ListItem","position":2,"name":"Funcionario Descuento LASIK"}]},{"@type":"WebSite","@id":"https:\/\/www.lasikvisioninstitute.com\/es\/#website","url":"https:\/\/www.lasikvisioninstitute.com\/es\/","name":"The LASIK Vision Institute","description":"1.4 Million LASIK Eye Surgeries and Counting","publisher":{"@id":"https:\/\/www.lasikvisioninstitute.com\/es\/#organization"},"potentialAction":[{"@type":"SearchAction","target":{"@type":"EntryPoint","urlTemplate":"https:\/\/www.lasikvisioninstitute.com\/es\/?s={search_term_string}"},"query-input":{"@type":"PropertyValueSpecification","valueRequired":true,"valueName":"search_term_string"}}],"inLanguage":"es-ES"},{"@type":"Organization","@id":"https:\/\/www.lasikvisioninstitute.com\/es\/#organization","name":"The LASIK Vision Institute","url":"https:\/\/www.lasikvisioninstitute.com\/es\/","logo":{"@type":"ImageObject","inLanguage":"es-ES","@id":"https:\/\/www.lasikvisioninstitute.com\/es\/#\/schema\/logo\/image\/","url":"https:\/\/www.lasikvisioninstitute.com\/wp-content\/uploads\/2019\/10\/The-LASIK-Vision-Institute-Logo.png","contentUrl":"https:\/\/www.lasikvisioninstitute.com\/wp-content\/uploads\/2019\/10\/The-LASIK-Vision-Institute-Logo.png","width":1000,"height":289,"caption":"The LASIK Vision Institute"},"image":{"@id":"https:\/\/www.lasikvisioninstitute.com\/es\/#\/schema\/logo\/image\/"}}]}},"_links":{"self":[{"href":"https:\/\/www.lasikvisioninstitute.com\/es\/wp-json\/wp\/v2\/pages\/165014","targetHints":{"allow":["GET"]}}],"collection":[{"href":"https:\/\/www.lasikvisioninstitute.com\/es\/wp-json\/wp\/v2\/pages"}],"about":[{"href":"https:\/\/www.lasikvisioninstitute.com\/es\/wp-json\/wp\/v2\/types\/page"}],"author":[{"embeddable":true,"href":"https:\/\/www.lasikvisioninstitute.com\/es\/wp-json\/wp\/v2\/users\/39"}],"replies":[{"embeddable":true,"href":"https:\/\/www.lasikvisioninstitute.com\/es\/wp-json\/wp\/v2\/comments?post=165014"}],"version-history":[{"count":0,"href":"https:\/\/www.lasikvisioninstitute.com\/es\/wp-json\/wp\/v2\/pages\/165014\/revisions"}],"wp:attachment":[{"href":"https:\/\/www.lasikvisioninstitute.com\/es\/wp-json\/wp\/v2\/media?parent=165014"}],"curies":[{"name":"wp","href":"https:\/\/api.w.org\/{rel}","templated":true}]}}