{"id":164998,"date":"2024-05-13T11:57:37","date_gmt":"2024-05-13T16:57:37","guid":{"rendered":"https:\/\/dev.lasikvisioninstitute.com\/experiencia-lasik-en-washington-dc\/"},"modified":"2024-07-01T15:29:57","modified_gmt":"2024-07-01T20:29:57","slug":"experiencia-lasik-en-washington-dc","status":"publish","type":"page","link":"https:\/\/www.lasikvisioninstitute.com\/es\/experiencia-lasik-en-washington-dc\/","title":{"rendered":"Experiencia LASIK en Washington DC"},"content":{"rendered":"\n<p>Con m\u00e1s de 160.000 intervenciones LASIK realizadas en conjunto y m\u00e1s de 30 a\u00f1os de experiencia al servicio de las comunidades de DC, el Dr. Neil Wills y el Dr. Ryan Roberts son dos de los cirujanos LASIK m\u00e1s experimentados de Washington DC. Comparten continuamente aprendizajes y resultados entre ellos y con toda la red de m\u00e9dicos de LASIK.com para permitir que m\u00e1s pacientes sean candidatos seguros al LASIK Moderno. Juntos, los Dres. Wills y Roberts atienden a pacientes de Alexandria, Tyson&#8217;s Corner y Viena.  <\/p>\n\n<div class=\"wp-block-columns is-layout-flex wp-container-core-columns-is-layout-28f84493 wp-block-columns-is-layout-flex\">\n<div class=\"wp-block-column is-vertically-aligned-center is-layout-flow wp-block-column-is-layout-flow\" style=\"flex-basis:33.33%\">\n<figure class=\"wp-block-image alignleft size-full is-resized\"><img decoding=\"async\" width=\"603\" height=\"550\" src=\"https:\/\/www.lasikvisioninstitute.com\/wp-content\/uploads\/2024\/04\/Wills_Neil603x550-1.png\" alt=\"\" class=\"wp-image-163970\" style=\"width:307px;height:auto\" srcset=\"https:\/\/www.lasikvisioninstitute.com\/wp-content\/uploads\/2024\/04\/Wills_Neil603x550-1.png 603w, https:\/\/www.lasikvisioninstitute.com\/wp-content\/uploads\/2024\/04\/Wills_Neil603x550-1-600x547.png 600w\" sizes=\"(max-width: 603px) 100vw, 603px\" \/><figcaption class=\"wp-element-caption\">Dr. Neil Wills<\/figcaption><\/figure>\n<\/div>\n\n\n\n<div class=\"wp-block-column is-layout-flow wp-block-column-is-layout-flow\" style=\"flex-basis:66.66%\">\n<p>El Dr. Neil Wills es diplomado y est\u00e1 certificado por la Junta Americana de Oftalmolog\u00eda. El Dr. Wills se incorpor\u00f3 a <em>LasikPlus <\/em>en 2000 y, en total, ha realizado m\u00e1s de 118.000 correcciones visuales con l\u00e1ser. En reconocimiento a su experiencia, fue nombrado Mejor M\u00e9dico por la revista Washingtonian Magazine.<\/p>\n\n\n\n<p>El Dr. Wills cree que ning\u00fan cirujano act\u00faa en el vac\u00edo. El personal de apoyo y la inversi\u00f3n en su formaci\u00f3n son tan esenciales como la inversi\u00f3n en tecnolog\u00eda. Se siente muy afortunado de estar asociado con socios muy inteligentes y compasivos que le ayudan a prestar servicios de Correcci\u00f3n de la Visi\u00f3n con L\u00e1ser.<\/p>\n\n\n\n<h5 class=\"wp-block-heading\">&#8220;La correcci\u00f3n de la visi\u00f3n con l\u00e1ser es un campo muy gratificante. Tienes un impacto profundo y positivo en la vida de los pacientes. Me siento muy afortunado de estar en condiciones de hacer este trabajo e intento no darlo por sentado.&#8221; -Neil Wills, Doctor en Medicina<\/h5>\n<\/div>\n<\/div>\n\n<h3 class=\"wp-block-heading has-text-align-left\">M\u00e1s de 30 a\u00f1os de experiencia al servicio y m\u00e1s de 130.000 procedimientos en conjunto<\/h3>\n\n<div class=\"wp-block-columns is-layout-flex wp-container-core-columns-is-layout-28f84493 wp-block-columns-is-layout-flex\">\n<div class=\"wp-block-column is-layout-flow wp-block-column-is-layout-flow\" style=\"flex-basis:66.66%\">\n<p>El Dr. Ryan L. Roberts es un oftalm\u00f3logo integral que lleva sirviendo con orgullo a la comunidad de cirug\u00eda refractiva de Maryland y Virginia desde 2015, adem\u00e1s de a la familia y los miembros de las Fuerzas Armadas de EE.UU. desde 2004. El Dr. Roberts se licenci\u00f3 en Medicina en 2008 por la Universidad Uniforme de Ciencias de la Salud.<\/p>\n\n\n\n<p>La formaci\u00f3n del Dr. Roberts consiste en una doble licenciatura en Biolog\u00eda e Inform\u00e1tica. Esta combinaci\u00f3n de titulaciones ha dado lugar a una pasi\u00f3n por abordar el error humano en el \u00e1mbito m\u00e9dico. Cree firmemente que la tecnolog\u00eda puede proporcionar confianza a pacientes y m\u00e9dicos para garantizar que los procedimientos se llevan a cabo con la m\u00e1xima exactitud y precisi\u00f3n. Es esta pasi\u00f3n la que le llev\u00f3 a crear una herramienta de verificaci\u00f3n digital, una tecnolog\u00eda pionera utilizada en el Centro M\u00e9dico del Ej\u00e9rcito Walter Reed.<\/p>\n\n\n\n<p>Como experto en este campo, el Dr. Roberts ha dado m\u00faltiples conferencias en el Simposio Militar de Seguridad en Cirug\u00eda Refractiva y en la Sociedad Americana de Cataratas y Cirug\u00eda Refractiva. El Dr. Roberts realiza actualmente m\u00e1s cirug\u00edas refractivas semanales que ning\u00fan otro cirujano del \u00e1rea metropolitana de DC.<\/p>\n<\/div>\n\n\n\n<div class=\"wp-block-column is-vertically-aligned-center is-layout-flow wp-block-column-is-layout-flow\" style=\"flex-basis:33.33%\">\n<figure class=\"wp-block-image aligncenter size-full is-resized\"><img decoding=\"async\" width=\"603\" height=\"550\" src=\"https:\/\/www.lasikvisioninstitute.com\/wp-content\/uploads\/2024\/04\/Roberts_Ryan603x550-1.png\" alt=\"\" class=\"wp-image-163979\" style=\"width:324px;height:auto\" srcset=\"https:\/\/www.lasikvisioninstitute.com\/wp-content\/uploads\/2024\/04\/Roberts_Ryan603x550-1.png 603w, https:\/\/www.lasikvisioninstitute.com\/wp-content\/uploads\/2024\/04\/Roberts_Ryan603x550-1-600x547.png 600w\" sizes=\"(max-width: 603px) 100vw, 603px\" \/><figcaption class=\"wp-element-caption\">Dr. Ryan Roberts<\/figcaption><\/figure>\n<\/div>\n<\/div>\n\n<div class=\"wp-block-buttons is-content-justification-center is-layout-flex wp-container-core-buttons-is-layout-a89b3969 wp-block-buttons-is-layout-flex\">\n<div class=\"wp-block-button\"><a class=\"wp-block-button__link wp-element-button\" href=\"https:\/\/www.lasikvisioninstitute.com\/es\/localizaciones\/\" target=\"_blank\" rel=\"noreferrer noopener\">Programa tu consulta gratuita<\/a><\/div>\n<\/div>\n","protected":false},"excerpt":{"rendered":"<p>Con m\u00e1s de 160.000 intervenciones LASIK realizadas en conjunto y m\u00e1s de 30 a\u00f1os de experiencia al servicio de las comunidades de DC, el Dr. Neil Wills y el Dr. Ryan Roberts son dos de los cirujanos LASIK m\u00e1s experimentados de Washington DC. Comparten continuamente aprendizajes y resultados entre ellos y con toda la red [&hellip;]<\/p>\n","protected":false},"author":51,"featured_media":163959,"parent":0,"menu_order":0,"comment_status":"closed","ping_status":"closed","template":"","meta":{"_acf_changed":false,"footnotes":""},"class_list":["post-164998","page","type-page","status-publish","has-post-thumbnail"],"acf":[],"yoast_head":"<!-- This site is optimized with the Yoast SEO plugin v27.5 - https:\/\/yoast.com\/product\/yoast-seo-wordpress\/ -->\n<title>Experiencia LASIK en Washington DC - The LASIK Vision Institute<\/title>\n<meta name=\"description\" content=\"Con m\u00e1s de 160.000 intervenciones LASIK realizadas en conjunto y m\u00e1s de 30 a\u00f1os de experiencia al servicio de las comunidades de DC, el Dr. Neil Wills y el Dr. Ryan Roberts son dos de los cirujanos LASIK m\u00e1s experimentados de Washington DC.\" \/>\n<meta name=\"robots\" content=\"index, follow, max-snippet:-1, max-image-preview:large, max-video-preview:-1\" \/>\n<link rel=\"canonical\" href=\"https:\/\/www.lasikvisioninstitute.com\/es\/experiencia-lasik-en-washington-dc\/\" \/>\n<meta property=\"og:locale\" content=\"es_ES\" \/>\n<meta property=\"og:type\" content=\"article\" \/>\n<meta property=\"og:title\" content=\"Experiencia LASIK en Washington DC - The LASIK Vision Institute\" \/>\n<meta property=\"og:description\" content=\"Con m\u00e1s de 160.000 intervenciones LASIK realizadas en conjunto y m\u00e1s de 30 a\u00f1os de experiencia al servicio de las comunidades de DC, el Dr. Neil Wills y el Dr. Ryan Roberts son dos de los cirujanos LASIK m\u00e1s experimentados de Washington DC.\" \/>\n<meta property=\"og:url\" content=\"https:\/\/www.lasikvisioninstitute.com\/es\/experiencia-lasik-en-washington-dc\/\" \/>\n<meta property=\"og:site_name\" content=\"The LASIK Vision Institute\" \/>\n<meta property=\"article:modified_time\" content=\"2024-07-01T20:29:57+00:00\" \/>\n<meta property=\"og:image\" content=\"https:\/\/www.lasikvisioninstitute.com\/wp-content\/uploads\/2024\/04\/andy-he-PuJc2Sodi94-unsplash-scaled.jpg\" \/>\n\t<meta property=\"og:image:width\" content=\"2560\" \/>\n\t<meta property=\"og:image:height\" content=\"1703\" \/>\n\t<meta property=\"og:image:type\" content=\"image\/jpeg\" \/>\n<meta name=\"twitter:card\" content=\"summary_large_image\" \/>\n<script type=\"application\/ld+json\" class=\"yoast-schema-graph\">{\"@context\":\"https:\\\/\\\/schema.org\",\"@graph\":[{\"@type\":\"WebPage\",\"@id\":\"https:\\\/\\\/www.lasikvisioninstitute.com\\\/es\\\/experiencia-lasik-en-washington-dc\\\/\",\"url\":\"https:\\\/\\\/www.lasikvisioninstitute.com\\\/es\\\/experiencia-lasik-en-washington-dc\\\/\",\"name\":\"Experiencia LASIK en Washington DC - The LASIK Vision Institute\",\"isPartOf\":{\"@id\":\"https:\\\/\\\/www.lasikvisioninstitute.com\\\/es\\\/#website\"},\"primaryImageOfPage\":{\"@id\":\"https:\\\/\\\/www.lasikvisioninstitute.com\\\/es\\\/experiencia-lasik-en-washington-dc\\\/#primaryimage\"},\"image\":{\"@id\":\"https:\\\/\\\/www.lasikvisioninstitute.com\\\/es\\\/experiencia-lasik-en-washington-dc\\\/#primaryimage\"},\"thumbnailUrl\":\"https:\\\/\\\/www.lasikvisioninstitute.com\\\/wp-content\\\/uploads\\\/2024\\\/04\\\/andy-he-PuJc2Sodi94-unsplash-scaled.jpg\",\"datePublished\":\"2024-05-13T16:57:37+00:00\",\"dateModified\":\"2024-07-01T20:29:57+00:00\",\"description\":\"Con m\u00e1s de 160.000 intervenciones LASIK realizadas en conjunto y m\u00e1s de 30 a\u00f1os de experiencia al servicio de las comunidades de DC, el Dr. Neil Wills y el Dr. Ryan Roberts son dos de los cirujanos LASIK m\u00e1s experimentados de Washington DC.\",\"breadcrumb\":{\"@id\":\"https:\\\/\\\/www.lasikvisioninstitute.com\\\/es\\\/experiencia-lasik-en-washington-dc\\\/#breadcrumb\"},\"inLanguage\":\"es-ES\",\"potentialAction\":[{\"@type\":\"ReadAction\",\"target\":[\"https:\\\/\\\/www.lasikvisioninstitute.com\\\/es\\\/experiencia-lasik-en-washington-dc\\\/\"]}]},{\"@type\":\"ImageObject\",\"inLanguage\":\"es-ES\",\"@id\":\"https:\\\/\\\/www.lasikvisioninstitute.com\\\/es\\\/experiencia-lasik-en-washington-dc\\\/#primaryimage\",\"url\":\"https:\\\/\\\/www.lasikvisioninstitute.com\\\/wp-content\\\/uploads\\\/2024\\\/04\\\/andy-he-PuJc2Sodi94-unsplash-scaled.jpg\",\"contentUrl\":\"https:\\\/\\\/www.lasikvisioninstitute.com\\\/wp-content\\\/uploads\\\/2024\\\/04\\\/andy-he-PuJc2Sodi94-unsplash-scaled.jpg\",\"width\":2560,\"height\":1703},{\"@type\":\"BreadcrumbList\",\"@id\":\"https:\\\/\\\/www.lasikvisioninstitute.com\\\/es\\\/experiencia-lasik-en-washington-dc\\\/#breadcrumb\",\"itemListElement\":[{\"@type\":\"ListItem\",\"position\":1,\"name\":\"Portada\",\"item\":\"https:\\\/\\\/www.lasikvisioninstitute.com\\\/es\\\/\"},{\"@type\":\"ListItem\",\"position\":2,\"name\":\"Experiencia LASIK en Washington DC\"}]},{\"@type\":\"WebSite\",\"@id\":\"https:\\\/\\\/www.lasikvisioninstitute.com\\\/es\\\/#website\",\"url\":\"https:\\\/\\\/www.lasikvisioninstitute.com\\\/es\\\/\",\"name\":\"The LASIK Vision Institute\",\"description\":\"1.4 Million LASIK Eye Surgeries and Counting\",\"publisher\":{\"@id\":\"https:\\\/\\\/www.lasikvisioninstitute.com\\\/es\\\/#organization\"},\"potentialAction\":[{\"@type\":\"SearchAction\",\"target\":{\"@type\":\"EntryPoint\",\"urlTemplate\":\"https:\\\/\\\/www.lasikvisioninstitute.com\\\/es\\\/?s={search_term_string}\"},\"query-input\":{\"@type\":\"PropertyValueSpecification\",\"valueRequired\":true,\"valueName\":\"search_term_string\"}}],\"inLanguage\":\"es-ES\"},{\"@type\":\"Organization\",\"@id\":\"https:\\\/\\\/www.lasikvisioninstitute.com\\\/es\\\/#organization\",\"name\":\"The LASIK Vision Institute\",\"url\":\"https:\\\/\\\/www.lasikvisioninstitute.com\\\/es\\\/\",\"logo\":{\"@type\":\"ImageObject\",\"inLanguage\":\"es-ES\",\"@id\":\"https:\\\/\\\/www.lasikvisioninstitute.com\\\/es\\\/#\\\/schema\\\/logo\\\/image\\\/\",\"url\":\"https:\\\/\\\/www.lasikvisioninstitute.com\\\/wp-content\\\/uploads\\\/2019\\\/10\\\/The-LASIK-Vision-Institute-Logo.png\",\"contentUrl\":\"https:\\\/\\\/www.lasikvisioninstitute.com\\\/wp-content\\\/uploads\\\/2019\\\/10\\\/The-LASIK-Vision-Institute-Logo.png\",\"width\":1000,\"height\":289,\"caption\":\"The LASIK Vision Institute\"},\"image\":{\"@id\":\"https:\\\/\\\/www.lasikvisioninstitute.com\\\/es\\\/#\\\/schema\\\/logo\\\/image\\\/\"}}]}<\/script>\n<!-- \/ Yoast SEO plugin. -->","yoast_head_json":{"title":"Experiencia LASIK en Washington DC - The LASIK Vision Institute","description":"Con m\u00e1s de 160.000 intervenciones LASIK realizadas en conjunto y m\u00e1s de 30 a\u00f1os de experiencia al servicio de las comunidades de DC, el Dr. Neil Wills y el Dr. Ryan Roberts son dos de los cirujanos LASIK m\u00e1s experimentados de Washington DC.","robots":{"index":"index","follow":"follow","max-snippet":"max-snippet:-1","max-image-preview":"max-image-preview:large","max-video-preview":"max-video-preview:-1"},"canonical":"https:\/\/www.lasikvisioninstitute.com\/es\/experiencia-lasik-en-washington-dc\/","og_locale":"es_ES","og_type":"article","og_title":"Experiencia LASIK en Washington DC - The LASIK Vision Institute","og_description":"Con m\u00e1s de 160.000 intervenciones LASIK realizadas en conjunto y m\u00e1s de 30 a\u00f1os de experiencia al servicio de las comunidades de DC, el Dr. Neil Wills y el Dr. Ryan Roberts son dos de los cirujanos LASIK m\u00e1s experimentados de Washington DC.","og_url":"https:\/\/www.lasikvisioninstitute.com\/es\/experiencia-lasik-en-washington-dc\/","og_site_name":"The LASIK Vision Institute","article_modified_time":"2024-07-01T20:29:57+00:00","og_image":[{"width":2560,"height":1703,"url":"https:\/\/www.lasikvisioninstitute.com\/wp-content\/uploads\/2024\/04\/andy-he-PuJc2Sodi94-unsplash-scaled.jpg","type":"image\/jpeg"}],"twitter_card":"summary_large_image","schema":{"@context":"https:\/\/schema.org","@graph":[{"@type":"WebPage","@id":"https:\/\/www.lasikvisioninstitute.com\/es\/experiencia-lasik-en-washington-dc\/","url":"https:\/\/www.lasikvisioninstitute.com\/es\/experiencia-lasik-en-washington-dc\/","name":"Experiencia LASIK en Washington DC - The LASIK Vision Institute","isPartOf":{"@id":"https:\/\/www.lasikvisioninstitute.com\/es\/#website"},"primaryImageOfPage":{"@id":"https:\/\/www.lasikvisioninstitute.com\/es\/experiencia-lasik-en-washington-dc\/#primaryimage"},"image":{"@id":"https:\/\/www.lasikvisioninstitute.com\/es\/experiencia-lasik-en-washington-dc\/#primaryimage"},"thumbnailUrl":"https:\/\/www.lasikvisioninstitute.com\/wp-content\/uploads\/2024\/04\/andy-he-PuJc2Sodi94-unsplash-scaled.jpg","datePublished":"2024-05-13T16:57:37+00:00","dateModified":"2024-07-01T20:29:57+00:00","description":"Con m\u00e1s de 160.000 intervenciones LASIK realizadas en conjunto y m\u00e1s de 30 a\u00f1os de experiencia al servicio de las comunidades de DC, el Dr. Neil Wills y el Dr. Ryan Roberts son dos de los cirujanos LASIK m\u00e1s experimentados de Washington DC.","breadcrumb":{"@id":"https:\/\/www.lasikvisioninstitute.com\/es\/experiencia-lasik-en-washington-dc\/#breadcrumb"},"inLanguage":"es-ES","potentialAction":[{"@type":"ReadAction","target":["https:\/\/www.lasikvisioninstitute.com\/es\/experiencia-lasik-en-washington-dc\/"]}]},{"@type":"ImageObject","inLanguage":"es-ES","@id":"https:\/\/www.lasikvisioninstitute.com\/es\/experiencia-lasik-en-washington-dc\/#primaryimage","url":"https:\/\/www.lasikvisioninstitute.com\/wp-content\/uploads\/2024\/04\/andy-he-PuJc2Sodi94-unsplash-scaled.jpg","contentUrl":"https:\/\/www.lasikvisioninstitute.com\/wp-content\/uploads\/2024\/04\/andy-he-PuJc2Sodi94-unsplash-scaled.jpg","width":2560,"height":1703},{"@type":"BreadcrumbList","@id":"https:\/\/www.lasikvisioninstitute.com\/es\/experiencia-lasik-en-washington-dc\/#breadcrumb","itemListElement":[{"@type":"ListItem","position":1,"name":"Portada","item":"https:\/\/www.lasikvisioninstitute.com\/es\/"},{"@type":"ListItem","position":2,"name":"Experiencia LASIK en Washington DC"}]},{"@type":"WebSite","@id":"https:\/\/www.lasikvisioninstitute.com\/es\/#website","url":"https:\/\/www.lasikvisioninstitute.com\/es\/","name":"The LASIK Vision Institute","description":"1.4 Million LASIK Eye Surgeries and Counting","publisher":{"@id":"https:\/\/www.lasikvisioninstitute.com\/es\/#organization"},"potentialAction":[{"@type":"SearchAction","target":{"@type":"EntryPoint","urlTemplate":"https:\/\/www.lasikvisioninstitute.com\/es\/?s={search_term_string}"},"query-input":{"@type":"PropertyValueSpecification","valueRequired":true,"valueName":"search_term_string"}}],"inLanguage":"es-ES"},{"@type":"Organization","@id":"https:\/\/www.lasikvisioninstitute.com\/es\/#organization","name":"The LASIK Vision Institute","url":"https:\/\/www.lasikvisioninstitute.com\/es\/","logo":{"@type":"ImageObject","inLanguage":"es-ES","@id":"https:\/\/www.lasikvisioninstitute.com\/es\/#\/schema\/logo\/image\/","url":"https:\/\/www.lasikvisioninstitute.com\/wp-content\/uploads\/2019\/10\/The-LASIK-Vision-Institute-Logo.png","contentUrl":"https:\/\/www.lasikvisioninstitute.com\/wp-content\/uploads\/2019\/10\/The-LASIK-Vision-Institute-Logo.png","width":1000,"height":289,"caption":"The LASIK Vision Institute"},"image":{"@id":"https:\/\/www.lasikvisioninstitute.com\/es\/#\/schema\/logo\/image\/"}}]}},"_links":{"self":[{"href":"https:\/\/www.lasikvisioninstitute.com\/es\/wp-json\/wp\/v2\/pages\/164998","targetHints":{"allow":["GET"]}}],"collection":[{"href":"https:\/\/www.lasikvisioninstitute.com\/es\/wp-json\/wp\/v2\/pages"}],"about":[{"href":"https:\/\/www.lasikvisioninstitute.com\/es\/wp-json\/wp\/v2\/types\/page"}],"author":[{"embeddable":true,"href":"https:\/\/www.lasikvisioninstitute.com\/es\/wp-json\/wp\/v2\/users\/51"}],"replies":[{"embeddable":true,"href":"https:\/\/www.lasikvisioninstitute.com\/es\/wp-json\/wp\/v2\/comments?post=164998"}],"version-history":[{"count":0,"href":"https:\/\/www.lasikvisioninstitute.com\/es\/wp-json\/wp\/v2\/pages\/164998\/revisions"}],"wp:featuredmedia":[{"embeddable":true,"href":"https:\/\/www.lasikvisioninstitute.com\/es\/wp-json\/wp\/v2\/media\/163959"}],"wp:attachment":[{"href":"https:\/\/www.lasikvisioninstitute.com\/es\/wp-json\/wp\/v2\/media?parent=164998"}],"curies":[{"name":"wp","href":"https:\/\/api.w.org\/{rel}","templated":true}]}}