{"id":164995,"date":"2024-05-09T13:04:02","date_gmt":"2024-05-09T18:04:02","guid":{"rendered":"https:\/\/dev.lasikvisioninstitute.com\/lasik-el-mismo-dia\/"},"modified":"2024-07-05T15:16:59","modified_gmt":"2024-07-05T20:16:59","slug":"lasik-el-mismo-dia","status":"publish","type":"page","link":"https:\/\/www.lasikvisioninstitute.com\/es\/lasik-el-mismo-dia\/","title":{"rendered":"LASIK el mismo d\u00eda"},"content":{"rendered":"\n<div class=\"wp-block-media-text alignfull is-stacked-on-mobile is-image-fill has-polar-white-background-color has-background\"><figure class=\"wp-block-media-text__media\" style=\"background-image:url(https:\/\/www.lasikvisioninstitute.com\/wp-content\/uploads\/2024\/05\/pexels-olly-3756168-1400x933.jpg);background-position:50% 50%\"><img decoding=\"async\" width=\"1400\" height=\"933\" src=\"https:\/\/www.lasikvisioninstitute.com\/wp-content\/uploads\/2024\/05\/pexels-olly-3756168-1400x933.jpg\" alt=\"LASIK en el mismo d\u00eda\" class=\"wp-image-164270 size-full\" srcset=\"https:\/\/www.lasikvisioninstitute.com\/wp-content\/uploads\/2024\/05\/pexels-olly-3756168-1400x933.jpg 1400w, https:\/\/www.lasikvisioninstitute.com\/wp-content\/uploads\/2024\/05\/pexels-olly-3756168-600x400.jpg 600w, https:\/\/www.lasikvisioninstitute.com\/wp-content\/uploads\/2024\/05\/pexels-olly-3756168-768x512.jpg 768w, https:\/\/www.lasikvisioninstitute.com\/wp-content\/uploads\/2024\/05\/pexels-olly-3756168-1536x1024.jpg 1536w, https:\/\/www.lasikvisioninstitute.com\/wp-content\/uploads\/2024\/05\/pexels-olly-3756168.jpg 1920w\" sizes=\"(max-width: 1400px) 100vw, 1400px\" \/><\/figure><div class=\"wp-block-media-text__content\">\n<h6 class=\"wp-block-heading is-style-muted-heading has-teal-color has-text-color\" style=\"font-size:clamp(14px, 0.875rem + ((1vw - 3.2px) * 0.104), 15px);\">\u00bfCansado de hacer malabarismos con las citas?<\/h6>\n\n\n\n<h1 class=\"wp-block-heading\" id=\"am-i-a-candidate-for-lasik-eye-surgery\" style=\"margin-top:0.25em\">El LASIK en el mismo d\u00eda facilita la mejora de la visi\u00f3n<\/h1>\n\n\n\n<div style=\"height:10px\" aria-hidden=\"true\" class=\"wp-block-spacer\"><\/div>\n\n\n\n<p class=\"has-normal-font-size\">Imagina que ma\u00f1ana te despiertas sin gafas ni lentillas. Con nuestro innovador procedimiento LASIK en el mismo d\u00eda, ese sue\u00f1o puede hacerse realidad, m\u00e1s r\u00e1pido que nunca.<\/p>\n\n\n\n<p>Entendemos que tu tiempo es valioso. Por eso ofrecemos una c\u00f3moda opci\u00f3n de LASIK en el mismo d\u00eda, que te permite completar todo el proceso en una sola visita.  <\/p>\n\n\n\n<div class=\"wp-block-buttons is-layout-flex wp-block-buttons-is-layout-flex\">\n<div class=\"wp-block-button\"><a class=\"wp-block-button__link wp-element-button\" href=\"https:\/\/www.lasikvisioninstitute.com\/es\/ischedule-es\/\">Programar una consulta GRATUITA<\/a><\/div>\n<\/div>\n\n\n\n<div style=\"height:50px\" aria-hidden=\"true\" class=\"wp-block-spacer\"><\/div>\n<\/div><\/div>\n\n<div style=\"height:100px\" aria-hidden=\"true\" class=\"wp-block-spacer\"><\/div>\n\n<h2 class=\"wp-block-heading\">As\u00ed es como funciona:<\/h2>\n\n<div class=\"wp-block-media-text has-media-on-the-right is-stacked-on-mobile is-style-default\"><div class=\"wp-block-media-text__content\">\n<p><strong>Programa tu examen preoperatorio completo.<\/strong> Durante esta visita, un experto cualificado evaluar\u00e1 tu candidatura, hablar\u00e1 de tus <a href=\"http:\/\/lasik.com\" target=\"_blank\" rel=\"noreferrer noopener\">objetivos visuales<\/a> y responder\u00e1 a cualquier pregunta que puedas tener.  <\/p>\n<\/div><figure class=\"wp-block-media-text__media\"><img decoding=\"async\" width=\"500\" height=\"400\" src=\"https:\/\/www.lasikvisioninstitute.com\/wp-content\/uploads\/2024\/05\/Untitled-design-12.png\" alt=\"Consulta LASIK\" class=\"wp-image-164260 size-full\"\/><\/figure><\/div>\n\n<div class=\"wp-block-media-text is-stacked-on-mobile\"><figure class=\"wp-block-media-text__media\"><img decoding=\"async\" width=\"500\" height=\"400\" src=\"https:\/\/www.lasikvisioninstitute.com\/wp-content\/uploads\/2024\/05\/Untitled-design-10.png\" alt=\"examen LASIK gratuito\" class=\"wp-image-164253 size-full\"\/><\/figure><div class=\"wp-block-media-text__content\">\n<p><strong>Som\u00e9tete a pruebas diagn\u00f3sticas avanzadas.<\/strong>  Nuestra avanzada tecnolog\u00eda l\u00e1ser proporciona una imagen detallada de la salud de tu c\u00f3rnea y garantiza que el tratamiento con l\u00e1ser se adapte a tus necesidades \u00fanicas.  <\/p>\n<\/div><\/div>\n\n<div class=\"wp-block-media-text has-media-on-the-right is-stacked-on-mobile\"><div class=\"wp-block-media-text__content\">\n<p><strong>Experimenta la libertad de la cirug\u00eda LASIK.<\/strong>  Nuestros experimentados cirujanos utilizan tecnolog\u00eda l\u00e1ser avanzada para remodelar tu c\u00f3rnea, corrigiendo tu visi\u00f3n con una precisi\u00f3n excepcional.<\/p>\n<\/div><figure class=\"wp-block-media-text__media\"><img decoding=\"async\" width=\"500\" height=\"400\" src=\"https:\/\/www.lasikvisioninstitute.com\/wp-content\/uploads\/2024\/05\/Untitled-design-11.png\" alt=\"Cirug\u00eda ocular LASIK\" class=\"wp-image-164258 size-full\"\/><\/figure><\/div>\n\n<div style=\"height:100px\" aria-hidden=\"true\" class=\"wp-block-spacer\"><\/div>\n\n<h2 class=\"wp-block-heading\">El LASIK del mismo d\u00eda ofrece numerosas ventajas:<\/h2>\n\n<ul class=\"wp-block-list\">\n<li><strong>Comodidad:<\/strong> Elimina las molestias de las citas m\u00faltiples.  <\/li>\n\n\n\n<li><strong>Eficacia:<\/strong> Vuelve m\u00e1s r\u00e1pido a tu ajetreada vida.  <\/li>\n\n\n\n<li><strong>Reduce la ansiedad:<\/strong> Completa todo el proceso de una sola vez.  <\/li>\n\n\n\n<li><strong>Atenci\u00f3n personalizada:<\/strong> Recibe atenci\u00f3n experta durante todo el trayecto.<\/li>\n<\/ul>\n\n<div class=\"wp-block-group has-global-padding is-layout-constrained wp-container-core-group-is-layout-840a35c2 wp-block-group-is-layout-constrained\" style=\"margin-top:var(--wp--preset--spacing--30);margin-bottom:var(--wp--preset--spacing--30);padding-top:var(--wp--preset--spacing--30);padding-bottom:var(--wp--preset--spacing--30)\">\n<figure class=\"wp-block-embed is-type-video is-provider-vimeo wp-block-embed-vimeo wp-embed-aspect-16-9 wp-has-aspect-ratio\" style=\"margin-top:var(--wp--preset--spacing--30);margin-bottom:var(--wp--preset--spacing--30)\"><div class=\"wp-block-embed__wrapper\">\n<iframe title=\"Same Day Tx Testimonail - Tiffany (Brewer Pt)\" src=\"https:\/\/player.vimeo.com\/video\/936723640?dnt=1&amp;app_id=122963\" width=\"500\" height=\"281\" frameborder=\"0\" allow=\"autoplay; fullscreen; picture-in-picture; clipboard-write; encrypted-media; web-share\" referrerpolicy=\"strict-origin-when-cross-origin\"><\/iframe>\n<\/div><\/figure>\n<\/div>\n\n<div class=\"wp-block-group alignfull has-polar-white-background-color has-light-green-background-color has-background has-global-padding is-layout-constrained wp-block-group-is-layout-constrained\">\n<div style=\"height:47px;width:0px\" aria-hidden=\"true\" class=\"wp-block-spacer\"><\/div>\n\n\n\n<div class=\"wp-block-media-text alignwide has-media-on-the-right is-stacked-on-mobile is-image-fill\"><div class=\"wp-block-media-text__content\">\n<h2 class=\"wp-block-heading\">\u00bfVives lejos? No te preocupes.<\/h2>\n\n\n\n<p>Empieza tu viaje LASIK desde la comodidad de tu casa con una <a href=\"https:\/\/www.lasikvisioninstitute.com\/es\/programa-una-consulta-virtual-de-10-15-minutos\/\" target=\"_blank\" rel=\"noreferrer noopener\">consulta virtual<\/a> r\u00e1pida y c\u00f3moda de 10-15 minutos. Comenta tus problemas de visi\u00f3n con un amable experto y averigua si el LASIK en el mismo d\u00eda es adecuado para ti. Cuando est\u00e9s preparado para dar el siguiente paso, programa el examen preoperatorio y la intervenci\u00f3n LASIK para el mismo d\u00eda.<\/p>\n\n\n\n<div style=\"height:50px\" aria-hidden=\"true\" class=\"wp-block-spacer\"><\/div>\n\n\n\n<div class=\"wp-block-buttons is-layout-flex wp-block-buttons-is-layout-flex\">\n<div class=\"wp-block-button\"><a class=\"wp-block-button__link wp-element-button\" href=\"https:\/\/www.lasikvisioninstitute.com\/es\/programa-una-consulta-virtual-de-10-15-minutos\/\">M\u00e1s informaci\u00f3n sobre las consultas virtuales<\/a><\/div>\n<\/div>\n<\/div><figure class=\"wp-block-media-text__media\" style=\"background-image:url(https:\/\/www.lasikvisioninstitute.com\/wp-content\/uploads\/2024\/05\/2149525853-1400x933.jpg);background-position:50% 50%\"><img decoding=\"async\" width=\"1400\" height=\"933\" src=\"https:\/\/www.lasikvisioninstitute.com\/wp-content\/uploads\/2024\/05\/2149525853-1400x933.jpg\" alt=\"viajar para la cirug\u00eda ocular con l\u00e1ser\" class=\"wp-image-164273 size-full\" srcset=\"https:\/\/www.lasikvisioninstitute.com\/wp-content\/uploads\/2024\/05\/2149525853-1400x933.jpg 1400w, https:\/\/www.lasikvisioninstitute.com\/wp-content\/uploads\/2024\/05\/2149525853-600x400.jpg 600w, https:\/\/www.lasikvisioninstitute.com\/wp-content\/uploads\/2024\/05\/2149525853-768x512.jpg 768w, https:\/\/www.lasikvisioninstitute.com\/wp-content\/uploads\/2024\/05\/2149525853-1536x1024.jpg 1536w, https:\/\/www.lasikvisioninstitute.com\/wp-content\/uploads\/2024\/05\/2149525853.jpg 2000w\" sizes=\"(max-width: 1400px) 100vw, 1400px\" \/><\/figure><\/div>\n\n\n\n<div style=\"height:58px;width:0px\" aria-hidden=\"true\" class=\"wp-block-spacer\"><\/div>\n<\/div>\n\n<div class=\"responsive-spacer responsive-spacer--1200--100 responsive-spacer--768--50 responsive-spacer--480--30\"><\/div>\n\n<h2 class=\"wp-block-heading\">\u00bfListo para deshacerte de las gafas y lentillas para siempre?<\/h2>\n\n<p>Ponte en contacto con nosotros hoy mismo para programar tu consulta gratuita. No esperes m\u00e1s: \u00a1ve el mundo con claridad, a partir de hoy!<\/p>\n\n<div class=\"responsive-spacer responsive-spacer--1200--100 responsive-spacer--768--50 responsive-spacer--480--30\"><\/div>\n","protected":false},"excerpt":{"rendered":"<p>As\u00ed es como funciona: Programa tu examen preoperatorio completo. Durante esta visita, un experto cualificado evaluar\u00e1 tu candidatura, hablar\u00e1 de tus objetivos visuales y responder\u00e1 a cualquier pregunta que puedas tener. Som\u00e9tete a pruebas diagn\u00f3sticas avanzadas. Nuestra avanzada tecnolog\u00eda l\u00e1ser proporciona una imagen detallada de la salud de tu c\u00f3rnea y garantiza que el tratamiento [&hellip;]<\/p>\n","protected":false},"author":33,"featured_media":0,"parent":0,"menu_order":0,"comment_status":"closed","ping_status":"closed","template":"","meta":{"_acf_changed":false,"footnotes":""},"class_list":["post-164995","page","type-page","status-publish"],"acf":[],"yoast_head":"<!-- This site is optimized with the Yoast SEO plugin v27.4 - https:\/\/yoast.com\/product\/yoast-seo-wordpress\/ -->\n<title>El LASIK en el mismo d\u00eda facilita la visi\u00f3n perfecta<\/title>\n<meta name=\"description\" content=\"\u00a1Deshazte r\u00e1pido de las gafas y las lentillas! Consigue la cirug\u00eda LASIK y el examen preoperatorio en una sola visita. M\u00e1s informaci\u00f3n sobre el LASIK en el mismo d\u00eda.\" \/>\n<meta name=\"robots\" content=\"index, follow, max-snippet:-1, max-image-preview:large, max-video-preview:-1\" \/>\n<link rel=\"canonical\" href=\"https:\/\/www.lasikvisioninstitute.com\/es\/lasik-el-mismo-dia\/\" \/>\n<meta property=\"og:locale\" content=\"es_ES\" \/>\n<meta property=\"og:type\" content=\"article\" \/>\n<meta property=\"og:title\" content=\"El LASIK en el mismo d\u00eda facilita la visi\u00f3n perfecta\" \/>\n<meta property=\"og:description\" content=\"\u00a1Deshazte r\u00e1pido de las gafas y las lentillas! Consigue la cirug\u00eda LASIK y el examen preoperatorio en una sola visita. M\u00e1s informaci\u00f3n sobre el LASIK en el mismo d\u00eda.\" \/>\n<meta property=\"og:url\" content=\"https:\/\/www.lasikvisioninstitute.com\/es\/lasik-el-mismo-dia\/\" \/>\n<meta property=\"og:site_name\" content=\"The LASIK Vision Institute\" \/>\n<meta property=\"article:modified_time\" content=\"2024-07-05T20:16:59+00:00\" \/>\n<meta property=\"og:image\" content=\"https:\/\/www.lasikvisioninstitute.com\/wp-content\/uploads\/2024\/05\/pexels-olly-3756168-1400x933.jpg\" \/>\n<meta name=\"twitter:card\" content=\"summary_large_image\" \/>\n<script type=\"application\/ld+json\" class=\"yoast-schema-graph\">{\"@context\":\"https:\\\/\\\/schema.org\",\"@graph\":[{\"@type\":\"WebPage\",\"@id\":\"https:\\\/\\\/www.lasikvisioninstitute.com\\\/es\\\/lasik-el-mismo-dia\\\/\",\"url\":\"https:\\\/\\\/www.lasikvisioninstitute.com\\\/es\\\/lasik-el-mismo-dia\\\/\",\"name\":\"El LASIK en el mismo d\u00eda facilita la visi\u00f3n perfecta\",\"isPartOf\":{\"@id\":\"https:\\\/\\\/www.lasikvisioninstitute.com\\\/es\\\/#website\"},\"primaryImageOfPage\":{\"@id\":\"https:\\\/\\\/www.lasikvisioninstitute.com\\\/es\\\/lasik-el-mismo-dia\\\/#primaryimage\"},\"image\":{\"@id\":\"https:\\\/\\\/www.lasikvisioninstitute.com\\\/es\\\/lasik-el-mismo-dia\\\/#primaryimage\"},\"thumbnailUrl\":\"https:\\\/\\\/www.lasikvisioninstitute.com\\\/wp-content\\\/uploads\\\/2024\\\/05\\\/pexels-olly-3756168-1400x933.jpg\",\"datePublished\":\"2024-05-09T18:04:02+00:00\",\"dateModified\":\"2024-07-05T20:16:59+00:00\",\"description\":\"\u00a1Deshazte r\u00e1pido de las gafas y las lentillas! Consigue la cirug\u00eda LASIK y el examen preoperatorio en una sola visita. M\u00e1s informaci\u00f3n sobre el LASIK en el mismo d\u00eda.\",\"breadcrumb\":{\"@id\":\"https:\\\/\\\/www.lasikvisioninstitute.com\\\/es\\\/lasik-el-mismo-dia\\\/#breadcrumb\"},\"inLanguage\":\"es-ES\",\"potentialAction\":[{\"@type\":\"ReadAction\",\"target\":[\"https:\\\/\\\/www.lasikvisioninstitute.com\\\/es\\\/lasik-el-mismo-dia\\\/\"]}]},{\"@type\":\"ImageObject\",\"inLanguage\":\"es-ES\",\"@id\":\"https:\\\/\\\/www.lasikvisioninstitute.com\\\/es\\\/lasik-el-mismo-dia\\\/#primaryimage\",\"url\":\"https:\\\/\\\/www.lasikvisioninstitute.com\\\/wp-content\\\/uploads\\\/2024\\\/05\\\/pexels-olly-3756168-1400x933.jpg\",\"contentUrl\":\"https:\\\/\\\/www.lasikvisioninstitute.com\\\/wp-content\\\/uploads\\\/2024\\\/05\\\/pexels-olly-3756168-1400x933.jpg\"},{\"@type\":\"BreadcrumbList\",\"@id\":\"https:\\\/\\\/www.lasikvisioninstitute.com\\\/es\\\/lasik-el-mismo-dia\\\/#breadcrumb\",\"itemListElement\":[{\"@type\":\"ListItem\",\"position\":1,\"name\":\"Portada\",\"item\":\"https:\\\/\\\/www.lasikvisioninstitute.com\\\/es\\\/\"},{\"@type\":\"ListItem\",\"position\":2,\"name\":\"LASIK el mismo d\u00eda\"}]},{\"@type\":\"WebSite\",\"@id\":\"https:\\\/\\\/www.lasikvisioninstitute.com\\\/es\\\/#website\",\"url\":\"https:\\\/\\\/www.lasikvisioninstitute.com\\\/es\\\/\",\"name\":\"The LASIK Vision Institute\",\"description\":\"1.4 Million LASIK Eye Surgeries and Counting\",\"publisher\":{\"@id\":\"https:\\\/\\\/www.lasikvisioninstitute.com\\\/es\\\/#organization\"},\"potentialAction\":[{\"@type\":\"SearchAction\",\"target\":{\"@type\":\"EntryPoint\",\"urlTemplate\":\"https:\\\/\\\/www.lasikvisioninstitute.com\\\/es\\\/?s={search_term_string}\"},\"query-input\":{\"@type\":\"PropertyValueSpecification\",\"valueRequired\":true,\"valueName\":\"search_term_string\"}}],\"inLanguage\":\"es-ES\"},{\"@type\":\"Organization\",\"@id\":\"https:\\\/\\\/www.lasikvisioninstitute.com\\\/es\\\/#organization\",\"name\":\"The LASIK Vision Institute\",\"url\":\"https:\\\/\\\/www.lasikvisioninstitute.com\\\/es\\\/\",\"logo\":{\"@type\":\"ImageObject\",\"inLanguage\":\"es-ES\",\"@id\":\"https:\\\/\\\/www.lasikvisioninstitute.com\\\/es\\\/#\\\/schema\\\/logo\\\/image\\\/\",\"url\":\"https:\\\/\\\/www.lasikvisioninstitute.com\\\/wp-content\\\/uploads\\\/2019\\\/10\\\/The-LASIK-Vision-Institute-Logo.png\",\"contentUrl\":\"https:\\\/\\\/www.lasikvisioninstitute.com\\\/wp-content\\\/uploads\\\/2019\\\/10\\\/The-LASIK-Vision-Institute-Logo.png\",\"width\":1000,\"height\":289,\"caption\":\"The LASIK Vision Institute\"},\"image\":{\"@id\":\"https:\\\/\\\/www.lasikvisioninstitute.com\\\/es\\\/#\\\/schema\\\/logo\\\/image\\\/\"}}]}<\/script>\n<!-- \/ Yoast SEO plugin. -->","yoast_head_json":{"title":"El LASIK en el mismo d\u00eda facilita la visi\u00f3n perfecta","description":"\u00a1Deshazte r\u00e1pido de las gafas y las lentillas! Consigue la cirug\u00eda LASIK y el examen preoperatorio en una sola visita. M\u00e1s informaci\u00f3n sobre el LASIK en el mismo d\u00eda.","robots":{"index":"index","follow":"follow","max-snippet":"max-snippet:-1","max-image-preview":"max-image-preview:large","max-video-preview":"max-video-preview:-1"},"canonical":"https:\/\/www.lasikvisioninstitute.com\/es\/lasik-el-mismo-dia\/","og_locale":"es_ES","og_type":"article","og_title":"El LASIK en el mismo d\u00eda facilita la visi\u00f3n perfecta","og_description":"\u00a1Deshazte r\u00e1pido de las gafas y las lentillas! Consigue la cirug\u00eda LASIK y el examen preoperatorio en una sola visita. M\u00e1s informaci\u00f3n sobre el LASIK en el mismo d\u00eda.","og_url":"https:\/\/www.lasikvisioninstitute.com\/es\/lasik-el-mismo-dia\/","og_site_name":"The LASIK Vision Institute","article_modified_time":"2024-07-05T20:16:59+00:00","og_image":[{"url":"https:\/\/www.lasikvisioninstitute.com\/wp-content\/uploads\/2024\/05\/pexels-olly-3756168-1400x933.jpg","type":"","width":"","height":""}],"twitter_card":"summary_large_image","schema":{"@context":"https:\/\/schema.org","@graph":[{"@type":"WebPage","@id":"https:\/\/www.lasikvisioninstitute.com\/es\/lasik-el-mismo-dia\/","url":"https:\/\/www.lasikvisioninstitute.com\/es\/lasik-el-mismo-dia\/","name":"El LASIK en el mismo d\u00eda facilita la visi\u00f3n perfecta","isPartOf":{"@id":"https:\/\/www.lasikvisioninstitute.com\/es\/#website"},"primaryImageOfPage":{"@id":"https:\/\/www.lasikvisioninstitute.com\/es\/lasik-el-mismo-dia\/#primaryimage"},"image":{"@id":"https:\/\/www.lasikvisioninstitute.com\/es\/lasik-el-mismo-dia\/#primaryimage"},"thumbnailUrl":"https:\/\/www.lasikvisioninstitute.com\/wp-content\/uploads\/2024\/05\/pexels-olly-3756168-1400x933.jpg","datePublished":"2024-05-09T18:04:02+00:00","dateModified":"2024-07-05T20:16:59+00:00","description":"\u00a1Deshazte r\u00e1pido de las gafas y las lentillas! Consigue la cirug\u00eda LASIK y el examen preoperatorio en una sola visita. M\u00e1s informaci\u00f3n sobre el LASIK en el mismo d\u00eda.","breadcrumb":{"@id":"https:\/\/www.lasikvisioninstitute.com\/es\/lasik-el-mismo-dia\/#breadcrumb"},"inLanguage":"es-ES","potentialAction":[{"@type":"ReadAction","target":["https:\/\/www.lasikvisioninstitute.com\/es\/lasik-el-mismo-dia\/"]}]},{"@type":"ImageObject","inLanguage":"es-ES","@id":"https:\/\/www.lasikvisioninstitute.com\/es\/lasik-el-mismo-dia\/#primaryimage","url":"https:\/\/www.lasikvisioninstitute.com\/wp-content\/uploads\/2024\/05\/pexels-olly-3756168-1400x933.jpg","contentUrl":"https:\/\/www.lasikvisioninstitute.com\/wp-content\/uploads\/2024\/05\/pexels-olly-3756168-1400x933.jpg"},{"@type":"BreadcrumbList","@id":"https:\/\/www.lasikvisioninstitute.com\/es\/lasik-el-mismo-dia\/#breadcrumb","itemListElement":[{"@type":"ListItem","position":1,"name":"Portada","item":"https:\/\/www.lasikvisioninstitute.com\/es\/"},{"@type":"ListItem","position":2,"name":"LASIK el mismo d\u00eda"}]},{"@type":"WebSite","@id":"https:\/\/www.lasikvisioninstitute.com\/es\/#website","url":"https:\/\/www.lasikvisioninstitute.com\/es\/","name":"The LASIK Vision Institute","description":"1.4 Million LASIK Eye Surgeries and Counting","publisher":{"@id":"https:\/\/www.lasikvisioninstitute.com\/es\/#organization"},"potentialAction":[{"@type":"SearchAction","target":{"@type":"EntryPoint","urlTemplate":"https:\/\/www.lasikvisioninstitute.com\/es\/?s={search_term_string}"},"query-input":{"@type":"PropertyValueSpecification","valueRequired":true,"valueName":"search_term_string"}}],"inLanguage":"es-ES"},{"@type":"Organization","@id":"https:\/\/www.lasikvisioninstitute.com\/es\/#organization","name":"The LASIK Vision Institute","url":"https:\/\/www.lasikvisioninstitute.com\/es\/","logo":{"@type":"ImageObject","inLanguage":"es-ES","@id":"https:\/\/www.lasikvisioninstitute.com\/es\/#\/schema\/logo\/image\/","url":"https:\/\/www.lasikvisioninstitute.com\/wp-content\/uploads\/2019\/10\/The-LASIK-Vision-Institute-Logo.png","contentUrl":"https:\/\/www.lasikvisioninstitute.com\/wp-content\/uploads\/2019\/10\/The-LASIK-Vision-Institute-Logo.png","width":1000,"height":289,"caption":"The LASIK Vision Institute"},"image":{"@id":"https:\/\/www.lasikvisioninstitute.com\/es\/#\/schema\/logo\/image\/"}}]}},"_links":{"self":[{"href":"https:\/\/www.lasikvisioninstitute.com\/es\/wp-json\/wp\/v2\/pages\/164995","targetHints":{"allow":["GET"]}}],"collection":[{"href":"https:\/\/www.lasikvisioninstitute.com\/es\/wp-json\/wp\/v2\/pages"}],"about":[{"href":"https:\/\/www.lasikvisioninstitute.com\/es\/wp-json\/wp\/v2\/types\/page"}],"author":[{"embeddable":true,"href":"https:\/\/www.lasikvisioninstitute.com\/es\/wp-json\/wp\/v2\/users\/33"}],"replies":[{"embeddable":true,"href":"https:\/\/www.lasikvisioninstitute.com\/es\/wp-json\/wp\/v2\/comments?post=164995"}],"version-history":[{"count":0,"href":"https:\/\/www.lasikvisioninstitute.com\/es\/wp-json\/wp\/v2\/pages\/164995\/revisions"}],"wp:attachment":[{"href":"https:\/\/www.lasikvisioninstitute.com\/es\/wp-json\/wp\/v2\/media?parent=164995"}],"curies":[{"name":"wp","href":"https:\/\/api.w.org\/{rel}","templated":true}]}}