{"id":164901,"date":"2017-06-15T11:12:03","date_gmt":"2017-06-15T16:12:03","guid":{"rendered":"https:\/\/dev.lasikvisioninstitute.com\/financiacion-carecredit\/"},"modified":"2024-11-01T09:40:07","modified_gmt":"2024-11-01T14:40:07","slug":"financiacion-carecredit","status":"publish","type":"page","link":"https:\/\/www.lasikvisioninstitute.com\/es\/puedes-permitirte-la-cirugia-ocular-lasik\/financiacion-carecredit\/","title":{"rendered":"Financiaci\u00f3n CareCredit"},"content":{"rendered":"\n<p>El LASIK Vision Institute\u00ae hace que el LASIK sea asequible. El coste de la cirug\u00eda LASIK puede variar seg\u00fan el tipo de procedimiento utilizado para corregir tu visi\u00f3n. Un tipo de opci\u00f3n de financiaci\u00f3n que ofrece The LASIK Vision Institute\u00ae es una tarjeta de cr\u00e9dito a trav\u00e9s de CareCredit.<\/p>\n\n<p>La tarjeta de cr\u00e9dito CareCredit es una tarjeta de cr\u00e9dito dise\u00f1ada exclusivamente para la salud y el bienestar con ofertas especiales de financiaci\u00f3n. A continuaci\u00f3n encontrar\u00e1s algunos ejemplos de las opciones de financiaci\u00f3n disponibles a trav\u00e9s de la tarjeta de cr\u00e9dito CareCredit.<\/p>\n\n<div class=\"wp-block-columns is-layout-flex wp-container-core-columns-is-layout-28f84493 wp-block-columns-is-layout-flex\">\n<div class=\"wp-block-column is-layout-flow wp-block-column-is-layout-flow\">\n<div class=\"wp-block-group p-5 has-polar-white-background-color has-background is-layout-flow wp-block-group-is-layout-flow\" style=\"border-radius:10px\">\n<h3 class=\"wp-block-heading\">Hazte la cirug\u00eda LASIK por 3.400 $ o 167 $\/mes^<\/h3>\n\n\n\n<h3 class=\"wp-block-heading\">Pagos sugeridos con financiaci\u00f3n especial a 12 meses con una tarjeta de cr\u00e9dito CareCredit.*<\/h3>\n\n\n\n<div class=\"wp-block-buttons is-layout-flex wp-block-buttons-is-layout-flex\">\n<div class=\"wp-block-button\"><a class=\"wp-block-button__link has-teal-background-color has-background wp-element-button\" href=\"https:\/\/www.lasikvisioninstitute.com\/es\/puedes-permitirte-la-cirugia-ocular-lasik\/financiacion-carecredit-sin-intereses-si-se-paga-integramente-en-18-meses\/\">M\u00e1s informaci\u00f3n*<\/a><\/div>\n<\/div>\n<\/div>\n<\/div>\n\n\n\n<div class=\"wp-block-column is-layout-flow wp-block-column-is-layout-flow\">\n<div class=\"wp-block-group p-5 has-polar-white-background-color has-background is-layout-flow wp-block-group-is-layout-flow\" style=\"border-radius:20px\">\n<h3 class=\"wp-block-heading\">Hazte la cirug\u00eda LASIK por 3.000 $ o 92 $\/mes^<\/h3>\n\n\n\n<h3 class=\"wp-block-heading\">Con financiaci\u00f3n a 48 meses con una tarjeta de cr\u00e9dito CareCredit. Coste total &#8211; 4.375,**<\/h3>\n\n\n\n<div class=\"wp-block-buttons is-layout-flex wp-block-buttons-is-layout-flex\">\n<div class=\"wp-block-button\"><a class=\"wp-block-button__link has-teal-background-color has-background wp-element-button\" href=\"https:\/\/www.lasikvisioninstitute.com\/es\/puedes-permitirte-la-cirugia-ocular-lasik\/financiacion-carecredit-48-meses-de-tae-reducida\/\" target=\"_blank\" rel=\"noreferrer noopener\">M\u00e1s informaci\u00f3n*<\/a><\/div>\n<\/div>\n<\/div>\n<\/div>\n<\/div>\n\n<p><small>\u0245 El importe total indicado se basa en un coste medio estimado del Lasik. Tu coste puede variar. Solicita una consulta para determinar tus necesidades y costes individuales.<\/small><\/p>\n\n<p>El LASIK Vision Institute\u00ae ofrece financiaci\u00f3n garantizada. Si no tienes derecho a CareCredit, pregunta por nuestras opciones de financiaci\u00f3n interna.<\/p>\n\n<figure class=\"wp-block-image aligncenter size-full is-resized\"><img decoding=\"async\" src=\"https:\/\/www.lasikvisioninstitute.com\/wp-content\/uploads\/2024\/04\/LVI-Guaranteed-Financing-Badge-small.png\" alt=\"\" class=\"wp-image-163493\" style=\"object-fit:contain;width:348px;height:auto\"\/><\/figure>\n","protected":false},"excerpt":{"rendered":"<p>El LASIK Vision Institute\u00ae hace que el LASIK sea asequible. El coste de la cirug\u00eda LASIK puede variar seg\u00fan el tipo de procedimiento utilizado para corregir tu visi\u00f3n. Un tipo de opci\u00f3n de financiaci\u00f3n que ofrece The LASIK Vision Institute\u00ae es una tarjeta de cr\u00e9dito a trav\u00e9s de CareCredit. La tarjeta de cr\u00e9dito CareCredit es [&hellip;]<\/p>\n","protected":false},"author":33,"featured_media":0,"parent":165891,"menu_order":0,"comment_status":"closed","ping_status":"closed","template":"","meta":{"_acf_changed":false,"footnotes":""},"class_list":["post-164901","page","type-page","status-publish"],"acf":[],"yoast_head":"<!-- This site is optimized with the Yoast SEO plugin v27.4 - https:\/\/yoast.com\/product\/yoast-seo-wordpress\/ -->\n<title>Financiaci\u00f3n CareCredit - The LASIK Vision Institute<\/title>\n<meta name=\"robots\" content=\"noindex, nofollow\" \/>\n<meta property=\"og:locale\" content=\"es_ES\" \/>\n<meta property=\"og:type\" content=\"article\" \/>\n<meta property=\"og:title\" content=\"Financiaci\u00f3n CareCredit - The LASIK Vision Institute\" \/>\n<meta property=\"og:description\" content=\"El LASIK Vision Institute\u00ae hace que el LASIK sea asequible. El coste de la cirug\u00eda LASIK puede variar seg\u00fan el tipo de procedimiento utilizado para corregir tu visi\u00f3n. Un tipo de opci\u00f3n de financiaci\u00f3n que ofrece The LASIK Vision Institute\u00ae es una tarjeta de cr\u00e9dito a trav\u00e9s de CareCredit. La tarjeta de cr\u00e9dito CareCredit es [&hellip;]\" \/>\n<meta property=\"og:url\" content=\"https:\/\/www.lasikvisioninstitute.com\/es\/puedes-permitirte-la-cirugia-ocular-lasik\/financiacion-carecredit\/\" \/>\n<meta property=\"og:site_name\" content=\"The LASIK Vision Institute\" \/>\n<meta property=\"article:modified_time\" content=\"2024-11-01T14:40:07+00:00\" \/>\n<meta property=\"og:image\" content=\"https:\/\/www.lasikvisioninstitute.com\/wp-content\/uploads\/2024\/04\/LVI-Guaranteed-Financing-Badge-small.png\" \/>\n<meta name=\"twitter:card\" content=\"summary_large_image\" \/>\n<script type=\"application\/ld+json\" class=\"yoast-schema-graph\">{\"@context\":\"https:\\\/\\\/schema.org\",\"@graph\":[{\"@type\":\"WebPage\",\"@id\":\"https:\\\/\\\/www.lasikvisioninstitute.com\\\/es\\\/puedes-permitirte-la-cirugia-ocular-lasik\\\/financiacion-carecredit\\\/\",\"url\":\"https:\\\/\\\/www.lasikvisioninstitute.com\\\/es\\\/puedes-permitirte-la-cirugia-ocular-lasik\\\/financiacion-carecredit\\\/\",\"name\":\"Financiaci\u00f3n CareCredit - The LASIK Vision Institute\",\"isPartOf\":{\"@id\":\"https:\\\/\\\/www.lasikvisioninstitute.com\\\/es\\\/#website\"},\"primaryImageOfPage\":{\"@id\":\"https:\\\/\\\/www.lasikvisioninstitute.com\\\/es\\\/puedes-permitirte-la-cirugia-ocular-lasik\\\/financiacion-carecredit\\\/#primaryimage\"},\"image\":{\"@id\":\"https:\\\/\\\/www.lasikvisioninstitute.com\\\/es\\\/puedes-permitirte-la-cirugia-ocular-lasik\\\/financiacion-carecredit\\\/#primaryimage\"},\"thumbnailUrl\":\"https:\\\/\\\/www.lasikvisioninstitute.com\\\/wp-content\\\/uploads\\\/2024\\\/04\\\/LVI-Guaranteed-Financing-Badge-small.png\",\"datePublished\":\"2017-06-15T16:12:03+00:00\",\"dateModified\":\"2024-11-01T14:40:07+00:00\",\"breadcrumb\":{\"@id\":\"https:\\\/\\\/www.lasikvisioninstitute.com\\\/es\\\/puedes-permitirte-la-cirugia-ocular-lasik\\\/financiacion-carecredit\\\/#breadcrumb\"},\"inLanguage\":\"es-ES\",\"potentialAction\":[{\"@type\":\"ReadAction\",\"target\":[\"https:\\\/\\\/www.lasikvisioninstitute.com\\\/es\\\/puedes-permitirte-la-cirugia-ocular-lasik\\\/financiacion-carecredit\\\/\"]}]},{\"@type\":\"ImageObject\",\"inLanguage\":\"es-ES\",\"@id\":\"https:\\\/\\\/www.lasikvisioninstitute.com\\\/es\\\/puedes-permitirte-la-cirugia-ocular-lasik\\\/financiacion-carecredit\\\/#primaryimage\",\"url\":\"https:\\\/\\\/www.lasikvisioninstitute.com\\\/wp-content\\\/uploads\\\/2024\\\/04\\\/LVI-Guaranteed-Financing-Badge-small.png\",\"contentUrl\":\"https:\\\/\\\/www.lasikvisioninstitute.com\\\/wp-content\\\/uploads\\\/2024\\\/04\\\/LVI-Guaranteed-Financing-Badge-small.png\"},{\"@type\":\"BreadcrumbList\",\"@id\":\"https:\\\/\\\/www.lasikvisioninstitute.com\\\/es\\\/puedes-permitirte-la-cirugia-ocular-lasik\\\/financiacion-carecredit\\\/#breadcrumb\",\"itemListElement\":[{\"@type\":\"ListItem\",\"position\":1,\"name\":\"Portada\",\"item\":\"https:\\\/\\\/www.lasikvisioninstitute.com\\\/es\\\/\"},{\"@type\":\"ListItem\",\"position\":2,\"name\":\"Puedes permitirte la cirug\u00eda ocular LASIK\",\"item\":\"https:\\\/\\\/www.lasikvisioninstitute.com\\\/es\\\/puedes-permitirte-la-cirugia-ocular-lasik\\\/\"},{\"@type\":\"ListItem\",\"position\":3,\"name\":\"Financiaci\u00f3n CareCredit\"}]},{\"@type\":\"WebSite\",\"@id\":\"https:\\\/\\\/www.lasikvisioninstitute.com\\\/es\\\/#website\",\"url\":\"https:\\\/\\\/www.lasikvisioninstitute.com\\\/es\\\/\",\"name\":\"The LASIK Vision Institute\",\"description\":\"1.4 Million LASIK Eye Surgeries and Counting\",\"publisher\":{\"@id\":\"https:\\\/\\\/www.lasikvisioninstitute.com\\\/es\\\/#organization\"},\"potentialAction\":[{\"@type\":\"SearchAction\",\"target\":{\"@type\":\"EntryPoint\",\"urlTemplate\":\"https:\\\/\\\/www.lasikvisioninstitute.com\\\/es\\\/?s={search_term_string}\"},\"query-input\":{\"@type\":\"PropertyValueSpecification\",\"valueRequired\":true,\"valueName\":\"search_term_string\"}}],\"inLanguage\":\"es-ES\"},{\"@type\":\"Organization\",\"@id\":\"https:\\\/\\\/www.lasikvisioninstitute.com\\\/es\\\/#organization\",\"name\":\"The LASIK Vision Institute\",\"url\":\"https:\\\/\\\/www.lasikvisioninstitute.com\\\/es\\\/\",\"logo\":{\"@type\":\"ImageObject\",\"inLanguage\":\"es-ES\",\"@id\":\"https:\\\/\\\/www.lasikvisioninstitute.com\\\/es\\\/#\\\/schema\\\/logo\\\/image\\\/\",\"url\":\"https:\\\/\\\/www.lasikvisioninstitute.com\\\/wp-content\\\/uploads\\\/2019\\\/10\\\/The-LASIK-Vision-Institute-Logo.png\",\"contentUrl\":\"https:\\\/\\\/www.lasikvisioninstitute.com\\\/wp-content\\\/uploads\\\/2019\\\/10\\\/The-LASIK-Vision-Institute-Logo.png\",\"width\":1000,\"height\":289,\"caption\":\"The LASIK Vision Institute\"},\"image\":{\"@id\":\"https:\\\/\\\/www.lasikvisioninstitute.com\\\/es\\\/#\\\/schema\\\/logo\\\/image\\\/\"}}]}<\/script>\n<!-- \/ Yoast SEO plugin. -->","yoast_head_json":{"title":"Financiaci\u00f3n CareCredit - The LASIK Vision Institute","robots":{"index":"noindex","follow":"nofollow"},"og_locale":"es_ES","og_type":"article","og_title":"Financiaci\u00f3n CareCredit - The LASIK Vision Institute","og_description":"El LASIK Vision Institute\u00ae hace que el LASIK sea asequible. El coste de la cirug\u00eda LASIK puede variar seg\u00fan el tipo de procedimiento utilizado para corregir tu visi\u00f3n. Un tipo de opci\u00f3n de financiaci\u00f3n que ofrece The LASIK Vision Institute\u00ae es una tarjeta de cr\u00e9dito a trav\u00e9s de CareCredit. La tarjeta de cr\u00e9dito CareCredit es [&hellip;]","og_url":"https:\/\/www.lasikvisioninstitute.com\/es\/puedes-permitirte-la-cirugia-ocular-lasik\/financiacion-carecredit\/","og_site_name":"The LASIK Vision Institute","article_modified_time":"2024-11-01T14:40:07+00:00","og_image":[{"url":"https:\/\/www.lasikvisioninstitute.com\/wp-content\/uploads\/2024\/04\/LVI-Guaranteed-Financing-Badge-small.png","type":"","width":"","height":""}],"twitter_card":"summary_large_image","schema":{"@context":"https:\/\/schema.org","@graph":[{"@type":"WebPage","@id":"https:\/\/www.lasikvisioninstitute.com\/es\/puedes-permitirte-la-cirugia-ocular-lasik\/financiacion-carecredit\/","url":"https:\/\/www.lasikvisioninstitute.com\/es\/puedes-permitirte-la-cirugia-ocular-lasik\/financiacion-carecredit\/","name":"Financiaci\u00f3n CareCredit - The LASIK Vision Institute","isPartOf":{"@id":"https:\/\/www.lasikvisioninstitute.com\/es\/#website"},"primaryImageOfPage":{"@id":"https:\/\/www.lasikvisioninstitute.com\/es\/puedes-permitirte-la-cirugia-ocular-lasik\/financiacion-carecredit\/#primaryimage"},"image":{"@id":"https:\/\/www.lasikvisioninstitute.com\/es\/puedes-permitirte-la-cirugia-ocular-lasik\/financiacion-carecredit\/#primaryimage"},"thumbnailUrl":"https:\/\/www.lasikvisioninstitute.com\/wp-content\/uploads\/2024\/04\/LVI-Guaranteed-Financing-Badge-small.png","datePublished":"2017-06-15T16:12:03+00:00","dateModified":"2024-11-01T14:40:07+00:00","breadcrumb":{"@id":"https:\/\/www.lasikvisioninstitute.com\/es\/puedes-permitirte-la-cirugia-ocular-lasik\/financiacion-carecredit\/#breadcrumb"},"inLanguage":"es-ES","potentialAction":[{"@type":"ReadAction","target":["https:\/\/www.lasikvisioninstitute.com\/es\/puedes-permitirte-la-cirugia-ocular-lasik\/financiacion-carecredit\/"]}]},{"@type":"ImageObject","inLanguage":"es-ES","@id":"https:\/\/www.lasikvisioninstitute.com\/es\/puedes-permitirte-la-cirugia-ocular-lasik\/financiacion-carecredit\/#primaryimage","url":"https:\/\/www.lasikvisioninstitute.com\/wp-content\/uploads\/2024\/04\/LVI-Guaranteed-Financing-Badge-small.png","contentUrl":"https:\/\/www.lasikvisioninstitute.com\/wp-content\/uploads\/2024\/04\/LVI-Guaranteed-Financing-Badge-small.png"},{"@type":"BreadcrumbList","@id":"https:\/\/www.lasikvisioninstitute.com\/es\/puedes-permitirte-la-cirugia-ocular-lasik\/financiacion-carecredit\/#breadcrumb","itemListElement":[{"@type":"ListItem","position":1,"name":"Portada","item":"https:\/\/www.lasikvisioninstitute.com\/es\/"},{"@type":"ListItem","position":2,"name":"Puedes permitirte la cirug\u00eda ocular LASIK","item":"https:\/\/www.lasikvisioninstitute.com\/es\/puedes-permitirte-la-cirugia-ocular-lasik\/"},{"@type":"ListItem","position":3,"name":"Financiaci\u00f3n CareCredit"}]},{"@type":"WebSite","@id":"https:\/\/www.lasikvisioninstitute.com\/es\/#website","url":"https:\/\/www.lasikvisioninstitute.com\/es\/","name":"The LASIK Vision Institute","description":"1.4 Million LASIK Eye Surgeries and Counting","publisher":{"@id":"https:\/\/www.lasikvisioninstitute.com\/es\/#organization"},"potentialAction":[{"@type":"SearchAction","target":{"@type":"EntryPoint","urlTemplate":"https:\/\/www.lasikvisioninstitute.com\/es\/?s={search_term_string}"},"query-input":{"@type":"PropertyValueSpecification","valueRequired":true,"valueName":"search_term_string"}}],"inLanguage":"es-ES"},{"@type":"Organization","@id":"https:\/\/www.lasikvisioninstitute.com\/es\/#organization","name":"The LASIK Vision Institute","url":"https:\/\/www.lasikvisioninstitute.com\/es\/","logo":{"@type":"ImageObject","inLanguage":"es-ES","@id":"https:\/\/www.lasikvisioninstitute.com\/es\/#\/schema\/logo\/image\/","url":"https:\/\/www.lasikvisioninstitute.com\/wp-content\/uploads\/2019\/10\/The-LASIK-Vision-Institute-Logo.png","contentUrl":"https:\/\/www.lasikvisioninstitute.com\/wp-content\/uploads\/2019\/10\/The-LASIK-Vision-Institute-Logo.png","width":1000,"height":289,"caption":"The LASIK Vision Institute"},"image":{"@id":"https:\/\/www.lasikvisioninstitute.com\/es\/#\/schema\/logo\/image\/"}}]}},"_links":{"self":[{"href":"https:\/\/www.lasikvisioninstitute.com\/es\/wp-json\/wp\/v2\/pages\/164901","targetHints":{"allow":["GET"]}}],"collection":[{"href":"https:\/\/www.lasikvisioninstitute.com\/es\/wp-json\/wp\/v2\/pages"}],"about":[{"href":"https:\/\/www.lasikvisioninstitute.com\/es\/wp-json\/wp\/v2\/types\/page"}],"author":[{"embeddable":true,"href":"https:\/\/www.lasikvisioninstitute.com\/es\/wp-json\/wp\/v2\/users\/33"}],"replies":[{"embeddable":true,"href":"https:\/\/www.lasikvisioninstitute.com\/es\/wp-json\/wp\/v2\/comments?post=164901"}],"version-history":[{"count":0,"href":"https:\/\/www.lasikvisioninstitute.com\/es\/wp-json\/wp\/v2\/pages\/164901\/revisions"}],"up":[{"embeddable":true,"href":"https:\/\/www.lasikvisioninstitute.com\/es\/wp-json\/wp\/v2\/pages\/165891"}],"wp:attachment":[{"href":"https:\/\/www.lasikvisioninstitute.com\/es\/wp-json\/wp\/v2\/media?parent=164901"}],"curies":[{"name":"wp","href":"https:\/\/api.w.org\/{rel}","templated":true}]}}