{"id":164894,"date":"2022-07-22T13:56:29","date_gmt":"2022-07-22T18:56:29","guid":{"rendered":"https:\/\/dev.lasikvisioninstitute.com\/financiacion-carecredit-sin-intereses-si-se-paga-integramente-en-18-meses\/"},"modified":"2024-06-04T18:29:36","modified_gmt":"2024-06-04T23:29:36","slug":"financiacion-carecredit-sin-intereses-si-se-paga-integramente-en-18-meses","status":"publish","type":"page","link":"https:\/\/www.lasikvisioninstitute.com\/es\/puedes-permitirte-la-cirugia-ocular-lasik\/financiacion-carecredit-sin-intereses-si-se-paga-integramente-en-18-meses\/","title":{"rendered":"Financiaci\u00f3n CareCredit &#8211; Sin intereses si se paga \u00edntegramente en 18 meses"},"content":{"rendered":"\n<figure class=\"wp-block-table\"><table class=\"has-deep-teal-color has-polar-white-background-color has-text-color has-background has-fixed-layout\"><thead><tr><th class=\"has-text-align-center\" data-align=\"center\">Importe de la compra promocional<\/th><th class=\"has-text-align-center\" data-align=\"center\">Pago mensual igual sugerido<\/th><th class=\"has-text-align-center\" data-align=\"center\">Per\u00edodo promocional<\/th><\/tr><\/thead><tbody><tr><td class=\"has-text-align-center\" data-align=\"center\"><strong>$3,400<\/strong><\/td><td class=\"has-text-align-center\" data-align=\"center\"><strong>$167<\/strong><\/td><td class=\"has-text-align-center\" data-align=\"center\"><strong>18 meses<\/strong><\/td><\/tr><\/tbody><\/table><\/figure>\n\n<p>El Pago Mensual Equivalente Sugerido que se muestra arriba puede ser mayor que el pago mensual m\u00ednimo requerido que aparecer\u00e1 en tu extracto de facturaci\u00f3n cuando utilices la oferta de financiaci\u00f3n promocional a 18 meses.<\/p>\n\n<p class=\"has-text-align-center\"><strong>Este pago estimado:<\/strong><\/p>\n\n<ul class=\"wp-block-list\">\n<li>Equivale a la compra promocional dividida por el periodo promocional redondeado al importe en d\u00f3lares inmediatamente superior.<\/li>\n\n\n\n<li>Pagar\u00edas el importe de la compra promocional dentro del periodo promocional, pero s\u00f3lo si no hay otros saldos en tu cuenta en ning\u00fan momento durante el periodo promocional y realizas tus pagos puntualmente. El total de tus pagos ser\u00e1 igual al importe de la compra promocional.<\/li>\n<\/ul>\n\n<p><strong>Si el importe de la compra promocional no se paga en su totalidad dentro del periodo promocional, se cargar\u00e1n intereses en tu cuenta desde la fecha de compra y tus pagos totales ser\u00e1n superiores al importe de la compra promocional.<\/strong><\/p>\n\n<p><strong>IMPORTANTE: La informaci\u00f3n sobre el Pago Mensual Sugerido que se muestra supone que se aplica a la compra la siguiente oferta promocional de financiaci\u00f3n:<\/strong><\/p>\n\n<p><strong>Sin intereses si se paga \u00edntegramente en 18 meses.*<\/strong> <br\/>En compras de 200 $ o m\u00e1s con tu tarjeta de cr\u00e9dito CareCredit. Se cargar\u00e1n intereses en tu cuenta a partir de la fecha de compra si la compra promocional no se paga en su totalidad dentro del periodo promocional. Pagos m\u00ednimos mensuales requeridos.<\/p>\n\n<p style=\"font-size:8px\">* No se cobrar\u00e1n intereses sobre el saldo promocional si lo pagas en su totalidad dentro del periodo promocional. Si no lo haces, se cargar\u00e1n intereses sobre el saldo de la promoci\u00f3n a partir de la fecha de compra. Los pagos m\u00ednimos mensuales requeridos pueden o no liquidar el saldo promocional antes del final del periodo promocional, dependiendo del importe del saldo, la duraci\u00f3n de la promoci\u00f3n y la asignaci\u00f3n de pagos. Las condiciones normales de la cuenta se aplican a las compras no promocionales y, una vez finalizado el periodo promocional, al saldo promocional. Para cuentas nuevas: La TAE (tipo de inter\u00e9s) de compra es del 29,99%; el cargo m\u00ednimo por intereses es de 2 $. Titulares de tarjetas existentes: Consulta las condiciones del contrato de tu tarjeta de cr\u00e9dito. Sujeto a aprobaci\u00f3n de cr\u00e9dito.<\/p>\n\n<div class=\"wp-block-columns is-layout-flex wp-container-core-columns-is-layout-28f84493 wp-block-columns-is-layout-flex\">\n<div class=\"wp-block-column is-layout-flow wp-block-column-is-layout-flow\"><\/div>\n<\/div>\n","protected":false},"excerpt":{"rendered":"<p>Importe de la compra promocional Pago mensual igual sugerido Per\u00edodo promocional $3,400 $167 18 meses El Pago Mensual Equivalente Sugerido que se muestra arriba puede ser mayor que el pago mensual m\u00ednimo requerido que aparecer\u00e1 en tu extracto de facturaci\u00f3n cuando utilices la oferta de financiaci\u00f3n promocional a 18 meses. Este pago estimado: Si el [&hellip;]<\/p>\n","protected":false},"author":33,"featured_media":0,"parent":165891,"menu_order":0,"comment_status":"closed","ping_status":"closed","template":"","meta":{"_acf_changed":false,"footnotes":""},"class_list":["post-164894","page","type-page","status-publish"],"acf":[],"yoast_head":"<!-- This site is optimized with the Yoast SEO plugin v27.4 - https:\/\/yoast.com\/product\/yoast-seo-wordpress\/ -->\n<title>Opciones de financiaci\u00f3n LASIK | CareCredit<\/title>\n<meta name=\"description\" content=\"El Pago Mensual Equivalente Sugerido que se muestra arriba puede ser mayor que el pago mensual m\u00ednimo requerido que aparecer\u00e1 en tu extracto de facturaci\u00f3n cuando utilices la oferta de financiaci\u00f3n promocional a 18 meses.\" \/>\n<meta name=\"robots\" content=\"noindex, nofollow\" \/>\n<meta property=\"og:locale\" content=\"es_ES\" \/>\n<meta property=\"og:type\" content=\"article\" \/>\n<meta property=\"og:title\" content=\"Opciones de financiaci\u00f3n LASIK | CareCredit\" \/>\n<meta property=\"og:description\" content=\"El Pago Mensual Equivalente Sugerido que se muestra arriba puede ser mayor que el pago mensual m\u00ednimo requerido que aparecer\u00e1 en tu extracto de facturaci\u00f3n cuando utilices la oferta de financiaci\u00f3n promocional a 18 meses.\" \/>\n<meta property=\"og:url\" content=\"https:\/\/www.lasikvisioninstitute.com\/es\/puedes-permitirte-la-cirugia-ocular-lasik\/financiacion-carecredit-sin-intereses-si-se-paga-integramente-en-18-meses\/\" \/>\n<meta property=\"og:site_name\" content=\"The LASIK Vision Institute\" \/>\n<meta property=\"article:modified_time\" content=\"2024-06-04T23:29:36+00:00\" \/>\n<meta name=\"twitter:card\" content=\"summary_large_image\" \/>\n<script type=\"application\/ld+json\" class=\"yoast-schema-graph\">{\"@context\":\"https:\\\/\\\/schema.org\",\"@graph\":[{\"@type\":\"WebPage\",\"@id\":\"https:\\\/\\\/www.lasikvisioninstitute.com\\\/es\\\/puedes-permitirte-la-cirugia-ocular-lasik\\\/financiacion-carecredit-sin-intereses-si-se-paga-integramente-en-18-meses\\\/\",\"url\":\"https:\\\/\\\/www.lasikvisioninstitute.com\\\/es\\\/puedes-permitirte-la-cirugia-ocular-lasik\\\/financiacion-carecredit-sin-intereses-si-se-paga-integramente-en-18-meses\\\/\",\"name\":\"Opciones de financiaci\u00f3n LASIK | CareCredit\",\"isPartOf\":{\"@id\":\"https:\\\/\\\/www.lasikvisioninstitute.com\\\/es\\\/#website\"},\"datePublished\":\"2022-07-22T18:56:29+00:00\",\"dateModified\":\"2024-06-04T23:29:36+00:00\",\"description\":\"El Pago Mensual Equivalente Sugerido que se muestra arriba puede ser mayor que el pago mensual m\u00ednimo requerido que aparecer\u00e1 en tu extracto de facturaci\u00f3n cuando utilices la oferta de financiaci\u00f3n promocional a 18 meses.\",\"breadcrumb\":{\"@id\":\"https:\\\/\\\/www.lasikvisioninstitute.com\\\/es\\\/puedes-permitirte-la-cirugia-ocular-lasik\\\/financiacion-carecredit-sin-intereses-si-se-paga-integramente-en-18-meses\\\/#breadcrumb\"},\"inLanguage\":\"es-ES\",\"potentialAction\":[{\"@type\":\"ReadAction\",\"target\":[\"https:\\\/\\\/www.lasikvisioninstitute.com\\\/es\\\/puedes-permitirte-la-cirugia-ocular-lasik\\\/financiacion-carecredit-sin-intereses-si-se-paga-integramente-en-18-meses\\\/\"]}]},{\"@type\":\"BreadcrumbList\",\"@id\":\"https:\\\/\\\/www.lasikvisioninstitute.com\\\/es\\\/puedes-permitirte-la-cirugia-ocular-lasik\\\/financiacion-carecredit-sin-intereses-si-se-paga-integramente-en-18-meses\\\/#breadcrumb\",\"itemListElement\":[{\"@type\":\"ListItem\",\"position\":1,\"name\":\"Portada\",\"item\":\"https:\\\/\\\/www.lasikvisioninstitute.com\\\/es\\\/\"},{\"@type\":\"ListItem\",\"position\":2,\"name\":\"Puedes permitirte la cirug\u00eda ocular LASIK\",\"item\":\"https:\\\/\\\/www.lasikvisioninstitute.com\\\/es\\\/puedes-permitirte-la-cirugia-ocular-lasik\\\/\"},{\"@type\":\"ListItem\",\"position\":3,\"name\":\"Financiaci\u00f3n CareCredit &#8211; Sin intereses si se paga \u00edntegramente en 18 meses\"}]},{\"@type\":\"WebSite\",\"@id\":\"https:\\\/\\\/www.lasikvisioninstitute.com\\\/es\\\/#website\",\"url\":\"https:\\\/\\\/www.lasikvisioninstitute.com\\\/es\\\/\",\"name\":\"The LASIK Vision Institute\",\"description\":\"1.4 Million LASIK Eye Surgeries and Counting\",\"publisher\":{\"@id\":\"https:\\\/\\\/www.lasikvisioninstitute.com\\\/es\\\/#organization\"},\"potentialAction\":[{\"@type\":\"SearchAction\",\"target\":{\"@type\":\"EntryPoint\",\"urlTemplate\":\"https:\\\/\\\/www.lasikvisioninstitute.com\\\/es\\\/?s={search_term_string}\"},\"query-input\":{\"@type\":\"PropertyValueSpecification\",\"valueRequired\":true,\"valueName\":\"search_term_string\"}}],\"inLanguage\":\"es-ES\"},{\"@type\":\"Organization\",\"@id\":\"https:\\\/\\\/www.lasikvisioninstitute.com\\\/es\\\/#organization\",\"name\":\"The LASIK Vision Institute\",\"url\":\"https:\\\/\\\/www.lasikvisioninstitute.com\\\/es\\\/\",\"logo\":{\"@type\":\"ImageObject\",\"inLanguage\":\"es-ES\",\"@id\":\"https:\\\/\\\/www.lasikvisioninstitute.com\\\/es\\\/#\\\/schema\\\/logo\\\/image\\\/\",\"url\":\"https:\\\/\\\/www.lasikvisioninstitute.com\\\/wp-content\\\/uploads\\\/2019\\\/10\\\/The-LASIK-Vision-Institute-Logo.png\",\"contentUrl\":\"https:\\\/\\\/www.lasikvisioninstitute.com\\\/wp-content\\\/uploads\\\/2019\\\/10\\\/The-LASIK-Vision-Institute-Logo.png\",\"width\":1000,\"height\":289,\"caption\":\"The LASIK Vision Institute\"},\"image\":{\"@id\":\"https:\\\/\\\/www.lasikvisioninstitute.com\\\/es\\\/#\\\/schema\\\/logo\\\/image\\\/\"}}]}<\/script>\n<!-- \/ Yoast SEO plugin. -->","yoast_head_json":{"title":"Opciones de financiaci\u00f3n LASIK | CareCredit","description":"El Pago Mensual Equivalente Sugerido que se muestra arriba puede ser mayor que el pago mensual m\u00ednimo requerido que aparecer\u00e1 en tu extracto de facturaci\u00f3n cuando utilices la oferta de financiaci\u00f3n promocional a 18 meses.","robots":{"index":"noindex","follow":"nofollow"},"og_locale":"es_ES","og_type":"article","og_title":"Opciones de financiaci\u00f3n LASIK | CareCredit","og_description":"El Pago Mensual Equivalente Sugerido que se muestra arriba puede ser mayor que el pago mensual m\u00ednimo requerido que aparecer\u00e1 en tu extracto de facturaci\u00f3n cuando utilices la oferta de financiaci\u00f3n promocional a 18 meses.","og_url":"https:\/\/www.lasikvisioninstitute.com\/es\/puedes-permitirte-la-cirugia-ocular-lasik\/financiacion-carecredit-sin-intereses-si-se-paga-integramente-en-18-meses\/","og_site_name":"The LASIK Vision Institute","article_modified_time":"2024-06-04T23:29:36+00:00","twitter_card":"summary_large_image","schema":{"@context":"https:\/\/schema.org","@graph":[{"@type":"WebPage","@id":"https:\/\/www.lasikvisioninstitute.com\/es\/puedes-permitirte-la-cirugia-ocular-lasik\/financiacion-carecredit-sin-intereses-si-se-paga-integramente-en-18-meses\/","url":"https:\/\/www.lasikvisioninstitute.com\/es\/puedes-permitirte-la-cirugia-ocular-lasik\/financiacion-carecredit-sin-intereses-si-se-paga-integramente-en-18-meses\/","name":"Opciones de financiaci\u00f3n LASIK | CareCredit","isPartOf":{"@id":"https:\/\/www.lasikvisioninstitute.com\/es\/#website"},"datePublished":"2022-07-22T18:56:29+00:00","dateModified":"2024-06-04T23:29:36+00:00","description":"El Pago Mensual Equivalente Sugerido que se muestra arriba puede ser mayor que el pago mensual m\u00ednimo requerido que aparecer\u00e1 en tu extracto de facturaci\u00f3n cuando utilices la oferta de financiaci\u00f3n promocional a 18 meses.","breadcrumb":{"@id":"https:\/\/www.lasikvisioninstitute.com\/es\/puedes-permitirte-la-cirugia-ocular-lasik\/financiacion-carecredit-sin-intereses-si-se-paga-integramente-en-18-meses\/#breadcrumb"},"inLanguage":"es-ES","potentialAction":[{"@type":"ReadAction","target":["https:\/\/www.lasikvisioninstitute.com\/es\/puedes-permitirte-la-cirugia-ocular-lasik\/financiacion-carecredit-sin-intereses-si-se-paga-integramente-en-18-meses\/"]}]},{"@type":"BreadcrumbList","@id":"https:\/\/www.lasikvisioninstitute.com\/es\/puedes-permitirte-la-cirugia-ocular-lasik\/financiacion-carecredit-sin-intereses-si-se-paga-integramente-en-18-meses\/#breadcrumb","itemListElement":[{"@type":"ListItem","position":1,"name":"Portada","item":"https:\/\/www.lasikvisioninstitute.com\/es\/"},{"@type":"ListItem","position":2,"name":"Puedes permitirte la cirug\u00eda ocular LASIK","item":"https:\/\/www.lasikvisioninstitute.com\/es\/puedes-permitirte-la-cirugia-ocular-lasik\/"},{"@type":"ListItem","position":3,"name":"Financiaci\u00f3n CareCredit &#8211; Sin intereses si se paga \u00edntegramente en 18 meses"}]},{"@type":"WebSite","@id":"https:\/\/www.lasikvisioninstitute.com\/es\/#website","url":"https:\/\/www.lasikvisioninstitute.com\/es\/","name":"The LASIK Vision Institute","description":"1.4 Million LASIK Eye Surgeries and Counting","publisher":{"@id":"https:\/\/www.lasikvisioninstitute.com\/es\/#organization"},"potentialAction":[{"@type":"SearchAction","target":{"@type":"EntryPoint","urlTemplate":"https:\/\/www.lasikvisioninstitute.com\/es\/?s={search_term_string}"},"query-input":{"@type":"PropertyValueSpecification","valueRequired":true,"valueName":"search_term_string"}}],"inLanguage":"es-ES"},{"@type":"Organization","@id":"https:\/\/www.lasikvisioninstitute.com\/es\/#organization","name":"The LASIK Vision Institute","url":"https:\/\/www.lasikvisioninstitute.com\/es\/","logo":{"@type":"ImageObject","inLanguage":"es-ES","@id":"https:\/\/www.lasikvisioninstitute.com\/es\/#\/schema\/logo\/image\/","url":"https:\/\/www.lasikvisioninstitute.com\/wp-content\/uploads\/2019\/10\/The-LASIK-Vision-Institute-Logo.png","contentUrl":"https:\/\/www.lasikvisioninstitute.com\/wp-content\/uploads\/2019\/10\/The-LASIK-Vision-Institute-Logo.png","width":1000,"height":289,"caption":"The LASIK Vision Institute"},"image":{"@id":"https:\/\/www.lasikvisioninstitute.com\/es\/#\/schema\/logo\/image\/"}}]}},"_links":{"self":[{"href":"https:\/\/www.lasikvisioninstitute.com\/es\/wp-json\/wp\/v2\/pages\/164894","targetHints":{"allow":["GET"]}}],"collection":[{"href":"https:\/\/www.lasikvisioninstitute.com\/es\/wp-json\/wp\/v2\/pages"}],"about":[{"href":"https:\/\/www.lasikvisioninstitute.com\/es\/wp-json\/wp\/v2\/types\/page"}],"author":[{"embeddable":true,"href":"https:\/\/www.lasikvisioninstitute.com\/es\/wp-json\/wp\/v2\/users\/33"}],"replies":[{"embeddable":true,"href":"https:\/\/www.lasikvisioninstitute.com\/es\/wp-json\/wp\/v2\/comments?post=164894"}],"version-history":[{"count":0,"href":"https:\/\/www.lasikvisioninstitute.com\/es\/wp-json\/wp\/v2\/pages\/164894\/revisions"}],"up":[{"embeddable":true,"href":"https:\/\/www.lasikvisioninstitute.com\/es\/wp-json\/wp\/v2\/pages\/165891"}],"wp:attachment":[{"href":"https:\/\/www.lasikvisioninstitute.com\/es\/wp-json\/wp\/v2\/media?parent=164894"}],"curies":[{"name":"wp","href":"https:\/\/api.w.org\/{rel}","templated":true}]}}