{"id":164892,"date":"2021-07-13T16:18:02","date_gmt":"2021-07-13T21:18:02","guid":{"rendered":"https:\/\/dev.lasikvisioninstitute.com\/instrucciones-postoperatorias-lasik\/"},"modified":"2024-06-04T18:24:43","modified_gmt":"2024-06-04T23:24:43","slug":"instrucciones-postoperatorias-lasik","status":"publish","type":"page","link":"https:\/\/www.lasikvisioninstitute.com\/es\/instrucciones-postoperatorias-lasik\/","title":{"rendered":"Instrucciones postoperatorias LASIK"},"content":{"rendered":"\n<figure class=\"wp-block-embed aligncenter is-type-video is-provider-vimeo wp-block-embed-vimeo wp-embed-aspect-16-9 wp-has-aspect-ratio\"><div class=\"wp-block-embed__wrapper\">\n<iframe title=\"LASIK Post-Op Instructions\" src=\"https:\/\/player.vimeo.com\/video\/575476072?dnt=1&amp;app_id=122963\" width=\"500\" height=\"281\" frameborder=\"0\" allow=\"autoplay; fullscreen; picture-in-picture; clipboard-write; encrypted-media; web-share\" referrerpolicy=\"strict-origin-when-cross-origin\"><\/iframe>\n<\/div><\/figure>\n\n<div style=\"height:30px\" aria-hidden=\"true\" class=\"wp-block-spacer\"><\/div>\n\n<h2 class=\"wp-block-heading\">Inmediatamente despu\u00e9s de la cirug\u00eda:<\/h2>\n\n<p>Lleva gafas de sol o de dormir durante las primeras 24 horas dentro y fuera de casa. Ve directamente a casa y mant\u00e9n los ojos cerrados en el coche.  <strong>Puedes tomar Tylenol PM inmediatamente despu\u00e9s del tratamiento.  <\/strong>Ponte protectores oculares y \u00e9chate una siesta de 3-4 horas.<\/p>\n\n<h2 class=\"wp-block-heading\">Qu\u00e9 puedes esperar:<\/h2>\n\n<p>Experimentar\u00e1s ardor, lagrimeo, escozor y tu visi\u00f3n estar\u00e1 &#8220;borrosa&#8221; durante aproximadamente 4 horas despu\u00e9s del tratamiento. Tambi\u00e9n es normal experimentar enrojecimiento en el blanco de los ojos tras el tratamiento. Es NORMAL que tu visi\u00f3n fluct\u00fae de un d\u00eda para otro. Los ojos pueden tardar entre 3 y 6 meses en estabilizarse despu\u00e9s del tratamiento.<\/p>\n\n<h2 class=\"wp-block-heading\">Instrucciones de ca\u00edda:<\/h2>\n\n<p>Tomar seg\u00fan las indicaciones, salvo alergia a la medicaci\u00f3n.  <strong>ESPERA 5 MINUTOS ENTRE CADA GOTA.<\/strong><\/p>\n\n<div class=\"wp-block-columns align-items-center is-layout-flex wp-container-core-columns-is-layout-28f84493 wp-block-columns-is-layout-flex\">\n<div class=\"wp-block-column is-layout-flow wp-block-column-is-layout-flow\" style=\"flex-basis:15%\">\n<figure class=\"wp-block-image size-medium mx-5 mx-sm-0\"><img decoding=\"async\" width=\"600\" height=\"600\" src=\"https:\/\/www.lasikvisioninstitute.com\/wp-content\/uploads\/2021\/07\/Prednisolone-Moxifloxacin-1-600x600.jpg\" alt=\"\" class=\"wp-image-136878\" srcset=\"https:\/\/www.lasikvisioninstitute.com\/wp-content\/uploads\/2021\/07\/Prednisolone-Moxifloxacin-1-600x600.jpg 600w, https:\/\/www.lasikvisioninstitute.com\/wp-content\/uploads\/2021\/07\/Prednisolone-Moxifloxacin-1-150x150.jpg 150w, https:\/\/www.lasikvisioninstitute.com\/wp-content\/uploads\/2021\/07\/Prednisolone-Moxifloxacin-1.jpg 670w\" sizes=\"(max-width: 600px) 100vw, 600px\" \/><\/figure>\n<\/div>\n\n\n\n<div class=\"wp-block-column is-layout-flow wp-block-column-is-layout-flow\" style=\"flex-basis:85%\">\n<h4 class=\"wp-block-heading\">Prednisolona-Moxifloxacino (antibi\u00f3tico compuesto\/esteroide incluido)<\/h4>\n\n\n\n<p><strong>\n  <mark>AGITAR BIEN<\/mark>\n<\/strong> antes de cada uso. Utiliza 1 gota en cada ojo tratado 4 veces al d\u00eda durante 7 d\u00edas despu\u00e9s del tratamiento.<\/p>\n<\/div>\n<\/div>\n\n<div class=\"wp-block-columns align-items-center is-layout-flex wp-container-core-columns-is-layout-28f84493 wp-block-columns-is-layout-flex\">\n<div class=\"wp-block-column is-layout-flow wp-block-column-is-layout-flow\" style=\"flex-basis:15%\">\n<figure class=\"wp-block-image size-medium mx-5-mx-sm-0\"><img decoding=\"async\" width=\"600\" height=\"600\" src=\"https:\/\/www.lasikvisioninstitute.com\/wp-content\/uploads\/2021\/07\/Klarity-Artificial-Tears-1-600x600.jpg\" alt=\"\" class=\"wp-image-136905\" srcset=\"https:\/\/www.lasikvisioninstitute.com\/wp-content\/uploads\/2021\/07\/Klarity-Artificial-Tears-1-600x600.jpg 600w, https:\/\/www.lasikvisioninstitute.com\/wp-content\/uploads\/2021\/07\/Klarity-Artificial-Tears-1-150x150.jpg 150w, https:\/\/www.lasikvisioninstitute.com\/wp-content\/uploads\/2021\/07\/Klarity-Artificial-Tears-1.jpg 670w\" sizes=\"(max-width: 600px) 100vw, 600px\" \/><\/figure>\n<\/div>\n\n\n\n<div class=\"wp-block-column is-layout-flow wp-block-column-is-layout-flow\" style=\"flex-basis:85%\">\n<h4 class=\"wp-block-heading\">L\u00e1grimas artificiales Klarity (sin conservantes)<\/h4>\n\n\n\n<p><strong>D\u00eda 1:<\/strong> Utiliza 1 gota en cada ojo tratado cada 30 minutos mientras est\u00e9s despierto.<br\/>Al <strong>d\u00eda siguiente:<\/strong> utiliza 1 gota en cada ojo tratado cada 1-2 horas que est\u00e9s despierto durante 1 mes.<br\/>Sigue utilizando las l\u00e1grimas 4 veces al d\u00eda durante al menos los meses 2 y 3 despu\u00e9s del tratamiento.<\/p>\n<\/div>\n<\/div>\n\n<div class=\"wp-block-columns align-items-center is-layout-flex wp-container-core-columns-is-layout-28f84493 wp-block-columns-is-layout-flex\">\n<div class=\"wp-block-column is-layout-flow wp-block-column-is-layout-flow\" style=\"flex-basis:15%\">\n<figure class=\"wp-block-image size-medium\" id=\"mx-5-mx-sm-0\"><img decoding=\"async\" width=\"600\" height=\"600\" src=\"https:\/\/www.lasikvisioninstitute.com\/wp-content\/uploads\/2021\/07\/Hydro-Eye-600x600.jpg\" alt=\"\" class=\"wp-image-136893\" srcset=\"https:\/\/www.lasikvisioninstitute.com\/wp-content\/uploads\/2021\/07\/Hydro-Eye-600x600.jpg 600w, https:\/\/www.lasikvisioninstitute.com\/wp-content\/uploads\/2021\/07\/Hydro-Eye-150x150.jpg 150w, https:\/\/www.lasikvisioninstitute.com\/wp-content\/uploads\/2021\/07\/Hydro-Eye.jpg 670w\" sizes=\"(max-width: 600px) 100vw, 600px\" \/><\/figure>\n<\/div>\n\n\n\n<div class=\"wp-block-column is-layout-flow wp-block-column-is-layout-flow\" style=\"flex-basis:85%\">\n<h4 class=\"wp-block-heading\">C\u00e1psulas HydroEye<\/h4>\n\n\n\n<p>Toma dos c\u00e1psulas dos veces al d\u00eda con la comida, seg\u00fan las indicaciones.<\/p>\n<\/div>\n<\/div>\n\n<h2 class=\"wp-block-heading\">Restricciones tras la cirug\u00eda:<\/h2>\n\n<ul class=\"wp-block-list\"><li>Duerme con protectores oculares\/gafas de sol durante 3 d\u00edas.<\/li><li>No nades durante 1 semana (incluidos jacuzzis y saunas). 2\u00aa semana llevar gafas de nataci\u00f3n<\/li><li>No te maquilles los ojos durante 1 semana.<\/li><li>Nada de submarinismo\/escafandra aut\u00f3noma\/monta\u00f1ismo durante 2 semanas.<\/li><li>No utilizar lentes de contacto cosm\u00e9ticas durante 1 mes.<\/li><li><strong style=\"color:red;\">No te frotes los ojos <\/strong>durante 1 mes.<\/li><\/ul>\n\n<div style=\"height:50px\" aria-hidden=\"true\" class=\"wp-block-spacer\"><\/div>\n\n<h3 class=\"wp-block-heading\">Si experimentas una disminuci\u00f3n repentina de la visi\u00f3n o dolor, llama inmediatamente a nuestra consulta: 1-877-274-1797. Si tienes una urgencia fuera del horario laboral, llama a 1-877-274-1797.<\/h3>\n","protected":false},"excerpt":{"rendered":"<p>Inmediatamente despu\u00e9s de la cirug\u00eda: Lleva gafas de sol o de dormir durante las primeras 24 horas dentro y fuera de casa. Ve directamente a casa y mant\u00e9n los ojos cerrados en el coche. Puedes tomar Tylenol PM inmediatamente despu\u00e9s del tratamiento. Ponte protectores oculares y \u00e9chate una siesta de 3-4 horas. Qu\u00e9 puedes esperar: [&hellip;]<\/p>\n","protected":false},"author":33,"featured_media":0,"parent":0,"menu_order":0,"comment_status":"closed","ping_status":"closed","template":"","meta":{"_acf_changed":false,"footnotes":""},"class_list":["post-164892","page","type-page","status-publish"],"acf":[],"yoast_head":"<!-- This site is optimized with the Yoast SEO plugin v27.4 - https:\/\/yoast.com\/product\/yoast-seo-wordpress\/ -->\n<title>Instrucciones postoperatorias LASIK - The LASIK Vision Institute<\/title>\n<meta name=\"robots\" content=\"noindex, follow\" \/>\n<meta property=\"og:locale\" content=\"es_ES\" \/>\n<meta property=\"og:type\" content=\"article\" \/>\n<meta property=\"og:title\" content=\"Instrucciones postoperatorias LASIK - The LASIK Vision Institute\" \/>\n<meta property=\"og:description\" content=\"Inmediatamente despu\u00e9s de la cirug\u00eda: Lleva gafas de sol o de dormir durante las primeras 24 horas dentro y fuera de casa. Ve directamente a casa y mant\u00e9n los ojos cerrados en el coche. Puedes tomar Tylenol PM inmediatamente despu\u00e9s del tratamiento. Ponte protectores oculares y \u00e9chate una siesta de 3-4 horas. Qu\u00e9 puedes esperar: [&hellip;]\" \/>\n<meta property=\"og:url\" content=\"https:\/\/www.lasikvisioninstitute.com\/es\/instrucciones-postoperatorias-lasik\/\" \/>\n<meta property=\"og:site_name\" content=\"The LASIK Vision Institute\" \/>\n<meta property=\"article:modified_time\" content=\"2024-06-04T23:24:43+00:00\" \/>\n<meta property=\"og:image\" content=\"https:\/\/www.lasikvisioninstitute.com\/wp-content\/uploads\/2021\/07\/Prednisolone-Moxifloxacin-1-600x600.jpg\" \/>\n<meta name=\"twitter:card\" content=\"summary_large_image\" \/>\n<script type=\"application\/ld+json\" class=\"yoast-schema-graph\">{\"@context\":\"https:\\\/\\\/schema.org\",\"@graph\":[{\"@type\":\"WebPage\",\"@id\":\"https:\\\/\\\/www.lasikvisioninstitute.com\\\/es\\\/instrucciones-postoperatorias-lasik\\\/\",\"url\":\"https:\\\/\\\/www.lasikvisioninstitute.com\\\/es\\\/instrucciones-postoperatorias-lasik\\\/\",\"name\":\"Instrucciones postoperatorias LASIK - The LASIK Vision Institute\",\"isPartOf\":{\"@id\":\"https:\\\/\\\/www.lasikvisioninstitute.com\\\/es\\\/#website\"},\"primaryImageOfPage\":{\"@id\":\"https:\\\/\\\/www.lasikvisioninstitute.com\\\/es\\\/instrucciones-postoperatorias-lasik\\\/#primaryimage\"},\"image\":{\"@id\":\"https:\\\/\\\/www.lasikvisioninstitute.com\\\/es\\\/instrucciones-postoperatorias-lasik\\\/#primaryimage\"},\"thumbnailUrl\":\"https:\\\/\\\/www.lasikvisioninstitute.com\\\/wp-content\\\/uploads\\\/2021\\\/07\\\/Prednisolone-Moxifloxacin-1-600x600.jpg\",\"datePublished\":\"2021-07-13T21:18:02+00:00\",\"dateModified\":\"2024-06-04T23:24:43+00:00\",\"breadcrumb\":{\"@id\":\"https:\\\/\\\/www.lasikvisioninstitute.com\\\/es\\\/instrucciones-postoperatorias-lasik\\\/#breadcrumb\"},\"inLanguage\":\"es-ES\",\"potentialAction\":[{\"@type\":\"ReadAction\",\"target\":[\"https:\\\/\\\/www.lasikvisioninstitute.com\\\/es\\\/instrucciones-postoperatorias-lasik\\\/\"]}]},{\"@type\":\"ImageObject\",\"inLanguage\":\"es-ES\",\"@id\":\"https:\\\/\\\/www.lasikvisioninstitute.com\\\/es\\\/instrucciones-postoperatorias-lasik\\\/#primaryimage\",\"url\":\"https:\\\/\\\/www.lasikvisioninstitute.com\\\/wp-content\\\/uploads\\\/2021\\\/07\\\/Prednisolone-Moxifloxacin-1-600x600.jpg\",\"contentUrl\":\"https:\\\/\\\/www.lasikvisioninstitute.com\\\/wp-content\\\/uploads\\\/2021\\\/07\\\/Prednisolone-Moxifloxacin-1-600x600.jpg\"},{\"@type\":\"BreadcrumbList\",\"@id\":\"https:\\\/\\\/www.lasikvisioninstitute.com\\\/es\\\/instrucciones-postoperatorias-lasik\\\/#breadcrumb\",\"itemListElement\":[{\"@type\":\"ListItem\",\"position\":1,\"name\":\"Portada\",\"item\":\"https:\\\/\\\/www.lasikvisioninstitute.com\\\/es\\\/\"},{\"@type\":\"ListItem\",\"position\":2,\"name\":\"Instrucciones postoperatorias LASIK\"}]},{\"@type\":\"WebSite\",\"@id\":\"https:\\\/\\\/www.lasikvisioninstitute.com\\\/es\\\/#website\",\"url\":\"https:\\\/\\\/www.lasikvisioninstitute.com\\\/es\\\/\",\"name\":\"The LASIK Vision Institute\",\"description\":\"1.4 Million LASIK Eye Surgeries and Counting\",\"publisher\":{\"@id\":\"https:\\\/\\\/www.lasikvisioninstitute.com\\\/es\\\/#organization\"},\"potentialAction\":[{\"@type\":\"SearchAction\",\"target\":{\"@type\":\"EntryPoint\",\"urlTemplate\":\"https:\\\/\\\/www.lasikvisioninstitute.com\\\/es\\\/?s={search_term_string}\"},\"query-input\":{\"@type\":\"PropertyValueSpecification\",\"valueRequired\":true,\"valueName\":\"search_term_string\"}}],\"inLanguage\":\"es-ES\"},{\"@type\":\"Organization\",\"@id\":\"https:\\\/\\\/www.lasikvisioninstitute.com\\\/es\\\/#organization\",\"name\":\"The LASIK Vision Institute\",\"url\":\"https:\\\/\\\/www.lasikvisioninstitute.com\\\/es\\\/\",\"logo\":{\"@type\":\"ImageObject\",\"inLanguage\":\"es-ES\",\"@id\":\"https:\\\/\\\/www.lasikvisioninstitute.com\\\/es\\\/#\\\/schema\\\/logo\\\/image\\\/\",\"url\":\"https:\\\/\\\/www.lasikvisioninstitute.com\\\/wp-content\\\/uploads\\\/2019\\\/10\\\/The-LASIK-Vision-Institute-Logo.png\",\"contentUrl\":\"https:\\\/\\\/www.lasikvisioninstitute.com\\\/wp-content\\\/uploads\\\/2019\\\/10\\\/The-LASIK-Vision-Institute-Logo.png\",\"width\":1000,\"height\":289,\"caption\":\"The LASIK Vision Institute\"},\"image\":{\"@id\":\"https:\\\/\\\/www.lasikvisioninstitute.com\\\/es\\\/#\\\/schema\\\/logo\\\/image\\\/\"}}]}<\/script>\n<!-- \/ Yoast SEO plugin. -->","yoast_head_json":{"title":"Instrucciones postoperatorias LASIK - The LASIK Vision Institute","robots":{"index":"noindex","follow":"follow"},"og_locale":"es_ES","og_type":"article","og_title":"Instrucciones postoperatorias LASIK - The LASIK Vision Institute","og_description":"Inmediatamente despu\u00e9s de la cirug\u00eda: Lleva gafas de sol o de dormir durante las primeras 24 horas dentro y fuera de casa. Ve directamente a casa y mant\u00e9n los ojos cerrados en el coche. Puedes tomar Tylenol PM inmediatamente despu\u00e9s del tratamiento. Ponte protectores oculares y \u00e9chate una siesta de 3-4 horas. Qu\u00e9 puedes esperar: [&hellip;]","og_url":"https:\/\/www.lasikvisioninstitute.com\/es\/instrucciones-postoperatorias-lasik\/","og_site_name":"The LASIK Vision Institute","article_modified_time":"2024-06-04T23:24:43+00:00","og_image":[{"url":"https:\/\/www.lasikvisioninstitute.com\/wp-content\/uploads\/2021\/07\/Prednisolone-Moxifloxacin-1-600x600.jpg","type":"","width":"","height":""}],"twitter_card":"summary_large_image","schema":{"@context":"https:\/\/schema.org","@graph":[{"@type":"WebPage","@id":"https:\/\/www.lasikvisioninstitute.com\/es\/instrucciones-postoperatorias-lasik\/","url":"https:\/\/www.lasikvisioninstitute.com\/es\/instrucciones-postoperatorias-lasik\/","name":"Instrucciones postoperatorias LASIK - The LASIK Vision Institute","isPartOf":{"@id":"https:\/\/www.lasikvisioninstitute.com\/es\/#website"},"primaryImageOfPage":{"@id":"https:\/\/www.lasikvisioninstitute.com\/es\/instrucciones-postoperatorias-lasik\/#primaryimage"},"image":{"@id":"https:\/\/www.lasikvisioninstitute.com\/es\/instrucciones-postoperatorias-lasik\/#primaryimage"},"thumbnailUrl":"https:\/\/www.lasikvisioninstitute.com\/wp-content\/uploads\/2021\/07\/Prednisolone-Moxifloxacin-1-600x600.jpg","datePublished":"2021-07-13T21:18:02+00:00","dateModified":"2024-06-04T23:24:43+00:00","breadcrumb":{"@id":"https:\/\/www.lasikvisioninstitute.com\/es\/instrucciones-postoperatorias-lasik\/#breadcrumb"},"inLanguage":"es-ES","potentialAction":[{"@type":"ReadAction","target":["https:\/\/www.lasikvisioninstitute.com\/es\/instrucciones-postoperatorias-lasik\/"]}]},{"@type":"ImageObject","inLanguage":"es-ES","@id":"https:\/\/www.lasikvisioninstitute.com\/es\/instrucciones-postoperatorias-lasik\/#primaryimage","url":"https:\/\/www.lasikvisioninstitute.com\/wp-content\/uploads\/2021\/07\/Prednisolone-Moxifloxacin-1-600x600.jpg","contentUrl":"https:\/\/www.lasikvisioninstitute.com\/wp-content\/uploads\/2021\/07\/Prednisolone-Moxifloxacin-1-600x600.jpg"},{"@type":"BreadcrumbList","@id":"https:\/\/www.lasikvisioninstitute.com\/es\/instrucciones-postoperatorias-lasik\/#breadcrumb","itemListElement":[{"@type":"ListItem","position":1,"name":"Portada","item":"https:\/\/www.lasikvisioninstitute.com\/es\/"},{"@type":"ListItem","position":2,"name":"Instrucciones postoperatorias LASIK"}]},{"@type":"WebSite","@id":"https:\/\/www.lasikvisioninstitute.com\/es\/#website","url":"https:\/\/www.lasikvisioninstitute.com\/es\/","name":"The LASIK Vision Institute","description":"1.4 Million LASIK Eye Surgeries and Counting","publisher":{"@id":"https:\/\/www.lasikvisioninstitute.com\/es\/#organization"},"potentialAction":[{"@type":"SearchAction","target":{"@type":"EntryPoint","urlTemplate":"https:\/\/www.lasikvisioninstitute.com\/es\/?s={search_term_string}"},"query-input":{"@type":"PropertyValueSpecification","valueRequired":true,"valueName":"search_term_string"}}],"inLanguage":"es-ES"},{"@type":"Organization","@id":"https:\/\/www.lasikvisioninstitute.com\/es\/#organization","name":"The LASIK Vision Institute","url":"https:\/\/www.lasikvisioninstitute.com\/es\/","logo":{"@type":"ImageObject","inLanguage":"es-ES","@id":"https:\/\/www.lasikvisioninstitute.com\/es\/#\/schema\/logo\/image\/","url":"https:\/\/www.lasikvisioninstitute.com\/wp-content\/uploads\/2019\/10\/The-LASIK-Vision-Institute-Logo.png","contentUrl":"https:\/\/www.lasikvisioninstitute.com\/wp-content\/uploads\/2019\/10\/The-LASIK-Vision-Institute-Logo.png","width":1000,"height":289,"caption":"The LASIK Vision Institute"},"image":{"@id":"https:\/\/www.lasikvisioninstitute.com\/es\/#\/schema\/logo\/image\/"}}]}},"_links":{"self":[{"href":"https:\/\/www.lasikvisioninstitute.com\/es\/wp-json\/wp\/v2\/pages\/164892","targetHints":{"allow":["GET"]}}],"collection":[{"href":"https:\/\/www.lasikvisioninstitute.com\/es\/wp-json\/wp\/v2\/pages"}],"about":[{"href":"https:\/\/www.lasikvisioninstitute.com\/es\/wp-json\/wp\/v2\/types\/page"}],"author":[{"embeddable":true,"href":"https:\/\/www.lasikvisioninstitute.com\/es\/wp-json\/wp\/v2\/users\/33"}],"replies":[{"embeddable":true,"href":"https:\/\/www.lasikvisioninstitute.com\/es\/wp-json\/wp\/v2\/comments?post=164892"}],"version-history":[{"count":0,"href":"https:\/\/www.lasikvisioninstitute.com\/es\/wp-json\/wp\/v2\/pages\/164892\/revisions"}],"wp:attachment":[{"href":"https:\/\/www.lasikvisioninstitute.com\/es\/wp-json\/wp\/v2\/media?parent=164892"}],"curies":[{"name":"wp","href":"https:\/\/api.w.org\/{rel}","templated":true}]}}