{"id":164872,"date":"2021-04-07T13:28:28","date_gmt":"2021-04-07T18:28:28","guid":{"rendered":"https:\/\/dev.lasikvisioninstitute.com\/lasik-guiado-por-topografia\/"},"modified":"2024-06-04T18:21:48","modified_gmt":"2024-06-04T23:21:48","slug":"lasik-guiado-por-topografia","status":"publish","type":"page","link":"https:\/\/www.lasikvisioninstitute.com\/es\/procedimientos-de-cirugia-lasik\/lasik-guiado-por-topografia\/","title":{"rendered":"LASIK guiado por topograf\u00eda"},"content":{"rendered":"\n<div class=\"wp-block-cover alignfull is-light\"><span aria-hidden=\"true\" class=\"wp-block-cover__background has-background-dim-30 has-background-dim\"><\/span><img decoding=\"async\" width=\"2560\" height=\"1708\" class=\"wp-block-cover__image-background wp-image-140103\" alt=\"\" src=\"https:\/\/www.lasikvisioninstitute.com\/wp-content\/uploads\/2022\/02\/eye-doctor-female-patient-examination-scaled.jpg\" data-object-fit=\"cover\" srcset=\"https:\/\/www.lasikvisioninstitute.com\/wp-content\/uploads\/2022\/02\/eye-doctor-female-patient-examination-scaled.jpg 2560w, https:\/\/www.lasikvisioninstitute.com\/wp-content\/uploads\/2022\/02\/eye-doctor-female-patient-examination-600x400.jpg 600w, https:\/\/www.lasikvisioninstitute.com\/wp-content\/uploads\/2022\/02\/eye-doctor-female-patient-examination-1400x934.jpg 1400w, https:\/\/www.lasikvisioninstitute.com\/wp-content\/uploads\/2022\/02\/eye-doctor-female-patient-examination-768x512.jpg 768w, https:\/\/www.lasikvisioninstitute.com\/wp-content\/uploads\/2022\/02\/eye-doctor-female-patient-examination-1536x1025.jpg 1536w, https:\/\/www.lasikvisioninstitute.com\/wp-content\/uploads\/2022\/02\/eye-doctor-female-patient-examination-2048x1366.jpg 2048w\" sizes=\"(max-width: 2560px) 100vw, 2560px\" \/><div class=\"wp-block-cover__inner-container is-layout-flow wp-block-cover-is-layout-flow\">\n<h1 class=\"has-text-align-center has-white-color has-text-color wp-block-heading\" id=\"topography-guided-lasik\">LASIK guiado por topograf\u00eda<\/h1>\n<\/div><\/div>\n\n<div style=\"height:100px\" aria-hidden=\"true\" class=\"wp-block-spacer\"><\/div>\n\n<h2 class=\"wp-block-heading\" id=\"are-you-a-candidate-for-topography-guided-lasik\">\u00bfEres candidato al LASIK guiado por topograf\u00eda?<\/h2>\n\n<p>Tu candidatura para <sup>Contoura\u00ae<\/sup> Vision depende de una consulta exhaustiva con un cirujano LASIK experimentado para determinar si el procedimiento es adecuado para ti.<\/p>\n\n<p>El LASIK guiado por topograf\u00eda tambi\u00e9n es especialmente \u00fatil para pacientes con diversos problemas de visi\u00f3n, como miop\u00eda, c\u00f3rneas irregulares y\/o astigmatismo. Al utilizar tecnolog\u00eda de diagn\u00f3stico personalizado para identificar y registrar las imperfecciones de la curvatura y la \u00f3ptica de la c\u00f3rnea, y luego combinar esas mediciones con la graduaci\u00f3n de las gafas para dar a los ojos una superficie de enfoque mejor, <sup>Contoura\u00ae<\/sup> Vision ayuda a pacientes que de otro modo no ser\u00edan candidatos al LASIK.<\/p>\n\n<p>Durante la consulta inicial sobre el LASIK y la vista, los m\u00e9dicos del LASIK Vision Institute hablar\u00e1n contigo sobre tu candidatura y determinar\u00e1n si la correcci\u00f3n visual con l\u00e1ser guiada por topograf\u00eda es adecuada para tus necesidades.<\/p>\n\n<div style=\"height:30px\" aria-hidden=\"true\" class=\"wp-block-spacer\"><\/div>\n\n<h2 class=\"wp-block-heading\" id=\"what-is-contoura-vision-topography-guided-lasik\">\u00bfQu\u00e9 es el LASIK guiado por topograf\u00eda Contoura\u00ae Vision?<\/h2>\n\n<p>Contoura\u00ae Vision, tambi\u00e9n conocido como LASIK guiado por topograf\u00eda, es la \u00faltima evoluci\u00f3n aprobada por la FDA en tecnolog\u00eda LASIK personalizada avanzada. Esta t\u00e9cnica de correcci\u00f3n de la visi\u00f3n con l\u00e1ser est\u00e1 dise\u00f1ada para mejorar los resultados del LASIK. Ning\u00fan otro <a href=\"https:\/\/www.lasikvisioninstitute.com\/es\/procedimientos-de-cirugia-lasik\/\">procedimiento LASIK<\/a> disponible en EE.UU. es tan personalizado y preciso. Muchos pacientes de Contoura\u00ae Vision afirman experimentar una calidad de visi\u00f3n mejor que con las gafas o las lentes de contacto. Esto se debe a que el LASIK guiado por topograf\u00eda trata tanto la forma del ojo del paciente como la textura superficial de la c\u00f3rnea, mientras que otros tratamientos LASIK s\u00f3lo corrigen la forma del ojo.<\/p>\n\n<p>La tecnolog\u00eda LASIK guiada por topograf\u00eda Contoura\u00ae Vision proporciona a los cirujanos datos detallados que miden las caracter\u00edsticas \u00fanicas de los ojos de cada persona. Con esta informaci\u00f3n se crea un plan de tratamiento individualizado que los cirujanos pueden utilizar para realizar <a href=\"https:\/\/www.lasikvisioninstitute.com\/es\/procedimientos-de-cirugia-lasik\/\">procedimientos LASIK personalizados<\/a> en cada ojo.<\/p>\n\n<div style=\"height:30px\" aria-hidden=\"true\" class=\"wp-block-spacer\"><\/div>\n\n<h2 class=\"wp-block-heading\" id=\"how-does-topography-guided-lasik-work\">\u00bfC\u00f3mo funciona el LASIK guiado por topograf\u00eda?<\/h2>\n\n<p>El tratamiento con l\u00e1ser Contoura\u00ae Vision alisa las irregularidades de la superficie de tu c\u00f3rnea, mejorando significativamente la calidad de visi\u00f3n de los pacientes tras la intervenci\u00f3n.La avanzada tecnolog\u00eda l\u00e1ser toma varias im\u00e1genes topogr\u00e1ficas de tu ojo y analiza los 22.000 puntos de elevaci\u00f3n \u00fanicos de la c\u00f3rnea para recomendar un tratamiento personalizado.<\/p>\n\n<div style=\"height:30px\" aria-hidden=\"true\" class=\"wp-block-spacer\"><\/div>\n\n<h2 class=\"wp-block-heading\" id=\"what-to-expect-with-topography-guided-lasik\">\u00bfQu\u00e9 esperar del LASIK guiado por topograf\u00eda?<\/h2>\n\n<p>El procedimiento Contoura\u00ae Vision suele durar menos de quince minutos. Aunque el nivel de molestias de cada persona var\u00eda, la mayor\u00eda de los pacientes dicen sentir poco o ning\u00fan dolor durante la intervenci\u00f3n. Los procedimientos variar\u00e1n algo en funci\u00f3n de tu graduaci\u00f3n ocular.<\/p>\n\n<div style=\"height:30px\" aria-hidden=\"true\" class=\"wp-block-spacer\"><\/div>\n\n<h2 class=\"wp-block-heading\" id=\"topography-guided-lasik-recovery\">Recuperaci\u00f3n del LASIK guiado por topograf\u00eda<\/h2>\n\n<p>La recuperaci\u00f3n es diferente para cada persona, pero tras la intervenci\u00f3n Contoura\u00ae Vision, la mayor\u00eda de los pacientes de LASIK informan de una mejora de la visi\u00f3n inmediatamente o poco despu\u00e9s del tratamiento. Tras proporcionarle protectores oculares, tu m\u00e9dico revisar\u00e1 las instrucciones postoperatorias. Tambi\u00e9n deber\u00edas hacerlo:<\/p>\n\n<ul class=\"wp-block-list\">\n<li>Aseg\u00farate de que te acompa\u00f1a alguien que pueda llevarte a casa y ayudarte a recoger los medicamentos que te hayan recetado<\/li>\n\n\n\n<li>Evita frotarte los ojos<\/li>\n\n\n\n<li>Ten en cuenta que tu m\u00e9dico querr\u00e1 verte para una revisi\u00f3n postoperatoria a fin de asegurarse de que tus ojos se est\u00e1n curando correctamente, entre 24 y 48 horas despu\u00e9s de la intervenci\u00f3n.<\/li>\n<\/ul>\n\n<p>Algunos pacientes experimentan molestias de leves a moderadas durante los primeros d\u00edas tras la intervenci\u00f3n, mientras el ojo se cura. No es infrecuente experimentar problemas menores, como ojos llorosos o enrojecidos, durante los primeros d\u00edas tras la intervenci\u00f3n. La mayor\u00eda de los pacientes pueden volver al trabajo al d\u00eda siguiente. Aunque cada persona se cura de forma diferente, la mayor\u00eda de los pacientes siguen cur\u00e1ndose durante al menos 3 meses despu\u00e9s del LASIK. Durante este tiempo, tu visi\u00f3n suele seguir mejorando.<\/p>\n\n<div style=\"height:30px\" aria-hidden=\"true\" class=\"wp-block-spacer\"><\/div>\n\n<h2 class=\"wp-block-heading\" id=\"topography-guided-lasik-results\">Resultados del LASIK guiado por topograf\u00eda<\/h2>\n\n<p>La mayor\u00eda de los pacientes de Contoura\u00ae Vision informaron de una mejora de la visi\u00f3n igual o mejor que las gafas en los estudios cl\u00ednicos. El procedimiento no s\u00f3lo mejor\u00f3 la visi\u00f3n de los pacientes, sino que tambi\u00e9n redujo la gravedad de las molestias visuales habituales, como la sensibilidad a la luz, la dificultad para conducir de noche y el deslumbramiento.<\/p>\n\n<p>En los ensayos cl\u00ednicos, el 92% de los pacientes que se sometieron al tratamiento Contoura\u00ae Vision afirmaron ver 20\/20 o mejor, 12 meses despu\u00e9s del procedimiento. Algunos pacientes incluso informaron de una visi\u00f3n mejor que 20\/20. Un estudio publicado estableci\u00f3 que casi el 65% de los ojos tratados con Contoura\u00ae Vision experimentaban una visi\u00f3n 20\/16 o mejor, mientras que el 34,4% pod\u00eda ver 20\/12 o mejor.<\/p>\n\n<hr class=\"wp-block-separator has-text-color has-teal-color has-css-opacity has-teal-background-color has-background\"\/>\n\n<p class=\"has-small-font-size\"><em>Referencia: Resumen completo del ensayo cl\u00ednico de la FDA disponible en el sitio web de la FDA Allegretto Wave Eye-Q Addendum Procedure ManualT-CAT Topography-Guided Treatments. <a href=\"http:\/\/www.accessdata.fda.gov\/cdrh_docs\/pdf2\/P020050S012d.pdf\" target=\"_blank\" rel=\"noreferrer noopener\">http:\/\/www.accessdata.fda.gov\/cdrh_docs\/pdf2\/P020050S012d.pdf<\/a> An\u00e1lisis post hoc de la UCVA postoperatoria comparada con la BSCVA preoperatoria de 230 ojos incluidos en el ensayo pivotal T-CAT de la FDA a los 12 meses. El criterio de valoraci\u00f3n primario evalu\u00f3 los cambios en la BSCVA.<\/em><\/p>\n","protected":false},"excerpt":{"rendered":"<p>\u00bfEres candidato al LASIK guiado por topograf\u00eda? Tu candidatura para Contoura\u00ae Vision depende de una consulta exhaustiva con un cirujano LASIK experimentado para determinar si el procedimiento es adecuado para ti. El LASIK guiado por topograf\u00eda tambi\u00e9n es especialmente \u00fatil para pacientes con diversos problemas de visi\u00f3n, como miop\u00eda, c\u00f3rneas irregulares y\/o astigmatismo. Al utilizar [&hellip;]<\/p>\n","protected":false},"author":33,"featured_media":172655,"parent":165895,"menu_order":0,"comment_status":"closed","ping_status":"closed","template":"","meta":{"_acf_changed":false,"footnotes":""},"class_list":["post-164872","page","type-page","status-publish","has-post-thumbnail"],"acf":[],"yoast_head":"<!-- This site is optimized with the Yoast SEO plugin v27.5 - https:\/\/yoast.com\/product\/yoast-seo-wordpress\/ -->\n<title>LASIK guiado por topograf\u00eda Contoura Vision - LASIK Vision Institute<\/title>\n<meta name=\"description\" content=\"Contoura\u00ae Vision, tambi\u00e9n conocido como LASIK guiado por topograf\u00eda, es la \u00faltima evoluci\u00f3n aprobada por la FDA en tecnolog\u00eda LASIK personalizada avanzada.\" \/>\n<meta name=\"robots\" content=\"index, follow, max-snippet:-1, max-image-preview:large, max-video-preview:-1\" \/>\n<link rel=\"canonical\" href=\"https:\/\/www.lasikvisioninstitute.com\/es\/procedimientos-de-cirugia-lasik\/lasik-guiado-por-topografia\/\" \/>\n<meta property=\"og:locale\" content=\"es_ES\" \/>\n<meta property=\"og:type\" content=\"article\" \/>\n<meta property=\"og:title\" content=\"LASIK guiado por topograf\u00eda Contoura Vision - LASIK Vision Institute\" \/>\n<meta property=\"og:description\" content=\"Contoura\u00ae Vision, tambi\u00e9n conocido como LASIK guiado por topograf\u00eda, es la \u00faltima evoluci\u00f3n aprobada por la FDA en tecnolog\u00eda LASIK personalizada avanzada.\" \/>\n<meta property=\"og:url\" content=\"https:\/\/www.lasikvisioninstitute.com\/es\/procedimientos-de-cirugia-lasik\/lasik-guiado-por-topografia\/\" \/>\n<meta property=\"og:site_name\" content=\"The LASIK Vision Institute\" \/>\n<meta property=\"article:modified_time\" content=\"2024-06-04T23:21:48+00:00\" \/>\n<meta property=\"og:image\" content=\"https:\/\/www.lasikvisioninstitute.com\/wp-content\/uploads\/2022\/02\/eye-doctor-female-patient-examination-scaled.jpg\" \/>\n<meta name=\"twitter:card\" content=\"summary_large_image\" \/>\n<script type=\"application\/ld+json\" class=\"yoast-schema-graph\">{\"@context\":\"https:\\\/\\\/schema.org\",\"@graph\":[{\"@type\":\"WebPage\",\"@id\":\"https:\\\/\\\/www.lasikvisioninstitute.com\\\/es\\\/procedimientos-de-cirugia-lasik\\\/lasik-guiado-por-topografia\\\/\",\"url\":\"https:\\\/\\\/www.lasikvisioninstitute.com\\\/es\\\/procedimientos-de-cirugia-lasik\\\/lasik-guiado-por-topografia\\\/\",\"name\":\"LASIK guiado por topograf\u00eda Contoura Vision - LASIK Vision Institute\",\"isPartOf\":{\"@id\":\"https:\\\/\\\/www.lasikvisioninstitute.com\\\/es\\\/#website\"},\"primaryImageOfPage\":{\"@id\":\"https:\\\/\\\/www.lasikvisioninstitute.com\\\/es\\\/procedimientos-de-cirugia-lasik\\\/lasik-guiado-por-topografia\\\/#primaryimage\"},\"image\":{\"@id\":\"https:\\\/\\\/www.lasikvisioninstitute.com\\\/es\\\/procedimientos-de-cirugia-lasik\\\/lasik-guiado-por-topografia\\\/#primaryimage\"},\"thumbnailUrl\":\"https:\\\/\\\/www.lasikvisioninstitute.com\\\/wp-content\\\/uploads\\\/2025\\\/06\\\/Untitled-design-4.png\",\"datePublished\":\"2021-04-07T18:28:28+00:00\",\"dateModified\":\"2024-06-04T23:21:48+00:00\",\"description\":\"Contoura\u00ae Vision, tambi\u00e9n conocido como LASIK guiado por topograf\u00eda, es la \u00faltima evoluci\u00f3n aprobada por la FDA en tecnolog\u00eda LASIK personalizada avanzada.\",\"breadcrumb\":{\"@id\":\"https:\\\/\\\/www.lasikvisioninstitute.com\\\/es\\\/procedimientos-de-cirugia-lasik\\\/lasik-guiado-por-topografia\\\/#breadcrumb\"},\"inLanguage\":\"es-ES\",\"potentialAction\":[{\"@type\":\"ReadAction\",\"target\":[\"https:\\\/\\\/www.lasikvisioninstitute.com\\\/es\\\/procedimientos-de-cirugia-lasik\\\/lasik-guiado-por-topografia\\\/\"]}]},{\"@type\":\"ImageObject\",\"inLanguage\":\"es-ES\",\"@id\":\"https:\\\/\\\/www.lasikvisioninstitute.com\\\/es\\\/procedimientos-de-cirugia-lasik\\\/lasik-guiado-por-topografia\\\/#primaryimage\",\"url\":\"https:\\\/\\\/www.lasikvisioninstitute.com\\\/wp-content\\\/uploads\\\/2025\\\/06\\\/Untitled-design-4.png\",\"contentUrl\":\"https:\\\/\\\/www.lasikvisioninstitute.com\\\/wp-content\\\/uploads\\\/2025\\\/06\\\/Untitled-design-4.png\",\"width\":1200,\"height\":900,\"caption\":\"What is Contoura Vision LASIK\"},{\"@type\":\"BreadcrumbList\",\"@id\":\"https:\\\/\\\/www.lasikvisioninstitute.com\\\/es\\\/procedimientos-de-cirugia-lasik\\\/lasik-guiado-por-topografia\\\/#breadcrumb\",\"itemListElement\":[{\"@type\":\"ListItem\",\"position\":1,\"name\":\"Portada\",\"item\":\"https:\\\/\\\/www.lasikvisioninstitute.com\\\/es\\\/\"},{\"@type\":\"ListItem\",\"position\":2,\"name\":\"Procedimientos de cirug\u00eda LASIK\",\"item\":\"https:\\\/\\\/www.lasikvisioninstitute.com\\\/es\\\/procedimientos-de-cirugia-lasik\\\/\"},{\"@type\":\"ListItem\",\"position\":3,\"name\":\"LASIK guiado por topograf\u00eda\"}]},{\"@type\":\"WebSite\",\"@id\":\"https:\\\/\\\/www.lasikvisioninstitute.com\\\/es\\\/#website\",\"url\":\"https:\\\/\\\/www.lasikvisioninstitute.com\\\/es\\\/\",\"name\":\"The LASIK Vision Institute\",\"description\":\"1.4 Million LASIK Eye Surgeries and Counting\",\"publisher\":{\"@id\":\"https:\\\/\\\/www.lasikvisioninstitute.com\\\/es\\\/#organization\"},\"potentialAction\":[{\"@type\":\"SearchAction\",\"target\":{\"@type\":\"EntryPoint\",\"urlTemplate\":\"https:\\\/\\\/www.lasikvisioninstitute.com\\\/es\\\/?s={search_term_string}\"},\"query-input\":{\"@type\":\"PropertyValueSpecification\",\"valueRequired\":true,\"valueName\":\"search_term_string\"}}],\"inLanguage\":\"es-ES\"},{\"@type\":\"Organization\",\"@id\":\"https:\\\/\\\/www.lasikvisioninstitute.com\\\/es\\\/#organization\",\"name\":\"The LASIK Vision Institute\",\"url\":\"https:\\\/\\\/www.lasikvisioninstitute.com\\\/es\\\/\",\"logo\":{\"@type\":\"ImageObject\",\"inLanguage\":\"es-ES\",\"@id\":\"https:\\\/\\\/www.lasikvisioninstitute.com\\\/es\\\/#\\\/schema\\\/logo\\\/image\\\/\",\"url\":\"https:\\\/\\\/www.lasikvisioninstitute.com\\\/wp-content\\\/uploads\\\/2019\\\/10\\\/The-LASIK-Vision-Institute-Logo.png\",\"contentUrl\":\"https:\\\/\\\/www.lasikvisioninstitute.com\\\/wp-content\\\/uploads\\\/2019\\\/10\\\/The-LASIK-Vision-Institute-Logo.png\",\"width\":1000,\"height\":289,\"caption\":\"The LASIK Vision Institute\"},\"image\":{\"@id\":\"https:\\\/\\\/www.lasikvisioninstitute.com\\\/es\\\/#\\\/schema\\\/logo\\\/image\\\/\"}}]}<\/script>\n<!-- \/ Yoast SEO plugin. -->","yoast_head_json":{"title":"LASIK guiado por topograf\u00eda Contoura Vision - LASIK Vision Institute","description":"Contoura\u00ae Vision, tambi\u00e9n conocido como LASIK guiado por topograf\u00eda, es la \u00faltima evoluci\u00f3n aprobada por la FDA en tecnolog\u00eda LASIK personalizada avanzada.","robots":{"index":"index","follow":"follow","max-snippet":"max-snippet:-1","max-image-preview":"max-image-preview:large","max-video-preview":"max-video-preview:-1"},"canonical":"https:\/\/www.lasikvisioninstitute.com\/es\/procedimientos-de-cirugia-lasik\/lasik-guiado-por-topografia\/","og_locale":"es_ES","og_type":"article","og_title":"LASIK guiado por topograf\u00eda Contoura Vision - LASIK Vision Institute","og_description":"Contoura\u00ae Vision, tambi\u00e9n conocido como LASIK guiado por topograf\u00eda, es la \u00faltima evoluci\u00f3n aprobada por la FDA en tecnolog\u00eda LASIK personalizada avanzada.","og_url":"https:\/\/www.lasikvisioninstitute.com\/es\/procedimientos-de-cirugia-lasik\/lasik-guiado-por-topografia\/","og_site_name":"The LASIK Vision Institute","article_modified_time":"2024-06-04T23:21:48+00:00","og_image":[{"url":"https:\/\/www.lasikvisioninstitute.com\/wp-content\/uploads\/2022\/02\/eye-doctor-female-patient-examination-scaled.jpg","type":"","width":"","height":""}],"twitter_card":"summary_large_image","schema":{"@context":"https:\/\/schema.org","@graph":[{"@type":"WebPage","@id":"https:\/\/www.lasikvisioninstitute.com\/es\/procedimientos-de-cirugia-lasik\/lasik-guiado-por-topografia\/","url":"https:\/\/www.lasikvisioninstitute.com\/es\/procedimientos-de-cirugia-lasik\/lasik-guiado-por-topografia\/","name":"LASIK guiado por topograf\u00eda Contoura Vision - LASIK Vision Institute","isPartOf":{"@id":"https:\/\/www.lasikvisioninstitute.com\/es\/#website"},"primaryImageOfPage":{"@id":"https:\/\/www.lasikvisioninstitute.com\/es\/procedimientos-de-cirugia-lasik\/lasik-guiado-por-topografia\/#primaryimage"},"image":{"@id":"https:\/\/www.lasikvisioninstitute.com\/es\/procedimientos-de-cirugia-lasik\/lasik-guiado-por-topografia\/#primaryimage"},"thumbnailUrl":"https:\/\/www.lasikvisioninstitute.com\/wp-content\/uploads\/2025\/06\/Untitled-design-4.png","datePublished":"2021-04-07T18:28:28+00:00","dateModified":"2024-06-04T23:21:48+00:00","description":"Contoura\u00ae Vision, tambi\u00e9n conocido como LASIK guiado por topograf\u00eda, es la \u00faltima evoluci\u00f3n aprobada por la FDA en tecnolog\u00eda LASIK personalizada avanzada.","breadcrumb":{"@id":"https:\/\/www.lasikvisioninstitute.com\/es\/procedimientos-de-cirugia-lasik\/lasik-guiado-por-topografia\/#breadcrumb"},"inLanguage":"es-ES","potentialAction":[{"@type":"ReadAction","target":["https:\/\/www.lasikvisioninstitute.com\/es\/procedimientos-de-cirugia-lasik\/lasik-guiado-por-topografia\/"]}]},{"@type":"ImageObject","inLanguage":"es-ES","@id":"https:\/\/www.lasikvisioninstitute.com\/es\/procedimientos-de-cirugia-lasik\/lasik-guiado-por-topografia\/#primaryimage","url":"https:\/\/www.lasikvisioninstitute.com\/wp-content\/uploads\/2025\/06\/Untitled-design-4.png","contentUrl":"https:\/\/www.lasikvisioninstitute.com\/wp-content\/uploads\/2025\/06\/Untitled-design-4.png","width":1200,"height":900,"caption":"What is Contoura Vision LASIK"},{"@type":"BreadcrumbList","@id":"https:\/\/www.lasikvisioninstitute.com\/es\/procedimientos-de-cirugia-lasik\/lasik-guiado-por-topografia\/#breadcrumb","itemListElement":[{"@type":"ListItem","position":1,"name":"Portada","item":"https:\/\/www.lasikvisioninstitute.com\/es\/"},{"@type":"ListItem","position":2,"name":"Procedimientos de cirug\u00eda LASIK","item":"https:\/\/www.lasikvisioninstitute.com\/es\/procedimientos-de-cirugia-lasik\/"},{"@type":"ListItem","position":3,"name":"LASIK guiado por topograf\u00eda"}]},{"@type":"WebSite","@id":"https:\/\/www.lasikvisioninstitute.com\/es\/#website","url":"https:\/\/www.lasikvisioninstitute.com\/es\/","name":"The LASIK Vision Institute","description":"1.4 Million LASIK Eye Surgeries and Counting","publisher":{"@id":"https:\/\/www.lasikvisioninstitute.com\/es\/#organization"},"potentialAction":[{"@type":"SearchAction","target":{"@type":"EntryPoint","urlTemplate":"https:\/\/www.lasikvisioninstitute.com\/es\/?s={search_term_string}"},"query-input":{"@type":"PropertyValueSpecification","valueRequired":true,"valueName":"search_term_string"}}],"inLanguage":"es-ES"},{"@type":"Organization","@id":"https:\/\/www.lasikvisioninstitute.com\/es\/#organization","name":"The LASIK Vision Institute","url":"https:\/\/www.lasikvisioninstitute.com\/es\/","logo":{"@type":"ImageObject","inLanguage":"es-ES","@id":"https:\/\/www.lasikvisioninstitute.com\/es\/#\/schema\/logo\/image\/","url":"https:\/\/www.lasikvisioninstitute.com\/wp-content\/uploads\/2019\/10\/The-LASIK-Vision-Institute-Logo.png","contentUrl":"https:\/\/www.lasikvisioninstitute.com\/wp-content\/uploads\/2019\/10\/The-LASIK-Vision-Institute-Logo.png","width":1000,"height":289,"caption":"The LASIK Vision Institute"},"image":{"@id":"https:\/\/www.lasikvisioninstitute.com\/es\/#\/schema\/logo\/image\/"}}]}},"_links":{"self":[{"href":"https:\/\/www.lasikvisioninstitute.com\/es\/wp-json\/wp\/v2\/pages\/164872","targetHints":{"allow":["GET"]}}],"collection":[{"href":"https:\/\/www.lasikvisioninstitute.com\/es\/wp-json\/wp\/v2\/pages"}],"about":[{"href":"https:\/\/www.lasikvisioninstitute.com\/es\/wp-json\/wp\/v2\/types\/page"}],"author":[{"embeddable":true,"href":"https:\/\/www.lasikvisioninstitute.com\/es\/wp-json\/wp\/v2\/users\/33"}],"replies":[{"embeddable":true,"href":"https:\/\/www.lasikvisioninstitute.com\/es\/wp-json\/wp\/v2\/comments?post=164872"}],"version-history":[{"count":0,"href":"https:\/\/www.lasikvisioninstitute.com\/es\/wp-json\/wp\/v2\/pages\/164872\/revisions"}],"up":[{"embeddable":true,"href":"https:\/\/www.lasikvisioninstitute.com\/es\/wp-json\/wp\/v2\/pages\/165895"}],"wp:featuredmedia":[{"embeddable":true,"href":"https:\/\/www.lasikvisioninstitute.com\/es\/wp-json\/wp\/v2\/media\/172655"}],"wp:attachment":[{"href":"https:\/\/www.lasikvisioninstitute.com\/es\/wp-json\/wp\/v2\/media?parent=164872"}],"curies":[{"name":"wp","href":"https:\/\/api.w.org\/{rel}","templated":true}]}}