{"id":164870,"date":"2021-04-07T13:30:52","date_gmt":"2021-04-07T18:30:52","guid":{"rendered":"https:\/\/dev.lasikvisioninstitute.com\/cirugia-ocular-prk\/"},"modified":"2024-06-04T18:22:41","modified_gmt":"2024-06-04T23:22:41","slug":"cirugia-ocular-prk","status":"publish","type":"page","link":"https:\/\/www.lasikvisioninstitute.com\/es\/procedimientos-de-cirugia-lasik\/cirugia-ocular-prk\/","title":{"rendered":"Cirug\u00eda ocular PRK"},"content":{"rendered":"\n<div class=\"wp-block-cover alignfull is-light\"><span aria-hidden=\"true\" class=\"wp-block-cover__background has-background-dim-30 has-background-dim\"><\/span><img decoding=\"async\" width=\"2560\" height=\"1708\" class=\"wp-block-cover__image-background wp-image-140103\" alt=\"\" src=\"https:\/\/www.lasikvisioninstitute.com\/wp-content\/uploads\/2022\/02\/eye-doctor-female-patient-examination-scaled.jpg\" data-object-fit=\"cover\" srcset=\"https:\/\/www.lasikvisioninstitute.com\/wp-content\/uploads\/2022\/02\/eye-doctor-female-patient-examination-scaled.jpg 2560w, https:\/\/www.lasikvisioninstitute.com\/wp-content\/uploads\/2022\/02\/eye-doctor-female-patient-examination-600x400.jpg 600w, https:\/\/www.lasikvisioninstitute.com\/wp-content\/uploads\/2022\/02\/eye-doctor-female-patient-examination-1400x934.jpg 1400w, https:\/\/www.lasikvisioninstitute.com\/wp-content\/uploads\/2022\/02\/eye-doctor-female-patient-examination-768x512.jpg 768w, https:\/\/www.lasikvisioninstitute.com\/wp-content\/uploads\/2022\/02\/eye-doctor-female-patient-examination-1536x1025.jpg 1536w, https:\/\/www.lasikvisioninstitute.com\/wp-content\/uploads\/2022\/02\/eye-doctor-female-patient-examination-2048x1366.jpg 2048w\" sizes=\"(max-width: 2560px) 100vw, 2560px\" \/><div class=\"wp-block-cover__inner-container is-layout-flow wp-block-cover-is-layout-flow\">\n<h1 class=\"wp-block-heading has-text-align-center has-white-color has-text-color\" id=\"photo-refractive-keratectomy-laser-eye-prk-surgery\">Queratectom\u00eda Foto Refractiva Cirug\u00eda L\u00e1ser Ocular PRK<\/h1>\n<\/div><\/div>\n\n<div style=\"height:100px\" aria-hidden=\"true\" class=\"wp-block-spacer\"><\/div>\n\n<h2 class=\"wp-block-heading\" id=\"what-is-prk-eye-surgery\">\u00bfQu\u00e9 es la cirug\u00eda ocular PRK?<\/h2>\n\n<p>La cirug\u00eda ocular con l\u00e1ser PRK (queratectom\u00eda foto refractiva), similar al LASIK personalizado optimizado por frente de onda, consiste en utilizar un l\u00e1ser para remodelar la c\u00f3rnea. Pero, a diferencia de <a href=\"https:\/\/www.lasikvisioninstitute.com\/es\/procedimientos-de-cirugia-lasik\/\">otros procedimientos LASIK<\/a>, en lugar de crear un colgajo en la c\u00f3rnea para tratar las capas subyacentes, se elimina una fina capa externa de la c\u00f3rnea.<\/p>\n\n<div style=\"height:30px\" aria-hidden=\"true\" class=\"wp-block-spacer\"><\/div>\n\n<h2 class=\"wp-block-heading\">\u00bfCu\u00e1l es la diferencia entre la cirug\u00eda ocular LASIK y PRK?<\/h2>\n\n<figure class=\"wp-block-embed is-type-video is-provider-vimeo wp-block-embed-vimeo wp-embed-aspect-16-9 wp-has-aspect-ratio\"><div class=\"wp-block-embed__wrapper\">\n<iframe title=\"LASIK vs PRK\" src=\"https:\/\/player.vimeo.com\/video\/889216158?dnt=1&amp;app_id=122963\" width=\"500\" height=\"281\" frameborder=\"0\" allow=\"autoplay; fullscreen; picture-in-picture; clipboard-write; encrypted-media; web-share\" referrerpolicy=\"strict-origin-when-cross-origin\"><\/iframe>\n<\/div><\/figure>\n\n<div style=\"height:50px\" aria-hidden=\"true\" class=\"wp-block-spacer\"><\/div>\n\n<div class=\"wp-block-media-text has-media-on-the-right is-stacked-on-mobile is-image-fill\" style=\"grid-template-columns:auto 33%\"><div class=\"wp-block-media-text__content\">\n<h2 class=\"wp-block-heading\">\u00bfCu\u00e1nto cuesta la PRK?<\/h2>\n\n\n\n<p>El coste de la cirug\u00eda ocular con l\u00e1ser puede oscilar entre los 1.999 $ por ojo y los 4.000 $ o m\u00e1s por ojo. \u00bfQu\u00e9 ocurre? \u00bfPor qu\u00e9 tanta diferencia de precio? La geograf\u00eda, la experiencia quir\u00fargica, la tecnolog\u00eda (por ejemplo, qu\u00e9 l\u00e1seres), la graduaci\u00f3n ocular, las prestaciones del seguro y el ahorro sanitario influyen en el coste real de la cirug\u00eda ocular con l\u00e1ser.<\/p>\n<\/div><figure class=\"wp-block-media-text__media\" style=\"background-image:url(https:\/\/www.lasikvisioninstitute.com\/wp-content\/uploads\/2024\/05\/face-expressions-emotions-thoughtful-young-pretty-girl-blue-sweater-holding-hand-her-head-having-doubtful-look-while-can-t-decide-what-clothes-wear-friend-s-birthday-party-1400x933.jpg);background-position:44% 24%\"><img decoding=\"async\" width=\"1400\" height=\"933\" src=\"https:\/\/www.lasikvisioninstitute.com\/wp-content\/uploads\/2024\/05\/face-expressions-emotions-thoughtful-young-pretty-girl-blue-sweater-holding-hand-her-head-having-doubtful-look-while-can-t-decide-what-clothes-wear-friend-s-birthday-party-1400x933.jpg\" alt=\"\" class=\"wp-image-166531 size-large\" srcset=\"https:\/\/www.lasikvisioninstitute.com\/wp-content\/uploads\/2024\/05\/face-expressions-emotions-thoughtful-young-pretty-girl-blue-sweater-holding-hand-her-head-having-doubtful-look-while-can-t-decide-what-clothes-wear-friend-s-birthday-party-1400x933.jpg 1400w, https:\/\/www.lasikvisioninstitute.com\/wp-content\/uploads\/2024\/05\/face-expressions-emotions-thoughtful-young-pretty-girl-blue-sweater-holding-hand-her-head-having-doubtful-look-while-can-t-decide-what-clothes-wear-friend-s-birthday-party-600x400.jpg 600w, https:\/\/www.lasikvisioninstitute.com\/wp-content\/uploads\/2024\/05\/face-expressions-emotions-thoughtful-young-pretty-girl-blue-sweater-holding-hand-her-head-having-doubtful-look-while-can-t-decide-what-clothes-wear-friend-s-birthday-party-768x512.jpg 768w, https:\/\/www.lasikvisioninstitute.com\/wp-content\/uploads\/2024\/05\/face-expressions-emotions-thoughtful-young-pretty-girl-blue-sweater-holding-hand-her-head-having-doubtful-look-while-can-t-decide-what-clothes-wear-friend-s-birthday-party-1536x1024.jpg 1536w, https:\/\/www.lasikvisioninstitute.com\/wp-content\/uploads\/2024\/05\/face-expressions-emotions-thoughtful-young-pretty-girl-blue-sweater-holding-hand-her-head-having-doubtful-look-while-can-t-decide-what-clothes-wear-friend-s-birthday-party-2048x1365.jpg 2048w\" sizes=\"(max-width: 1400px) 100vw, 1400px\" \/><\/figure><\/div>\n\n<h2 class=\"wp-block-heading\" id=\"how-does-prk-work\">\u00bfC\u00f3mo funciona la PRK?<\/h2>\n\n<p>La cirug\u00eda PRK puede ser la mejor alternativa para determinadas afecciones oculares, y a menudo se prefiere si se determina que la c\u00f3rnea es demasiado fina para realizar con seguridad la cirug\u00eda LASIK tradicional.<\/p>\n\n<p>Tras eliminar la capa m\u00e1s externa de la c\u00f3rnea (el epitelio), se utiliza un l\u00e1ser excimer para remodelar la curvatura de la c\u00f3rnea. Esto afecta a la forma en que la luz viaja hasta la parte posterior del ojo, de modo que los rayos de luz se enfocan con mayor precisi\u00f3n en \u00e9l, y la visi\u00f3n mejora.<\/p>\n\n<div style=\"height:30px\" aria-hidden=\"true\" class=\"wp-block-spacer\"><\/div>\n\n<h2 class=\"wp-block-heading\" id=\"what-to-expect-with-prk\">\u00bfQu\u00e9 esperar de la PRK?<\/h2>\n\n<p>El procedimiento de cirug\u00eda ocular con l\u00e1ser PRK dura unos 15 minutos. Tu cirujano especialista en LASIK utilizar\u00e1 gotas anest\u00e9sicas para adormecerte los ojos. A continuaci\u00f3n, se retira suavemente una zona central del epitelio corneal, dejando al descubierto la parte de la c\u00f3rnea que hay que remodelar. El l\u00e1ser excimer, programado con tu prescripci\u00f3n exacta, se utiliza entonces para remodelar el tejido subyacente de la c\u00f3rnea.<\/p>\n\n<p>Se colocar\u00e1 una &#8220;venda&#8221; de lente de contacto blanda sobre la c\u00f3rnea para ayudar a proteger tu ojo.<\/p>\n\n<p>El <a href=\"https:\/\/www.lasikvisioninstitute.com\/es\/puedes-permitirte-la-cirugia-ocular-lasik\/\">coste de la cirug\u00eda ocular PRK<\/a> es similar al de la cirug\u00eda LASIK tradicional.<\/p>\n\n<div style=\"height:30px\" aria-hidden=\"true\" class=\"wp-block-spacer\"><\/div>\n\n<h2 class=\"wp-block-heading\" id=\"immediately-after-prk-eye-surgery\">Inmediatamente despu\u00e9s de la cirug\u00eda ocular PRK<\/h2>\n\n<p>Para algunos pacientes, la cirug\u00eda ocular con l\u00e1ser PRK ofrece ventajas sobre <a href=\"http:\/\/lasik.com\">el LASIK<\/a> tradicional, aunque suelen tener un tiempo de recuperaci\u00f3n m\u00e1s largo y experimentar m\u00e1s molestias. El vendaje de tu lente de contacto se retirar\u00e1 en unos 5 d\u00edas, el tiempo que tardan las nuevas c\u00e9lulas epiteliales en regenerarse y cubrir la superficie del ojo. Notar las mejoras en tu visi\u00f3n puede ser m\u00e1s gradual, desde unos d\u00edas hasta un par de semanas. La mayor\u00eda de los pacientes de cirug\u00eda PRK pueden conducir entre 1 y 3 semanas despu\u00e9s de la intervenci\u00f3n, aunque pueden tardar entre 3 y 6 meses en notar una visi\u00f3n \u00f3ptima.<\/p>\n","protected":false},"excerpt":{"rendered":"<p>\u00bfQu\u00e9 es la cirug\u00eda ocular PRK? La cirug\u00eda ocular con l\u00e1ser PRK (queratectom\u00eda foto refractiva), similar al LASIK personalizado optimizado por frente de onda, consiste en utilizar un l\u00e1ser para remodelar la c\u00f3rnea. Pero, a diferencia de otros procedimientos LASIK, en lugar de crear un colgajo en la c\u00f3rnea para tratar las capas subyacentes, se [&hellip;]<\/p>\n","protected":false},"author":33,"featured_media":0,"parent":165895,"menu_order":0,"comment_status":"closed","ping_status":"closed","template":"","meta":{"_acf_changed":false,"footnotes":""},"class_list":["post-164870","page","type-page","status-publish"],"acf":[],"yoast_head":"<!-- This site is optimized with the Yoast SEO plugin v27.5 - https:\/\/yoast.com\/product\/yoast-seo-wordpress\/ -->\n<title>Procedimiento de cirug\u00eda ocular PRK - \u00bfCu\u00e1l es la diferencia?<\/title>\n<meta name=\"description\" content=\"Similar al LASIK, la cirug\u00eda ocular con l\u00e1ser PRK (queratectom\u00eda foto refractiva) consiste en utilizar un l\u00e1ser para remodelar la c\u00f3rnea.\" \/>\n<meta name=\"robots\" content=\"index, follow, max-snippet:-1, max-image-preview:large, max-video-preview:-1\" \/>\n<link rel=\"canonical\" href=\"https:\/\/www.lasikvisioninstitute.com\/es\/procedimientos-de-cirugia-lasik\/cirugia-ocular-prk\/\" \/>\n<meta property=\"og:locale\" content=\"es_ES\" \/>\n<meta property=\"og:type\" content=\"article\" \/>\n<meta property=\"og:title\" content=\"Procedimiento de cirug\u00eda ocular PRK - \u00bfCu\u00e1l es la diferencia?\" \/>\n<meta property=\"og:description\" content=\"Similar al LASIK, la cirug\u00eda ocular con l\u00e1ser PRK (queratectom\u00eda foto refractiva) consiste en utilizar un l\u00e1ser para remodelar la c\u00f3rnea.\" \/>\n<meta property=\"og:url\" content=\"https:\/\/www.lasikvisioninstitute.com\/es\/procedimientos-de-cirugia-lasik\/cirugia-ocular-prk\/\" \/>\n<meta property=\"og:site_name\" content=\"The LASIK Vision Institute\" \/>\n<meta property=\"article:modified_time\" content=\"2024-06-04T23:22:41+00:00\" \/>\n<meta property=\"og:image\" content=\"https:\/\/www.lasikvisioninstitute.com\/wp-content\/uploads\/2022\/02\/eye-doctor-female-patient-examination-scaled.jpg\" \/>\n<meta name=\"twitter:card\" content=\"summary_large_image\" \/>\n<script type=\"application\/ld+json\" class=\"yoast-schema-graph\">{\"@context\":\"https:\\\/\\\/schema.org\",\"@graph\":[{\"@type\":\"WebPage\",\"@id\":\"https:\\\/\\\/www.lasikvisioninstitute.com\\\/es\\\/procedimientos-de-cirugia-lasik\\\/cirugia-ocular-prk\\\/\",\"url\":\"https:\\\/\\\/www.lasikvisioninstitute.com\\\/es\\\/procedimientos-de-cirugia-lasik\\\/cirugia-ocular-prk\\\/\",\"name\":\"Procedimiento de cirug\u00eda ocular PRK - \u00bfCu\u00e1l es la diferencia?\",\"isPartOf\":{\"@id\":\"https:\\\/\\\/www.lasikvisioninstitute.com\\\/es\\\/#website\"},\"primaryImageOfPage\":{\"@id\":\"https:\\\/\\\/www.lasikvisioninstitute.com\\\/es\\\/procedimientos-de-cirugia-lasik\\\/cirugia-ocular-prk\\\/#primaryimage\"},\"image\":{\"@id\":\"https:\\\/\\\/www.lasikvisioninstitute.com\\\/es\\\/procedimientos-de-cirugia-lasik\\\/cirugia-ocular-prk\\\/#primaryimage\"},\"thumbnailUrl\":\"https:\\\/\\\/www.lasikvisioninstitute.com\\\/wp-content\\\/uploads\\\/2022\\\/02\\\/eye-doctor-female-patient-examination-scaled.jpg\",\"datePublished\":\"2021-04-07T18:30:52+00:00\",\"dateModified\":\"2024-06-04T23:22:41+00:00\",\"description\":\"Similar al LASIK, la cirug\u00eda ocular con l\u00e1ser PRK (queratectom\u00eda foto refractiva) consiste en utilizar un l\u00e1ser para remodelar la c\u00f3rnea.\",\"breadcrumb\":{\"@id\":\"https:\\\/\\\/www.lasikvisioninstitute.com\\\/es\\\/procedimientos-de-cirugia-lasik\\\/cirugia-ocular-prk\\\/#breadcrumb\"},\"inLanguage\":\"es-ES\",\"potentialAction\":[{\"@type\":\"ReadAction\",\"target\":[\"https:\\\/\\\/www.lasikvisioninstitute.com\\\/es\\\/procedimientos-de-cirugia-lasik\\\/cirugia-ocular-prk\\\/\"]}]},{\"@type\":\"ImageObject\",\"inLanguage\":\"es-ES\",\"@id\":\"https:\\\/\\\/www.lasikvisioninstitute.com\\\/es\\\/procedimientos-de-cirugia-lasik\\\/cirugia-ocular-prk\\\/#primaryimage\",\"url\":\"https:\\\/\\\/www.lasikvisioninstitute.com\\\/wp-content\\\/uploads\\\/2022\\\/02\\\/eye-doctor-female-patient-examination-scaled.jpg\",\"contentUrl\":\"https:\\\/\\\/www.lasikvisioninstitute.com\\\/wp-content\\\/uploads\\\/2022\\\/02\\\/eye-doctor-female-patient-examination-scaled.jpg\"},{\"@type\":\"BreadcrumbList\",\"@id\":\"https:\\\/\\\/www.lasikvisioninstitute.com\\\/es\\\/procedimientos-de-cirugia-lasik\\\/cirugia-ocular-prk\\\/#breadcrumb\",\"itemListElement\":[{\"@type\":\"ListItem\",\"position\":1,\"name\":\"Portada\",\"item\":\"https:\\\/\\\/www.lasikvisioninstitute.com\\\/es\\\/\"},{\"@type\":\"ListItem\",\"position\":2,\"name\":\"Procedimientos de cirug\u00eda LASIK\",\"item\":\"https:\\\/\\\/www.lasikvisioninstitute.com\\\/es\\\/procedimientos-de-cirugia-lasik\\\/\"},{\"@type\":\"ListItem\",\"position\":3,\"name\":\"Cirug\u00eda ocular PRK\"}]},{\"@type\":\"WebSite\",\"@id\":\"https:\\\/\\\/www.lasikvisioninstitute.com\\\/es\\\/#website\",\"url\":\"https:\\\/\\\/www.lasikvisioninstitute.com\\\/es\\\/\",\"name\":\"The LASIK Vision Institute\",\"description\":\"1.4 Million LASIK Eye Surgeries and Counting\",\"publisher\":{\"@id\":\"https:\\\/\\\/www.lasikvisioninstitute.com\\\/es\\\/#organization\"},\"potentialAction\":[{\"@type\":\"SearchAction\",\"target\":{\"@type\":\"EntryPoint\",\"urlTemplate\":\"https:\\\/\\\/www.lasikvisioninstitute.com\\\/es\\\/?s={search_term_string}\"},\"query-input\":{\"@type\":\"PropertyValueSpecification\",\"valueRequired\":true,\"valueName\":\"search_term_string\"}}],\"inLanguage\":\"es-ES\"},{\"@type\":\"Organization\",\"@id\":\"https:\\\/\\\/www.lasikvisioninstitute.com\\\/es\\\/#organization\",\"name\":\"The LASIK Vision Institute\",\"url\":\"https:\\\/\\\/www.lasikvisioninstitute.com\\\/es\\\/\",\"logo\":{\"@type\":\"ImageObject\",\"inLanguage\":\"es-ES\",\"@id\":\"https:\\\/\\\/www.lasikvisioninstitute.com\\\/es\\\/#\\\/schema\\\/logo\\\/image\\\/\",\"url\":\"https:\\\/\\\/www.lasikvisioninstitute.com\\\/wp-content\\\/uploads\\\/2019\\\/10\\\/The-LASIK-Vision-Institute-Logo.png\",\"contentUrl\":\"https:\\\/\\\/www.lasikvisioninstitute.com\\\/wp-content\\\/uploads\\\/2019\\\/10\\\/The-LASIK-Vision-Institute-Logo.png\",\"width\":1000,\"height\":289,\"caption\":\"The LASIK Vision Institute\"},\"image\":{\"@id\":\"https:\\\/\\\/www.lasikvisioninstitute.com\\\/es\\\/#\\\/schema\\\/logo\\\/image\\\/\"}}]}<\/script>\n<!-- \/ Yoast SEO plugin. -->","yoast_head_json":{"title":"Procedimiento de cirug\u00eda ocular PRK - \u00bfCu\u00e1l es la diferencia?","description":"Similar al LASIK, la cirug\u00eda ocular con l\u00e1ser PRK (queratectom\u00eda foto refractiva) consiste en utilizar un l\u00e1ser para remodelar la c\u00f3rnea.","robots":{"index":"index","follow":"follow","max-snippet":"max-snippet:-1","max-image-preview":"max-image-preview:large","max-video-preview":"max-video-preview:-1"},"canonical":"https:\/\/www.lasikvisioninstitute.com\/es\/procedimientos-de-cirugia-lasik\/cirugia-ocular-prk\/","og_locale":"es_ES","og_type":"article","og_title":"Procedimiento de cirug\u00eda ocular PRK - \u00bfCu\u00e1l es la diferencia?","og_description":"Similar al LASIK, la cirug\u00eda ocular con l\u00e1ser PRK (queratectom\u00eda foto refractiva) consiste en utilizar un l\u00e1ser para remodelar la c\u00f3rnea.","og_url":"https:\/\/www.lasikvisioninstitute.com\/es\/procedimientos-de-cirugia-lasik\/cirugia-ocular-prk\/","og_site_name":"The LASIK Vision Institute","article_modified_time":"2024-06-04T23:22:41+00:00","og_image":[{"url":"https:\/\/www.lasikvisioninstitute.com\/wp-content\/uploads\/2022\/02\/eye-doctor-female-patient-examination-scaled.jpg","type":"","width":"","height":""}],"twitter_card":"summary_large_image","schema":{"@context":"https:\/\/schema.org","@graph":[{"@type":"WebPage","@id":"https:\/\/www.lasikvisioninstitute.com\/es\/procedimientos-de-cirugia-lasik\/cirugia-ocular-prk\/","url":"https:\/\/www.lasikvisioninstitute.com\/es\/procedimientos-de-cirugia-lasik\/cirugia-ocular-prk\/","name":"Procedimiento de cirug\u00eda ocular PRK - \u00bfCu\u00e1l es la diferencia?","isPartOf":{"@id":"https:\/\/www.lasikvisioninstitute.com\/es\/#website"},"primaryImageOfPage":{"@id":"https:\/\/www.lasikvisioninstitute.com\/es\/procedimientos-de-cirugia-lasik\/cirugia-ocular-prk\/#primaryimage"},"image":{"@id":"https:\/\/www.lasikvisioninstitute.com\/es\/procedimientos-de-cirugia-lasik\/cirugia-ocular-prk\/#primaryimage"},"thumbnailUrl":"https:\/\/www.lasikvisioninstitute.com\/wp-content\/uploads\/2022\/02\/eye-doctor-female-patient-examination-scaled.jpg","datePublished":"2021-04-07T18:30:52+00:00","dateModified":"2024-06-04T23:22:41+00:00","description":"Similar al LASIK, la cirug\u00eda ocular con l\u00e1ser PRK (queratectom\u00eda foto refractiva) consiste en utilizar un l\u00e1ser para remodelar la c\u00f3rnea.","breadcrumb":{"@id":"https:\/\/www.lasikvisioninstitute.com\/es\/procedimientos-de-cirugia-lasik\/cirugia-ocular-prk\/#breadcrumb"},"inLanguage":"es-ES","potentialAction":[{"@type":"ReadAction","target":["https:\/\/www.lasikvisioninstitute.com\/es\/procedimientos-de-cirugia-lasik\/cirugia-ocular-prk\/"]}]},{"@type":"ImageObject","inLanguage":"es-ES","@id":"https:\/\/www.lasikvisioninstitute.com\/es\/procedimientos-de-cirugia-lasik\/cirugia-ocular-prk\/#primaryimage","url":"https:\/\/www.lasikvisioninstitute.com\/wp-content\/uploads\/2022\/02\/eye-doctor-female-patient-examination-scaled.jpg","contentUrl":"https:\/\/www.lasikvisioninstitute.com\/wp-content\/uploads\/2022\/02\/eye-doctor-female-patient-examination-scaled.jpg"},{"@type":"BreadcrumbList","@id":"https:\/\/www.lasikvisioninstitute.com\/es\/procedimientos-de-cirugia-lasik\/cirugia-ocular-prk\/#breadcrumb","itemListElement":[{"@type":"ListItem","position":1,"name":"Portada","item":"https:\/\/www.lasikvisioninstitute.com\/es\/"},{"@type":"ListItem","position":2,"name":"Procedimientos de cirug\u00eda LASIK","item":"https:\/\/www.lasikvisioninstitute.com\/es\/procedimientos-de-cirugia-lasik\/"},{"@type":"ListItem","position":3,"name":"Cirug\u00eda ocular PRK"}]},{"@type":"WebSite","@id":"https:\/\/www.lasikvisioninstitute.com\/es\/#website","url":"https:\/\/www.lasikvisioninstitute.com\/es\/","name":"The LASIK Vision Institute","description":"1.4 Million LASIK Eye Surgeries and Counting","publisher":{"@id":"https:\/\/www.lasikvisioninstitute.com\/es\/#organization"},"potentialAction":[{"@type":"SearchAction","target":{"@type":"EntryPoint","urlTemplate":"https:\/\/www.lasikvisioninstitute.com\/es\/?s={search_term_string}"},"query-input":{"@type":"PropertyValueSpecification","valueRequired":true,"valueName":"search_term_string"}}],"inLanguage":"es-ES"},{"@type":"Organization","@id":"https:\/\/www.lasikvisioninstitute.com\/es\/#organization","name":"The LASIK Vision Institute","url":"https:\/\/www.lasikvisioninstitute.com\/es\/","logo":{"@type":"ImageObject","inLanguage":"es-ES","@id":"https:\/\/www.lasikvisioninstitute.com\/es\/#\/schema\/logo\/image\/","url":"https:\/\/www.lasikvisioninstitute.com\/wp-content\/uploads\/2019\/10\/The-LASIK-Vision-Institute-Logo.png","contentUrl":"https:\/\/www.lasikvisioninstitute.com\/wp-content\/uploads\/2019\/10\/The-LASIK-Vision-Institute-Logo.png","width":1000,"height":289,"caption":"The LASIK Vision Institute"},"image":{"@id":"https:\/\/www.lasikvisioninstitute.com\/es\/#\/schema\/logo\/image\/"}}]}},"_links":{"self":[{"href":"https:\/\/www.lasikvisioninstitute.com\/es\/wp-json\/wp\/v2\/pages\/164870","targetHints":{"allow":["GET"]}}],"collection":[{"href":"https:\/\/www.lasikvisioninstitute.com\/es\/wp-json\/wp\/v2\/pages"}],"about":[{"href":"https:\/\/www.lasikvisioninstitute.com\/es\/wp-json\/wp\/v2\/types\/page"}],"author":[{"embeddable":true,"href":"https:\/\/www.lasikvisioninstitute.com\/es\/wp-json\/wp\/v2\/users\/33"}],"replies":[{"embeddable":true,"href":"https:\/\/www.lasikvisioninstitute.com\/es\/wp-json\/wp\/v2\/comments?post=164870"}],"version-history":[{"count":0,"href":"https:\/\/www.lasikvisioninstitute.com\/es\/wp-json\/wp\/v2\/pages\/164870\/revisions"}],"up":[{"embeddable":true,"href":"https:\/\/www.lasikvisioninstitute.com\/es\/wp-json\/wp\/v2\/pages\/165895"}],"wp:attachment":[{"href":"https:\/\/www.lasikvisioninstitute.com\/es\/wp-json\/wp\/v2\/media?parent=164870"}],"curies":[{"name":"wp","href":"https:\/\/api.w.org\/{rel}","templated":true}]}}