{"id":164859,"date":"2021-04-07T13:38:38","date_gmt":"2021-04-07T18:38:38","guid":{"rendered":"https:\/\/dev.lasikvisioninstitute.com\/lasik-personalizado-con-frente-de-onda-optimizado\/"},"modified":"2024-06-04T18:22:12","modified_gmt":"2024-06-04T23:22:12","slug":"lasik-personalizado-con-frente-de-onda-optimizado","status":"publish","type":"page","link":"https:\/\/www.lasikvisioninstitute.com\/es\/procedimientos-de-cirugia-lasik\/lasik-personalizado-con-frente-de-onda-optimizado\/","title":{"rendered":"LASIK personalizado con frente de onda optimizado"},"content":{"rendered":"\n<div class=\"wp-block-cover alignfull is-light\"><span aria-hidden=\"true\" class=\"wp-block-cover__background has-background-dim-30 has-background-dim\"><\/span><img decoding=\"async\" width=\"2560\" height=\"1708\" class=\"wp-block-cover__image-background wp-image-140097\" alt=\"\" src=\"https:\/\/www.lasikvisioninstitute.com\/wp-content\/uploads\/2022\/02\/patient-checking-vision-in-ophthalmological-clinic-scaled.jpg\" style=\"object-position:71% 45%\" data-object-fit=\"cover\" data-object-position=\"71% 45%\" srcset=\"https:\/\/www.lasikvisioninstitute.com\/wp-content\/uploads\/2022\/02\/patient-checking-vision-in-ophthalmological-clinic-scaled.jpg 2560w, https:\/\/www.lasikvisioninstitute.com\/wp-content\/uploads\/2022\/02\/patient-checking-vision-in-ophthalmological-clinic-600x400.jpg 600w, https:\/\/www.lasikvisioninstitute.com\/wp-content\/uploads\/2022\/02\/patient-checking-vision-in-ophthalmological-clinic-1400x934.jpg 1400w, https:\/\/www.lasikvisioninstitute.com\/wp-content\/uploads\/2022\/02\/patient-checking-vision-in-ophthalmological-clinic-768x512.jpg 768w, https:\/\/www.lasikvisioninstitute.com\/wp-content\/uploads\/2022\/02\/patient-checking-vision-in-ophthalmological-clinic-1536x1025.jpg 1536w, https:\/\/www.lasikvisioninstitute.com\/wp-content\/uploads\/2022\/02\/patient-checking-vision-in-ophthalmological-clinic-2048x1366.jpg 2048w\" sizes=\"(max-width: 2560px) 100vw, 2560px\" \/><div class=\"wp-block-cover__inner-container is-layout-flow wp-block-cover-is-layout-flow\">\n<h1 class=\"has-text-align-center has-white-color has-text-color wp-block-heading\" id=\"custom-wavefront-optimized-lasik\">LASIK personalizado con frente de onda optimizado<\/h1>\n<\/div><\/div>\n\n<div style=\"height:100px\" aria-hidden=\"true\" class=\"wp-block-spacer\"><\/div>\n\n<h2 class=\"wp-block-heading\" id=\"what-is-custom-wavefront-optimized-lasik\">\u00bfQu\u00e9 es el LASIK personalizado con frente de onda optimizado?<\/h2>\n\n<p>La cirug\u00eda LASIK personalizada Wavefront Optimized utiliza <a href=\"https:\/\/www.lasikvisioninstitute.com\/es\/por-que-elegirnos\/tecnologia-ultimos-laseres-aprobados-por-la-fda\/\">la tecnolog\u00eda refractiva WaveLight\u00ae<\/a>, que combina los \u00faltimos avances quir\u00fargicos en un procedimiento personalizado para tu visi\u00f3n ideal. La tecnolog\u00eda WaveLight\u00ae ofrece a tu cirujano la posibilidad de crear un <a href=\"https:\/\/www.lasikvisioninstitute.com\/es\/procedimientos-de-cirugia-lasik\/\">tratamiento con l\u00e1ser<\/a> personalizado para tu ojo captando sus caracter\u00edsticas \u00fanicas, lo que supone una gran ventaja sobre el LASIK tradicional.<\/p>\n\n<div style=\"height:30px\" aria-hidden=\"true\" class=\"wp-block-spacer\"><\/div>\n\n<h2 class=\"wp-block-heading\" id=\"how-does-custom-wavefront-optimized-lasik-work\">\u00bfC\u00f3mo funciona el LASIK personalizado con frente de onda optimizado?<\/h2>\n\n<p>En el pasado, los antiguos <a href=\"https:\/\/www.lasikvisioninstitute.com\/es\/procedimientos-de-cirugia-lasik\/\">procedimientos LASIK<\/a> se limitaban a remodelar los ojos bas\u00e1ndose en la graduaci\u00f3n actual de las gafas del paciente, lo que significaba que todas las personas con la misma graduaci\u00f3n recib\u00edan el mismo tratamiento. Con el LASIK personalizado optimizado mediante el sistema WaveLight\u00ae, tu cirujano utilizar\u00e1 tecnolog\u00eda avanzada y t\u00e9cnicas patentadas para crear un tratamiento con l\u00e1ser personalizado para cada ojo.<\/p>\n\n<p>Dise\u00f1ado para proporcionar unos resultados extraordinarios, el LASIK personalizado optimizado utiliza el l\u00e1ser WaveLight\u00ae EX500 para combinar la tecnolog\u00eda l\u00e1ser de alta velocidad, el posicionamiento preciso del haz y la flexibilidad de las trayectorias de tratamiento personalizadas. El l\u00e1ser WaveLight\u00ae EX500 utiliza la forma \u00fanica de tu ojo para que el cirujano pueda realizar un tratamiento de correcci\u00f3n visual con l\u00e1ser individualizado, s\u00f3lo para ti.<\/p>\n\n<div style=\"height:30px\" aria-hidden=\"true\" class=\"wp-block-spacer\"><\/div>\n\n<h2 class=\"wp-block-heading\" id=\"what-to-expect-with-custom-wavefront-optimized-lasik\">\u00bfQu\u00e9 se puede esperar del LASIK personalizado con frente de onda optimizado?<\/h2>\n\n<p>El LASIK personalizado optimizado por frente de onda suele durar s\u00f3lo unos minutos y lidera el mercado en tiempos de tratamiento m\u00e1s r\u00e1pidos. Tras recibir una serie de gotas anest\u00e9sicas en cada ojo, se te pedir\u00e1 que te tumbes en una camilla bajo la estaci\u00f3n de trabajo WaveLight\u00ae, donde el <a href=\"https:\/\/www.lasikvisioninstitute.com\/why-choose-us\/lasik-doctor-surgeon\/\">cirujano especialista en LASIK<\/a> crear\u00e1 primero un colgajo preciso en cada c\u00f3rnea. Esto expondr\u00e1 el tejido subyacente, para que tu cirujano pueda utilizar el l\u00e1ser WaveLight \u00ae EX500 para corregir tu visi\u00f3n.<\/p>\n\n<p>Tu cirujano aplicar\u00e1 peque\u00f1as r\u00e1fagas r\u00e1pidas de l\u00e1ser para remodelar cuidadosamente tu c\u00f3rnea, acerc\u00e1ndola a su forma ideal y proporcionando una visi\u00f3n clara y enfocada. Durante toda esta parte del procedimiento, se te pedir\u00e1 que te concentres en una peque\u00f1a luz parpadeante situada encima de ti. Con la WaveLight\u00ae EX500, no tienes que preocuparte si tus ojos se mueven un poco, porque utiliza una sofisticada tecnolog\u00eda de seguimiento ocular para corregir tu visi\u00f3n con precisi\u00f3n.<\/p>\n\n<div style=\"height:30px\" aria-hidden=\"true\" class=\"wp-block-spacer\"><\/div>\n\n<h2 class=\"wp-block-heading\" id=\"immediately-after-custom-wavefront-optimized-lasik\">Inmediatamente despu\u00e9s del LASIK personalizado con frente de onda optimizado<\/h2>\n\n<p>El tratamiento y el tiempo de recuperaci\u00f3n suelen ser los mismos con el LASIK personalizado optimizado por frente de onda que con el LASIK tradicional. La mayor\u00eda de los pacientes notan una mejora espectacular de la vista casi inmediatamente despu\u00e9s de la intervenci\u00f3n. La curaci\u00f3n se produce r\u00e1pidamente. Se recomienda reposo durante las primeras 24 horas, y la mayor\u00eda de la gente vuelve al trabajo al d\u00eda siguiente.<\/p>\n","protected":false},"excerpt":{"rendered":"<p>\u00bfQu\u00e9 es el LASIK personalizado con frente de onda optimizado? La cirug\u00eda LASIK personalizada Wavefront Optimized utiliza la tecnolog\u00eda refractiva WaveLight\u00ae, que combina los \u00faltimos avances quir\u00fargicos en un procedimiento personalizado para tu visi\u00f3n ideal. La tecnolog\u00eda WaveLight\u00ae ofrece a tu cirujano la posibilidad de crear un tratamiento con l\u00e1ser personalizado para tu ojo captando [&hellip;]<\/p>\n","protected":false},"author":33,"featured_media":0,"parent":165895,"menu_order":0,"comment_status":"closed","ping_status":"closed","template":"","meta":{"_acf_changed":false,"footnotes":""},"class_list":["post-164859","page","type-page","status-publish"],"acf":[],"yoast_head":"<!-- This site is optimized with the Yoast SEO plugin v27.5 - https:\/\/yoast.com\/product\/yoast-seo-wordpress\/ -->\n<title>Cirug\u00eda LASIK personalizada con frente de onda optimizado - LASIK Vision Institute<\/title>\n<meta name=\"description\" content=\"La tecnolog\u00eda WaveLight\u00ae ofrece a tu cirujano la posibilidad de crear un tratamiento con l\u00e1ser personalizado, lo que supone una gran ventaja sobre el LASIK tradicional.\" \/>\n<meta name=\"robots\" content=\"index, follow, max-snippet:-1, max-image-preview:large, max-video-preview:-1\" \/>\n<link rel=\"canonical\" href=\"https:\/\/www.lasikvisioninstitute.com\/es\/procedimientos-de-cirugia-lasik\/lasik-personalizado-con-frente-de-onda-optimizado\/\" \/>\n<meta property=\"og:locale\" content=\"es_ES\" \/>\n<meta property=\"og:type\" content=\"article\" \/>\n<meta property=\"og:title\" content=\"Cirug\u00eda LASIK personalizada con frente de onda optimizado - LASIK Vision Institute\" \/>\n<meta property=\"og:description\" content=\"La tecnolog\u00eda WaveLight\u00ae ofrece a tu cirujano la posibilidad de crear un tratamiento con l\u00e1ser personalizado, lo que supone una gran ventaja sobre el LASIK tradicional.\" \/>\n<meta property=\"og:url\" content=\"https:\/\/www.lasikvisioninstitute.com\/es\/procedimientos-de-cirugia-lasik\/lasik-personalizado-con-frente-de-onda-optimizado\/\" \/>\n<meta property=\"og:site_name\" content=\"The LASIK Vision Institute\" \/>\n<meta property=\"article:modified_time\" content=\"2024-06-04T23:22:12+00:00\" \/>\n<meta property=\"og:image\" content=\"https:\/\/www.lasikvisioninstitute.com\/wp-content\/uploads\/2022\/02\/patient-checking-vision-in-ophthalmological-clinic-scaled.jpg\" \/>\n<meta name=\"twitter:card\" content=\"summary_large_image\" \/>\n<script type=\"application\/ld+json\" class=\"yoast-schema-graph\">{\"@context\":\"https:\\\/\\\/schema.org\",\"@graph\":[{\"@type\":\"WebPage\",\"@id\":\"https:\\\/\\\/www.lasikvisioninstitute.com\\\/es\\\/procedimientos-de-cirugia-lasik\\\/lasik-personalizado-con-frente-de-onda-optimizado\\\/\",\"url\":\"https:\\\/\\\/www.lasikvisioninstitute.com\\\/es\\\/procedimientos-de-cirugia-lasik\\\/lasik-personalizado-con-frente-de-onda-optimizado\\\/\",\"name\":\"Cirug\u00eda LASIK personalizada con frente de onda optimizado - LASIK Vision Institute\",\"isPartOf\":{\"@id\":\"https:\\\/\\\/www.lasikvisioninstitute.com\\\/es\\\/#website\"},\"primaryImageOfPage\":{\"@id\":\"https:\\\/\\\/www.lasikvisioninstitute.com\\\/es\\\/procedimientos-de-cirugia-lasik\\\/lasik-personalizado-con-frente-de-onda-optimizado\\\/#primaryimage\"},\"image\":{\"@id\":\"https:\\\/\\\/www.lasikvisioninstitute.com\\\/es\\\/procedimientos-de-cirugia-lasik\\\/lasik-personalizado-con-frente-de-onda-optimizado\\\/#primaryimage\"},\"thumbnailUrl\":\"https:\\\/\\\/www.lasikvisioninstitute.com\\\/wp-content\\\/uploads\\\/2022\\\/02\\\/patient-checking-vision-in-ophthalmological-clinic-scaled.jpg\",\"datePublished\":\"2021-04-07T18:38:38+00:00\",\"dateModified\":\"2024-06-04T23:22:12+00:00\",\"description\":\"La tecnolog\u00eda WaveLight\u00ae ofrece a tu cirujano la posibilidad de crear un tratamiento con l\u00e1ser personalizado, lo que supone una gran ventaja sobre el LASIK tradicional.\",\"breadcrumb\":{\"@id\":\"https:\\\/\\\/www.lasikvisioninstitute.com\\\/es\\\/procedimientos-de-cirugia-lasik\\\/lasik-personalizado-con-frente-de-onda-optimizado\\\/#breadcrumb\"},\"inLanguage\":\"es-ES\",\"potentialAction\":[{\"@type\":\"ReadAction\",\"target\":[\"https:\\\/\\\/www.lasikvisioninstitute.com\\\/es\\\/procedimientos-de-cirugia-lasik\\\/lasik-personalizado-con-frente-de-onda-optimizado\\\/\"]}]},{\"@type\":\"ImageObject\",\"inLanguage\":\"es-ES\",\"@id\":\"https:\\\/\\\/www.lasikvisioninstitute.com\\\/es\\\/procedimientos-de-cirugia-lasik\\\/lasik-personalizado-con-frente-de-onda-optimizado\\\/#primaryimage\",\"url\":\"https:\\\/\\\/www.lasikvisioninstitute.com\\\/wp-content\\\/uploads\\\/2022\\\/02\\\/patient-checking-vision-in-ophthalmological-clinic-scaled.jpg\",\"contentUrl\":\"https:\\\/\\\/www.lasikvisioninstitute.com\\\/wp-content\\\/uploads\\\/2022\\\/02\\\/patient-checking-vision-in-ophthalmological-clinic-scaled.jpg\"},{\"@type\":\"BreadcrumbList\",\"@id\":\"https:\\\/\\\/www.lasikvisioninstitute.com\\\/es\\\/procedimientos-de-cirugia-lasik\\\/lasik-personalizado-con-frente-de-onda-optimizado\\\/#breadcrumb\",\"itemListElement\":[{\"@type\":\"ListItem\",\"position\":1,\"name\":\"Portada\",\"item\":\"https:\\\/\\\/www.lasikvisioninstitute.com\\\/es\\\/\"},{\"@type\":\"ListItem\",\"position\":2,\"name\":\"Procedimientos de cirug\u00eda LASIK\",\"item\":\"https:\\\/\\\/www.lasikvisioninstitute.com\\\/es\\\/procedimientos-de-cirugia-lasik\\\/\"},{\"@type\":\"ListItem\",\"position\":3,\"name\":\"LASIK personalizado con frente de onda optimizado\"}]},{\"@type\":\"WebSite\",\"@id\":\"https:\\\/\\\/www.lasikvisioninstitute.com\\\/es\\\/#website\",\"url\":\"https:\\\/\\\/www.lasikvisioninstitute.com\\\/es\\\/\",\"name\":\"The LASIK Vision Institute\",\"description\":\"1.4 Million LASIK Eye Surgeries and Counting\",\"publisher\":{\"@id\":\"https:\\\/\\\/www.lasikvisioninstitute.com\\\/es\\\/#organization\"},\"potentialAction\":[{\"@type\":\"SearchAction\",\"target\":{\"@type\":\"EntryPoint\",\"urlTemplate\":\"https:\\\/\\\/www.lasikvisioninstitute.com\\\/es\\\/?s={search_term_string}\"},\"query-input\":{\"@type\":\"PropertyValueSpecification\",\"valueRequired\":true,\"valueName\":\"search_term_string\"}}],\"inLanguage\":\"es-ES\"},{\"@type\":\"Organization\",\"@id\":\"https:\\\/\\\/www.lasikvisioninstitute.com\\\/es\\\/#organization\",\"name\":\"The LASIK Vision Institute\",\"url\":\"https:\\\/\\\/www.lasikvisioninstitute.com\\\/es\\\/\",\"logo\":{\"@type\":\"ImageObject\",\"inLanguage\":\"es-ES\",\"@id\":\"https:\\\/\\\/www.lasikvisioninstitute.com\\\/es\\\/#\\\/schema\\\/logo\\\/image\\\/\",\"url\":\"https:\\\/\\\/www.lasikvisioninstitute.com\\\/wp-content\\\/uploads\\\/2019\\\/10\\\/The-LASIK-Vision-Institute-Logo.png\",\"contentUrl\":\"https:\\\/\\\/www.lasikvisioninstitute.com\\\/wp-content\\\/uploads\\\/2019\\\/10\\\/The-LASIK-Vision-Institute-Logo.png\",\"width\":1000,\"height\":289,\"caption\":\"The LASIK Vision Institute\"},\"image\":{\"@id\":\"https:\\\/\\\/www.lasikvisioninstitute.com\\\/es\\\/#\\\/schema\\\/logo\\\/image\\\/\"}}]}<\/script>\n<!-- \/ Yoast SEO plugin. -->","yoast_head_json":{"title":"Cirug\u00eda LASIK personalizada con frente de onda optimizado - LASIK Vision Institute","description":"La tecnolog\u00eda WaveLight\u00ae ofrece a tu cirujano la posibilidad de crear un tratamiento con l\u00e1ser personalizado, lo que supone una gran ventaja sobre el LASIK tradicional.","robots":{"index":"index","follow":"follow","max-snippet":"max-snippet:-1","max-image-preview":"max-image-preview:large","max-video-preview":"max-video-preview:-1"},"canonical":"https:\/\/www.lasikvisioninstitute.com\/es\/procedimientos-de-cirugia-lasik\/lasik-personalizado-con-frente-de-onda-optimizado\/","og_locale":"es_ES","og_type":"article","og_title":"Cirug\u00eda LASIK personalizada con frente de onda optimizado - LASIK Vision Institute","og_description":"La tecnolog\u00eda WaveLight\u00ae ofrece a tu cirujano la posibilidad de crear un tratamiento con l\u00e1ser personalizado, lo que supone una gran ventaja sobre el LASIK tradicional.","og_url":"https:\/\/www.lasikvisioninstitute.com\/es\/procedimientos-de-cirugia-lasik\/lasik-personalizado-con-frente-de-onda-optimizado\/","og_site_name":"The LASIK Vision Institute","article_modified_time":"2024-06-04T23:22:12+00:00","og_image":[{"url":"https:\/\/www.lasikvisioninstitute.com\/wp-content\/uploads\/2022\/02\/patient-checking-vision-in-ophthalmological-clinic-scaled.jpg","type":"","width":"","height":""}],"twitter_card":"summary_large_image","schema":{"@context":"https:\/\/schema.org","@graph":[{"@type":"WebPage","@id":"https:\/\/www.lasikvisioninstitute.com\/es\/procedimientos-de-cirugia-lasik\/lasik-personalizado-con-frente-de-onda-optimizado\/","url":"https:\/\/www.lasikvisioninstitute.com\/es\/procedimientos-de-cirugia-lasik\/lasik-personalizado-con-frente-de-onda-optimizado\/","name":"Cirug\u00eda LASIK personalizada con frente de onda optimizado - LASIK Vision Institute","isPartOf":{"@id":"https:\/\/www.lasikvisioninstitute.com\/es\/#website"},"primaryImageOfPage":{"@id":"https:\/\/www.lasikvisioninstitute.com\/es\/procedimientos-de-cirugia-lasik\/lasik-personalizado-con-frente-de-onda-optimizado\/#primaryimage"},"image":{"@id":"https:\/\/www.lasikvisioninstitute.com\/es\/procedimientos-de-cirugia-lasik\/lasik-personalizado-con-frente-de-onda-optimizado\/#primaryimage"},"thumbnailUrl":"https:\/\/www.lasikvisioninstitute.com\/wp-content\/uploads\/2022\/02\/patient-checking-vision-in-ophthalmological-clinic-scaled.jpg","datePublished":"2021-04-07T18:38:38+00:00","dateModified":"2024-06-04T23:22:12+00:00","description":"La tecnolog\u00eda WaveLight\u00ae ofrece a tu cirujano la posibilidad de crear un tratamiento con l\u00e1ser personalizado, lo que supone una gran ventaja sobre el LASIK tradicional.","breadcrumb":{"@id":"https:\/\/www.lasikvisioninstitute.com\/es\/procedimientos-de-cirugia-lasik\/lasik-personalizado-con-frente-de-onda-optimizado\/#breadcrumb"},"inLanguage":"es-ES","potentialAction":[{"@type":"ReadAction","target":["https:\/\/www.lasikvisioninstitute.com\/es\/procedimientos-de-cirugia-lasik\/lasik-personalizado-con-frente-de-onda-optimizado\/"]}]},{"@type":"ImageObject","inLanguage":"es-ES","@id":"https:\/\/www.lasikvisioninstitute.com\/es\/procedimientos-de-cirugia-lasik\/lasik-personalizado-con-frente-de-onda-optimizado\/#primaryimage","url":"https:\/\/www.lasikvisioninstitute.com\/wp-content\/uploads\/2022\/02\/patient-checking-vision-in-ophthalmological-clinic-scaled.jpg","contentUrl":"https:\/\/www.lasikvisioninstitute.com\/wp-content\/uploads\/2022\/02\/patient-checking-vision-in-ophthalmological-clinic-scaled.jpg"},{"@type":"BreadcrumbList","@id":"https:\/\/www.lasikvisioninstitute.com\/es\/procedimientos-de-cirugia-lasik\/lasik-personalizado-con-frente-de-onda-optimizado\/#breadcrumb","itemListElement":[{"@type":"ListItem","position":1,"name":"Portada","item":"https:\/\/www.lasikvisioninstitute.com\/es\/"},{"@type":"ListItem","position":2,"name":"Procedimientos de cirug\u00eda LASIK","item":"https:\/\/www.lasikvisioninstitute.com\/es\/procedimientos-de-cirugia-lasik\/"},{"@type":"ListItem","position":3,"name":"LASIK personalizado con frente de onda optimizado"}]},{"@type":"WebSite","@id":"https:\/\/www.lasikvisioninstitute.com\/es\/#website","url":"https:\/\/www.lasikvisioninstitute.com\/es\/","name":"The LASIK Vision Institute","description":"1.4 Million LASIK Eye Surgeries and Counting","publisher":{"@id":"https:\/\/www.lasikvisioninstitute.com\/es\/#organization"},"potentialAction":[{"@type":"SearchAction","target":{"@type":"EntryPoint","urlTemplate":"https:\/\/www.lasikvisioninstitute.com\/es\/?s={search_term_string}"},"query-input":{"@type":"PropertyValueSpecification","valueRequired":true,"valueName":"search_term_string"}}],"inLanguage":"es-ES"},{"@type":"Organization","@id":"https:\/\/www.lasikvisioninstitute.com\/es\/#organization","name":"The LASIK Vision Institute","url":"https:\/\/www.lasikvisioninstitute.com\/es\/","logo":{"@type":"ImageObject","inLanguage":"es-ES","@id":"https:\/\/www.lasikvisioninstitute.com\/es\/#\/schema\/logo\/image\/","url":"https:\/\/www.lasikvisioninstitute.com\/wp-content\/uploads\/2019\/10\/The-LASIK-Vision-Institute-Logo.png","contentUrl":"https:\/\/www.lasikvisioninstitute.com\/wp-content\/uploads\/2019\/10\/The-LASIK-Vision-Institute-Logo.png","width":1000,"height":289,"caption":"The LASIK Vision Institute"},"image":{"@id":"https:\/\/www.lasikvisioninstitute.com\/es\/#\/schema\/logo\/image\/"}}]}},"_links":{"self":[{"href":"https:\/\/www.lasikvisioninstitute.com\/es\/wp-json\/wp\/v2\/pages\/164859","targetHints":{"allow":["GET"]}}],"collection":[{"href":"https:\/\/www.lasikvisioninstitute.com\/es\/wp-json\/wp\/v2\/pages"}],"about":[{"href":"https:\/\/www.lasikvisioninstitute.com\/es\/wp-json\/wp\/v2\/types\/page"}],"author":[{"embeddable":true,"href":"https:\/\/www.lasikvisioninstitute.com\/es\/wp-json\/wp\/v2\/users\/33"}],"replies":[{"embeddable":true,"href":"https:\/\/www.lasikvisioninstitute.com\/es\/wp-json\/wp\/v2\/comments?post=164859"}],"version-history":[{"count":0,"href":"https:\/\/www.lasikvisioninstitute.com\/es\/wp-json\/wp\/v2\/pages\/164859\/revisions"}],"up":[{"embeddable":true,"href":"https:\/\/www.lasikvisioninstitute.com\/es\/wp-json\/wp\/v2\/pages\/165895"}],"wp:attachment":[{"href":"https:\/\/www.lasikvisioninstitute.com\/es\/wp-json\/wp\/v2\/media?parent=164859"}],"curies":[{"name":"wp","href":"https:\/\/api.w.org\/{rel}","templated":true}]}}